{"id":1308,"date":"2019-02-21T17:57:15","date_gmt":"2019-02-21T17:57:15","guid":{"rendered":"http:\/\/hodajlaw.com\/?page_id=1308"},"modified":"2025-09-16T18:45:56","modified_gmt":"2025-09-16T18:45:56","slug":"labour-employment-law","status":"publish","type":"page","link":"https:\/\/hodajlaw.com\/de\/areas-of-practice\/labour-employment-law\/","title":{"rendered":"Labour &#038; Employment Law"},"content":{"rendered":"<div data-elementor-type=\"wp-page\" data-elementor-id=\"1308\" class=\"elementor elementor-1308\">\n\t\t\t\t<div class=\"elementor-element elementor-element-ea8a65e e-flex e-con-boxed e-con e-parent\" data-id=\"ea8a65e\" data-element_type=\"container\" data-e-type=\"container\">\n\t\t\t\t\t<div class=\"e-con-inner\">\n\t\t\t\t<div class=\"elementor-element elementor-element-bc06ff9 elementor-widget elementor-widget-penci-info-box\" data-id=\"bc06ff9\" data-element_type=\"widget\" data-e-type=\"widget\" data-widget_type=\"penci-info-box.default\">\n\t\t\t\t<div class=\"elementor-widget-container\">\n\t\t\t\t\t        <div id=\"penci_info_box_64694\" class=\"penci-block-vc penci-info-box penci-ibox-top-center penci-view-default penci-shape-circle\">\n            <div class=\"penci-ibox-inner\">\n\t\t\t\t\t\t\t\t<div class=\"penci-ibox-icon penci-ibox-icon--image has-hover\"><a class=\"penci-ibox-icon-fa-fix\" href=\"\/de\/areas-of-practice\/labour-employment-law\/\"><\/a><a class=\"penci-ibox-icon-fa\" href=\"\/de\/areas-of-practice\/labour-employment-law\/\"><img decoding=\"async\" class=\"penci-ibox-img_active\" src=\"https:\/\/hodajlaw.com\/wp-content\/uploads\/2024\/01\/LabourEmploymentLaw-01.svg\" width=\"150\" height=\"150\"><img decoding=\"async\" class=\"penci-ibox-img_hover\" src=\"https:\/\/hodajlaw.com\/wp-content\/uploads\/2024\/01\/LabourEmploymentLaw-01.svg\" width=\"150\" height=\"150\"><\/a><\/div>                <div class=\"penci-ibox-content-wrap\">\n\t\t\t\t\t\t\t\t\t\t<h3\n                            class=\"penci-ibox-title\">Arbeitsrecht<\/h3>\t\t\t\t\t\t\t\t\t\t\t\t\t\t\t                <\/div>\n            <\/div>\n        <\/div>\n\t\t\t\t\t\t<\/div>\n\t\t\t\t<\/div>\n\t\t\t\t\t<\/div>\n\t\t\t\t<\/div>\n\t\t<div class=\"elementor-element elementor-element-142b2c7 e-flex e-con-boxed e-con e-parent\" data-id=\"142b2c7\" data-element_type=\"container\" data-e-type=\"container\">\n\t\t\t\t\t<div class=\"e-con-inner\">\n\t\t\t\t<div class=\"elementor-element elementor-element-20629715 elementor-widget elementor-widget-text-editor\" data-id=\"20629715\" data-element_type=\"widget\" data-e-type=\"widget\" data-widget_type=\"text-editor.default\">\n\t\t\t\t<div class=\"elementor-widget-container\">\n\t\t\t\t\t\t\t\t\t<p>Hodaj &amp; Partners bietet Rechtsdienstleistungen in allen Bereichen des Arbeitsrechts an, von der Einstellung bis zur Pensionierung, einschlie\u00dflich Human Resources- und Einwanderungsfragen.<\/p><p>Wir beraten unsere Mandanten regelm\u00e4\u00dfig \u00fcber die rechtlichen Verpflichtungen ihrer Arbeitsverh\u00e4ltnisse wie Arbeitsnormen, Menschenrechte und Arbeitnehmerentsch\u00e4digung. Wir unterst\u00fctzen unsere Mandanten bei der Vorbereitung von Arbeitsvertr\u00e4gen, der Aushandlung von Arbeitsvertr\u00e4gen und der Ausarbeitung aller Personalrichtlinien und -verfahren. Wir beraten sie auch in Sachen von Disziplinarverfahren, Personalumstrukturierungen und Beendigungen von Arbeitsverh\u00e4ltnissen und vertreten sie in allen arbeitsrechtlichen F\u00e4llen vor Gerichten, Schiedsgerichten und Inspektionsverfahren.<\/p><p>Wir bieten proaktive, pragmatische und wirtschaftsorientierte Beratung, um den spezifischen Bed\u00fcrfnissen unserer Mandanten in arbeitsrechtlichen Angelegenheiten gerecht zu werden, dies im Einklang mit den strengen rechtlichen Rahmenbedingungen, in denen unsere Kunden t\u00e4tig sind.<\/p>\t\t\t\t\t\t\t\t<\/div>\n\t\t\t\t<\/div>\n\t\t\t\t\t<\/div>\n\t\t\t\t<\/div>\n\t\t\t\t<\/div>","protected":false},"excerpt":{"rendered":"<p>Labour &#038; Employment Law Hodaj &amp; Partners offers legal services regarding all aspects of labour and employment law matters in Kosovo, from recruitment to retirement, including human resources and immigration&hellip;<\/p>","protected":false},"author":2,"featured_media":0,"parent":4706,"menu_order":0,"comment_status":"closed","ping_status":"open","template":"","meta":{"_lmt_disableupdate":"","_lmt_disable":"","footnotes":""},"class_list":["post-1308","page","type-page","status-publish","hentry"],"yoast_head":"<!-- This site is optimized with the Yoast SEO plugin v26.8 - https:\/\/yoast.com\/product\/yoast-seo-wordpress\/ -->\n<title>Labour &amp; Employment Law - Hodaj &amp; Partners L.L.C.<\/title>\n<meta name=\"robots\" content=\"index, follow, max-snippet:-1, max-image-preview:large, max-video-preview:-1\" \/>\n<link rel=\"canonical\" href=\"https:\/\/hodajlaw.com\/de\/areas-of-practice\/labour-employment-law\/\" \/>\n<meta property=\"og:locale\" content=\"de_DE\" \/>\n<meta property=\"og:type\" content=\"article\" \/>\n<meta property=\"og:title\" content=\"Labour &amp; Employment Law - Hodaj &amp; Partners L.L.C.\" \/>\n<meta property=\"og:description\" content=\"Labour &#038; Employment Law Hodaj &amp; Partners offers legal services regarding all aspects of labour and employment law matters in Kosovo, from recruitment to retirement, including human resources and immigration&hellip;\" \/>\n<meta property=\"og:url\" content=\"https:\/\/hodajlaw.com\/de\/areas-of-practice\/labour-employment-law\/\" \/>\n<meta property=\"og:site_name\" content=\"Hodaj &amp; Partners L.L.C.\" \/>\n<meta property=\"article:modified_time\" content=\"2025-09-16T18:45:56+00:00\" \/>\n<meta property=\"og:image\" content=\"https:\/\/hodajlaw.com\/wp-content\/uploads\/2024\/01\/LabourEmploymentLaw-01.svg\" \/>\n<meta name=\"twitter:card\" content=\"summary_large_image\" \/>\n<meta name=\"twitter:label1\" content=\"Gesch\u00e4tzte Lesezeit\" \/>\n\t<meta name=\"twitter:data1\" content=\"1\u00a0Minute\" \/>\n<script type=\"application\/ld+json\" class=\"yoast-schema-graph\">{\"@context\":\"https:\/\/schema.org\",\"@graph\":[{\"@type\":\"WebPage\",\"@id\":\"https:\/\/hodajlaw.com\/areas-of-practice\/labour-employment-law\/\",\"url\":\"https:\/\/hodajlaw.com\/areas-of-practice\/labour-employment-law\/\",\"name\":\"Labour & Employment Law - Hodaj &amp; Partners L.L.C.\",\"isPartOf\":{\"@id\":\"https:\/\/hodajlaw.com\/#website\"},\"primaryImageOfPage\":{\"@id\":\"https:\/\/hodajlaw.com\/areas-of-practice\/labour-employment-law\/#primaryimage\"},\"image\":{\"@id\":\"https:\/\/hodajlaw.com\/areas-of-practice\/labour-employment-law\/#primaryimage\"},\"thumbnailUrl\":\"https:\/\/hodajlaw.com\/wp-content\/uploads\/2024\/01\/LabourEmploymentLaw-01.svg\",\"datePublished\":\"2019-02-21T17:57:15+00:00\",\"dateModified\":\"2025-09-16T18:45:56+00:00\",\"breadcrumb\":{\"@id\":\"https:\/\/hodajlaw.com\/areas-of-practice\/labour-employment-law\/#breadcrumb\"},\"inLanguage\":\"de\",\"potentialAction\":[{\"@type\":\"ReadAction\",\"target\":[\"https:\/\/hodajlaw.com\/areas-of-practice\/labour-employment-law\/\"]}]},{\"@type\":\"ImageObject\",\"inLanguage\":\"de\",\"@id\":\"https:\/\/hodajlaw.com\/areas-of-practice\/labour-employment-law\/#primaryimage\",\"url\":\"https:\/\/hodajlaw.com\/wp-content\/uploads\/2024\/01\/LabourEmploymentLaw-01.svg\",\"contentUrl\":\"https:\/\/hodajlaw.com\/wp-content\/uploads\/2024\/01\/LabourEmploymentLaw-01.svg\"},{\"@type\":\"BreadcrumbList\",\"@id\":\"https:\/\/hodajlaw.com\/areas-of-practice\/labour-employment-law\/#breadcrumb\",\"itemListElement\":[{\"@type\":\"ListItem\",\"position\":1,\"name\":\"Home\",\"item\":\"https:\/\/hodajlaw.com\/\"},{\"@type\":\"ListItem\",\"position\":2,\"name\":\"Areas of Practice\",\"item\":\"https:\/\/hodajlaw.com\/areas-of-practice\/\"},{\"@type\":\"ListItem\",\"position\":3,\"name\":\"Labour &#038; Employment Law\"}]},{\"@type\":\"WebSite\",\"@id\":\"https:\/\/hodajlaw.com\/#website\",\"url\":\"https:\/\/hodajlaw.com\/\",\"name\":\"Hodaj &amp; Partners L.L.C.\",\"description\":\"Hodaj &amp; Partners\",\"potentialAction\":[{\"@type\":\"SearchAction\",\"target\":{\"@type\":\"EntryPoint\",\"urlTemplate\":\"https:\/\/hodajlaw.com\/?s={search_term_string}\"},\"query-input\":{\"@type\":\"PropertyValueSpecification\",\"valueRequired\":true,\"valueName\":\"search_term_string\"}}],\"inLanguage\":\"de\"}]}<\/script>\n<!-- \/ Yoast SEO plugin. -->","yoast_head_json":{"title":"Labour & Employment Law - Hodaj &amp; Partners L.L.C.","robots":{"index":"index","follow":"follow","max-snippet":"max-snippet:-1","max-image-preview":"max-image-preview:large","max-video-preview":"max-video-preview:-1"},"canonical":"https:\/\/hodajlaw.com\/de\/areas-of-practice\/labour-employment-law\/","og_locale":"de_DE","og_type":"article","og_title":"Labour & Employment Law - Hodaj &amp; Partners L.L.C.","og_description":"Labour &#038; Employment Law Hodaj &amp; Partners offers legal services regarding all aspects of labour and employment law matters in Kosovo, from recruitment to retirement, including human resources and immigration&hellip;","og_url":"https:\/\/hodajlaw.com\/de\/areas-of-practice\/labour-employment-law\/","og_site_name":"Hodaj &amp; Partners L.L.C.","article_modified_time":"2025-09-16T18:45:56+00:00","og_image":[{"url":"https:\/\/hodajlaw.com\/wp-content\/uploads\/2024\/01\/LabourEmploymentLaw-01.svg","type":"","width":"","height":""}],"twitter_card":"summary_large_image","twitter_misc":{"Gesch\u00e4tzte Lesezeit":"1\u00a0Minute"},"schema":{"@context":"https:\/\/schema.org","@graph":[{"@type":"WebPage","@id":"https:\/\/hodajlaw.com\/areas-of-practice\/labour-employment-law\/","url":"https:\/\/hodajlaw.com\/areas-of-practice\/labour-employment-law\/","name":"Labour & Employment Law - Hodaj &amp; Partners L.L.C.","isPartOf":{"@id":"https:\/\/hodajlaw.com\/#website"},"primaryImageOfPage":{"@id":"https:\/\/hodajlaw.com\/areas-of-practice\/labour-employment-law\/#primaryimage"},"image":{"@id":"https:\/\/hodajlaw.com\/areas-of-practice\/labour-employment-law\/#primaryimage"},"thumbnailUrl":"https:\/\/hodajlaw.com\/wp-content\/uploads\/2024\/01\/LabourEmploymentLaw-01.svg","datePublished":"2019-02-21T17:57:15+00:00","dateModified":"2025-09-16T18:45:56+00:00","breadcrumb":{"@id":"https:\/\/hodajlaw.com\/areas-of-practice\/labour-employment-law\/#breadcrumb"},"inLanguage":"de","potentialAction":[{"@type":"ReadAction","target":["https:\/\/hodajlaw.com\/areas-of-practice\/labour-employment-law\/"]}]},{"@type":"ImageObject","inLanguage":"de","@id":"https:\/\/hodajlaw.com\/areas-of-practice\/labour-employment-law\/#primaryimage","url":"https:\/\/hodajlaw.com\/wp-content\/uploads\/2024\/01\/LabourEmploymentLaw-01.svg","contentUrl":"https:\/\/hodajlaw.com\/wp-content\/uploads\/2024\/01\/LabourEmploymentLaw-01.svg"},{"@type":"BreadcrumbList","@id":"https:\/\/hodajlaw.com\/areas-of-practice\/labour-employment-law\/#breadcrumb","itemListElement":[{"@type":"ListItem","position":1,"name":"Home","item":"https:\/\/hodajlaw.com\/"},{"@type":"ListItem","position":2,"name":"Areas of Practice","item":"https:\/\/hodajlaw.com\/areas-of-practice\/"},{"@type":"ListItem","position":3,"name":"Labour &#038; Employment Law"}]},{"@type":"WebSite","@id":"https:\/\/hodajlaw.com\/#website","url":"https:\/\/hodajlaw.com\/","name":"Hodaj &amp; Partners L.L.C.","description":"Hodaj &amp; Partners","potentialAction":[{"@type":"SearchAction","target":{"@type":"EntryPoint","urlTemplate":"https:\/\/hodajlaw.com\/?s={search_term_string}"},"query-input":{"@type":"PropertyValueSpecification","valueRequired":true,"valueName":"search_term_string"}}],"inLanguage":"de"}]}},"_links":{"self":[{"href":"https:\/\/hodajlaw.com\/de\/wp-json\/wp\/v2\/pages\/1308","targetHints":{"allow":["GET"]}}],"collection":[{"href":"https:\/\/hodajlaw.com\/de\/wp-json\/wp\/v2\/pages"}],"about":[{"href":"https:\/\/hodajlaw.com\/de\/wp-json\/wp\/v2\/types\/page"}],"author":[{"embeddable":true,"href":"https:\/\/hodajlaw.com\/de\/wp-json\/wp\/v2\/users\/2"}],"replies":[{"embeddable":true,"href":"https:\/\/hodajlaw.com\/de\/wp-json\/wp\/v2\/comments?post=1308"}],"version-history":[{"count":17,"href":"https:\/\/hodajlaw.com\/de\/wp-json\/wp\/v2\/pages\/1308\/revisions"}],"predecessor-version":[{"id":6665,"href":"https:\/\/hodajlaw.com\/de\/wp-json\/wp\/v2\/pages\/1308\/revisions\/6665"}],"up":[{"embeddable":true,"href":"https:\/\/hodajlaw.com\/de\/wp-json\/wp\/v2\/pages\/4706"}],"wp:attachment":[{"href":"https:\/\/hodajlaw.com\/de\/wp-json\/wp\/v2\/media?parent=1308"}],"curies":[{"name":"wp","href":"https:\/\/api.w.org\/{rel}","templated":true}]}}