{"id":1322,"date":"2019-02-22T08:42:31","date_gmt":"2019-02-22T08:42:31","guid":{"rendered":"http:\/\/hodajlaw.com\/?page_id=1322"},"modified":"2025-09-16T18:55:33","modified_gmt":"2025-09-16T18:55:33","slug":"energy-infrastructure","status":"publish","type":"page","link":"https:\/\/hodajlaw.com\/de\/areas-of-practice\/energy-infrastructure\/","title":{"rendered":"Energy &#038; Infrastructure"},"content":{"rendered":"<div data-elementor-type=\"wp-page\" data-elementor-id=\"1322\" class=\"elementor elementor-1322\">\n\t\t\t\t<div class=\"elementor-element elementor-element-d216959 e-flex e-con-boxed e-con e-parent\" data-id=\"d216959\" data-element_type=\"container\" data-e-type=\"container\">\n\t\t\t\t\t<div class=\"e-con-inner\">\n\t\t\t\t<div class=\"elementor-element elementor-element-23e81b4 elementor-widget elementor-widget-penci-info-box\" data-id=\"23e81b4\" data-element_type=\"widget\" data-e-type=\"widget\" data-widget_type=\"penci-info-box.default\">\n\t\t\t\t<div class=\"elementor-widget-container\">\n\t\t\t\t\t        <div id=\"penci_info_box_65030\" class=\"penci-block-vc penci-info-box penci-ibox-top-center penci-view-default penci-shape-circle\">\n            <div class=\"penci-ibox-inner\">\n\t\t\t\t\t\t\t\t<div class=\"penci-ibox-icon penci-ibox-icon--image has-hover\"><a class=\"penci-ibox-icon-fa-fix\" href=\"\/de\/areas-of-practice\/energy-infrastructure\/\"><\/a><a class=\"penci-ibox-icon-fa\" href=\"\/de\/areas-of-practice\/energy-infrastructure\/\"><img decoding=\"async\" class=\"penci-ibox-img_active\" src=\"https:\/\/hodajlaw.com\/wp-content\/uploads\/2024\/01\/EnergyInfrastructure-01.svg\" width=\"150\" height=\"150\"><img decoding=\"async\" class=\"penci-ibox-img_hover\" src=\"https:\/\/hodajlaw.com\/wp-content\/uploads\/2024\/01\/EnergyInfrastructure-01.svg\" width=\"150\" height=\"150\"><\/a><\/div>                <div class=\"penci-ibox-content-wrap\">\n\t\t\t\t\t\t\t\t\t\t<h3\n                            class=\"penci-ibox-title\">Energie und Infrastruktur<\/h3>\t\t\t\t\t\t\t\t\t\t\t\t\t\t\t                <\/div>\n            <\/div>\n        <\/div>\n\t\t\t\t\t\t<\/div>\n\t\t\t\t<\/div>\n\t\t\t\t\t<\/div>\n\t\t\t\t<\/div>\n\t\t<div class=\"elementor-element elementor-element-926893c e-flex e-con-boxed e-con e-parent\" data-id=\"926893c\" data-element_type=\"container\" data-e-type=\"container\">\n\t\t\t\t\t<div class=\"e-con-inner\">\n\t\t\t\t<div class=\"elementor-element elementor-element-55c36a91 elementor-widget elementor-widget-text-editor\" data-id=\"55c36a91\" data-element_type=\"widget\" data-e-type=\"widget\" data-widget_type=\"text-editor.default\">\n\t\t\t\t<div class=\"elementor-widget-container\">\n\t\t\t\t\t\t\t\t\t<p>Kosovo ist bekannt f\u00fcr Ihre nat\u00fcrlichen Ressourcen zur Energieerzeugung und ihre Mineralien. Der Energiesektor hat in den letzten Jahren mehrere grundlegende Ver\u00e4nderungen erfahren \u2013 dies vor allem wegen dem Privatisierungsprozess der Stromerzeugung und -verteilung, mit dem Ziel, den Energiemarkt zu \u00f6ffnen, um den Wettbewerb zu st\u00e4rken.<\/p><p>Wir bieten umfassende Rechtsberatung in allen Phasen und Bereichen des Energie- und Infrastruktursektors. Unsere Arbeit umfasst Projektstrukturierung, Finanzierung, Vertragsverhandlungen, Lizenzvorbereitung und -einreichung, auch f\u00fcr die Gewinnung von Mineralien, sowie die Einhaltung gesetzlicher Vorschriften. Wir unterst\u00fctzen Stakeholder, darunter private Investoren, Unternehmen und multilaterale Institutionen, die sich im sich entwickelnden regulatorischen Rahmen des Kosovo zurechtfinden und an strategischen Infrastruktur- und Energieprojekten teilnehmen m\u00f6chten.<\/p><p>Wir verf\u00fcgen \u00fcber Erfahrung in der Durchf\u00fchrung rechtlicher Due Diligence-Pr\u00fcfungen und der Gew\u00e4hrleistung von Rechtssicherheit bei komplexen grenz\u00fcberschreitenden Transaktionen. Durch die Nutzung unserer umfassenden Expertise in wichtigen Rechtsgebieten, darunter Gesellschafts- und Handelsrecht, Immobilienrecht, Steuerrecht und Intellectual Property Recht, erzielen wir wirtschaftlich effektive und rechtlich solide Ergebnisse f\u00fcr Mandanten im Energie- und Infrastruktursektor.<\/p><p>Energie- und Infrastrukturprojekte erfordern unabh\u00e4ngig von ihrer Komplexit\u00e4t eine umfassende rechtliche Unterst\u00fctzung in allen Aspekten des Projekts. Wir verf\u00fcgen \u00fcber umfassende Erfahrung auf diesem Gebiet und beraten regelm\u00e4\u00dfig Unternehmen, die an solchen Projekten beteiligt sind.<\/p>\t\t\t\t\t\t\t\t<\/div>\n\t\t\t\t<\/div>\n\t\t\t\t\t<\/div>\n\t\t\t\t<\/div>\n\t\t\t\t<\/div>","protected":false},"excerpt":{"rendered":"<p>Energy &#038; Infrastructure Kosovo is known for its natural resources used in energy production and its minerals. In recent years, Kosovo\u2019s energy sector has undergone significant reform, largely driven by&hellip;<\/p>","protected":false},"author":1,"featured_media":0,"parent":4706,"menu_order":0,"comment_status":"closed","ping_status":"closed","template":"","meta":{"_lmt_disableupdate":"","_lmt_disable":"","footnotes":""},"class_list":["post-1322","page","type-page","status-publish","hentry"],"yoast_head":"<!-- This site is optimized with the Yoast SEO plugin v26.8 - https:\/\/yoast.com\/product\/yoast-seo-wordpress\/ -->\n<title>Energy &amp; Infrastructure - Hodaj &amp; Partners L.L.C.<\/title>\n<meta name=\"robots\" content=\"index, follow, max-snippet:-1, max-image-preview:large, max-video-preview:-1\" \/>\n<link rel=\"canonical\" href=\"https:\/\/hodajlaw.com\/de\/areas-of-practice\/energy-infrastructure\/\" \/>\n<meta property=\"og:locale\" content=\"de_DE\" \/>\n<meta property=\"og:type\" content=\"article\" \/>\n<meta property=\"og:title\" content=\"Energy &amp; Infrastructure - Hodaj &amp; Partners L.L.C.\" \/>\n<meta property=\"og:description\" content=\"Energy &#038; Infrastructure Kosovo is known for its natural resources used in energy production and its minerals. In recent years, Kosovo\u2019s energy sector has undergone significant reform, largely driven by&hellip;\" \/>\n<meta property=\"og:url\" content=\"https:\/\/hodajlaw.com\/de\/areas-of-practice\/energy-infrastructure\/\" \/>\n<meta property=\"og:site_name\" content=\"Hodaj &amp; Partners L.L.C.\" \/>\n<meta property=\"article:modified_time\" content=\"2025-09-16T18:55:33+00:00\" \/>\n<meta property=\"og:image\" content=\"https:\/\/hodajlaw.com\/wp-content\/uploads\/2024\/01\/EnergyInfrastructure-01.svg\" \/>\n<meta name=\"twitter:card\" content=\"summary_large_image\" \/>\n<meta name=\"twitter:label1\" content=\"Gesch\u00e4tzte Lesezeit\" \/>\n\t<meta name=\"twitter:data1\" content=\"1\u00a0Minute\" \/>\n<script type=\"application\/ld+json\" class=\"yoast-schema-graph\">{\"@context\":\"https:\/\/schema.org\",\"@graph\":[{\"@type\":\"WebPage\",\"@id\":\"https:\/\/hodajlaw.com\/areas-of-practice\/energy-infrastructure\/\",\"url\":\"https:\/\/hodajlaw.com\/areas-of-practice\/energy-infrastructure\/\",\"name\":\"Energy & Infrastructure - Hodaj &amp; Partners L.L.C.\",\"isPartOf\":{\"@id\":\"https:\/\/hodajlaw.com\/#website\"},\"primaryImageOfPage\":{\"@id\":\"https:\/\/hodajlaw.com\/areas-of-practice\/energy-infrastructure\/#primaryimage\"},\"image\":{\"@id\":\"https:\/\/hodajlaw.com\/areas-of-practice\/energy-infrastructure\/#primaryimage\"},\"thumbnailUrl\":\"https:\/\/hodajlaw.com\/wp-content\/uploads\/2024\/01\/EnergyInfrastructure-01.svg\",\"datePublished\":\"2019-02-22T08:42:31+00:00\",\"dateModified\":\"2025-09-16T18:55:33+00:00\",\"breadcrumb\":{\"@id\":\"https:\/\/hodajlaw.com\/areas-of-practice\/energy-infrastructure\/#breadcrumb\"},\"inLanguage\":\"de\",\"potentialAction\":[{\"@type\":\"ReadAction\",\"target\":[\"https:\/\/hodajlaw.com\/areas-of-practice\/energy-infrastructure\/\"]}]},{\"@type\":\"ImageObject\",\"inLanguage\":\"de\",\"@id\":\"https:\/\/hodajlaw.com\/areas-of-practice\/energy-infrastructure\/#primaryimage\",\"url\":\"https:\/\/hodajlaw.com\/wp-content\/uploads\/2024\/01\/EnergyInfrastructure-01.svg\",\"contentUrl\":\"https:\/\/hodajlaw.com\/wp-content\/uploads\/2024\/01\/EnergyInfrastructure-01.svg\"},{\"@type\":\"BreadcrumbList\",\"@id\":\"https:\/\/hodajlaw.com\/areas-of-practice\/energy-infrastructure\/#breadcrumb\",\"itemListElement\":[{\"@type\":\"ListItem\",\"position\":1,\"name\":\"Home\",\"item\":\"https:\/\/hodajlaw.com\/\"},{\"@type\":\"ListItem\",\"position\":2,\"name\":\"Areas of Practice\",\"item\":\"https:\/\/hodajlaw.com\/areas-of-practice\/\"},{\"@type\":\"ListItem\",\"position\":3,\"name\":\"Energy &#038; Infrastructure\"}]},{\"@type\":\"WebSite\",\"@id\":\"https:\/\/hodajlaw.com\/#website\",\"url\":\"https:\/\/hodajlaw.com\/\",\"name\":\"Hodaj &amp; Partners L.L.C.\",\"description\":\"Hodaj &amp; Partners\",\"potentialAction\":[{\"@type\":\"SearchAction\",\"target\":{\"@type\":\"EntryPoint\",\"urlTemplate\":\"https:\/\/hodajlaw.com\/?s={search_term_string}\"},\"query-input\":{\"@type\":\"PropertyValueSpecification\",\"valueRequired\":true,\"valueName\":\"search_term_string\"}}],\"inLanguage\":\"de\"}]}<\/script>\n<!-- \/ Yoast SEO plugin. -->","yoast_head_json":{"title":"Energy & Infrastructure - Hodaj &amp; Partners L.L.C.","robots":{"index":"index","follow":"follow","max-snippet":"max-snippet:-1","max-image-preview":"max-image-preview:large","max-video-preview":"max-video-preview:-1"},"canonical":"https:\/\/hodajlaw.com\/de\/areas-of-practice\/energy-infrastructure\/","og_locale":"de_DE","og_type":"article","og_title":"Energy & Infrastructure - Hodaj &amp; Partners L.L.C.","og_description":"Energy &#038; Infrastructure Kosovo is known for its natural resources used in energy production and its minerals. In recent years, Kosovo\u2019s energy sector has undergone significant reform, largely driven by&hellip;","og_url":"https:\/\/hodajlaw.com\/de\/areas-of-practice\/energy-infrastructure\/","og_site_name":"Hodaj &amp; Partners L.L.C.","article_modified_time":"2025-09-16T18:55:33+00:00","og_image":[{"url":"https:\/\/hodajlaw.com\/wp-content\/uploads\/2024\/01\/EnergyInfrastructure-01.svg","type":"","width":"","height":""}],"twitter_card":"summary_large_image","twitter_misc":{"Gesch\u00e4tzte Lesezeit":"1\u00a0Minute"},"schema":{"@context":"https:\/\/schema.org","@graph":[{"@type":"WebPage","@id":"https:\/\/hodajlaw.com\/areas-of-practice\/energy-infrastructure\/","url":"https:\/\/hodajlaw.com\/areas-of-practice\/energy-infrastructure\/","name":"Energy & Infrastructure - Hodaj &amp; Partners L.L.C.","isPartOf":{"@id":"https:\/\/hodajlaw.com\/#website"},"primaryImageOfPage":{"@id":"https:\/\/hodajlaw.com\/areas-of-practice\/energy-infrastructure\/#primaryimage"},"image":{"@id":"https:\/\/hodajlaw.com\/areas-of-practice\/energy-infrastructure\/#primaryimage"},"thumbnailUrl":"https:\/\/hodajlaw.com\/wp-content\/uploads\/2024\/01\/EnergyInfrastructure-01.svg","datePublished":"2019-02-22T08:42:31+00:00","dateModified":"2025-09-16T18:55:33+00:00","breadcrumb":{"@id":"https:\/\/hodajlaw.com\/areas-of-practice\/energy-infrastructure\/#breadcrumb"},"inLanguage":"de","potentialAction":[{"@type":"ReadAction","target":["https:\/\/hodajlaw.com\/areas-of-practice\/energy-infrastructure\/"]}]},{"@type":"ImageObject","inLanguage":"de","@id":"https:\/\/hodajlaw.com\/areas-of-practice\/energy-infrastructure\/#primaryimage","url":"https:\/\/hodajlaw.com\/wp-content\/uploads\/2024\/01\/EnergyInfrastructure-01.svg","contentUrl":"https:\/\/hodajlaw.com\/wp-content\/uploads\/2024\/01\/EnergyInfrastructure-01.svg"},{"@type":"BreadcrumbList","@id":"https:\/\/hodajlaw.com\/areas-of-practice\/energy-infrastructure\/#breadcrumb","itemListElement":[{"@type":"ListItem","position":1,"name":"Home","item":"https:\/\/hodajlaw.com\/"},{"@type":"ListItem","position":2,"name":"Areas of Practice","item":"https:\/\/hodajlaw.com\/areas-of-practice\/"},{"@type":"ListItem","position":3,"name":"Energy &#038; Infrastructure"}]},{"@type":"WebSite","@id":"https:\/\/hodajlaw.com\/#website","url":"https:\/\/hodajlaw.com\/","name":"Hodaj &amp; Partners L.L.C.","description":"Hodaj &amp; Partners","potentialAction":[{"@type":"SearchAction","target":{"@type":"EntryPoint","urlTemplate":"https:\/\/hodajlaw.com\/?s={search_term_string}"},"query-input":{"@type":"PropertyValueSpecification","valueRequired":true,"valueName":"search_term_string"}}],"inLanguage":"de"}]}},"_links":{"self":[{"href":"https:\/\/hodajlaw.com\/de\/wp-json\/wp\/v2\/pages\/1322","targetHints":{"allow":["GET"]}}],"collection":[{"href":"https:\/\/hodajlaw.com\/de\/wp-json\/wp\/v2\/pages"}],"about":[{"href":"https:\/\/hodajlaw.com\/de\/wp-json\/wp\/v2\/types\/page"}],"author":[{"embeddable":true,"href":"https:\/\/hodajlaw.com\/de\/wp-json\/wp\/v2\/users\/1"}],"replies":[{"embeddable":true,"href":"https:\/\/hodajlaw.com\/de\/wp-json\/wp\/v2\/comments?post=1322"}],"version-history":[{"count":11,"href":"https:\/\/hodajlaw.com\/de\/wp-json\/wp\/v2\/pages\/1322\/revisions"}],"predecessor-version":[{"id":6695,"href":"https:\/\/hodajlaw.com\/de\/wp-json\/wp\/v2\/pages\/1322\/revisions\/6695"}],"up":[{"embeddable":true,"href":"https:\/\/hodajlaw.com\/de\/wp-json\/wp\/v2\/pages\/4706"}],"wp:attachment":[{"href":"https:\/\/hodajlaw.com\/de\/wp-json\/wp\/v2\/media?parent=1322"}],"curies":[{"name":"wp","href":"https:\/\/api.w.org\/{rel}","templated":true}]}}