{"id":1336,"date":"2019-02-22T08:50:41","date_gmt":"2019-02-22T08:50:41","guid":{"rendered":"http:\/\/hodajlaw.com\/?page_id=1336"},"modified":"2025-09-16T18:51:56","modified_gmt":"2025-09-16T18:51:56","slug":"legal-due-diligence","status":"publish","type":"page","link":"https:\/\/hodajlaw.com\/de\/areas-of-practice\/legal-due-diligence\/","title":{"rendered":"Rechtliche Due Diligence"},"content":{"rendered":"<div data-elementor-type=\"wp-page\" data-elementor-id=\"1336\" class=\"elementor elementor-1336\">\n\t\t\t\t<div class=\"elementor-element elementor-element-c3eb686 e-flex e-con-boxed e-con e-parent\" data-id=\"c3eb686\" data-element_type=\"container\" data-e-type=\"container\">\n\t\t\t\t\t<div class=\"e-con-inner\">\n\t\t\t\t<div class=\"elementor-element elementor-element-231622a elementor-widget elementor-widget-penci-info-box\" data-id=\"231622a\" data-element_type=\"widget\" data-e-type=\"widget\" data-widget_type=\"penci-info-box.default\">\n\t\t\t\t<div class=\"elementor-widget-container\">\n\t\t\t\t\t        <div id=\"penci_info_box_51787\" class=\"penci-block-vc penci-info-box penci-ibox-top-center penci-view-default penci-shape-circle\">\n            <div class=\"penci-ibox-inner\">\n\t\t\t\t\t\t\t\t<div class=\"penci-ibox-icon penci-ibox-icon--image has-hover\"><a class=\"penci-ibox-icon-fa-fix\" href=\"\/de\/areas-of-practice\/legal-due-diligence\/\"><\/a><a class=\"penci-ibox-icon-fa\" href=\"\/de\/areas-of-practice\/legal-due-diligence\/\"><img decoding=\"async\" class=\"penci-ibox-img_active\" src=\"https:\/\/hodajlaw.com\/wp-content\/uploads\/2024\/01\/LegalDueDiligence-01.svg\" width=\"150\" height=\"150\"><img decoding=\"async\" class=\"penci-ibox-img_hover\" src=\"https:\/\/hodajlaw.com\/wp-content\/uploads\/2024\/01\/LegalDueDiligence-01.svg\" width=\"150\" height=\"150\"><\/a><\/div>                <div class=\"penci-ibox-content-wrap\">\n\t\t\t\t\t\t\t\t\t\t<h3\n                            class=\"penci-ibox-title\">Rechtliche Due Diligence<\/h3>\t\t\t\t\t\t\t\t\t\t\t\t\t\t\t                <\/div>\n            <\/div>\n        <\/div>\n\t\t\t\t\t\t<\/div>\n\t\t\t\t<\/div>\n\t\t\t\t\t<\/div>\n\t\t\t\t<\/div>\n\t\t<div class=\"elementor-element elementor-element-570b142b e-flex e-con-boxed e-con e-parent\" data-id=\"570b142b\" data-element_type=\"container\" data-e-type=\"container\">\n\t\t\t\t\t<div class=\"e-con-inner\">\n\t\t\t\t<div class=\"elementor-element elementor-element-5dbf2e1 elementor-widget elementor-widget-text-editor\" data-id=\"5dbf2e1\" data-element_type=\"widget\" data-e-type=\"widget\" data-widget_type=\"text-editor.default\">\n\t\t\t\t<div class=\"elementor-widget-container\">\n\t\t\t\t\t\t\t\t\t<p>W\u00e4hrend eines Fusion &amp; \u00dcbernahme-Prozesses muss eine vollst\u00e4ndige Bewertung der rechtlichen Risiken f\u00fcr die Anlagen, Vertr\u00e4ge, den Personaleinsatz und deren rechtliche Auswirkungen vorgenommen werden, um unvorhergesehene Umst\u00e4nde zu vermeiden. In solchen Prozessen ist die Legal Due Diligence ebenso wichtig wie die steuerliche und finanzielle Due Diligence.<\/p><p>Unser Anwaltenteam ist f\u00e4hig, wichtige Vertr\u00e4ge, Kaufvertr\u00e4ge, Umfragen, Versicherungspolicen, Lizenzen und Genehmigungen sowie alle anderen rechtlichen Dokumente, die f\u00fcr das Unternehmen im Rahmen eines Fusion &amp; \u00dcbernahme-Prozesses relevant sind, zu \u00fcberpr\u00fcfen.<\/p><p>Zus\u00e4tzlich verf\u00fcgen wir in unserer Anwaltskanzlei \u00fcber einen professionellen Spezialisten mit CFE-Zertifikat (Certified Fraud Examiner), das einem internationalen Standard entspricht, der als Gold Standard bekannt ist. In dieser Hinsicht k\u00f6nnen wir Sie und Ihr Unternehmen bei der Betrugspr\u00fcfung unterst\u00fctzen.<\/p><p>Die Zusammenarbeit mit einem Certified Fraud Examiner (CFE) bietet Ihrem Unternehmen die wertvolle M\u00f6glichkeit, betrugsbezogene Probleme proaktiv anzugehen. CFEs sind Experten in der Aufdeckung von Betrug und helfen Unternehmen, dessen Wiederholung zu verhindern. Strenge Betrugspr\u00e4ventionsprozesse st\u00e4rken das Vertrauen der Stakeholder in die finanzielle Integrit\u00e4t Ihres Unternehmens, was wiederum dazu beitr\u00e4gt, wertvolle Beziehungen und Kapital zu gewinnen und zu behalten.<\/p>\t\t\t\t\t\t\t\t<\/div>\n\t\t\t\t<\/div>\n\t\t\t\t\t<\/div>\n\t\t\t\t<\/div>\n\t\t\t\t<\/div>","protected":false},"excerpt":{"rendered":"<p>Legal Due Diligence During a merger or acquisition, a thorough assessment of the legal risks must be performed across assets, contracts, employment matters, and other legal areas to help avoid&hellip;<\/p>","protected":false},"author":1,"featured_media":0,"parent":4706,"menu_order":0,"comment_status":"closed","ping_status":"closed","template":"","meta":{"_lmt_disableupdate":"","_lmt_disable":"","footnotes":""},"class_list":["post-1336","page","type-page","status-publish","hentry"],"yoast_head":"<!-- This site is optimized with the Yoast SEO plugin v26.8 - https:\/\/yoast.com\/product\/yoast-seo-wordpress\/ -->\n<title>Legal Due Diligence - Hodaj &amp; Partners L.L.C.<\/title>\n<meta name=\"robots\" content=\"index, follow, max-snippet:-1, max-image-preview:large, max-video-preview:-1\" \/>\n<link rel=\"canonical\" href=\"https:\/\/hodajlaw.com\/de\/areas-of-practice\/legal-due-diligence\/\" \/>\n<meta property=\"og:locale\" content=\"de_DE\" \/>\n<meta property=\"og:type\" content=\"article\" \/>\n<meta property=\"og:title\" content=\"Legal Due Diligence - Hodaj &amp; Partners L.L.C.\" \/>\n<meta property=\"og:description\" content=\"Legal Due Diligence During a merger or acquisition, a thorough assessment of the legal risks must be performed across assets, contracts, employment matters, and other legal areas to help avoid&hellip;\" \/>\n<meta property=\"og:url\" content=\"https:\/\/hodajlaw.com\/de\/areas-of-practice\/legal-due-diligence\/\" \/>\n<meta property=\"og:site_name\" content=\"Hodaj &amp; Partners L.L.C.\" \/>\n<meta property=\"article:modified_time\" content=\"2025-09-16T18:51:56+00:00\" \/>\n<meta property=\"og:image\" content=\"https:\/\/hodajlaw.com\/wp-content\/uploads\/2024\/01\/LegalDueDiligence-01.svg\" \/>\n<meta name=\"twitter:card\" content=\"summary_large_image\" \/>\n<meta name=\"twitter:label1\" content=\"Gesch\u00e4tzte Lesezeit\" \/>\n\t<meta name=\"twitter:data1\" content=\"2\u00a0Minuten\" \/>\n<script type=\"application\/ld+json\" class=\"yoast-schema-graph\">{\"@context\":\"https:\/\/schema.org\",\"@graph\":[{\"@type\":\"WebPage\",\"@id\":\"https:\/\/hodajlaw.com\/areas-of-practice\/legal-due-diligence\/\",\"url\":\"https:\/\/hodajlaw.com\/areas-of-practice\/legal-due-diligence\/\",\"name\":\"Legal Due Diligence - Hodaj &amp; Partners L.L.C.\",\"isPartOf\":{\"@id\":\"https:\/\/hodajlaw.com\/#website\"},\"primaryImageOfPage\":{\"@id\":\"https:\/\/hodajlaw.com\/areas-of-practice\/legal-due-diligence\/#primaryimage\"},\"image\":{\"@id\":\"https:\/\/hodajlaw.com\/areas-of-practice\/legal-due-diligence\/#primaryimage\"},\"thumbnailUrl\":\"https:\/\/hodajlaw.com\/wp-content\/uploads\/2024\/01\/LegalDueDiligence-01.svg\",\"datePublished\":\"2019-02-22T08:50:41+00:00\",\"dateModified\":\"2025-09-16T18:51:56+00:00\",\"breadcrumb\":{\"@id\":\"https:\/\/hodajlaw.com\/areas-of-practice\/legal-due-diligence\/#breadcrumb\"},\"inLanguage\":\"de\",\"potentialAction\":[{\"@type\":\"ReadAction\",\"target\":[\"https:\/\/hodajlaw.com\/areas-of-practice\/legal-due-diligence\/\"]}]},{\"@type\":\"ImageObject\",\"inLanguage\":\"de\",\"@id\":\"https:\/\/hodajlaw.com\/areas-of-practice\/legal-due-diligence\/#primaryimage\",\"url\":\"https:\/\/hodajlaw.com\/wp-content\/uploads\/2024\/01\/LegalDueDiligence-01.svg\",\"contentUrl\":\"https:\/\/hodajlaw.com\/wp-content\/uploads\/2024\/01\/LegalDueDiligence-01.svg\"},{\"@type\":\"BreadcrumbList\",\"@id\":\"https:\/\/hodajlaw.com\/areas-of-practice\/legal-due-diligence\/#breadcrumb\",\"itemListElement\":[{\"@type\":\"ListItem\",\"position\":1,\"name\":\"Home\",\"item\":\"https:\/\/hodajlaw.com\/\"},{\"@type\":\"ListItem\",\"position\":2,\"name\":\"Areas of Practice\",\"item\":\"https:\/\/hodajlaw.com\/areas-of-practice\/\"},{\"@type\":\"ListItem\",\"position\":3,\"name\":\"Legal Due Diligence\"}]},{\"@type\":\"WebSite\",\"@id\":\"https:\/\/hodajlaw.com\/#website\",\"url\":\"https:\/\/hodajlaw.com\/\",\"name\":\"Hodaj &amp; Partners L.L.C.\",\"description\":\"Hodaj &amp; Partners\",\"potentialAction\":[{\"@type\":\"SearchAction\",\"target\":{\"@type\":\"EntryPoint\",\"urlTemplate\":\"https:\/\/hodajlaw.com\/?s={search_term_string}\"},\"query-input\":{\"@type\":\"PropertyValueSpecification\",\"valueRequired\":true,\"valueName\":\"search_term_string\"}}],\"inLanguage\":\"de\"}]}<\/script>\n<!-- \/ Yoast SEO plugin. -->","yoast_head_json":{"title":"Legal Due Diligence - Hodaj &amp; Partners L.L.C.","robots":{"index":"index","follow":"follow","max-snippet":"max-snippet:-1","max-image-preview":"max-image-preview:large","max-video-preview":"max-video-preview:-1"},"canonical":"https:\/\/hodajlaw.com\/de\/areas-of-practice\/legal-due-diligence\/","og_locale":"de_DE","og_type":"article","og_title":"Legal Due Diligence - Hodaj &amp; Partners L.L.C.","og_description":"Legal Due Diligence During a merger or acquisition, a thorough assessment of the legal risks must be performed across assets, contracts, employment matters, and other legal areas to help avoid&hellip;","og_url":"https:\/\/hodajlaw.com\/de\/areas-of-practice\/legal-due-diligence\/","og_site_name":"Hodaj &amp; Partners L.L.C.","article_modified_time":"2025-09-16T18:51:56+00:00","og_image":[{"url":"https:\/\/hodajlaw.com\/wp-content\/uploads\/2024\/01\/LegalDueDiligence-01.svg","type":"","width":"","height":""}],"twitter_card":"summary_large_image","twitter_misc":{"Gesch\u00e4tzte Lesezeit":"2\u00a0Minuten"},"schema":{"@context":"https:\/\/schema.org","@graph":[{"@type":"WebPage","@id":"https:\/\/hodajlaw.com\/areas-of-practice\/legal-due-diligence\/","url":"https:\/\/hodajlaw.com\/areas-of-practice\/legal-due-diligence\/","name":"Legal Due Diligence - Hodaj &amp; Partners L.L.C.","isPartOf":{"@id":"https:\/\/hodajlaw.com\/#website"},"primaryImageOfPage":{"@id":"https:\/\/hodajlaw.com\/areas-of-practice\/legal-due-diligence\/#primaryimage"},"image":{"@id":"https:\/\/hodajlaw.com\/areas-of-practice\/legal-due-diligence\/#primaryimage"},"thumbnailUrl":"https:\/\/hodajlaw.com\/wp-content\/uploads\/2024\/01\/LegalDueDiligence-01.svg","datePublished":"2019-02-22T08:50:41+00:00","dateModified":"2025-09-16T18:51:56+00:00","breadcrumb":{"@id":"https:\/\/hodajlaw.com\/areas-of-practice\/legal-due-diligence\/#breadcrumb"},"inLanguage":"de","potentialAction":[{"@type":"ReadAction","target":["https:\/\/hodajlaw.com\/areas-of-practice\/legal-due-diligence\/"]}]},{"@type":"ImageObject","inLanguage":"de","@id":"https:\/\/hodajlaw.com\/areas-of-practice\/legal-due-diligence\/#primaryimage","url":"https:\/\/hodajlaw.com\/wp-content\/uploads\/2024\/01\/LegalDueDiligence-01.svg","contentUrl":"https:\/\/hodajlaw.com\/wp-content\/uploads\/2024\/01\/LegalDueDiligence-01.svg"},{"@type":"BreadcrumbList","@id":"https:\/\/hodajlaw.com\/areas-of-practice\/legal-due-diligence\/#breadcrumb","itemListElement":[{"@type":"ListItem","position":1,"name":"Home","item":"https:\/\/hodajlaw.com\/"},{"@type":"ListItem","position":2,"name":"Areas of Practice","item":"https:\/\/hodajlaw.com\/areas-of-practice\/"},{"@type":"ListItem","position":3,"name":"Legal Due Diligence"}]},{"@type":"WebSite","@id":"https:\/\/hodajlaw.com\/#website","url":"https:\/\/hodajlaw.com\/","name":"Hodaj &amp; Partners L.L.C.","description":"Hodaj &amp; Partners","potentialAction":[{"@type":"SearchAction","target":{"@type":"EntryPoint","urlTemplate":"https:\/\/hodajlaw.com\/?s={search_term_string}"},"query-input":{"@type":"PropertyValueSpecification","valueRequired":true,"valueName":"search_term_string"}}],"inLanguage":"de"}]}},"_links":{"self":[{"href":"https:\/\/hodajlaw.com\/de\/wp-json\/wp\/v2\/pages\/1336","targetHints":{"allow":["GET"]}}],"collection":[{"href":"https:\/\/hodajlaw.com\/de\/wp-json\/wp\/v2\/pages"}],"about":[{"href":"https:\/\/hodajlaw.com\/de\/wp-json\/wp\/v2\/types\/page"}],"author":[{"embeddable":true,"href":"https:\/\/hodajlaw.com\/de\/wp-json\/wp\/v2\/users\/1"}],"replies":[{"embeddable":true,"href":"https:\/\/hodajlaw.com\/de\/wp-json\/wp\/v2\/comments?post=1336"}],"version-history":[{"count":12,"href":"https:\/\/hodajlaw.com\/de\/wp-json\/wp\/v2\/pages\/1336\/revisions"}],"predecessor-version":[{"id":6674,"href":"https:\/\/hodajlaw.com\/de\/wp-json\/wp\/v2\/pages\/1336\/revisions\/6674"}],"up":[{"embeddable":true,"href":"https:\/\/hodajlaw.com\/de\/wp-json\/wp\/v2\/pages\/4706"}],"wp:attachment":[{"href":"https:\/\/hodajlaw.com\/de\/wp-json\/wp\/v2\/media?parent=1336"}],"curies":[{"name":"wp","href":"https:\/\/api.w.org\/{rel}","templated":true}]}}