{"id":1349,"date":"2019-02-22T09:04:08","date_gmt":"2019-02-22T09:04:08","guid":{"rendered":"http:\/\/hodajlaw.com\/?page_id=1349"},"modified":"2025-09-16T18:56:35","modified_gmt":"2025-09-16T18:56:35","slug":"registration-on-the-civil-registry-acquisition-release-from-kosovo-citizenship","status":"publish","type":"page","link":"https:\/\/hodajlaw.com\/de\/areas-of-practice\/registration-on-the-civil-registry-acquisition-release-from-kosovo-citizenship\/","title":{"rendered":"Eintragung im Zivilregister (Erwerb) und Entlassung aus der Staatsangeh\u00f6rigkeit (Ausb\u00fcrgerung)"},"content":{"rendered":"<div data-elementor-type=\"wp-page\" data-elementor-id=\"1349\" class=\"elementor elementor-1349\">\n\t\t\t\t<div class=\"elementor-element elementor-element-802cfb2 e-flex e-con-boxed e-con e-parent\" data-id=\"802cfb2\" data-element_type=\"container\" data-e-type=\"container\">\n\t\t\t\t\t<div class=\"e-con-inner\">\n\t\t\t\t<div class=\"elementor-element elementor-element-0d9fb0d elementor-widget elementor-widget-penci-info-box\" data-id=\"0d9fb0d\" data-element_type=\"widget\" data-e-type=\"widget\" data-widget_type=\"penci-info-box.default\">\n\t\t\t\t<div class=\"elementor-widget-container\">\n\t\t\t\t\t        <div id=\"penci_info_box_62112\" class=\"penci-block-vc penci-info-box penci-ibox-top-center penci-view-default penci-shape-circle\">\n            <div class=\"penci-ibox-inner\">\n\t\t\t\t\t\t\t\t<div class=\"penci-ibox-icon penci-ibox-icon--image has-hover\"><a class=\"penci-ibox-icon-fa-fix\" href=\"\/de\/areas-of-practice\/registration-on-the-civil-registry-acquisition-release-from-kosovo-citizenship\/\"><\/a><a class=\"penci-ibox-icon-fa\" href=\"\/de\/areas-of-practice\/registration-on-the-civil-registry-acquisition-release-from-kosovo-citizenship\/\"><img decoding=\"async\" class=\"penci-ibox-img_active\" src=\"https:\/\/hodajlaw.com\/wp-content\/uploads\/2024\/01\/RegistrationOnTheCivilRegistry-01.svg\" width=\"150\" height=\"150\"><img decoding=\"async\" class=\"penci-ibox-img_hover\" src=\"https:\/\/hodajlaw.com\/wp-content\/uploads\/2024\/01\/RegistrationOnTheCivilRegistry-01.svg\" width=\"150\" height=\"150\"><\/a><\/div>                <div class=\"penci-ibox-content-wrap\">\n\t\t\t\t\t\t\t\t\t\t<h3\n                            class=\"penci-ibox-title\">Eintragung im Zivilregister (Erwerb) und Entlassung aus der Staatsangeh\u00f6rigkeit (Ausb\u00fcrgerung)<\/h3>\t\t\t\t\t\t\t\t\t\t\t\t\t\t\t                <\/div>\n            <\/div>\n        <\/div>\n\t\t\t\t\t\t<\/div>\n\t\t\t\t<\/div>\n\t\t\t\t\t<\/div>\n\t\t\t\t<\/div>\n\t\t<div class=\"elementor-element elementor-element-3124a951 e-flex e-con-boxed e-con e-parent\" data-id=\"3124a951\" data-element_type=\"container\" data-e-type=\"container\">\n\t\t\t\t\t<div class=\"e-con-inner\">\n\t\t\t\t<div class=\"elementor-element elementor-element-3cf128cb elementor-widget elementor-widget-text-editor\" data-id=\"3cf128cb\" data-element_type=\"widget\" data-e-type=\"widget\" data-widget_type=\"text-editor.default\">\n\t\t\t\t<div class=\"elementor-widget-container\">\n\t\t\t\t\t\t\t\t\t<p>Unsere Kanzlei bietet Rechtsberatung und Unterst\u00fctzung bei allen Verfahren bez\u00fcglich Staatsb\u00fcrgerschaft und erm\u00f6glicht unseren Mandanten, die Rechte zu genie\u00dfen, die ihnen zustehen.<\/p><p>Ein Gro\u00dfteil der kosovarischen Diaspora muss im kosovarischen Zivilregister neu eingetragen werden, um ihre Rechte als kosovarische Staatsb\u00fcrger geniessen zu k\u00f6nnen, da eine grosse Anzahl der alten Geburtsurkunden w\u00e4hrend des letzten Krieges im Kosovo zerst\u00f6rt oder gestohlen wurden. Unsere Kanzlei bietet juristische Assistenz f\u00fcr die kosovarische Diaspora, welche die kosovarische Staatsb\u00fcrgerschaft erwerben m\u00f6chte.<\/p><p>Wir bieten auch Rechtsberatung f\u00fcr Nichtstaatsangeh\u00f6rige an, die ihren Aufenthaltsrecht im Kosovo etabliert haben und das Recht haben kosovarische B\u00fcrger zu werden, oder f\u00fcr Personen, die Familienbeziehung im Kosovo haben.<\/p><p><strong>Entlassung aus der Staatsangeh\u00f6rigkeit (Ausb\u00fcrgerung)<\/strong><\/p><p>Ein kosovarischer B\u00fcrger kann Staatsb\u00fcrger mehr als eines Landes sein, und viele Staatsb\u00fcrger haben eine doppelte Staatsb\u00fcrgerschaft. In einigen L\u00e4ndern ist die doppelte Staatsb\u00fcrgerschaft jedoch nicht zul\u00e4ssig, und viele kosovarische Staatsb\u00fcrger, die ihren Wohnsitz in solchen L\u00e4ndern haben, beantragen eine Entlassung aus der kosovarischen Staatsangeh\u00f6rigkeit, um die beabsichtigte Staatsb\u00fcrgerschaft zu erhalten.<\/p><p>Unsere Kanzlei bietet den Mandanten w\u00e4hrend des gesamten Verfahrens bis zur Entlassung aus der Staatsangeh\u00f6rigkeit Rechtsberatung an.<\/p>\t\t\t\t\t\t\t\t<\/div>\n\t\t\t\t<\/div>\n\t\t\t\t\t<\/div>\n\t\t\t\t<\/div>\n\t\t\t\t<\/div>","protected":false},"excerpt":{"rendered":"<p>Registration on the Civil Registry, Acquisition &#038; Release from Kosovo Citizenship Hodaj &amp; Partners offers legal assistance in all citizenship-related procedures, ensuring our clients can fully exercise the rights they&hellip;<\/p>","protected":false},"author":1,"featured_media":0,"parent":4706,"menu_order":0,"comment_status":"closed","ping_status":"closed","template":"","meta":{"_lmt_disableupdate":"","_lmt_disable":"","footnotes":""},"class_list":["post-1349","page","type-page","status-publish","hentry"],"yoast_head":"<!-- This site is optimized with the Yoast SEO plugin v27.4 - https:\/\/yoast.com\/product\/yoast-seo-wordpress\/ -->\n<title>Registration on the Civil Registry, Acquisition &amp; Release from Kosovo Citizenship - Hodaj &amp; Partners L.L.C.<\/title>\n<meta name=\"robots\" content=\"index, follow, max-snippet:-1, max-image-preview:large, max-video-preview:-1\" \/>\n<link rel=\"canonical\" href=\"https:\/\/hodajlaw.com\/de\/areas-of-practice\/registration-on-the-civil-registry-acquisition-release-from-kosovo-citizenship\/\" \/>\n<meta property=\"og:locale\" content=\"de_DE\" \/>\n<meta property=\"og:type\" content=\"article\" \/>\n<meta property=\"og:title\" content=\"Registration on the Civil Registry, Acquisition &amp; Release from Kosovo Citizenship - Hodaj &amp; Partners L.L.C.\" \/>\n<meta property=\"og:description\" content=\"Registration on the Civil Registry, Acquisition &#038; Release from Kosovo Citizenship Hodaj &amp; Partners offers legal assistance in all citizenship-related procedures, ensuring our clients can fully exercise the rights they&hellip;\" \/>\n<meta property=\"og:url\" content=\"https:\/\/hodajlaw.com\/de\/areas-of-practice\/registration-on-the-civil-registry-acquisition-release-from-kosovo-citizenship\/\" \/>\n<meta property=\"og:site_name\" content=\"Hodaj &amp; Partners L.L.C.\" \/>\n<meta property=\"article:modified_time\" content=\"2025-09-16T18:56:35+00:00\" \/>\n<meta property=\"og:image\" content=\"https:\/\/hodajlaw.com\/wp-content\/uploads\/2024\/01\/RegistrationOnTheCivilRegistry-01.svg\" \/>\n<meta name=\"twitter:card\" content=\"summary_large_image\" \/>\n<meta name=\"twitter:label1\" content=\"Gesch\u00e4tzte Lesezeit\" \/>\n\t<meta name=\"twitter:data1\" content=\"2\u00a0Minuten\" \/>\n<script type=\"application\/ld+json\" class=\"yoast-schema-graph\">{\"@context\":\"https:\\\/\\\/schema.org\",\"@graph\":[{\"@type\":\"WebPage\",\"@id\":\"https:\\\/\\\/hodajlaw.com\\\/areas-of-practice\\\/registration-on-the-civil-registry-acquisition-release-from-kosovo-citizenship\\\/\",\"url\":\"https:\\\/\\\/hodajlaw.com\\\/areas-of-practice\\\/registration-on-the-civil-registry-acquisition-release-from-kosovo-citizenship\\\/\",\"name\":\"Registration on the Civil Registry, Acquisition & Release from Kosovo Citizenship - Hodaj &amp; Partners L.L.C.\",\"isPartOf\":{\"@id\":\"https:\\\/\\\/hodajlaw.com\\\/#website\"},\"primaryImageOfPage\":{\"@id\":\"https:\\\/\\\/hodajlaw.com\\\/areas-of-practice\\\/registration-on-the-civil-registry-acquisition-release-from-kosovo-citizenship\\\/#primaryimage\"},\"image\":{\"@id\":\"https:\\\/\\\/hodajlaw.com\\\/areas-of-practice\\\/registration-on-the-civil-registry-acquisition-release-from-kosovo-citizenship\\\/#primaryimage\"},\"thumbnailUrl\":\"https:\\\/\\\/hodajlaw.com\\\/wp-content\\\/uploads\\\/2024\\\/01\\\/RegistrationOnTheCivilRegistry-01.svg\",\"datePublished\":\"2019-02-22T09:04:08+00:00\",\"dateModified\":\"2025-09-16T18:56:35+00:00\",\"breadcrumb\":{\"@id\":\"https:\\\/\\\/hodajlaw.com\\\/areas-of-practice\\\/registration-on-the-civil-registry-acquisition-release-from-kosovo-citizenship\\\/#breadcrumb\"},\"inLanguage\":\"de\",\"potentialAction\":[{\"@type\":\"ReadAction\",\"target\":[\"https:\\\/\\\/hodajlaw.com\\\/areas-of-practice\\\/registration-on-the-civil-registry-acquisition-release-from-kosovo-citizenship\\\/\"]}]},{\"@type\":\"ImageObject\",\"inLanguage\":\"de\",\"@id\":\"https:\\\/\\\/hodajlaw.com\\\/areas-of-practice\\\/registration-on-the-civil-registry-acquisition-release-from-kosovo-citizenship\\\/#primaryimage\",\"url\":\"https:\\\/\\\/hodajlaw.com\\\/wp-content\\\/uploads\\\/2024\\\/01\\\/RegistrationOnTheCivilRegistry-01.svg\",\"contentUrl\":\"https:\\\/\\\/hodajlaw.com\\\/wp-content\\\/uploads\\\/2024\\\/01\\\/RegistrationOnTheCivilRegistry-01.svg\"},{\"@type\":\"BreadcrumbList\",\"@id\":\"https:\\\/\\\/hodajlaw.com\\\/areas-of-practice\\\/registration-on-the-civil-registry-acquisition-release-from-kosovo-citizenship\\\/#breadcrumb\",\"itemListElement\":[{\"@type\":\"ListItem\",\"position\":1,\"name\":\"Home\",\"item\":\"https:\\\/\\\/hodajlaw.com\\\/\"},{\"@type\":\"ListItem\",\"position\":2,\"name\":\"Areas of Practice\",\"item\":\"https:\\\/\\\/hodajlaw.com\\\/areas-of-practice\\\/\"},{\"@type\":\"ListItem\",\"position\":3,\"name\":\"Registration on the Civil Registry, Acquisition &#038; Release from Kosovo Citizenship\"}]},{\"@type\":\"WebSite\",\"@id\":\"https:\\\/\\\/hodajlaw.com\\\/#website\",\"url\":\"https:\\\/\\\/hodajlaw.com\\\/\",\"name\":\"Hodaj &amp; Partners L.L.C.\",\"description\":\"Hodaj &amp; Partners\",\"potentialAction\":[{\"@type\":\"SearchAction\",\"target\":{\"@type\":\"EntryPoint\",\"urlTemplate\":\"https:\\\/\\\/hodajlaw.com\\\/?s={search_term_string}\"},\"query-input\":{\"@type\":\"PropertyValueSpecification\",\"valueRequired\":true,\"valueName\":\"search_term_string\"}}],\"inLanguage\":\"de\"}]}<\/script>\n<!-- \/ Yoast SEO plugin. -->","yoast_head_json":{"title":"Registration on the Civil Registry, Acquisition & Release from Kosovo Citizenship - Hodaj &amp; Partners L.L.C.","robots":{"index":"index","follow":"follow","max-snippet":"max-snippet:-1","max-image-preview":"max-image-preview:large","max-video-preview":"max-video-preview:-1"},"canonical":"https:\/\/hodajlaw.com\/de\/areas-of-practice\/registration-on-the-civil-registry-acquisition-release-from-kosovo-citizenship\/","og_locale":"de_DE","og_type":"article","og_title":"Registration on the Civil Registry, Acquisition & Release from Kosovo Citizenship - Hodaj &amp; Partners L.L.C.","og_description":"Registration on the Civil Registry, Acquisition &#038; Release from Kosovo Citizenship Hodaj &amp; Partners offers legal assistance in all citizenship-related procedures, ensuring our clients can fully exercise the rights they&hellip;","og_url":"https:\/\/hodajlaw.com\/de\/areas-of-practice\/registration-on-the-civil-registry-acquisition-release-from-kosovo-citizenship\/","og_site_name":"Hodaj &amp; Partners L.L.C.","article_modified_time":"2025-09-16T18:56:35+00:00","og_image":[{"url":"https:\/\/hodajlaw.com\/wp-content\/uploads\/2024\/01\/RegistrationOnTheCivilRegistry-01.svg","type":"","width":"","height":""}],"twitter_card":"summary_large_image","twitter_misc":{"Gesch\u00e4tzte Lesezeit":"2\u00a0Minuten"},"schema":{"@context":"https:\/\/schema.org","@graph":[{"@type":"WebPage","@id":"https:\/\/hodajlaw.com\/areas-of-practice\/registration-on-the-civil-registry-acquisition-release-from-kosovo-citizenship\/","url":"https:\/\/hodajlaw.com\/areas-of-practice\/registration-on-the-civil-registry-acquisition-release-from-kosovo-citizenship\/","name":"Registration on the Civil Registry, Acquisition & Release from Kosovo Citizenship - Hodaj &amp; Partners L.L.C.","isPartOf":{"@id":"https:\/\/hodajlaw.com\/#website"},"primaryImageOfPage":{"@id":"https:\/\/hodajlaw.com\/areas-of-practice\/registration-on-the-civil-registry-acquisition-release-from-kosovo-citizenship\/#primaryimage"},"image":{"@id":"https:\/\/hodajlaw.com\/areas-of-practice\/registration-on-the-civil-registry-acquisition-release-from-kosovo-citizenship\/#primaryimage"},"thumbnailUrl":"https:\/\/hodajlaw.com\/wp-content\/uploads\/2024\/01\/RegistrationOnTheCivilRegistry-01.svg","datePublished":"2019-02-22T09:04:08+00:00","dateModified":"2025-09-16T18:56:35+00:00","breadcrumb":{"@id":"https:\/\/hodajlaw.com\/areas-of-practice\/registration-on-the-civil-registry-acquisition-release-from-kosovo-citizenship\/#breadcrumb"},"inLanguage":"de","potentialAction":[{"@type":"ReadAction","target":["https:\/\/hodajlaw.com\/areas-of-practice\/registration-on-the-civil-registry-acquisition-release-from-kosovo-citizenship\/"]}]},{"@type":"ImageObject","inLanguage":"de","@id":"https:\/\/hodajlaw.com\/areas-of-practice\/registration-on-the-civil-registry-acquisition-release-from-kosovo-citizenship\/#primaryimage","url":"https:\/\/hodajlaw.com\/wp-content\/uploads\/2024\/01\/RegistrationOnTheCivilRegistry-01.svg","contentUrl":"https:\/\/hodajlaw.com\/wp-content\/uploads\/2024\/01\/RegistrationOnTheCivilRegistry-01.svg"},{"@type":"BreadcrumbList","@id":"https:\/\/hodajlaw.com\/areas-of-practice\/registration-on-the-civil-registry-acquisition-release-from-kosovo-citizenship\/#breadcrumb","itemListElement":[{"@type":"ListItem","position":1,"name":"Home","item":"https:\/\/hodajlaw.com\/"},{"@type":"ListItem","position":2,"name":"Areas of Practice","item":"https:\/\/hodajlaw.com\/areas-of-practice\/"},{"@type":"ListItem","position":3,"name":"Registration on the Civil Registry, Acquisition &#038; Release from Kosovo Citizenship"}]},{"@type":"WebSite","@id":"https:\/\/hodajlaw.com\/#website","url":"https:\/\/hodajlaw.com\/","name":"Hodaj &amp; Partners L.L.C.","description":"Hodaj &amp; Partners","potentialAction":[{"@type":"SearchAction","target":{"@type":"EntryPoint","urlTemplate":"https:\/\/hodajlaw.com\/?s={search_term_string}"},"query-input":{"@type":"PropertyValueSpecification","valueRequired":true,"valueName":"search_term_string"}}],"inLanguage":"de"}]}},"_links":{"self":[{"href":"https:\/\/hodajlaw.com\/de\/wp-json\/wp\/v2\/pages\/1349","targetHints":{"allow":["GET"]}}],"collection":[{"href":"https:\/\/hodajlaw.com\/de\/wp-json\/wp\/v2\/pages"}],"about":[{"href":"https:\/\/hodajlaw.com\/de\/wp-json\/wp\/v2\/types\/page"}],"author":[{"embeddable":true,"href":"https:\/\/hodajlaw.com\/de\/wp-json\/wp\/v2\/users\/1"}],"replies":[{"embeddable":true,"href":"https:\/\/hodajlaw.com\/de\/wp-json\/wp\/v2\/comments?post=1349"}],"version-history":[{"count":11,"href":"https:\/\/hodajlaw.com\/de\/wp-json\/wp\/v2\/pages\/1349\/revisions"}],"predecessor-version":[{"id":6701,"href":"https:\/\/hodajlaw.com\/de\/wp-json\/wp\/v2\/pages\/1349\/revisions\/6701"}],"up":[{"embeddable":true,"href":"https:\/\/hodajlaw.com\/de\/wp-json\/wp\/v2\/pages\/4706"}],"wp:attachment":[{"href":"https:\/\/hodajlaw.com\/de\/wp-json\/wp\/v2\/media?parent=1349"}],"curies":[{"name":"wp","href":"https:\/\/api.w.org\/{rel}","templated":true}]}}