{"id":1454,"date":"2019-03-13T08:36:05","date_gmt":"2019-03-13T08:36:05","guid":{"rendered":"http:\/\/hodajlaw.com\/?page_id=1454"},"modified":"2024-05-27T17:18:41","modified_gmt":"2024-05-27T17:18:41","slug":"taulant-hodaj","status":"publish","type":"page","link":"https:\/\/hodajlaw.com\/de\/about-us\/team\/taulant-hodaj\/","title":{"rendered":"Taulant Hodaj"},"content":{"rendered":"<div data-elementor-type=\"wp-page\" data-elementor-id=\"1454\" class=\"elementor elementor-1454\">\n\t\t\t\t\t\t<section class=\"penci-section penci-dmcheck penci-elbg-activate penci-disSticky penci-structure-10 elementor-section elementor-top-section elementor-element elementor-element-25dc58fc elementor-section-boxed elementor-section-height-default elementor-section-height-default\" data-id=\"25dc58fc\" data-element_type=\"section\" data-e-type=\"section\" data-settings=\"{&quot;background_background&quot;:&quot;classic&quot;}\">\n\t\t\t\t\t\t<div class=\"elementor-container elementor-column-gap-default\">\n\t\t\t\t\t<div class=\"penci-ercol-100 penci-ercol-order-1 penci-sticky-ct    elementor-column elementor-col-100 elementor-top-column elementor-element elementor-element-5c095f35\" data-id=\"5c095f35\" data-element_type=\"column\" data-e-type=\"column\">\n\t\t\t<div class=\"elementor-widget-wrap elementor-element-populated\">\n\t\t\t\t\t\t<div class=\"elementor-element elementor-element-17fe2137 elementor-widget elementor-widget-penci-fancy_heading\" data-id=\"17fe2137\" data-element_type=\"widget\" data-e-type=\"widget\" data-widget_type=\"penci-fancy_heading.default\">\n\t\t\t\t<div class=\"elementor-widget-container\">\n\t\t\t\t\t\t\t<div class=\"penci-fancy-heading penci-heading-text-left\">\n\t\t\t<div class=\"penci-fancy-heading-inner\">\n\t\t\t\t<h2 class=\"penci-heading-title\"><span class=\"inner-tit\">Taulant hodaj <\/span><\/h2><div class=\"penci-heading-content entry-content\"><p>Rechtsanwalt, Managing Partner<\/p>\n<\/div>\t\t\t<\/div>\n\t\t<\/div>\n\t\t\t\t\t\t<\/div>\n\t\t\t\t<\/div>\n\t\t\t\t\t<\/div>\n\t\t<\/div>\n\t\t\t\t\t<\/div>\n\t\t<\/section>\n\t\t<div class=\"elementor-element elementor-element-9eabc01 e-flex e-con-boxed e-con e-parent\" data-id=\"9eabc01\" data-element_type=\"container\" data-e-type=\"container\">\n\t\t\t\t\t<div class=\"e-con-inner\">\n\t\t<div class=\"elementor-element elementor-element-336bf2e e-con-full e-flex e-con e-child\" data-id=\"336bf2e\" data-element_type=\"container\" data-e-type=\"container\">\n\t\t\t\t<div class=\"elementor-element elementor-element-6faffcb elementor-widget elementor-widget-image\" data-id=\"6faffcb\" data-element_type=\"widget\" data-e-type=\"widget\" data-widget_type=\"image.default\">\n\t\t\t\t<div class=\"elementor-widget-container\">\n\t\t\t\t\t\t\t\t\t\t\t\t\t\t\t<img fetchpriority=\"high\" decoding=\"async\" width=\"1024\" height=\"1536\" src=\"https:\/\/hodajlaw.com\/wp-content\/uploads\/2024\/03\/DSC03749-min-1024x1536.jpg\" class=\"attachment-1536x1536 size-1536x1536 wp-image-5726\" alt=\"\" srcset=\"https:\/\/hodajlaw.com\/wp-content\/uploads\/2024\/03\/DSC03749-min-1024x1536.jpg 1024w, https:\/\/hodajlaw.com\/wp-content\/uploads\/2024\/03\/DSC03749-min-200x300.jpg 200w, https:\/\/hodajlaw.com\/wp-content\/uploads\/2024\/03\/DSC03749-min-683x1024.jpg 683w, https:\/\/hodajlaw.com\/wp-content\/uploads\/2024\/03\/DSC03749-min-768x1152.jpg 768w, https:\/\/hodajlaw.com\/wp-content\/uploads\/2024\/03\/DSC03749-min-1365x2048.jpg 1365w, https:\/\/hodajlaw.com\/wp-content\/uploads\/2024\/03\/DSC03749-min-8x12.jpg 8w, https:\/\/hodajlaw.com\/wp-content\/uploads\/2024\/03\/DSC03749-min-1920x2880.jpg 1920w, https:\/\/hodajlaw.com\/wp-content\/uploads\/2024\/03\/DSC03749-min-1170x1755.jpg 1170w, https:\/\/hodajlaw.com\/wp-content\/uploads\/2024\/03\/DSC03749-min-585x878.jpg 585w, https:\/\/hodajlaw.com\/wp-content\/uploads\/2024\/03\/DSC03749-min-scaled.jpg 1707w\" sizes=\"(max-width: 1024px) 100vw, 1024px\" \/>\t\t\t\t\t\t\t\t\t\t\t\t\t\t\t<\/div>\n\t\t\t\t<\/div>\n\t\t\t\t<\/div>\n\t\t<div class=\"elementor-element elementor-element-3c7dfb2 e-con-full e-flex e-con e-child\" data-id=\"3c7dfb2\" data-element_type=\"container\" data-e-type=\"container\">\n\t\t\t\t<div class=\"elementor-element elementor-element-210c334 elementor-widget elementor-widget-penci-text-block\" data-id=\"210c334\" data-element_type=\"widget\" data-e-type=\"widget\" data-widget_type=\"penci-text-block.default\">\n\t\t\t\t<div class=\"elementor-widget-container\">\n\t\t\t\t\t\t\t<div class=\"penci-block-vc penci-text-editor\">\n\t\t\t\t\t\t<div class=\"penci-block_content\">\n\t\t\t\t<div class=\"elementor-text-editor elementor-clearfix\"><p><span style=\"font-size: x-large;\"><strong>Expertise und T\u00e4tigkeit<\/strong><\/span><\/p><p>Herr Taulant Hodaj ist Managing Partner von Hodaj &amp; Partners. Seine breite Erfahrung umfasst Handels- und Gesellschaftsrecht, Unternehmensakquisitionen und Corporate Finance, Steuer- und Zollrecht sowie Rechtsstreitigkeiten. <br \/><br \/>Er ber\u00e4t Mandanten in den komplexesten Angelegenheiten, grenz\u00fcberschreitenden Transaktionen und Unternehmensregulierung. Unabh\u00e4ngige Verzeichnisse platzieren ihn als f\u00fchrenden Anwalt f\u00fcr Gesellschaftsrecht im Kosovo. <br \/><br \/>Taulant hat Mandanten bei den komplexesten Fusionen und \u00dcbernahmen-Deals (M&amp;A), den \u00f6ffentlichen Auftr\u00e4gen und den Public Private Partnership-Projekten im Kosovo beraten.\n\nZus\u00e4tzlich verwaltet und entwickelt Taulant Beziehungen zu Mandanten und Anwaltskanzleien weltweit und spielt eine Schl\u00fcsselrolle bei der Umsetzung der Entwicklungsstrategie von Hodaj &amp; Partners.<\/p><p style=\"text-align: justify;\">Mr. Hodaj is the founder of Hodaj &amp; Partners. <br \/><br \/>Zuvor war er bei verschiedenen internationalen Institutionen wie dem Internationalen Strafgerichtshof der Vereinten Nationen f\u00fcr das ehemalige Jugoslawien in Den Haag, dem Europ\u00e4ischen Forum Alpbach in Wien und bei renommierten Anwaltskanzleien im Kosovo und in Lettland t\u00e4tig.<\/p><p style=\"text-align: justify;\">Herr Hodaj wurde neuerlich als Verteidiger (Co-Counsel) bei den Kosovo Specialist Chambers in Den Haag, Niederlande, zugelassen.<br \/><br \/><strong>Sprachen<\/strong><\/p><p>Flie\u00dfend in Albanisch und Englisch, gute Kenntnisse in Deutsch und Serbo-Croatisch<br \/><br \/><strong><u>Studium<\/u><\/strong><br \/>2017, Pittsburgh School of Law, Spezialisierung auf Internationale Handelsgesch\u00e4fte<br \/>2010, Riga Graduate School of Law (LL.M)<br \/>2010, Riga Graduate School of Law, Spezialisierung im Europ\u00e4ischen Recht<br \/>2008 Prishtina Universit\u00e4t, (BA)<br \/>2007, Staatliche Universit\u00e4t Tetovo (LL.B)<br \/><br \/><strong>Mitgliedschaften<\/strong><\/p><ul><li>Rechtsanwaltskammer Kosovo<\/li><li>Co-Counsel bei Kosovo Specialist Chambers, Den Hague, Niederlande<\/li><li>Strategisches Planungskomitee der Rechtsanwaltskammer Kosovo<\/li><li>Amerikanische Gesellschaft f\u00fcr Internationales Recht<\/li><li>Internationale Rechtsanwaltskammer<\/li><li>Mitglied von International Arbitration Group<\/li><li>Association of Kosovo United States Alumni (KUSA)<\/li><li><span lang=\"EN-GB\">Transformational Leadership Programme (TLP) Association \u2013<\/span>TLP Alumni<\/li><\/ul><\/div>\n\t\t\t<\/div>\n\t\t<\/div>\n\t\t\t\t\t\t<\/div>\n\t\t\t\t<\/div>\n\t\t\t\t<\/div>\n\t\t\t\t\t<\/div>\n\t\t\t\t<\/div>\n\t\t\t\t<\/div>","protected":false},"excerpt":{"rendered":"<p>Taulant hodaj Attorney at Law, Managing Partner Main Areas of Expertise &amp; Career Summary Mr. Taulant Hodaj is the Managing Partner of Hodaj &amp; Partners. His wide-ranging experience covers commercial&hellip;<\/p>","protected":false},"author":1,"featured_media":0,"parent":1111,"menu_order":0,"comment_status":"closed","ping_status":"closed","template":"elementor_header_footer","meta":{"_lmt_disableupdate":"","_lmt_disable":"","footnotes":""},"class_list":["post-1454","page","type-page","status-publish","hentry"],"yoast_head":"<!-- This site is optimized with the Yoast SEO plugin v26.8 - https:\/\/yoast.com\/product\/yoast-seo-wordpress\/ -->\n<title>Taulant Hodaj - Hodaj &amp; Partners L.L.C.<\/title>\n<meta name=\"robots\" content=\"index, follow, max-snippet:-1, max-image-preview:large, max-video-preview:-1\" \/>\n<link rel=\"canonical\" href=\"https:\/\/hodajlaw.com\/de\/about-us\/team\/taulant-hodaj\/\" \/>\n<meta property=\"og:locale\" content=\"de_DE\" \/>\n<meta property=\"og:type\" content=\"article\" \/>\n<meta property=\"og:title\" content=\"Taulant Hodaj - Hodaj &amp; Partners L.L.C.\" \/>\n<meta property=\"og:description\" content=\"Taulant hodaj Attorney at Law, Managing Partner Main Areas of Expertise &amp; Career Summary Mr. Taulant Hodaj is the Managing Partner of Hodaj &amp; Partners. His wide-ranging experience covers commercial&hellip;\" \/>\n<meta property=\"og:url\" content=\"https:\/\/hodajlaw.com\/de\/about-us\/team\/taulant-hodaj\/\" \/>\n<meta property=\"og:site_name\" content=\"Hodaj &amp; Partners L.L.C.\" \/>\n<meta property=\"article:modified_time\" content=\"2024-05-27T17:18:41+00:00\" \/>\n<meta property=\"og:image\" content=\"https:\/\/hodajlaw.com\/wp-content\/uploads\/2019\/03\/Taulant_Hodaj-scaled.jpg\" \/>\n\t<meta property=\"og:image:width\" content=\"2560\" \/>\n\t<meta property=\"og:image:height\" content=\"1706\" \/>\n\t<meta property=\"og:image:type\" content=\"image\/jpeg\" \/>\n<meta name=\"twitter:card\" content=\"summary_large_image\" \/>\n<meta name=\"twitter:image\" content=\"https:\/\/hodajlaw.com\/wp-content\/uploads\/2019\/03\/Taulant_Hodaj-scaled.jpg\" \/>\n<meta name=\"twitter:label1\" content=\"Gesch\u00e4tzte Lesezeit\" \/>\n\t<meta name=\"twitter:data1\" content=\"2\u00a0Minuten\" \/>\n<script type=\"application\/ld+json\" class=\"yoast-schema-graph\">{\"@context\":\"https:\/\/schema.org\",\"@graph\":[{\"@type\":\"WebPage\",\"@id\":\"https:\/\/hodajlaw.com\/about-us\/team\/taulant-hodaj\/\",\"url\":\"https:\/\/hodajlaw.com\/about-us\/team\/taulant-hodaj\/\",\"name\":\"Taulant Hodaj - Hodaj &amp; Partners L.L.C.\",\"isPartOf\":{\"@id\":\"https:\/\/hodajlaw.com\/#website\"},\"primaryImageOfPage\":{\"@id\":\"https:\/\/hodajlaw.com\/about-us\/team\/taulant-hodaj\/#primaryimage\"},\"image\":{\"@id\":\"https:\/\/hodajlaw.com\/about-us\/team\/taulant-hodaj\/#primaryimage\"},\"thumbnailUrl\":\"https:\/\/hodajlaw.com\/wp-content\/uploads\/2024\/03\/DSC03749-min-1024x1536.jpg\",\"datePublished\":\"2019-03-13T08:36:05+00:00\",\"dateModified\":\"2024-05-27T17:18:41+00:00\",\"breadcrumb\":{\"@id\":\"https:\/\/hodajlaw.com\/about-us\/team\/taulant-hodaj\/#breadcrumb\"},\"inLanguage\":\"de\",\"potentialAction\":[{\"@type\":\"ReadAction\",\"target\":[\"https:\/\/hodajlaw.com\/about-us\/team\/taulant-hodaj\/\"]}]},{\"@type\":\"ImageObject\",\"inLanguage\":\"de\",\"@id\":\"https:\/\/hodajlaw.com\/about-us\/team\/taulant-hodaj\/#primaryimage\",\"url\":\"https:\/\/hodajlaw.com\/wp-content\/uploads\/2024\/03\/DSC03749-min-1024x1536.jpg\",\"contentUrl\":\"https:\/\/hodajlaw.com\/wp-content\/uploads\/2024\/03\/DSC03749-min-1024x1536.jpg\"},{\"@type\":\"BreadcrumbList\",\"@id\":\"https:\/\/hodajlaw.com\/about-us\/team\/taulant-hodaj\/#breadcrumb\",\"itemListElement\":[{\"@type\":\"ListItem\",\"position\":1,\"name\":\"Home\",\"item\":\"https:\/\/hodajlaw.com\/\"},{\"@type\":\"ListItem\",\"position\":2,\"name\":\"About\",\"item\":\"https:\/\/hodajlaw.com\/about-us\/\"},{\"@type\":\"ListItem\",\"position\":3,\"name\":\"Team\",\"item\":\"https:\/\/hodajlaw.com\/about-us\/team\/\"},{\"@type\":\"ListItem\",\"position\":4,\"name\":\"Taulant Hodaj\"}]},{\"@type\":\"WebSite\",\"@id\":\"https:\/\/hodajlaw.com\/#website\",\"url\":\"https:\/\/hodajlaw.com\/\",\"name\":\"Hodaj &amp; Partners L.L.C.\",\"description\":\"Hodaj &amp; Partners\",\"potentialAction\":[{\"@type\":\"SearchAction\",\"target\":{\"@type\":\"EntryPoint\",\"urlTemplate\":\"https:\/\/hodajlaw.com\/?s={search_term_string}\"},\"query-input\":{\"@type\":\"PropertyValueSpecification\",\"valueRequired\":true,\"valueName\":\"search_term_string\"}}],\"inLanguage\":\"de\"}]}<\/script>\n<!-- \/ Yoast SEO plugin. -->","yoast_head_json":{"title":"Taulant Hodaj - Hodaj &amp; Partners L.L.C.","robots":{"index":"index","follow":"follow","max-snippet":"max-snippet:-1","max-image-preview":"max-image-preview:large","max-video-preview":"max-video-preview:-1"},"canonical":"https:\/\/hodajlaw.com\/de\/about-us\/team\/taulant-hodaj\/","og_locale":"de_DE","og_type":"article","og_title":"Taulant Hodaj - Hodaj &amp; Partners L.L.C.","og_description":"Taulant hodaj Attorney at Law, Managing Partner Main Areas of Expertise &amp; Career Summary Mr. Taulant Hodaj is the Managing Partner of Hodaj &amp; Partners. His wide-ranging experience covers commercial&hellip;","og_url":"https:\/\/hodajlaw.com\/de\/about-us\/team\/taulant-hodaj\/","og_site_name":"Hodaj &amp; Partners L.L.C.","article_modified_time":"2024-05-27T17:18:41+00:00","og_image":[{"width":2560,"height":1706,"url":"https:\/\/hodajlaw.com\/wp-content\/uploads\/2019\/03\/Taulant_Hodaj-scaled.jpg","type":"image\/jpeg"}],"twitter_card":"summary_large_image","twitter_image":"https:\/\/hodajlaw.com\/wp-content\/uploads\/2019\/03\/Taulant_Hodaj-scaled.jpg","twitter_misc":{"Gesch\u00e4tzte Lesezeit":"2\u00a0Minuten"},"schema":{"@context":"https:\/\/schema.org","@graph":[{"@type":"WebPage","@id":"https:\/\/hodajlaw.com\/about-us\/team\/taulant-hodaj\/","url":"https:\/\/hodajlaw.com\/about-us\/team\/taulant-hodaj\/","name":"Taulant Hodaj - Hodaj &amp; Partners L.L.C.","isPartOf":{"@id":"https:\/\/hodajlaw.com\/#website"},"primaryImageOfPage":{"@id":"https:\/\/hodajlaw.com\/about-us\/team\/taulant-hodaj\/#primaryimage"},"image":{"@id":"https:\/\/hodajlaw.com\/about-us\/team\/taulant-hodaj\/#primaryimage"},"thumbnailUrl":"https:\/\/hodajlaw.com\/wp-content\/uploads\/2024\/03\/DSC03749-min-1024x1536.jpg","datePublished":"2019-03-13T08:36:05+00:00","dateModified":"2024-05-27T17:18:41+00:00","breadcrumb":{"@id":"https:\/\/hodajlaw.com\/about-us\/team\/taulant-hodaj\/#breadcrumb"},"inLanguage":"de","potentialAction":[{"@type":"ReadAction","target":["https:\/\/hodajlaw.com\/about-us\/team\/taulant-hodaj\/"]}]},{"@type":"ImageObject","inLanguage":"de","@id":"https:\/\/hodajlaw.com\/about-us\/team\/taulant-hodaj\/#primaryimage","url":"https:\/\/hodajlaw.com\/wp-content\/uploads\/2024\/03\/DSC03749-min-1024x1536.jpg","contentUrl":"https:\/\/hodajlaw.com\/wp-content\/uploads\/2024\/03\/DSC03749-min-1024x1536.jpg"},{"@type":"BreadcrumbList","@id":"https:\/\/hodajlaw.com\/about-us\/team\/taulant-hodaj\/#breadcrumb","itemListElement":[{"@type":"ListItem","position":1,"name":"Home","item":"https:\/\/hodajlaw.com\/"},{"@type":"ListItem","position":2,"name":"About","item":"https:\/\/hodajlaw.com\/about-us\/"},{"@type":"ListItem","position":3,"name":"Team","item":"https:\/\/hodajlaw.com\/about-us\/team\/"},{"@type":"ListItem","position":4,"name":"Taulant Hodaj"}]},{"@type":"WebSite","@id":"https:\/\/hodajlaw.com\/#website","url":"https:\/\/hodajlaw.com\/","name":"Hodaj &amp; Partners L.L.C.","description":"Hodaj &amp; Partners","potentialAction":[{"@type":"SearchAction","target":{"@type":"EntryPoint","urlTemplate":"https:\/\/hodajlaw.com\/?s={search_term_string}"},"query-input":{"@type":"PropertyValueSpecification","valueRequired":true,"valueName":"search_term_string"}}],"inLanguage":"de"}]}},"_links":{"self":[{"href":"https:\/\/hodajlaw.com\/de\/wp-json\/wp\/v2\/pages\/1454","targetHints":{"allow":["GET"]}}],"collection":[{"href":"https:\/\/hodajlaw.com\/de\/wp-json\/wp\/v2\/pages"}],"about":[{"href":"https:\/\/hodajlaw.com\/de\/wp-json\/wp\/v2\/types\/page"}],"author":[{"embeddable":true,"href":"https:\/\/hodajlaw.com\/de\/wp-json\/wp\/v2\/users\/1"}],"replies":[{"embeddable":true,"href":"https:\/\/hodajlaw.com\/de\/wp-json\/wp\/v2\/comments?post=1454"}],"version-history":[{"count":88,"href":"https:\/\/hodajlaw.com\/de\/wp-json\/wp\/v2\/pages\/1454\/revisions"}],"predecessor-version":[{"id":6105,"href":"https:\/\/hodajlaw.com\/de\/wp-json\/wp\/v2\/pages\/1454\/revisions\/6105"}],"up":[{"embeddable":true,"href":"https:\/\/hodajlaw.com\/de\/wp-json\/wp\/v2\/pages\/1111"}],"wp:attachment":[{"href":"https:\/\/hodajlaw.com\/de\/wp-json\/wp\/v2\/media?parent=1454"}],"curies":[{"name":"wp","href":"https:\/\/api.w.org\/{rel}","templated":true}]}}