{"id":2198,"date":"2018-12-17T18:26:00","date_gmt":"2018-12-17T18:26:00","guid":{"rendered":"http:\/\/hodajlaw.com\/team\/"},"modified":"2023-05-30T14:49:51","modified_gmt":"2023-05-30T14:49:51","slug":"team","status":"publish","type":"page","link":"https:\/\/hodajlaw.com\/de\/about-us-2\/team\/","title":{"rendered":"Ekipi yn\u00eb"},"content":{"rendered":"<p>[page_header style=&#8221;normal&#8221; text_color=&#8221;dark&#8221; title_case=&#8221;uppercase&#8221; visibility=&#8221;hide-for-small&#8221;]<\/p>\n<p>[section padding=&#8221;45px&#8221;]<\/p>\n<h2 class=\"uppercase\" style=\"text-align: center;\">EKIPI YN\u0401<\/h2>\n<p>[gap]<\/p>\n<p>[row]<\/p>\n<p>[col span=&#8221;4&#8243; span__sm=&#8221;12&#8243;]<\/p>\n<p>[team_member img=&#8221;1428&#8243; style=&#8221;push&#8221; name=&#8221;Taulant Hodaj&#8221; title=&#8221;Avokat, Partner Menaxhues&#8221; link=&#8221;\/about\/team\/taulant-hodaj\/?lang=sq&#8221; image_height=&#8221;100%&#8221; image_size=&#8221;original&#8221;]<\/p>\n<p>[\/team_member]<\/p>\n<p>[\/col]<br \/>\n[col span=&#8221;4&#8243; span__sm=&#8221;12&#8243;]<\/p>\n<p>[team_member img=&#8221;1443&#8243; style=&#8221;push&#8221; name=&#8221;Labinot Murati&#8221; title=&#8221;Avokat, Partner&#8221; link=&#8221;\/about\/team\/labinot-murati\/?lang=sq&#8221; image_height=&#8221;100%&#8221; image_size=&#8221;original&#8221;]<\/p>\n<p>[\/team_member]<\/p>\n<p>[\/col]<br \/>\n[col span=&#8221;4&#8243; span__sm=&#8221;12&#8243;]<\/p>\n<p>[team_member img=&#8221;1509&#8243; style=&#8221;push&#8221; name=&#8221;REINHARD KIRPES&#8221; title=&#8221;Avokat, Bashk\u00ebpun\u00ebtor i Jasht\u00ebm&#8221; link=&#8221;\/about\/team\/reinhard-kirpes\/?lang=sq&#8221; image_height=&#8221;100%&#8221; image_size=&#8221;original&#8221;]<\/p>\n<p>[\/team_member]<\/p>\n<p>[\/col]<\/p>\n<p>[\/row]<br \/>\n[row]<\/p>\n<p>[col span=&#8221;4&#8243; span__sm=&#8221;12&#8243;]<\/p>\n<p>[team_member img=&#8221;2462&#8243; style=&#8221;push&#8221; name=&#8221;Fis MURATI&#8221; title=&#8221;Avokat, Partner&#8221; link=&#8221;\/about\/team\/fis-murati\/?lang=sq&#8221; image_height=&#8221;100%&#8221; image_size=&#8221;original&#8221;]<\/p>\n<p>[\/team_member]<\/p>\n<p>[\/col]<br \/>\n[col span=&#8221;4&#8243; span__sm=&#8221;12&#8243;]<\/p>\n<p>[team_member img=&#8221;1439&#8243; style=&#8221;push&#8221; name=&#8221;Shkelzen Feka&#8221; title=&#8221;Avokat, Partner&#8221; link=&#8221;\/about\/team\/shkelzen-feka\/?lang=sq&#8221; image_height=&#8221;100%&#8221; image_size=&#8221;original&#8221;]<\/p>\n<p>[\/team_member]<\/p>\n<p>[\/col]<br \/>\n[col span=&#8221;4&#8243; span__sm=&#8221;12&#8243;]<\/p>\n<p>[team_member img=&#8221;2432&#8243; style=&#8221;push&#8221; name=&#8221;Florim Shefqeti&#8221; title=&#8221;Avokat&#8221; link=&#8221;\/about\/team\/florim-shefqeti\/?lang=sq&#8221; image_height=&#8221;100%&#8221; image_size=&#8221;original&#8221;]<\/p>\n<p>[\/team_member]<\/p>\n<p>[\/col]<br \/>\n[col span=&#8221;4&#8243; span__sm=&#8221;12&#8243;]<\/p>\n<p>[team_member img=&#8221;4467&#8243; style=&#8221;push&#8221; name=&#8221;Lirim Ismaili&#8221; title=&#8221;Avokat&#8221; link=&#8221;\/about\/team\/Lirim-Ismaili\/?lang=sq&#8221; image_height=&#8221;100%&#8221; image_size=&#8221;original&#8221; visibility=&#8221;hide-for-small&#8221;]<\/p>\n<p>[\/team_member]<\/p>\n<p>[\/col]<br \/>\n[col span=&#8221;4&#8243; span__sm=&#8221;12&#8243;]<\/p>\n<p>[team_member img=&#8221;1432&#8243; style=&#8221;push&#8221; name=&#8221;Misrete Maksuti&#8221; title=&#8221;Bashk\u00ebpun\u00ebtore&#8221; link=&#8221;\/about\/team\/misrete-maksuti\/?lang=sq&#8221; image_height=&#8221;100%&#8221; image_size=&#8221;original&#8221;]<\/p>\n<p>[\/team_member]<\/p>\n<p>[\/col]<br \/>\n[col span=&#8221;4&#8243; span__sm=&#8221;12&#8243;]<\/p>\n<p>[team_member img=&#8221;2438&#8243; style=&#8221;push&#8221; name=&#8221;Albert \u00c7uni&#8221; title=&#8221;Konsulent i Jasht\u00ebm&#8221; link=&#8221;\/about\/team\/albert-cuni\/?lang=sq&#8221; image_height=&#8221;100%&#8221; image_size=&#8221;original&#8221;]<\/p>\n<p>[\/team_member]<\/p>\n<p>[\/col]<\/p>\n<p>[\/row]<br \/>\n[row]<\/p>\n<p>[col span=&#8221;4&#8243; span__sm=&#8221;12&#8243;]<\/p>\n<p>[team_member img=&#8221;2457&#8243; style=&#8221;push&#8221; name=&#8221;Arlinda Rexhepi&#8221; title=&#8221;Bashk\u00ebpun\u00ebtore&#8221; link=&#8221;\/about\/team\/arlinda-rexhepi\/?lang=sq&#8221; image_height=&#8221;100%&#8221; image_size=&#8221;original&#8221;]<\/p>\n<p>[\/team_member]<br \/>\n[divider color=&#8221;rgb(255, 255, 255)&#8221;]<\/p>\n<p>[team_member img=&#8221;2454&#8243; style=&#8221;push&#8221; name=&#8221;Zeliha Mallaku&#8221; title=&#8221;Bashk\u00ebpun\u00ebtore&#8221; link=&#8221;\/about\/team\/zeliha-mallaku\/?lang=sq&#8221; image_height=&#8221;100%&#8221; image_size=&#8221;original&#8221;]<\/p>\n<p>[\/team_member]<\/p>\n<p>[\/col]<br \/>\n[col span=&#8221;4&#8243; span__sm=&#8221;12&#8243;]<\/p>\n<p>[team_member img=&#8221;4417&#8243; style=&#8221;push&#8221; name=&#8221;Zana Cena&#8221; title=&#8221;Bashk\u00ebpun\u00ebtore&#8221; link=&#8221;\/about\/team\/zana-cena\/?lang=sq&#8221; image_height=&#8221;100%&#8221; image_size=&#8221;original&#8221;]<\/p>\n<p>[\/team_member]<br \/>\n[divider color=&#8221;rgb(255, 255, 255)&#8221;]<\/p>\n<p>[team_member img=&#8221;2449&#8243; style=&#8221;push&#8221; name=&#8221;Aida Hadri&#8221; title=&#8221;Bashk\u00ebpun\u00ebtore&#8221; link=&#8221;\/about\/team\/aida-hadri\/?lang=sq&#8221; image_height=&#8221;100%&#8221; image_size=&#8221;original&#8221;]<\/p>\n<p>[\/team_member]<\/p>\n<p>[\/col]<br \/>\n[col span=&#8221;4&#8243; span__sm=&#8221;12&#8243;]<\/p>\n<p>[team_member img=&#8221;4421&#8243; style=&#8221;push&#8221; name=&#8221;Zgjim Mikullovci&#8221; title=&#8221;Bashk\u00ebpun\u00ebtor Juridik&#8221; link=&#8221;\/about\/team\/zgjim-mikullovci\/?lang=sq&#8221; image_height=&#8221;100%&#8221; image_size=&#8221;original&#8221;]<\/p>\n<p>[\/team_member]<br \/>\n[divider color=&#8221;rgb(255, 255, 255)&#8221;]<\/p>\n<p>[team_member img=&#8221;1447&#8243; style=&#8221;push&#8221; name=&#8221;Eglantina Osmanollaj&#8221; title=&#8221;Asistente Administrative&#8221; link=&#8221;\/about\/team\/eglantina-osmanollaj\/?lang=sq&#8221; image_height=&#8221;100%&#8221; image_size=&#8221;original&#8221;]<\/p>\n<p>[\/team_member]<br \/>\n[team_member img=&#8221;4467&#8243; style=&#8221;push&#8221; name=&#8221;Lirim Ismaili&#8221; title=&#8221;Avokat&#8221; link=&#8221;\/about\/team\/Lirim-Ismaili\/?lang=sq&#8221; image_height=&#8221;100%&#8221; image_size=&#8221;original&#8221; visibility=&#8221;show-for-small&#8221;]<\/p>\n<p>[\/team_member]<\/p>\n<p>[\/col]<\/p>\n<p>[\/row]<\/p>\n<p>[\/section]<\/p>\n","protected":false},"excerpt":{"rendered":"<p>[page_header style=&#8221;normal&#8221; text_color=&#8221;dark&#8221; title_case=&#8221;uppercase&#8221; visibility=&#8221;hide-for-small&#8221;] [section padding=&#8221;45px&#8221;] EKIPI YN\u0401 [gap] [row] [col span=&#8221;4&#8243; span__sm=&#8221;12&#8243;] [team_member img=&#8221;1428&#8243; style=&#8221;push&#8221; name=&#8221;Taulant Hodaj&#8221; title=&#8221;Avokat, Partner Menaxhues&#8221; link=&#8221;\/about\/team\/taulant-hodaj\/?lang=sq&#8221; image_height=&#8221;100%&#8221; image_size=&#8221;original&#8221;] [\/team_member] [\/col] [col span=&#8221;4&#8243; span__sm=&#8221;12&#8243;]&hellip;<\/p>\n","protected":false},"author":1,"featured_media":0,"parent":2253,"menu_order":3,"comment_status":"closed","ping_status":"closed","template":"page-blank.php","meta":{"_lmt_disableupdate":"","_lmt_disable":"","footnotes":""},"class_list":["post-2198","page","type-page","status-publish","hentry"],"yoast_head":"<!-- This site is optimized with the Yoast SEO plugin v26.8 - https:\/\/yoast.com\/product\/yoast-seo-wordpress\/ -->\n<title>Ekipi yn\u00eb - Hodaj &amp; Partners L.L.C.<\/title>\n<meta name=\"robots\" content=\"index, follow, max-snippet:-1, max-image-preview:large, max-video-preview:-1\" \/>\n<link rel=\"canonical\" href=\"https:\/\/hodajlaw.com\/de\/about-us-2\/team\/\" \/>\n<meta property=\"og:locale\" content=\"de_DE\" \/>\n<meta property=\"og:type\" content=\"article\" \/>\n<meta property=\"og:title\" content=\"Ekipi yn\u00eb - Hodaj &amp; Partners L.L.C.\" \/>\n<meta property=\"og:description\" content=\"[page_header style=&#8221;normal&#8221; text_color=&#8221;dark&#8221; title_case=&#8221;uppercase&#8221; visibility=&#8221;hide-for-small&#8221;] [section padding=&#8221;45px&#8221;] EKIPI YN\u0401 [gap] [row] [col span=&#8221;4&#8243; span__sm=&#8221;12&#8243;] [team_member img=&#8221;1428&#8243; style=&#8221;push&#8221; name=&#8221;Taulant Hodaj&#8221; title=&#8221;Avokat, Partner Menaxhues&#8221; link=&#8221;\/about\/team\/taulant-hodaj\/?lang=sq&#8221; image_height=&#8221;100%&#8221; image_size=&#8221;original&#8221;] [\/team_member] [\/col] [col span=&#8221;4&#8243; span__sm=&#8221;12&#8243;]&hellip;\" \/>\n<meta property=\"og:url\" content=\"https:\/\/hodajlaw.com\/de\/about-us-2\/team\/\" \/>\n<meta property=\"og:site_name\" content=\"Hodaj &amp; Partners L.L.C.\" \/>\n<meta property=\"article:modified_time\" content=\"2023-05-30T14:49:51+00:00\" \/>\n<meta property=\"og:image\" content=\"https:\/\/hodajlaw.com\/wp-content\/uploads\/2021\/01\/hodaj-team-1.jpg\" \/>\n\t<meta property=\"og:image:width\" content=\"1920\" \/>\n\t<meta property=\"og:image:height\" content=\"1281\" \/>\n\t<meta property=\"og:image:type\" content=\"image\/jpeg\" \/>\n<meta name=\"twitter:card\" content=\"summary_large_image\" \/>\n<meta name=\"twitter:image\" content=\"https:\/\/hodajlaw.com\/wp-content\/uploads\/2021\/01\/hodaj-team-1.jpg\" \/>\n<meta name=\"twitter:label1\" content=\"Gesch\u00e4tzte Lesezeit\" \/>\n\t<meta name=\"twitter:data1\" content=\"2\u00a0Minuten\" \/>\n<script type=\"application\/ld+json\" class=\"yoast-schema-graph\">{\"@context\":\"https:\/\/schema.org\",\"@graph\":[{\"@type\":\"WebPage\",\"@id\":\"https:\/\/hodajlaw.com\/about-us-2\/team\/\",\"url\":\"https:\/\/hodajlaw.com\/about-us-2\/team\/\",\"name\":\"Ekipi yn\u00eb - Hodaj &amp; Partners L.L.C.\",\"isPartOf\":{\"@id\":\"https:\/\/hodajlaw.com\/#website\"},\"datePublished\":\"2018-12-17T18:26:00+00:00\",\"dateModified\":\"2023-05-30T14:49:51+00:00\",\"breadcrumb\":{\"@id\":\"https:\/\/hodajlaw.com\/about-us-2\/team\/#breadcrumb\"},\"inLanguage\":\"de\",\"potentialAction\":[{\"@type\":\"ReadAction\",\"target\":[\"https:\/\/hodajlaw.com\/about-us-2\/team\/\"]}]},{\"@type\":\"BreadcrumbList\",\"@id\":\"https:\/\/hodajlaw.com\/about-us-2\/team\/#breadcrumb\",\"itemListElement\":[{\"@type\":\"ListItem\",\"position\":1,\"name\":\"Home\",\"item\":\"https:\/\/hodajlaw.com\/\"},{\"@type\":\"ListItem\",\"position\":2,\"name\":\"Rreth Nesh\",\"item\":\"https:\/\/hodajlaw.com\/about-us-2\/\"},{\"@type\":\"ListItem\",\"position\":3,\"name\":\"Ekipi yn\u00eb\"}]},{\"@type\":\"WebSite\",\"@id\":\"https:\/\/hodajlaw.com\/#website\",\"url\":\"https:\/\/hodajlaw.com\/\",\"name\":\"Hodaj &amp; Partners L.L.C.\",\"description\":\"Hodaj &amp; Partners\",\"potentialAction\":[{\"@type\":\"SearchAction\",\"target\":{\"@type\":\"EntryPoint\",\"urlTemplate\":\"https:\/\/hodajlaw.com\/?s={search_term_string}\"},\"query-input\":{\"@type\":\"PropertyValueSpecification\",\"valueRequired\":true,\"valueName\":\"search_term_string\"}}],\"inLanguage\":\"de\"}]}<\/script>\n<!-- \/ Yoast SEO plugin. -->","yoast_head_json":{"title":"Ekipi yn\u00eb - Hodaj &amp; Partners L.L.C.","robots":{"index":"index","follow":"follow","max-snippet":"max-snippet:-1","max-image-preview":"max-image-preview:large","max-video-preview":"max-video-preview:-1"},"canonical":"https:\/\/hodajlaw.com\/de\/about-us-2\/team\/","og_locale":"de_DE","og_type":"article","og_title":"Ekipi yn\u00eb - Hodaj &amp; Partners L.L.C.","og_description":"[page_header style=&#8221;normal&#8221; text_color=&#8221;dark&#8221; title_case=&#8221;uppercase&#8221; visibility=&#8221;hide-for-small&#8221;] [section padding=&#8221;45px&#8221;] EKIPI YN\u0401 [gap] [row] [col span=&#8221;4&#8243; span__sm=&#8221;12&#8243;] [team_member img=&#8221;1428&#8243; style=&#8221;push&#8221; name=&#8221;Taulant Hodaj&#8221; title=&#8221;Avokat, Partner Menaxhues&#8221; link=&#8221;\/about\/team\/taulant-hodaj\/?lang=sq&#8221; image_height=&#8221;100%&#8221; image_size=&#8221;original&#8221;] [\/team_member] [\/col] [col span=&#8221;4&#8243; span__sm=&#8221;12&#8243;]&hellip;","og_url":"https:\/\/hodajlaw.com\/de\/about-us-2\/team\/","og_site_name":"Hodaj &amp; Partners L.L.C.","article_modified_time":"2023-05-30T14:49:51+00:00","og_image":[{"width":1920,"height":1281,"url":"https:\/\/hodajlaw.com\/wp-content\/uploads\/2021\/01\/hodaj-team-1.jpg","type":"image\/jpeg"}],"twitter_card":"summary_large_image","twitter_image":"https:\/\/hodajlaw.com\/wp-content\/uploads\/2021\/01\/hodaj-team-1.jpg","twitter_misc":{"Gesch\u00e4tzte Lesezeit":"2\u00a0Minuten"},"schema":{"@context":"https:\/\/schema.org","@graph":[{"@type":"WebPage","@id":"https:\/\/hodajlaw.com\/about-us-2\/team\/","url":"https:\/\/hodajlaw.com\/about-us-2\/team\/","name":"Ekipi yn\u00eb - Hodaj &amp; Partners L.L.C.","isPartOf":{"@id":"https:\/\/hodajlaw.com\/#website"},"datePublished":"2018-12-17T18:26:00+00:00","dateModified":"2023-05-30T14:49:51+00:00","breadcrumb":{"@id":"https:\/\/hodajlaw.com\/about-us-2\/team\/#breadcrumb"},"inLanguage":"de","potentialAction":[{"@type":"ReadAction","target":["https:\/\/hodajlaw.com\/about-us-2\/team\/"]}]},{"@type":"BreadcrumbList","@id":"https:\/\/hodajlaw.com\/about-us-2\/team\/#breadcrumb","itemListElement":[{"@type":"ListItem","position":1,"name":"Home","item":"https:\/\/hodajlaw.com\/"},{"@type":"ListItem","position":2,"name":"Rreth Nesh","item":"https:\/\/hodajlaw.com\/about-us-2\/"},{"@type":"ListItem","position":3,"name":"Ekipi yn\u00eb"}]},{"@type":"WebSite","@id":"https:\/\/hodajlaw.com\/#website","url":"https:\/\/hodajlaw.com\/","name":"Hodaj &amp; Partners L.L.C.","description":"Hodaj &amp; Partners","potentialAction":[{"@type":"SearchAction","target":{"@type":"EntryPoint","urlTemplate":"https:\/\/hodajlaw.com\/?s={search_term_string}"},"query-input":{"@type":"PropertyValueSpecification","valueRequired":true,"valueName":"search_term_string"}}],"inLanguage":"de"}]}},"_links":{"self":[{"href":"https:\/\/hodajlaw.com\/de\/wp-json\/wp\/v2\/pages\/2198","targetHints":{"allow":["GET"]}}],"collection":[{"href":"https:\/\/hodajlaw.com\/de\/wp-json\/wp\/v2\/pages"}],"about":[{"href":"https:\/\/hodajlaw.com\/de\/wp-json\/wp\/v2\/types\/page"}],"author":[{"embeddable":true,"href":"https:\/\/hodajlaw.com\/de\/wp-json\/wp\/v2\/users\/1"}],"replies":[{"embeddable":true,"href":"https:\/\/hodajlaw.com\/de\/wp-json\/wp\/v2\/comments?post=2198"}],"version-history":[{"count":17,"href":"https:\/\/hodajlaw.com\/de\/wp-json\/wp\/v2\/pages\/2198\/revisions"}],"predecessor-version":[{"id":4497,"href":"https:\/\/hodajlaw.com\/de\/wp-json\/wp\/v2\/pages\/2198\/revisions\/4497"}],"up":[{"embeddable":true,"href":"https:\/\/hodajlaw.com\/de\/wp-json\/wp\/v2\/pages\/2253"}],"wp:attachment":[{"href":"https:\/\/hodajlaw.com\/de\/wp-json\/wp\/v2\/media?parent=2198"}],"curies":[{"name":"wp","href":"https:\/\/api.w.org\/{rel}","templated":true}]}}