{"id":2203,"date":"2019-03-13T08:36:05","date_gmt":"2019-03-13T08:36:05","guid":{"rendered":"http:\/\/hodajlaw.com\/team\/taulant-hodaj\/"},"modified":"2021-05-06T11:02:29","modified_gmt":"2021-05-06T11:02:29","slug":"taulant-hodaj","status":"publish","type":"page","link":"https:\/\/hodajlaw.com\/de\/about-us-2\/team\/taulant-hodaj\/","title":{"rendered":"Taulant Hodaj"},"content":{"rendered":"<p>[page_header height=&#8221;0px&#8221; height__sm=&#8221;163px&#8221; margin__sm=&#8221;0px&#8221; style=&#8221;normal&#8221; text_color=&#8221;dark&#8221; title_case=&#8221;uppercase&#8221; sub_title=&#8221;Avokat, Partner Menaxhues&#8221; nav_size=&#8221;small&#8221; bg_size=&#8221;medium&#8221; visibility=&#8221;hide-for-small&#8221;]<\/p>\n<p>[page_header style=&#8221;simple&#8221; type=&#8221;onpage&#8221; text_color=&#8221;dark&#8221; align=&#8221;center&#8221; title_size=&#8221;small&#8221; title_case=&#8221;uppercase&#8221; sub_title=&#8221;Attorney at Law, Managing Partner&#8221; nav_size=&#8221;small&#8221; bg_size=&#8221;medium&#8221; visibility=&#8221;show-for-small&#8221;]<\/p>\n<p>[section]<\/p>\n<p>[row]<\/p>\n<p>[col span=&#8221;6&#8243; span__sm=&#8221;12&#8243;]<\/p>\n<p style=\"text-align: justify;\"><strong>Fushat e Ekspertiz\u00ebs &amp; P\u00ebrvoja Profesionale<\/strong><\/p>\n<p style=\"text-align: justify;\"><span lang=\"SQ\">Z. Taulant Hodaj \u00ebsht\u00eb Partner Menaxhues te Hodaj &amp; Partners. Eksperienca e tij e gj\u00ebr\u00eb i p\u00ebrfshin fushat e t\u00eb drejt\u00ebs tregtare dhe t\u00eb korporatave, M&amp;A, at\u00eb t\u00eb financave, si dhe t\u00eb drejt\u00ebn penale. Ai i k\u00ebshillon klient\u00ebt n\u00eb <\/span><span lang=\"SQ\">\u04ab<\/span><span lang=\"SQ\">\u00ebshtjet m\u00eb komplekse, n\u00eb transaksionet ekonomike nd\u00ebrkomb\u00ebtare dhe n\u00eb rregulloret afariste. Listimet e pavarura e rangojn\u00eb z. Hodaj si nj\u00eb nd\u00ebr avokat\u00ebt m\u00eb t\u00eb mir\u00eb t\u00eb t\u00eb drejt\u00ebs tregtare n\u00eb Kosov\u00eb. Z. Hodaj i ka k\u00ebshilluar klient\u00ebt n\u00eb rastet e marr\u00ebveshjeve m\u00eb komlekse p\u00ebr M&amp;A, Prokurim Publik si dhe projekte t\u00eb ndryshme te partneritetit publiko-privat n\u00eb Kosov\u00eb. <\/span><\/p>\n<p style=\"text-align: justify;\"><span lang=\"EN-GB\">P\u00ebrve<\/span><span lang=\"DE\">\u04ab<\/span><span lang=\"EN-GB\"> k\u00ebsaj, Taulanti i menaxhon dhe zhvillon marr\u00ebdh\u00ebniet me klient\u00eb dhe zyra t\u00eb avokat\u00ebve n\u00eb mbar\u00eb bot\u00ebn dhe luan nj\u00eb rol ky<\/span><span lang=\"DE\">\u04ab<\/span><span lang=\"EN-GB\"> n\u00eb realizimin e strategjis\u00eb s\u00eb zhvillimit t\u00eb biznesit t\u00eb Hodaj &amp; Partners.<\/span><\/p>\n<p style=\"text-align: justify;\"><span lang=\"EN-GB\">Z. Hodaj \u00ebsht\u00eb themelues i Hodaj &amp; Partners. M\u00eb her\u00ebt ai ka qen\u00eb i angazhuar n\u00eb institucione te ndryshme nd\u00ebrkomb\u00ebtare si: Tribunali Nd\u00ebrkomb\u00ebtar p\u00ebr Ish-Jugosllavi n\u00eb Hag\u00eb, Forumi Europian Alpbach n\u00eb Vjen\u00eb, dhe n\u00eb zyra me renome t\u00eb avokat\u00ebve n\u00eb Kosov\u00eb dhe Latvi.<\/span><\/p>\n<p style=\"text-align: justify;\"><span lang=\"EN-GB\">S\u00eb fundi, Z. Hodaj \u00ebsht\u00eb licencuar si mbrojt\u00ebs pran\u00eb Dhomave t\u00eb Specializuara t\u00eb Kosov\u00ebs me seli n\u00eb Hag\u00eb, Holand\u00eb. Ai p\u00ebrfaq\u00ebson disa individ\u00eb pran\u00eb k\u00ebsaj gjykate.<\/span><\/p>\n<p style=\"text-align: justify;\"><b><span lang=\"EN-GB\">Gjuh\u00ebt<\/span><\/b><\/p>\n<p style=\"text-align: justify;\"><span lang=\"EN-GB\">Flet rrjedhsh\u00ebm shqipen dhe anglishten, ka njohuri mesatare n\u00eb gjuh\u00ebn gjermane dhe serbe-kroate.<\/span><\/p>\n<p style=\"text-align: justify;\"><b><span lang=\"DE\">Edukimi<\/span><\/b><\/p>\n<p style=\"text-align: justify;\">2017, Universiteti i Pitsburgh, Shkolla e Drejt\u00ebsis\u00eb, Specializim n\u00eb Transaksionet Ekonomike Nd\u00ebrkomb\u00ebtare<br \/>2010, Shkolla e s\u00eb Drejt\u00ebs n\u00eb Riga(LL.M)<br \/>2010, Shkolla e s\u00eb Drejt\u00ebs n\u00eb Riga, Specializim n\u00eb t\u00eb drejt\u00ebn nd\u00ebrkomb\u00ebtare dhe europiane<br \/>2008, Universiteti i Prishtin\u00ebs, (B.A)<br \/>2007, Universiteti Shtet\u00ebror i Tetov\u00ebs (LL.B)<\/p>\n<p style=\"text-align: justify;\"><b><span lang=\"EN-GB\">An\u00ebtar\u00ebsimet<\/span><\/b><\/p>\n<ul>\n<li style=\"text-align: justify;\">Oda e Avokat\u00ebve t\u00eb Kosov\u00ebs<\/li>\n<li style=\"text-align: justify;\">Mbrojt\u00ebs pran\u00eb Dhomave t\u00eb Specializuara n\u00eb Hag\u00eb, Holand\u00eb<\/li>\n<li style=\"text-align: justify;\">An\u00ebtar i Komitetit p\u00ebr Planifikim Strategjik i Od\u00ebs s\u00eb Avokat\u00ebve t\u00eb Kosov\u00ebs<\/li>\n<li style=\"text-align: justify;\">Shoq\u00ebria Amerikane e t\u00eb drejt\u00ebs nd\u00ebrkomb\u00ebtare<\/li>\n<li style=\"text-align: justify;\">Oda e Avokat\u00ebve Nd\u00ebrkomb\u00ebtar\u00eb<\/li>\n<li style=\"text-align: justify;\">An\u00ebtar i Grupit p\u00ebr Arbitrazh Nd\u00ebrkomb\u00ebtar<\/li>\n<li style=\"text-align: justify;\">Asociacioni i i t\u00eb diplomuar\u00ebve SHBA-Kosov\u00eb (KUSA)<\/li>\n<li style=\"text-align: justify;\"><span lang=\"EN-GB\">Transformational Leadership Programme (TLP) Association \u2013<\/span><\/li>\n<\/ul>\n<p>[\/col]<br \/>\n[col span=&#8221;6&#8243; span__sm=&#8221;12&#8243; force_first=&#8221;small&#8221;]<\/p>\n<p>[ux_image id=&#8221;1428&#8243;]<\/p>\n<p>[\/col]<\/p>\n<p>[\/row]<\/p>\n<p>[\/section]<\/p>\n","protected":false},"excerpt":{"rendered":"<p>[page_header height=&#8221;0px&#8221; height__sm=&#8221;163px&#8221; margin__sm=&#8221;0px&#8221; style=&#8221;normal&#8221; text_color=&#8221;dark&#8221; title_case=&#8221;uppercase&#8221; sub_title=&#8221;Avokat, Partner Menaxhues&#8221; nav_size=&#8221;small&#8221; bg_size=&#8221;medium&#8221; visibility=&#8221;hide-for-small&#8221;] [page_header style=&#8221;simple&#8221; type=&#8221;onpage&#8221; text_color=&#8221;dark&#8221; align=&#8221;center&#8221; title_size=&#8221;small&#8221; title_case=&#8221;uppercase&#8221; sub_title=&#8221;Attorney at Law, Managing Partner&#8221; nav_size=&#8221;small&#8221; bg_size=&#8221;medium&#8221; visibility=&#8221;show-for-small&#8221;] [section] [row]&hellip;<\/p>\n","protected":false},"author":1,"featured_media":0,"parent":2198,"menu_order":0,"comment_status":"closed","ping_status":"closed","template":"page-blank.php","meta":{"_lmt_disableupdate":"","_lmt_disable":"","footnotes":""},"class_list":["post-2203","page","type-page","status-publish","hentry"],"yoast_head":"<!-- This site is optimized with the Yoast SEO plugin v26.8 - https:\/\/yoast.com\/product\/yoast-seo-wordpress\/ -->\n<title>Taulant Hodaj - Hodaj &amp; Partners L.L.C.<\/title>\n<meta name=\"robots\" content=\"index, follow, max-snippet:-1, max-image-preview:large, max-video-preview:-1\" \/>\n<link rel=\"canonical\" href=\"https:\/\/hodajlaw.com\/de\/about-us-2\/team\/taulant-hodaj\/\" \/>\n<meta property=\"og:locale\" content=\"de_DE\" \/>\n<meta property=\"og:type\" content=\"article\" \/>\n<meta property=\"og:title\" content=\"Taulant Hodaj - Hodaj &amp; Partners L.L.C.\" \/>\n<meta property=\"og:description\" content=\"[page_header height=&#8221;0px&#8221; height__sm=&#8221;163px&#8221; margin__sm=&#8221;0px&#8221; style=&#8221;normal&#8221; text_color=&#8221;dark&#8221; title_case=&#8221;uppercase&#8221; sub_title=&#8221;Avokat, Partner Menaxhues&#8221; nav_size=&#8221;small&#8221; bg_size=&#8221;medium&#8221; visibility=&#8221;hide-for-small&#8221;] [page_header style=&#8221;simple&#8221; type=&#8221;onpage&#8221; text_color=&#8221;dark&#8221; align=&#8221;center&#8221; title_size=&#8221;small&#8221; title_case=&#8221;uppercase&#8221; sub_title=&#8221;Attorney at Law, Managing Partner&#8221; nav_size=&#8221;small&#8221; bg_size=&#8221;medium&#8221; visibility=&#8221;show-for-small&#8221;] [section] [row]&hellip;\" \/>\n<meta property=\"og:url\" content=\"https:\/\/hodajlaw.com\/de\/about-us-2\/team\/taulant-hodaj\/\" \/>\n<meta property=\"og:site_name\" content=\"Hodaj &amp; Partners L.L.C.\" \/>\n<meta property=\"article:modified_time\" content=\"2021-05-06T11:02:29+00:00\" \/>\n<meta property=\"og:image\" content=\"https:\/\/hodajlaw.com\/wp-content\/uploads\/2019\/03\/Taulant_Hodaj.jpg\" \/>\n\t<meta property=\"og:image:width\" content=\"2921\" \/>\n\t<meta property=\"og:image:height\" content=\"1947\" \/>\n\t<meta property=\"og:image:type\" content=\"image\/jpeg\" \/>\n<meta name=\"twitter:card\" content=\"summary_large_image\" \/>\n<meta name=\"twitter:image\" content=\"https:\/\/hodajlaw.com\/wp-content\/uploads\/2019\/03\/Taulant_Hodaj-scaled.jpg\" \/>\n<meta name=\"twitter:label1\" content=\"Gesch\u00e4tzte Lesezeit\" \/>\n\t<meta name=\"twitter:data1\" content=\"2\u00a0Minuten\" \/>\n<script type=\"application\/ld+json\" class=\"yoast-schema-graph\">{\"@context\":\"https:\/\/schema.org\",\"@graph\":[{\"@type\":\"WebPage\",\"@id\":\"https:\/\/hodajlaw.com\/about-us-2\/team\/taulant-hodaj\/\",\"url\":\"https:\/\/hodajlaw.com\/about-us-2\/team\/taulant-hodaj\/\",\"name\":\"Taulant Hodaj - Hodaj &amp; Partners L.L.C.\",\"isPartOf\":{\"@id\":\"https:\/\/hodajlaw.com\/#website\"},\"datePublished\":\"2019-03-13T08:36:05+00:00\",\"dateModified\":\"2021-05-06T11:02:29+00:00\",\"breadcrumb\":{\"@id\":\"https:\/\/hodajlaw.com\/about-us-2\/team\/taulant-hodaj\/#breadcrumb\"},\"inLanguage\":\"de\",\"potentialAction\":[{\"@type\":\"ReadAction\",\"target\":[\"https:\/\/hodajlaw.com\/about-us-2\/team\/taulant-hodaj\/\"]}]},{\"@type\":\"BreadcrumbList\",\"@id\":\"https:\/\/hodajlaw.com\/about-us-2\/team\/taulant-hodaj\/#breadcrumb\",\"itemListElement\":[{\"@type\":\"ListItem\",\"position\":1,\"name\":\"Home\",\"item\":\"https:\/\/hodajlaw.com\/\"},{\"@type\":\"ListItem\",\"position\":2,\"name\":\"Rreth Nesh\",\"item\":\"https:\/\/hodajlaw.com\/about-us-2\/\"},{\"@type\":\"ListItem\",\"position\":3,\"name\":\"Ekipi yn\u00eb\",\"item\":\"https:\/\/hodajlaw.com\/about-us-2\/team\/\"},{\"@type\":\"ListItem\",\"position\":4,\"name\":\"Taulant Hodaj\"}]},{\"@type\":\"WebSite\",\"@id\":\"https:\/\/hodajlaw.com\/#website\",\"url\":\"https:\/\/hodajlaw.com\/\",\"name\":\"Hodaj &amp; Partners L.L.C.\",\"description\":\"Hodaj &amp; Partners\",\"potentialAction\":[{\"@type\":\"SearchAction\",\"target\":{\"@type\":\"EntryPoint\",\"urlTemplate\":\"https:\/\/hodajlaw.com\/?s={search_term_string}\"},\"query-input\":{\"@type\":\"PropertyValueSpecification\",\"valueRequired\":true,\"valueName\":\"search_term_string\"}}],\"inLanguage\":\"de\"}]}<\/script>\n<!-- \/ Yoast SEO plugin. -->","yoast_head_json":{"title":"Taulant Hodaj - Hodaj &amp; Partners L.L.C.","robots":{"index":"index","follow":"follow","max-snippet":"max-snippet:-1","max-image-preview":"max-image-preview:large","max-video-preview":"max-video-preview:-1"},"canonical":"https:\/\/hodajlaw.com\/de\/about-us-2\/team\/taulant-hodaj\/","og_locale":"de_DE","og_type":"article","og_title":"Taulant Hodaj - Hodaj &amp; Partners L.L.C.","og_description":"[page_header height=&#8221;0px&#8221; height__sm=&#8221;163px&#8221; margin__sm=&#8221;0px&#8221; style=&#8221;normal&#8221; text_color=&#8221;dark&#8221; title_case=&#8221;uppercase&#8221; sub_title=&#8221;Avokat, Partner Menaxhues&#8221; nav_size=&#8221;small&#8221; bg_size=&#8221;medium&#8221; visibility=&#8221;hide-for-small&#8221;] [page_header style=&#8221;simple&#8221; type=&#8221;onpage&#8221; text_color=&#8221;dark&#8221; align=&#8221;center&#8221; title_size=&#8221;small&#8221; title_case=&#8221;uppercase&#8221; sub_title=&#8221;Attorney at Law, Managing Partner&#8221; nav_size=&#8221;small&#8221; bg_size=&#8221;medium&#8221; visibility=&#8221;show-for-small&#8221;] [section] [row]&hellip;","og_url":"https:\/\/hodajlaw.com\/de\/about-us-2\/team\/taulant-hodaj\/","og_site_name":"Hodaj &amp; Partners L.L.C.","article_modified_time":"2021-05-06T11:02:29+00:00","og_image":[{"width":2921,"height":1947,"url":"https:\/\/hodajlaw.com\/wp-content\/uploads\/2019\/03\/Taulant_Hodaj.jpg","type":"image\/jpeg"}],"twitter_card":"summary_large_image","twitter_image":"https:\/\/hodajlaw.com\/wp-content\/uploads\/2019\/03\/Taulant_Hodaj-scaled.jpg","twitter_misc":{"Gesch\u00e4tzte Lesezeit":"2\u00a0Minuten"},"schema":{"@context":"https:\/\/schema.org","@graph":[{"@type":"WebPage","@id":"https:\/\/hodajlaw.com\/about-us-2\/team\/taulant-hodaj\/","url":"https:\/\/hodajlaw.com\/about-us-2\/team\/taulant-hodaj\/","name":"Taulant Hodaj - Hodaj &amp; Partners L.L.C.","isPartOf":{"@id":"https:\/\/hodajlaw.com\/#website"},"datePublished":"2019-03-13T08:36:05+00:00","dateModified":"2021-05-06T11:02:29+00:00","breadcrumb":{"@id":"https:\/\/hodajlaw.com\/about-us-2\/team\/taulant-hodaj\/#breadcrumb"},"inLanguage":"de","potentialAction":[{"@type":"ReadAction","target":["https:\/\/hodajlaw.com\/about-us-2\/team\/taulant-hodaj\/"]}]},{"@type":"BreadcrumbList","@id":"https:\/\/hodajlaw.com\/about-us-2\/team\/taulant-hodaj\/#breadcrumb","itemListElement":[{"@type":"ListItem","position":1,"name":"Home","item":"https:\/\/hodajlaw.com\/"},{"@type":"ListItem","position":2,"name":"Rreth Nesh","item":"https:\/\/hodajlaw.com\/about-us-2\/"},{"@type":"ListItem","position":3,"name":"Ekipi yn\u00eb","item":"https:\/\/hodajlaw.com\/about-us-2\/team\/"},{"@type":"ListItem","position":4,"name":"Taulant Hodaj"}]},{"@type":"WebSite","@id":"https:\/\/hodajlaw.com\/#website","url":"https:\/\/hodajlaw.com\/","name":"Hodaj &amp; Partners L.L.C.","description":"Hodaj &amp; Partners","potentialAction":[{"@type":"SearchAction","target":{"@type":"EntryPoint","urlTemplate":"https:\/\/hodajlaw.com\/?s={search_term_string}"},"query-input":{"@type":"PropertyValueSpecification","valueRequired":true,"valueName":"search_term_string"}}],"inLanguage":"de"}]}},"_links":{"self":[{"href":"https:\/\/hodajlaw.com\/de\/wp-json\/wp\/v2\/pages\/2203","targetHints":{"allow":["GET"]}}],"collection":[{"href":"https:\/\/hodajlaw.com\/de\/wp-json\/wp\/v2\/pages"}],"about":[{"href":"https:\/\/hodajlaw.com\/de\/wp-json\/wp\/v2\/types\/page"}],"author":[{"embeddable":true,"href":"https:\/\/hodajlaw.com\/de\/wp-json\/wp\/v2\/users\/1"}],"replies":[{"embeddable":true,"href":"https:\/\/hodajlaw.com\/de\/wp-json\/wp\/v2\/comments?post=2203"}],"version-history":[{"count":3,"href":"https:\/\/hodajlaw.com\/de\/wp-json\/wp\/v2\/pages\/2203\/revisions"}],"predecessor-version":[{"id":3491,"href":"https:\/\/hodajlaw.com\/de\/wp-json\/wp\/v2\/pages\/2203\/revisions\/3491"}],"up":[{"embeddable":true,"href":"https:\/\/hodajlaw.com\/de\/wp-json\/wp\/v2\/pages\/2198"}],"wp:attachment":[{"href":"https:\/\/hodajlaw.com\/de\/wp-json\/wp\/v2\/media?parent=2203"}],"curies":[{"name":"wp","href":"https:\/\/api.w.org\/{rel}","templated":true}]}}