{"id":2233,"date":"2019-03-17T15:10:32","date_gmt":"2019-03-17T15:10:32","guid":{"rendered":"http:\/\/hodajlaw.com\/team\/misrete-maksuti\/"},"modified":"2021-05-06T11:07:01","modified_gmt":"2021-05-06T11:07:01","slug":"misrete-maksuti","status":"publish","type":"page","link":"https:\/\/hodajlaw.com\/de\/about-us-2\/team\/misrete-maksuti\/","title":{"rendered":"MISRETE MAKSUTI"},"content":{"rendered":"<p>[page_header style=&#8221;normal&#8221; text_color=&#8221;dark&#8221; title_case=&#8221;uppercase&#8221; sub_title=&#8221;Bashk\u00ebpun\u00ebtore Juridike&#8221; nav_size=&#8221;small&#8221; bg_size=&#8221;medium&#8221; visibility=&#8221;hide-for-small&#8221;]<\/p>\n<p>[page_header style=&#8221;simple&#8221; type=&#8221;onpage&#8221; text_color=&#8221;dark&#8221; align=&#8221;center&#8221; title_case=&#8221;uppercase&#8221; sub_title=&#8221;Legal Associate&#8221; nav_size=&#8221;small&#8221; bg_size=&#8221;medium&#8221; visibility=&#8221;show-for-small&#8221;]<\/p>\n<p>[section]<\/p>\n<p>[row]<\/p>\n<p>[col span=&#8221;6&#8243; span__sm=&#8221;12&#8243;]<\/p>\n<p style=\"text-align: justify;\"><strong>Fushat e Ekspertiz\u00ebs &amp; P\u00ebrvoja Profesionale<\/strong><\/p>\n<p style=\"text-align: justify;\">Znj. Misrete Maksuti \u00ebsht\u00eb bashk\u00ebpun\u00ebtore te Hodaj &amp; Partners q\u00eb nga viti 2014. Misretja merret kryesisht me t\u00eb drejt\u00ebn e p\u00ebrgjithshme civile, t\u00eb drejt\u00ebn administrative, t\u00eb drejt\u00ebn industriale, ligjin mjedisor, pasurit\u00eb e paluajtshme dhe ligjin e nd\u00ebrtimeve.<\/p>\n<p style=\"text-align: justify;\">Znj. Maksuti ka punuar p\u00ebr Komun\u00ebn e Gjilanit p\u00ebr disa vjet para se t\u00eb i bashkangjitet zyr\u00ebs ton\u00eb t\u00eb avokat\u00ebve.<\/p>\n<p style=\"text-align: justify;\"><strong>Gjuh\u00ebt<\/strong><\/p>\n<p style=\"text-align: justify;\">Shqip, Anglisht<\/p>\n<p style=\"text-align: justify;\"><strong>Edukimi<\/strong><\/p>\n<ul>\n<li style=\"text-align: justify;\">2009, Universiteti Shtet\u00ebror i Tetov\u00ebs, Maqedoni Veriore (LL.B)<\/li>\n<\/ul>\n<p>[\/col]<br \/>\n[col span=&#8221;6&#8243; span__sm=&#8221;12&#8243; force_first=&#8221;small&#8221;]<\/p>\n<p>[ux_image id=&#8221;1432&#8243; image_size=&#8221;original&#8221;]<\/p>\n<p>[\/col]<\/p>\n<p>[\/row]<\/p>\n<p>[\/section]<\/p>\n","protected":false},"excerpt":{"rendered":"<p>[page_header style=&#8221;normal&#8221; text_color=&#8221;dark&#8221; title_case=&#8221;uppercase&#8221; sub_title=&#8221;Bashk\u00ebpun\u00ebtore Juridike&#8221; nav_size=&#8221;small&#8221; bg_size=&#8221;medium&#8221; visibility=&#8221;hide-for-small&#8221;] [page_header style=&#8221;simple&#8221; type=&#8221;onpage&#8221; text_color=&#8221;dark&#8221; align=&#8221;center&#8221; title_case=&#8221;uppercase&#8221; sub_title=&#8221;Legal Associate&#8221; nav_size=&#8221;small&#8221; bg_size=&#8221;medium&#8221; visibility=&#8221;show-for-small&#8221;] [section] [row] [col span=&#8221;6&#8243; span__sm=&#8221;12&#8243;] Fushat e Ekspertiz\u00ebs &amp; P\u00ebrvoja&hellip;<\/p>\n","protected":false},"author":7,"featured_media":0,"parent":2198,"menu_order":0,"comment_status":"closed","ping_status":"closed","template":"page-blank.php","meta":{"_lmt_disableupdate":"","_lmt_disable":"","footnotes":""},"class_list":["post-2233","page","type-page","status-publish","hentry"],"yoast_head":"<!-- This site is optimized with the Yoast SEO plugin v27.4 - https:\/\/yoast.com\/product\/yoast-seo-wordpress\/ -->\n<title>MISRETE MAKSUTI - Hodaj &amp; Partners L.L.C.<\/title>\n<meta name=\"robots\" content=\"index, follow, max-snippet:-1, max-image-preview:large, max-video-preview:-1\" \/>\n<link rel=\"canonical\" href=\"https:\/\/hodajlaw.com\/de\/about-us-2\/team\/misrete-maksuti\/\" \/>\n<meta property=\"og:locale\" content=\"de_DE\" \/>\n<meta property=\"og:type\" content=\"article\" \/>\n<meta property=\"og:title\" content=\"MISRETE MAKSUTI - Hodaj &amp; Partners L.L.C.\" \/>\n<meta property=\"og:description\" content=\"[page_header style=&#8221;normal&#8221; text_color=&#8221;dark&#8221; title_case=&#8221;uppercase&#8221; sub_title=&#8221;Bashk\u00ebpun\u00ebtore Juridike&#8221; nav_size=&#8221;small&#8221; bg_size=&#8221;medium&#8221; visibility=&#8221;hide-for-small&#8221;] [page_header style=&#8221;simple&#8221; type=&#8221;onpage&#8221; text_color=&#8221;dark&#8221; align=&#8221;center&#8221; title_case=&#8221;uppercase&#8221; sub_title=&#8221;Legal Associate&#8221; nav_size=&#8221;small&#8221; bg_size=&#8221;medium&#8221; visibility=&#8221;show-for-small&#8221;] [section] [row] [col span=&#8221;6&#8243; span__sm=&#8221;12&#8243;] Fushat e Ekspertiz\u00ebs &amp; P\u00ebrvoja&hellip;\" \/>\n<meta property=\"og:url\" content=\"https:\/\/hodajlaw.com\/de\/about-us-2\/team\/misrete-maksuti\/\" \/>\n<meta property=\"og:site_name\" content=\"Hodaj &amp; Partners L.L.C.\" \/>\n<meta property=\"article:modified_time\" content=\"2021-05-06T11:07:01+00:00\" \/>\n<meta property=\"og:image\" content=\"https:\/\/hodajlaw.com\/wp-content\/uploads\/2019\/03\/Misrete_Maksuti.jpg\" \/>\n\t<meta property=\"og:image:width\" content=\"2921\" \/>\n\t<meta property=\"og:image:height\" content=\"1947\" \/>\n\t<meta property=\"og:image:type\" content=\"image\/jpeg\" \/>\n<meta name=\"twitter:card\" content=\"summary_large_image\" \/>\n<meta name=\"twitter:image\" content=\"https:\/\/hodajlaw.com\/wp-content\/uploads\/2019\/03\/Misrete_Maksuti-scaled.jpg\" \/>\n<meta name=\"twitter:label1\" content=\"Gesch\u00e4tzte Lesezeit\" \/>\n\t<meta name=\"twitter:data1\" content=\"1\u00a0Minute\" \/>\n<script type=\"application\/ld+json\" class=\"yoast-schema-graph\">{\"@context\":\"https:\\\/\\\/schema.org\",\"@graph\":[{\"@type\":\"WebPage\",\"@id\":\"https:\\\/\\\/hodajlaw.com\\\/about-us-2\\\/team\\\/misrete-maksuti\\\/\",\"url\":\"https:\\\/\\\/hodajlaw.com\\\/about-us-2\\\/team\\\/misrete-maksuti\\\/\",\"name\":\"MISRETE MAKSUTI - Hodaj &amp; Partners L.L.C.\",\"isPartOf\":{\"@id\":\"https:\\\/\\\/hodajlaw.com\\\/#website\"},\"datePublished\":\"2019-03-17T15:10:32+00:00\",\"dateModified\":\"2021-05-06T11:07:01+00:00\",\"breadcrumb\":{\"@id\":\"https:\\\/\\\/hodajlaw.com\\\/about-us-2\\\/team\\\/misrete-maksuti\\\/#breadcrumb\"},\"inLanguage\":\"de\",\"potentialAction\":[{\"@type\":\"ReadAction\",\"target\":[\"https:\\\/\\\/hodajlaw.com\\\/about-us-2\\\/team\\\/misrete-maksuti\\\/\"]}]},{\"@type\":\"BreadcrumbList\",\"@id\":\"https:\\\/\\\/hodajlaw.com\\\/about-us-2\\\/team\\\/misrete-maksuti\\\/#breadcrumb\",\"itemListElement\":[{\"@type\":\"ListItem\",\"position\":1,\"name\":\"Home\",\"item\":\"https:\\\/\\\/hodajlaw.com\\\/\"},{\"@type\":\"ListItem\",\"position\":2,\"name\":\"Rreth Nesh\",\"item\":\"https:\\\/\\\/hodajlaw.com\\\/about-us-2\\\/\"},{\"@type\":\"ListItem\",\"position\":3,\"name\":\"Ekipi yn\u00eb\",\"item\":\"https:\\\/\\\/hodajlaw.com\\\/about-us-2\\\/team\\\/\"},{\"@type\":\"ListItem\",\"position\":4,\"name\":\"MISRETE MAKSUTI\"}]},{\"@type\":\"WebSite\",\"@id\":\"https:\\\/\\\/hodajlaw.com\\\/#website\",\"url\":\"https:\\\/\\\/hodajlaw.com\\\/\",\"name\":\"Hodaj &amp; Partners L.L.C.\",\"description\":\"Hodaj &amp; Partners\",\"potentialAction\":[{\"@type\":\"SearchAction\",\"target\":{\"@type\":\"EntryPoint\",\"urlTemplate\":\"https:\\\/\\\/hodajlaw.com\\\/?s={search_term_string}\"},\"query-input\":{\"@type\":\"PropertyValueSpecification\",\"valueRequired\":true,\"valueName\":\"search_term_string\"}}],\"inLanguage\":\"de\"}]}<\/script>\n<!-- \/ Yoast SEO plugin. -->","yoast_head_json":{"title":"MISRETE MAKSUTI - Hodaj &amp; Partners L.L.C.","robots":{"index":"index","follow":"follow","max-snippet":"max-snippet:-1","max-image-preview":"max-image-preview:large","max-video-preview":"max-video-preview:-1"},"canonical":"https:\/\/hodajlaw.com\/de\/about-us-2\/team\/misrete-maksuti\/","og_locale":"de_DE","og_type":"article","og_title":"MISRETE MAKSUTI - Hodaj &amp; Partners L.L.C.","og_description":"[page_header style=&#8221;normal&#8221; text_color=&#8221;dark&#8221; title_case=&#8221;uppercase&#8221; sub_title=&#8221;Bashk\u00ebpun\u00ebtore Juridike&#8221; nav_size=&#8221;small&#8221; bg_size=&#8221;medium&#8221; visibility=&#8221;hide-for-small&#8221;] [page_header style=&#8221;simple&#8221; type=&#8221;onpage&#8221; text_color=&#8221;dark&#8221; align=&#8221;center&#8221; title_case=&#8221;uppercase&#8221; sub_title=&#8221;Legal Associate&#8221; nav_size=&#8221;small&#8221; bg_size=&#8221;medium&#8221; visibility=&#8221;show-for-small&#8221;] [section] [row] [col span=&#8221;6&#8243; span__sm=&#8221;12&#8243;] Fushat e Ekspertiz\u00ebs &amp; P\u00ebrvoja&hellip;","og_url":"https:\/\/hodajlaw.com\/de\/about-us-2\/team\/misrete-maksuti\/","og_site_name":"Hodaj &amp; Partners L.L.C.","article_modified_time":"2021-05-06T11:07:01+00:00","og_image":[{"width":2921,"height":1947,"url":"https:\/\/hodajlaw.com\/wp-content\/uploads\/2019\/03\/Misrete_Maksuti.jpg","type":"image\/jpeg"}],"twitter_card":"summary_large_image","twitter_image":"https:\/\/hodajlaw.com\/wp-content\/uploads\/2019\/03\/Misrete_Maksuti-scaled.jpg","twitter_misc":{"Gesch\u00e4tzte Lesezeit":"1\u00a0Minute"},"schema":{"@context":"https:\/\/schema.org","@graph":[{"@type":"WebPage","@id":"https:\/\/hodajlaw.com\/about-us-2\/team\/misrete-maksuti\/","url":"https:\/\/hodajlaw.com\/about-us-2\/team\/misrete-maksuti\/","name":"MISRETE MAKSUTI - Hodaj &amp; Partners L.L.C.","isPartOf":{"@id":"https:\/\/hodajlaw.com\/#website"},"datePublished":"2019-03-17T15:10:32+00:00","dateModified":"2021-05-06T11:07:01+00:00","breadcrumb":{"@id":"https:\/\/hodajlaw.com\/about-us-2\/team\/misrete-maksuti\/#breadcrumb"},"inLanguage":"de","potentialAction":[{"@type":"ReadAction","target":["https:\/\/hodajlaw.com\/about-us-2\/team\/misrete-maksuti\/"]}]},{"@type":"BreadcrumbList","@id":"https:\/\/hodajlaw.com\/about-us-2\/team\/misrete-maksuti\/#breadcrumb","itemListElement":[{"@type":"ListItem","position":1,"name":"Home","item":"https:\/\/hodajlaw.com\/"},{"@type":"ListItem","position":2,"name":"Rreth Nesh","item":"https:\/\/hodajlaw.com\/about-us-2\/"},{"@type":"ListItem","position":3,"name":"Ekipi yn\u00eb","item":"https:\/\/hodajlaw.com\/about-us-2\/team\/"},{"@type":"ListItem","position":4,"name":"MISRETE MAKSUTI"}]},{"@type":"WebSite","@id":"https:\/\/hodajlaw.com\/#website","url":"https:\/\/hodajlaw.com\/","name":"Hodaj &amp; Partners L.L.C.","description":"Hodaj &amp; Partners","potentialAction":[{"@type":"SearchAction","target":{"@type":"EntryPoint","urlTemplate":"https:\/\/hodajlaw.com\/?s={search_term_string}"},"query-input":{"@type":"PropertyValueSpecification","valueRequired":true,"valueName":"search_term_string"}}],"inLanguage":"de"}]}},"_links":{"self":[{"href":"https:\/\/hodajlaw.com\/de\/wp-json\/wp\/v2\/pages\/2233","targetHints":{"allow":["GET"]}}],"collection":[{"href":"https:\/\/hodajlaw.com\/de\/wp-json\/wp\/v2\/pages"}],"about":[{"href":"https:\/\/hodajlaw.com\/de\/wp-json\/wp\/v2\/types\/page"}],"author":[{"embeddable":true,"href":"https:\/\/hodajlaw.com\/de\/wp-json\/wp\/v2\/users\/7"}],"replies":[{"embeddable":true,"href":"https:\/\/hodajlaw.com\/de\/wp-json\/wp\/v2\/comments?post=2233"}],"version-history":[{"count":2,"href":"https:\/\/hodajlaw.com\/de\/wp-json\/wp\/v2\/pages\/2233\/revisions"}],"predecessor-version":[{"id":3500,"href":"https:\/\/hodajlaw.com\/de\/wp-json\/wp\/v2\/pages\/2233\/revisions\/3500"}],"up":[{"embeddable":true,"href":"https:\/\/hodajlaw.com\/de\/wp-json\/wp\/v2\/pages\/2198"}],"wp:attachment":[{"href":"https:\/\/hodajlaw.com\/de\/wp-json\/wp\/v2\/media?parent=2233"}],"curies":[{"name":"wp","href":"https:\/\/api.w.org\/{rel}","templated":true}]}}