{"id":2254,"date":"2019-02-22T09:30:43","date_gmt":"2019-02-22T09:30:43","guid":{"rendered":"http:\/\/hodajlaw.com\/about\/"},"modified":"2024-01-20T20:12:57","modified_gmt":"2024-01-20T20:12:57","slug":"about-us-3","status":"publish","type":"page","link":"https:\/\/hodajlaw.com\/de\/about-us-3\/","title":{"rendered":"\u00dcber Uns"},"content":{"rendered":"<p>[page_header style=&#8221;normal&#8221; text_color=&#8221;dark&#8221; title_case=&#8221;uppercase&#8221;]<\/p>\n<p>[gap]<\/p>\n<p>[section padding=&#8221;0px&#8221;]<\/p>\n<p>[row]<\/p>\n<p>[col span=&#8221;6&#8243; span__sm=&#8221;12&#8243;]<\/p>\n<p style=\"text-align: justify;\">Hodaj &amp; Partners ist eine f\u00fchrende Anwaltskanzlei im Kosovo, die nationale und internationale Organisationen aus vielerlei Branchen, aber auch verschiedene Institutionen und Privatpersonen in allen Aspekten des kosovarischen und internationalen Rechts ber\u00e4t. In Zusammenarbeit mit usneren Partner-Anw\u00e4lten in S\u00fcdosteuropa und Westeuropa bieten wir unseren Mandanten umfassende Dienstsleistungen f\u00fcr internationale Transaktionen und beraten sie klar und koordiniert.<\/p>\n<p style=\"text-align: justify;\">Unser Team besteht aus hochqualifizierten Anw\u00e4lten mit breiter und umfassender Erfahrung, die ein kreatives und l\u00f6sungsorientiertes Denken demonstrieren. Wir sind stolz auf unsere Arbeit und bem\u00fchen uns immer, die Bed\u00fcrfnisse unserer Kunden vollst\u00e4ndig zu verstehen. Neben Dienstleistungen in Albanisch und Englisch, wir beraten regelm\u00e4\u00dfig unsere Mandanten auch in deutscher Sprache \u2013 einige unserer Anw\u00e4lte haben an renommierten Universit\u00e4ten in Deutschland, \u00d6sterreich und der Schweiz studiert.<\/p>\n<p style=\"text-align: justify;\">Zu unseren Kunden z\u00e4hlen Unternehmen aus allen Handels- und Industriesektoren, Aufsichtsbeh\u00f6rden, gemeinn\u00fctzige Organisationen, internationale Organisationen und Botschaften mit Sitz im Kosovo, aber auch Privatpersonen. Unsere Arbeit an einigen der gr\u00f6\u00dften Projekte und Transaktionen im Kosovo und in der Region S\u00fcdosteuropas hat uns die Erfahrung und den Einblick verschafft, \u00fcber die nur sehr wenige Anwaltskanzleien im Kosovo verf\u00fcgen.<\/p>\n<p style=\"text-align: justify;\">Unser wichtigstes Prinzip ist es, Unternehmen und Privatpersonen qualitativ hochwertige juristische Dienstleistungen, ma\u00dfgeschneidert, und rechtzeitig anzubieten. Wir streben st\u00e4ndich danach, praktische und unkomplizierte L\u00f6sungen anzubieten, mit denen unsere Mandanten ihre rechtlichen und gesch\u00e4ftlichen Ziele erreichen k\u00f6nnen. Wir sind sehr stolz darauf, dass unser Gesch\u00e4ft in erster Linie durch Empfehlungen aufgebaut wurde.<\/p>\n<p style=\"text-align: justify;\">Das Ziel von Hodaj &amp; Partners ist es, die vorteilhaftsten und erfolgreichsten Ergebnisse f\u00fcr unsere Mandanten zu erzielen. Wir wissen, wie wertvoll Ihre Zeit ist, und stehen Ihnen daher in allen Phases Ihres Verfahrens zur Verf\u00fcgung. Sie k\u00f6nnen immer<\/p>\n<p style=\"text-align: justify;\">Transparenz, Ehrlichkeit und offene Kommunikation von unserem Team erwarten. Sie k\u00f6nnen sich gerne an uns wenden, wenn Sie juristische Dienstleistungen ben\u00f6tigen und mit einer Anwaltskanzlei zusammenarbeiten m\u00f6chten, die sich um Sie wirklich k\u00fcmmert.<\/p>\n<p>[\/col]<br \/>\n[col span=&#8221;6&#8243; span__sm=&#8221;12&#8243;]<\/p>\n<p>[ux_image id=&#8221;1417&#8243; image_size=&#8221;original&#8221; lightbox=&#8221;true&#8221;]<\/p>\n<p>[ux_image id=&#8221;2535&#8243; image_size=&#8221;original&#8221; lightbox=&#8221;true&#8221;]<\/p>\n<p>[ux_image id=&#8221;2538&#8243; image_size=&#8221;original&#8221; lightbox=&#8221;true&#8221;]<\/p>\n<p>[\/col]<\/p>\n<p>[\/row]<\/p>\n<p>[\/section]<br \/>\n[section]<\/p>\n<p>[ux_image id=&#8221;2399&#8243;]<\/p>\n<p>[gap]<\/p>\n<p>[row]<\/p>\n<p>[col span__sm=&#8221;12&#8243;]<\/p>\n<h2 style=\"text-align: center;\">Rivet:net<\/h2>\n<p style=\"text-align: justify;\">Rivet is a closely integrated alliance of leading independent law firms in Slovenia, Croatia, Bosnia and Herzegovina, Serbia, Montenegro, North Macedonia and Kosovo, bringing together requisite industry knowledge and legal and regulatory expertise.<\/p>\n<p style=\"text-align: justify;\">Thorough understanding of the markets and needs of regional and international clients allows us to provide the best information available and reasoned professional judgment. It is the youngest network of the area but has a long standing unformal cooperation within the member firms. After years of cooperation, the need arise to have a stronger connection still keeping it flexible and lean.<\/p>\n<p style=\"text-align: justify;\">Recognized for our thorough understanding of markets and needs of our clients, we are strong across all the key industry sectors and practice areas, such as:<\/p>\n<ul class=\"mb-5 text-left\">\n<li>Commercial<\/li>\n<li>Corporate and M&amp;A<\/li>\n<li>Competition and Antitrust<\/li>\n<li>Dispute resolution<\/li>\n<li>Data protection<\/li>\n<li>Employment<\/li>\n<li>Banking &amp; finance<\/li>\n<li>Intellectual property<\/li>\n<li>Insurance<\/li>\n<li>Public procurement<\/li>\n<\/ul>\n<p>[\/col]<\/p>\n<p>[\/row]<br \/>\n[gap]<\/p>\n<h3 style=\"text-align: center;\"><strong>Our members:<\/strong><\/h3>\n<p>[row col_style=&#8221;dashed&#8221;]<\/p>\n<p>[col span=&#8221;4&#8243; span__sm=&#8221;12&#8243;]<\/p>\n<p style=\"text-align: center;\">North Macedonia<\/p>\n<p style=\"text-align: center;\"><strong><b>Bona Fide<\/b><\/strong><\/p>\n<p style=\"text-align: center;\">Jordan Hadzikonstantinov-Dzinot 3<br \/>1 000 Skopje<br \/><strong><a href=\"http:\/\/bonafide.mk\/\">bonafide.mk<\/a><\/strong><\/p>\n<p>[\/col]<br \/>\n[col span=&#8221;4&#8243; span__sm=&#8221;12&#8243;]<\/p>\n<p style=\"text-align: center;\">Slovenia<\/p>\n<p style=\"text-align: center;\"><strong>Fatur Menard<\/strong><\/p>\n<p style=\"text-align: center;\">Dunajska cesta 22<br \/>1 000 Ljubljana<br \/><strong><a href=\"https:\/\/fatur-menard.com\/\">fatur-menard.com<\/a><\/strong><\/p>\n<p>[\/col]<br \/>\n[col span=&#8221;4&#8243; span__sm=&#8221;12&#8243;]<\/p>\n<div class=\"vc_row wpb_row vc_inner vc_row-fluid\">\n<div class=\"wpb_column vc_column_container vc_col-sm-4\">\n<div class=\"vc_column-inner\">\n<div class=\"wpb_wrapper\">\n<div class=\"wpb_text_column wpb_content_element \">\n<div class=\"wpb_wrapper\">\n<p style=\"text-align: center;\">Kosovo<\/p>\n<p style=\"text-align: center;\"><b>Hodaj &amp; Partners<\/b><\/p>\n<p style=\"text-align: center;\">Fehmi\u00a0 Agani\u00a0 79<br \/>10 000 Prishtina<br \/><strong><a href=\"http:\/\/hodajlaw.com\/\">hodajlaw.com<\/a><\/strong><\/p>\n<\/div>\n<\/div>\n<\/div>\n<\/div>\n<\/div>\n<\/div>\n<p>[\/col]<br \/>\n[col span=&#8221;4&#8243; span__sm=&#8221;12&#8243;]<\/p>\n<p style=\"text-align: center;\">Bosnia and Herzegovina<\/p>\n<p style=\"text-align: center;\"><b>Milanovi\u0107 \u2013 Lali\u0107 and Suljovi\u0107<\/b><\/p>\n<p style=\"text-align: center;\">Mar\u0161ala Tita 50\/III<br \/>71 000 Sarajevo<br \/><strong><a href=\"https:\/\/bh.legal\/\">bh.legal<\/a><\/strong><\/p>\n<p>[\/col]<br \/>\n[col span=&#8221;4&#8243; span__sm=&#8221;12&#8243;]<\/p>\n<p style=\"text-align: center;\">Croatia<\/p>\n<p style=\"text-align: center;\"><b>Vukmir and Associates<\/b><\/p>\n<p style=\"text-align: center;\">Grama\u010da 2L<br \/>10 000 Zagreb<br \/><strong><a href=\"https:\/\/www.vukmir.net\/\">vukmir.net<\/a><\/strong><\/p>\n<p>[\/col]<br \/>\n[col span=&#8221;4&#8243; span__sm=&#8221;12&#8243;]<\/p>\n<p style=\"text-align: center;\">Serbia \/ Montenegro<\/p>\n<p style=\"text-align: center;\"><strong>\u017divkovi\u0107 Samard\u017ei\u0107 <\/strong><\/p>\n<p style=\"text-align: center;\">Makedonska 30\/II<br \/>11 000 Belgrade<br \/><strong><a href=\"http:\/\/www.zslaw.rs\/\">www.zslaw.rs<\/a><\/strong><\/p>\n<p>[\/col]<\/p>\n<p>[\/row]<\/p>\n<p>[\/section]<\/p>\n","protected":false},"excerpt":{"rendered":"<p>[page_header style=&#8221;normal&#8221; text_color=&#8221;dark&#8221; title_case=&#8221;uppercase&#8221;] [gap] [section padding=&#8221;0px&#8221;] [row] [col span=&#8221;6&#8243; span__sm=&#8221;12&#8243;] Hodaj &amp; Partners ist eine f\u00fchrende Anwaltskanzlei im Kosovo, die nationale und internationale Organisationen aus vielerlei Branchen, aber auch&hellip;<\/p>\n","protected":false},"author":1,"featured_media":0,"parent":0,"menu_order":5,"comment_status":"closed","ping_status":"closed","template":"","meta":{"_lmt_disableupdate":"","_lmt_disable":"","footnotes":""},"class_list":["post-2254","page","type-page","status-publish","hentry"],"yoast_head":"<!-- This site is optimized with the Yoast SEO plugin v27.4 - https:\/\/yoast.com\/product\/yoast-seo-wordpress\/ -->\n<title>\u00dcber Uns - Hodaj &amp; Partners L.L.C.<\/title>\n<meta name=\"robots\" content=\"index, follow, max-snippet:-1, max-image-preview:large, max-video-preview:-1\" \/>\n<link rel=\"canonical\" href=\"https:\/\/hodajlaw.com\/de\/about-us-3\/\" \/>\n<meta property=\"og:locale\" content=\"de_DE\" \/>\n<meta property=\"og:type\" content=\"article\" \/>\n<meta property=\"og:title\" content=\"\u00dcber Uns - Hodaj &amp; Partners L.L.C.\" \/>\n<meta property=\"og:description\" content=\"[page_header style=&#8221;normal&#8221; text_color=&#8221;dark&#8221; title_case=&#8221;uppercase&#8221;] [gap] [section padding=&#8221;0px&#8221;] [row] [col span=&#8221;6&#8243; span__sm=&#8221;12&#8243;] Hodaj &amp; Partners ist eine f\u00fchrende Anwaltskanzlei im Kosovo, die nationale und internationale Organisationen aus vielerlei Branchen, aber auch&hellip;\" \/>\n<meta property=\"og:url\" content=\"https:\/\/hodajlaw.com\/de\/about-us-3\/\" \/>\n<meta property=\"og:site_name\" content=\"Hodaj &amp; Partners L.L.C.\" \/>\n<meta property=\"article:modified_time\" content=\"2024-01-20T20:12:57+00:00\" \/>\n<meta name=\"twitter:card\" content=\"summary_large_image\" \/>\n<meta name=\"twitter:label1\" content=\"Gesch\u00e4tzte Lesezeit\" \/>\n\t<meta name=\"twitter:data1\" content=\"3\u00a0Minuten\" \/>\n<script type=\"application\/ld+json\" class=\"yoast-schema-graph\">{\"@context\":\"https:\\\/\\\/schema.org\",\"@graph\":[{\"@type\":\"WebPage\",\"@id\":\"https:\\\/\\\/hodajlaw.com\\\/about-us-3\\\/\",\"url\":\"https:\\\/\\\/hodajlaw.com\\\/about-us-3\\\/\",\"name\":\"\u00dcber Uns - Hodaj &amp; Partners L.L.C.\",\"isPartOf\":{\"@id\":\"https:\\\/\\\/hodajlaw.com\\\/#website\"},\"datePublished\":\"2019-02-22T09:30:43+00:00\",\"dateModified\":\"2024-01-20T20:12:57+00:00\",\"breadcrumb\":{\"@id\":\"https:\\\/\\\/hodajlaw.com\\\/about-us-3\\\/#breadcrumb\"},\"inLanguage\":\"de\",\"potentialAction\":[{\"@type\":\"ReadAction\",\"target\":[\"https:\\\/\\\/hodajlaw.com\\\/about-us-3\\\/\"]}]},{\"@type\":\"BreadcrumbList\",\"@id\":\"https:\\\/\\\/hodajlaw.com\\\/about-us-3\\\/#breadcrumb\",\"itemListElement\":[{\"@type\":\"ListItem\",\"position\":1,\"name\":\"Home\",\"item\":\"https:\\\/\\\/hodajlaw.com\\\/\"},{\"@type\":\"ListItem\",\"position\":2,\"name\":\"\u00dcber Uns\"}]},{\"@type\":\"WebSite\",\"@id\":\"https:\\\/\\\/hodajlaw.com\\\/#website\",\"url\":\"https:\\\/\\\/hodajlaw.com\\\/\",\"name\":\"Hodaj &amp; Partners L.L.C.\",\"description\":\"Hodaj &amp; Partners\",\"potentialAction\":[{\"@type\":\"SearchAction\",\"target\":{\"@type\":\"EntryPoint\",\"urlTemplate\":\"https:\\\/\\\/hodajlaw.com\\\/?s={search_term_string}\"},\"query-input\":{\"@type\":\"PropertyValueSpecification\",\"valueRequired\":true,\"valueName\":\"search_term_string\"}}],\"inLanguage\":\"de\"}]}<\/script>\n<!-- \/ Yoast SEO plugin. -->","yoast_head_json":{"title":"\u00dcber Uns - Hodaj &amp; Partners L.L.C.","robots":{"index":"index","follow":"follow","max-snippet":"max-snippet:-1","max-image-preview":"max-image-preview:large","max-video-preview":"max-video-preview:-1"},"canonical":"https:\/\/hodajlaw.com\/de\/about-us-3\/","og_locale":"de_DE","og_type":"article","og_title":"\u00dcber Uns - Hodaj &amp; Partners L.L.C.","og_description":"[page_header style=&#8221;normal&#8221; text_color=&#8221;dark&#8221; title_case=&#8221;uppercase&#8221;] [gap] [section padding=&#8221;0px&#8221;] [row] [col span=&#8221;6&#8243; span__sm=&#8221;12&#8243;] Hodaj &amp; Partners ist eine f\u00fchrende Anwaltskanzlei im Kosovo, die nationale und internationale Organisationen aus vielerlei Branchen, aber auch&hellip;","og_url":"https:\/\/hodajlaw.com\/de\/about-us-3\/","og_site_name":"Hodaj &amp; Partners L.L.C.","article_modified_time":"2024-01-20T20:12:57+00:00","twitter_card":"summary_large_image","twitter_misc":{"Gesch\u00e4tzte Lesezeit":"3\u00a0Minuten"},"schema":{"@context":"https:\/\/schema.org","@graph":[{"@type":"WebPage","@id":"https:\/\/hodajlaw.com\/about-us-3\/","url":"https:\/\/hodajlaw.com\/about-us-3\/","name":"\u00dcber Uns - Hodaj &amp; Partners L.L.C.","isPartOf":{"@id":"https:\/\/hodajlaw.com\/#website"},"datePublished":"2019-02-22T09:30:43+00:00","dateModified":"2024-01-20T20:12:57+00:00","breadcrumb":{"@id":"https:\/\/hodajlaw.com\/about-us-3\/#breadcrumb"},"inLanguage":"de","potentialAction":[{"@type":"ReadAction","target":["https:\/\/hodajlaw.com\/about-us-3\/"]}]},{"@type":"BreadcrumbList","@id":"https:\/\/hodajlaw.com\/about-us-3\/#breadcrumb","itemListElement":[{"@type":"ListItem","position":1,"name":"Home","item":"https:\/\/hodajlaw.com\/"},{"@type":"ListItem","position":2,"name":"\u00dcber Uns"}]},{"@type":"WebSite","@id":"https:\/\/hodajlaw.com\/#website","url":"https:\/\/hodajlaw.com\/","name":"Hodaj &amp; Partners L.L.C.","description":"Hodaj &amp; Partners","potentialAction":[{"@type":"SearchAction","target":{"@type":"EntryPoint","urlTemplate":"https:\/\/hodajlaw.com\/?s={search_term_string}"},"query-input":{"@type":"PropertyValueSpecification","valueRequired":true,"valueName":"search_term_string"}}],"inLanguage":"de"}]}},"_links":{"self":[{"href":"https:\/\/hodajlaw.com\/de\/wp-json\/wp\/v2\/pages\/2254","targetHints":{"allow":["GET"]}}],"collection":[{"href":"https:\/\/hodajlaw.com\/de\/wp-json\/wp\/v2\/pages"}],"about":[{"href":"https:\/\/hodajlaw.com\/de\/wp-json\/wp\/v2\/types\/page"}],"author":[{"embeddable":true,"href":"https:\/\/hodajlaw.com\/de\/wp-json\/wp\/v2\/users\/1"}],"replies":[{"embeddable":true,"href":"https:\/\/hodajlaw.com\/de\/wp-json\/wp\/v2\/comments?post=2254"}],"version-history":[{"count":6,"href":"https:\/\/hodajlaw.com\/de\/wp-json\/wp\/v2\/pages\/2254\/revisions"}],"predecessor-version":[{"id":3810,"href":"https:\/\/hodajlaw.com\/de\/wp-json\/wp\/v2\/pages\/2254\/revisions\/3810"}],"wp:attachment":[{"href":"https:\/\/hodajlaw.com\/de\/wp-json\/wp\/v2\/media?parent=2254"}],"curies":[{"name":"wp","href":"https:\/\/api.w.org\/{rel}","templated":true}]}}