{"id":2269,"date":"2018-12-13T09:48:21","date_gmt":"2018-12-13T09:48:21","guid":{"rendered":"http:\/\/hodajlaw.com\/about\/network\/"},"modified":"2022-02-09T18:29:37","modified_gmt":"2022-02-09T18:29:37","slug":"network","status":"publish","type":"page","link":"https:\/\/hodajlaw.com\/de\/about-us-3\/network\/","title":{"rendered":"Netzwerk"},"content":{"rendered":"<p>[section padding=&#8221;0px&#8221;]<\/p>\n<p>[ux_sidebar]<\/p>\n<p>[\/section]<br \/>\n[section bg_color=&#8221;rgb(241, 242, 243)&#8221; padding=&#8221;0px&#8221;]<\/p>\n<p>[gap height=&#8221;50px&#8221;]<\/p>\n<p>[title style=&#8221;center&#8221; text=&#8221;Rivet:net&#8221;]<\/p>\n<p>[ux_sidebar]<\/p>\n<p>[\/section]<br \/>\n[section]<\/p>\n<p>[row]<\/p>\n<p>[col span=&#8221;6&#8243; span__sm=&#8221;12&#8243;]<\/p>\n<p>[gap]<\/p>\n<p>[ux_image id=&#8221;2387&#8243;]<\/p>\n<p>[\/col]<br \/>\n[col span=&#8221;6&#8243; span__sm=&#8221;12&#8243;]<\/p>\n<div>Rivet ist eine eng integrierte Allianz f\u00fchrender unabh\u00e4ngiger Anwaltskanzleien in Slowenien, Kroatien, Bosnien und Herzegowina, Serbien, Montenegro, Nordmazedonien und im Kosovo, die das erforderliche Branchenwissen sowie rechtliche und regulatorische Expertise zusammenbringt.<\/div>\n<div>\u00a0<\/div>\n<div>Ein gr\u00fcndliches Verst\u00e4ndnis der M\u00e4rkte und Bed\u00fcrfnisse regionaler und internationaler Kunden erm\u00f6glicht es uns, die besten verf\u00fcgbaren Informationen und ein fundiertes professionelles Urteil zu liefern. Es ist das j\u00fcngste Netzwerk der Region, hat aber eine langj\u00e4hrige informelle Zusammenarbeit innerhalb der Mitgliedsfirmen. Nach Jahren der Zusammenarbeit entsteht der Bedarf nach einer st\u00e4rkeren Verbindung, die es dennoch flexibel und schlank h\u00e4lt.<\/div>\n<p>[button text=&#8221;Weiterlesen&#8230;&#8221; style=&#8221;link&#8221; link=&#8221;https:\/\/hodajlaw.com\/rivetnet\/?lang=de&#8221;]<\/p>\n<p>[\/col]<\/p>\n<p>[\/row]<\/p>\n<p>[\/section]<br \/>\n[section]<\/p>\n<p>[row]<\/p>\n<p>[col span=&#8221;6&#8243; span__sm=&#8221;12&#8243;]<\/p>\n<h1 style=\"text-align: justify;\">Netzwerk \/ Partner-Anw\u00e4lte<\/h1>\n<p style=\"text-align: justify;\">\u00dcber jahren hinweg haben wir ein Netzwerk von Anwaltskanzleien und Rechtsanw\u00e4lten in Europa und den USA aufgebaut, mit denen wir zusammenarbeiten. Dadurch k\u00f6nnen wir unseren Mandanten grenz\u00fcberschreitende Dienstleistungen in mehr als einer Gerichtsbarkeit anbieten.<\/p>\n<p style=\"text-align: justify;\">In unserer Anwaltskanzlei glauben wir, dass die Zusammenarbeit mit unseren Partner-Anw\u00e4lten aus verschiedenen L\u00e4ndern von wesentlicher Bedeutung ist, um eine hervorragende professionellen Dienstleistung zu bieten. Die Zusammenarbeit mit unseren Kollegen aus verschiedenen L\u00e4ndern f\u00f6rdert gr\u00f6\u00dfere Teamarbeit, Reaktionsf\u00e4higkeit und Kommunikation und sorgt f\u00fcr bessere Ergebnisse f\u00fcr unsere Kunden.<\/p>\n<p style=\"text-align: justify;\">Wenn wir f\u00fcr die Erbringung von juristischen Dienstleistungen in mehreren Gerichtsbarkeiten oder in L\u00e4ndern, in denen wir unsere Partner-Anw\u00e4lte haben, eingestellt werden, wird ein juristisches Team aufgebaut, um auf eine geeignete L\u00f6sung hinzuarbeiten.<\/p>\n<p style=\"text-align: justify;\">Bei Hodaj &amp; Partners bieten wir in Zusammenarbeit mit unseren Partner-Anw\u00e4lten juristische Dienstleistungen in Kosovo, Albanien, Nordmazedonien, Serbien, Montenegro, Kroatien, der T\u00fcrkei, \u00d6sterreich, Deutschland, der Schweiz. Durch unsere Partner-Anw\u00e4lte bieten wir unseren Mandanten umfassende Dienstleistungen f\u00fcr internationale Transaktionen und bieten eine koordinierte Rechtsberatung, die nach dem \u201aone team\u2018 Prinzip erforderlich ist.<\/p>\n<p style=\"text-align: justify;\"><strong>Andere Experten<\/strong><\/p>\n<p style=\"text-align: justify;\">Wir arbeiten auch eng mit einer Reihe von Experten aus anderen Bereichen wie Buchhaltung, Wirtschaftspr\u00fcfung, Geldw\u00e4schebek\u00e4mpfung usw. zusammen, mit denen wir in verschiedenen F\u00e4llen zusammenarbeiten.<\/p>\n<p>[\/col]<br \/>\n[col span=&#8221;6&#8243; span__sm=&#8221;12&#8243;]<\/p>\n<p>[ux_image id=&#8221;3571&#8243;]<\/p>\n<p>[\/col]<\/p>\n<p>[\/row]<\/p>\n<p>[\/section]<\/p>\n","protected":false},"excerpt":{"rendered":"<p>[section padding=&#8221;0px&#8221;] [ux_sidebar] [\/section] [section bg_color=&#8221;rgb(241, 242, 243)&#8221; padding=&#8221;0px&#8221;] [gap height=&#8221;50px&#8221;] [title style=&#8221;center&#8221; text=&#8221;Rivet:net&#8221;] [ux_sidebar] [\/section] [section] [row] [col span=&#8221;6&#8243; span__sm=&#8221;12&#8243;] [gap] [ux_image id=&#8221;2387&#8243;] [\/col] [col span=&#8221;6&#8243; span__sm=&#8221;12&#8243;] Rivet ist&hellip;<\/p>\n","protected":false},"author":1,"featured_media":0,"parent":2254,"menu_order":6,"comment_status":"closed","ping_status":"closed","template":"page-blank.php","meta":{"_lmt_disableupdate":"","_lmt_disable":"","footnotes":""},"class_list":["post-2269","page","type-page","status-publish","hentry"],"yoast_head":"<!-- This site is optimized with the Yoast SEO plugin v26.8 - https:\/\/yoast.com\/product\/yoast-seo-wordpress\/ -->\n<title>Netzwerk - Hodaj &amp; Partners L.L.C.<\/title>\n<meta name=\"robots\" content=\"index, follow, max-snippet:-1, max-image-preview:large, max-video-preview:-1\" \/>\n<link rel=\"canonical\" href=\"https:\/\/hodajlaw.com\/de\/about-us-3\/network\/\" \/>\n<meta property=\"og:locale\" content=\"de_DE\" \/>\n<meta property=\"og:type\" content=\"article\" \/>\n<meta property=\"og:title\" content=\"Netzwerk - Hodaj &amp; Partners L.L.C.\" \/>\n<meta property=\"og:description\" content=\"[section padding=&#8221;0px&#8221;] [ux_sidebar] [\/section] [section bg_color=&#8221;rgb(241, 242, 243)&#8221; padding=&#8221;0px&#8221;] [gap height=&#8221;50px&#8221;] [title style=&#8221;center&#8221; text=&#8221;Rivet:net&#8221;] [ux_sidebar] [\/section] [section] [row] [col span=&#8221;6&#8243; span__sm=&#8221;12&#8243;] [gap] [ux_image id=&#8221;2387&#8243;] [\/col] [col span=&#8221;6&#8243; span__sm=&#8221;12&#8243;] Rivet ist&hellip;\" \/>\n<meta property=\"og:url\" content=\"https:\/\/hodajlaw.com\/de\/about-us-3\/network\/\" \/>\n<meta property=\"og:site_name\" content=\"Hodaj &amp; Partners L.L.C.\" \/>\n<meta property=\"article:modified_time\" content=\"2022-02-09T18:29:37+00:00\" \/>\n<meta name=\"twitter:card\" content=\"summary_large_image\" \/>\n<meta name=\"twitter:label1\" content=\"Gesch\u00e4tzte Lesezeit\" \/>\n\t<meta name=\"twitter:data1\" content=\"2\u00a0Minuten\" \/>\n<script type=\"application\/ld+json\" class=\"yoast-schema-graph\">{\"@context\":\"https:\/\/schema.org\",\"@graph\":[{\"@type\":\"WebPage\",\"@id\":\"https:\/\/hodajlaw.com\/about-us-3\/network\/\",\"url\":\"https:\/\/hodajlaw.com\/about-us-3\/network\/\",\"name\":\"Netzwerk - Hodaj &amp; Partners L.L.C.\",\"isPartOf\":{\"@id\":\"https:\/\/hodajlaw.com\/#website\"},\"datePublished\":\"2018-12-13T09:48:21+00:00\",\"dateModified\":\"2022-02-09T18:29:37+00:00\",\"breadcrumb\":{\"@id\":\"https:\/\/hodajlaw.com\/about-us-3\/network\/#breadcrumb\"},\"inLanguage\":\"de\",\"potentialAction\":[{\"@type\":\"ReadAction\",\"target\":[\"https:\/\/hodajlaw.com\/about-us-3\/network\/\"]}]},{\"@type\":\"BreadcrumbList\",\"@id\":\"https:\/\/hodajlaw.com\/about-us-3\/network\/#breadcrumb\",\"itemListElement\":[{\"@type\":\"ListItem\",\"position\":1,\"name\":\"Home\",\"item\":\"https:\/\/hodajlaw.com\/\"},{\"@type\":\"ListItem\",\"position\":2,\"name\":\"\u00dcber Uns\",\"item\":\"https:\/\/hodajlaw.com\/about-us-3\/\"},{\"@type\":\"ListItem\",\"position\":3,\"name\":\"Netzwerk\"}]},{\"@type\":\"WebSite\",\"@id\":\"https:\/\/hodajlaw.com\/#website\",\"url\":\"https:\/\/hodajlaw.com\/\",\"name\":\"Hodaj &amp; Partners L.L.C.\",\"description\":\"Hodaj &amp; Partners\",\"potentialAction\":[{\"@type\":\"SearchAction\",\"target\":{\"@type\":\"EntryPoint\",\"urlTemplate\":\"https:\/\/hodajlaw.com\/?s={search_term_string}\"},\"query-input\":{\"@type\":\"PropertyValueSpecification\",\"valueRequired\":true,\"valueName\":\"search_term_string\"}}],\"inLanguage\":\"de\"}]}<\/script>\n<!-- \/ Yoast SEO plugin. -->","yoast_head_json":{"title":"Netzwerk - Hodaj &amp; Partners L.L.C.","robots":{"index":"index","follow":"follow","max-snippet":"max-snippet:-1","max-image-preview":"max-image-preview:large","max-video-preview":"max-video-preview:-1"},"canonical":"https:\/\/hodajlaw.com\/de\/about-us-3\/network\/","og_locale":"de_DE","og_type":"article","og_title":"Netzwerk - Hodaj &amp; Partners L.L.C.","og_description":"[section padding=&#8221;0px&#8221;] [ux_sidebar] [\/section] [section bg_color=&#8221;rgb(241, 242, 243)&#8221; padding=&#8221;0px&#8221;] [gap height=&#8221;50px&#8221;] [title style=&#8221;center&#8221; text=&#8221;Rivet:net&#8221;] [ux_sidebar] [\/section] [section] [row] [col span=&#8221;6&#8243; span__sm=&#8221;12&#8243;] [gap] [ux_image id=&#8221;2387&#8243;] [\/col] [col span=&#8221;6&#8243; span__sm=&#8221;12&#8243;] Rivet ist&hellip;","og_url":"https:\/\/hodajlaw.com\/de\/about-us-3\/network\/","og_site_name":"Hodaj &amp; Partners L.L.C.","article_modified_time":"2022-02-09T18:29:37+00:00","twitter_card":"summary_large_image","twitter_misc":{"Gesch\u00e4tzte Lesezeit":"2\u00a0Minuten"},"schema":{"@context":"https:\/\/schema.org","@graph":[{"@type":"WebPage","@id":"https:\/\/hodajlaw.com\/about-us-3\/network\/","url":"https:\/\/hodajlaw.com\/about-us-3\/network\/","name":"Netzwerk - Hodaj &amp; Partners L.L.C.","isPartOf":{"@id":"https:\/\/hodajlaw.com\/#website"},"datePublished":"2018-12-13T09:48:21+00:00","dateModified":"2022-02-09T18:29:37+00:00","breadcrumb":{"@id":"https:\/\/hodajlaw.com\/about-us-3\/network\/#breadcrumb"},"inLanguage":"de","potentialAction":[{"@type":"ReadAction","target":["https:\/\/hodajlaw.com\/about-us-3\/network\/"]}]},{"@type":"BreadcrumbList","@id":"https:\/\/hodajlaw.com\/about-us-3\/network\/#breadcrumb","itemListElement":[{"@type":"ListItem","position":1,"name":"Home","item":"https:\/\/hodajlaw.com\/"},{"@type":"ListItem","position":2,"name":"\u00dcber Uns","item":"https:\/\/hodajlaw.com\/about-us-3\/"},{"@type":"ListItem","position":3,"name":"Netzwerk"}]},{"@type":"WebSite","@id":"https:\/\/hodajlaw.com\/#website","url":"https:\/\/hodajlaw.com\/","name":"Hodaj &amp; Partners L.L.C.","description":"Hodaj &amp; Partners","potentialAction":[{"@type":"SearchAction","target":{"@type":"EntryPoint","urlTemplate":"https:\/\/hodajlaw.com\/?s={search_term_string}"},"query-input":{"@type":"PropertyValueSpecification","valueRequired":true,"valueName":"search_term_string"}}],"inLanguage":"de"}]}},"_links":{"self":[{"href":"https:\/\/hodajlaw.com\/de\/wp-json\/wp\/v2\/pages\/2269","targetHints":{"allow":["GET"]}}],"collection":[{"href":"https:\/\/hodajlaw.com\/de\/wp-json\/wp\/v2\/pages"}],"about":[{"href":"https:\/\/hodajlaw.com\/de\/wp-json\/wp\/v2\/types\/page"}],"author":[{"embeddable":true,"href":"https:\/\/hodajlaw.com\/de\/wp-json\/wp\/v2\/users\/1"}],"replies":[{"embeddable":true,"href":"https:\/\/hodajlaw.com\/de\/wp-json\/wp\/v2\/comments?post=2269"}],"version-history":[{"count":9,"href":"https:\/\/hodajlaw.com\/de\/wp-json\/wp\/v2\/pages\/2269\/revisions"}],"predecessor-version":[{"id":4366,"href":"https:\/\/hodajlaw.com\/de\/wp-json\/wp\/v2\/pages\/2269\/revisions\/4366"}],"up":[{"embeddable":true,"href":"https:\/\/hodajlaw.com\/de\/wp-json\/wp\/v2\/pages\/2254"}],"wp:attachment":[{"href":"https:\/\/hodajlaw.com\/de\/wp-json\/wp\/v2\/media?parent=2269"}],"curies":[{"name":"wp","href":"https:\/\/api.w.org\/{rel}","templated":true}]}}