{"id":2320,"date":"2019-02-21T21:24:34","date_gmt":"2019-02-21T21:24:34","guid":{"rendered":"http:\/\/hodajlaw.com\/areas-of-practice\/finance-law\/"},"modified":"2021-05-06T11:39:49","modified_gmt":"2021-05-06T11:39:49","slug":"finance-law","status":"publish","type":"page","link":"https:\/\/hodajlaw.com\/de\/areas-of-practice-old-3\/finance-law\/","title":{"rendered":"Finanzrecht"},"content":{"rendered":"<p>[page_header style=&#8221;normal&#8221; text_color=&#8221;dark&#8221;]<\/p>\n<p>[section]<\/p>\n<p>[row]<\/p>\n<p>[col span=&#8221;6&#8243; span__sm=&#8221;12&#8243;]<\/p>\n<p style=\"text-align: justify;\">Die Welt des Finanzrechts ist komplex und umst\u00e4ndlich zu navigieren. Es gibt eine Vielzahl von Problemen, die Gesch\u00e4ftstransaktionen behindern oder verhindern k\u00f6nnen. Unsere Anw\u00e4lte sind Experten in finanzrechtlichen Angelegenheiten und haben unseren Mandanten in der Vergangenheit unsch\u00e4tzbare Unterst\u00fctzung zur Verf\u00fcgung gestellt.<\/p>\n<p style=\"text-align: justify;\">Wir beraten unsere Mandanten und vertreten sie in Finanzangelegenheiten wie Schuldfinanzierung und Umschuldung, bei nationalen und internationalen Finanztransaktionen. Wir bieten unseren Kunden auch eine Anlageberatung an.<\/p>\n<p style=\"text-align: justify;\">Wir beraten und unterst\u00fctzen unsere Kunden in der Finanzbranche in allen Fragen der Finanzaufsicht, von der Zulassung durch die Zentralbank \u00fcber \u00dcberwachungsverfahren bis hin zur Festlegung der erforderlichen Verfahren und Richtlinien, die in den Vorschriften vorgeschrieben sind.<\/p>\n<p style=\"text-align: justify;\">Unsere Kanzlei ist sich der Bedeutung des finanziellen Aspekts des Gesch\u00e4fts bewusst, daher sind wir gut ger\u00fcstet, Ihnen die notwendigen Ratschl\u00e4ge und Dienstleistungen zum Schutz Ihrer Interessen, Ihres Verm\u00f6gens und Ihrer Liquidit\u00e4t zukommen zu lassen.<\/p>\n<p>[\/col]<br \/>\n[col span=&#8221;6&#8243; span__sm=&#8221;12&#8243; padding=&#8221;54px 0px 0px 0px&#8221;]<\/p>\n<p>[featured_box img=&#8221;1539&#8243; img_width=&#8221;201&#8243; pos=&#8221;center&#8221; icon_color=&#8221;rgb(167, 136, 94)&#8221;]<\/p>\n<p>[\/featured_box]<\/p>\n<p>[\/col]<\/p>\n<p>[\/row]<\/p>\n<p>[\/section]<\/p>\n","protected":false},"excerpt":{"rendered":"<p>[page_header style=&#8221;normal&#8221; text_color=&#8221;dark&#8221;] [section] [row] [col span=&#8221;6&#8243; span__sm=&#8221;12&#8243;] Die Welt des Finanzrechts ist komplex und umst\u00e4ndlich zu navigieren. Es gibt eine Vielzahl von Problemen, die Gesch\u00e4ftstransaktionen behindern oder verhindern k\u00f6nnen.&hellip;<\/p>\n","protected":false},"author":1,"featured_media":0,"parent":2260,"menu_order":0,"comment_status":"closed","ping_status":"closed","template":"page-blank.php","meta":{"_lmt_disableupdate":"","_lmt_disable":"","footnotes":""},"class_list":["post-2320","page","type-page","status-publish","hentry"],"yoast_head":"<!-- This site is optimized with the Yoast SEO plugin v26.8 - https:\/\/yoast.com\/product\/yoast-seo-wordpress\/ -->\n<title>Finanzrecht - Hodaj &amp; Partners L.L.C.<\/title>\n<meta name=\"robots\" content=\"index, follow, max-snippet:-1, max-image-preview:large, max-video-preview:-1\" \/>\n<link rel=\"canonical\" href=\"https:\/\/hodajlaw.com\/de\/areas-of-practice-old-3\/finance-law\/\" \/>\n<meta property=\"og:locale\" content=\"de_DE\" \/>\n<meta property=\"og:type\" content=\"article\" \/>\n<meta property=\"og:title\" content=\"Finanzrecht - Hodaj &amp; Partners L.L.C.\" \/>\n<meta property=\"og:description\" content=\"[page_header style=&#8221;normal&#8221; text_color=&#8221;dark&#8221;] [section] [row] [col span=&#8221;6&#8243; span__sm=&#8221;12&#8243;] Die Welt des Finanzrechts ist komplex und umst\u00e4ndlich zu navigieren. Es gibt eine Vielzahl von Problemen, die Gesch\u00e4ftstransaktionen behindern oder verhindern k\u00f6nnen.&hellip;\" \/>\n<meta property=\"og:url\" content=\"https:\/\/hodajlaw.com\/de\/areas-of-practice-old-3\/finance-law\/\" \/>\n<meta property=\"og:site_name\" content=\"Hodaj &amp; Partners L.L.C.\" \/>\n<meta property=\"article:modified_time\" content=\"2021-05-06T11:39:49+00:00\" \/>\n<meta name=\"twitter:card\" content=\"summary_large_image\" \/>\n<meta name=\"twitter:label1\" content=\"Gesch\u00e4tzte Lesezeit\" \/>\n\t<meta name=\"twitter:data1\" content=\"1\u00a0Minute\" \/>\n<script type=\"application\/ld+json\" class=\"yoast-schema-graph\">{\"@context\":\"https:\/\/schema.org\",\"@graph\":[{\"@type\":\"WebPage\",\"@id\":\"https:\/\/hodajlaw.com\/areas-of-practice-old-3\/finance-law\/\",\"url\":\"https:\/\/hodajlaw.com\/areas-of-practice-old-3\/finance-law\/\",\"name\":\"Finanzrecht - Hodaj &amp; Partners L.L.C.\",\"isPartOf\":{\"@id\":\"https:\/\/hodajlaw.com\/#website\"},\"datePublished\":\"2019-02-21T21:24:34+00:00\",\"dateModified\":\"2021-05-06T11:39:49+00:00\",\"breadcrumb\":{\"@id\":\"https:\/\/hodajlaw.com\/areas-of-practice-old-3\/finance-law\/#breadcrumb\"},\"inLanguage\":\"de\",\"potentialAction\":[{\"@type\":\"ReadAction\",\"target\":[\"https:\/\/hodajlaw.com\/areas-of-practice-old-3\/finance-law\/\"]}]},{\"@type\":\"BreadcrumbList\",\"@id\":\"https:\/\/hodajlaw.com\/areas-of-practice-old-3\/finance-law\/#breadcrumb\",\"itemListElement\":[{\"@type\":\"ListItem\",\"position\":1,\"name\":\"Home\",\"item\":\"https:\/\/hodajlaw.com\/\"},{\"@type\":\"ListItem\",\"position\":2,\"name\":\"Rechtsgebiete\",\"item\":\"https:\/\/hodajlaw.com\/areas-of-practice-old-3\/\"},{\"@type\":\"ListItem\",\"position\":3,\"name\":\"Finanzrecht\"}]},{\"@type\":\"WebSite\",\"@id\":\"https:\/\/hodajlaw.com\/#website\",\"url\":\"https:\/\/hodajlaw.com\/\",\"name\":\"Hodaj &amp; Partners L.L.C.\",\"description\":\"Hodaj &amp; Partners\",\"potentialAction\":[{\"@type\":\"SearchAction\",\"target\":{\"@type\":\"EntryPoint\",\"urlTemplate\":\"https:\/\/hodajlaw.com\/?s={search_term_string}\"},\"query-input\":{\"@type\":\"PropertyValueSpecification\",\"valueRequired\":true,\"valueName\":\"search_term_string\"}}],\"inLanguage\":\"de\"}]}<\/script>\n<!-- \/ Yoast SEO plugin. -->","yoast_head_json":{"title":"Finanzrecht - Hodaj &amp; Partners L.L.C.","robots":{"index":"index","follow":"follow","max-snippet":"max-snippet:-1","max-image-preview":"max-image-preview:large","max-video-preview":"max-video-preview:-1"},"canonical":"https:\/\/hodajlaw.com\/de\/areas-of-practice-old-3\/finance-law\/","og_locale":"de_DE","og_type":"article","og_title":"Finanzrecht - Hodaj &amp; Partners L.L.C.","og_description":"[page_header style=&#8221;normal&#8221; text_color=&#8221;dark&#8221;] [section] [row] [col span=&#8221;6&#8243; span__sm=&#8221;12&#8243;] Die Welt des Finanzrechts ist komplex und umst\u00e4ndlich zu navigieren. Es gibt eine Vielzahl von Problemen, die Gesch\u00e4ftstransaktionen behindern oder verhindern k\u00f6nnen.&hellip;","og_url":"https:\/\/hodajlaw.com\/de\/areas-of-practice-old-3\/finance-law\/","og_site_name":"Hodaj &amp; Partners L.L.C.","article_modified_time":"2021-05-06T11:39:49+00:00","twitter_card":"summary_large_image","twitter_misc":{"Gesch\u00e4tzte Lesezeit":"1\u00a0Minute"},"schema":{"@context":"https:\/\/schema.org","@graph":[{"@type":"WebPage","@id":"https:\/\/hodajlaw.com\/areas-of-practice-old-3\/finance-law\/","url":"https:\/\/hodajlaw.com\/areas-of-practice-old-3\/finance-law\/","name":"Finanzrecht - Hodaj &amp; Partners L.L.C.","isPartOf":{"@id":"https:\/\/hodajlaw.com\/#website"},"datePublished":"2019-02-21T21:24:34+00:00","dateModified":"2021-05-06T11:39:49+00:00","breadcrumb":{"@id":"https:\/\/hodajlaw.com\/areas-of-practice-old-3\/finance-law\/#breadcrumb"},"inLanguage":"de","potentialAction":[{"@type":"ReadAction","target":["https:\/\/hodajlaw.com\/areas-of-practice-old-3\/finance-law\/"]}]},{"@type":"BreadcrumbList","@id":"https:\/\/hodajlaw.com\/areas-of-practice-old-3\/finance-law\/#breadcrumb","itemListElement":[{"@type":"ListItem","position":1,"name":"Home","item":"https:\/\/hodajlaw.com\/"},{"@type":"ListItem","position":2,"name":"Rechtsgebiete","item":"https:\/\/hodajlaw.com\/areas-of-practice-old-3\/"},{"@type":"ListItem","position":3,"name":"Finanzrecht"}]},{"@type":"WebSite","@id":"https:\/\/hodajlaw.com\/#website","url":"https:\/\/hodajlaw.com\/","name":"Hodaj &amp; Partners L.L.C.","description":"Hodaj &amp; Partners","potentialAction":[{"@type":"SearchAction","target":{"@type":"EntryPoint","urlTemplate":"https:\/\/hodajlaw.com\/?s={search_term_string}"},"query-input":{"@type":"PropertyValueSpecification","valueRequired":true,"valueName":"search_term_string"}}],"inLanguage":"de"}]}},"_links":{"self":[{"href":"https:\/\/hodajlaw.com\/de\/wp-json\/wp\/v2\/pages\/2320","targetHints":{"allow":["GET"]}}],"collection":[{"href":"https:\/\/hodajlaw.com\/de\/wp-json\/wp\/v2\/pages"}],"about":[{"href":"https:\/\/hodajlaw.com\/de\/wp-json\/wp\/v2\/types\/page"}],"author":[{"embeddable":true,"href":"https:\/\/hodajlaw.com\/de\/wp-json\/wp\/v2\/users\/1"}],"replies":[{"embeddable":true,"href":"https:\/\/hodajlaw.com\/de\/wp-json\/wp\/v2\/comments?post=2320"}],"version-history":[{"count":2,"href":"https:\/\/hodajlaw.com\/de\/wp-json\/wp\/v2\/pages\/2320\/revisions"}],"predecessor-version":[{"id":3550,"href":"https:\/\/hodajlaw.com\/de\/wp-json\/wp\/v2\/pages\/2320\/revisions\/3550"}],"up":[{"embeddable":true,"href":"https:\/\/hodajlaw.com\/de\/wp-json\/wp\/v2\/pages\/2260"}],"wp:attachment":[{"href":"https:\/\/hodajlaw.com\/de\/wp-json\/wp\/v2\/media?parent=2320"}],"curies":[{"name":"wp","href":"https:\/\/api.w.org\/{rel}","templated":true}]}}