{"id":2335,"date":"2019-02-22T08:42:31","date_gmt":"2019-02-22T08:42:31","guid":{"rendered":"http:\/\/hodajlaw.com\/areas-of-practice\/energy-infrastructure\/"},"modified":"2021-05-06T11:34:42","modified_gmt":"2021-05-06T11:34:42","slug":"energy-infrastructure","status":"publish","type":"page","link":"https:\/\/hodajlaw.com\/de\/areas-of-practice-old-2\/energy-infrastructure\/","title":{"rendered":"Energjetika &#038; Infrastruktura"},"content":{"rendered":"<p>[page_header style=&#8221;normal&#8221; text_color=&#8221;dark&#8221;]<\/p>\n<p>[section]<\/p>\n<p>[row]<\/p>\n<p>[col span=&#8221;6&#8243; span__sm=&#8221;12&#8243;]<\/p>\n<p style=\"text-align: justify;\">Kosova \u00ebsht\u00eb e njohur p\u00ebr burimet natyrore p\u00ebr prodhim t\u00eb energjis\u00eb dhe p\u00ebr mineralet. Viteve t\u00eb fundit, sektori i energjetik\u00ebs ka p\u00ebrjetuar nj\u00eb num\u00ebr t\u00eb madh t\u00eb ndryshimeve thelb\u00ebsore \u2013 kjo p\u00ebr shkak t\u00eb procesit t\u00eb privatizimit n\u00eb prodhimin dhe distribuimin e energjis\u00eb, p\u00ebr arsye t\u00eb hapjes s\u00eb tregut t\u00eb energjis\u00eb p\u00ebr t\u00eb rritur konkurrenc\u00ebn.<\/p>\n<p style=\"text-align: justify;\">Sh\u00ebrbimet tone n\u00eb sektorin e energjis\u00eb dhe infrastruktur\u00ebs p\u00ebrfshijn\u00eb por nuk kufizohen n\u00eb p\u00ebrpilimin dhe p\u00ebrgaditjen e dokumenteve ligjore, p\u00ebrgaditjen e aplikimeve p\u00ebr licenca para rregullatorit p\u00ebrkat\u00ebs, aplikimet p\u00ebr licencim t\u00eb nxjerrjes s\u00eb mineraleve dhe sh\u00ebrbime t\u00eb tjera t\u00eb ngjashme.<\/p>\n<p style=\"text-align: justify;\">Projektet e energjis\u00eb dhe infrastruktur\u00ebs, pavar\u00ebsisht se sa jan\u00eb t\u00eb nd\u00ebrlikuara, kan\u00eb nevoj\u00eb p\u00ebr mbulim t\u00eb plot\u00eb t\u00eb t\u00eb gjitha aspekteve ligjore. Ekipi yn\u00eb ka p\u00ebrvoj\u00eb t\u00eb gjer\u00eb n\u00eb k\u00ebt\u00eb fush\u00eb dhe rregullisht k\u00ebshillon nd\u00ebrmarrjet e p\u00ebrfshira n\u00eb k\u00ebso projektesh.<\/p>\n<p>[\/col]<br \/>\n[col span=&#8221;6&#8243; span__sm=&#8221;12&#8243; padding=&#8221;54px 0px 0px 0px&#8221; visibility=&#8221;hide-for-small&#8221;]<\/p>\n<p>[featured_box img=&#8221;1255&#8243; img_width=&#8221;201&#8243; pos=&#8221;center&#8221; icon_color=&#8221;rgb(167, 136, 94)&#8221;]<\/p>\n<p>[\/featured_box]<\/p>\n<p>[\/col]<\/p>\n<p>[\/row]<\/p>\n<p>[\/section]<\/p>\n","protected":false},"excerpt":{"rendered":"<p>[page_header style=&#8221;normal&#8221; text_color=&#8221;dark&#8221;] [section] [row] [col span=&#8221;6&#8243; span__sm=&#8221;12&#8243;] Kosova \u00ebsht\u00eb e njohur p\u00ebr burimet natyrore p\u00ebr prodhim t\u00eb energjis\u00eb dhe p\u00ebr mineralet. Viteve t\u00eb fundit, sektori i energjetik\u00ebs ka p\u00ebrjetuar&hellip;<\/p>\n","protected":false},"author":1,"featured_media":0,"parent":2259,"menu_order":0,"comment_status":"closed","ping_status":"closed","template":"page-blank.php","meta":{"_lmt_disableupdate":"","_lmt_disable":"","footnotes":""},"class_list":["post-2335","page","type-page","status-publish","hentry"],"yoast_head":"<!-- This site is optimized with the Yoast SEO plugin v26.8 - https:\/\/yoast.com\/product\/yoast-seo-wordpress\/ -->\n<title>Energjetika &amp; Infrastruktura - Hodaj &amp; Partners L.L.C.<\/title>\n<meta name=\"robots\" content=\"index, follow, max-snippet:-1, max-image-preview:large, max-video-preview:-1\" \/>\n<link rel=\"canonical\" href=\"https:\/\/hodajlaw.com\/de\/areas-of-practice-old-2\/energy-infrastructure\/\" \/>\n<meta property=\"og:locale\" content=\"de_DE\" \/>\n<meta property=\"og:type\" content=\"article\" \/>\n<meta property=\"og:title\" content=\"Energjetika &amp; Infrastruktura - Hodaj &amp; Partners L.L.C.\" \/>\n<meta property=\"og:description\" content=\"[page_header style=&#8221;normal&#8221; text_color=&#8221;dark&#8221;] [section] [row] [col span=&#8221;6&#8243; span__sm=&#8221;12&#8243;] Kosova \u00ebsht\u00eb e njohur p\u00ebr burimet natyrore p\u00ebr prodhim t\u00eb energjis\u00eb dhe p\u00ebr mineralet. Viteve t\u00eb fundit, sektori i energjetik\u00ebs ka p\u00ebrjetuar&hellip;\" \/>\n<meta property=\"og:url\" content=\"https:\/\/hodajlaw.com\/de\/areas-of-practice-old-2\/energy-infrastructure\/\" \/>\n<meta property=\"og:site_name\" content=\"Hodaj &amp; Partners L.L.C.\" \/>\n<meta property=\"article:modified_time\" content=\"2021-05-06T11:34:42+00:00\" \/>\n<meta name=\"twitter:card\" content=\"summary_large_image\" \/>\n<meta name=\"twitter:label1\" content=\"Gesch\u00e4tzte Lesezeit\" \/>\n\t<meta name=\"twitter:data1\" content=\"1\u00a0Minute\" \/>\n<script type=\"application\/ld+json\" class=\"yoast-schema-graph\">{\"@context\":\"https:\/\/schema.org\",\"@graph\":[{\"@type\":\"WebPage\",\"@id\":\"https:\/\/hodajlaw.com\/areas-of-practice-old-2\/energy-infrastructure\/\",\"url\":\"https:\/\/hodajlaw.com\/areas-of-practice-old-2\/energy-infrastructure\/\",\"name\":\"Energjetika & Infrastruktura - Hodaj &amp; Partners L.L.C.\",\"isPartOf\":{\"@id\":\"https:\/\/hodajlaw.com\/#website\"},\"datePublished\":\"2019-02-22T08:42:31+00:00\",\"dateModified\":\"2021-05-06T11:34:42+00:00\",\"breadcrumb\":{\"@id\":\"https:\/\/hodajlaw.com\/areas-of-practice-old-2\/energy-infrastructure\/#breadcrumb\"},\"inLanguage\":\"de\",\"potentialAction\":[{\"@type\":\"ReadAction\",\"target\":[\"https:\/\/hodajlaw.com\/areas-of-practice-old-2\/energy-infrastructure\/\"]}]},{\"@type\":\"BreadcrumbList\",\"@id\":\"https:\/\/hodajlaw.com\/areas-of-practice-old-2\/energy-infrastructure\/#breadcrumb\",\"itemListElement\":[{\"@type\":\"ListItem\",\"position\":1,\"name\":\"Home\",\"item\":\"https:\/\/hodajlaw.com\/\"},{\"@type\":\"ListItem\",\"position\":2,\"name\":\"Fushat e veprimit \/ Sh\u00ebrbimet\",\"item\":\"https:\/\/hodajlaw.com\/areas-of-practice-old-2\/\"},{\"@type\":\"ListItem\",\"position\":3,\"name\":\"Energjetika &#038; Infrastruktura\"}]},{\"@type\":\"WebSite\",\"@id\":\"https:\/\/hodajlaw.com\/#website\",\"url\":\"https:\/\/hodajlaw.com\/\",\"name\":\"Hodaj &amp; Partners L.L.C.\",\"description\":\"Hodaj &amp; Partners\",\"potentialAction\":[{\"@type\":\"SearchAction\",\"target\":{\"@type\":\"EntryPoint\",\"urlTemplate\":\"https:\/\/hodajlaw.com\/?s={search_term_string}\"},\"query-input\":{\"@type\":\"PropertyValueSpecification\",\"valueRequired\":true,\"valueName\":\"search_term_string\"}}],\"inLanguage\":\"de\"}]}<\/script>\n<!-- \/ Yoast SEO plugin. -->","yoast_head_json":{"title":"Energjetika & Infrastruktura - Hodaj &amp; Partners L.L.C.","robots":{"index":"index","follow":"follow","max-snippet":"max-snippet:-1","max-image-preview":"max-image-preview:large","max-video-preview":"max-video-preview:-1"},"canonical":"https:\/\/hodajlaw.com\/de\/areas-of-practice-old-2\/energy-infrastructure\/","og_locale":"de_DE","og_type":"article","og_title":"Energjetika & Infrastruktura - Hodaj &amp; Partners L.L.C.","og_description":"[page_header style=&#8221;normal&#8221; text_color=&#8221;dark&#8221;] [section] [row] [col span=&#8221;6&#8243; span__sm=&#8221;12&#8243;] Kosova \u00ebsht\u00eb e njohur p\u00ebr burimet natyrore p\u00ebr prodhim t\u00eb energjis\u00eb dhe p\u00ebr mineralet. Viteve t\u00eb fundit, sektori i energjetik\u00ebs ka p\u00ebrjetuar&hellip;","og_url":"https:\/\/hodajlaw.com\/de\/areas-of-practice-old-2\/energy-infrastructure\/","og_site_name":"Hodaj &amp; Partners L.L.C.","article_modified_time":"2021-05-06T11:34:42+00:00","twitter_card":"summary_large_image","twitter_misc":{"Gesch\u00e4tzte Lesezeit":"1\u00a0Minute"},"schema":{"@context":"https:\/\/schema.org","@graph":[{"@type":"WebPage","@id":"https:\/\/hodajlaw.com\/areas-of-practice-old-2\/energy-infrastructure\/","url":"https:\/\/hodajlaw.com\/areas-of-practice-old-2\/energy-infrastructure\/","name":"Energjetika & Infrastruktura - Hodaj &amp; Partners L.L.C.","isPartOf":{"@id":"https:\/\/hodajlaw.com\/#website"},"datePublished":"2019-02-22T08:42:31+00:00","dateModified":"2021-05-06T11:34:42+00:00","breadcrumb":{"@id":"https:\/\/hodajlaw.com\/areas-of-practice-old-2\/energy-infrastructure\/#breadcrumb"},"inLanguage":"de","potentialAction":[{"@type":"ReadAction","target":["https:\/\/hodajlaw.com\/areas-of-practice-old-2\/energy-infrastructure\/"]}]},{"@type":"BreadcrumbList","@id":"https:\/\/hodajlaw.com\/areas-of-practice-old-2\/energy-infrastructure\/#breadcrumb","itemListElement":[{"@type":"ListItem","position":1,"name":"Home","item":"https:\/\/hodajlaw.com\/"},{"@type":"ListItem","position":2,"name":"Fushat e veprimit \/ Sh\u00ebrbimet","item":"https:\/\/hodajlaw.com\/areas-of-practice-old-2\/"},{"@type":"ListItem","position":3,"name":"Energjetika &#038; Infrastruktura"}]},{"@type":"WebSite","@id":"https:\/\/hodajlaw.com\/#website","url":"https:\/\/hodajlaw.com\/","name":"Hodaj &amp; Partners L.L.C.","description":"Hodaj &amp; Partners","potentialAction":[{"@type":"SearchAction","target":{"@type":"EntryPoint","urlTemplate":"https:\/\/hodajlaw.com\/?s={search_term_string}"},"query-input":{"@type":"PropertyValueSpecification","valueRequired":true,"valueName":"search_term_string"}}],"inLanguage":"de"}]}},"_links":{"self":[{"href":"https:\/\/hodajlaw.com\/de\/wp-json\/wp\/v2\/pages\/2335","targetHints":{"allow":["GET"]}}],"collection":[{"href":"https:\/\/hodajlaw.com\/de\/wp-json\/wp\/v2\/pages"}],"about":[{"href":"https:\/\/hodajlaw.com\/de\/wp-json\/wp\/v2\/types\/page"}],"author":[{"embeddable":true,"href":"https:\/\/hodajlaw.com\/de\/wp-json\/wp\/v2\/users\/1"}],"replies":[{"embeddable":true,"href":"https:\/\/hodajlaw.com\/de\/wp-json\/wp\/v2\/comments?post=2335"}],"version-history":[{"count":2,"href":"https:\/\/hodajlaw.com\/de\/wp-json\/wp\/v2\/pages\/2335\/revisions"}],"predecessor-version":[{"id":3540,"href":"https:\/\/hodajlaw.com\/de\/wp-json\/wp\/v2\/pages\/2335\/revisions\/3540"}],"up":[{"embeddable":true,"href":"https:\/\/hodajlaw.com\/de\/wp-json\/wp\/v2\/pages\/2259"}],"wp:attachment":[{"href":"https:\/\/hodajlaw.com\/de\/wp-json\/wp\/v2\/media?parent=2335"}],"curies":[{"name":"wp","href":"https:\/\/api.w.org\/{rel}","templated":true}]}}