{"id":2347,"date":"2019-02-22T08:48:10","date_gmt":"2019-02-22T08:48:10","guid":{"rendered":"http:\/\/hodajlaw.com\/areas-of-practice\/public-procurement\/"},"modified":"2021-05-06T11:35:30","modified_gmt":"2021-05-06T11:35:30","slug":"public-procurement","status":"publish","type":"page","link":"https:\/\/hodajlaw.com\/de\/areas-of-practice-old-2\/public-procurement\/","title":{"rendered":"Prokurimi Publik"},"content":{"rendered":"<p>[page_header style=&#8221;normal&#8221; text_color=&#8221;dark&#8221;]<\/p>\n<p>[section]<\/p>\n<p>[row]<\/p>\n<p>[col span=&#8221;6&#8243; span__sm=&#8221;12&#8243;]<\/p>\n<p style=\"text-align: justify;\">Prokurimi publik \u00ebsht\u00eb nj\u00eb fush\u00eb q\u00eb ofron mund\u00ebsi t\u00eb m\u00ebdha p\u00ebr t\u00eb b\u00ebr\u00eb biznes n\u00eb Kosov\u00eb. Ligji i aplikuesh\u00ebm n\u00eb Kosov\u00eb e rregullon k\u00ebt\u00eb fush\u00eb n\u00eb p\u00ebrputhje me standardet europiane dhe siguron q\u00eb kontestet n\u00eb k\u00ebt\u00eb fush\u00eb t\u00eb zgjedhen n\u00eb m\u00ebnyr\u00eb sa m\u00eb efikase dhe transparente. Megjithat\u00eb, prokurimi publik po b\u00ebhet \u04abdo dit\u00eb e m\u00eb i kompleks \u2013 p\u00ebr ket\u00eb arsye analiza e mir\u00ebfillt\u00eb e legjislacionit p\u00ebrkat\u00ebs, t\u00eb dosjeve t\u00eb tenderit dhe t\u00eb k\u00ebrkesave tjera \u00ebsh\u00eb b\u00ebr\u00eb kusht i nevojsh\u00ebm p\u00ebr realizimin e suksessh\u00ebm t\u00eb projekteve t\u00eb ndryshme.<\/p>\n<p style=\"text-align: justify;\">Zyra jon\u00eb ofron nj\u00eb gam\u00eb t\u00eb plot\u00eb t\u00eb sh\u00ebrbimeve dhe p\u00ebrfaq\u00ebson klient\u00ebt tan\u00eb para Organit Shqyrtues t\u00eb Prokurimit (OSHP), por edhe para gjykatave p\u00ebrkat\u00ebse.<\/p>\n<p style=\"text-align: justify;\">Si organ i pavarur administrativ, OSHP ushtron autoritetin, kompetencat, funksionet dhe p\u00ebrgjegj\u00ebsit\u00eb e parapara me ligj dhe \u00ebsht\u00eb e detyruar me ligj t\u00eb shqyrtoj\u00eb dhe vendos\u00eb p\u00ebr ofertat e kontestuara n\u00eb tender\u00eb t\u00eb prokurimit publik dhe obligohet t\u00eb t\u00eb marr\u00eb vendim p\u00ebr secilin rast brenda 30 dit\u00ebve nga dita e dor\u00ebzimit t\u00eb ankes\u00ebs.<\/p>\n<p style=\"text-align: justify;\">Ne ofrojm\u00eb sh\u00ebrbime ligjore n\u00eb procesin e prokurimit nga fillimi deri n\u00eb fund. Ne i mb\u00ebshtesim klient\u00ebt tan\u00eb n\u00eb p\u00ebrgaditjen e aplikacionit t\u00eb prokurimit dhe t\u00eb ofertave t\u00eb prokurimit, dhe n\u00ebse \u00ebsht\u00eb e nevojshme ne dor\u00ebzojm\u00eb ankesa dhe i p\u00ebrfaq\u00ebsojm\u00eb ata para OSHP-s\u00eb. M\u00eb tej, ne i p\u00ebrfaq\u00ebsojm\u00eb klient\u00ebt tan\u00eb para gjykatave p\u00ebrkat\u00ebse.<\/p>\n<p>[\/col]<br \/>\n[col span=&#8221;6&#8243; span__sm=&#8221;12&#8243; padding=&#8221;54px 0px 0px 0px&#8221;]<\/p>\n<p>[featured_box img=&#8221;1542&#8243; img_width=&#8221;201&#8243; pos=&#8221;center&#8221; icon_color=&#8221;rgb(167, 136, 94)&#8221; visibility=&#8221;hide-for-small&#8221;]<\/p>\n<p>[\/featured_box]<\/p>\n<p>[\/col]<\/p>\n<p>[\/row]<\/p>\n<p>[\/section]<\/p>\n","protected":false},"excerpt":{"rendered":"<p>[page_header style=&#8221;normal&#8221; text_color=&#8221;dark&#8221;] [section] [row] [col span=&#8221;6&#8243; span__sm=&#8221;12&#8243;] Prokurimi publik \u00ebsht\u00eb nj\u00eb fush\u00eb q\u00eb ofron mund\u00ebsi t\u00eb m\u00ebdha p\u00ebr t\u00eb b\u00ebr\u00eb biznes n\u00eb Kosov\u00eb. Ligji i aplikuesh\u00ebm n\u00eb Kosov\u00eb e&hellip;<\/p>\n","protected":false},"author":1,"featured_media":0,"parent":2259,"menu_order":0,"comment_status":"closed","ping_status":"closed","template":"page-blank.php","meta":{"_lmt_disableupdate":"","_lmt_disable":"","footnotes":""},"class_list":["post-2347","page","type-page","status-publish","hentry"],"yoast_head":"<!-- This site is optimized with the Yoast SEO plugin v27.4 - https:\/\/yoast.com\/product\/yoast-seo-wordpress\/ -->\n<title>Prokurimi Publik - Hodaj &amp; Partners L.L.C.<\/title>\n<meta name=\"robots\" content=\"index, follow, max-snippet:-1, max-image-preview:large, max-video-preview:-1\" \/>\n<link rel=\"canonical\" href=\"https:\/\/hodajlaw.com\/de\/areas-of-practice-old-2\/public-procurement\/\" \/>\n<meta property=\"og:locale\" content=\"de_DE\" \/>\n<meta property=\"og:type\" content=\"article\" \/>\n<meta property=\"og:title\" content=\"Prokurimi Publik - Hodaj &amp; Partners L.L.C.\" \/>\n<meta property=\"og:description\" content=\"[page_header style=&#8221;normal&#8221; text_color=&#8221;dark&#8221;] [section] [row] [col span=&#8221;6&#8243; span__sm=&#8221;12&#8243;] Prokurimi publik \u00ebsht\u00eb nj\u00eb fush\u00eb q\u00eb ofron mund\u00ebsi t\u00eb m\u00ebdha p\u00ebr t\u00eb b\u00ebr\u00eb biznes n\u00eb Kosov\u00eb. Ligji i aplikuesh\u00ebm n\u00eb Kosov\u00eb e&hellip;\" \/>\n<meta property=\"og:url\" content=\"https:\/\/hodajlaw.com\/de\/areas-of-practice-old-2\/public-procurement\/\" \/>\n<meta property=\"og:site_name\" content=\"Hodaj &amp; Partners L.L.C.\" \/>\n<meta property=\"article:modified_time\" content=\"2021-05-06T11:35:30+00:00\" \/>\n<meta name=\"twitter:card\" content=\"summary_large_image\" \/>\n<meta name=\"twitter:label1\" content=\"Gesch\u00e4tzte Lesezeit\" \/>\n\t<meta name=\"twitter:data1\" content=\"2\u00a0Minuten\" \/>\n<script type=\"application\/ld+json\" class=\"yoast-schema-graph\">{\"@context\":\"https:\\\/\\\/schema.org\",\"@graph\":[{\"@type\":\"WebPage\",\"@id\":\"https:\\\/\\\/hodajlaw.com\\\/areas-of-practice-old-2\\\/public-procurement\\\/\",\"url\":\"https:\\\/\\\/hodajlaw.com\\\/areas-of-practice-old-2\\\/public-procurement\\\/\",\"name\":\"Prokurimi Publik - Hodaj &amp; Partners L.L.C.\",\"isPartOf\":{\"@id\":\"https:\\\/\\\/hodajlaw.com\\\/#website\"},\"datePublished\":\"2019-02-22T08:48:10+00:00\",\"dateModified\":\"2021-05-06T11:35:30+00:00\",\"breadcrumb\":{\"@id\":\"https:\\\/\\\/hodajlaw.com\\\/areas-of-practice-old-2\\\/public-procurement\\\/#breadcrumb\"},\"inLanguage\":\"de\",\"potentialAction\":[{\"@type\":\"ReadAction\",\"target\":[\"https:\\\/\\\/hodajlaw.com\\\/areas-of-practice-old-2\\\/public-procurement\\\/\"]}]},{\"@type\":\"BreadcrumbList\",\"@id\":\"https:\\\/\\\/hodajlaw.com\\\/areas-of-practice-old-2\\\/public-procurement\\\/#breadcrumb\",\"itemListElement\":[{\"@type\":\"ListItem\",\"position\":1,\"name\":\"Home\",\"item\":\"https:\\\/\\\/hodajlaw.com\\\/\"},{\"@type\":\"ListItem\",\"position\":2,\"name\":\"Fushat e veprimit \\\/ Sh\u00ebrbimet\",\"item\":\"https:\\\/\\\/hodajlaw.com\\\/areas-of-practice-old-2\\\/\"},{\"@type\":\"ListItem\",\"position\":3,\"name\":\"Prokurimi Publik\"}]},{\"@type\":\"WebSite\",\"@id\":\"https:\\\/\\\/hodajlaw.com\\\/#website\",\"url\":\"https:\\\/\\\/hodajlaw.com\\\/\",\"name\":\"Hodaj &amp; Partners L.L.C.\",\"description\":\"Hodaj &amp; Partners\",\"potentialAction\":[{\"@type\":\"SearchAction\",\"target\":{\"@type\":\"EntryPoint\",\"urlTemplate\":\"https:\\\/\\\/hodajlaw.com\\\/?s={search_term_string}\"},\"query-input\":{\"@type\":\"PropertyValueSpecification\",\"valueRequired\":true,\"valueName\":\"search_term_string\"}}],\"inLanguage\":\"de\"}]}<\/script>\n<!-- \/ Yoast SEO plugin. -->","yoast_head_json":{"title":"Prokurimi Publik - Hodaj &amp; Partners L.L.C.","robots":{"index":"index","follow":"follow","max-snippet":"max-snippet:-1","max-image-preview":"max-image-preview:large","max-video-preview":"max-video-preview:-1"},"canonical":"https:\/\/hodajlaw.com\/de\/areas-of-practice-old-2\/public-procurement\/","og_locale":"de_DE","og_type":"article","og_title":"Prokurimi Publik - Hodaj &amp; Partners L.L.C.","og_description":"[page_header style=&#8221;normal&#8221; text_color=&#8221;dark&#8221;] [section] [row] [col span=&#8221;6&#8243; span__sm=&#8221;12&#8243;] Prokurimi publik \u00ebsht\u00eb nj\u00eb fush\u00eb q\u00eb ofron mund\u00ebsi t\u00eb m\u00ebdha p\u00ebr t\u00eb b\u00ebr\u00eb biznes n\u00eb Kosov\u00eb. Ligji i aplikuesh\u00ebm n\u00eb Kosov\u00eb e&hellip;","og_url":"https:\/\/hodajlaw.com\/de\/areas-of-practice-old-2\/public-procurement\/","og_site_name":"Hodaj &amp; Partners L.L.C.","article_modified_time":"2021-05-06T11:35:30+00:00","twitter_card":"summary_large_image","twitter_misc":{"Gesch\u00e4tzte Lesezeit":"2\u00a0Minuten"},"schema":{"@context":"https:\/\/schema.org","@graph":[{"@type":"WebPage","@id":"https:\/\/hodajlaw.com\/areas-of-practice-old-2\/public-procurement\/","url":"https:\/\/hodajlaw.com\/areas-of-practice-old-2\/public-procurement\/","name":"Prokurimi Publik - Hodaj &amp; Partners L.L.C.","isPartOf":{"@id":"https:\/\/hodajlaw.com\/#website"},"datePublished":"2019-02-22T08:48:10+00:00","dateModified":"2021-05-06T11:35:30+00:00","breadcrumb":{"@id":"https:\/\/hodajlaw.com\/areas-of-practice-old-2\/public-procurement\/#breadcrumb"},"inLanguage":"de","potentialAction":[{"@type":"ReadAction","target":["https:\/\/hodajlaw.com\/areas-of-practice-old-2\/public-procurement\/"]}]},{"@type":"BreadcrumbList","@id":"https:\/\/hodajlaw.com\/areas-of-practice-old-2\/public-procurement\/#breadcrumb","itemListElement":[{"@type":"ListItem","position":1,"name":"Home","item":"https:\/\/hodajlaw.com\/"},{"@type":"ListItem","position":2,"name":"Fushat e veprimit \/ Sh\u00ebrbimet","item":"https:\/\/hodajlaw.com\/areas-of-practice-old-2\/"},{"@type":"ListItem","position":3,"name":"Prokurimi Publik"}]},{"@type":"WebSite","@id":"https:\/\/hodajlaw.com\/#website","url":"https:\/\/hodajlaw.com\/","name":"Hodaj &amp; Partners L.L.C.","description":"Hodaj &amp; Partners","potentialAction":[{"@type":"SearchAction","target":{"@type":"EntryPoint","urlTemplate":"https:\/\/hodajlaw.com\/?s={search_term_string}"},"query-input":{"@type":"PropertyValueSpecification","valueRequired":true,"valueName":"search_term_string"}}],"inLanguage":"de"}]}},"_links":{"self":[{"href":"https:\/\/hodajlaw.com\/de\/wp-json\/wp\/v2\/pages\/2347","targetHints":{"allow":["GET"]}}],"collection":[{"href":"https:\/\/hodajlaw.com\/de\/wp-json\/wp\/v2\/pages"}],"about":[{"href":"https:\/\/hodajlaw.com\/de\/wp-json\/wp\/v2\/types\/page"}],"author":[{"embeddable":true,"href":"https:\/\/hodajlaw.com\/de\/wp-json\/wp\/v2\/users\/1"}],"replies":[{"embeddable":true,"href":"https:\/\/hodajlaw.com\/de\/wp-json\/wp\/v2\/comments?post=2347"}],"version-history":[{"count":2,"href":"https:\/\/hodajlaw.com\/de\/wp-json\/wp\/v2\/pages\/2347\/revisions"}],"predecessor-version":[{"id":3542,"href":"https:\/\/hodajlaw.com\/de\/wp-json\/wp\/v2\/pages\/2347\/revisions\/3542"}],"up":[{"embeddable":true,"href":"https:\/\/hodajlaw.com\/de\/wp-json\/wp\/v2\/pages\/2259"}],"wp:attachment":[{"href":"https:\/\/hodajlaw.com\/de\/wp-json\/wp\/v2\/media?parent=2347"}],"curies":[{"name":"wp","href":"https:\/\/api.w.org\/{rel}","templated":true}]}}