{"id":2348,"date":"2019-02-22T08:48:10","date_gmt":"2019-02-22T08:48:10","guid":{"rendered":"http:\/\/hodajlaw.com\/areas-of-practice\/public-procurement\/"},"modified":"2021-05-06T11:44:09","modified_gmt":"2021-05-06T11:44:09","slug":"public-procurement","status":"publish","type":"page","link":"https:\/\/hodajlaw.com\/de\/areas-of-practice-old-3\/public-procurement\/","title":{"rendered":"\u00d6ffentliche Auftr\u00e4ge"},"content":{"rendered":"<p>[page_header style=&#8221;normal&#8221; text_color=&#8221;dark&#8221;]<\/p>\n<p>[section]<\/p>\n<p>[row]<\/p>\n<p>[col span=&#8221;6&#8243; span__sm=&#8221;12&#8243;]<\/p>\n<p style=\"text-align: justify;\">Der Bereich der \u00f6ffentlichen Auftr\u00e4ge bietet im Kosovo erhebliche Gesch\u00e4ftsm\u00f6glichkeiten. Das in diesem Bereich anwendbare Recht steht in v\u00f6lliger \u00dcbereinstimmung mit den europ\u00e4ischen Normen und gew\u00e4hrleistet die effizienteste und transparenteste Art der L\u00f6sung von Rechtswettbewerben in diesem Bereich. Die Navigation im Bereich der \u00f6ffentlichen Auftr\u00e4ge wird jedoch rechtlich immer komplexer. Daher ist die ordnungsgem\u00e4\u00dfe Analyse der geltenden Rechtsvorschriften, der Ausschreibungsunterlagen und anderer Anforderungen zur Notwendigkeit geworden, um erfolgreiche Angebote zu realisieren und den Abschluss von Projekten erfolgreich zu verwalten.<\/p>\n<p style=\"text-align: justify;\">Unsere Firma bietet unseren Mandanten eine komplette Palette von Dienstleistungen und vertritt sie bei Verfahren vor dem Procurement Review Body (PRB) sowie vor zust\u00e4ndigen Gerichten.<\/p>\n<p style=\"text-align: justify;\">Als unabh\u00e4ngiges administratives \u00dcberpr\u00fcfungsgremium \u00fcbt das PRB die gesetzlich vorgesehene, Befugnisse, Funktionen und Zust\u00e4ndigkeiten aus, um angefochtene Angebote f\u00fcr \u00f6ffentliche Auftr\u00e4ge zu \u00fcberpr\u00fcfen und zu entscheiden, und ist verpflichtet, innerhalb von 30 Tagen ab dem Datum der Einreichung eine Entscheidung in jedem Fall zu treffen.<\/p>\n<p style=\"text-align: justify;\">Wir bieten juristische Dienstleistungen vom Beginn bis zum Ende im Prozess der \u00f6ffentlichen Auftr\u00e4ge an. Wir unterst\u00fctzen unsere Kunden bei der Vorbereitung des Vergabeantrags f\u00fcr \u00f6ffentliche Vergabeangebote und reichen bei Bedarf Beschwerden ein und vertreten unsere Kunden vor dem PRB. Zus\u00e4tzlich vertreten wir unsere Mandanten vor den zust\u00e4ndigen Gerichten.<\/p>\n<p>[\/col]<br \/>\n[col span=&#8221;6&#8243; span__sm=&#8221;12&#8243; padding=&#8221;54px 0px 0px 0px&#8221;]<\/p>\n<p>[featured_box img=&#8221;1542&#8243; img_width=&#8221;201&#8243; pos=&#8221;center&#8221; icon_color=&#8221;rgb(167, 136, 94)&#8221; visibility=&#8221;hide-for-small&#8221;]<\/p>\n<p>[\/featured_box]<\/p>\n<p>[\/col]<\/p>\n<p>[\/row]<\/p>\n<p>[\/section]<\/p>\n","protected":false},"excerpt":{"rendered":"<p>[page_header style=&#8221;normal&#8221; text_color=&#8221;dark&#8221;] [section] [row] [col span=&#8221;6&#8243; span__sm=&#8221;12&#8243;] Der Bereich der \u00f6ffentlichen Auftr\u00e4ge bietet im Kosovo erhebliche Gesch\u00e4ftsm\u00f6glichkeiten. Das in diesem Bereich anwendbare Recht steht in v\u00f6lliger \u00dcbereinstimmung mit den&hellip;<\/p>\n","protected":false},"author":1,"featured_media":0,"parent":2260,"menu_order":0,"comment_status":"closed","ping_status":"closed","template":"page-blank.php","meta":{"_lmt_disableupdate":"","_lmt_disable":"","footnotes":""},"class_list":["post-2348","page","type-page","status-publish","hentry"],"yoast_head":"<!-- This site is optimized with the Yoast SEO plugin v27.4 - https:\/\/yoast.com\/product\/yoast-seo-wordpress\/ -->\n<title>\u00d6ffentliche Auftr\u00e4ge - Hodaj &amp; Partners L.L.C.<\/title>\n<meta name=\"robots\" content=\"index, follow, max-snippet:-1, max-image-preview:large, max-video-preview:-1\" \/>\n<link rel=\"canonical\" href=\"https:\/\/hodajlaw.com\/de\/areas-of-practice-old-3\/public-procurement\/\" \/>\n<meta property=\"og:locale\" content=\"de_DE\" \/>\n<meta property=\"og:type\" content=\"article\" \/>\n<meta property=\"og:title\" content=\"\u00d6ffentliche Auftr\u00e4ge - Hodaj &amp; Partners L.L.C.\" \/>\n<meta property=\"og:description\" content=\"[page_header style=&#8221;normal&#8221; text_color=&#8221;dark&#8221;] [section] [row] [col span=&#8221;6&#8243; span__sm=&#8221;12&#8243;] Der Bereich der \u00f6ffentlichen Auftr\u00e4ge bietet im Kosovo erhebliche Gesch\u00e4ftsm\u00f6glichkeiten. Das in diesem Bereich anwendbare Recht steht in v\u00f6lliger \u00dcbereinstimmung mit den&hellip;\" \/>\n<meta property=\"og:url\" content=\"https:\/\/hodajlaw.com\/de\/areas-of-practice-old-3\/public-procurement\/\" \/>\n<meta property=\"og:site_name\" content=\"Hodaj &amp; Partners L.L.C.\" \/>\n<meta property=\"article:modified_time\" content=\"2021-05-06T11:44:09+00:00\" \/>\n<meta name=\"twitter:card\" content=\"summary_large_image\" \/>\n<meta name=\"twitter:label1\" content=\"Gesch\u00e4tzte Lesezeit\" \/>\n\t<meta name=\"twitter:data1\" content=\"1\u00a0Minute\" \/>\n<script type=\"application\/ld+json\" class=\"yoast-schema-graph\">{\"@context\":\"https:\\\/\\\/schema.org\",\"@graph\":[{\"@type\":\"WebPage\",\"@id\":\"https:\\\/\\\/hodajlaw.com\\\/areas-of-practice-old-3\\\/public-procurement\\\/\",\"url\":\"https:\\\/\\\/hodajlaw.com\\\/areas-of-practice-old-3\\\/public-procurement\\\/\",\"name\":\"\u00d6ffentliche Auftr\u00e4ge - Hodaj &amp; Partners L.L.C.\",\"isPartOf\":{\"@id\":\"https:\\\/\\\/hodajlaw.com\\\/#website\"},\"datePublished\":\"2019-02-22T08:48:10+00:00\",\"dateModified\":\"2021-05-06T11:44:09+00:00\",\"breadcrumb\":{\"@id\":\"https:\\\/\\\/hodajlaw.com\\\/areas-of-practice-old-3\\\/public-procurement\\\/#breadcrumb\"},\"inLanguage\":\"de\",\"potentialAction\":[{\"@type\":\"ReadAction\",\"target\":[\"https:\\\/\\\/hodajlaw.com\\\/areas-of-practice-old-3\\\/public-procurement\\\/\"]}]},{\"@type\":\"BreadcrumbList\",\"@id\":\"https:\\\/\\\/hodajlaw.com\\\/areas-of-practice-old-3\\\/public-procurement\\\/#breadcrumb\",\"itemListElement\":[{\"@type\":\"ListItem\",\"position\":1,\"name\":\"Home\",\"item\":\"https:\\\/\\\/hodajlaw.com\\\/\"},{\"@type\":\"ListItem\",\"position\":2,\"name\":\"Rechtsgebiete\",\"item\":\"https:\\\/\\\/hodajlaw.com\\\/areas-of-practice-old-3\\\/\"},{\"@type\":\"ListItem\",\"position\":3,\"name\":\"\u00d6ffentliche Auftr\u00e4ge\"}]},{\"@type\":\"WebSite\",\"@id\":\"https:\\\/\\\/hodajlaw.com\\\/#website\",\"url\":\"https:\\\/\\\/hodajlaw.com\\\/\",\"name\":\"Hodaj &amp; Partners L.L.C.\",\"description\":\"Hodaj &amp; Partners\",\"potentialAction\":[{\"@type\":\"SearchAction\",\"target\":{\"@type\":\"EntryPoint\",\"urlTemplate\":\"https:\\\/\\\/hodajlaw.com\\\/?s={search_term_string}\"},\"query-input\":{\"@type\":\"PropertyValueSpecification\",\"valueRequired\":true,\"valueName\":\"search_term_string\"}}],\"inLanguage\":\"de\"}]}<\/script>\n<!-- \/ Yoast SEO plugin. -->","yoast_head_json":{"title":"\u00d6ffentliche Auftr\u00e4ge - Hodaj &amp; Partners L.L.C.","robots":{"index":"index","follow":"follow","max-snippet":"max-snippet:-1","max-image-preview":"max-image-preview:large","max-video-preview":"max-video-preview:-1"},"canonical":"https:\/\/hodajlaw.com\/de\/areas-of-practice-old-3\/public-procurement\/","og_locale":"de_DE","og_type":"article","og_title":"\u00d6ffentliche Auftr\u00e4ge - Hodaj &amp; Partners L.L.C.","og_description":"[page_header style=&#8221;normal&#8221; text_color=&#8221;dark&#8221;] [section] [row] [col span=&#8221;6&#8243; span__sm=&#8221;12&#8243;] Der Bereich der \u00f6ffentlichen Auftr\u00e4ge bietet im Kosovo erhebliche Gesch\u00e4ftsm\u00f6glichkeiten. Das in diesem Bereich anwendbare Recht steht in v\u00f6lliger \u00dcbereinstimmung mit den&hellip;","og_url":"https:\/\/hodajlaw.com\/de\/areas-of-practice-old-3\/public-procurement\/","og_site_name":"Hodaj &amp; Partners L.L.C.","article_modified_time":"2021-05-06T11:44:09+00:00","twitter_card":"summary_large_image","twitter_misc":{"Gesch\u00e4tzte Lesezeit":"1\u00a0Minute"},"schema":{"@context":"https:\/\/schema.org","@graph":[{"@type":"WebPage","@id":"https:\/\/hodajlaw.com\/areas-of-practice-old-3\/public-procurement\/","url":"https:\/\/hodajlaw.com\/areas-of-practice-old-3\/public-procurement\/","name":"\u00d6ffentliche Auftr\u00e4ge - Hodaj &amp; Partners L.L.C.","isPartOf":{"@id":"https:\/\/hodajlaw.com\/#website"},"datePublished":"2019-02-22T08:48:10+00:00","dateModified":"2021-05-06T11:44:09+00:00","breadcrumb":{"@id":"https:\/\/hodajlaw.com\/areas-of-practice-old-3\/public-procurement\/#breadcrumb"},"inLanguage":"de","potentialAction":[{"@type":"ReadAction","target":["https:\/\/hodajlaw.com\/areas-of-practice-old-3\/public-procurement\/"]}]},{"@type":"BreadcrumbList","@id":"https:\/\/hodajlaw.com\/areas-of-practice-old-3\/public-procurement\/#breadcrumb","itemListElement":[{"@type":"ListItem","position":1,"name":"Home","item":"https:\/\/hodajlaw.com\/"},{"@type":"ListItem","position":2,"name":"Rechtsgebiete","item":"https:\/\/hodajlaw.com\/areas-of-practice-old-3\/"},{"@type":"ListItem","position":3,"name":"\u00d6ffentliche Auftr\u00e4ge"}]},{"@type":"WebSite","@id":"https:\/\/hodajlaw.com\/#website","url":"https:\/\/hodajlaw.com\/","name":"Hodaj &amp; Partners L.L.C.","description":"Hodaj &amp; Partners","potentialAction":[{"@type":"SearchAction","target":{"@type":"EntryPoint","urlTemplate":"https:\/\/hodajlaw.com\/?s={search_term_string}"},"query-input":{"@type":"PropertyValueSpecification","valueRequired":true,"valueName":"search_term_string"}}],"inLanguage":"de"}]}},"_links":{"self":[{"href":"https:\/\/hodajlaw.com\/de\/wp-json\/wp\/v2\/pages\/2348","targetHints":{"allow":["GET"]}}],"collection":[{"href":"https:\/\/hodajlaw.com\/de\/wp-json\/wp\/v2\/pages"}],"about":[{"href":"https:\/\/hodajlaw.com\/de\/wp-json\/wp\/v2\/types\/page"}],"author":[{"embeddable":true,"href":"https:\/\/hodajlaw.com\/de\/wp-json\/wp\/v2\/users\/1"}],"replies":[{"embeddable":true,"href":"https:\/\/hodajlaw.com\/de\/wp-json\/wp\/v2\/comments?post=2348"}],"version-history":[{"count":2,"href":"https:\/\/hodajlaw.com\/de\/wp-json\/wp\/v2\/pages\/2348\/revisions"}],"predecessor-version":[{"id":3554,"href":"https:\/\/hodajlaw.com\/de\/wp-json\/wp\/v2\/pages\/2348\/revisions\/3554"}],"up":[{"embeddable":true,"href":"https:\/\/hodajlaw.com\/de\/wp-json\/wp\/v2\/pages\/2260"}],"wp:attachment":[{"href":"https:\/\/hodajlaw.com\/de\/wp-json\/wp\/v2\/media?parent=2348"}],"curies":[{"name":"wp","href":"https:\/\/api.w.org\/{rel}","templated":true}]}}