{"id":2351,"date":"2019-02-22T08:50:41","date_gmt":"2019-02-22T08:50:41","guid":{"rendered":"http:\/\/hodajlaw.com\/areas-of-practice\/legal-due-diligence\/"},"modified":"2021-05-06T11:35:48","modified_gmt":"2021-05-06T11:35:48","slug":"legal-due-diligence","status":"publish","type":"page","link":"https:\/\/hodajlaw.com\/de\/areas-of-practice-old-2\/legal-due-diligence\/","title":{"rendered":"Analiz\u00eb Gjithperfshir\u00ebse Ligjore"},"content":{"rendered":"<p>[page_header style=&#8221;normal&#8221; text_color=&#8221;dark&#8221;]<\/p>\n<p>[section]<\/p>\n<p>[row]<\/p>\n<p>[col span=&#8221;6&#8243; span__sm=&#8221;12&#8243;]<\/p>\n<p style=\"text-align: justify;\">Gjat\u00eb procesit t\u00eb bashkimit t\u00eb dy kompanive (Merger) apo blerjes s\u00eb nj\u00eb shoq\u00ebrije tregtare nga nj\u00eb tjet\u00ebr (Acquisition) duhet t\u00eb b\u00ebhet vler\u00ebsimi i plot\u00eb i risqeve ligjore p\u00ebr asetet, kontratat, pun\u00ebsimin e personelit dhe impaktin e tyre juridik n\u00eb m\u00ebnyr\u00eb q\u00eb t\u00eb shmangen befasit\u00eb e paparashikuara. N\u00eb rast t\u00eb proceseve t\u00eb tilla, Due Diligence (analiza gjithperfshir\u00ebse) Ligjore \u00ebsht\u00eb po aq e r\u00ebnd\u00ebsishme sa edhe Due Diligence e Tatimeve dhe ajo Financiare.<\/p>\n<p style=\"text-align: justify;\">Ekipi yn\u00eb juridik ka pervoj\u00eb t\u00eb madhe n\u00eb shqyrtimin e kontratave, marr\u00ebveshjeve p\u00ebr blerje, studimeve t\u00eb ndryshme, policave t\u00eb sigurimeve, licencave dhe lejeve, si dhe t\u00eb gjitha dokumenteve tjera ligjore t\u00eb r\u00ebnd\u00ebsishme p\u00ebr shoq\u00ebrin\u00eb tregtare n\u00eb proceset e bashkimit (Merger) dhe blerjes s\u00eb shoq\u00ebrive tregtare (Acquisition).<\/p>\n<p style=\"text-align: justify;\">P\u00ebr m\u00eb tep\u00ebr, n\u00eb zyr\u00ebn ton\u00eb e kemi nj\u00eb specialist profesional me kredenciale <em>Certified Fraud Examiner, <\/em>CFE (Ekzaminues i \u00c7ertifikuar i Mashtrimeve) me nj\u00eb standard t\u00eb nivelit nd\u00ebrkomb\u00ebtar t\u00eb njohur si <em>Gold Standard<\/em>. N\u00eb k\u00ebt\u00eb drejtim, ne mund t&#8217;ju mb\u00ebshtesim ju dhe kompanin\u00eb tuaj n\u00eb lidhje me ekzaminim e mashtrimit.<\/p>\n<p style=\"text-align: justify;\">Ne i ofrojm\u00eb kompanis\u00eb tuaj nj\u00eb mund\u00ebsi t\u00eb shk\u00eblqyeshme p\u00ebr t\u00eb krijuar nj\u00eb marr\u00ebdh\u00ebnie me nj\u00eb <em>Certified Fraud Examiner, <\/em>CFE (Ekzaminues i \u00c7ertifikuar i Mashtrimeve) t\u00eb cilin mund ta kontaktoni n\u00eb rastet kur p\u00ebrballoheni me \u04ab\u0451shtje mashtrimi. CFE-t\u00eb jan\u00eb ekspert\u00eb n\u00eb zbulimin e mashtrimeve dhe ndihmojn\u00eb organizatat q\u00eb t\u00eb parandalojn\u00eb ato n\u00eb t\u00eb ardhmen. Proceset e forta t\u00eb parandalimit t\u00eb mashtrimeve ndihmojn\u00eb n\u00eb rritjen e besimit t\u00eb investitor\u00ebve, rregullator\u00ebve, an\u00ebtar\u00ebve t\u00eb komiteteve t\u00eb auditimit dhe publikut t\u00eb gjer\u00eb n\u00eb integritetin e raporteve financiare t\u00eb kompanis\u00eb tuaj. Kjo do t\u00eb ndihmoj\u00eb n\u00eb t\u00ebrheqjen dhe ruajtjen e marr\u00ebdh\u00ebnieve dhe kapitalit t\u00eb \u04abmuesh\u00ebm.<\/p>\n<p>[\/col]<br \/>\n[col span=&#8221;6&#8243; span__sm=&#8221;12&#8243; padding=&#8221;54px 0px 0px 0px&#8221;]<\/p>\n<p>[featured_box img=&#8221;1545&#8243; img_width=&#8221;201&#8243; pos=&#8221;center&#8221; icon_color=&#8221;rgb(167, 136, 94)&#8221; visibility=&#8221;hide-for-small&#8221;]<\/p>\n<p>[\/featured_box]<\/p>\n<p>[\/col]<\/p>\n<p>[\/row]<\/p>\n<p>[\/section]<\/p>\n","protected":false},"excerpt":{"rendered":"<p>[page_header style=&#8221;normal&#8221; text_color=&#8221;dark&#8221;] [section] [row] [col span=&#8221;6&#8243; span__sm=&#8221;12&#8243;] Gjat\u00eb procesit t\u00eb bashkimit t\u00eb dy kompanive (Merger) apo blerjes s\u00eb nj\u00eb shoq\u00ebrije tregtare nga nj\u00eb tjet\u00ebr (Acquisition) duhet t\u00eb b\u00ebhet vler\u00ebsimi&hellip;<\/p>\n","protected":false},"author":1,"featured_media":0,"parent":2259,"menu_order":0,"comment_status":"closed","ping_status":"closed","template":"page-blank.php","meta":{"_lmt_disableupdate":"","_lmt_disable":"","footnotes":""},"class_list":["post-2351","page","type-page","status-publish","hentry"],"yoast_head":"<!-- This site is optimized with the Yoast SEO plugin v27.4 - https:\/\/yoast.com\/product\/yoast-seo-wordpress\/ -->\n<title>Analiz\u00eb Gjithperfshir\u00ebse Ligjore - Hodaj &amp; Partners L.L.C.<\/title>\n<meta name=\"robots\" content=\"index, follow, max-snippet:-1, max-image-preview:large, max-video-preview:-1\" \/>\n<link rel=\"canonical\" href=\"https:\/\/hodajlaw.com\/de\/areas-of-practice-old-2\/legal-due-diligence\/\" \/>\n<meta property=\"og:locale\" content=\"de_DE\" \/>\n<meta property=\"og:type\" content=\"article\" \/>\n<meta property=\"og:title\" content=\"Analiz\u00eb Gjithperfshir\u00ebse Ligjore - Hodaj &amp; Partners L.L.C.\" \/>\n<meta property=\"og:description\" content=\"[page_header style=&#8221;normal&#8221; text_color=&#8221;dark&#8221;] [section] [row] [col span=&#8221;6&#8243; span__sm=&#8221;12&#8243;] Gjat\u00eb procesit t\u00eb bashkimit t\u00eb dy kompanive (Merger) apo blerjes s\u00eb nj\u00eb shoq\u00ebrije tregtare nga nj\u00eb tjet\u00ebr (Acquisition) duhet t\u00eb b\u00ebhet vler\u00ebsimi&hellip;\" \/>\n<meta property=\"og:url\" content=\"https:\/\/hodajlaw.com\/de\/areas-of-practice-old-2\/legal-due-diligence\/\" \/>\n<meta property=\"og:site_name\" content=\"Hodaj &amp; Partners L.L.C.\" \/>\n<meta property=\"article:modified_time\" content=\"2021-05-06T11:35:48+00:00\" \/>\n<meta name=\"twitter:card\" content=\"summary_large_image\" \/>\n<meta name=\"twitter:label1\" content=\"Gesch\u00e4tzte Lesezeit\" \/>\n\t<meta name=\"twitter:data1\" content=\"2\u00a0Minuten\" \/>\n<script type=\"application\/ld+json\" class=\"yoast-schema-graph\">{\"@context\":\"https:\\\/\\\/schema.org\",\"@graph\":[{\"@type\":\"WebPage\",\"@id\":\"https:\\\/\\\/hodajlaw.com\\\/areas-of-practice-old-2\\\/legal-due-diligence\\\/\",\"url\":\"https:\\\/\\\/hodajlaw.com\\\/areas-of-practice-old-2\\\/legal-due-diligence\\\/\",\"name\":\"Analiz\u00eb Gjithperfshir\u00ebse Ligjore - Hodaj &amp; Partners L.L.C.\",\"isPartOf\":{\"@id\":\"https:\\\/\\\/hodajlaw.com\\\/#website\"},\"datePublished\":\"2019-02-22T08:50:41+00:00\",\"dateModified\":\"2021-05-06T11:35:48+00:00\",\"breadcrumb\":{\"@id\":\"https:\\\/\\\/hodajlaw.com\\\/areas-of-practice-old-2\\\/legal-due-diligence\\\/#breadcrumb\"},\"inLanguage\":\"de\",\"potentialAction\":[{\"@type\":\"ReadAction\",\"target\":[\"https:\\\/\\\/hodajlaw.com\\\/areas-of-practice-old-2\\\/legal-due-diligence\\\/\"]}]},{\"@type\":\"BreadcrumbList\",\"@id\":\"https:\\\/\\\/hodajlaw.com\\\/areas-of-practice-old-2\\\/legal-due-diligence\\\/#breadcrumb\",\"itemListElement\":[{\"@type\":\"ListItem\",\"position\":1,\"name\":\"Home\",\"item\":\"https:\\\/\\\/hodajlaw.com\\\/\"},{\"@type\":\"ListItem\",\"position\":2,\"name\":\"Fushat e veprimit \\\/ Sh\u00ebrbimet\",\"item\":\"https:\\\/\\\/hodajlaw.com\\\/areas-of-practice-old-2\\\/\"},{\"@type\":\"ListItem\",\"position\":3,\"name\":\"Analiz\u00eb Gjithperfshir\u00ebse Ligjore\"}]},{\"@type\":\"WebSite\",\"@id\":\"https:\\\/\\\/hodajlaw.com\\\/#website\",\"url\":\"https:\\\/\\\/hodajlaw.com\\\/\",\"name\":\"Hodaj &amp; Partners L.L.C.\",\"description\":\"Hodaj &amp; Partners\",\"potentialAction\":[{\"@type\":\"SearchAction\",\"target\":{\"@type\":\"EntryPoint\",\"urlTemplate\":\"https:\\\/\\\/hodajlaw.com\\\/?s={search_term_string}\"},\"query-input\":{\"@type\":\"PropertyValueSpecification\",\"valueRequired\":true,\"valueName\":\"search_term_string\"}}],\"inLanguage\":\"de\"}]}<\/script>\n<!-- \/ Yoast SEO plugin. -->","yoast_head_json":{"title":"Analiz\u00eb Gjithperfshir\u00ebse Ligjore - Hodaj &amp; Partners L.L.C.","robots":{"index":"index","follow":"follow","max-snippet":"max-snippet:-1","max-image-preview":"max-image-preview:large","max-video-preview":"max-video-preview:-1"},"canonical":"https:\/\/hodajlaw.com\/de\/areas-of-practice-old-2\/legal-due-diligence\/","og_locale":"de_DE","og_type":"article","og_title":"Analiz\u00eb Gjithperfshir\u00ebse Ligjore - Hodaj &amp; Partners L.L.C.","og_description":"[page_header style=&#8221;normal&#8221; text_color=&#8221;dark&#8221;] [section] [row] [col span=&#8221;6&#8243; span__sm=&#8221;12&#8243;] Gjat\u00eb procesit t\u00eb bashkimit t\u00eb dy kompanive (Merger) apo blerjes s\u00eb nj\u00eb shoq\u00ebrije tregtare nga nj\u00eb tjet\u00ebr (Acquisition) duhet t\u00eb b\u00ebhet vler\u00ebsimi&hellip;","og_url":"https:\/\/hodajlaw.com\/de\/areas-of-practice-old-2\/legal-due-diligence\/","og_site_name":"Hodaj &amp; Partners L.L.C.","article_modified_time":"2021-05-06T11:35:48+00:00","twitter_card":"summary_large_image","twitter_misc":{"Gesch\u00e4tzte Lesezeit":"2\u00a0Minuten"},"schema":{"@context":"https:\/\/schema.org","@graph":[{"@type":"WebPage","@id":"https:\/\/hodajlaw.com\/areas-of-practice-old-2\/legal-due-diligence\/","url":"https:\/\/hodajlaw.com\/areas-of-practice-old-2\/legal-due-diligence\/","name":"Analiz\u00eb Gjithperfshir\u00ebse Ligjore - Hodaj &amp; Partners L.L.C.","isPartOf":{"@id":"https:\/\/hodajlaw.com\/#website"},"datePublished":"2019-02-22T08:50:41+00:00","dateModified":"2021-05-06T11:35:48+00:00","breadcrumb":{"@id":"https:\/\/hodajlaw.com\/areas-of-practice-old-2\/legal-due-diligence\/#breadcrumb"},"inLanguage":"de","potentialAction":[{"@type":"ReadAction","target":["https:\/\/hodajlaw.com\/areas-of-practice-old-2\/legal-due-diligence\/"]}]},{"@type":"BreadcrumbList","@id":"https:\/\/hodajlaw.com\/areas-of-practice-old-2\/legal-due-diligence\/#breadcrumb","itemListElement":[{"@type":"ListItem","position":1,"name":"Home","item":"https:\/\/hodajlaw.com\/"},{"@type":"ListItem","position":2,"name":"Fushat e veprimit \/ Sh\u00ebrbimet","item":"https:\/\/hodajlaw.com\/areas-of-practice-old-2\/"},{"@type":"ListItem","position":3,"name":"Analiz\u00eb Gjithperfshir\u00ebse Ligjore"}]},{"@type":"WebSite","@id":"https:\/\/hodajlaw.com\/#website","url":"https:\/\/hodajlaw.com\/","name":"Hodaj &amp; Partners L.L.C.","description":"Hodaj &amp; Partners","potentialAction":[{"@type":"SearchAction","target":{"@type":"EntryPoint","urlTemplate":"https:\/\/hodajlaw.com\/?s={search_term_string}"},"query-input":{"@type":"PropertyValueSpecification","valueRequired":true,"valueName":"search_term_string"}}],"inLanguage":"de"}]}},"_links":{"self":[{"href":"https:\/\/hodajlaw.com\/de\/wp-json\/wp\/v2\/pages\/2351","targetHints":{"allow":["GET"]}}],"collection":[{"href":"https:\/\/hodajlaw.com\/de\/wp-json\/wp\/v2\/pages"}],"about":[{"href":"https:\/\/hodajlaw.com\/de\/wp-json\/wp\/v2\/types\/page"}],"author":[{"embeddable":true,"href":"https:\/\/hodajlaw.com\/de\/wp-json\/wp\/v2\/users\/1"}],"replies":[{"embeddable":true,"href":"https:\/\/hodajlaw.com\/de\/wp-json\/wp\/v2\/comments?post=2351"}],"version-history":[{"count":2,"href":"https:\/\/hodajlaw.com\/de\/wp-json\/wp\/v2\/pages\/2351\/revisions"}],"predecessor-version":[{"id":3543,"href":"https:\/\/hodajlaw.com\/de\/wp-json\/wp\/v2\/pages\/2351\/revisions\/3543"}],"up":[{"embeddable":true,"href":"https:\/\/hodajlaw.com\/de\/wp-json\/wp\/v2\/pages\/2259"}],"wp:attachment":[{"href":"https:\/\/hodajlaw.com\/de\/wp-json\/wp\/v2\/media?parent=2351"}],"curies":[{"name":"wp","href":"https:\/\/api.w.org\/{rel}","templated":true}]}}