{"id":2352,"date":"2019-02-22T08:50:41","date_gmt":"2019-02-22T08:50:41","guid":{"rendered":"http:\/\/hodajlaw.com\/areas-of-practice\/legal-due-diligence\/"},"modified":"2021-05-06T11:44:27","modified_gmt":"2021-05-06T11:44:27","slug":"legal-due-diligence","status":"publish","type":"page","link":"https:\/\/hodajlaw.com\/de\/areas-of-practice-old-3\/legal-due-diligence\/","title":{"rendered":"Rechtliche Due Diligence"},"content":{"rendered":"<p>[page_header style=&#8221;normal&#8221; text_color=&#8221;dark&#8221;]<\/p>\n<p>[section]<\/p>\n<p>[row]<\/p>\n<p>[col span=&#8221;6&#8243; span__sm=&#8221;12&#8243;]<\/p>\n<p style=\"text-align: justify;\">W\u00e4hrend eines Fusion &amp; \u00dcbernahme-Prozesses muss eine vollst\u00e4ndige Bewertung der rechtlichen Risiken f\u00fcr die Anlagen, Vertr\u00e4ge, den Personaleinsatz und deren rechtliche Auswirkungen vorgenommen werden, um unvorhergesehene Umst\u00e4nde zu vermeiden. In solchen Prozessen ist die Legal Due Diligence ebenso wichtig wie die steuerliche und finanzielle Due Diligence.<\/p>\n<p style=\"text-align: justify;\">Unser Anwaltsteam ist f\u00e4hig, wichtige Vertr\u00e4ge, Kaufvertr\u00e4ge, Umfragen, Versicherungspolicen, Lizenzen und Genehmigungen sowie alle anderen rechtlichen Dokumente, die f\u00fcr das Unternehmen im Rahmen eines Fusion &amp; \u00dcbernahme-Prozesses\u00a0 relevant sind, zu \u00fcberpr\u00fcfen.<\/p>\n<p style=\"text-align: justify;\">Au\u00dferdem verf\u00fcgen wir in unserer Anwaltskanzlei \u00fcber einen professionellen Spezialisten mit <em>CFE-Zertifikat (Certified Fraud Examiner)<\/em>, das einem internationalen Standard entspricht, der als <em>Gold Standard<\/em> bekannt ist. In dieser Hinsicht k\u00f6nnen wir Sie und Ihr Unternehmen bei der Betrugspr\u00fcfung unterst\u00fctzen.<\/p>\n<p style=\"text-align: justify;\">Es ist eine gro\u00dfartige Gelegenheit f\u00fcr Ihr Unternehmen, eine Beziehung zu einem Certified Fraud Examiner (CFE) aufzubauen, auf den Sie zur\u00fcckgreifen k\u00f6nnen, wenn Betrugsfragen auftauchen. CFEs sind Experten in der Aufdeckung von Betrug und helfen Organisationen, ihn in Zukunft zu verhindern. Strenge Betrugspr\u00e4ventionsprozesse st\u00e4rken das Vertrauen von Investoren, Aufsichtsbeh\u00f6rden, Mitgliedern des Pr\u00fcfungsausschusses und der \u00d6ffentlichkeit in die Integrit\u00e4t der Finanzberichte Ihres Unternehmens. Dies wird dazu beitragen, wertvolle Beziehungen und Kapital zu gewinnen und zu behalten.<\/p>\n<p>[\/col]<br \/>\n[col span=&#8221;6&#8243; span__sm=&#8221;12&#8243; padding=&#8221;54px 0px 0px 0px&#8221;]<\/p>\n<p>[featured_box img=&#8221;1545&#8243; img_width=&#8221;201&#8243; pos=&#8221;center&#8221; icon_color=&#8221;rgb(167, 136, 94)&#8221; visibility=&#8221;hide-for-small&#8221;]<\/p>\n<p>[\/featured_box]<\/p>\n<p>[\/col]<\/p>\n<p>[\/row]<\/p>\n<p>[\/section]<\/p>\n","protected":false},"excerpt":{"rendered":"<p>[page_header style=&#8221;normal&#8221; text_color=&#8221;dark&#8221;] [section] [row] [col span=&#8221;6&#8243; span__sm=&#8221;12&#8243;] W\u00e4hrend eines Fusion &amp; \u00dcbernahme-Prozesses muss eine vollst\u00e4ndige Bewertung der rechtlichen Risiken f\u00fcr die Anlagen, Vertr\u00e4ge, den Personaleinsatz und deren rechtliche Auswirkungen&hellip;<\/p>\n","protected":false},"author":1,"featured_media":0,"parent":2260,"menu_order":0,"comment_status":"closed","ping_status":"closed","template":"page-blank.php","meta":{"_lmt_disableupdate":"","_lmt_disable":"","footnotes":""},"class_list":["post-2352","page","type-page","status-publish","hentry"],"yoast_head":"<!-- This site is optimized with the Yoast SEO plugin v26.8 - https:\/\/yoast.com\/product\/yoast-seo-wordpress\/ -->\n<title>Legal Due Diligence - Hodaj &amp; Partners L.L.C.<\/title>\n<meta name=\"robots\" content=\"index, follow, max-snippet:-1, max-image-preview:large, max-video-preview:-1\" \/>\n<link rel=\"canonical\" href=\"https:\/\/hodajlaw.com\/de\/areas-of-practice-old-3\/legal-due-diligence\/\" \/>\n<meta property=\"og:locale\" content=\"de_DE\" \/>\n<meta property=\"og:type\" content=\"article\" \/>\n<meta property=\"og:title\" content=\"Legal Due Diligence - Hodaj &amp; Partners L.L.C.\" \/>\n<meta property=\"og:description\" content=\"[page_header style=&#8221;normal&#8221; text_color=&#8221;dark&#8221;] [section] [row] [col span=&#8221;6&#8243; span__sm=&#8221;12&#8243;] W\u00e4hrend eines Fusion &amp; \u00dcbernahme-Prozesses muss eine vollst\u00e4ndige Bewertung der rechtlichen Risiken f\u00fcr die Anlagen, Vertr\u00e4ge, den Personaleinsatz und deren rechtliche Auswirkungen&hellip;\" \/>\n<meta property=\"og:url\" content=\"https:\/\/hodajlaw.com\/de\/areas-of-practice-old-3\/legal-due-diligence\/\" \/>\n<meta property=\"og:site_name\" content=\"Hodaj &amp; Partners L.L.C.\" \/>\n<meta property=\"article:modified_time\" content=\"2021-05-06T11:44:27+00:00\" \/>\n<meta name=\"twitter:card\" content=\"summary_large_image\" \/>\n<meta name=\"twitter:label1\" content=\"Gesch\u00e4tzte Lesezeit\" \/>\n\t<meta name=\"twitter:data1\" content=\"1\u00a0Minute\" \/>\n<script type=\"application\/ld+json\" class=\"yoast-schema-graph\">{\"@context\":\"https:\/\/schema.org\",\"@graph\":[{\"@type\":\"WebPage\",\"@id\":\"https:\/\/hodajlaw.com\/areas-of-practice-old-3\/legal-due-diligence\/\",\"url\":\"https:\/\/hodajlaw.com\/areas-of-practice-old-3\/legal-due-diligence\/\",\"name\":\"Legal Due Diligence - Hodaj &amp; Partners L.L.C.\",\"isPartOf\":{\"@id\":\"https:\/\/hodajlaw.com\/#website\"},\"datePublished\":\"2019-02-22T08:50:41+00:00\",\"dateModified\":\"2021-05-06T11:44:27+00:00\",\"breadcrumb\":{\"@id\":\"https:\/\/hodajlaw.com\/areas-of-practice-old-3\/legal-due-diligence\/#breadcrumb\"},\"inLanguage\":\"de\",\"potentialAction\":[{\"@type\":\"ReadAction\",\"target\":[\"https:\/\/hodajlaw.com\/areas-of-practice-old-3\/legal-due-diligence\/\"]}]},{\"@type\":\"BreadcrumbList\",\"@id\":\"https:\/\/hodajlaw.com\/areas-of-practice-old-3\/legal-due-diligence\/#breadcrumb\",\"itemListElement\":[{\"@type\":\"ListItem\",\"position\":1,\"name\":\"Home\",\"item\":\"https:\/\/hodajlaw.com\/\"},{\"@type\":\"ListItem\",\"position\":2,\"name\":\"Rechtsgebiete\",\"item\":\"https:\/\/hodajlaw.com\/areas-of-practice-old-3\/\"},{\"@type\":\"ListItem\",\"position\":3,\"name\":\"Legal Due Diligence\"}]},{\"@type\":\"WebSite\",\"@id\":\"https:\/\/hodajlaw.com\/#website\",\"url\":\"https:\/\/hodajlaw.com\/\",\"name\":\"Hodaj &amp; Partners L.L.C.\",\"description\":\"Hodaj &amp; Partners\",\"potentialAction\":[{\"@type\":\"SearchAction\",\"target\":{\"@type\":\"EntryPoint\",\"urlTemplate\":\"https:\/\/hodajlaw.com\/?s={search_term_string}\"},\"query-input\":{\"@type\":\"PropertyValueSpecification\",\"valueRequired\":true,\"valueName\":\"search_term_string\"}}],\"inLanguage\":\"de\"}]}<\/script>\n<!-- \/ Yoast SEO plugin. -->","yoast_head_json":{"title":"Legal Due Diligence - Hodaj &amp; Partners L.L.C.","robots":{"index":"index","follow":"follow","max-snippet":"max-snippet:-1","max-image-preview":"max-image-preview:large","max-video-preview":"max-video-preview:-1"},"canonical":"https:\/\/hodajlaw.com\/de\/areas-of-practice-old-3\/legal-due-diligence\/","og_locale":"de_DE","og_type":"article","og_title":"Legal Due Diligence - Hodaj &amp; Partners L.L.C.","og_description":"[page_header style=&#8221;normal&#8221; text_color=&#8221;dark&#8221;] [section] [row] [col span=&#8221;6&#8243; span__sm=&#8221;12&#8243;] W\u00e4hrend eines Fusion &amp; \u00dcbernahme-Prozesses muss eine vollst\u00e4ndige Bewertung der rechtlichen Risiken f\u00fcr die Anlagen, Vertr\u00e4ge, den Personaleinsatz und deren rechtliche Auswirkungen&hellip;","og_url":"https:\/\/hodajlaw.com\/de\/areas-of-practice-old-3\/legal-due-diligence\/","og_site_name":"Hodaj &amp; Partners L.L.C.","article_modified_time":"2021-05-06T11:44:27+00:00","twitter_card":"summary_large_image","twitter_misc":{"Gesch\u00e4tzte Lesezeit":"1\u00a0Minute"},"schema":{"@context":"https:\/\/schema.org","@graph":[{"@type":"WebPage","@id":"https:\/\/hodajlaw.com\/areas-of-practice-old-3\/legal-due-diligence\/","url":"https:\/\/hodajlaw.com\/areas-of-practice-old-3\/legal-due-diligence\/","name":"Legal Due Diligence - Hodaj &amp; Partners L.L.C.","isPartOf":{"@id":"https:\/\/hodajlaw.com\/#website"},"datePublished":"2019-02-22T08:50:41+00:00","dateModified":"2021-05-06T11:44:27+00:00","breadcrumb":{"@id":"https:\/\/hodajlaw.com\/areas-of-practice-old-3\/legal-due-diligence\/#breadcrumb"},"inLanguage":"de","potentialAction":[{"@type":"ReadAction","target":["https:\/\/hodajlaw.com\/areas-of-practice-old-3\/legal-due-diligence\/"]}]},{"@type":"BreadcrumbList","@id":"https:\/\/hodajlaw.com\/areas-of-practice-old-3\/legal-due-diligence\/#breadcrumb","itemListElement":[{"@type":"ListItem","position":1,"name":"Home","item":"https:\/\/hodajlaw.com\/"},{"@type":"ListItem","position":2,"name":"Rechtsgebiete","item":"https:\/\/hodajlaw.com\/areas-of-practice-old-3\/"},{"@type":"ListItem","position":3,"name":"Legal Due Diligence"}]},{"@type":"WebSite","@id":"https:\/\/hodajlaw.com\/#website","url":"https:\/\/hodajlaw.com\/","name":"Hodaj &amp; Partners L.L.C.","description":"Hodaj &amp; Partners","potentialAction":[{"@type":"SearchAction","target":{"@type":"EntryPoint","urlTemplate":"https:\/\/hodajlaw.com\/?s={search_term_string}"},"query-input":{"@type":"PropertyValueSpecification","valueRequired":true,"valueName":"search_term_string"}}],"inLanguage":"de"}]}},"_links":{"self":[{"href":"https:\/\/hodajlaw.com\/de\/wp-json\/wp\/v2\/pages\/2352","targetHints":{"allow":["GET"]}}],"collection":[{"href":"https:\/\/hodajlaw.com\/de\/wp-json\/wp\/v2\/pages"}],"about":[{"href":"https:\/\/hodajlaw.com\/de\/wp-json\/wp\/v2\/types\/page"}],"author":[{"embeddable":true,"href":"https:\/\/hodajlaw.com\/de\/wp-json\/wp\/v2\/users\/1"}],"replies":[{"embeddable":true,"href":"https:\/\/hodajlaw.com\/de\/wp-json\/wp\/v2\/comments?post=2352"}],"version-history":[{"count":2,"href":"https:\/\/hodajlaw.com\/de\/wp-json\/wp\/v2\/pages\/2352\/revisions"}],"predecessor-version":[{"id":3555,"href":"https:\/\/hodajlaw.com\/de\/wp-json\/wp\/v2\/pages\/2352\/revisions\/3555"}],"up":[{"embeddable":true,"href":"https:\/\/hodajlaw.com\/de\/wp-json\/wp\/v2\/pages\/2260"}],"wp:attachment":[{"href":"https:\/\/hodajlaw.com\/de\/wp-json\/wp\/v2\/media?parent=2352"}],"curies":[{"name":"wp","href":"https:\/\/api.w.org\/{rel}","templated":true}]}}