{"id":2364,"date":"2019-02-22T09:04:08","date_gmt":"2019-02-22T09:04:08","guid":{"rendered":"http:\/\/hodajlaw.com\/areas-of-practice\/registration-on-the-civil-registry-acquisition-release-from-kosovo-citizenship\/"},"modified":"2021-05-06T11:37:18","modified_gmt":"2021-05-06T11:37:18","slug":"registration-on-the-civil-registry-acquisition-release-from-kosovo-citizenship","status":"publish","type":"page","link":"https:\/\/hodajlaw.com\/de\/areas-of-practice-old-2\/registration-on-the-civil-registry-acquisition-release-from-kosovo-citizenship\/","title":{"rendered":"Regjistrimi n\u00eb regjistrat civil (fitimi) &#038; lirimi nga shtet\u00ebsia"},"content":{"rendered":"<p>[page_header style=&#8221;normal&#8221; text_color=&#8221;dark&#8221;]<\/p>\n<p>[section]<\/p>\n<p>[row]<\/p>\n<p>[col span=&#8221;6&#8243; span__sm=&#8221;12&#8243;]<\/p>\n<p style=\"text-align: justify;\">Shtet\u00ebsia \u00ebsht\u00eb nj\u00eb lidhje e ngusht\u00eb juridike midis shtetit dhe nj\u00eb personi nga e cila dalin t\u00eb drejta dhe detyrime t\u00eb nd\u00ebrsjell\u00ebta. N\u00eb Republik\u00ebn e Kosov\u00ebs, fitimi, humbja dhe rifitimi i shtet\u00ebsis\u00eb rregullohet me Ligjin Nr. 04\/L-215 p\u00ebr Shtet\u00ebsin\u00eb e Kosov\u00ebs. Ne ofrojm\u00eb sh\u00ebrbime juridike dhe asistenc\u00eb n\u00eb t\u00eb gjitha k\u00ebto procese dhe ju mund\u00ebsojm\u00eb klient\u00ebve tan\u00eb t\u2019i g\u00ebzojn\u00eb t\u00eb drejtat q\u00eb u takojn\u00eb.<\/p>\n<p style=\"text-align: justify;\">Nj\u00eb pjes\u00eb e madhe e diaspor\u00ebs kosovare duhet t\u00eb ri-regjistrohet n\u00eb Kosov\u00eb n\u00eb m\u00ebnyr\u00eb q\u00eb t\u00eb g\u00ebzojn\u00eb t\u00eb drejtat e tyre sepse nj\u00eb num\u00ebr i madh i regjistrave t\u00eb vjetra t\u00eb lindjeve jan\u00eb shkat\u00ebrruar ose vjedhur gjat\u00eb luft\u00ebs s\u00eb fundit n\u00eb Kosov\u00eb. Zyra jon\u00eb ofron ndihm\u00eb juridike p\u00ebr diaspor\u00ebn q\u00eb duan t\u00eb fitojn\u00eb shtet\u00ebsin\u00eb kosovare.<\/p>\n<p style=\"text-align: justify;\">Ne gjithashtu ofrojm\u00eb sh\u00ebrbime juridike p\u00ebr jo-shtetasit q\u00eb jan\u00eb t\u00eb vendosur n\u00eb Kosov\u00eb dhe kan\u00eb t\u00eb drejt\u00eb t\u00eb b\u00ebhen banor\u00eb dhe qytetar\u00eb kosovar\u00eb, ose p\u00ebr ata q\u00eb kan\u00eb lidhje familjare me Kosov\u00ebn.<\/p>\n<p style=\"text-align: justify;\"><em>Lirimi nga shtet\u00ebsia<\/em><\/p>\n<p style=\"text-align: justify;\">Nj\u00eb qytetar kosovar mund t\u00eb jet\u00eb shtetas i nj\u00eb ose m\u00eb shum\u00eb vendeve t\u00eb tjera, dhe shum\u00eb qytetar\u00eb kan\u00eb n\u00ebnshtet\u00ebsi t\u00eb dyfisht\u00eb. Megjithat\u00eb, disa vende nuk lejojn\u00eb shtet\u00ebsi t\u00eb dyfisht\u00eb dhe shum\u00eb qytetar\u00eb kosovar\u00eb q\u00eb jan\u00eb t\u00eb vendosur n\u00eb vende t\u00eb tilla k\u00ebrkojn\u00eb lirimin nga shtet\u00ebsia kosovare n\u00eb m\u00ebnyr\u00eb q\u00eb t\u00eb fitojn\u00eb shtet\u00ebsin\u00eb e tyre t\u00eb synuar.<\/p>\n<p style=\"text-align: justify;\">Zyra jon\u00eb ofron ndihm\u00eb juridike p\u00ebr klient\u00ebt gjat\u00eb gjith\u00eb k\u00ebsaj procedure, derisa t\u00eb l\u00ebshohet lirimi i shtet\u00ebsis\u00eb.<\/p>\n<p>[\/col]<br \/>\n[col span=&#8221;6&#8243; span__sm=&#8221;12&#8243; padding=&#8221;54px 0px 0px 0px&#8221;]<\/p>\n<p>[featured_box img=&#8221;1548&#8243; img_width=&#8221;201&#8243; pos=&#8221;center&#8221; icon_color=&#8221;rgb(167, 136, 94)&#8221; visibility=&#8221;hide-for-small&#8221;]<\/p>\n<p>[\/featured_box]<\/p>\n<p>[\/col]<\/p>\n<p>[\/row]<\/p>\n<p>[\/section]<\/p>\n","protected":false},"excerpt":{"rendered":"<p>[page_header style=&#8221;normal&#8221; text_color=&#8221;dark&#8221;] [section] [row] [col span=&#8221;6&#8243; span__sm=&#8221;12&#8243;] Shtet\u00ebsia \u00ebsht\u00eb nj\u00eb lidhje e ngusht\u00eb juridike midis shtetit dhe nj\u00eb personi nga e cila dalin t\u00eb drejta dhe detyrime t\u00eb nd\u00ebrsjell\u00ebta.&hellip;<\/p>\n","protected":false},"author":1,"featured_media":0,"parent":2259,"menu_order":0,"comment_status":"closed","ping_status":"closed","template":"page-blank.php","meta":{"_lmt_disableupdate":"","_lmt_disable":"","footnotes":""},"class_list":["post-2364","page","type-page","status-publish","hentry"],"yoast_head":"<!-- This site is optimized with the Yoast SEO plugin v26.8 - https:\/\/yoast.com\/product\/yoast-seo-wordpress\/ -->\n<title>Regjistrimi n\u00eb regjistrat civil (fitimi) &amp; lirimi nga shtet\u00ebsia - Hodaj &amp; Partners L.L.C.<\/title>\n<meta name=\"robots\" content=\"index, follow, max-snippet:-1, max-image-preview:large, max-video-preview:-1\" \/>\n<link rel=\"canonical\" href=\"https:\/\/hodajlaw.com\/de\/areas-of-practice-old-2\/registration-on-the-civil-registry-acquisition-release-from-kosovo-citizenship\/\" \/>\n<meta property=\"og:locale\" content=\"de_DE\" \/>\n<meta property=\"og:type\" content=\"article\" \/>\n<meta property=\"og:title\" content=\"Regjistrimi n\u00eb regjistrat civil (fitimi) &amp; lirimi nga shtet\u00ebsia - Hodaj &amp; Partners L.L.C.\" \/>\n<meta property=\"og:description\" content=\"[page_header style=&#8221;normal&#8221; text_color=&#8221;dark&#8221;] [section] [row] [col span=&#8221;6&#8243; span__sm=&#8221;12&#8243;] Shtet\u00ebsia \u00ebsht\u00eb nj\u00eb lidhje e ngusht\u00eb juridike midis shtetit dhe nj\u00eb personi nga e cila dalin t\u00eb drejta dhe detyrime t\u00eb nd\u00ebrsjell\u00ebta.&hellip;\" \/>\n<meta property=\"og:url\" content=\"https:\/\/hodajlaw.com\/de\/areas-of-practice-old-2\/registration-on-the-civil-registry-acquisition-release-from-kosovo-citizenship\/\" \/>\n<meta property=\"og:site_name\" content=\"Hodaj &amp; Partners L.L.C.\" \/>\n<meta property=\"article:modified_time\" content=\"2021-05-06T11:37:18+00:00\" \/>\n<meta name=\"twitter:card\" content=\"summary_large_image\" \/>\n<meta name=\"twitter:label1\" content=\"Gesch\u00e4tzte Lesezeit\" \/>\n\t<meta name=\"twitter:data1\" content=\"2\u00a0Minuten\" \/>\n<script type=\"application\/ld+json\" class=\"yoast-schema-graph\">{\"@context\":\"https:\/\/schema.org\",\"@graph\":[{\"@type\":\"WebPage\",\"@id\":\"https:\/\/hodajlaw.com\/areas-of-practice-old-2\/registration-on-the-civil-registry-acquisition-release-from-kosovo-citizenship\/\",\"url\":\"https:\/\/hodajlaw.com\/areas-of-practice-old-2\/registration-on-the-civil-registry-acquisition-release-from-kosovo-citizenship\/\",\"name\":\"Regjistrimi n\u00eb regjistrat civil (fitimi) & lirimi nga shtet\u00ebsia - Hodaj &amp; Partners L.L.C.\",\"isPartOf\":{\"@id\":\"https:\/\/hodajlaw.com\/#website\"},\"datePublished\":\"2019-02-22T09:04:08+00:00\",\"dateModified\":\"2021-05-06T11:37:18+00:00\",\"breadcrumb\":{\"@id\":\"https:\/\/hodajlaw.com\/areas-of-practice-old-2\/registration-on-the-civil-registry-acquisition-release-from-kosovo-citizenship\/#breadcrumb\"},\"inLanguage\":\"de\",\"potentialAction\":[{\"@type\":\"ReadAction\",\"target\":[\"https:\/\/hodajlaw.com\/areas-of-practice-old-2\/registration-on-the-civil-registry-acquisition-release-from-kosovo-citizenship\/\"]}]},{\"@type\":\"BreadcrumbList\",\"@id\":\"https:\/\/hodajlaw.com\/areas-of-practice-old-2\/registration-on-the-civil-registry-acquisition-release-from-kosovo-citizenship\/#breadcrumb\",\"itemListElement\":[{\"@type\":\"ListItem\",\"position\":1,\"name\":\"Home\",\"item\":\"https:\/\/hodajlaw.com\/\"},{\"@type\":\"ListItem\",\"position\":2,\"name\":\"Fushat e veprimit \/ Sh\u00ebrbimet\",\"item\":\"https:\/\/hodajlaw.com\/areas-of-practice-old-2\/\"},{\"@type\":\"ListItem\",\"position\":3,\"name\":\"Regjistrimi n\u00eb regjistrat civil (fitimi) &#038; lirimi nga shtet\u00ebsia\"}]},{\"@type\":\"WebSite\",\"@id\":\"https:\/\/hodajlaw.com\/#website\",\"url\":\"https:\/\/hodajlaw.com\/\",\"name\":\"Hodaj &amp; Partners L.L.C.\",\"description\":\"Hodaj &amp; Partners\",\"potentialAction\":[{\"@type\":\"SearchAction\",\"target\":{\"@type\":\"EntryPoint\",\"urlTemplate\":\"https:\/\/hodajlaw.com\/?s={search_term_string}\"},\"query-input\":{\"@type\":\"PropertyValueSpecification\",\"valueRequired\":true,\"valueName\":\"search_term_string\"}}],\"inLanguage\":\"de\"}]}<\/script>\n<!-- \/ Yoast SEO plugin. -->","yoast_head_json":{"title":"Regjistrimi n\u00eb regjistrat civil (fitimi) & lirimi nga shtet\u00ebsia - Hodaj &amp; Partners L.L.C.","robots":{"index":"index","follow":"follow","max-snippet":"max-snippet:-1","max-image-preview":"max-image-preview:large","max-video-preview":"max-video-preview:-1"},"canonical":"https:\/\/hodajlaw.com\/de\/areas-of-practice-old-2\/registration-on-the-civil-registry-acquisition-release-from-kosovo-citizenship\/","og_locale":"de_DE","og_type":"article","og_title":"Regjistrimi n\u00eb regjistrat civil (fitimi) & lirimi nga shtet\u00ebsia - Hodaj &amp; Partners L.L.C.","og_description":"[page_header style=&#8221;normal&#8221; text_color=&#8221;dark&#8221;] [section] [row] [col span=&#8221;6&#8243; span__sm=&#8221;12&#8243;] Shtet\u00ebsia \u00ebsht\u00eb nj\u00eb lidhje e ngusht\u00eb juridike midis shtetit dhe nj\u00eb personi nga e cila dalin t\u00eb drejta dhe detyrime t\u00eb nd\u00ebrsjell\u00ebta.&hellip;","og_url":"https:\/\/hodajlaw.com\/de\/areas-of-practice-old-2\/registration-on-the-civil-registry-acquisition-release-from-kosovo-citizenship\/","og_site_name":"Hodaj &amp; Partners L.L.C.","article_modified_time":"2021-05-06T11:37:18+00:00","twitter_card":"summary_large_image","twitter_misc":{"Gesch\u00e4tzte Lesezeit":"2\u00a0Minuten"},"schema":{"@context":"https:\/\/schema.org","@graph":[{"@type":"WebPage","@id":"https:\/\/hodajlaw.com\/areas-of-practice-old-2\/registration-on-the-civil-registry-acquisition-release-from-kosovo-citizenship\/","url":"https:\/\/hodajlaw.com\/areas-of-practice-old-2\/registration-on-the-civil-registry-acquisition-release-from-kosovo-citizenship\/","name":"Regjistrimi n\u00eb regjistrat civil (fitimi) & lirimi nga shtet\u00ebsia - Hodaj &amp; Partners L.L.C.","isPartOf":{"@id":"https:\/\/hodajlaw.com\/#website"},"datePublished":"2019-02-22T09:04:08+00:00","dateModified":"2021-05-06T11:37:18+00:00","breadcrumb":{"@id":"https:\/\/hodajlaw.com\/areas-of-practice-old-2\/registration-on-the-civil-registry-acquisition-release-from-kosovo-citizenship\/#breadcrumb"},"inLanguage":"de","potentialAction":[{"@type":"ReadAction","target":["https:\/\/hodajlaw.com\/areas-of-practice-old-2\/registration-on-the-civil-registry-acquisition-release-from-kosovo-citizenship\/"]}]},{"@type":"BreadcrumbList","@id":"https:\/\/hodajlaw.com\/areas-of-practice-old-2\/registration-on-the-civil-registry-acquisition-release-from-kosovo-citizenship\/#breadcrumb","itemListElement":[{"@type":"ListItem","position":1,"name":"Home","item":"https:\/\/hodajlaw.com\/"},{"@type":"ListItem","position":2,"name":"Fushat e veprimit \/ Sh\u00ebrbimet","item":"https:\/\/hodajlaw.com\/areas-of-practice-old-2\/"},{"@type":"ListItem","position":3,"name":"Regjistrimi n\u00eb regjistrat civil (fitimi) &#038; lirimi nga shtet\u00ebsia"}]},{"@type":"WebSite","@id":"https:\/\/hodajlaw.com\/#website","url":"https:\/\/hodajlaw.com\/","name":"Hodaj &amp; Partners L.L.C.","description":"Hodaj &amp; Partners","potentialAction":[{"@type":"SearchAction","target":{"@type":"EntryPoint","urlTemplate":"https:\/\/hodajlaw.com\/?s={search_term_string}"},"query-input":{"@type":"PropertyValueSpecification","valueRequired":true,"valueName":"search_term_string"}}],"inLanguage":"de"}]}},"_links":{"self":[{"href":"https:\/\/hodajlaw.com\/de\/wp-json\/wp\/v2\/pages\/2364","targetHints":{"allow":["GET"]}}],"collection":[{"href":"https:\/\/hodajlaw.com\/de\/wp-json\/wp\/v2\/pages"}],"about":[{"href":"https:\/\/hodajlaw.com\/de\/wp-json\/wp\/v2\/types\/page"}],"author":[{"embeddable":true,"href":"https:\/\/hodajlaw.com\/de\/wp-json\/wp\/v2\/users\/1"}],"replies":[{"embeddable":true,"href":"https:\/\/hodajlaw.com\/de\/wp-json\/wp\/v2\/comments?post=2364"}],"version-history":[{"count":2,"href":"https:\/\/hodajlaw.com\/de\/wp-json\/wp\/v2\/pages\/2364\/revisions"}],"predecessor-version":[{"id":3546,"href":"https:\/\/hodajlaw.com\/de\/wp-json\/wp\/v2\/pages\/2364\/revisions\/3546"}],"up":[{"embeddable":true,"href":"https:\/\/hodajlaw.com\/de\/wp-json\/wp\/v2\/pages\/2259"}],"wp:attachment":[{"href":"https:\/\/hodajlaw.com\/de\/wp-json\/wp\/v2\/media?parent=2364"}],"curies":[{"name":"wp","href":"https:\/\/api.w.org\/{rel}","templated":true}]}}