{"id":2365,"date":"2019-02-22T09:04:08","date_gmt":"2019-02-22T09:04:08","guid":{"rendered":"http:\/\/hodajlaw.com\/areas-of-practice\/registration-on-the-civil-registry-acquisition-release-from-kosovo-citizenship\/"},"modified":"2021-05-06T11:46:25","modified_gmt":"2021-05-06T11:46:25","slug":"registration-on-the-civil-registry-acquisition-release-from-kosovo-citizenship","status":"publish","type":"page","link":"https:\/\/hodajlaw.com\/de\/areas-of-practice-old-3\/registration-on-the-civil-registry-acquisition-release-from-kosovo-citizenship\/","title":{"rendered":"Eintragung im Zivilregister (Erwerb) und Entlassung aus der Staatsangeh\u00f6rigkeit (Ausb\u00fcrgerung)"},"content":{"rendered":"<p>[page_header style=&#8221;normal&#8221; text_color=&#8221;dark&#8221;]<\/p>\n<p>[section]<\/p>\n<p>[row]<\/p>\n<p>[col span=&#8221;6&#8243; span__sm=&#8221;12&#8243;]<\/p>\n<p style=\"text-align: justify;\">Unsere Kanzlei bietet Rechtsberatung und Unterst\u00fctzung bei allen Verfahren bez\u00fcglich Staatsb\u00fcrgerschaft und erm\u00f6glicht unseren Kunden, die Rechte zu genie\u00dfen, die ihnen zustehen.<\/p>\n<p style=\"text-align: justify;\">Ein Gro\u00dfteil der kosovarischen Diaspora muss im kosovarischen Zivilregister neu eingetragen werden, um ihre Rechte als kosovarische Staatsb\u00fcrger geniessen zu k\u00f6nnen, da eine grosse Anzahl der alten Geburtsurkunden w\u00e4hrend des letzten Krieges im Kosovo zerst\u00f6rt oder gestohlen wurden. Unsere Kanzlei bietet juristische Assistenz f\u00fcr die kosovarische Diaspora, welche die kosovarische Staatsb\u00fcrgerschaft erwerben m\u00f6chte.<\/p>\n<p style=\"text-align: justify;\">Wir bieten auch Rechtsberatung f\u00fcr\u00a0 Nichtstaatsangeh\u00f6rige an, die ihren Aufenthaltsrecht im Kosovo etabliert haben und das Recht haben kosovarische B\u00fcrger zu werden, oder f\u00fcr Personen, die Familienbeziehung im Kosovo haben.<\/p>\n<p style=\"text-align: justify;\"><em>Entlassung aus der Staatsangeh\u00f6rigkeit (Ausb\u00fcrgerung)<\/em><\/p>\n<p style=\"text-align: justify;\">Ein kosovarischer B\u00fcrger kann Staatsb\u00fcrger mehr als eines Landes sein, und viele Staatsb\u00fcrger haben eine doppelte Staatsb\u00fcrgerschaft. In einigen L\u00e4ndern ist die doppelte Staatsb\u00fcrgerschaft jedoch nicht zul\u00e4ssig, und viele kosovarische Staatsb\u00fcrger, die ihren Wohnsitz in solchen L\u00e4ndern haben, beantragen eine Entlassung aus der kosovarischen Staatsangeh\u00f6rigkeit, um die beabsichtigte Staatsb\u00fcrgerschaft zu erhalten.<\/p>\n<p style=\"text-align: justify;\">Unsere Kanzlei bietet den Mandanten w\u00e4hrend des gesamten Verfahrens bis zur Entlassung aus der Staatsangeh\u00f6rigkeit Rechtsberatung an.<\/p>\n<p>[\/col]<br \/>\n[col span=&#8221;6&#8243; span__sm=&#8221;12&#8243; padding=&#8221;54px 0px 0px 0px&#8221;]<\/p>\n<p>[featured_box img=&#8221;1548&#8243; img_width=&#8221;201&#8243; pos=&#8221;center&#8221; icon_color=&#8221;rgb(167, 136, 94)&#8221; visibility=&#8221;hide-for-small&#8221;]<\/p>\n<p>[\/featured_box]<\/p>\n<p>[\/col]<\/p>\n<p>[\/row]<\/p>\n<p>[\/section]<\/p>\n","protected":false},"excerpt":{"rendered":"<p>[page_header style=&#8221;normal&#8221; text_color=&#8221;dark&#8221;] [section] [row] [col span=&#8221;6&#8243; span__sm=&#8221;12&#8243;] Unsere Kanzlei bietet Rechtsberatung und Unterst\u00fctzung bei allen Verfahren bez\u00fcglich Staatsb\u00fcrgerschaft und erm\u00f6glicht unseren Kunden, die Rechte zu genie\u00dfen, die ihnen zustehen.&hellip;<\/p>\n","protected":false},"author":1,"featured_media":0,"parent":2260,"menu_order":0,"comment_status":"closed","ping_status":"closed","template":"page-blank.php","meta":{"_lmt_disableupdate":"","_lmt_disable":"","footnotes":""},"class_list":["post-2365","page","type-page","status-publish","hentry"],"yoast_head":"<!-- This site is optimized with the Yoast SEO plugin v26.8 - https:\/\/yoast.com\/product\/yoast-seo-wordpress\/ -->\n<title>Eintragung im Zivilregister (Erwerb) und Entlassung aus der Staatsangeh\u00f6rigkeit (Ausb\u00fcrgerung) - Hodaj &amp; Partners L.L.C.<\/title>\n<meta name=\"robots\" content=\"index, follow, max-snippet:-1, max-image-preview:large, max-video-preview:-1\" \/>\n<link rel=\"canonical\" href=\"https:\/\/hodajlaw.com\/de\/areas-of-practice-old-3\/registration-on-the-civil-registry-acquisition-release-from-kosovo-citizenship\/\" \/>\n<meta property=\"og:locale\" content=\"de_DE\" \/>\n<meta property=\"og:type\" content=\"article\" \/>\n<meta property=\"og:title\" content=\"Eintragung im Zivilregister (Erwerb) und Entlassung aus der Staatsangeh\u00f6rigkeit (Ausb\u00fcrgerung) - Hodaj &amp; Partners L.L.C.\" \/>\n<meta property=\"og:description\" content=\"[page_header style=&#8221;normal&#8221; text_color=&#8221;dark&#8221;] [section] [row] [col span=&#8221;6&#8243; span__sm=&#8221;12&#8243;] Unsere Kanzlei bietet Rechtsberatung und Unterst\u00fctzung bei allen Verfahren bez\u00fcglich Staatsb\u00fcrgerschaft und erm\u00f6glicht unseren Kunden, die Rechte zu genie\u00dfen, die ihnen zustehen.&hellip;\" \/>\n<meta property=\"og:url\" content=\"https:\/\/hodajlaw.com\/de\/areas-of-practice-old-3\/registration-on-the-civil-registry-acquisition-release-from-kosovo-citizenship\/\" \/>\n<meta property=\"og:site_name\" content=\"Hodaj &amp; Partners L.L.C.\" \/>\n<meta property=\"article:modified_time\" content=\"2021-05-06T11:46:25+00:00\" \/>\n<meta name=\"twitter:card\" content=\"summary_large_image\" \/>\n<meta name=\"twitter:label1\" content=\"Gesch\u00e4tzte Lesezeit\" \/>\n\t<meta name=\"twitter:data1\" content=\"1\u00a0Minute\" \/>\n<script type=\"application\/ld+json\" class=\"yoast-schema-graph\">{\"@context\":\"https:\/\/schema.org\",\"@graph\":[{\"@type\":\"WebPage\",\"@id\":\"https:\/\/hodajlaw.com\/areas-of-practice-old-3\/registration-on-the-civil-registry-acquisition-release-from-kosovo-citizenship\/\",\"url\":\"https:\/\/hodajlaw.com\/areas-of-practice-old-3\/registration-on-the-civil-registry-acquisition-release-from-kosovo-citizenship\/\",\"name\":\"Eintragung im Zivilregister (Erwerb) und Entlassung aus der Staatsangeh\u00f6rigkeit (Ausb\u00fcrgerung) - Hodaj &amp; Partners L.L.C.\",\"isPartOf\":{\"@id\":\"https:\/\/hodajlaw.com\/#website\"},\"datePublished\":\"2019-02-22T09:04:08+00:00\",\"dateModified\":\"2021-05-06T11:46:25+00:00\",\"breadcrumb\":{\"@id\":\"https:\/\/hodajlaw.com\/areas-of-practice-old-3\/registration-on-the-civil-registry-acquisition-release-from-kosovo-citizenship\/#breadcrumb\"},\"inLanguage\":\"de\",\"potentialAction\":[{\"@type\":\"ReadAction\",\"target\":[\"https:\/\/hodajlaw.com\/areas-of-practice-old-3\/registration-on-the-civil-registry-acquisition-release-from-kosovo-citizenship\/\"]}]},{\"@type\":\"BreadcrumbList\",\"@id\":\"https:\/\/hodajlaw.com\/areas-of-practice-old-3\/registration-on-the-civil-registry-acquisition-release-from-kosovo-citizenship\/#breadcrumb\",\"itemListElement\":[{\"@type\":\"ListItem\",\"position\":1,\"name\":\"Home\",\"item\":\"https:\/\/hodajlaw.com\/\"},{\"@type\":\"ListItem\",\"position\":2,\"name\":\"Rechtsgebiete\",\"item\":\"https:\/\/hodajlaw.com\/areas-of-practice-old-3\/\"},{\"@type\":\"ListItem\",\"position\":3,\"name\":\"Eintragung im Zivilregister (Erwerb) und Entlassung aus der Staatsangeh\u00f6rigkeit (Ausb\u00fcrgerung)\"}]},{\"@type\":\"WebSite\",\"@id\":\"https:\/\/hodajlaw.com\/#website\",\"url\":\"https:\/\/hodajlaw.com\/\",\"name\":\"Hodaj &amp; Partners L.L.C.\",\"description\":\"Hodaj &amp; Partners\",\"potentialAction\":[{\"@type\":\"SearchAction\",\"target\":{\"@type\":\"EntryPoint\",\"urlTemplate\":\"https:\/\/hodajlaw.com\/?s={search_term_string}\"},\"query-input\":{\"@type\":\"PropertyValueSpecification\",\"valueRequired\":true,\"valueName\":\"search_term_string\"}}],\"inLanguage\":\"de\"}]}<\/script>\n<!-- \/ Yoast SEO plugin. -->","yoast_head_json":{"title":"Eintragung im Zivilregister (Erwerb) und Entlassung aus der Staatsangeh\u00f6rigkeit (Ausb\u00fcrgerung) - Hodaj &amp; Partners L.L.C.","robots":{"index":"index","follow":"follow","max-snippet":"max-snippet:-1","max-image-preview":"max-image-preview:large","max-video-preview":"max-video-preview:-1"},"canonical":"https:\/\/hodajlaw.com\/de\/areas-of-practice-old-3\/registration-on-the-civil-registry-acquisition-release-from-kosovo-citizenship\/","og_locale":"de_DE","og_type":"article","og_title":"Eintragung im Zivilregister (Erwerb) und Entlassung aus der Staatsangeh\u00f6rigkeit (Ausb\u00fcrgerung) - Hodaj &amp; Partners L.L.C.","og_description":"[page_header style=&#8221;normal&#8221; text_color=&#8221;dark&#8221;] [section] [row] [col span=&#8221;6&#8243; span__sm=&#8221;12&#8243;] Unsere Kanzlei bietet Rechtsberatung und Unterst\u00fctzung bei allen Verfahren bez\u00fcglich Staatsb\u00fcrgerschaft und erm\u00f6glicht unseren Kunden, die Rechte zu genie\u00dfen, die ihnen zustehen.&hellip;","og_url":"https:\/\/hodajlaw.com\/de\/areas-of-practice-old-3\/registration-on-the-civil-registry-acquisition-release-from-kosovo-citizenship\/","og_site_name":"Hodaj &amp; Partners L.L.C.","article_modified_time":"2021-05-06T11:46:25+00:00","twitter_card":"summary_large_image","twitter_misc":{"Gesch\u00e4tzte Lesezeit":"1\u00a0Minute"},"schema":{"@context":"https:\/\/schema.org","@graph":[{"@type":"WebPage","@id":"https:\/\/hodajlaw.com\/areas-of-practice-old-3\/registration-on-the-civil-registry-acquisition-release-from-kosovo-citizenship\/","url":"https:\/\/hodajlaw.com\/areas-of-practice-old-3\/registration-on-the-civil-registry-acquisition-release-from-kosovo-citizenship\/","name":"Eintragung im Zivilregister (Erwerb) und Entlassung aus der Staatsangeh\u00f6rigkeit (Ausb\u00fcrgerung) - Hodaj &amp; Partners L.L.C.","isPartOf":{"@id":"https:\/\/hodajlaw.com\/#website"},"datePublished":"2019-02-22T09:04:08+00:00","dateModified":"2021-05-06T11:46:25+00:00","breadcrumb":{"@id":"https:\/\/hodajlaw.com\/areas-of-practice-old-3\/registration-on-the-civil-registry-acquisition-release-from-kosovo-citizenship\/#breadcrumb"},"inLanguage":"de","potentialAction":[{"@type":"ReadAction","target":["https:\/\/hodajlaw.com\/areas-of-practice-old-3\/registration-on-the-civil-registry-acquisition-release-from-kosovo-citizenship\/"]}]},{"@type":"BreadcrumbList","@id":"https:\/\/hodajlaw.com\/areas-of-practice-old-3\/registration-on-the-civil-registry-acquisition-release-from-kosovo-citizenship\/#breadcrumb","itemListElement":[{"@type":"ListItem","position":1,"name":"Home","item":"https:\/\/hodajlaw.com\/"},{"@type":"ListItem","position":2,"name":"Rechtsgebiete","item":"https:\/\/hodajlaw.com\/areas-of-practice-old-3\/"},{"@type":"ListItem","position":3,"name":"Eintragung im Zivilregister (Erwerb) und Entlassung aus der Staatsangeh\u00f6rigkeit (Ausb\u00fcrgerung)"}]},{"@type":"WebSite","@id":"https:\/\/hodajlaw.com\/#website","url":"https:\/\/hodajlaw.com\/","name":"Hodaj &amp; Partners L.L.C.","description":"Hodaj &amp; Partners","potentialAction":[{"@type":"SearchAction","target":{"@type":"EntryPoint","urlTemplate":"https:\/\/hodajlaw.com\/?s={search_term_string}"},"query-input":{"@type":"PropertyValueSpecification","valueRequired":true,"valueName":"search_term_string"}}],"inLanguage":"de"}]}},"_links":{"self":[{"href":"https:\/\/hodajlaw.com\/de\/wp-json\/wp\/v2\/pages\/2365","targetHints":{"allow":["GET"]}}],"collection":[{"href":"https:\/\/hodajlaw.com\/de\/wp-json\/wp\/v2\/pages"}],"about":[{"href":"https:\/\/hodajlaw.com\/de\/wp-json\/wp\/v2\/types\/page"}],"author":[{"embeddable":true,"href":"https:\/\/hodajlaw.com\/de\/wp-json\/wp\/v2\/users\/1"}],"replies":[{"embeddable":true,"href":"https:\/\/hodajlaw.com\/de\/wp-json\/wp\/v2\/comments?post=2365"}],"version-history":[{"count":2,"href":"https:\/\/hodajlaw.com\/de\/wp-json\/wp\/v2\/pages\/2365\/revisions"}],"predecessor-version":[{"id":3558,"href":"https:\/\/hodajlaw.com\/de\/wp-json\/wp\/v2\/pages\/2365\/revisions\/3558"}],"up":[{"embeddable":true,"href":"https:\/\/hodajlaw.com\/de\/wp-json\/wp\/v2\/pages\/2260"}],"wp:attachment":[{"href":"https:\/\/hodajlaw.com\/de\/wp-json\/wp\/v2\/media?parent=2365"}],"curies":[{"name":"wp","href":"https:\/\/api.w.org\/{rel}","templated":true}]}}