{"id":2487,"date":"2021-01-31T15:27:41","date_gmt":"2021-01-31T15:27:41","guid":{"rendered":"http:\/\/hodajlaw.com\/about\/team\/tea-blakaj-hoxha\/"},"modified":"2021-05-06T11:04:58","modified_gmt":"2021-05-06T11:04:58","slug":"tea-blakaj-hoxha","status":"publish","type":"page","link":"https:\/\/hodajlaw.com\/de\/about-us-2\/team\/tea-blakaj-hoxha\/","title":{"rendered":"Tea Blakaj Hoxha"},"content":{"rendered":"<p>[page_header style=&#8221;normal&#8221; text_color=&#8221;dark&#8221; title_case=&#8221;uppercase&#8221; sub_title=&#8221;Bashk\u00ebpun\u00ebtore e Jasht\u00ebm&#8221; nav_size=&#8221;small&#8221; bg_size=&#8221;medium&#8221; visibility=&#8221;hide-for-small&#8221;]<\/p>\n<p>[page_header style=&#8221;simple&#8221; type=&#8221;onpage&#8221; text_color=&#8221;dark&#8221; align=&#8221;center&#8221; title_case=&#8221;uppercase&#8221; sub_title=&#8221;Bashk\u00ebpun\u00ebtore e Lart\u00eb&#8221; nav_size=&#8221;small&#8221; bg_size=&#8221;medium&#8221; visibility=&#8221;show-for-small&#8221;]<\/p>\n<p>[section]<\/p>\n<p>[row]<\/p>\n<p>[col span=&#8221;6&#8243; span__sm=&#8221;12&#8243;]<\/p>\n<p style=\"text-align: justify;\">Znj. Blakaj Hoxha \u00ebsht\u00eb e specializuar n\u00eb t\u00eb Drejt\u00ebn Komerciale, t\u00eb Drejt\u00ebn e Arbitrazhit, t\u00eb Drejtat e Njeriut, si dhe n\u00eb t\u00eb Drejt\u00ebn Nd\u00ebrkom\u00ebbtare Penale.<\/p>\n<p style=\"text-align: justify;\">Tea ka eksperienc\u00eb n\u00eb \u04ab\u00ebshtjet komerciale dhe t\u00eb arbitrazhit n\u00eb Kosov\u00eb p\u00ebrmes pun\u00ebs n\u00eb zyret p\u00ebr konsulenc\u00eb ligjore brenda Kosov\u00ebs, si dhe p\u00ebrmes angazhimit si Sekretare Permanente e Qendr\u00ebs s\u00eb Arbitrazhit t\u00eb Od\u00ebs Ekonomike Amerikane n\u00eb Kosov\u00eb.<\/p>\n<p style=\"text-align: justify;\">P\u00ebr m\u00eb tep\u00ebr, Tea ka p\u00ebrvoj\u00eb edhe n\u00eb fush\u00ebn dhe t\u00eb Drejt\u00ebn Nd\u00ebrkomb\u00ebtare Penale, n\u00eb krimet e luft\u00ebs p\u00ebrmes angazhimit t\u00eb saj n\u00eb Tribunalin Penal Nd\u00ebrkomb\u00ebtar t\u00eb Hag\u00ebs p\u00ebr ish-Jugosllavin\u00eb. Po ashtu, Tea ka p\u00ebrvoj\u00eb edhe n\u00eb fush\u00ebn e t\u00eb drejtave t\u00eb njeriut, p\u00ebrvoj\u00eb kjo e d\u00ebshmuar nga puna e saj brenda Institutucionit t\u00eb Avokatit t\u00eb Popullit, e p\u00ebrkrahur nga K\u00ebshilli i Evrop\u00ebs.<\/p>\n<p style=\"text-align: justify;\">Tea ka p\u00ebrvoj\u00eb disa vje\u04abare n\u00eb sektorin e drejt\u00ebsis\u00eb n\u00eb Kosov\u00eb. P\u00ebrmes p\u00ebrkrahjes s\u00eb programeve t\u00eb Kombeve t\u00eb Bashkuara dhe Ambasad\u00ebs Britanike n\u00eb Kosov\u00eb, Tea ka k\u00ebshilluar K\u00ebshillin Gjyq\u00ebsor t\u00eb Kosov\u00ebs dhe Ministrin\u00eb e Drejt\u00ebsis\u00eb n\u00eb reform\u00ebn e sistemit gjyq\u00ebsor n\u00eb vend. P\u00ebr m\u00eb tep\u00ebr, Znj. Blakaj Hoxha ka qen\u00eb nd\u00ebr ekspert\u00ebt e par\u00eb q\u00eb ka hartuar reform\u00ebn e Rishikimit Funksional t\u00eb Sektorit t\u00eb Sundimit t\u00eb Ligjit.<\/p>\n<p style=\"text-align: justify;\"><b>Gjuh\u00ebt<\/b><br \/>Shqip, Anglisht, Serbisht<\/p>\n<p style=\"text-align: justify;\"><b>Edukimi:<\/b><br \/>2016, Universiteti i Groningenit, Shkolla e Drejt\u00ebsis\u00eb, (LL.M)<br \/>2012, Universiteti i Sarajev\u00ebs, Bosnje dhe Hercegovin\u00eb (LL. B)<\/p>\n<p>[\/col]<br \/>\n[col span=&#8221;6&#8243; span__sm=&#8221;12&#8243; force_first=&#8221;small&#8221;]<\/p>\n<p>[ux_image id=&#8221;2426&#8243; image_size=&#8221;original&#8221; height=&#8221;100%&#8221;]<\/p>\n<p>[\/col]<\/p>\n<p>[\/row]<\/p>\n<p>[\/section]<\/p>\n","protected":false},"excerpt":{"rendered":"<p>[page_header style=&#8221;normal&#8221; text_color=&#8221;dark&#8221; title_case=&#8221;uppercase&#8221; sub_title=&#8221;Bashk\u00ebpun\u00ebtore e Jasht\u00ebm&#8221; nav_size=&#8221;small&#8221; bg_size=&#8221;medium&#8221; visibility=&#8221;hide-for-small&#8221;] [page_header style=&#8221;simple&#8221; type=&#8221;onpage&#8221; text_color=&#8221;dark&#8221; align=&#8221;center&#8221; title_case=&#8221;uppercase&#8221; sub_title=&#8221;Bashk\u00ebpun\u00ebtore e Lart\u00eb&#8221; nav_size=&#8221;small&#8221; bg_size=&#8221;medium&#8221; visibility=&#8221;show-for-small&#8221;] [section] [row] [col span=&#8221;6&#8243; span__sm=&#8221;12&#8243;] Znj. Blakaj Hoxha&hellip;<\/p>\n","protected":false},"author":4,"featured_media":0,"parent":2198,"menu_order":0,"comment_status":"closed","ping_status":"closed","template":"page-blank.php","meta":{"_lmt_disableupdate":"","_lmt_disable":"","footnotes":""},"class_list":["post-2487","page","type-page","status-publish","hentry"],"yoast_head":"<!-- This site is optimized with the Yoast SEO plugin v26.8 - https:\/\/yoast.com\/product\/yoast-seo-wordpress\/ -->\n<title>Tea Blakaj Hoxha - Hodaj &amp; Partners L.L.C.<\/title>\n<meta name=\"robots\" content=\"index, follow, max-snippet:-1, max-image-preview:large, max-video-preview:-1\" \/>\n<link rel=\"canonical\" href=\"https:\/\/hodajlaw.com\/de\/about-us-2\/team\/tea-blakaj-hoxha\/\" \/>\n<meta property=\"og:locale\" content=\"de_DE\" \/>\n<meta property=\"og:type\" content=\"article\" \/>\n<meta property=\"og:title\" content=\"Tea Blakaj Hoxha - Hodaj &amp; Partners L.L.C.\" \/>\n<meta property=\"og:description\" content=\"[page_header style=&#8221;normal&#8221; text_color=&#8221;dark&#8221; title_case=&#8221;uppercase&#8221; sub_title=&#8221;Bashk\u00ebpun\u00ebtore e Jasht\u00ebm&#8221; nav_size=&#8221;small&#8221; bg_size=&#8221;medium&#8221; visibility=&#8221;hide-for-small&#8221;] [page_header style=&#8221;simple&#8221; type=&#8221;onpage&#8221; text_color=&#8221;dark&#8221; align=&#8221;center&#8221; title_case=&#8221;uppercase&#8221; sub_title=&#8221;Bashk\u00ebpun\u00ebtore e Lart\u00eb&#8221; nav_size=&#8221;small&#8221; bg_size=&#8221;medium&#8221; visibility=&#8221;show-for-small&#8221;] [section] [row] [col span=&#8221;6&#8243; span__sm=&#8221;12&#8243;] Znj. Blakaj Hoxha&hellip;\" \/>\n<meta property=\"og:url\" content=\"https:\/\/hodajlaw.com\/de\/about-us-2\/team\/tea-blakaj-hoxha\/\" \/>\n<meta property=\"og:site_name\" content=\"Hodaj &amp; Partners L.L.C.\" \/>\n<meta property=\"article:modified_time\" content=\"2021-05-06T11:04:58+00:00\" \/>\n<meta property=\"og:image\" content=\"https:\/\/hodajlaw.com\/wp-content\/uploads\/2021\/01\/Tea-Blakaj.jpg\" \/>\n\t<meta property=\"og:image:width\" content=\"1200\" \/>\n\t<meta property=\"og:image:height\" content=\"1200\" \/>\n\t<meta property=\"og:image:type\" content=\"image\/jpeg\" \/>\n<meta name=\"twitter:card\" content=\"summary_large_image\" \/>\n<meta name=\"twitter:image\" content=\"https:\/\/hodajlaw.com\/wp-content\/uploads\/2021\/01\/Tea-Blakaj.jpg\" \/>\n<meta name=\"twitter:label1\" content=\"Gesch\u00e4tzte Lesezeit\" \/>\n\t<meta name=\"twitter:data1\" content=\"2\u00a0Minuten\" \/>\n<script type=\"application\/ld+json\" class=\"yoast-schema-graph\">{\"@context\":\"https:\/\/schema.org\",\"@graph\":[{\"@type\":\"WebPage\",\"@id\":\"https:\/\/hodajlaw.com\/about-us-2\/team\/tea-blakaj-hoxha\/\",\"url\":\"https:\/\/hodajlaw.com\/about-us-2\/team\/tea-blakaj-hoxha\/\",\"name\":\"Tea Blakaj Hoxha - Hodaj &amp; Partners L.L.C.\",\"isPartOf\":{\"@id\":\"https:\/\/hodajlaw.com\/#website\"},\"datePublished\":\"2021-01-31T15:27:41+00:00\",\"dateModified\":\"2021-05-06T11:04:58+00:00\",\"breadcrumb\":{\"@id\":\"https:\/\/hodajlaw.com\/about-us-2\/team\/tea-blakaj-hoxha\/#breadcrumb\"},\"inLanguage\":\"de\",\"potentialAction\":[{\"@type\":\"ReadAction\",\"target\":[\"https:\/\/hodajlaw.com\/about-us-2\/team\/tea-blakaj-hoxha\/\"]}]},{\"@type\":\"BreadcrumbList\",\"@id\":\"https:\/\/hodajlaw.com\/about-us-2\/team\/tea-blakaj-hoxha\/#breadcrumb\",\"itemListElement\":[{\"@type\":\"ListItem\",\"position\":1,\"name\":\"Home\",\"item\":\"https:\/\/hodajlaw.com\/\"},{\"@type\":\"ListItem\",\"position\":2,\"name\":\"Rreth Nesh\",\"item\":\"https:\/\/hodajlaw.com\/about-us-2\/\"},{\"@type\":\"ListItem\",\"position\":3,\"name\":\"Ekipi yn\u00eb\",\"item\":\"https:\/\/hodajlaw.com\/about-us-2\/team\/\"},{\"@type\":\"ListItem\",\"position\":4,\"name\":\"Tea Blakaj Hoxha\"}]},{\"@type\":\"WebSite\",\"@id\":\"https:\/\/hodajlaw.com\/#website\",\"url\":\"https:\/\/hodajlaw.com\/\",\"name\":\"Hodaj &amp; Partners L.L.C.\",\"description\":\"Hodaj &amp; Partners\",\"potentialAction\":[{\"@type\":\"SearchAction\",\"target\":{\"@type\":\"EntryPoint\",\"urlTemplate\":\"https:\/\/hodajlaw.com\/?s={search_term_string}\"},\"query-input\":{\"@type\":\"PropertyValueSpecification\",\"valueRequired\":true,\"valueName\":\"search_term_string\"}}],\"inLanguage\":\"de\"}]}<\/script>\n<!-- \/ Yoast SEO plugin. -->","yoast_head_json":{"title":"Tea Blakaj Hoxha - Hodaj &amp; Partners L.L.C.","robots":{"index":"index","follow":"follow","max-snippet":"max-snippet:-1","max-image-preview":"max-image-preview:large","max-video-preview":"max-video-preview:-1"},"canonical":"https:\/\/hodajlaw.com\/de\/about-us-2\/team\/tea-blakaj-hoxha\/","og_locale":"de_DE","og_type":"article","og_title":"Tea Blakaj Hoxha - Hodaj &amp; Partners L.L.C.","og_description":"[page_header style=&#8221;normal&#8221; text_color=&#8221;dark&#8221; title_case=&#8221;uppercase&#8221; sub_title=&#8221;Bashk\u00ebpun\u00ebtore e Jasht\u00ebm&#8221; nav_size=&#8221;small&#8221; bg_size=&#8221;medium&#8221; visibility=&#8221;hide-for-small&#8221;] [page_header style=&#8221;simple&#8221; type=&#8221;onpage&#8221; text_color=&#8221;dark&#8221; align=&#8221;center&#8221; title_case=&#8221;uppercase&#8221; sub_title=&#8221;Bashk\u00ebpun\u00ebtore e Lart\u00eb&#8221; nav_size=&#8221;small&#8221; bg_size=&#8221;medium&#8221; visibility=&#8221;show-for-small&#8221;] [section] [row] [col span=&#8221;6&#8243; span__sm=&#8221;12&#8243;] Znj. Blakaj Hoxha&hellip;","og_url":"https:\/\/hodajlaw.com\/de\/about-us-2\/team\/tea-blakaj-hoxha\/","og_site_name":"Hodaj &amp; Partners L.L.C.","article_modified_time":"2021-05-06T11:04:58+00:00","og_image":[{"width":1200,"height":1200,"url":"https:\/\/hodajlaw.com\/wp-content\/uploads\/2021\/01\/Tea-Blakaj.jpg","type":"image\/jpeg"}],"twitter_card":"summary_large_image","twitter_image":"https:\/\/hodajlaw.com\/wp-content\/uploads\/2021\/01\/Tea-Blakaj.jpg","twitter_misc":{"Gesch\u00e4tzte Lesezeit":"2\u00a0Minuten"},"schema":{"@context":"https:\/\/schema.org","@graph":[{"@type":"WebPage","@id":"https:\/\/hodajlaw.com\/about-us-2\/team\/tea-blakaj-hoxha\/","url":"https:\/\/hodajlaw.com\/about-us-2\/team\/tea-blakaj-hoxha\/","name":"Tea Blakaj Hoxha - Hodaj &amp; Partners L.L.C.","isPartOf":{"@id":"https:\/\/hodajlaw.com\/#website"},"datePublished":"2021-01-31T15:27:41+00:00","dateModified":"2021-05-06T11:04:58+00:00","breadcrumb":{"@id":"https:\/\/hodajlaw.com\/about-us-2\/team\/tea-blakaj-hoxha\/#breadcrumb"},"inLanguage":"de","potentialAction":[{"@type":"ReadAction","target":["https:\/\/hodajlaw.com\/about-us-2\/team\/tea-blakaj-hoxha\/"]}]},{"@type":"BreadcrumbList","@id":"https:\/\/hodajlaw.com\/about-us-2\/team\/tea-blakaj-hoxha\/#breadcrumb","itemListElement":[{"@type":"ListItem","position":1,"name":"Home","item":"https:\/\/hodajlaw.com\/"},{"@type":"ListItem","position":2,"name":"Rreth Nesh","item":"https:\/\/hodajlaw.com\/about-us-2\/"},{"@type":"ListItem","position":3,"name":"Ekipi yn\u00eb","item":"https:\/\/hodajlaw.com\/about-us-2\/team\/"},{"@type":"ListItem","position":4,"name":"Tea Blakaj Hoxha"}]},{"@type":"WebSite","@id":"https:\/\/hodajlaw.com\/#website","url":"https:\/\/hodajlaw.com\/","name":"Hodaj &amp; Partners L.L.C.","description":"Hodaj &amp; Partners","potentialAction":[{"@type":"SearchAction","target":{"@type":"EntryPoint","urlTemplate":"https:\/\/hodajlaw.com\/?s={search_term_string}"},"query-input":{"@type":"PropertyValueSpecification","valueRequired":true,"valueName":"search_term_string"}}],"inLanguage":"de"}]}},"_links":{"self":[{"href":"https:\/\/hodajlaw.com\/de\/wp-json\/wp\/v2\/pages\/2487","targetHints":{"allow":["GET"]}}],"collection":[{"href":"https:\/\/hodajlaw.com\/de\/wp-json\/wp\/v2\/pages"}],"about":[{"href":"https:\/\/hodajlaw.com\/de\/wp-json\/wp\/v2\/types\/page"}],"author":[{"embeddable":true,"href":"https:\/\/hodajlaw.com\/de\/wp-json\/wp\/v2\/users\/4"}],"replies":[{"embeddable":true,"href":"https:\/\/hodajlaw.com\/de\/wp-json\/wp\/v2\/comments?post=2487"}],"version-history":[{"count":5,"href":"https:\/\/hodajlaw.com\/de\/wp-json\/wp\/v2\/pages\/2487\/revisions"}],"predecessor-version":[{"id":3496,"href":"https:\/\/hodajlaw.com\/de\/wp-json\/wp\/v2\/pages\/2487\/revisions\/3496"}],"up":[{"embeddable":true,"href":"https:\/\/hodajlaw.com\/de\/wp-json\/wp\/v2\/pages\/2198"}],"wp:attachment":[{"href":"https:\/\/hodajlaw.com\/de\/wp-json\/wp\/v2\/media?parent=2487"}],"curies":[{"name":"wp","href":"https:\/\/api.w.org\/{rel}","templated":true}]}}