{"id":2488,"date":"2021-01-31T15:27:41","date_gmt":"2021-01-31T15:27:41","guid":{"rendered":"http:\/\/hodajlaw.com\/about\/team\/tea-blakaj-hoxha\/"},"modified":"2021-05-06T11:12:31","modified_gmt":"2021-05-06T11:12:31","slug":"tea-blakaj-hoxha","status":"publish","type":"page","link":"https:\/\/hodajlaw.com\/de\/about-us-3\/team\/tea-blakaj-hoxha\/","title":{"rendered":"Tea Blakaj Hoxha"},"content":{"rendered":"<p>[page_header style=&#8221;normal&#8221; text_color=&#8221;dark&#8221; title_case=&#8221;uppercase&#8221; sub_title=&#8221;Senior Associate&#8221; nav_size=&#8221;small&#8221; bg_size=&#8221;medium&#8221; visibility=&#8221;hide-for-small&#8221;]<\/p>\n<p>[page_header style=&#8221;simple&#8221; type=&#8221;onpage&#8221; text_color=&#8221;dark&#8221; align=&#8221;center&#8221; title_case=&#8221;uppercase&#8221; sub_title=&#8221;Senior Associate&#8221; nav_size=&#8221;small&#8221; bg_size=&#8221;medium&#8221; visibility=&#8221;show-for-small&#8221;]<\/p>\n<p>[section]<\/p>\n<p>[row]<\/p>\n<p>[col span=&#8221;6&#8243; span__sm=&#8221;12&#8243;]<\/p>\n<p style=\"text-align: justify;\">Frau Blakaj Hoxha ist auf die Bereiche Handelsrecht, Vertragsrecht, Schiedsgerichtsbarkeit, Menschenrechten und internationales Strafrecht spezialisiert.<\/p>\n<p style=\"text-align: justify;\">Tea hat Erfahrung in Handels- und Schiedsgerichtsangelegenheiten, die sie durch ihre Arbeit in verschiedenen Anwaltskanzleien im Kosovo und durch ihr Engagement als St\u00e4ndiger Generalsekret\u00e4r der Schiedsstelle bei der Amerikanischen Handelskammer im Kosovo gewonnen hat.<\/p>\n<p style=\"text-align: justify;\">Weiter, ist Tea auf dem Gebiet des internationalen Strafrechts f\u00fcr Kriegsverbrechen erfahren. Sie war t\u00e4tig beim Internationalen Tribunal f\u00fcr das ehemalige Jugoslawien in Den Haag. Frau Blakaj Hoxha hat auch als Beraterin f\u00fcr die vom Europarat unterst\u00fctzte Institution des Ombudspersons im Kosovo Fachwissen im Bereich von Menschenrechten erworben.<\/p>\n<p style=\"text-align: justify;\">Tee verf\u00fcgt \u00fcber mehrj\u00e4hrige Berufserfahrung im Justizbereich im Kosovo. Unterst\u00fctzt durch den Programmen der Vereinten Nationen und der britischen Botschaft in Prishtina hat Tea den Kosovo-Justizrat und das Justizministerium bei der Justizreform beraten. Frau Blakaj Hoxha war eine der ersten Experten, die die Reform der funktionalen \u00dcberpr\u00fcfung des Rechtsstaatlichkeitssektors ausgearbeitet haben.<\/p>\n<p style=\"text-align: justify;\"><b>Sprachen<\/b><br \/>Albanisch, Englisch, Serbisch<\/p>\n<p style=\"text-align: justify;\"><b>Studium:<\/b><br \/>2016, Universit\u00e4t Groningen, Juristische Fakult\u00e4t (LL.M)<br \/>2012, Universit\u00e4t von Sarajevo, Bosnia und Hercegovina (LL. B)<\/p>\n<p>[\/col]<br \/>\n[col span=&#8221;6&#8243; span__sm=&#8221;12&#8243; force_first=&#8221;small&#8221;]<\/p>\n<p>[ux_image id=&#8221;2426&#8243; image_size=&#8221;original&#8221; height=&#8221;100%&#8221;]<\/p>\n<p>[\/col]<\/p>\n<p>[\/row]<\/p>\n<p>[\/section]<\/p>\n","protected":false},"excerpt":{"rendered":"<p>[page_header style=&#8221;normal&#8221; text_color=&#8221;dark&#8221; title_case=&#8221;uppercase&#8221; sub_title=&#8221;Senior Associate&#8221; nav_size=&#8221;small&#8221; bg_size=&#8221;medium&#8221; visibility=&#8221;hide-for-small&#8221;] [page_header style=&#8221;simple&#8221; type=&#8221;onpage&#8221; text_color=&#8221;dark&#8221; align=&#8221;center&#8221; title_case=&#8221;uppercase&#8221; sub_title=&#8221;Senior Associate&#8221; nav_size=&#8221;small&#8221; bg_size=&#8221;medium&#8221; visibility=&#8221;show-for-small&#8221;] [section] [row] [col span=&#8221;6&#8243; span__sm=&#8221;12&#8243;] Frau Blakaj Hoxha ist auf&hellip;<\/p>\n","protected":false},"author":4,"featured_media":0,"parent":2199,"menu_order":0,"comment_status":"closed","ping_status":"closed","template":"page-blank.php","meta":{"_lmt_disableupdate":"","_lmt_disable":"","footnotes":""},"class_list":["post-2488","page","type-page","status-publish","hentry"],"yoast_head":"<!-- This site is optimized with the Yoast SEO plugin v26.8 - https:\/\/yoast.com\/product\/yoast-seo-wordpress\/ -->\n<title>Tea Blakaj Hoxha - Hodaj &amp; Partners L.L.C.<\/title>\n<meta name=\"robots\" content=\"index, follow, max-snippet:-1, max-image-preview:large, max-video-preview:-1\" \/>\n<link rel=\"canonical\" href=\"https:\/\/hodajlaw.com\/de\/about-us-3\/team\/tea-blakaj-hoxha\/\" \/>\n<meta property=\"og:locale\" content=\"de_DE\" \/>\n<meta property=\"og:type\" content=\"article\" \/>\n<meta property=\"og:title\" content=\"Tea Blakaj Hoxha - Hodaj &amp; Partners L.L.C.\" \/>\n<meta property=\"og:description\" content=\"[page_header style=&#8221;normal&#8221; text_color=&#8221;dark&#8221; title_case=&#8221;uppercase&#8221; sub_title=&#8221;Senior Associate&#8221; nav_size=&#8221;small&#8221; bg_size=&#8221;medium&#8221; visibility=&#8221;hide-for-small&#8221;] [page_header style=&#8221;simple&#8221; type=&#8221;onpage&#8221; text_color=&#8221;dark&#8221; align=&#8221;center&#8221; title_case=&#8221;uppercase&#8221; sub_title=&#8221;Senior Associate&#8221; nav_size=&#8221;small&#8221; bg_size=&#8221;medium&#8221; visibility=&#8221;show-for-small&#8221;] [section] [row] [col span=&#8221;6&#8243; span__sm=&#8221;12&#8243;] Frau Blakaj Hoxha ist auf&hellip;\" \/>\n<meta property=\"og:url\" content=\"https:\/\/hodajlaw.com\/de\/about-us-3\/team\/tea-blakaj-hoxha\/\" \/>\n<meta property=\"og:site_name\" content=\"Hodaj &amp; Partners L.L.C.\" \/>\n<meta property=\"article:modified_time\" content=\"2021-05-06T11:12:31+00:00\" \/>\n<meta property=\"og:image\" content=\"https:\/\/hodajlaw.com\/wp-content\/uploads\/2021\/01\/Tea-Blakaj.jpg\" \/>\n<meta name=\"twitter:card\" content=\"summary_large_image\" \/>\n<meta name=\"twitter:image\" content=\"https:\/\/hodajlaw.com\/wp-content\/uploads\/2021\/01\/Tea-Blakaj.jpg\" \/>\n<meta name=\"twitter:label1\" content=\"Gesch\u00e4tzte Lesezeit\" \/>\n\t<meta name=\"twitter:data1\" content=\"1\u00a0Minute\" \/>\n<script type=\"application\/ld+json\" class=\"yoast-schema-graph\">{\"@context\":\"https:\/\/schema.org\",\"@graph\":[{\"@type\":\"WebPage\",\"@id\":\"https:\/\/hodajlaw.com\/about-us-3\/team\/tea-blakaj-hoxha\/\",\"url\":\"https:\/\/hodajlaw.com\/about-us-3\/team\/tea-blakaj-hoxha\/\",\"name\":\"Tea Blakaj Hoxha - Hodaj &amp; Partners L.L.C.\",\"isPartOf\":{\"@id\":\"https:\/\/hodajlaw.com\/#website\"},\"datePublished\":\"2021-01-31T15:27:41+00:00\",\"dateModified\":\"2021-05-06T11:12:31+00:00\",\"breadcrumb\":{\"@id\":\"https:\/\/hodajlaw.com\/about-us-3\/team\/tea-blakaj-hoxha\/#breadcrumb\"},\"inLanguage\":\"de\",\"potentialAction\":[{\"@type\":\"ReadAction\",\"target\":[\"https:\/\/hodajlaw.com\/about-us-3\/team\/tea-blakaj-hoxha\/\"]}]},{\"@type\":\"BreadcrumbList\",\"@id\":\"https:\/\/hodajlaw.com\/about-us-3\/team\/tea-blakaj-hoxha\/#breadcrumb\",\"itemListElement\":[{\"@type\":\"ListItem\",\"position\":1,\"name\":\"Home\",\"item\":\"https:\/\/hodajlaw.com\/\"},{\"@type\":\"ListItem\",\"position\":2,\"name\":\"\u00dcber Uns\",\"item\":\"https:\/\/hodajlaw.com\/about-us-3\/\"},{\"@type\":\"ListItem\",\"position\":3,\"name\":\"Das Team\",\"item\":\"https:\/\/hodajlaw.com\/about-us-3\/team\/\"},{\"@type\":\"ListItem\",\"position\":4,\"name\":\"Tea Blakaj Hoxha\"}]},{\"@type\":\"WebSite\",\"@id\":\"https:\/\/hodajlaw.com\/#website\",\"url\":\"https:\/\/hodajlaw.com\/\",\"name\":\"Hodaj &amp; Partners L.L.C.\",\"description\":\"Hodaj &amp; Partners\",\"potentialAction\":[{\"@type\":\"SearchAction\",\"target\":{\"@type\":\"EntryPoint\",\"urlTemplate\":\"https:\/\/hodajlaw.com\/?s={search_term_string}\"},\"query-input\":{\"@type\":\"PropertyValueSpecification\",\"valueRequired\":true,\"valueName\":\"search_term_string\"}}],\"inLanguage\":\"de\"}]}<\/script>\n<!-- \/ Yoast SEO plugin. -->","yoast_head_json":{"title":"Tea Blakaj Hoxha - Hodaj &amp; Partners L.L.C.","robots":{"index":"index","follow":"follow","max-snippet":"max-snippet:-1","max-image-preview":"max-image-preview:large","max-video-preview":"max-video-preview:-1"},"canonical":"https:\/\/hodajlaw.com\/de\/about-us-3\/team\/tea-blakaj-hoxha\/","og_locale":"de_DE","og_type":"article","og_title":"Tea Blakaj Hoxha - Hodaj &amp; Partners L.L.C.","og_description":"[page_header style=&#8221;normal&#8221; text_color=&#8221;dark&#8221; title_case=&#8221;uppercase&#8221; sub_title=&#8221;Senior Associate&#8221; nav_size=&#8221;small&#8221; bg_size=&#8221;medium&#8221; visibility=&#8221;hide-for-small&#8221;] [page_header style=&#8221;simple&#8221; type=&#8221;onpage&#8221; text_color=&#8221;dark&#8221; align=&#8221;center&#8221; title_case=&#8221;uppercase&#8221; sub_title=&#8221;Senior Associate&#8221; nav_size=&#8221;small&#8221; bg_size=&#8221;medium&#8221; visibility=&#8221;show-for-small&#8221;] [section] [row] [col span=&#8221;6&#8243; span__sm=&#8221;12&#8243;] Frau Blakaj Hoxha ist auf&hellip;","og_url":"https:\/\/hodajlaw.com\/de\/about-us-3\/team\/tea-blakaj-hoxha\/","og_site_name":"Hodaj &amp; Partners L.L.C.","article_modified_time":"2021-05-06T11:12:31+00:00","og_image":[{"url":"https:\/\/hodajlaw.com\/wp-content\/uploads\/2021\/01\/Tea-Blakaj.jpg","type":"","width":"","height":""}],"twitter_card":"summary_large_image","twitter_image":"https:\/\/hodajlaw.com\/wp-content\/uploads\/2021\/01\/Tea-Blakaj.jpg","twitter_misc":{"Gesch\u00e4tzte Lesezeit":"1\u00a0Minute"},"schema":{"@context":"https:\/\/schema.org","@graph":[{"@type":"WebPage","@id":"https:\/\/hodajlaw.com\/about-us-3\/team\/tea-blakaj-hoxha\/","url":"https:\/\/hodajlaw.com\/about-us-3\/team\/tea-blakaj-hoxha\/","name":"Tea Blakaj Hoxha - Hodaj &amp; Partners L.L.C.","isPartOf":{"@id":"https:\/\/hodajlaw.com\/#website"},"datePublished":"2021-01-31T15:27:41+00:00","dateModified":"2021-05-06T11:12:31+00:00","breadcrumb":{"@id":"https:\/\/hodajlaw.com\/about-us-3\/team\/tea-blakaj-hoxha\/#breadcrumb"},"inLanguage":"de","potentialAction":[{"@type":"ReadAction","target":["https:\/\/hodajlaw.com\/about-us-3\/team\/tea-blakaj-hoxha\/"]}]},{"@type":"BreadcrumbList","@id":"https:\/\/hodajlaw.com\/about-us-3\/team\/tea-blakaj-hoxha\/#breadcrumb","itemListElement":[{"@type":"ListItem","position":1,"name":"Home","item":"https:\/\/hodajlaw.com\/"},{"@type":"ListItem","position":2,"name":"\u00dcber Uns","item":"https:\/\/hodajlaw.com\/about-us-3\/"},{"@type":"ListItem","position":3,"name":"Das Team","item":"https:\/\/hodajlaw.com\/about-us-3\/team\/"},{"@type":"ListItem","position":4,"name":"Tea Blakaj Hoxha"}]},{"@type":"WebSite","@id":"https:\/\/hodajlaw.com\/#website","url":"https:\/\/hodajlaw.com\/","name":"Hodaj &amp; Partners L.L.C.","description":"Hodaj &amp; Partners","potentialAction":[{"@type":"SearchAction","target":{"@type":"EntryPoint","urlTemplate":"https:\/\/hodajlaw.com\/?s={search_term_string}"},"query-input":{"@type":"PropertyValueSpecification","valueRequired":true,"valueName":"search_term_string"}}],"inLanguage":"de"}]}},"_links":{"self":[{"href":"https:\/\/hodajlaw.com\/de\/wp-json\/wp\/v2\/pages\/2488","targetHints":{"allow":["GET"]}}],"collection":[{"href":"https:\/\/hodajlaw.com\/de\/wp-json\/wp\/v2\/pages"}],"about":[{"href":"https:\/\/hodajlaw.com\/de\/wp-json\/wp\/v2\/types\/page"}],"author":[{"embeddable":true,"href":"https:\/\/hodajlaw.com\/de\/wp-json\/wp\/v2\/users\/4"}],"replies":[{"embeddable":true,"href":"https:\/\/hodajlaw.com\/de\/wp-json\/wp\/v2\/comments?post=2488"}],"version-history":[{"count":3,"href":"https:\/\/hodajlaw.com\/de\/wp-json\/wp\/v2\/pages\/2488\/revisions"}],"predecessor-version":[{"id":3510,"href":"https:\/\/hodajlaw.com\/de\/wp-json\/wp\/v2\/pages\/2488\/revisions\/3510"}],"up":[{"embeddable":true,"href":"https:\/\/hodajlaw.com\/de\/wp-json\/wp\/v2\/pages\/2199"}],"wp:attachment":[{"href":"https:\/\/hodajlaw.com\/de\/wp-json\/wp\/v2\/media?parent=2488"}],"curies":[{"name":"wp","href":"https:\/\/api.w.org\/{rel}","templated":true}]}}