{"id":2513,"date":"2021-01-31T18:10:37","date_gmt":"2021-01-31T18:10:37","guid":{"rendered":"http:\/\/hodajlaw.com\/about\/team\/albert-cuni\/"},"modified":"2021-05-06T11:06:40","modified_gmt":"2021-05-06T11:06:40","slug":"albert-cuni","status":"publish","type":"page","link":"https:\/\/hodajlaw.com\/de\/about-us-2\/team\/albert-cuni\/","title":{"rendered":"ALBERT \u00c7UNI"},"content":{"rendered":"<p>[page_header style=&#8221;normal&#8221; text_color=&#8221;dark&#8221; title_case=&#8221;uppercase&#8221; sub_title=&#8221;Konsulent i Jasht\u00ebm&#8221; nav_size=&#8221;small&#8221; bg_size=&#8221;medium&#8221; visibility=&#8221;hide-for-small&#8221;]<\/p>\n<p>[page_header style=&#8221;simple&#8221; type=&#8221;onpage&#8221; text_color=&#8221;dark&#8221; align=&#8221;center&#8221; title_case=&#8221;uppercase&#8221; sub_title=&#8221;K\u00ebshilltar i Jasht\u00ebm&#8221; nav_size=&#8221;small&#8221; bg_size=&#8221;medium&#8221; visibility=&#8221;show-for-small&#8221;]<\/p>\n<p>[section]<\/p>\n<p>[row]<\/p>\n<p>[col span=&#8221;6&#8243; span__sm=&#8221;12&#8243;]<\/p>\n<p style=\"text-align: justify;\"><b>Fushat e Ekspertiz\u00ebs &amp; P\u00ebrvoja Profesionale<\/b><\/p>\n<p style=\"text-align: justify;\">Z. Albert \u00c7uni \u00ebsht\u00eb k\u00ebshilltar dhe konsulent i zyr\u00ebs son\u00eb t\u00eb avokat\u00ebve n\u00eb fushat si e Drejta Tregtare dhe e Korporatave, Ligji i Pun\u00ebs, Financa dhe Banka, Tatimet dhe Doganat, Legal Due Diligence, Lobimi dhe Mar\u00ebdh\u00ebniet me Publikun si dhe P\u00ebrgjegj\u00ebsia Sociale e Korporatave (CSR).<\/p>\n<p style=\"text-align: justify;\">Para se t\u00eb punonte si k\u00ebshilltar dhe konsulent, p\u00ebr m\u00eb shum\u00eb se dy dekada Z. \u00c7uni ka punuar p\u00ebr organizata t\u00eb m\u00ebdha multinacionale n\u00eb Zvic\u00ebr, Holland\u00eb dhe Mbret\u00ebrin\u00eb e Bashkuar (Sony Electronics, Serco, Reckitt Benckiser, Virgin Atlantic Airways) si Drejtor i Financave dhe Menaxher i Financave, ku ka udh\u00ebhequr dhe menaxhuar departamente t\u00eb financave dhe projekte t\u00eb m\u00ebdha n\u00eb outsourcing dhe n\u00eb p\u00ebrmir\u00ebsimin e proceseve.<\/p>\n<p style=\"text-align: justify;\"><b>Gjuh\u00ebt<\/b><br \/>Flet rrjedhsh\u00ebm shqip, anglisht, gjermanisht dhe serbo-kroatisht. Flet mir\u00eb holandishten dhe ka njohuri themelore n\u00eb frengjisht.<\/p>\n<p style=\"text-align: justify;\"><b>Edukimi:<\/b><br \/>2018, The Open University, Milton Keynes, UK, Master of Business Administration (MBA)<br \/>2018, The Open University, Milton Keynes, UK, Business, Human Rights and Corporate Social Responsibility (postgraduate diploma, part of the LL.M programme)<br \/>1998, Kaufm\u00e4nnischer Verband Z\u00fcrich (KVZ), Switzerland, Business School<\/p>\n<p style=\"text-align: justify;\"><b>Memberships: <\/b><\/p>\n<ul>\n<li style=\"text-align: justify;\">PRINCE2 (Projects in Controlled Environments) Practitioner, UK<\/li>\n<li style=\"text-align: justify;\">MInstLM (Member of the Institute for Leadership and Management, London, UK)<\/li>\n<\/ul>\n<p>[\/col]<br \/>\n[col span=&#8221;6&#8243; span__sm=&#8221;12&#8243; force_first=&#8221;small&#8221;]<\/p>\n<p>[ux_image id=&#8221;2438&#8243; image_size=&#8221;original&#8221; height=&#8221;90%&#8221;]<\/p>\n<p>[\/col]<\/p>\n<p>[\/row]<\/p>\n<p>[\/section]<\/p>\n","protected":false},"excerpt":{"rendered":"<p>[page_header style=&#8221;normal&#8221; text_color=&#8221;dark&#8221; title_case=&#8221;uppercase&#8221; sub_title=&#8221;Konsulent i Jasht\u00ebm&#8221; nav_size=&#8221;small&#8221; bg_size=&#8221;medium&#8221; visibility=&#8221;hide-for-small&#8221;] [page_header style=&#8221;simple&#8221; type=&#8221;onpage&#8221; text_color=&#8221;dark&#8221; align=&#8221;center&#8221; title_case=&#8221;uppercase&#8221; sub_title=&#8221;K\u00ebshilltar i Jasht\u00ebm&#8221; nav_size=&#8221;small&#8221; bg_size=&#8221;medium&#8221; visibility=&#8221;show-for-small&#8221;] [section] [row] [col span=&#8221;6&#8243; span__sm=&#8221;12&#8243;] Fushat e Ekspertiz\u00ebs&hellip;<\/p>\n","protected":false},"author":4,"featured_media":0,"parent":2198,"menu_order":0,"comment_status":"closed","ping_status":"closed","template":"page-blank.php","meta":{"_lmt_disableupdate":"","_lmt_disable":"","footnotes":""},"class_list":["post-2513","page","type-page","status-publish","hentry"],"yoast_head":"<!-- This site is optimized with the Yoast SEO plugin v27.4 - https:\/\/yoast.com\/product\/yoast-seo-wordpress\/ -->\n<title>ALBERT \u00c7UNI - Hodaj &amp; Partners L.L.C.<\/title>\n<meta name=\"robots\" content=\"index, follow, max-snippet:-1, max-image-preview:large, max-video-preview:-1\" \/>\n<link rel=\"canonical\" href=\"https:\/\/hodajlaw.com\/de\/about-us-2\/team\/albert-cuni\/\" \/>\n<meta property=\"og:locale\" content=\"de_DE\" \/>\n<meta property=\"og:type\" content=\"article\" \/>\n<meta property=\"og:title\" content=\"ALBERT \u00c7UNI - Hodaj &amp; Partners L.L.C.\" \/>\n<meta property=\"og:description\" content=\"[page_header style=&#8221;normal&#8221; text_color=&#8221;dark&#8221; title_case=&#8221;uppercase&#8221; sub_title=&#8221;Konsulent i Jasht\u00ebm&#8221; nav_size=&#8221;small&#8221; bg_size=&#8221;medium&#8221; visibility=&#8221;hide-for-small&#8221;] [page_header style=&#8221;simple&#8221; type=&#8221;onpage&#8221; text_color=&#8221;dark&#8221; align=&#8221;center&#8221; title_case=&#8221;uppercase&#8221; sub_title=&#8221;K\u00ebshilltar i Jasht\u00ebm&#8221; nav_size=&#8221;small&#8221; bg_size=&#8221;medium&#8221; visibility=&#8221;show-for-small&#8221;] [section] [row] [col span=&#8221;6&#8243; span__sm=&#8221;12&#8243;] Fushat e Ekspertiz\u00ebs&hellip;\" \/>\n<meta property=\"og:url\" content=\"https:\/\/hodajlaw.com\/de\/about-us-2\/team\/albert-cuni\/\" \/>\n<meta property=\"og:site_name\" content=\"Hodaj &amp; Partners L.L.C.\" \/>\n<meta property=\"article:modified_time\" content=\"2021-05-06T11:06:40+00:00\" \/>\n<meta property=\"og:image\" content=\"https:\/\/hodajlaw.com\/wp-content\/uploads\/2021\/01\/Albert-Cuni.jpg\" \/>\n\t<meta property=\"og:image:width\" content=\"1200\" \/>\n\t<meta property=\"og:image:height\" content=\"1798\" \/>\n\t<meta property=\"og:image:type\" content=\"image\/jpeg\" \/>\n<meta name=\"twitter:card\" content=\"summary_large_image\" \/>\n<meta name=\"twitter:image\" content=\"https:\/\/hodajlaw.com\/wp-content\/uploads\/2021\/01\/Albert-Cuni.jpg\" \/>\n<meta name=\"twitter:label1\" content=\"Gesch\u00e4tzte Lesezeit\" \/>\n\t<meta name=\"twitter:data1\" content=\"1\u00a0Minute\" \/>\n<script type=\"application\/ld+json\" class=\"yoast-schema-graph\">{\"@context\":\"https:\\\/\\\/schema.org\",\"@graph\":[{\"@type\":\"WebPage\",\"@id\":\"https:\\\/\\\/hodajlaw.com\\\/about-us-2\\\/team\\\/albert-cuni\\\/\",\"url\":\"https:\\\/\\\/hodajlaw.com\\\/about-us-2\\\/team\\\/albert-cuni\\\/\",\"name\":\"ALBERT \u00c7UNI - Hodaj &amp; Partners L.L.C.\",\"isPartOf\":{\"@id\":\"https:\\\/\\\/hodajlaw.com\\\/#website\"},\"datePublished\":\"2021-01-31T18:10:37+00:00\",\"dateModified\":\"2021-05-06T11:06:40+00:00\",\"breadcrumb\":{\"@id\":\"https:\\\/\\\/hodajlaw.com\\\/about-us-2\\\/team\\\/albert-cuni\\\/#breadcrumb\"},\"inLanguage\":\"de\",\"potentialAction\":[{\"@type\":\"ReadAction\",\"target\":[\"https:\\\/\\\/hodajlaw.com\\\/about-us-2\\\/team\\\/albert-cuni\\\/\"]}]},{\"@type\":\"BreadcrumbList\",\"@id\":\"https:\\\/\\\/hodajlaw.com\\\/about-us-2\\\/team\\\/albert-cuni\\\/#breadcrumb\",\"itemListElement\":[{\"@type\":\"ListItem\",\"position\":1,\"name\":\"Home\",\"item\":\"https:\\\/\\\/hodajlaw.com\\\/\"},{\"@type\":\"ListItem\",\"position\":2,\"name\":\"Rreth Nesh\",\"item\":\"https:\\\/\\\/hodajlaw.com\\\/about-us-2\\\/\"},{\"@type\":\"ListItem\",\"position\":3,\"name\":\"Ekipi yn\u00eb\",\"item\":\"https:\\\/\\\/hodajlaw.com\\\/about-us-2\\\/team\\\/\"},{\"@type\":\"ListItem\",\"position\":4,\"name\":\"ALBERT \u00c7UNI\"}]},{\"@type\":\"WebSite\",\"@id\":\"https:\\\/\\\/hodajlaw.com\\\/#website\",\"url\":\"https:\\\/\\\/hodajlaw.com\\\/\",\"name\":\"Hodaj &amp; Partners L.L.C.\",\"description\":\"Hodaj &amp; Partners\",\"potentialAction\":[{\"@type\":\"SearchAction\",\"target\":{\"@type\":\"EntryPoint\",\"urlTemplate\":\"https:\\\/\\\/hodajlaw.com\\\/?s={search_term_string}\"},\"query-input\":{\"@type\":\"PropertyValueSpecification\",\"valueRequired\":true,\"valueName\":\"search_term_string\"}}],\"inLanguage\":\"de\"}]}<\/script>\n<!-- \/ Yoast SEO plugin. -->","yoast_head_json":{"title":"ALBERT \u00c7UNI - Hodaj &amp; Partners L.L.C.","robots":{"index":"index","follow":"follow","max-snippet":"max-snippet:-1","max-image-preview":"max-image-preview:large","max-video-preview":"max-video-preview:-1"},"canonical":"https:\/\/hodajlaw.com\/de\/about-us-2\/team\/albert-cuni\/","og_locale":"de_DE","og_type":"article","og_title":"ALBERT \u00c7UNI - Hodaj &amp; Partners L.L.C.","og_description":"[page_header style=&#8221;normal&#8221; text_color=&#8221;dark&#8221; title_case=&#8221;uppercase&#8221; sub_title=&#8221;Konsulent i Jasht\u00ebm&#8221; nav_size=&#8221;small&#8221; bg_size=&#8221;medium&#8221; visibility=&#8221;hide-for-small&#8221;] [page_header style=&#8221;simple&#8221; type=&#8221;onpage&#8221; text_color=&#8221;dark&#8221; align=&#8221;center&#8221; title_case=&#8221;uppercase&#8221; sub_title=&#8221;K\u00ebshilltar i Jasht\u00ebm&#8221; nav_size=&#8221;small&#8221; bg_size=&#8221;medium&#8221; visibility=&#8221;show-for-small&#8221;] [section] [row] [col span=&#8221;6&#8243; span__sm=&#8221;12&#8243;] Fushat e Ekspertiz\u00ebs&hellip;","og_url":"https:\/\/hodajlaw.com\/de\/about-us-2\/team\/albert-cuni\/","og_site_name":"Hodaj &amp; Partners L.L.C.","article_modified_time":"2021-05-06T11:06:40+00:00","og_image":[{"width":1200,"height":1798,"url":"https:\/\/hodajlaw.com\/wp-content\/uploads\/2021\/01\/Albert-Cuni.jpg","type":"image\/jpeg"}],"twitter_card":"summary_large_image","twitter_image":"https:\/\/hodajlaw.com\/wp-content\/uploads\/2021\/01\/Albert-Cuni.jpg","twitter_misc":{"Gesch\u00e4tzte Lesezeit":"1\u00a0Minute"},"schema":{"@context":"https:\/\/schema.org","@graph":[{"@type":"WebPage","@id":"https:\/\/hodajlaw.com\/about-us-2\/team\/albert-cuni\/","url":"https:\/\/hodajlaw.com\/about-us-2\/team\/albert-cuni\/","name":"ALBERT \u00c7UNI - Hodaj &amp; Partners L.L.C.","isPartOf":{"@id":"https:\/\/hodajlaw.com\/#website"},"datePublished":"2021-01-31T18:10:37+00:00","dateModified":"2021-05-06T11:06:40+00:00","breadcrumb":{"@id":"https:\/\/hodajlaw.com\/about-us-2\/team\/albert-cuni\/#breadcrumb"},"inLanguage":"de","potentialAction":[{"@type":"ReadAction","target":["https:\/\/hodajlaw.com\/about-us-2\/team\/albert-cuni\/"]}]},{"@type":"BreadcrumbList","@id":"https:\/\/hodajlaw.com\/about-us-2\/team\/albert-cuni\/#breadcrumb","itemListElement":[{"@type":"ListItem","position":1,"name":"Home","item":"https:\/\/hodajlaw.com\/"},{"@type":"ListItem","position":2,"name":"Rreth Nesh","item":"https:\/\/hodajlaw.com\/about-us-2\/"},{"@type":"ListItem","position":3,"name":"Ekipi yn\u00eb","item":"https:\/\/hodajlaw.com\/about-us-2\/team\/"},{"@type":"ListItem","position":4,"name":"ALBERT \u00c7UNI"}]},{"@type":"WebSite","@id":"https:\/\/hodajlaw.com\/#website","url":"https:\/\/hodajlaw.com\/","name":"Hodaj &amp; Partners L.L.C.","description":"Hodaj &amp; Partners","potentialAction":[{"@type":"SearchAction","target":{"@type":"EntryPoint","urlTemplate":"https:\/\/hodajlaw.com\/?s={search_term_string}"},"query-input":{"@type":"PropertyValueSpecification","valueRequired":true,"valueName":"search_term_string"}}],"inLanguage":"de"}]}},"_links":{"self":[{"href":"https:\/\/hodajlaw.com\/de\/wp-json\/wp\/v2\/pages\/2513","targetHints":{"allow":["GET"]}}],"collection":[{"href":"https:\/\/hodajlaw.com\/de\/wp-json\/wp\/v2\/pages"}],"about":[{"href":"https:\/\/hodajlaw.com\/de\/wp-json\/wp\/v2\/types\/page"}],"author":[{"embeddable":true,"href":"https:\/\/hodajlaw.com\/de\/wp-json\/wp\/v2\/users\/4"}],"replies":[{"embeddable":true,"href":"https:\/\/hodajlaw.com\/de\/wp-json\/wp\/v2\/comments?post=2513"}],"version-history":[{"count":4,"href":"https:\/\/hodajlaw.com\/de\/wp-json\/wp\/v2\/pages\/2513\/revisions"}],"predecessor-version":[{"id":3499,"href":"https:\/\/hodajlaw.com\/de\/wp-json\/wp\/v2\/pages\/2513\/revisions\/3499"}],"up":[{"embeddable":true,"href":"https:\/\/hodajlaw.com\/de\/wp-json\/wp\/v2\/pages\/2198"}],"wp:attachment":[{"href":"https:\/\/hodajlaw.com\/de\/wp-json\/wp\/v2\/media?parent=2513"}],"curies":[{"name":"wp","href":"https:\/\/api.w.org\/{rel}","templated":true}]}}