{"id":2609,"date":"2021-02-15T15:36:00","date_gmt":"2021-02-15T15:36:00","guid":{"rendered":"https:\/\/hodajlaw.com\/?page_id=2609"},"modified":"2025-09-16T18:44:58","modified_gmt":"2025-09-16T18:44:58","slug":"litigation-arbitration","status":"publish","type":"page","link":"https:\/\/hodajlaw.com\/de\/areas-of-practice\/litigation-arbitration\/","title":{"rendered":"Litigation &#038; Arbitration"},"content":{"rendered":"<div data-elementor-type=\"wp-page\" data-elementor-id=\"2609\" class=\"elementor elementor-2609\">\n\t\t\t\t<div class=\"elementor-element elementor-element-938a6b8 e-flex e-con-boxed e-con e-parent\" data-id=\"938a6b8\" data-element_type=\"container\" data-e-type=\"container\">\n\t\t\t\t\t<div class=\"e-con-inner\">\n\t\t\t\t<div class=\"elementor-element elementor-element-c44c157 elementor-widget elementor-widget-penci-info-box\" data-id=\"c44c157\" data-element_type=\"widget\" data-e-type=\"widget\" data-widget_type=\"penci-info-box.default\">\n\t\t\t\t<div class=\"elementor-widget-container\">\n\t\t\t\t\t        <div id=\"penci_info_box_77457\" class=\"penci-block-vc penci-info-box penci-ibox-top-center penci-view-default penci-shape-circle\">\n            <div class=\"penci-ibox-inner\">\n\t\t\t\t\t\t\t\t<div class=\"penci-ibox-icon penci-ibox-icon--image has-hover\"><a class=\"penci-ibox-icon-fa-fix\" href=\"\/de\/areas-of-practice\/litigation-arbitration\/\"><\/a><a class=\"penci-ibox-icon-fa\" href=\"\/de\/areas-of-practice\/litigation-arbitration\/\"><img decoding=\"async\" class=\"penci-ibox-img_active\" src=\"https:\/\/hodajlaw.com\/wp-content\/uploads\/2024\/01\/LitigationArbitration-01.svg\" width=\"150\" height=\"150\"><img decoding=\"async\" class=\"penci-ibox-img_hover\" src=\"https:\/\/hodajlaw.com\/wp-content\/uploads\/2024\/01\/LitigationArbitration-01.svg\" width=\"150\" height=\"150\"><\/a><\/div>                <div class=\"penci-ibox-content-wrap\">\n\t\t\t\t\t\t\t\t\t\t<h3\n                            class=\"penci-ibox-title\">Prozessf\u00fchrung und Schiedsverfahren<\/h3>\t\t\t\t\t\t\t\t\t\t\t\t\t\t\t                <\/div>\n            <\/div>\n        <\/div>\n\t\t\t\t\t\t<\/div>\n\t\t\t\t<\/div>\n\t\t\t\t\t<\/div>\n\t\t\t\t<\/div>\n\t\t<div class=\"elementor-element elementor-element-44facd80 e-flex e-con-boxed e-con e-parent\" data-id=\"44facd80\" data-element_type=\"container\" data-e-type=\"container\">\n\t\t\t\t\t<div class=\"e-con-inner\">\n\t\t\t\t<div class=\"elementor-element elementor-element-79e2538c elementor-widget elementor-widget-text-editor\" data-id=\"79e2538c\" data-element_type=\"widget\" data-e-type=\"widget\" data-widget_type=\"text-editor.default\">\n\t\t\t\t<div class=\"elementor-widget-container\">\n\t\t\t\t\t\t\t\t\t<p>Wir helfen Ihnen, Ihre Anspr\u00fcche gerichtlich oder au\u00dfergerichtlich durchzusetzen, im Rahmen eines Rechtsstreits oder eines Handelsschiedsverfahrens, indem wir Sie fachkundig rechtlich beraten und Ihre Erfolgsaussichten einsch\u00e4tzen. Wir ber\u00fccksichtigen alle mit einem Fall verbundenen Risiken und m\u00f6glichen Kosten.<\/p><p>Unsere Mission ist es, unsere Kunden bei der Erreichung ihrer Ziele zu unterst\u00fctzen, indem wir bew\u00e4hrte Strategien und beste L\u00f6sungen nutzen, die auf unserer Erfahrung und unseren Best Practices basieren.<\/p><p>Unsere Anw\u00e4lte sind Mitglieder kosovarischer und internationaler Schiedsgremien und verf\u00fcgen \u00fcber umfangreiche Erfahrung auf dem Gebiet der Prozessf\u00fchrung und Handelsschiedsgerichtsbarkeit im Kosovo und international. Im Kosovo haben wir mehrere Mandanten vor dem Arbitration Center der American Chamber of Commerce in Kosovo und dem Arbitration Center der Kosovo Chamber of Commerce vertreten.<\/p><p>Hodaj &amp; Partners bietet in Zusammenarbeit mit ausl\u00e4ndischen Partnerkanzleien hochwertige Rechtsvertretung in komplexen internationalen Handelsschiedsverfahren sowie Investor-Staat-Schiedsverfahren. Wir haben Anwaltskanzleien bei der Vertretung einer Gruppe internationaler Kettenmarken in einem hochkar\u00e4tigen Investitionsschiedsverfahren gegen den Kosovo im Zusammenhang mit der Privatisierung eines Staatsunternehmens unterst\u00fctzt. Dar\u00fcber hinaus haben wir unsere \u00f6sterreichischen Kollegen in einem komplexen Fall ausl\u00e4ndischer Investitionen im Kosovo vor dem dem Vienna International Arbitral Centre (VIAC) unterst\u00fctzt.<\/p>\t\t\t\t\t\t\t\t<\/div>\n\t\t\t\t<\/div>\n\t\t\t\t\t<\/div>\n\t\t\t\t<\/div>\n\t\t\t\t<\/div>","protected":false},"excerpt":{"rendered":"<p>Litigation &#038; Arbitration We help you pursue and protect your claims, whether in or out of court, through litigation and commercial arbitration, by providing expert legal advice and clear assessments&hellip;<\/p>","protected":false},"author":1,"featured_media":0,"parent":4706,"menu_order":0,"comment_status":"closed","ping_status":"closed","template":"","meta":{"_lmt_disableupdate":"","_lmt_disable":"","footnotes":""},"class_list":["post-2609","page","type-page","status-publish","hentry"],"yoast_head":"<!-- This site is optimized with the Yoast SEO plugin v26.8 - https:\/\/yoast.com\/product\/yoast-seo-wordpress\/ -->\n<title>Litigation &amp; Arbitration - Hodaj &amp; Partners L.L.C.<\/title>\n<meta name=\"robots\" content=\"index, follow, max-snippet:-1, max-image-preview:large, max-video-preview:-1\" \/>\n<link rel=\"canonical\" href=\"https:\/\/hodajlaw.com\/de\/areas-of-practice\/litigation-arbitration\/\" \/>\n<meta property=\"og:locale\" content=\"de_DE\" \/>\n<meta property=\"og:type\" content=\"article\" \/>\n<meta property=\"og:title\" content=\"Litigation &amp; Arbitration - Hodaj &amp; Partners L.L.C.\" \/>\n<meta property=\"og:description\" content=\"Litigation &#038; Arbitration We help you pursue and protect your claims, whether in or out of court, through litigation and commercial arbitration, by providing expert legal advice and clear assessments&hellip;\" \/>\n<meta property=\"og:url\" content=\"https:\/\/hodajlaw.com\/de\/areas-of-practice\/litigation-arbitration\/\" \/>\n<meta property=\"og:site_name\" content=\"Hodaj &amp; Partners L.L.C.\" \/>\n<meta property=\"article:modified_time\" content=\"2025-09-16T18:44:58+00:00\" \/>\n<meta property=\"og:image\" content=\"https:\/\/hodajlaw.com\/wp-content\/uploads\/2024\/01\/LitigationArbitration-01.svg\" \/>\n<meta name=\"twitter:card\" content=\"summary_large_image\" \/>\n<meta name=\"twitter:label1\" content=\"Gesch\u00e4tzte Lesezeit\" \/>\n\t<meta name=\"twitter:data1\" content=\"2\u00a0Minuten\" \/>\n<script type=\"application\/ld+json\" class=\"yoast-schema-graph\">{\"@context\":\"https:\/\/schema.org\",\"@graph\":[{\"@type\":\"WebPage\",\"@id\":\"https:\/\/hodajlaw.com\/areas-of-practice\/litigation-arbitration\/\",\"url\":\"https:\/\/hodajlaw.com\/areas-of-practice\/litigation-arbitration\/\",\"name\":\"Litigation & Arbitration - Hodaj &amp; Partners L.L.C.\",\"isPartOf\":{\"@id\":\"https:\/\/hodajlaw.com\/#website\"},\"primaryImageOfPage\":{\"@id\":\"https:\/\/hodajlaw.com\/areas-of-practice\/litigation-arbitration\/#primaryimage\"},\"image\":{\"@id\":\"https:\/\/hodajlaw.com\/areas-of-practice\/litigation-arbitration\/#primaryimage\"},\"thumbnailUrl\":\"https:\/\/hodajlaw.com\/wp-content\/uploads\/2024\/01\/LitigationArbitration-01.svg\",\"datePublished\":\"2021-02-15T15:36:00+00:00\",\"dateModified\":\"2025-09-16T18:44:58+00:00\",\"breadcrumb\":{\"@id\":\"https:\/\/hodajlaw.com\/areas-of-practice\/litigation-arbitration\/#breadcrumb\"},\"inLanguage\":\"de\",\"potentialAction\":[{\"@type\":\"ReadAction\",\"target\":[\"https:\/\/hodajlaw.com\/areas-of-practice\/litigation-arbitration\/\"]}]},{\"@type\":\"ImageObject\",\"inLanguage\":\"de\",\"@id\":\"https:\/\/hodajlaw.com\/areas-of-practice\/litigation-arbitration\/#primaryimage\",\"url\":\"https:\/\/hodajlaw.com\/wp-content\/uploads\/2024\/01\/LitigationArbitration-01.svg\",\"contentUrl\":\"https:\/\/hodajlaw.com\/wp-content\/uploads\/2024\/01\/LitigationArbitration-01.svg\"},{\"@type\":\"BreadcrumbList\",\"@id\":\"https:\/\/hodajlaw.com\/areas-of-practice\/litigation-arbitration\/#breadcrumb\",\"itemListElement\":[{\"@type\":\"ListItem\",\"position\":1,\"name\":\"Home\",\"item\":\"https:\/\/hodajlaw.com\/\"},{\"@type\":\"ListItem\",\"position\":2,\"name\":\"Areas of Practice\",\"item\":\"https:\/\/hodajlaw.com\/areas-of-practice\/\"},{\"@type\":\"ListItem\",\"position\":3,\"name\":\"Litigation &#038; Arbitration\"}]},{\"@type\":\"WebSite\",\"@id\":\"https:\/\/hodajlaw.com\/#website\",\"url\":\"https:\/\/hodajlaw.com\/\",\"name\":\"Hodaj &amp; Partners L.L.C.\",\"description\":\"Hodaj &amp; Partners\",\"potentialAction\":[{\"@type\":\"SearchAction\",\"target\":{\"@type\":\"EntryPoint\",\"urlTemplate\":\"https:\/\/hodajlaw.com\/?s={search_term_string}\"},\"query-input\":{\"@type\":\"PropertyValueSpecification\",\"valueRequired\":true,\"valueName\":\"search_term_string\"}}],\"inLanguage\":\"de\"}]}<\/script>\n<!-- \/ Yoast SEO plugin. -->","yoast_head_json":{"title":"Litigation & Arbitration - Hodaj &amp; Partners L.L.C.","robots":{"index":"index","follow":"follow","max-snippet":"max-snippet:-1","max-image-preview":"max-image-preview:large","max-video-preview":"max-video-preview:-1"},"canonical":"https:\/\/hodajlaw.com\/de\/areas-of-practice\/litigation-arbitration\/","og_locale":"de_DE","og_type":"article","og_title":"Litigation & Arbitration - Hodaj &amp; Partners L.L.C.","og_description":"Litigation &#038; Arbitration We help you pursue and protect your claims, whether in or out of court, through litigation and commercial arbitration, by providing expert legal advice and clear assessments&hellip;","og_url":"https:\/\/hodajlaw.com\/de\/areas-of-practice\/litigation-arbitration\/","og_site_name":"Hodaj &amp; Partners L.L.C.","article_modified_time":"2025-09-16T18:44:58+00:00","og_image":[{"url":"https:\/\/hodajlaw.com\/wp-content\/uploads\/2024\/01\/LitigationArbitration-01.svg","type":"","width":"","height":""}],"twitter_card":"summary_large_image","twitter_misc":{"Gesch\u00e4tzte Lesezeit":"2\u00a0Minuten"},"schema":{"@context":"https:\/\/schema.org","@graph":[{"@type":"WebPage","@id":"https:\/\/hodajlaw.com\/areas-of-practice\/litigation-arbitration\/","url":"https:\/\/hodajlaw.com\/areas-of-practice\/litigation-arbitration\/","name":"Litigation & Arbitration - Hodaj &amp; Partners L.L.C.","isPartOf":{"@id":"https:\/\/hodajlaw.com\/#website"},"primaryImageOfPage":{"@id":"https:\/\/hodajlaw.com\/areas-of-practice\/litigation-arbitration\/#primaryimage"},"image":{"@id":"https:\/\/hodajlaw.com\/areas-of-practice\/litigation-arbitration\/#primaryimage"},"thumbnailUrl":"https:\/\/hodajlaw.com\/wp-content\/uploads\/2024\/01\/LitigationArbitration-01.svg","datePublished":"2021-02-15T15:36:00+00:00","dateModified":"2025-09-16T18:44:58+00:00","breadcrumb":{"@id":"https:\/\/hodajlaw.com\/areas-of-practice\/litigation-arbitration\/#breadcrumb"},"inLanguage":"de","potentialAction":[{"@type":"ReadAction","target":["https:\/\/hodajlaw.com\/areas-of-practice\/litigation-arbitration\/"]}]},{"@type":"ImageObject","inLanguage":"de","@id":"https:\/\/hodajlaw.com\/areas-of-practice\/litigation-arbitration\/#primaryimage","url":"https:\/\/hodajlaw.com\/wp-content\/uploads\/2024\/01\/LitigationArbitration-01.svg","contentUrl":"https:\/\/hodajlaw.com\/wp-content\/uploads\/2024\/01\/LitigationArbitration-01.svg"},{"@type":"BreadcrumbList","@id":"https:\/\/hodajlaw.com\/areas-of-practice\/litigation-arbitration\/#breadcrumb","itemListElement":[{"@type":"ListItem","position":1,"name":"Home","item":"https:\/\/hodajlaw.com\/"},{"@type":"ListItem","position":2,"name":"Areas of Practice","item":"https:\/\/hodajlaw.com\/areas-of-practice\/"},{"@type":"ListItem","position":3,"name":"Litigation &#038; Arbitration"}]},{"@type":"WebSite","@id":"https:\/\/hodajlaw.com\/#website","url":"https:\/\/hodajlaw.com\/","name":"Hodaj &amp; Partners L.L.C.","description":"Hodaj &amp; Partners","potentialAction":[{"@type":"SearchAction","target":{"@type":"EntryPoint","urlTemplate":"https:\/\/hodajlaw.com\/?s={search_term_string}"},"query-input":{"@type":"PropertyValueSpecification","valueRequired":true,"valueName":"search_term_string"}}],"inLanguage":"de"}]}},"_links":{"self":[{"href":"https:\/\/hodajlaw.com\/de\/wp-json\/wp\/v2\/pages\/2609","targetHints":{"allow":["GET"]}}],"collection":[{"href":"https:\/\/hodajlaw.com\/de\/wp-json\/wp\/v2\/pages"}],"about":[{"href":"https:\/\/hodajlaw.com\/de\/wp-json\/wp\/v2\/types\/page"}],"author":[{"embeddable":true,"href":"https:\/\/hodajlaw.com\/de\/wp-json\/wp\/v2\/users\/1"}],"replies":[{"embeddable":true,"href":"https:\/\/hodajlaw.com\/de\/wp-json\/wp\/v2\/comments?post=2609"}],"version-history":[{"count":13,"href":"https:\/\/hodajlaw.com\/de\/wp-json\/wp\/v2\/pages\/2609\/revisions"}],"predecessor-version":[{"id":6662,"href":"https:\/\/hodajlaw.com\/de\/wp-json\/wp\/v2\/pages\/2609\/revisions\/6662"}],"up":[{"embeddable":true,"href":"https:\/\/hodajlaw.com\/de\/wp-json\/wp\/v2\/pages\/4706"}],"wp:attachment":[{"href":"https:\/\/hodajlaw.com\/de\/wp-json\/wp\/v2\/media?parent=2609"}],"curies":[{"name":"wp","href":"https:\/\/api.w.org\/{rel}","templated":true}]}}