{"id":2614,"date":"2021-02-15T15:49:40","date_gmt":"2021-02-15T15:49:40","guid":{"rendered":"https:\/\/hodajlaw.com\/?page_id=2614"},"modified":"2025-09-16T18:54:43","modified_gmt":"2025-09-16T18:54:43","slug":"lobbying-and-public-affairs","status":"publish","type":"page","link":"https:\/\/hodajlaw.com\/de\/areas-of-practice\/lobbying-and-public-affairs\/","title":{"rendered":"Lobbying und \u00f6ffentliche Angelegenheiten"},"content":{"rendered":"<div data-elementor-type=\"wp-page\" data-elementor-id=\"2614\" class=\"elementor elementor-2614\">\n\t\t\t\t<div class=\"elementor-element elementor-element-bc363b0 e-flex e-con-boxed e-con e-parent\" data-id=\"bc363b0\" data-element_type=\"container\" data-e-type=\"container\">\n\t\t\t\t\t<div class=\"e-con-inner\">\n\t\t\t\t<div class=\"elementor-element elementor-element-4b0a3d5 elementor-widget elementor-widget-penci-info-box\" data-id=\"4b0a3d5\" data-element_type=\"widget\" data-e-type=\"widget\" data-widget_type=\"penci-info-box.default\">\n\t\t\t\t<div class=\"elementor-widget-container\">\n\t\t\t\t\t        <div id=\"penci_info_box_14031\" class=\"penci-block-vc penci-info-box penci-ibox-top-center penci-view-default penci-shape-circle\">\n            <div class=\"penci-ibox-inner\">\n\t\t\t\t\t\t\t\t<div class=\"penci-ibox-icon penci-ibox-icon--image has-hover\"><a class=\"penci-ibox-icon-fa-fix\" href=\"\/de\/areas-of-practice\/lobbying-and-public-affairs\/\"><\/a><a class=\"penci-ibox-icon-fa\" href=\"\/de\/areas-of-practice\/lobbying-and-public-affairs\/\"><img decoding=\"async\" class=\"penci-ibox-img_active\" src=\"https:\/\/hodajlaw.com\/wp-content\/uploads\/2024\/01\/LobbyPublicAffairs-01.svg\" width=\"150\" height=\"150\"><img decoding=\"async\" class=\"penci-ibox-img_hover\" src=\"https:\/\/hodajlaw.com\/wp-content\/uploads\/2024\/01\/LobbyPublicAffairs-01.svg\" width=\"150\" height=\"150\"><\/a><\/div>                <div class=\"penci-ibox-content-wrap\">\n\t\t\t\t\t\t\t\t\t\t<h3\n                            class=\"penci-ibox-title\">Lobbying und \u00f6ffentliche Angelegenheiten<\/h3>\t\t\t\t\t\t\t\t\t\t\t\t\t\t\t                <\/div>\n            <\/div>\n        <\/div>\n\t\t\t\t\t\t<\/div>\n\t\t\t\t<\/div>\n\t\t\t\t\t<\/div>\n\t\t\t\t<\/div>\n\t\t<div class=\"elementor-element elementor-element-6d19aa84 e-flex e-con-boxed e-con e-parent\" data-id=\"6d19aa84\" data-element_type=\"container\" data-e-type=\"container\">\n\t\t\t\t\t<div class=\"e-con-inner\">\n\t\t\t\t<div class=\"elementor-element elementor-element-6e7c6d20 elementor-widget elementor-widget-text-editor\" data-id=\"6e7c6d20\" data-element_type=\"widget\" data-e-type=\"widget\" data-widget_type=\"text-editor.default\">\n\t\t\t\t<div class=\"elementor-widget-container\">\n\t\t\t\t\t\t\t\t\t<p>Wir sind uns dar\u00fcber im Klaren, dass gesetzgeberische und politische Entscheidungen in einem breiten Spektrum von Sektoren die Vitalit\u00e4t Ihres Unternehmens st\u00e4rker beeinflussen k\u00f6nnen als Gerichtsurteile und ebenso schwerwiegend wie Gesch\u00e4ftsentscheidungen im Zusammenhang mit Ihren Kernaktivit\u00e4ten.<\/p><p>Das Verst\u00e4ndnis des politischen, politischen und regulatorischen Kontexts, der sich auf Ihr Unternehmen auswirkt, ist entscheidend f\u00fcr Ihren Gesamterfolg. Unternehmen, Handelsverb\u00e4nde, Organisationen und Einzelpersonen sind manchmal unsicher, welche Auswirkungen der politische Entscheidungsprozess auf sie hat und wie sie am besten mit politischen Entscheidungstr\u00e4gern und breiteren Interessengruppen zusammenarbeiten k\u00f6nnen.<\/p><p>Hodaj &amp; Partners kann Ihnen dabei helfen, Ihre Ziele je nach Situation und Kontext zu identifizieren, unabh\u00e4ngig davon, ob Sie:<\/p><ol><li>Versuchen, die Kosten zu senken, die ein unvermeidliches Gesetz mit sich bringen wird;<\/li><li>Suchen nach M\u00f6glichkeiten, eine Regierungsentscheidung auszunutzen oder deren Auswirkungen zu minimieren;<\/li><li>M\u00f6chten eingreifen, um eine ung\u00fcnstige Ma\u00dfnahme anzufechten; oder<\/li><li>Planen, sich an der Vorbereitung staatlicher, sektoraler oder allgemeiner Ma\u00dfnahmen zu beteiligen.<\/li><\/ol><p>Wir unterst\u00fctzen Sie dabei, sich im politischen und regulatorischen Umfeld, das Ihr Unternehmen beeinflusst, zurechtzufinden, sich darauf einzulassen und Einfluss zu nehmen, und stellen sicher, dass Ihre Botschaft die richtigen Personen erreicht, um echte Ver\u00e4nderungen zu bewirken.<\/p><p>Wir helfen unseren Mandanten, die potenziellen Vorteile des politischen Umfelds zu maximieren und die damit verbundenen Risiken zu minimieren.<\/p>\t\t\t\t\t\t\t\t<\/div>\n\t\t\t\t<\/div>\n\t\t\t\t\t<\/div>\n\t\t\t\t<\/div>\n\t\t\t\t<\/div>","protected":false},"excerpt":{"rendered":"<p>Lobbying and Public Affairs We understand that legislation and policy decisions across a broad range of sectors can impact your organisation\u2019s vitality more profoundly than court judgments and as severely&hellip;<\/p>","protected":false},"author":2,"featured_media":0,"parent":4706,"menu_order":0,"comment_status":"closed","ping_status":"open","template":"","meta":{"_lmt_disableupdate":"","_lmt_disable":"","footnotes":""},"class_list":["post-2614","page","type-page","status-publish","hentry"],"yoast_head":"<!-- This site is optimized with the Yoast SEO plugin v27.4 - https:\/\/yoast.com\/product\/yoast-seo-wordpress\/ -->\n<title>Lobbying and Public Affairs - Hodaj &amp; Partners L.L.C.<\/title>\n<meta name=\"robots\" content=\"index, follow, max-snippet:-1, max-image-preview:large, max-video-preview:-1\" \/>\n<link rel=\"canonical\" href=\"https:\/\/hodajlaw.com\/de\/areas-of-practice\/lobbying-and-public-affairs\/\" \/>\n<meta property=\"og:locale\" content=\"de_DE\" \/>\n<meta property=\"og:type\" content=\"article\" \/>\n<meta property=\"og:title\" content=\"Lobbying and Public Affairs - Hodaj &amp; Partners L.L.C.\" \/>\n<meta property=\"og:description\" content=\"Lobbying and Public Affairs We understand that legislation and policy decisions across a broad range of sectors can impact your organisation\u2019s vitality more profoundly than court judgments and as severely&hellip;\" \/>\n<meta property=\"og:url\" content=\"https:\/\/hodajlaw.com\/de\/areas-of-practice\/lobbying-and-public-affairs\/\" \/>\n<meta property=\"og:site_name\" content=\"Hodaj &amp; Partners L.L.C.\" \/>\n<meta property=\"article:modified_time\" content=\"2025-09-16T18:54:43+00:00\" \/>\n<meta property=\"og:image\" content=\"https:\/\/hodajlaw.com\/wp-content\/uploads\/2024\/01\/LobbyPublicAffairs-01.svg\" \/>\n<meta name=\"twitter:card\" content=\"summary_large_image\" \/>\n<meta name=\"twitter:label1\" content=\"Gesch\u00e4tzte Lesezeit\" \/>\n\t<meta name=\"twitter:data1\" content=\"2\u00a0Minuten\" \/>\n<script type=\"application\/ld+json\" class=\"yoast-schema-graph\">{\"@context\":\"https:\\\/\\\/schema.org\",\"@graph\":[{\"@type\":\"WebPage\",\"@id\":\"https:\\\/\\\/hodajlaw.com\\\/areas-of-practice\\\/lobbying-and-public-affairs\\\/\",\"url\":\"https:\\\/\\\/hodajlaw.com\\\/areas-of-practice\\\/lobbying-and-public-affairs\\\/\",\"name\":\"Lobbying and Public Affairs - Hodaj &amp; Partners L.L.C.\",\"isPartOf\":{\"@id\":\"https:\\\/\\\/hodajlaw.com\\\/#website\"},\"primaryImageOfPage\":{\"@id\":\"https:\\\/\\\/hodajlaw.com\\\/areas-of-practice\\\/lobbying-and-public-affairs\\\/#primaryimage\"},\"image\":{\"@id\":\"https:\\\/\\\/hodajlaw.com\\\/areas-of-practice\\\/lobbying-and-public-affairs\\\/#primaryimage\"},\"thumbnailUrl\":\"https:\\\/\\\/hodajlaw.com\\\/wp-content\\\/uploads\\\/2024\\\/01\\\/LobbyPublicAffairs-01.svg\",\"datePublished\":\"2021-02-15T15:49:40+00:00\",\"dateModified\":\"2025-09-16T18:54:43+00:00\",\"breadcrumb\":{\"@id\":\"https:\\\/\\\/hodajlaw.com\\\/areas-of-practice\\\/lobbying-and-public-affairs\\\/#breadcrumb\"},\"inLanguage\":\"de\",\"potentialAction\":[{\"@type\":\"ReadAction\",\"target\":[\"https:\\\/\\\/hodajlaw.com\\\/areas-of-practice\\\/lobbying-and-public-affairs\\\/\"]}]},{\"@type\":\"ImageObject\",\"inLanguage\":\"de\",\"@id\":\"https:\\\/\\\/hodajlaw.com\\\/areas-of-practice\\\/lobbying-and-public-affairs\\\/#primaryimage\",\"url\":\"https:\\\/\\\/hodajlaw.com\\\/wp-content\\\/uploads\\\/2024\\\/01\\\/LobbyPublicAffairs-01.svg\",\"contentUrl\":\"https:\\\/\\\/hodajlaw.com\\\/wp-content\\\/uploads\\\/2024\\\/01\\\/LobbyPublicAffairs-01.svg\"},{\"@type\":\"BreadcrumbList\",\"@id\":\"https:\\\/\\\/hodajlaw.com\\\/areas-of-practice\\\/lobbying-and-public-affairs\\\/#breadcrumb\",\"itemListElement\":[{\"@type\":\"ListItem\",\"position\":1,\"name\":\"Home\",\"item\":\"https:\\\/\\\/hodajlaw.com\\\/\"},{\"@type\":\"ListItem\",\"position\":2,\"name\":\"Areas of Practice\",\"item\":\"https:\\\/\\\/hodajlaw.com\\\/areas-of-practice\\\/\"},{\"@type\":\"ListItem\",\"position\":3,\"name\":\"Lobbying and Public Affairs\"}]},{\"@type\":\"WebSite\",\"@id\":\"https:\\\/\\\/hodajlaw.com\\\/#website\",\"url\":\"https:\\\/\\\/hodajlaw.com\\\/\",\"name\":\"Hodaj &amp; Partners L.L.C.\",\"description\":\"Hodaj &amp; Partners\",\"potentialAction\":[{\"@type\":\"SearchAction\",\"target\":{\"@type\":\"EntryPoint\",\"urlTemplate\":\"https:\\\/\\\/hodajlaw.com\\\/?s={search_term_string}\"},\"query-input\":{\"@type\":\"PropertyValueSpecification\",\"valueRequired\":true,\"valueName\":\"search_term_string\"}}],\"inLanguage\":\"de\"}]}<\/script>\n<!-- \/ Yoast SEO plugin. -->","yoast_head_json":{"title":"Lobbying and Public Affairs - Hodaj &amp; Partners L.L.C.","robots":{"index":"index","follow":"follow","max-snippet":"max-snippet:-1","max-image-preview":"max-image-preview:large","max-video-preview":"max-video-preview:-1"},"canonical":"https:\/\/hodajlaw.com\/de\/areas-of-practice\/lobbying-and-public-affairs\/","og_locale":"de_DE","og_type":"article","og_title":"Lobbying and Public Affairs - Hodaj &amp; Partners L.L.C.","og_description":"Lobbying and Public Affairs We understand that legislation and policy decisions across a broad range of sectors can impact your organisation\u2019s vitality more profoundly than court judgments and as severely&hellip;","og_url":"https:\/\/hodajlaw.com\/de\/areas-of-practice\/lobbying-and-public-affairs\/","og_site_name":"Hodaj &amp; Partners L.L.C.","article_modified_time":"2025-09-16T18:54:43+00:00","og_image":[{"url":"https:\/\/hodajlaw.com\/wp-content\/uploads\/2024\/01\/LobbyPublicAffairs-01.svg","type":"","width":"","height":""}],"twitter_card":"summary_large_image","twitter_misc":{"Gesch\u00e4tzte Lesezeit":"2\u00a0Minuten"},"schema":{"@context":"https:\/\/schema.org","@graph":[{"@type":"WebPage","@id":"https:\/\/hodajlaw.com\/areas-of-practice\/lobbying-and-public-affairs\/","url":"https:\/\/hodajlaw.com\/areas-of-practice\/lobbying-and-public-affairs\/","name":"Lobbying and Public Affairs - Hodaj &amp; Partners L.L.C.","isPartOf":{"@id":"https:\/\/hodajlaw.com\/#website"},"primaryImageOfPage":{"@id":"https:\/\/hodajlaw.com\/areas-of-practice\/lobbying-and-public-affairs\/#primaryimage"},"image":{"@id":"https:\/\/hodajlaw.com\/areas-of-practice\/lobbying-and-public-affairs\/#primaryimage"},"thumbnailUrl":"https:\/\/hodajlaw.com\/wp-content\/uploads\/2024\/01\/LobbyPublicAffairs-01.svg","datePublished":"2021-02-15T15:49:40+00:00","dateModified":"2025-09-16T18:54:43+00:00","breadcrumb":{"@id":"https:\/\/hodajlaw.com\/areas-of-practice\/lobbying-and-public-affairs\/#breadcrumb"},"inLanguage":"de","potentialAction":[{"@type":"ReadAction","target":["https:\/\/hodajlaw.com\/areas-of-practice\/lobbying-and-public-affairs\/"]}]},{"@type":"ImageObject","inLanguage":"de","@id":"https:\/\/hodajlaw.com\/areas-of-practice\/lobbying-and-public-affairs\/#primaryimage","url":"https:\/\/hodajlaw.com\/wp-content\/uploads\/2024\/01\/LobbyPublicAffairs-01.svg","contentUrl":"https:\/\/hodajlaw.com\/wp-content\/uploads\/2024\/01\/LobbyPublicAffairs-01.svg"},{"@type":"BreadcrumbList","@id":"https:\/\/hodajlaw.com\/areas-of-practice\/lobbying-and-public-affairs\/#breadcrumb","itemListElement":[{"@type":"ListItem","position":1,"name":"Home","item":"https:\/\/hodajlaw.com\/"},{"@type":"ListItem","position":2,"name":"Areas of Practice","item":"https:\/\/hodajlaw.com\/areas-of-practice\/"},{"@type":"ListItem","position":3,"name":"Lobbying and Public Affairs"}]},{"@type":"WebSite","@id":"https:\/\/hodajlaw.com\/#website","url":"https:\/\/hodajlaw.com\/","name":"Hodaj &amp; Partners L.L.C.","description":"Hodaj &amp; Partners","potentialAction":[{"@type":"SearchAction","target":{"@type":"EntryPoint","urlTemplate":"https:\/\/hodajlaw.com\/?s={search_term_string}"},"query-input":{"@type":"PropertyValueSpecification","valueRequired":true,"valueName":"search_term_string"}}],"inLanguage":"de"}]}},"_links":{"self":[{"href":"https:\/\/hodajlaw.com\/de\/wp-json\/wp\/v2\/pages\/2614","targetHints":{"allow":["GET"]}}],"collection":[{"href":"https:\/\/hodajlaw.com\/de\/wp-json\/wp\/v2\/pages"}],"about":[{"href":"https:\/\/hodajlaw.com\/de\/wp-json\/wp\/v2\/types\/page"}],"author":[{"embeddable":true,"href":"https:\/\/hodajlaw.com\/de\/wp-json\/wp\/v2\/users\/2"}],"replies":[{"embeddable":true,"href":"https:\/\/hodajlaw.com\/de\/wp-json\/wp\/v2\/comments?post=2614"}],"version-history":[{"count":16,"href":"https:\/\/hodajlaw.com\/de\/wp-json\/wp\/v2\/pages\/2614\/revisions"}],"predecessor-version":[{"id":6689,"href":"https:\/\/hodajlaw.com\/de\/wp-json\/wp\/v2\/pages\/2614\/revisions\/6689"}],"up":[{"embeddable":true,"href":"https:\/\/hodajlaw.com\/de\/wp-json\/wp\/v2\/pages\/4706"}],"wp:attachment":[{"href":"https:\/\/hodajlaw.com\/de\/wp-json\/wp\/v2\/media?parent=2614"}],"curies":[{"name":"wp","href":"https:\/\/api.w.org\/{rel}","templated":true}]}}