{"id":2622,"date":"2021-02-15T15:59:36","date_gmt":"2021-02-15T15:59:36","guid":{"rendered":"https:\/\/hodajlaw.com\/?page_id=2622"},"modified":"2025-09-16T18:55:59","modified_gmt":"2025-09-16T18:55:59","slug":"privatisation-in-kosovo","status":"publish","type":"page","link":"https:\/\/hodajlaw.com\/de\/areas-of-practice\/privatisation-in-kosovo\/","title":{"rendered":"Privatisierung im Kosovo"},"content":{"rendered":"<div data-elementor-type=\"wp-page\" data-elementor-id=\"2622\" class=\"elementor elementor-2622\">\n\t\t\t\t<div class=\"elementor-element elementor-element-924c10d e-flex e-con-boxed e-con e-parent\" data-id=\"924c10d\" data-element_type=\"container\" data-e-type=\"container\">\n\t\t\t\t\t<div class=\"e-con-inner\">\n\t\t\t\t<div class=\"elementor-element elementor-element-7188640 elementor-widget elementor-widget-penci-info-box\" data-id=\"7188640\" data-element_type=\"widget\" data-e-type=\"widget\" data-widget_type=\"penci-info-box.default\">\n\t\t\t\t<div class=\"elementor-widget-container\">\n\t\t\t\t\t        <div id=\"penci_info_box_78662\" class=\"penci-block-vc penci-info-box penci-ibox-top-center penci-view-default penci-shape-circle\">\n            <div class=\"penci-ibox-inner\">\n\t\t\t\t\t\t\t\t<div class=\"penci-ibox-icon penci-ibox-icon--image has-hover\"><a class=\"penci-ibox-icon-fa-fix\" href=\"\/de\/areas-of-practice\/privatisation-in-kosovo\/\"><\/a><a class=\"penci-ibox-icon-fa\" href=\"\/de\/areas-of-practice\/privatisation-in-kosovo\/\"><img decoding=\"async\" class=\"penci-ibox-img_active\" src=\"https:\/\/hodajlaw.com\/wp-content\/uploads\/2024\/01\/PrivatisationInKosovo-01.svg\" width=\"150\" height=\"150\"><img decoding=\"async\" class=\"penci-ibox-img_hover\" src=\"https:\/\/hodajlaw.com\/wp-content\/uploads\/2024\/01\/PrivatisationInKosovo-01.svg\" width=\"150\" height=\"150\"><\/a><\/div>                <div class=\"penci-ibox-content-wrap\">\n\t\t\t\t\t\t\t\t\t\t<h3\n                            class=\"penci-ibox-title\">Privatisierung im Kosovo<\/h3>\t\t\t\t\t\t\t\t\t\t\t\t\t\t\t                <\/div>\n            <\/div>\n        <\/div>\n\t\t\t\t\t\t<\/div>\n\t\t\t\t<\/div>\n\t\t\t\t\t<\/div>\n\t\t\t\t<\/div>\n\t\t<div class=\"elementor-element elementor-element-719e3799 e-flex e-con-boxed e-con e-parent\" data-id=\"719e3799\" data-element_type=\"container\" data-e-type=\"container\">\n\t\t\t\t\t<div class=\"e-con-inner\">\n\t\t\t\t<div class=\"elementor-element elementor-element-2f063dce elementor-widget elementor-widget-text-editor\" data-id=\"2f063dce\" data-element_type=\"widget\" data-e-type=\"widget\" data-widget_type=\"text-editor.default\">\n\t\t\t\t<div class=\"elementor-widget-container\">\n\t\t\t\t\t\t\t\t\t<p>Privatisierung ist der Prozess der \u00dcbertragung des Eigentums an einem Unternehmen, Unternehmen, einer Beh\u00f6rde oder einem \u00f6ffentlichen Dienst vom \u00f6ffentlichen Sektor (dem Staat oder der Regierung) auf den privaten Sektor (Unternehmen, die privaten Gewinn erzielen).<\/p><p>Der grundlegende Wandel in der Wirtschaft des Kosovo wurde w\u00e4hrend des massiven Privatisierungsprozesses seit 2003 beobachtet. Die Investitionsm\u00f6glichkeiten im Kosovo waren im Rahmen der laufenden Privatisierungsagenda des Landes m\u00f6glich. Die Einbeziehung und Beteiligung internationaler Investoren wird im Zuge des aktuellen Privatisierungsprogramms gesetzlich ausdr\u00fccklich gef\u00f6rdert.<\/p><p>Wir bieten hochkar\u00e4tige Rechtsdienstleistungen (Beratung) f\u00fcr Investoren an, die bereit sind oder im Rahmen verschiedener Privatisierungsprogramme, die entweder von der Regierung des Kosovo oder der Privatisierungsagentur des Kosovo organisiert werden, im Kosovo investieren m\u00f6chten. Dar\u00fcber hinaus sind unsere Mitarbeiter auf die Vertretung von Mandanten im Liquidationsprozess von Gesellschaftsunternehmen vor der Privatisierungsagentur des Kosovo, Gerichten und Schiedsgerichtsforen spezialisiert.<\/p>\t\t\t\t\t\t\t\t<\/div>\n\t\t\t\t<\/div>\n\t\t\t\t\t<\/div>\n\t\t\t\t<\/div>\n\t\t\t\t<\/div>","protected":false},"excerpt":{"rendered":"<p>Privatisation in Kosovo Privatisation is the process of transferring ownership of a business, enterprise, agency or public service from the public sector (the state or government) to the private sector.&hellip;<\/p>","protected":false},"author":1,"featured_media":0,"parent":4706,"menu_order":0,"comment_status":"closed","ping_status":"closed","template":"","meta":{"_lmt_disableupdate":"","_lmt_disable":"","footnotes":""},"class_list":["post-2622","page","type-page","status-publish","hentry"],"yoast_head":"<!-- This site is optimized with the Yoast SEO plugin v26.8 - https:\/\/yoast.com\/product\/yoast-seo-wordpress\/ -->\n<title>Privatisation in Kosovo - Hodaj &amp; Partners L.L.C.<\/title>\n<meta name=\"robots\" content=\"index, follow, max-snippet:-1, max-image-preview:large, max-video-preview:-1\" \/>\n<link rel=\"canonical\" href=\"https:\/\/hodajlaw.com\/de\/areas-of-practice\/privatisation-in-kosovo\/\" \/>\n<meta property=\"og:locale\" content=\"de_DE\" \/>\n<meta property=\"og:type\" content=\"article\" \/>\n<meta property=\"og:title\" content=\"Privatisation in Kosovo - Hodaj &amp; Partners L.L.C.\" \/>\n<meta property=\"og:description\" content=\"Privatisation in Kosovo Privatisation is the process of transferring ownership of a business, enterprise, agency or public service from the public sector (the state or government) to the private sector.&hellip;\" \/>\n<meta property=\"og:url\" content=\"https:\/\/hodajlaw.com\/de\/areas-of-practice\/privatisation-in-kosovo\/\" \/>\n<meta property=\"og:site_name\" content=\"Hodaj &amp; Partners L.L.C.\" \/>\n<meta property=\"article:modified_time\" content=\"2025-09-16T18:55:59+00:00\" \/>\n<meta property=\"og:image\" content=\"https:\/\/hodajlaw.com\/wp-content\/uploads\/2024\/01\/PrivatisationInKosovo-01.svg\" \/>\n<meta name=\"twitter:card\" content=\"summary_large_image\" \/>\n<meta name=\"twitter:label1\" content=\"Gesch\u00e4tzte Lesezeit\" \/>\n\t<meta name=\"twitter:data1\" content=\"2\u00a0Minuten\" \/>\n<script type=\"application\/ld+json\" class=\"yoast-schema-graph\">{\"@context\":\"https:\/\/schema.org\",\"@graph\":[{\"@type\":\"WebPage\",\"@id\":\"https:\/\/hodajlaw.com\/areas-of-practice\/privatisation-in-kosovo\/\",\"url\":\"https:\/\/hodajlaw.com\/areas-of-practice\/privatisation-in-kosovo\/\",\"name\":\"Privatisation in Kosovo - Hodaj &amp; Partners L.L.C.\",\"isPartOf\":{\"@id\":\"https:\/\/hodajlaw.com\/#website\"},\"primaryImageOfPage\":{\"@id\":\"https:\/\/hodajlaw.com\/areas-of-practice\/privatisation-in-kosovo\/#primaryimage\"},\"image\":{\"@id\":\"https:\/\/hodajlaw.com\/areas-of-practice\/privatisation-in-kosovo\/#primaryimage\"},\"thumbnailUrl\":\"https:\/\/hodajlaw.com\/wp-content\/uploads\/2024\/01\/PrivatisationInKosovo-01.svg\",\"datePublished\":\"2021-02-15T15:59:36+00:00\",\"dateModified\":\"2025-09-16T18:55:59+00:00\",\"breadcrumb\":{\"@id\":\"https:\/\/hodajlaw.com\/areas-of-practice\/privatisation-in-kosovo\/#breadcrumb\"},\"inLanguage\":\"de\",\"potentialAction\":[{\"@type\":\"ReadAction\",\"target\":[\"https:\/\/hodajlaw.com\/areas-of-practice\/privatisation-in-kosovo\/\"]}]},{\"@type\":\"ImageObject\",\"inLanguage\":\"de\",\"@id\":\"https:\/\/hodajlaw.com\/areas-of-practice\/privatisation-in-kosovo\/#primaryimage\",\"url\":\"https:\/\/hodajlaw.com\/wp-content\/uploads\/2024\/01\/PrivatisationInKosovo-01.svg\",\"contentUrl\":\"https:\/\/hodajlaw.com\/wp-content\/uploads\/2024\/01\/PrivatisationInKosovo-01.svg\"},{\"@type\":\"BreadcrumbList\",\"@id\":\"https:\/\/hodajlaw.com\/areas-of-practice\/privatisation-in-kosovo\/#breadcrumb\",\"itemListElement\":[{\"@type\":\"ListItem\",\"position\":1,\"name\":\"Home\",\"item\":\"https:\/\/hodajlaw.com\/\"},{\"@type\":\"ListItem\",\"position\":2,\"name\":\"Areas of Practice\",\"item\":\"https:\/\/hodajlaw.com\/areas-of-practice\/\"},{\"@type\":\"ListItem\",\"position\":3,\"name\":\"Privatisation in Kosovo\"}]},{\"@type\":\"WebSite\",\"@id\":\"https:\/\/hodajlaw.com\/#website\",\"url\":\"https:\/\/hodajlaw.com\/\",\"name\":\"Hodaj &amp; Partners L.L.C.\",\"description\":\"Hodaj &amp; Partners\",\"potentialAction\":[{\"@type\":\"SearchAction\",\"target\":{\"@type\":\"EntryPoint\",\"urlTemplate\":\"https:\/\/hodajlaw.com\/?s={search_term_string}\"},\"query-input\":{\"@type\":\"PropertyValueSpecification\",\"valueRequired\":true,\"valueName\":\"search_term_string\"}}],\"inLanguage\":\"de\"}]}<\/script>\n<!-- \/ Yoast SEO plugin. -->","yoast_head_json":{"title":"Privatisation in Kosovo - Hodaj &amp; Partners L.L.C.","robots":{"index":"index","follow":"follow","max-snippet":"max-snippet:-1","max-image-preview":"max-image-preview:large","max-video-preview":"max-video-preview:-1"},"canonical":"https:\/\/hodajlaw.com\/de\/areas-of-practice\/privatisation-in-kosovo\/","og_locale":"de_DE","og_type":"article","og_title":"Privatisation in Kosovo - Hodaj &amp; Partners L.L.C.","og_description":"Privatisation in Kosovo Privatisation is the process of transferring ownership of a business, enterprise, agency or public service from the public sector (the state or government) to the private sector.&hellip;","og_url":"https:\/\/hodajlaw.com\/de\/areas-of-practice\/privatisation-in-kosovo\/","og_site_name":"Hodaj &amp; Partners L.L.C.","article_modified_time":"2025-09-16T18:55:59+00:00","og_image":[{"url":"https:\/\/hodajlaw.com\/wp-content\/uploads\/2024\/01\/PrivatisationInKosovo-01.svg","type":"","width":"","height":""}],"twitter_card":"summary_large_image","twitter_misc":{"Gesch\u00e4tzte Lesezeit":"2\u00a0Minuten"},"schema":{"@context":"https:\/\/schema.org","@graph":[{"@type":"WebPage","@id":"https:\/\/hodajlaw.com\/areas-of-practice\/privatisation-in-kosovo\/","url":"https:\/\/hodajlaw.com\/areas-of-practice\/privatisation-in-kosovo\/","name":"Privatisation in Kosovo - Hodaj &amp; Partners L.L.C.","isPartOf":{"@id":"https:\/\/hodajlaw.com\/#website"},"primaryImageOfPage":{"@id":"https:\/\/hodajlaw.com\/areas-of-practice\/privatisation-in-kosovo\/#primaryimage"},"image":{"@id":"https:\/\/hodajlaw.com\/areas-of-practice\/privatisation-in-kosovo\/#primaryimage"},"thumbnailUrl":"https:\/\/hodajlaw.com\/wp-content\/uploads\/2024\/01\/PrivatisationInKosovo-01.svg","datePublished":"2021-02-15T15:59:36+00:00","dateModified":"2025-09-16T18:55:59+00:00","breadcrumb":{"@id":"https:\/\/hodajlaw.com\/areas-of-practice\/privatisation-in-kosovo\/#breadcrumb"},"inLanguage":"de","potentialAction":[{"@type":"ReadAction","target":["https:\/\/hodajlaw.com\/areas-of-practice\/privatisation-in-kosovo\/"]}]},{"@type":"ImageObject","inLanguage":"de","@id":"https:\/\/hodajlaw.com\/areas-of-practice\/privatisation-in-kosovo\/#primaryimage","url":"https:\/\/hodajlaw.com\/wp-content\/uploads\/2024\/01\/PrivatisationInKosovo-01.svg","contentUrl":"https:\/\/hodajlaw.com\/wp-content\/uploads\/2024\/01\/PrivatisationInKosovo-01.svg"},{"@type":"BreadcrumbList","@id":"https:\/\/hodajlaw.com\/areas-of-practice\/privatisation-in-kosovo\/#breadcrumb","itemListElement":[{"@type":"ListItem","position":1,"name":"Home","item":"https:\/\/hodajlaw.com\/"},{"@type":"ListItem","position":2,"name":"Areas of Practice","item":"https:\/\/hodajlaw.com\/areas-of-practice\/"},{"@type":"ListItem","position":3,"name":"Privatisation in Kosovo"}]},{"@type":"WebSite","@id":"https:\/\/hodajlaw.com\/#website","url":"https:\/\/hodajlaw.com\/","name":"Hodaj &amp; Partners L.L.C.","description":"Hodaj &amp; Partners","potentialAction":[{"@type":"SearchAction","target":{"@type":"EntryPoint","urlTemplate":"https:\/\/hodajlaw.com\/?s={search_term_string}"},"query-input":{"@type":"PropertyValueSpecification","valueRequired":true,"valueName":"search_term_string"}}],"inLanguage":"de"}]}},"_links":{"self":[{"href":"https:\/\/hodajlaw.com\/de\/wp-json\/wp\/v2\/pages\/2622","targetHints":{"allow":["GET"]}}],"collection":[{"href":"https:\/\/hodajlaw.com\/de\/wp-json\/wp\/v2\/pages"}],"about":[{"href":"https:\/\/hodajlaw.com\/de\/wp-json\/wp\/v2\/types\/page"}],"author":[{"embeddable":true,"href":"https:\/\/hodajlaw.com\/de\/wp-json\/wp\/v2\/users\/1"}],"replies":[{"embeddable":true,"href":"https:\/\/hodajlaw.com\/de\/wp-json\/wp\/v2\/comments?post=2622"}],"version-history":[{"count":13,"href":"https:\/\/hodajlaw.com\/de\/wp-json\/wp\/v2\/pages\/2622\/revisions"}],"predecessor-version":[{"id":6698,"href":"https:\/\/hodajlaw.com\/de\/wp-json\/wp\/v2\/pages\/2622\/revisions\/6698"}],"up":[{"embeddable":true,"href":"https:\/\/hodajlaw.com\/de\/wp-json\/wp\/v2\/pages\/4706"}],"wp:attachment":[{"href":"https:\/\/hodajlaw.com\/de\/wp-json\/wp\/v2\/media?parent=2622"}],"curies":[{"name":"wp","href":"https:\/\/api.w.org\/{rel}","templated":true}]}}