{"id":3743,"date":"2021-05-31T17:51:51","date_gmt":"2021-05-31T17:51:51","guid":{"rendered":"https:\/\/hodajlaw.com\/news-publications\/"},"modified":"2024-01-26T22:02:44","modified_gmt":"2024-01-26T22:02:44","slug":"news-publications-old-2","status":"publish","type":"page","link":"https:\/\/hodajlaw.com\/de\/news-publications-old-2\/","title":{"rendered":"NACHRICHTEN\/PUBLIKATIONEN"},"content":{"rendered":"<p>[page_header style=&#8221;normal&#8221; text_color=&#8221;dark&#8221; title_case=&#8221;uppercase&#8221; nav_size=&#8221;small&#8221; bg_size=&#8221;medium&#8221; visibility=&#8221;hide-for-small&#8221;]<\/p>\n<p>[page_header style=&#8221;simple&#8221; type=&#8221;onpage&#8221; text_color=&#8221;dark&#8221; align=&#8221;center&#8221; title_case=&#8221;uppercase&#8221; sub_title=&#8221;External Advisor&#8221; nav_size=&#8221;small&#8221; bg_size=&#8221;medium&#8221; visibility=&#8221;show-for-small&#8221;]<\/p>\n<p>[section]<\/p>\n<p>[row]<\/p>\n<p>[col span=&#8221;6&#8243; span__sm=&#8221;12&#8243;]<\/p>\n<p style=\"text-align: justify;\"><strong>Der Managing Partner von Hodaj &amp; Partners, Taulant Hodaj, gab AlJazeera Balkans ein Interview \u00fcber eine m\u00f6gliche Klage wegen V\u00f6lkermordes gegen Serbien<\/strong><\/p>\n<p style=\"text-align: justify;\">Herr Hodaj hat f\u00fcr AlJazeera Balkans ein Interview gegeben, der aufgrund seiner (wie im Artikel hervorgehobenen) umfangreichen Erfahrung im Bereich des Strafrechts sowohl in Kosovo als auch vor den internationalen Institutionen anerkannt wurde, wie dem Internationalen Strafgerichtshof der Vereinten Nationen f\u00fcr das ehemalige Jugoslawien.<\/p>\n<p style=\"text-align: justify;\">Herr Hodaj betonte, dass es m\u00f6glich sei, eine Klage gegen Serbien einzureichen, wenn man bedenkt, dass Kosovo vor dem internationalen Strafgerichtshof Partei war. Diesbez\u00fcglich ist es sehr wahrscheinlich, dass die Klage von einem anderen Land wie Albanien eingereicht wird, da der Kosovo kein Mitglied der Vereinten Nationen ist. Es w\u00e4re jedoch w\u00fcnschenswert, eine Klage von L\u00e4ndern einreichen zu lassen, die in diesem Bereich mehr Erfahrung haben, wie die Niederlande oder Gro\u00dfbritannien.<\/p>\n<p style=\"text-align: justify;\">Schlie\u00dflich stellte Herr Hodaj klar, dass die Einreichung einer Klage die weiteren Verhandlungen mit Serbien, einschlie\u00dflich einer weiteren Trennung zwischen den beiden Nationen, in keiner Weise beeintr\u00e4chtigen sollte. Im Gegenteil, Herr Hodaj betonte, dass die Einreichung einer Klage und die entsprechende Entscheidung eines internationalen Forums wie des internationalen Gerichtshofs, nur eine Antwort auf die gestellten Fragen liefern w\u00fcrde, und als solche zum Aufbau von Beziehungen zwischen den zwei Nationen beitragen w\u00fcrde, basierend auf der Wahrheit.<\/p>\n<p>Lesen Sie das vollst\u00e4ndige Interview unter folgendem Link:<\/p>\n<p><a href=\"https:\/\/balkans.aljazeera.net\/teme\/2021\/5\/29\/taulant-hodaj-tuzba-za-genocid-obuhvatice-progon-albanaca-skrivanje-tijela-i-transport-u-srbiju\">https:\/\/balkans.aljazeera.net\/teme\/2021\/5\/29\/taulant-hodaj-tuzba-za-genocid-obuhvatice-progon-albanaca-skrivanje-tijela-i-transport-u-srbiju<\/a><\/p>\n<p>[\/col]<br \/>\n[col span=&#8221;6&#8243; span__sm=&#8221;12&#8243; force_first=&#8221;small&#8221;]<\/p>\n<p>[ux_image id=&#8221;1428&#8243; image_size=&#8221;original&#8221; height=&#8221;90%&#8221;]<\/p>\n<p>[\/col]<\/p>\n<p>[\/row]<\/p>\n<p>[\/section]<\/p>\n","protected":false},"excerpt":{"rendered":"<p>[page_header style=&#8221;normal&#8221; text_color=&#8221;dark&#8221; title_case=&#8221;uppercase&#8221; nav_size=&#8221;small&#8221; bg_size=&#8221;medium&#8221; visibility=&#8221;hide-for-small&#8221;] [page_header style=&#8221;simple&#8221; type=&#8221;onpage&#8221; text_color=&#8221;dark&#8221; align=&#8221;center&#8221; title_case=&#8221;uppercase&#8221; sub_title=&#8221;External Advisor&#8221; nav_size=&#8221;small&#8221; bg_size=&#8221;medium&#8221; visibility=&#8221;show-for-small&#8221;] [section] [row] [col span=&#8221;6&#8243; span__sm=&#8221;12&#8243;] Der Managing Partner von Hodaj &amp; Partners,&hellip;<\/p>\n","protected":false},"author":4,"featured_media":0,"parent":0,"menu_order":0,"comment_status":"closed","ping_status":"closed","template":"","meta":{"_lmt_disableupdate":"","_lmt_disable":"","footnotes":""},"class_list":["post-3743","page","type-page","status-publish","hentry"],"yoast_head":"<!-- This site is optimized with the Yoast SEO plugin v27.4 - https:\/\/yoast.com\/product\/yoast-seo-wordpress\/ -->\n<title>NEWS\/PUBLICATIONS - Hodaj &amp; Partners L.L.C.<\/title>\n<meta name=\"robots\" content=\"index, follow, max-snippet:-1, max-image-preview:large, max-video-preview:-1\" \/>\n<link rel=\"canonical\" href=\"https:\/\/hodajlaw.com\/de\/news-publications-old-2\/\" \/>\n<meta property=\"og:locale\" content=\"de_DE\" \/>\n<meta property=\"og:type\" content=\"article\" \/>\n<meta property=\"og:title\" content=\"NEWS\/PUBLICATIONS - Hodaj &amp; Partners L.L.C.\" \/>\n<meta property=\"og:description\" content=\"[page_header style=&#8221;normal&#8221; text_color=&#8221;dark&#8221; title_case=&#8221;uppercase&#8221; nav_size=&#8221;small&#8221; bg_size=&#8221;medium&#8221; visibility=&#8221;hide-for-small&#8221;] [page_header style=&#8221;simple&#8221; type=&#8221;onpage&#8221; text_color=&#8221;dark&#8221; align=&#8221;center&#8221; title_case=&#8221;uppercase&#8221; sub_title=&#8221;External Advisor&#8221; nav_size=&#8221;small&#8221; bg_size=&#8221;medium&#8221; visibility=&#8221;show-for-small&#8221;] [section] [row] [col span=&#8221;6&#8243; span__sm=&#8221;12&#8243;] Der Managing Partner von Hodaj &amp; Partners,&hellip;\" \/>\n<meta property=\"og:url\" content=\"https:\/\/hodajlaw.com\/de\/news-publications-old-2\/\" \/>\n<meta property=\"og:site_name\" content=\"Hodaj &amp; Partners L.L.C.\" \/>\n<meta property=\"article:modified_time\" content=\"2024-01-26T22:02:44+00:00\" \/>\n<meta name=\"twitter:card\" content=\"summary_large_image\" \/>\n<meta name=\"twitter:label1\" content=\"Gesch\u00e4tzte Lesezeit\" \/>\n\t<meta name=\"twitter:data1\" content=\"2\u00a0Minuten\" \/>\n<script type=\"application\/ld+json\" class=\"yoast-schema-graph\">{\"@context\":\"https:\\\/\\\/schema.org\",\"@graph\":[{\"@type\":\"WebPage\",\"@id\":\"https:\\\/\\\/hodajlaw.com\\\/news-publications-old-2\\\/\",\"url\":\"https:\\\/\\\/hodajlaw.com\\\/news-publications-old-2\\\/\",\"name\":\"NEWS\\\/PUBLICATIONS - Hodaj &amp; Partners L.L.C.\",\"isPartOf\":{\"@id\":\"https:\\\/\\\/hodajlaw.com\\\/#website\"},\"datePublished\":\"2021-05-31T17:51:51+00:00\",\"dateModified\":\"2024-01-26T22:02:44+00:00\",\"breadcrumb\":{\"@id\":\"https:\\\/\\\/hodajlaw.com\\\/news-publications-old-2\\\/#breadcrumb\"},\"inLanguage\":\"de\",\"potentialAction\":[{\"@type\":\"ReadAction\",\"target\":[\"https:\\\/\\\/hodajlaw.com\\\/news-publications-old-2\\\/\"]}]},{\"@type\":\"BreadcrumbList\",\"@id\":\"https:\\\/\\\/hodajlaw.com\\\/news-publications-old-2\\\/#breadcrumb\",\"itemListElement\":[{\"@type\":\"ListItem\",\"position\":1,\"name\":\"Home\",\"item\":\"https:\\\/\\\/hodajlaw.com\\\/\"},{\"@type\":\"ListItem\",\"position\":2,\"name\":\"NEWS\\\/PUBLICATIONS\"}]},{\"@type\":\"WebSite\",\"@id\":\"https:\\\/\\\/hodajlaw.com\\\/#website\",\"url\":\"https:\\\/\\\/hodajlaw.com\\\/\",\"name\":\"Hodaj &amp; Partners L.L.C.\",\"description\":\"Hodaj &amp; Partners\",\"potentialAction\":[{\"@type\":\"SearchAction\",\"target\":{\"@type\":\"EntryPoint\",\"urlTemplate\":\"https:\\\/\\\/hodajlaw.com\\\/?s={search_term_string}\"},\"query-input\":{\"@type\":\"PropertyValueSpecification\",\"valueRequired\":true,\"valueName\":\"search_term_string\"}}],\"inLanguage\":\"de\"}]}<\/script>\n<!-- \/ Yoast SEO plugin. -->","yoast_head_json":{"title":"NEWS\/PUBLICATIONS - Hodaj &amp; Partners L.L.C.","robots":{"index":"index","follow":"follow","max-snippet":"max-snippet:-1","max-image-preview":"max-image-preview:large","max-video-preview":"max-video-preview:-1"},"canonical":"https:\/\/hodajlaw.com\/de\/news-publications-old-2\/","og_locale":"de_DE","og_type":"article","og_title":"NEWS\/PUBLICATIONS - Hodaj &amp; Partners L.L.C.","og_description":"[page_header style=&#8221;normal&#8221; text_color=&#8221;dark&#8221; title_case=&#8221;uppercase&#8221; nav_size=&#8221;small&#8221; bg_size=&#8221;medium&#8221; visibility=&#8221;hide-for-small&#8221;] [page_header style=&#8221;simple&#8221; type=&#8221;onpage&#8221; text_color=&#8221;dark&#8221; align=&#8221;center&#8221; title_case=&#8221;uppercase&#8221; sub_title=&#8221;External Advisor&#8221; nav_size=&#8221;small&#8221; bg_size=&#8221;medium&#8221; visibility=&#8221;show-for-small&#8221;] [section] [row] [col span=&#8221;6&#8243; span__sm=&#8221;12&#8243;] Der Managing Partner von Hodaj &amp; Partners,&hellip;","og_url":"https:\/\/hodajlaw.com\/de\/news-publications-old-2\/","og_site_name":"Hodaj &amp; Partners L.L.C.","article_modified_time":"2024-01-26T22:02:44+00:00","twitter_card":"summary_large_image","twitter_misc":{"Gesch\u00e4tzte Lesezeit":"2\u00a0Minuten"},"schema":{"@context":"https:\/\/schema.org","@graph":[{"@type":"WebPage","@id":"https:\/\/hodajlaw.com\/news-publications-old-2\/","url":"https:\/\/hodajlaw.com\/news-publications-old-2\/","name":"NEWS\/PUBLICATIONS - Hodaj &amp; Partners L.L.C.","isPartOf":{"@id":"https:\/\/hodajlaw.com\/#website"},"datePublished":"2021-05-31T17:51:51+00:00","dateModified":"2024-01-26T22:02:44+00:00","breadcrumb":{"@id":"https:\/\/hodajlaw.com\/news-publications-old-2\/#breadcrumb"},"inLanguage":"de","potentialAction":[{"@type":"ReadAction","target":["https:\/\/hodajlaw.com\/news-publications-old-2\/"]}]},{"@type":"BreadcrumbList","@id":"https:\/\/hodajlaw.com\/news-publications-old-2\/#breadcrumb","itemListElement":[{"@type":"ListItem","position":1,"name":"Home","item":"https:\/\/hodajlaw.com\/"},{"@type":"ListItem","position":2,"name":"NEWS\/PUBLICATIONS"}]},{"@type":"WebSite","@id":"https:\/\/hodajlaw.com\/#website","url":"https:\/\/hodajlaw.com\/","name":"Hodaj &amp; Partners L.L.C.","description":"Hodaj &amp; Partners","potentialAction":[{"@type":"SearchAction","target":{"@type":"EntryPoint","urlTemplate":"https:\/\/hodajlaw.com\/?s={search_term_string}"},"query-input":{"@type":"PropertyValueSpecification","valueRequired":true,"valueName":"search_term_string"}}],"inLanguage":"de"}]}},"_links":{"self":[{"href":"https:\/\/hodajlaw.com\/de\/wp-json\/wp\/v2\/pages\/3743","targetHints":{"allow":["GET"]}}],"collection":[{"href":"https:\/\/hodajlaw.com\/de\/wp-json\/wp\/v2\/pages"}],"about":[{"href":"https:\/\/hodajlaw.com\/de\/wp-json\/wp\/v2\/types\/page"}],"author":[{"embeddable":true,"href":"https:\/\/hodajlaw.com\/de\/wp-json\/wp\/v2\/users\/4"}],"replies":[{"embeddable":true,"href":"https:\/\/hodajlaw.com\/de\/wp-json\/wp\/v2\/comments?post=3743"}],"version-history":[{"count":1,"href":"https:\/\/hodajlaw.com\/de\/wp-json\/wp\/v2\/pages\/3743\/revisions"}],"predecessor-version":[{"id":3747,"href":"https:\/\/hodajlaw.com\/de\/wp-json\/wp\/v2\/pages\/3743\/revisions\/3747"}],"wp:attachment":[{"href":"https:\/\/hodajlaw.com\/de\/wp-json\/wp\/v2\/media?parent=3743"}],"curies":[{"name":"wp","href":"https:\/\/api.w.org\/{rel}","templated":true}]}}