{"id":5622,"date":"2024-02-27T13:11:48","date_gmt":"2024-02-27T13:11:48","guid":{"rendered":"https:\/\/hodajlaw.com\/?page_id=5622"},"modified":"2025-09-16T18:54:17","modified_gmt":"2025-09-16T18:54:17","slug":"sports-law","status":"publish","type":"page","link":"https:\/\/hodajlaw.com\/de\/areas-of-practice\/sports-law\/","title":{"rendered":"Sportrecht"},"content":{"rendered":"<div data-elementor-type=\"wp-page\" data-elementor-id=\"5622\" class=\"elementor elementor-5622\">\n\t\t\t\t<div class=\"elementor-element elementor-element-319867f e-flex e-con-boxed e-con e-parent\" data-id=\"319867f\" data-element_type=\"container\" data-e-type=\"container\">\n\t\t\t\t\t<div class=\"e-con-inner\">\n\t\t\t\t<div class=\"elementor-element elementor-element-c09e051 elementor-widget elementor-widget-penci-info-box\" data-id=\"c09e051\" data-element_type=\"widget\" data-e-type=\"widget\" data-widget_type=\"penci-info-box.default\">\n\t\t\t\t<div class=\"elementor-widget-container\">\n\t\t\t\t\t        <div id=\"penci_info_box_42524\" class=\"penci-block-vc penci-info-box penci-ibox-top-center penci-view-default penci-shape-circle\">\n            <div class=\"penci-ibox-inner\">\n\t\t\t\t\t\t\t\t<div class=\"penci-ibox-icon penci-ibox-icon--image has-hover\"><a class=\"penci-ibox-icon-fa-fix\" href=\"\/de\/areas-of-practice\/public-procurement\/\"><\/a><a class=\"penci-ibox-icon-fa\" href=\"\/de\/areas-of-practice\/public-procurement\/\"><img decoding=\"async\" class=\"penci-ibox-img_active\" src=\"https:\/\/hodajlaw.com\/wp-content\/uploads\/2024\/02\/SportsLaw-01.svg\" width=\"150\" height=\"150\"><img decoding=\"async\" class=\"penci-ibox-img_hover\" src=\"https:\/\/hodajlaw.com\/wp-content\/uploads\/2024\/02\/SportsLaw-01-1.svg\" width=\"150\" height=\"150\"><\/a><\/div>                <div class=\"penci-ibox-content-wrap\">\n\t\t\t\t\t\t\t\t\t\t<h3\n                            class=\"penci-ibox-title\">Sportrecht<\/h3>\t\t\t\t\t\t\t\t\t\t\t\t\t\t\t                <\/div>\n            <\/div>\n        <\/div>\n\t\t\t\t\t\t<\/div>\n\t\t\t\t<\/div>\n\t\t\t\t\t<\/div>\n\t\t\t\t<\/div>\n\t\t<div class=\"elementor-element elementor-element-1ac9315c e-flex e-con-boxed e-con e-parent\" data-id=\"1ac9315c\" data-element_type=\"container\" data-e-type=\"container\">\n\t\t\t\t\t<div class=\"e-con-inner\">\n\t\t\t\t<div class=\"elementor-element elementor-element-3422775d elementor-widget elementor-widget-text-editor\" data-id=\"3422775d\" data-element_type=\"widget\" data-e-type=\"widget\" data-widget_type=\"text-editor.default\">\n\t\t\t\t<div class=\"elementor-widget-container\">\n\t\t\t\t\t\t\t\t\t<p>In unserer Anwaltskanzlei geht unser Streben nach Exzellenz weit \u00fcber die reine Fachkompetenz unserer Anw\u00e4lte hinaus. Im Sportrecht zeichnen wir uns durch beispiellose Erfahrung und Erfolgsbilanz aus. Ein Beweis f\u00fcr unsere Kompetenz ist unsere langj\u00e4hrige rechtliche Vertretung des Fu\u00dfballverbandes des Kosovo, von Spielern und anderen Sportfunktion\u00e4ren vor den Justizbeh\u00f6rden der UEFA, der FIFA und des CAS. Unser Engagement bei mehreren Sportverb\u00e4nden im Kosovo umfasste nicht nur Interessenvertretung und Vertretung, sondern hat auch dazu gef\u00fchrt, dass in zahlreichen wichtigen F\u00e4llen vor den Justizbeh\u00f6rden der UEFA, der FIFA und des CAS Gerechtigkeit erlangt wurde. Diese umfassende Erfahrung und unser Engagement f\u00fcr die Erzielung g\u00fcnstiger Ergebnisse zeichnen uns im Bereich des Sportrechts aus. Ganz gleich, ob es um die Bew\u00e4ltigung komplexer Regulierungsfragen, Vertragsstreitigkeiten oder Disziplinarangelegenheiten geht \u2013 unser Unternehmen ist darauf ausgerichtet, unseren Kunden in der Welt des Sports effektive L\u00f6sungen und unersch\u00fctterliche Unterst\u00fctzung zu bieten.<\/p><p>Als erste Anwaltskanzlei im Kosovo, die sich auf Sportrecht spezialisiert hat, verf\u00fcgen wir \u00fcber ein tiefes Verst\u00e4ndnis f\u00fcr die einzigartigen Herausforderungen und Chancen, die sich in diesem Bereich ergeben. Von der Aushandlung von Spielervertr\u00e4gen \u00fcber die Vertretung vor Sportgerichtsbeh\u00f6rden bis hin zur Bearbeitung von Schiedsverfahren haben wir Sportler, Mannschaften und Sportorganisationen in einem breiten Spektrum rechtlicher Angelegenheiten erfolgreich vertreten.<\/p><p>Unser Streben nach Spitzenleistungen und unsere Leidenschaft f\u00fcr Sportrecht haben uns den Ruf einer vertrauensw\u00fcrdigen und angesehenen Kanzlei in der Branche eingebracht. Wir sind stolz darauf, anderen Anwaltskanzleien den Weg geebnet zu haben, in unsere Fu\u00dfstapfen zu treten, und wir setzen weiterhin Ma\u00dfst\u00e4be f\u00fcr Exzellenz in der Vertretung im Sportrecht.<\/p><p>Unser Streben nach Spitzenleistungen und unsere Leidenschaft f\u00fcr Sportrecht haben uns den Ruf einer vertrauensw\u00fcrdigen und angesehenen Kanzlei in der Branche eingebracht. Wir sind stolz darauf, anderen Anwaltskanzleien den Weg geebnet zu haben, in unsere Fu\u00dfstapfen zu treten, und wir setzen weiterhin Ma\u00dfst\u00e4be f\u00fcr Exzellenz in der Vertretung im Sportrecht.<\/p><p>\u00a0<\/p>\t\t\t\t\t\t\t\t<\/div>\n\t\t\t\t<\/div>\n\t\t\t\t\t<\/div>\n\t\t\t\t<\/div>\n\t\t\t\t<\/div>","protected":false},"excerpt":{"rendered":"<p>Sports Law At Hodaj &amp; Partners, our dedication to excellence extends far beyond the expertise of our lawyers. In sports law, we stand out for our unparalleled experience and track&hellip;<\/p>","protected":false},"author":8,"featured_media":0,"parent":4706,"menu_order":0,"comment_status":"closed","ping_status":"closed","template":"","meta":{"_lmt_disableupdate":"","_lmt_disable":"","footnotes":""},"class_list":["post-5622","page","type-page","status-publish","hentry"],"yoast_head":"<!-- This site is optimized with the Yoast SEO plugin v26.8 - https:\/\/yoast.com\/product\/yoast-seo-wordpress\/ -->\n<title>Sports Law - Hodaj &amp; Partners L.L.C.<\/title>\n<meta name=\"robots\" content=\"index, follow, max-snippet:-1, max-image-preview:large, max-video-preview:-1\" \/>\n<link rel=\"canonical\" href=\"https:\/\/hodajlaw.com\/de\/areas-of-practice\/sports-law\/\" \/>\n<meta property=\"og:locale\" content=\"de_DE\" \/>\n<meta property=\"og:type\" content=\"article\" \/>\n<meta property=\"og:title\" content=\"Sports Law - Hodaj &amp; Partners L.L.C.\" \/>\n<meta property=\"og:description\" content=\"Sports Law At Hodaj &amp; Partners, our dedication to excellence extends far beyond the expertise of our lawyers. In sports law, we stand out for our unparalleled experience and track&hellip;\" \/>\n<meta property=\"og:url\" content=\"https:\/\/hodajlaw.com\/de\/areas-of-practice\/sports-law\/\" \/>\n<meta property=\"og:site_name\" content=\"Hodaj &amp; Partners L.L.C.\" \/>\n<meta property=\"article:modified_time\" content=\"2025-09-16T18:54:17+00:00\" \/>\n<meta property=\"og:image\" content=\"https:\/\/hodajlaw.com\/wp-content\/uploads\/2024\/02\/SportsLaw-01.svg\" \/>\n<meta name=\"twitter:card\" content=\"summary_large_image\" \/>\n<meta name=\"twitter:label1\" content=\"Gesch\u00e4tzte Lesezeit\" \/>\n\t<meta name=\"twitter:data1\" content=\"2\u00a0Minuten\" \/>\n<script type=\"application\/ld+json\" class=\"yoast-schema-graph\">{\"@context\":\"https:\/\/schema.org\",\"@graph\":[{\"@type\":\"WebPage\",\"@id\":\"https:\/\/hodajlaw.com\/areas-of-practice\/sports-law\/\",\"url\":\"https:\/\/hodajlaw.com\/areas-of-practice\/sports-law\/\",\"name\":\"Sports Law - Hodaj &amp; Partners L.L.C.\",\"isPartOf\":{\"@id\":\"https:\/\/hodajlaw.com\/#website\"},\"primaryImageOfPage\":{\"@id\":\"https:\/\/hodajlaw.com\/areas-of-practice\/sports-law\/#primaryimage\"},\"image\":{\"@id\":\"https:\/\/hodajlaw.com\/areas-of-practice\/sports-law\/#primaryimage\"},\"thumbnailUrl\":\"https:\/\/hodajlaw.com\/wp-content\/uploads\/2024\/02\/SportsLaw-01.svg\",\"datePublished\":\"2024-02-27T13:11:48+00:00\",\"dateModified\":\"2025-09-16T18:54:17+00:00\",\"breadcrumb\":{\"@id\":\"https:\/\/hodajlaw.com\/areas-of-practice\/sports-law\/#breadcrumb\"},\"inLanguage\":\"de\",\"potentialAction\":[{\"@type\":\"ReadAction\",\"target\":[\"https:\/\/hodajlaw.com\/areas-of-practice\/sports-law\/\"]}]},{\"@type\":\"ImageObject\",\"inLanguage\":\"de\",\"@id\":\"https:\/\/hodajlaw.com\/areas-of-practice\/sports-law\/#primaryimage\",\"url\":\"https:\/\/hodajlaw.com\/wp-content\/uploads\/2024\/02\/SportsLaw-01.svg\",\"contentUrl\":\"https:\/\/hodajlaw.com\/wp-content\/uploads\/2024\/02\/SportsLaw-01.svg\"},{\"@type\":\"BreadcrumbList\",\"@id\":\"https:\/\/hodajlaw.com\/areas-of-practice\/sports-law\/#breadcrumb\",\"itemListElement\":[{\"@type\":\"ListItem\",\"position\":1,\"name\":\"Home\",\"item\":\"https:\/\/hodajlaw.com\/\"},{\"@type\":\"ListItem\",\"position\":2,\"name\":\"Areas of Practice\",\"item\":\"https:\/\/hodajlaw.com\/areas-of-practice\/\"},{\"@type\":\"ListItem\",\"position\":3,\"name\":\"Sports Law\"}]},{\"@type\":\"WebSite\",\"@id\":\"https:\/\/hodajlaw.com\/#website\",\"url\":\"https:\/\/hodajlaw.com\/\",\"name\":\"Hodaj &amp; Partners L.L.C.\",\"description\":\"Hodaj &amp; Partners\",\"potentialAction\":[{\"@type\":\"SearchAction\",\"target\":{\"@type\":\"EntryPoint\",\"urlTemplate\":\"https:\/\/hodajlaw.com\/?s={search_term_string}\"},\"query-input\":{\"@type\":\"PropertyValueSpecification\",\"valueRequired\":true,\"valueName\":\"search_term_string\"}}],\"inLanguage\":\"de\"}]}<\/script>\n<!-- \/ Yoast SEO plugin. -->","yoast_head_json":{"title":"Sports Law - Hodaj &amp; Partners L.L.C.","robots":{"index":"index","follow":"follow","max-snippet":"max-snippet:-1","max-image-preview":"max-image-preview:large","max-video-preview":"max-video-preview:-1"},"canonical":"https:\/\/hodajlaw.com\/de\/areas-of-practice\/sports-law\/","og_locale":"de_DE","og_type":"article","og_title":"Sports Law - Hodaj &amp; Partners L.L.C.","og_description":"Sports Law At Hodaj &amp; Partners, our dedication to excellence extends far beyond the expertise of our lawyers. In sports law, we stand out for our unparalleled experience and track&hellip;","og_url":"https:\/\/hodajlaw.com\/de\/areas-of-practice\/sports-law\/","og_site_name":"Hodaj &amp; Partners L.L.C.","article_modified_time":"2025-09-16T18:54:17+00:00","og_image":[{"url":"https:\/\/hodajlaw.com\/wp-content\/uploads\/2024\/02\/SportsLaw-01.svg","type":"","width":"","height":""}],"twitter_card":"summary_large_image","twitter_misc":{"Gesch\u00e4tzte Lesezeit":"2\u00a0Minuten"},"schema":{"@context":"https:\/\/schema.org","@graph":[{"@type":"WebPage","@id":"https:\/\/hodajlaw.com\/areas-of-practice\/sports-law\/","url":"https:\/\/hodajlaw.com\/areas-of-practice\/sports-law\/","name":"Sports Law - Hodaj &amp; Partners L.L.C.","isPartOf":{"@id":"https:\/\/hodajlaw.com\/#website"},"primaryImageOfPage":{"@id":"https:\/\/hodajlaw.com\/areas-of-practice\/sports-law\/#primaryimage"},"image":{"@id":"https:\/\/hodajlaw.com\/areas-of-practice\/sports-law\/#primaryimage"},"thumbnailUrl":"https:\/\/hodajlaw.com\/wp-content\/uploads\/2024\/02\/SportsLaw-01.svg","datePublished":"2024-02-27T13:11:48+00:00","dateModified":"2025-09-16T18:54:17+00:00","breadcrumb":{"@id":"https:\/\/hodajlaw.com\/areas-of-practice\/sports-law\/#breadcrumb"},"inLanguage":"de","potentialAction":[{"@type":"ReadAction","target":["https:\/\/hodajlaw.com\/areas-of-practice\/sports-law\/"]}]},{"@type":"ImageObject","inLanguage":"de","@id":"https:\/\/hodajlaw.com\/areas-of-practice\/sports-law\/#primaryimage","url":"https:\/\/hodajlaw.com\/wp-content\/uploads\/2024\/02\/SportsLaw-01.svg","contentUrl":"https:\/\/hodajlaw.com\/wp-content\/uploads\/2024\/02\/SportsLaw-01.svg"},{"@type":"BreadcrumbList","@id":"https:\/\/hodajlaw.com\/areas-of-practice\/sports-law\/#breadcrumb","itemListElement":[{"@type":"ListItem","position":1,"name":"Home","item":"https:\/\/hodajlaw.com\/"},{"@type":"ListItem","position":2,"name":"Areas of Practice","item":"https:\/\/hodajlaw.com\/areas-of-practice\/"},{"@type":"ListItem","position":3,"name":"Sports Law"}]},{"@type":"WebSite","@id":"https:\/\/hodajlaw.com\/#website","url":"https:\/\/hodajlaw.com\/","name":"Hodaj &amp; Partners L.L.C.","description":"Hodaj &amp; Partners","potentialAction":[{"@type":"SearchAction","target":{"@type":"EntryPoint","urlTemplate":"https:\/\/hodajlaw.com\/?s={search_term_string}"},"query-input":{"@type":"PropertyValueSpecification","valueRequired":true,"valueName":"search_term_string"}}],"inLanguage":"de"}]}},"_links":{"self":[{"href":"https:\/\/hodajlaw.com\/de\/wp-json\/wp\/v2\/pages\/5622","targetHints":{"allow":["GET"]}}],"collection":[{"href":"https:\/\/hodajlaw.com\/de\/wp-json\/wp\/v2\/pages"}],"about":[{"href":"https:\/\/hodajlaw.com\/de\/wp-json\/wp\/v2\/types\/page"}],"author":[{"embeddable":true,"href":"https:\/\/hodajlaw.com\/de\/wp-json\/wp\/v2\/users\/8"}],"replies":[{"embeddable":true,"href":"https:\/\/hodajlaw.com\/de\/wp-json\/wp\/v2\/comments?post=5622"}],"version-history":[{"count":13,"href":"https:\/\/hodajlaw.com\/de\/wp-json\/wp\/v2\/pages\/5622\/revisions"}],"predecessor-version":[{"id":6686,"href":"https:\/\/hodajlaw.com\/de\/wp-json\/wp\/v2\/pages\/5622\/revisions\/6686"}],"up":[{"embeddable":true,"href":"https:\/\/hodajlaw.com\/de\/wp-json\/wp\/v2\/pages\/4706"}],"wp:attachment":[{"href":"https:\/\/hodajlaw.com\/de\/wp-json\/wp\/v2\/media?parent=5622"}],"curies":[{"name":"wp","href":"https:\/\/api.w.org\/{rel}","templated":true}]}}