{"id":1303,"date":"2019-02-21T17:44:42","date_gmt":"2019-02-21T17:44:42","guid":{"rendered":"http:\/\/hodajlaw.com\/?page_id=1303"},"modified":"2025-09-17T19:32:16","modified_gmt":"2025-09-17T19:32:16","slug":"commercial-corporate-law","status":"publish","type":"page","link":"https:\/\/hodajlaw.com\/sq\/areas-of-practice\/commercial-corporate-law\/","title":{"rendered":"Commercial &#038; Corporate Law"},"content":{"rendered":"<div data-elementor-type=\"wp-page\" data-elementor-id=\"1303\" class=\"elementor elementor-1303\">\n\t\t\t\t<div class=\"elementor-element elementor-element-6b7b8a2 e-flex e-con-boxed e-con e-parent\" data-id=\"6b7b8a2\" data-element_type=\"container\" data-e-type=\"container\" data-settings=\"{&quot;background_background&quot;:&quot;classic&quot;}\">\n\t\t\t\t\t<div class=\"e-con-inner\">\n\t\t\t\t<div class=\"elementor-element elementor-element-a5b18f7 elementor-widget elementor-widget-penci-info-box\" data-id=\"a5b18f7\" data-element_type=\"widget\" data-e-type=\"widget\" data-widget_type=\"penci-info-box.default\">\n\t\t\t\t<div class=\"elementor-widget-container\">\n\t\t\t\t\t        <div id=\"penci_info_box_87851\" class=\"penci-block-vc penci-info-box penci-ibox-top-center penci-view-default penci-shape-circle\">\n            <div class=\"penci-ibox-inner\">\n\t\t\t\t\t\t\t\t<div class=\"penci-ibox-icon penci-ibox-icon--image has-hover\"><span class=\"penci-ibox-icon-fa\"><img decoding=\"async\" class=\"penci-ibox-img_active\" src=\"https:\/\/hodajlaw.com\/wp-content\/uploads\/2024\/01\/CommercialCorporateLaw-01.svg\" width=\"150\" height=\"150\"><img decoding=\"async\" class=\"penci-ibox-img_hover\" src=\"https:\/\/hodajlaw.com\/wp-content\/uploads\/2024\/01\/CommercialCorporateLaw-01.svg\" width=\"150\" height=\"150\"><\/span><\/div>                <div class=\"penci-ibox-content-wrap\">\n\t\t\t\t\t\t\t\t\t\t<h3\n                            class=\"penci-ibox-title\">E Drejta e Korporatave dhe Tregtare  <\/h3>\t\t\t\t\t\t\t\t\t\t\t\t\t\t\t                <\/div>\n            <\/div>\n        <\/div>\n\t\t\t\t\t\t<\/div>\n\t\t\t\t<\/div>\n\t\t\t\t\t<\/div>\n\t\t\t\t<\/div>\n\t\t<div class=\"elementor-element elementor-element-6f30dd4 e-flex e-con-boxed e-con e-parent\" data-id=\"6f30dd4\" data-element_type=\"container\" data-e-type=\"container\">\n\t\t\t\t\t<div class=\"e-con-inner\">\n\t\t\t\t<div class=\"elementor-element elementor-element-7d82f49 elementor-widget elementor-widget-text-editor\" data-id=\"7d82f49\" data-element_type=\"widget\" data-e-type=\"widget\" data-widget_type=\"text-editor.default\">\n\t\t\t\t<div class=\"elementor-widget-container\">\n\t\t\t\t\t\t\t\t\t<p>Hodaj &amp; Partners \u00ebsht\u00eb nj\u00eb nga zyret ligjore lidere n\u00eb Kosov\u00eb, e renditur vazhdimisht midis tri zyreve ligjore m\u00eb t\u00eb mira n\u00eb vend. Ne ofrojm\u00eb sh\u00ebrbime ligjore t\u00eb jasht\u00ebzakonshme p\u00ebr klient\u00eb komb\u00ebtar\u00eb dhe nd\u00ebrkomb\u00ebtar\u00eb n\u00eb nj\u00eb gam\u00eb t\u00eb gjer\u00eb sektor\u00ebsh dhe industrish. T\u00eb njohur p\u00ebr qasjen ton\u00eb strategjike dhe t\u00eb orientuar drejt biznesit, ne ofrojm\u00eb zgjidhje ligjore t\u00eb p\u00ebrshtatura p\u00ebr nevojat unike t\u00eb secilit klient, nga startup-et dhe korporatat deri te entitetet qeveritare dhe organizatat nd\u00ebrkomb\u00ebtare.<\/p><p>Ne punojm\u00eb ngusht\u00eb me kompanit\u00eb e reja q\u00eb nga themelimi i tyre, duke ofruar due diligence ligjore, duke hartuar dokumente regjistrimi dhe duke i udh\u00ebzuar klient\u00ebt n\u00eb t\u00eb gjitha aspektet e qeverisjes korporative dhe strategjive t\u00eb financimit.<\/p><p>Ne jemi ekspert\u00eb n\u00eb mb\u00ebshtetjen e klient\u00ebve nd\u00ebrkomb\u00ebtar, rajonal dhe vendor n\u00eb t\u00eb gjith\u00eb Evrop\u00ebn Juglindore. Ne jemi ve\u00e7an\u00ebrisht t\u00eb aft\u00eb n\u00eb transaksione komplekse dhe me shum\u00eb juridiksione. P\u00ebrve\u00e7 p\u00ebrfshirjes son\u00eb n\u00eb shum\u00eb marr\u00ebveshje t\u00eb profilit t\u00eb lart\u00eb, ne gjithashtu u ofrojm\u00eb klient\u00ebve mb\u00ebshtetje t\u00eb vazhdueshme dhe t\u00eb p\u00ebrditshme ligjore korporative.<\/p><p>P\u00ebrtej pun\u00ebs son\u00eb k\u00ebshillimore, ne p\u00ebrfaq\u00ebsojm\u00eb si kompanit\u00eb ashtu edhe individ\u00ebt n\u00eb nj\u00eb gam\u00eb t\u00eb gjer\u00eb \u00e7\u00ebshtjesh kontestuese. K\u00ebto p\u00ebrfshijn\u00eb mosmarr\u00ebveshjet para gjykatave, paneleve t\u00eb arbitrazhit, organeve t\u00eb prokurimit, Administrat\u00ebs Tatimore t\u00eb Kosov\u00ebs, Dogan\u00ebs dhe agjencive t\u00eb tjera t\u00eb ndryshme rregullatore. Me nj\u00eb baz\u00eb klient\u00ebsh q\u00eb p\u00ebrfshin Evrop\u00ebn Juglindore, Evrop\u00ebn Per\u00ebndimore dhe SHBA-n\u00eb, ne jemi t\u00eb pajisur p\u00ebr t\u00eb ofruar mb\u00ebshtetje t\u00eb p\u00ebrshtatur, t\u00eb koordinuar dhe t\u00eb p\u00ebrsosur n\u00eb t\u00eb gjitha transaksionet vendore dhe nd\u00ebrkomb\u00ebtare.<\/p>\t\t\t\t\t\t\t\t<\/div>\n\t\t\t\t<\/div>\n\t\t\t\t\t<\/div>\n\t\t\t\t<\/div>\n\t\t\t\t<\/div>","protected":false},"excerpt":{"rendered":"<p>Corporate &#038; Commercial Our Corporate &amp; Commercial practice covers a broad spectrum of business matters, including mergers and acquisitions, divestments, disposals, loan transactions, debt restructuring, financing, contractual arrangements, reorganisations, and&hellip;<\/p>","protected":false},"author":1,"featured_media":0,"parent":4706,"menu_order":0,"comment_status":"closed","ping_status":"closed","template":"","meta":{"_lmt_disableupdate":"","_lmt_disable":"","footnotes":""},"class_list":["post-1303","page","type-page","status-publish","hentry"],"yoast_head":"<!-- This site is optimized with the Yoast SEO plugin v26.8 - https:\/\/yoast.com\/product\/yoast-seo-wordpress\/ -->\n<title>Commercial &amp; Corporate Law - Hodaj &amp; Partners L.L.C.<\/title>\n<meta name=\"robots\" content=\"index, follow, max-snippet:-1, max-image-preview:large, max-video-preview:-1\" \/>\n<link rel=\"canonical\" href=\"https:\/\/hodajlaw.com\/sq\/areas-of-practice\/commercial-corporate-law\/\" \/>\n<meta property=\"og:locale\" content=\"sq_AL\" \/>\n<meta property=\"og:type\" content=\"article\" \/>\n<meta property=\"og:title\" content=\"Commercial &amp; Corporate Law - Hodaj &amp; Partners L.L.C.\" \/>\n<meta property=\"og:description\" content=\"Corporate &#038; Commercial Our Corporate &amp; Commercial practice covers a broad spectrum of business matters, including mergers and acquisitions, divestments, disposals, loan transactions, debt restructuring, financing, contractual arrangements, reorganisations, and&hellip;\" \/>\n<meta property=\"og:url\" content=\"https:\/\/hodajlaw.com\/sq\/areas-of-practice\/commercial-corporate-law\/\" \/>\n<meta property=\"og:site_name\" content=\"Hodaj &amp; Partners L.L.C.\" \/>\n<meta property=\"article:modified_time\" content=\"2025-09-17T19:32:16+00:00\" \/>\n<meta property=\"og:image\" content=\"https:\/\/hodajlaw.com\/wp-content\/uploads\/2024\/01\/CommercialCorporateLaw-01.svg\" \/>\n<meta name=\"twitter:card\" content=\"summary_large_image\" \/>\n<meta name=\"twitter:label1\" content=\"Est. reading time\" \/>\n\t<meta name=\"twitter:data1\" content=\"2 minuta\" \/>\n<script type=\"application\/ld+json\" class=\"yoast-schema-graph\">{\"@context\":\"https:\/\/schema.org\",\"@graph\":[{\"@type\":\"WebPage\",\"@id\":\"https:\/\/hodajlaw.com\/areas-of-practice\/commercial-corporate-law\/\",\"url\":\"https:\/\/hodajlaw.com\/areas-of-practice\/commercial-corporate-law\/\",\"name\":\"Commercial & Corporate Law - Hodaj &amp; Partners L.L.C.\",\"isPartOf\":{\"@id\":\"https:\/\/hodajlaw.com\/#website\"},\"primaryImageOfPage\":{\"@id\":\"https:\/\/hodajlaw.com\/areas-of-practice\/commercial-corporate-law\/#primaryimage\"},\"image\":{\"@id\":\"https:\/\/hodajlaw.com\/areas-of-practice\/commercial-corporate-law\/#primaryimage\"},\"thumbnailUrl\":\"https:\/\/hodajlaw.com\/wp-content\/uploads\/2024\/01\/CommercialCorporateLaw-01.svg\",\"datePublished\":\"2019-02-21T17:44:42+00:00\",\"dateModified\":\"2025-09-17T19:32:16+00:00\",\"breadcrumb\":{\"@id\":\"https:\/\/hodajlaw.com\/areas-of-practice\/commercial-corporate-law\/#breadcrumb\"},\"inLanguage\":\"sq\",\"potentialAction\":[{\"@type\":\"ReadAction\",\"target\":[\"https:\/\/hodajlaw.com\/areas-of-practice\/commercial-corporate-law\/\"]}]},{\"@type\":\"ImageObject\",\"inLanguage\":\"sq\",\"@id\":\"https:\/\/hodajlaw.com\/areas-of-practice\/commercial-corporate-law\/#primaryimage\",\"url\":\"https:\/\/hodajlaw.com\/wp-content\/uploads\/2024\/01\/CommercialCorporateLaw-01.svg\",\"contentUrl\":\"https:\/\/hodajlaw.com\/wp-content\/uploads\/2024\/01\/CommercialCorporateLaw-01.svg\"},{\"@type\":\"BreadcrumbList\",\"@id\":\"https:\/\/hodajlaw.com\/areas-of-practice\/commercial-corporate-law\/#breadcrumb\",\"itemListElement\":[{\"@type\":\"ListItem\",\"position\":1,\"name\":\"Home\",\"item\":\"https:\/\/hodajlaw.com\/\"},{\"@type\":\"ListItem\",\"position\":2,\"name\":\"Areas of Practice\",\"item\":\"https:\/\/hodajlaw.com\/areas-of-practice\/\"},{\"@type\":\"ListItem\",\"position\":3,\"name\":\"Commercial &#038; Corporate Law\"}]},{\"@type\":\"WebSite\",\"@id\":\"https:\/\/hodajlaw.com\/#website\",\"url\":\"https:\/\/hodajlaw.com\/\",\"name\":\"Hodaj &amp; Partners L.L.C.\",\"description\":\"Hodaj &amp; Partners\",\"potentialAction\":[{\"@type\":\"SearchAction\",\"target\":{\"@type\":\"EntryPoint\",\"urlTemplate\":\"https:\/\/hodajlaw.com\/?s={search_term_string}\"},\"query-input\":{\"@type\":\"PropertyValueSpecification\",\"valueRequired\":true,\"valueName\":\"search_term_string\"}}],\"inLanguage\":\"sq\"}]}<\/script>\n<!-- \/ Yoast SEO plugin. -->","yoast_head_json":{"title":"Commercial & Corporate Law - Hodaj &amp; Partners L.L.C.","robots":{"index":"index","follow":"follow","max-snippet":"max-snippet:-1","max-image-preview":"max-image-preview:large","max-video-preview":"max-video-preview:-1"},"canonical":"https:\/\/hodajlaw.com\/sq\/areas-of-practice\/commercial-corporate-law\/","og_locale":"sq_AL","og_type":"article","og_title":"Commercial & Corporate Law - Hodaj &amp; Partners L.L.C.","og_description":"Corporate &#038; Commercial Our Corporate &amp; Commercial practice covers a broad spectrum of business matters, including mergers and acquisitions, divestments, disposals, loan transactions, debt restructuring, financing, contractual arrangements, reorganisations, and&hellip;","og_url":"https:\/\/hodajlaw.com\/sq\/areas-of-practice\/commercial-corporate-law\/","og_site_name":"Hodaj &amp; Partners L.L.C.","article_modified_time":"2025-09-17T19:32:16+00:00","og_image":[{"url":"https:\/\/hodajlaw.com\/wp-content\/uploads\/2024\/01\/CommercialCorporateLaw-01.svg","type":"","width":"","height":""}],"twitter_card":"summary_large_image","twitter_misc":{"Est. reading time":"2 minuta"},"schema":{"@context":"https:\/\/schema.org","@graph":[{"@type":"WebPage","@id":"https:\/\/hodajlaw.com\/areas-of-practice\/commercial-corporate-law\/","url":"https:\/\/hodajlaw.com\/areas-of-practice\/commercial-corporate-law\/","name":"Commercial & Corporate Law - Hodaj &amp; Partners L.L.C.","isPartOf":{"@id":"https:\/\/hodajlaw.com\/#website"},"primaryImageOfPage":{"@id":"https:\/\/hodajlaw.com\/areas-of-practice\/commercial-corporate-law\/#primaryimage"},"image":{"@id":"https:\/\/hodajlaw.com\/areas-of-practice\/commercial-corporate-law\/#primaryimage"},"thumbnailUrl":"https:\/\/hodajlaw.com\/wp-content\/uploads\/2024\/01\/CommercialCorporateLaw-01.svg","datePublished":"2019-02-21T17:44:42+00:00","dateModified":"2025-09-17T19:32:16+00:00","breadcrumb":{"@id":"https:\/\/hodajlaw.com\/areas-of-practice\/commercial-corporate-law\/#breadcrumb"},"inLanguage":"sq","potentialAction":[{"@type":"ReadAction","target":["https:\/\/hodajlaw.com\/areas-of-practice\/commercial-corporate-law\/"]}]},{"@type":"ImageObject","inLanguage":"sq","@id":"https:\/\/hodajlaw.com\/areas-of-practice\/commercial-corporate-law\/#primaryimage","url":"https:\/\/hodajlaw.com\/wp-content\/uploads\/2024\/01\/CommercialCorporateLaw-01.svg","contentUrl":"https:\/\/hodajlaw.com\/wp-content\/uploads\/2024\/01\/CommercialCorporateLaw-01.svg"},{"@type":"BreadcrumbList","@id":"https:\/\/hodajlaw.com\/areas-of-practice\/commercial-corporate-law\/#breadcrumb","itemListElement":[{"@type":"ListItem","position":1,"name":"Home","item":"https:\/\/hodajlaw.com\/"},{"@type":"ListItem","position":2,"name":"Areas of Practice","item":"https:\/\/hodajlaw.com\/areas-of-practice\/"},{"@type":"ListItem","position":3,"name":"Commercial &#038; Corporate Law"}]},{"@type":"WebSite","@id":"https:\/\/hodajlaw.com\/#website","url":"https:\/\/hodajlaw.com\/","name":"Hodaj &amp; Partners L.L.C.","description":"Hodaj &amp; Partners","potentialAction":[{"@type":"SearchAction","target":{"@type":"EntryPoint","urlTemplate":"https:\/\/hodajlaw.com\/?s={search_term_string}"},"query-input":{"@type":"PropertyValueSpecification","valueRequired":true,"valueName":"search_term_string"}}],"inLanguage":"sq"}]}},"_links":{"self":[{"href":"https:\/\/hodajlaw.com\/sq\/wp-json\/wp\/v2\/pages\/1303","targetHints":{"allow":["GET"]}}],"collection":[{"href":"https:\/\/hodajlaw.com\/sq\/wp-json\/wp\/v2\/pages"}],"about":[{"href":"https:\/\/hodajlaw.com\/sq\/wp-json\/wp\/v2\/types\/page"}],"author":[{"embeddable":true,"href":"https:\/\/hodajlaw.com\/sq\/wp-json\/wp\/v2\/users\/1"}],"replies":[{"embeddable":true,"href":"https:\/\/hodajlaw.com\/sq\/wp-json\/wp\/v2\/comments?post=1303"}],"version-history":[{"count":27,"href":"https:\/\/hodajlaw.com\/sq\/wp-json\/wp\/v2\/pages\/1303\/revisions"}],"predecessor-version":[{"id":6726,"href":"https:\/\/hodajlaw.com\/sq\/wp-json\/wp\/v2\/pages\/1303\/revisions\/6726"}],"up":[{"embeddable":true,"href":"https:\/\/hodajlaw.com\/sq\/wp-json\/wp\/v2\/pages\/4706"}],"wp:attachment":[{"href":"https:\/\/hodajlaw.com\/sq\/wp-json\/wp\/v2\/media?parent=1303"}],"curies":[{"name":"wp","href":"https:\/\/api.w.org\/{rel}","templated":true}]}}