{"id":1308,"date":"2019-02-21T17:57:15","date_gmt":"2019-02-21T17:57:15","guid":{"rendered":"http:\/\/hodajlaw.com\/?page_id=1308"},"modified":"2025-09-16T18:45:56","modified_gmt":"2025-09-16T18:45:56","slug":"labour-employment-law","status":"publish","type":"page","link":"https:\/\/hodajlaw.com\/sq\/areas-of-practice\/labour-employment-law\/","title":{"rendered":"Labour &#038; Employment Law"},"content":{"rendered":"<div data-elementor-type=\"wp-page\" data-elementor-id=\"1308\" class=\"elementor elementor-1308\">\n\t\t\t\t<div class=\"elementor-element elementor-element-ea8a65e e-flex e-con-boxed e-con e-parent\" data-id=\"ea8a65e\" data-element_type=\"container\" data-e-type=\"container\">\n\t\t\t\t\t<div class=\"e-con-inner\">\n\t\t\t\t<div class=\"elementor-element elementor-element-bc06ff9 elementor-widget elementor-widget-penci-info-box\" data-id=\"bc06ff9\" data-element_type=\"widget\" data-e-type=\"widget\" data-widget_type=\"penci-info-box.default\">\n\t\t\t\t<div class=\"elementor-widget-container\">\n\t\t\t\t\t        <div id=\"penci_info_box_65126\" class=\"penci-block-vc penci-info-box penci-ibox-top-center penci-view-default penci-shape-circle\">\n            <div class=\"penci-ibox-inner\">\n\t\t\t\t\t\t\t\t<div class=\"penci-ibox-icon penci-ibox-icon--image has-hover\"><a class=\"penci-ibox-icon-fa-fix\" href=\"\/sq\/areas-of-practice\/labour-employment-law\/\"><\/a><a class=\"penci-ibox-icon-fa\" href=\"\/sq\/areas-of-practice\/labour-employment-law\/\"><img decoding=\"async\" class=\"penci-ibox-img_active\" src=\"https:\/\/hodajlaw.com\/wp-content\/uploads\/2024\/01\/LabourEmploymentLaw-01.svg\" width=\"150\" height=\"150\"><img decoding=\"async\" class=\"penci-ibox-img_hover\" src=\"https:\/\/hodajlaw.com\/wp-content\/uploads\/2024\/01\/LabourEmploymentLaw-01.svg\" width=\"150\" height=\"150\"><\/a><\/div>                <div class=\"penci-ibox-content-wrap\">\n\t\t\t\t\t\t\t\t\t\t<h3\n                            class=\"penci-ibox-title\">E Drejta e Pun\u00ebs<\/h3>\t\t\t\t\t\t\t\t\t\t\t\t\t\t\t                <\/div>\n            <\/div>\n        <\/div>\n\t\t\t\t\t\t<\/div>\n\t\t\t\t<\/div>\n\t\t\t\t\t<\/div>\n\t\t\t\t<\/div>\n\t\t<div class=\"elementor-element elementor-element-142b2c7 e-flex e-con-boxed e-con e-parent\" data-id=\"142b2c7\" data-element_type=\"container\" data-e-type=\"container\">\n\t\t\t\t\t<div class=\"e-con-inner\">\n\t\t\t\t<div class=\"elementor-element elementor-element-20629715 elementor-widget elementor-widget-text-editor\" data-id=\"20629715\" data-element_type=\"widget\" data-e-type=\"widget\" data-widget_type=\"text-editor.default\">\n\t\t\t\t<div class=\"elementor-widget-container\">\n\t\t\t\t\t\t\t\t\t<p>Hodaj &amp; Partners ofron sh\u00ebrbime p\u00ebr t\u00eb gjitha aspektet e t\u00eb drejt\u00ebs s\u00eb pun\u00ebs n\u00eb Kosov\u00eb, nga rekrutimi deri te pensionimi, duke p\u00ebrfshi burimet njer\u00ebzore dhe \u00e7\u00ebshtjet e imigrimit n\u00eb baz\u00eb t\u00eb s\u0451 drejt\u00ebs s\u00eb pun\u00ebsimit.<\/p><p>Ne i k\u00ebshillojm\u00eb rregullisht klient\u00ebt tan\u00eb mbi detyrimet ligjore t\u00eb marr\u00ebdh\u00ebnieve t\u00eb tyre t\u00eb pun\u00ebs, si\u00e7 jan\u00eb standardet e pun\u00ebsimit, t\u00eb drejtat e njeriut dhe kompensimi i pun\u00ebtor\u00ebve. Ne i ndihmojm\u00eb klient\u00ebt tan\u00eb n\u00eb p\u00ebrgatitjen dhe negocimin e kontratave t\u00eb pun\u00ebs dhe n\u00eb hartimin e t\u00eb gjitha politikave dhe procedurave t\u00eb burimeve njer\u00ebzore. Ne gjithashtu ofrojm\u00eb k\u00ebshilla mbi procedurat disiplinore, ristrukturimin e fuqis\u00eb pun\u00ebtore dhe nd\u00ebrprerjen e marr\u00ebdh\u00ebnieve t\u00eb pun\u00ebsimit, dhe p\u00ebrfaq\u00ebsojm\u00eb klient\u00ebt tan\u00eb n\u00eb gjykata, tribunale t\u00eb arbitrazhit dhe procedura para inspektorateve n\u00eb t\u00eb gjitha \u00e7\u00ebshtjet e lidhura me pun\u00ebsimin.<\/p><p>N\u00eb m\u00ebnyr\u00eb proaktive dhe praktike ne ofrojm\u00eb k\u00ebshilla komerciale p\u00ebr ti plot\u00ebsuar k\u00ebrkesat specifike t\u00eb klient\u00ebve tan\u00eb q\u00eb kan\u00eb t\u00eb b\u00ebjn\u00eb me t\u00eb drejt\u00ebn e pun\u00ebs n\u00eb p\u00ebrputhshm\u00ebri me k\u00ebrkesat rigoroze t\u00eb korniz\u00ebs ligjore n\u00eb t\u00eb cilin veprojn\u00eb klient\u00ebt tan\u00eb.<\/p>\t\t\t\t\t\t\t\t<\/div>\n\t\t\t\t<\/div>\n\t\t\t\t\t<\/div>\n\t\t\t\t<\/div>\n\t\t\t\t<\/div>","protected":false},"excerpt":{"rendered":"<p>Labour &#038; Employment Law Hodaj &amp; Partners offers legal services regarding all aspects of labour and employment law matters in Kosovo, from recruitment to retirement, including human resources and immigration&hellip;<\/p>","protected":false},"author":2,"featured_media":0,"parent":4706,"menu_order":0,"comment_status":"closed","ping_status":"open","template":"","meta":{"_lmt_disableupdate":"","_lmt_disable":"","footnotes":""},"class_list":["post-1308","page","type-page","status-publish","hentry"],"yoast_head":"<!-- This site is optimized with the Yoast SEO plugin v26.8 - https:\/\/yoast.com\/product\/yoast-seo-wordpress\/ -->\n<title>Labour &amp; Employment Law - Hodaj &amp; Partners L.L.C.<\/title>\n<meta name=\"robots\" content=\"index, follow, max-snippet:-1, max-image-preview:large, max-video-preview:-1\" \/>\n<link rel=\"canonical\" href=\"https:\/\/hodajlaw.com\/sq\/areas-of-practice\/labour-employment-law\/\" \/>\n<meta property=\"og:locale\" content=\"sq_AL\" \/>\n<meta property=\"og:type\" content=\"article\" \/>\n<meta property=\"og:title\" content=\"Labour &amp; Employment Law - Hodaj &amp; Partners L.L.C.\" \/>\n<meta property=\"og:description\" content=\"Labour &#038; Employment Law Hodaj &amp; Partners offers legal services regarding all aspects of labour and employment law matters in Kosovo, from recruitment to retirement, including human resources and immigration&hellip;\" \/>\n<meta property=\"og:url\" content=\"https:\/\/hodajlaw.com\/sq\/areas-of-practice\/labour-employment-law\/\" \/>\n<meta property=\"og:site_name\" content=\"Hodaj &amp; Partners L.L.C.\" \/>\n<meta property=\"article:modified_time\" content=\"2025-09-16T18:45:56+00:00\" \/>\n<meta property=\"og:image\" content=\"https:\/\/hodajlaw.com\/wp-content\/uploads\/2024\/01\/LabourEmploymentLaw-01.svg\" \/>\n<meta name=\"twitter:card\" content=\"summary_large_image\" \/>\n<meta name=\"twitter:label1\" content=\"Est. reading time\" \/>\n\t<meta name=\"twitter:data1\" content=\"1 minut\u00eb\" \/>\n<script type=\"application\/ld+json\" class=\"yoast-schema-graph\">{\"@context\":\"https:\/\/schema.org\",\"@graph\":[{\"@type\":\"WebPage\",\"@id\":\"https:\/\/hodajlaw.com\/areas-of-practice\/labour-employment-law\/\",\"url\":\"https:\/\/hodajlaw.com\/areas-of-practice\/labour-employment-law\/\",\"name\":\"Labour & Employment Law - Hodaj &amp; Partners L.L.C.\",\"isPartOf\":{\"@id\":\"https:\/\/hodajlaw.com\/#website\"},\"primaryImageOfPage\":{\"@id\":\"https:\/\/hodajlaw.com\/areas-of-practice\/labour-employment-law\/#primaryimage\"},\"image\":{\"@id\":\"https:\/\/hodajlaw.com\/areas-of-practice\/labour-employment-law\/#primaryimage\"},\"thumbnailUrl\":\"https:\/\/hodajlaw.com\/wp-content\/uploads\/2024\/01\/LabourEmploymentLaw-01.svg\",\"datePublished\":\"2019-02-21T17:57:15+00:00\",\"dateModified\":\"2025-09-16T18:45:56+00:00\",\"breadcrumb\":{\"@id\":\"https:\/\/hodajlaw.com\/areas-of-practice\/labour-employment-law\/#breadcrumb\"},\"inLanguage\":\"sq\",\"potentialAction\":[{\"@type\":\"ReadAction\",\"target\":[\"https:\/\/hodajlaw.com\/areas-of-practice\/labour-employment-law\/\"]}]},{\"@type\":\"ImageObject\",\"inLanguage\":\"sq\",\"@id\":\"https:\/\/hodajlaw.com\/areas-of-practice\/labour-employment-law\/#primaryimage\",\"url\":\"https:\/\/hodajlaw.com\/wp-content\/uploads\/2024\/01\/LabourEmploymentLaw-01.svg\",\"contentUrl\":\"https:\/\/hodajlaw.com\/wp-content\/uploads\/2024\/01\/LabourEmploymentLaw-01.svg\"},{\"@type\":\"BreadcrumbList\",\"@id\":\"https:\/\/hodajlaw.com\/areas-of-practice\/labour-employment-law\/#breadcrumb\",\"itemListElement\":[{\"@type\":\"ListItem\",\"position\":1,\"name\":\"Home\",\"item\":\"https:\/\/hodajlaw.com\/\"},{\"@type\":\"ListItem\",\"position\":2,\"name\":\"Areas of Practice\",\"item\":\"https:\/\/hodajlaw.com\/areas-of-practice\/\"},{\"@type\":\"ListItem\",\"position\":3,\"name\":\"Labour &#038; Employment Law\"}]},{\"@type\":\"WebSite\",\"@id\":\"https:\/\/hodajlaw.com\/#website\",\"url\":\"https:\/\/hodajlaw.com\/\",\"name\":\"Hodaj &amp; Partners L.L.C.\",\"description\":\"Hodaj &amp; Partners\",\"potentialAction\":[{\"@type\":\"SearchAction\",\"target\":{\"@type\":\"EntryPoint\",\"urlTemplate\":\"https:\/\/hodajlaw.com\/?s={search_term_string}\"},\"query-input\":{\"@type\":\"PropertyValueSpecification\",\"valueRequired\":true,\"valueName\":\"search_term_string\"}}],\"inLanguage\":\"sq\"}]}<\/script>\n<!-- \/ Yoast SEO plugin. -->","yoast_head_json":{"title":"Labour & Employment Law - Hodaj &amp; Partners L.L.C.","robots":{"index":"index","follow":"follow","max-snippet":"max-snippet:-1","max-image-preview":"max-image-preview:large","max-video-preview":"max-video-preview:-1"},"canonical":"https:\/\/hodajlaw.com\/sq\/areas-of-practice\/labour-employment-law\/","og_locale":"sq_AL","og_type":"article","og_title":"Labour & Employment Law - Hodaj &amp; Partners L.L.C.","og_description":"Labour &#038; Employment Law Hodaj &amp; Partners offers legal services regarding all aspects of labour and employment law matters in Kosovo, from recruitment to retirement, including human resources and immigration&hellip;","og_url":"https:\/\/hodajlaw.com\/sq\/areas-of-practice\/labour-employment-law\/","og_site_name":"Hodaj &amp; Partners L.L.C.","article_modified_time":"2025-09-16T18:45:56+00:00","og_image":[{"url":"https:\/\/hodajlaw.com\/wp-content\/uploads\/2024\/01\/LabourEmploymentLaw-01.svg","type":"","width":"","height":""}],"twitter_card":"summary_large_image","twitter_misc":{"Est. reading time":"1 minut\u00eb"},"schema":{"@context":"https:\/\/schema.org","@graph":[{"@type":"WebPage","@id":"https:\/\/hodajlaw.com\/areas-of-practice\/labour-employment-law\/","url":"https:\/\/hodajlaw.com\/areas-of-practice\/labour-employment-law\/","name":"Labour & Employment Law - Hodaj &amp; Partners L.L.C.","isPartOf":{"@id":"https:\/\/hodajlaw.com\/#website"},"primaryImageOfPage":{"@id":"https:\/\/hodajlaw.com\/areas-of-practice\/labour-employment-law\/#primaryimage"},"image":{"@id":"https:\/\/hodajlaw.com\/areas-of-practice\/labour-employment-law\/#primaryimage"},"thumbnailUrl":"https:\/\/hodajlaw.com\/wp-content\/uploads\/2024\/01\/LabourEmploymentLaw-01.svg","datePublished":"2019-02-21T17:57:15+00:00","dateModified":"2025-09-16T18:45:56+00:00","breadcrumb":{"@id":"https:\/\/hodajlaw.com\/areas-of-practice\/labour-employment-law\/#breadcrumb"},"inLanguage":"sq","potentialAction":[{"@type":"ReadAction","target":["https:\/\/hodajlaw.com\/areas-of-practice\/labour-employment-law\/"]}]},{"@type":"ImageObject","inLanguage":"sq","@id":"https:\/\/hodajlaw.com\/areas-of-practice\/labour-employment-law\/#primaryimage","url":"https:\/\/hodajlaw.com\/wp-content\/uploads\/2024\/01\/LabourEmploymentLaw-01.svg","contentUrl":"https:\/\/hodajlaw.com\/wp-content\/uploads\/2024\/01\/LabourEmploymentLaw-01.svg"},{"@type":"BreadcrumbList","@id":"https:\/\/hodajlaw.com\/areas-of-practice\/labour-employment-law\/#breadcrumb","itemListElement":[{"@type":"ListItem","position":1,"name":"Home","item":"https:\/\/hodajlaw.com\/"},{"@type":"ListItem","position":2,"name":"Areas of Practice","item":"https:\/\/hodajlaw.com\/areas-of-practice\/"},{"@type":"ListItem","position":3,"name":"Labour &#038; Employment Law"}]},{"@type":"WebSite","@id":"https:\/\/hodajlaw.com\/#website","url":"https:\/\/hodajlaw.com\/","name":"Hodaj &amp; Partners L.L.C.","description":"Hodaj &amp; Partners","potentialAction":[{"@type":"SearchAction","target":{"@type":"EntryPoint","urlTemplate":"https:\/\/hodajlaw.com\/?s={search_term_string}"},"query-input":{"@type":"PropertyValueSpecification","valueRequired":true,"valueName":"search_term_string"}}],"inLanguage":"sq"}]}},"_links":{"self":[{"href":"https:\/\/hodajlaw.com\/sq\/wp-json\/wp\/v2\/pages\/1308","targetHints":{"allow":["GET"]}}],"collection":[{"href":"https:\/\/hodajlaw.com\/sq\/wp-json\/wp\/v2\/pages"}],"about":[{"href":"https:\/\/hodajlaw.com\/sq\/wp-json\/wp\/v2\/types\/page"}],"author":[{"embeddable":true,"href":"https:\/\/hodajlaw.com\/sq\/wp-json\/wp\/v2\/users\/2"}],"replies":[{"embeddable":true,"href":"https:\/\/hodajlaw.com\/sq\/wp-json\/wp\/v2\/comments?post=1308"}],"version-history":[{"count":17,"href":"https:\/\/hodajlaw.com\/sq\/wp-json\/wp\/v2\/pages\/1308\/revisions"}],"predecessor-version":[{"id":6665,"href":"https:\/\/hodajlaw.com\/sq\/wp-json\/wp\/v2\/pages\/1308\/revisions\/6665"}],"up":[{"embeddable":true,"href":"https:\/\/hodajlaw.com\/sq\/wp-json\/wp\/v2\/pages\/4706"}],"wp:attachment":[{"href":"https:\/\/hodajlaw.com\/sq\/wp-json\/wp\/v2\/media?parent=1308"}],"curies":[{"name":"wp","href":"https:\/\/api.w.org\/{rel}","templated":true}]}}