{"id":1319,"date":"2019-02-21T21:24:34","date_gmt":"2019-02-21T21:24:34","guid":{"rendered":"http:\/\/hodajlaw.com\/?page_id=1319"},"modified":"2025-09-16T19:24:05","modified_gmt":"2025-09-16T19:24:05","slug":"finance-law","status":"publish","type":"page","link":"https:\/\/hodajlaw.com\/sq\/areas-of-practice\/finance-law\/","title":{"rendered":"Finance &#038; Banking Law"},"content":{"rendered":"<div data-elementor-type=\"wp-page\" data-elementor-id=\"1319\" class=\"elementor elementor-1319\">\n\t\t\t\t<div class=\"elementor-element elementor-element-d7de2de e-flex e-con-boxed e-con e-parent\" data-id=\"d7de2de\" data-element_type=\"container\" data-e-type=\"container\">\n\t\t\t\t\t<div class=\"e-con-inner\">\n\t\t\t\t<div class=\"elementor-element elementor-element-af600ea elementor-widget elementor-widget-penci-info-box\" data-id=\"af600ea\" data-element_type=\"widget\" data-e-type=\"widget\" data-widget_type=\"penci-info-box.default\">\n\t\t\t\t<div class=\"elementor-widget-container\">\n\t\t\t\t\t        <div id=\"penci_info_box_75405\" class=\"penci-block-vc penci-info-box penci-ibox-top-center penci-view-default penci-shape-circle\">\n            <div class=\"penci-ibox-inner\">\n\t\t\t\t\t\t\t\t<div class=\"penci-ibox-icon penci-ibox-icon--image has-hover\"><a class=\"penci-ibox-icon-fa-fix\" href=\"\/sq\/areas-of-practice\/finance-law\/\"><\/a><a class=\"penci-ibox-icon-fa\" href=\"\/sq\/areas-of-practice\/finance-law\/\"><img decoding=\"async\" class=\"penci-ibox-img_active\" src=\"https:\/\/hodajlaw.com\/wp-content\/uploads\/2024\/01\/FinanceBanking-01.svg\" width=\"150\" height=\"150\"><img decoding=\"async\" class=\"penci-ibox-img_hover\" src=\"https:\/\/hodajlaw.com\/wp-content\/uploads\/2024\/01\/FinanceBanking-01.svg\" width=\"150\" height=\"150\"><\/a><\/div>                <div class=\"penci-ibox-content-wrap\">\n\t\t\t\t\t\t\t\t\t\t<h3\n                            class=\"penci-ibox-title\">Bankat dhe Financat<\/h3>\t\t\t\t\t\t\t\t\t\t\t\t\t\t\t                <\/div>\n            <\/div>\n        <\/div>\n\t\t\t\t\t\t<\/div>\n\t\t\t\t<\/div>\n\t\t\t\t\t<\/div>\n\t\t\t\t<\/div>\n\t\t<div class=\"elementor-element elementor-element-21370895 e-flex e-con-boxed e-con e-parent\" data-id=\"21370895\" data-element_type=\"container\" data-e-type=\"container\">\n\t\t\t\t\t<div class=\"e-con-inner\">\n\t\t\t\t<div class=\"elementor-element elementor-element-1e19084c elementor-widget elementor-widget-text-editor\" data-id=\"1e19084c\" data-element_type=\"widget\" data-e-type=\"widget\" data-widget_type=\"text-editor.default\">\n\t\t\t\t<div class=\"elementor-widget-container\">\n\t\t\t\t\t\t\t\t\t<p>Fusha e s\u00eb drejt\u00ebs financiare \u00ebsht\u00eb komplekse dhe mund t\u00eb jet\u00eb sfiduese p\u00ebr t'u menaxhuar. Ka nj\u00eb mori \u00e7\u00ebshtjesh q\u00eb mund t\u00eb pengojn\u00eb ose vonojn\u00eb transaksionet e biznesit. Ne kemi p\u00ebrvoj\u00eb t\u00eb gjer\u00eb n\u00eb t\u00eb drejt\u00ebn financiare dhe u kemi ofruar mb\u00ebshtetje me vler\u00eb t\u00eb pamatshme klient\u00ebve n\u00eb nj\u00eb gam\u00eb t\u00eb gjer\u00eb \u00e7\u00ebshtjesh q\u00eb lidhen me financat.<\/p><p>Ne u ofrojm\u00eb klient\u00ebve tan\u00eb k\u00ebshilla t\u00eb p\u00ebrshtatura dhe i p\u00ebrfaq\u00ebsojm\u00eb ata n\u00eb \u00e7\u00ebshtje financiare, t\u00eb tilla si financimi dhe ristrukturimi i borxhit, si dhe transaksionet financiare komb\u00ebtare ashtu edhe nd\u00ebrkomb\u00ebtare. Ne gjithashtu ofrojm\u00eb k\u00ebshilla ligjore n\u00eb lidhje me investimet.<\/p><p>Ne i ndihmojm\u00eb klient\u00ebt tan\u00eb n\u00eb sektorin bankar n\u00eb nj\u00eb gam\u00eb t\u00eb gjer\u00eb \u00e7\u00ebshtjesh financiare dhe rregullatore, duke i mb\u00ebshtetur ata n\u00eb \u00e7do faz\u00eb - nga licencimi me Bank\u00ebn Qendrore, deri te procedurat e mbik\u00ebqyrjes, etablimi i procedurave dhe politikave t\u00eb nevojshme t\u00eb k\u00ebrkuara me ligj.<\/p><p>Ne u ofrojm\u00eb ndihm\u00eb bankave, institucioneve financiare, subjekteve t\u00eb mikrofinanc\u00ebs, kompanive t\u00eb sigurimeve dhe investitor\u00ebve komb\u00ebtar\u00eb dhe nd\u00ebrkomb\u00ebtar\u00eb, duke i p\u00ebrfaq\u00ebsuar ata n\u00eb \u00e7\u00ebshtjet gjyq\u00ebsore bankare dhe financiare.<\/p><p>Ne e kuptojm\u00eb rolin kritik t\u00eb sektorit bankar dhe financiar dhe jemi t\u00eb pozicionuar mir\u00eb p\u00ebr t'u ofruar klient\u00ebve udh\u00ebzime ligjore q\u00eb u nevojiten n\u00eb t\u00eb gjitha \u00e7\u00ebshtjet kontraktuale dhe rregullatore n\u00eb k\u00ebt\u00eb fush\u00eb.<\/p>\t\t\t\t\t\t\t\t<\/div>\n\t\t\t\t<\/div>\n\t\t\t\t\t<\/div>\n\t\t\t\t<\/div>\n\t\t\t\t<\/div>","protected":false},"excerpt":{"rendered":"<p>Banking &#038; Finance The field of finance law is complex and can be challenging to navigate. There are a multitude of issues that can hinder or delay business transactions. We&hellip;<\/p>","protected":false},"author":1,"featured_media":0,"parent":4706,"menu_order":0,"comment_status":"closed","ping_status":"closed","template":"","meta":{"_lmt_disableupdate":"","_lmt_disable":"","footnotes":""},"class_list":["post-1319","page","type-page","status-publish","hentry"],"yoast_head":"<!-- This site is optimized with the Yoast SEO plugin v26.8 - https:\/\/yoast.com\/product\/yoast-seo-wordpress\/ -->\n<title>Finance &amp; Banking Law - Hodaj &amp; Partners L.L.C.<\/title>\n<meta name=\"robots\" content=\"index, follow, max-snippet:-1, max-image-preview:large, max-video-preview:-1\" \/>\n<link rel=\"canonical\" href=\"https:\/\/hodajlaw.com\/sq\/areas-of-practice\/finance-law\/\" \/>\n<meta property=\"og:locale\" content=\"sq_AL\" \/>\n<meta property=\"og:type\" content=\"article\" \/>\n<meta property=\"og:title\" content=\"Finance &amp; Banking Law - Hodaj &amp; Partners L.L.C.\" \/>\n<meta property=\"og:description\" content=\"Banking &#038; Finance The field of finance law is complex and can be challenging to navigate. There are a multitude of issues that can hinder or delay business transactions. We&hellip;\" \/>\n<meta property=\"og:url\" content=\"https:\/\/hodajlaw.com\/sq\/areas-of-practice\/finance-law\/\" \/>\n<meta property=\"og:site_name\" content=\"Hodaj &amp; Partners L.L.C.\" \/>\n<meta property=\"article:modified_time\" content=\"2025-09-16T19:24:05+00:00\" \/>\n<meta property=\"og:image\" content=\"https:\/\/hodajlaw.com\/wp-content\/uploads\/2024\/01\/FinanceBanking-01.svg\" \/>\n<meta name=\"twitter:card\" content=\"summary_large_image\" \/>\n<meta name=\"twitter:label1\" content=\"Est. reading time\" \/>\n\t<meta name=\"twitter:data1\" content=\"2 minuta\" \/>\n<script type=\"application\/ld+json\" class=\"yoast-schema-graph\">{\"@context\":\"https:\/\/schema.org\",\"@graph\":[{\"@type\":\"WebPage\",\"@id\":\"https:\/\/hodajlaw.com\/areas-of-practice\/finance-law\/\",\"url\":\"https:\/\/hodajlaw.com\/areas-of-practice\/finance-law\/\",\"name\":\"Finance & Banking Law - Hodaj &amp; Partners L.L.C.\",\"isPartOf\":{\"@id\":\"https:\/\/hodajlaw.com\/#website\"},\"primaryImageOfPage\":{\"@id\":\"https:\/\/hodajlaw.com\/areas-of-practice\/finance-law\/#primaryimage\"},\"image\":{\"@id\":\"https:\/\/hodajlaw.com\/areas-of-practice\/finance-law\/#primaryimage\"},\"thumbnailUrl\":\"https:\/\/hodajlaw.com\/wp-content\/uploads\/2024\/01\/FinanceBanking-01.svg\",\"datePublished\":\"2019-02-21T21:24:34+00:00\",\"dateModified\":\"2025-09-16T19:24:05+00:00\",\"breadcrumb\":{\"@id\":\"https:\/\/hodajlaw.com\/areas-of-practice\/finance-law\/#breadcrumb\"},\"inLanguage\":\"sq\",\"potentialAction\":[{\"@type\":\"ReadAction\",\"target\":[\"https:\/\/hodajlaw.com\/areas-of-practice\/finance-law\/\"]}]},{\"@type\":\"ImageObject\",\"inLanguage\":\"sq\",\"@id\":\"https:\/\/hodajlaw.com\/areas-of-practice\/finance-law\/#primaryimage\",\"url\":\"https:\/\/hodajlaw.com\/wp-content\/uploads\/2024\/01\/FinanceBanking-01.svg\",\"contentUrl\":\"https:\/\/hodajlaw.com\/wp-content\/uploads\/2024\/01\/FinanceBanking-01.svg\"},{\"@type\":\"BreadcrumbList\",\"@id\":\"https:\/\/hodajlaw.com\/areas-of-practice\/finance-law\/#breadcrumb\",\"itemListElement\":[{\"@type\":\"ListItem\",\"position\":1,\"name\":\"Home\",\"item\":\"https:\/\/hodajlaw.com\/\"},{\"@type\":\"ListItem\",\"position\":2,\"name\":\"Areas of Practice\",\"item\":\"https:\/\/hodajlaw.com\/areas-of-practice\/\"},{\"@type\":\"ListItem\",\"position\":3,\"name\":\"Finance &#038; Banking Law\"}]},{\"@type\":\"WebSite\",\"@id\":\"https:\/\/hodajlaw.com\/#website\",\"url\":\"https:\/\/hodajlaw.com\/\",\"name\":\"Hodaj &amp; Partners L.L.C.\",\"description\":\"Hodaj &amp; Partners\",\"potentialAction\":[{\"@type\":\"SearchAction\",\"target\":{\"@type\":\"EntryPoint\",\"urlTemplate\":\"https:\/\/hodajlaw.com\/?s={search_term_string}\"},\"query-input\":{\"@type\":\"PropertyValueSpecification\",\"valueRequired\":true,\"valueName\":\"search_term_string\"}}],\"inLanguage\":\"sq\"}]}<\/script>\n<!-- \/ Yoast SEO plugin. -->","yoast_head_json":{"title":"Finance & Banking Law - Hodaj &amp; Partners L.L.C.","robots":{"index":"index","follow":"follow","max-snippet":"max-snippet:-1","max-image-preview":"max-image-preview:large","max-video-preview":"max-video-preview:-1"},"canonical":"https:\/\/hodajlaw.com\/sq\/areas-of-practice\/finance-law\/","og_locale":"sq_AL","og_type":"article","og_title":"Finance & Banking Law - Hodaj &amp; Partners L.L.C.","og_description":"Banking &#038; Finance The field of finance law is complex and can be challenging to navigate. There are a multitude of issues that can hinder or delay business transactions. We&hellip;","og_url":"https:\/\/hodajlaw.com\/sq\/areas-of-practice\/finance-law\/","og_site_name":"Hodaj &amp; Partners L.L.C.","article_modified_time":"2025-09-16T19:24:05+00:00","og_image":[{"url":"https:\/\/hodajlaw.com\/wp-content\/uploads\/2024\/01\/FinanceBanking-01.svg","type":"","width":"","height":""}],"twitter_card":"summary_large_image","twitter_misc":{"Est. reading time":"2 minuta"},"schema":{"@context":"https:\/\/schema.org","@graph":[{"@type":"WebPage","@id":"https:\/\/hodajlaw.com\/areas-of-practice\/finance-law\/","url":"https:\/\/hodajlaw.com\/areas-of-practice\/finance-law\/","name":"Finance & Banking Law - Hodaj &amp; Partners L.L.C.","isPartOf":{"@id":"https:\/\/hodajlaw.com\/#website"},"primaryImageOfPage":{"@id":"https:\/\/hodajlaw.com\/areas-of-practice\/finance-law\/#primaryimage"},"image":{"@id":"https:\/\/hodajlaw.com\/areas-of-practice\/finance-law\/#primaryimage"},"thumbnailUrl":"https:\/\/hodajlaw.com\/wp-content\/uploads\/2024\/01\/FinanceBanking-01.svg","datePublished":"2019-02-21T21:24:34+00:00","dateModified":"2025-09-16T19:24:05+00:00","breadcrumb":{"@id":"https:\/\/hodajlaw.com\/areas-of-practice\/finance-law\/#breadcrumb"},"inLanguage":"sq","potentialAction":[{"@type":"ReadAction","target":["https:\/\/hodajlaw.com\/areas-of-practice\/finance-law\/"]}]},{"@type":"ImageObject","inLanguage":"sq","@id":"https:\/\/hodajlaw.com\/areas-of-practice\/finance-law\/#primaryimage","url":"https:\/\/hodajlaw.com\/wp-content\/uploads\/2024\/01\/FinanceBanking-01.svg","contentUrl":"https:\/\/hodajlaw.com\/wp-content\/uploads\/2024\/01\/FinanceBanking-01.svg"},{"@type":"BreadcrumbList","@id":"https:\/\/hodajlaw.com\/areas-of-practice\/finance-law\/#breadcrumb","itemListElement":[{"@type":"ListItem","position":1,"name":"Home","item":"https:\/\/hodajlaw.com\/"},{"@type":"ListItem","position":2,"name":"Areas of Practice","item":"https:\/\/hodajlaw.com\/areas-of-practice\/"},{"@type":"ListItem","position":3,"name":"Finance &#038; Banking Law"}]},{"@type":"WebSite","@id":"https:\/\/hodajlaw.com\/#website","url":"https:\/\/hodajlaw.com\/","name":"Hodaj &amp; Partners L.L.C.","description":"Hodaj &amp; Partners","potentialAction":[{"@type":"SearchAction","target":{"@type":"EntryPoint","urlTemplate":"https:\/\/hodajlaw.com\/?s={search_term_string}"},"query-input":{"@type":"PropertyValueSpecification","valueRequired":true,"valueName":"search_term_string"}}],"inLanguage":"sq"}]}},"_links":{"self":[{"href":"https:\/\/hodajlaw.com\/sq\/wp-json\/wp\/v2\/pages\/1319","targetHints":{"allow":["GET"]}}],"collection":[{"href":"https:\/\/hodajlaw.com\/sq\/wp-json\/wp\/v2\/pages"}],"about":[{"href":"https:\/\/hodajlaw.com\/sq\/wp-json\/wp\/v2\/types\/page"}],"author":[{"embeddable":true,"href":"https:\/\/hodajlaw.com\/sq\/wp-json\/wp\/v2\/users\/1"}],"replies":[{"embeddable":true,"href":"https:\/\/hodajlaw.com\/sq\/wp-json\/wp\/v2\/comments?post=1319"}],"version-history":[{"count":14,"href":"https:\/\/hodajlaw.com\/sq\/wp-json\/wp\/v2\/pages\/1319\/revisions"}],"predecessor-version":[{"id":6714,"href":"https:\/\/hodajlaw.com\/sq\/wp-json\/wp\/v2\/pages\/1319\/revisions\/6714"}],"up":[{"embeddable":true,"href":"https:\/\/hodajlaw.com\/sq\/wp-json\/wp\/v2\/pages\/4706"}],"wp:attachment":[{"href":"https:\/\/hodajlaw.com\/sq\/wp-json\/wp\/v2\/media?parent=1319"}],"curies":[{"name":"wp","href":"https:\/\/api.w.org\/{rel}","templated":true}]}}