{"id":1322,"date":"2019-02-22T08:42:31","date_gmt":"2019-02-22T08:42:31","guid":{"rendered":"http:\/\/hodajlaw.com\/?page_id=1322"},"modified":"2025-09-16T18:55:33","modified_gmt":"2025-09-16T18:55:33","slug":"energy-infrastructure","status":"publish","type":"page","link":"https:\/\/hodajlaw.com\/sq\/areas-of-practice\/energy-infrastructure\/","title":{"rendered":"Energy &#038; Infrastructure"},"content":{"rendered":"<div data-elementor-type=\"wp-page\" data-elementor-id=\"1322\" class=\"elementor elementor-1322\">\n\t\t\t\t<div class=\"elementor-element elementor-element-d216959 e-flex e-con-boxed e-con e-parent\" data-id=\"d216959\" data-element_type=\"container\" data-e-type=\"container\">\n\t\t\t\t\t<div class=\"e-con-inner\">\n\t\t\t\t<div class=\"elementor-element elementor-element-23e81b4 elementor-widget elementor-widget-penci-info-box\" data-id=\"23e81b4\" data-element_type=\"widget\" data-e-type=\"widget\" data-widget_type=\"penci-info-box.default\">\n\t\t\t\t<div class=\"elementor-widget-container\">\n\t\t\t\t\t        <div id=\"penci_info_box_24148\" class=\"penci-block-vc penci-info-box penci-ibox-top-center penci-view-default penci-shape-circle\">\n            <div class=\"penci-ibox-inner\">\n\t\t\t\t\t\t\t\t<div class=\"penci-ibox-icon penci-ibox-icon--image has-hover\"><a class=\"penci-ibox-icon-fa-fix\" href=\"\/sq\/areas-of-practice\/energy-infrastructure\/\"><\/a><a class=\"penci-ibox-icon-fa\" href=\"\/sq\/areas-of-practice\/energy-infrastructure\/\"><img decoding=\"async\" class=\"penci-ibox-img_active\" src=\"https:\/\/hodajlaw.com\/wp-content\/uploads\/2024\/01\/EnergyInfrastructure-01.svg\" width=\"150\" height=\"150\"><img decoding=\"async\" class=\"penci-ibox-img_hover\" src=\"https:\/\/hodajlaw.com\/wp-content\/uploads\/2024\/01\/EnergyInfrastructure-01.svg\" width=\"150\" height=\"150\"><\/a><\/div>                <div class=\"penci-ibox-content-wrap\">\n\t\t\t\t\t\t\t\t\t\t<h3\n                            class=\"penci-ibox-title\">Energjetika &amp; Infrastruktura<\/h3>\t\t\t\t\t\t\t\t\t\t\t\t\t\t\t                <\/div>\n            <\/div>\n        <\/div>\n\t\t\t\t\t\t<\/div>\n\t\t\t\t<\/div>\n\t\t\t\t\t<\/div>\n\t\t\t\t<\/div>\n\t\t<div class=\"elementor-element elementor-element-926893c e-flex e-con-boxed e-con e-parent\" data-id=\"926893c\" data-element_type=\"container\" data-e-type=\"container\">\n\t\t\t\t\t<div class=\"e-con-inner\">\n\t\t\t\t<div class=\"elementor-element elementor-element-55c36a91 elementor-widget elementor-widget-text-editor\" data-id=\"55c36a91\" data-element_type=\"widget\" data-e-type=\"widget\" data-widget_type=\"text-editor.default\">\n\t\t\t\t<div class=\"elementor-widget-container\">\n\t\t\t\t\t\t\t\t\t<p>Kosova \u00ebsht\u00eb e njohur p\u00ebr burimet natyrore p\u00ebr prodhim t\u00eb energjis\u00eb dhe p\u00ebr mineralet. Viteve t\u00eb fundit, sektori i energjetik\u00ebs ka p\u00ebrjetuar nj\u00eb num\u00ebr t\u00eb madh t\u00eb ndryshimeve thelb\u00ebsore \u2013 kjo p\u00ebr shkak t\u00eb procesit t\u00eb privatizimit n\u00eb prodhimin dhe distribuimin e energjis\u00eb p\u00ebr arsye t\u00eb hapjes s\u00eb tregut t\u00eb energjis\u00eb p\u00ebr t\u00eb rritur konkurrenc\u00ebn.<\/p><p>Ne ofrojm\u00eb sh\u00ebrbime ligjore gjith\u00ebp\u00ebrfshir\u00ebse n\u00eb t\u00eb gjitha fazat dhe fushat e sektor\u00ebve t\u00eb energjetik\u00ebs dhe infrastruktur\u00ebs. Puna jon\u00eb p\u00ebrfshin\u00eb strukturimin e projektit, financimin, negocimin e kontratave, p\u00ebrgatitjen dhe dor\u00ebzimin e licencave, duke p\u00ebrfshir\u00eb edhe shfryt\u00ebzimin e mineraleve, dhe pajtueshm\u00ebrin\u00eb rregullatore. Ne ndihmojm\u00eb pal\u00ebt e interesuara, duke p\u00ebrfshir\u00eb investitor\u00ebt privat\u00eb, subjektet dhe institucionet shum\u00ebpal\u00ebshe, q\u00eb k\u00ebrkojn\u00eb t\u00eb navigojn\u00eb n\u00eb kuadrin rregullator n\u00eb zhvillim t\u00eb Kosov\u00ebs dhe t\u00eb marrin pjes\u00eb n\u00eb projekte strategjike t\u00eb infrastruktur\u00ebs dhe energjis\u00eb.<\/p><p>Ne kemi p\u00ebrvoj\u00eb n\u00eb kryerjen e due diligence ligjore dhe sigurimin e ligjshm\u00ebris\u00eb n\u00eb transaksionet komplekse nd\u00ebrkufitare. Duke shfryt\u00ebzuar ekspertiz\u00ebn ton\u00eb t\u00eb thell\u00eb n\u00eb fushat kryesore t\u00eb praktik\u00ebs, duke p\u00ebrfshir\u00eb ligjin e korporatave dhe at\u00eb komercial, t\u00eb pron\u00ebs, t\u00eb tatimeve dhe t\u00eb pron\u00ebsis\u00eb intelektuale, ne ofrojm\u00eb rezultate komercialisht efektive dhe ligj\u00ebrisht t\u00eb forta p\u00ebr klient\u00ebt q\u00eb operojn\u00eb n\u00eb sektor\u00ebt e energjetik\u00ebs dhe infrastruktur\u00ebs.<\/p><p>Projektet e energjetik\u00ebs dhe infrastruktur\u00ebs, pavar\u00ebsisht nga kompleksiteti i tyre, k\u00ebrkojn\u00eb mb\u00ebshtetje t\u00eb fuqishme ligjore n\u00eb t\u00eb gjitha aspektet e projektit. Ne kemi p\u00ebrvoj\u00eb t\u00eb gjer\u00eb n\u00eb k\u00ebt\u00eb fush\u00eb dhe k\u00ebshillojm\u00eb rregullisht kompanit\u00eb e p\u00ebrfshira n\u00eb projekte t\u00eb tilla.<\/p>\t\t\t\t\t\t\t\t<\/div>\n\t\t\t\t<\/div>\n\t\t\t\t\t<\/div>\n\t\t\t\t<\/div>\n\t\t\t\t<\/div>","protected":false},"excerpt":{"rendered":"<p>Energy &#038; Infrastructure Kosovo is known for its natural resources used in energy production and its minerals. In recent years, Kosovo\u2019s energy sector has undergone significant reform, largely driven by&hellip;<\/p>","protected":false},"author":1,"featured_media":0,"parent":4706,"menu_order":0,"comment_status":"closed","ping_status":"closed","template":"","meta":{"_lmt_disableupdate":"","_lmt_disable":"","footnotes":""},"class_list":["post-1322","page","type-page","status-publish","hentry"],"yoast_head":"<!-- This site is optimized with the Yoast SEO plugin v26.8 - https:\/\/yoast.com\/product\/yoast-seo-wordpress\/ -->\n<title>Energy &amp; Infrastructure - Hodaj &amp; Partners L.L.C.<\/title>\n<meta name=\"robots\" content=\"index, follow, max-snippet:-1, max-image-preview:large, max-video-preview:-1\" \/>\n<link rel=\"canonical\" href=\"https:\/\/hodajlaw.com\/sq\/areas-of-practice\/energy-infrastructure\/\" \/>\n<meta property=\"og:locale\" content=\"sq_AL\" \/>\n<meta property=\"og:type\" content=\"article\" \/>\n<meta property=\"og:title\" content=\"Energy &amp; Infrastructure - Hodaj &amp; Partners L.L.C.\" \/>\n<meta property=\"og:description\" content=\"Energy &#038; Infrastructure Kosovo is known for its natural resources used in energy production and its minerals. In recent years, Kosovo\u2019s energy sector has undergone significant reform, largely driven by&hellip;\" \/>\n<meta property=\"og:url\" content=\"https:\/\/hodajlaw.com\/sq\/areas-of-practice\/energy-infrastructure\/\" \/>\n<meta property=\"og:site_name\" content=\"Hodaj &amp; Partners L.L.C.\" \/>\n<meta property=\"article:modified_time\" content=\"2025-09-16T18:55:33+00:00\" \/>\n<meta property=\"og:image\" content=\"https:\/\/hodajlaw.com\/wp-content\/uploads\/2024\/01\/EnergyInfrastructure-01.svg\" \/>\n<meta name=\"twitter:card\" content=\"summary_large_image\" \/>\n<meta name=\"twitter:label1\" content=\"Est. reading time\" \/>\n\t<meta name=\"twitter:data1\" content=\"1 minut\u00eb\" \/>\n<script type=\"application\/ld+json\" class=\"yoast-schema-graph\">{\"@context\":\"https:\/\/schema.org\",\"@graph\":[{\"@type\":\"WebPage\",\"@id\":\"https:\/\/hodajlaw.com\/areas-of-practice\/energy-infrastructure\/\",\"url\":\"https:\/\/hodajlaw.com\/areas-of-practice\/energy-infrastructure\/\",\"name\":\"Energy & Infrastructure - Hodaj &amp; Partners L.L.C.\",\"isPartOf\":{\"@id\":\"https:\/\/hodajlaw.com\/#website\"},\"primaryImageOfPage\":{\"@id\":\"https:\/\/hodajlaw.com\/areas-of-practice\/energy-infrastructure\/#primaryimage\"},\"image\":{\"@id\":\"https:\/\/hodajlaw.com\/areas-of-practice\/energy-infrastructure\/#primaryimage\"},\"thumbnailUrl\":\"https:\/\/hodajlaw.com\/wp-content\/uploads\/2024\/01\/EnergyInfrastructure-01.svg\",\"datePublished\":\"2019-02-22T08:42:31+00:00\",\"dateModified\":\"2025-09-16T18:55:33+00:00\",\"breadcrumb\":{\"@id\":\"https:\/\/hodajlaw.com\/areas-of-practice\/energy-infrastructure\/#breadcrumb\"},\"inLanguage\":\"sq\",\"potentialAction\":[{\"@type\":\"ReadAction\",\"target\":[\"https:\/\/hodajlaw.com\/areas-of-practice\/energy-infrastructure\/\"]}]},{\"@type\":\"ImageObject\",\"inLanguage\":\"sq\",\"@id\":\"https:\/\/hodajlaw.com\/areas-of-practice\/energy-infrastructure\/#primaryimage\",\"url\":\"https:\/\/hodajlaw.com\/wp-content\/uploads\/2024\/01\/EnergyInfrastructure-01.svg\",\"contentUrl\":\"https:\/\/hodajlaw.com\/wp-content\/uploads\/2024\/01\/EnergyInfrastructure-01.svg\"},{\"@type\":\"BreadcrumbList\",\"@id\":\"https:\/\/hodajlaw.com\/areas-of-practice\/energy-infrastructure\/#breadcrumb\",\"itemListElement\":[{\"@type\":\"ListItem\",\"position\":1,\"name\":\"Home\",\"item\":\"https:\/\/hodajlaw.com\/\"},{\"@type\":\"ListItem\",\"position\":2,\"name\":\"Areas of Practice\",\"item\":\"https:\/\/hodajlaw.com\/areas-of-practice\/\"},{\"@type\":\"ListItem\",\"position\":3,\"name\":\"Energy &#038; Infrastructure\"}]},{\"@type\":\"WebSite\",\"@id\":\"https:\/\/hodajlaw.com\/#website\",\"url\":\"https:\/\/hodajlaw.com\/\",\"name\":\"Hodaj &amp; Partners L.L.C.\",\"description\":\"Hodaj &amp; Partners\",\"potentialAction\":[{\"@type\":\"SearchAction\",\"target\":{\"@type\":\"EntryPoint\",\"urlTemplate\":\"https:\/\/hodajlaw.com\/?s={search_term_string}\"},\"query-input\":{\"@type\":\"PropertyValueSpecification\",\"valueRequired\":true,\"valueName\":\"search_term_string\"}}],\"inLanguage\":\"sq\"}]}<\/script>\n<!-- \/ Yoast SEO plugin. -->","yoast_head_json":{"title":"Energy & Infrastructure - Hodaj &amp; Partners L.L.C.","robots":{"index":"index","follow":"follow","max-snippet":"max-snippet:-1","max-image-preview":"max-image-preview:large","max-video-preview":"max-video-preview:-1"},"canonical":"https:\/\/hodajlaw.com\/sq\/areas-of-practice\/energy-infrastructure\/","og_locale":"sq_AL","og_type":"article","og_title":"Energy & Infrastructure - Hodaj &amp; Partners L.L.C.","og_description":"Energy &#038; Infrastructure Kosovo is known for its natural resources used in energy production and its minerals. In recent years, Kosovo\u2019s energy sector has undergone significant reform, largely driven by&hellip;","og_url":"https:\/\/hodajlaw.com\/sq\/areas-of-practice\/energy-infrastructure\/","og_site_name":"Hodaj &amp; Partners L.L.C.","article_modified_time":"2025-09-16T18:55:33+00:00","og_image":[{"url":"https:\/\/hodajlaw.com\/wp-content\/uploads\/2024\/01\/EnergyInfrastructure-01.svg","type":"","width":"","height":""}],"twitter_card":"summary_large_image","twitter_misc":{"Est. reading time":"1 minut\u00eb"},"schema":{"@context":"https:\/\/schema.org","@graph":[{"@type":"WebPage","@id":"https:\/\/hodajlaw.com\/areas-of-practice\/energy-infrastructure\/","url":"https:\/\/hodajlaw.com\/areas-of-practice\/energy-infrastructure\/","name":"Energy & Infrastructure - Hodaj &amp; Partners L.L.C.","isPartOf":{"@id":"https:\/\/hodajlaw.com\/#website"},"primaryImageOfPage":{"@id":"https:\/\/hodajlaw.com\/areas-of-practice\/energy-infrastructure\/#primaryimage"},"image":{"@id":"https:\/\/hodajlaw.com\/areas-of-practice\/energy-infrastructure\/#primaryimage"},"thumbnailUrl":"https:\/\/hodajlaw.com\/wp-content\/uploads\/2024\/01\/EnergyInfrastructure-01.svg","datePublished":"2019-02-22T08:42:31+00:00","dateModified":"2025-09-16T18:55:33+00:00","breadcrumb":{"@id":"https:\/\/hodajlaw.com\/areas-of-practice\/energy-infrastructure\/#breadcrumb"},"inLanguage":"sq","potentialAction":[{"@type":"ReadAction","target":["https:\/\/hodajlaw.com\/areas-of-practice\/energy-infrastructure\/"]}]},{"@type":"ImageObject","inLanguage":"sq","@id":"https:\/\/hodajlaw.com\/areas-of-practice\/energy-infrastructure\/#primaryimage","url":"https:\/\/hodajlaw.com\/wp-content\/uploads\/2024\/01\/EnergyInfrastructure-01.svg","contentUrl":"https:\/\/hodajlaw.com\/wp-content\/uploads\/2024\/01\/EnergyInfrastructure-01.svg"},{"@type":"BreadcrumbList","@id":"https:\/\/hodajlaw.com\/areas-of-practice\/energy-infrastructure\/#breadcrumb","itemListElement":[{"@type":"ListItem","position":1,"name":"Home","item":"https:\/\/hodajlaw.com\/"},{"@type":"ListItem","position":2,"name":"Areas of Practice","item":"https:\/\/hodajlaw.com\/areas-of-practice\/"},{"@type":"ListItem","position":3,"name":"Energy &#038; Infrastructure"}]},{"@type":"WebSite","@id":"https:\/\/hodajlaw.com\/#website","url":"https:\/\/hodajlaw.com\/","name":"Hodaj &amp; Partners L.L.C.","description":"Hodaj &amp; Partners","potentialAction":[{"@type":"SearchAction","target":{"@type":"EntryPoint","urlTemplate":"https:\/\/hodajlaw.com\/?s={search_term_string}"},"query-input":{"@type":"PropertyValueSpecification","valueRequired":true,"valueName":"search_term_string"}}],"inLanguage":"sq"}]}},"_links":{"self":[{"href":"https:\/\/hodajlaw.com\/sq\/wp-json\/wp\/v2\/pages\/1322","targetHints":{"allow":["GET"]}}],"collection":[{"href":"https:\/\/hodajlaw.com\/sq\/wp-json\/wp\/v2\/pages"}],"about":[{"href":"https:\/\/hodajlaw.com\/sq\/wp-json\/wp\/v2\/types\/page"}],"author":[{"embeddable":true,"href":"https:\/\/hodajlaw.com\/sq\/wp-json\/wp\/v2\/users\/1"}],"replies":[{"embeddable":true,"href":"https:\/\/hodajlaw.com\/sq\/wp-json\/wp\/v2\/comments?post=1322"}],"version-history":[{"count":11,"href":"https:\/\/hodajlaw.com\/sq\/wp-json\/wp\/v2\/pages\/1322\/revisions"}],"predecessor-version":[{"id":6695,"href":"https:\/\/hodajlaw.com\/sq\/wp-json\/wp\/v2\/pages\/1322\/revisions\/6695"}],"up":[{"embeddable":true,"href":"https:\/\/hodajlaw.com\/sq\/wp-json\/wp\/v2\/pages\/4706"}],"wp:attachment":[{"href":"https:\/\/hodajlaw.com\/sq\/wp-json\/wp\/v2\/media?parent=1322"}],"curies":[{"name":"wp","href":"https:\/\/api.w.org\/{rel}","templated":true}]}}