{"id":1325,"date":"2019-02-22T08:44:39","date_gmt":"2019-02-22T08:44:39","guid":{"rendered":"http:\/\/hodajlaw.com\/?page_id=1325"},"modified":"2025-09-16T18:55:12","modified_gmt":"2025-09-16T18:55:12","slug":"intellectual-property-law","status":"publish","type":"page","link":"https:\/\/hodajlaw.com\/sq\/areas-of-practice\/intellectual-property-law\/","title":{"rendered":"E Drejta e Pron\u00ebsis\u00eb Intelektuale"},"content":{"rendered":"<div data-elementor-type=\"wp-page\" data-elementor-id=\"1325\" class=\"elementor elementor-1325\">\n\t\t\t\t<div class=\"elementor-element elementor-element-8f69218 e-flex e-con-boxed e-con e-parent\" data-id=\"8f69218\" data-element_type=\"container\" data-e-type=\"container\">\n\t\t\t\t\t<div class=\"e-con-inner\">\n\t\t\t\t<div class=\"elementor-element elementor-element-c67bc1d elementor-widget elementor-widget-penci-info-box\" data-id=\"c67bc1d\" data-element_type=\"widget\" data-e-type=\"widget\" data-widget_type=\"penci-info-box.default\">\n\t\t\t\t<div class=\"elementor-widget-container\">\n\t\t\t\t\t        <div id=\"penci_info_box_5153\" class=\"penci-block-vc penci-info-box penci-ibox-top-center penci-view-default penci-shape-circle\">\n            <div class=\"penci-ibox-inner\">\n\t\t\t\t\t\t\t\t<div class=\"penci-ibox-icon penci-ibox-icon--image has-hover\"><a class=\"penci-ibox-icon-fa-fix\" href=\"\/sq\/areas-of-practice\/intellectual-property-law\/\"><\/a><a class=\"penci-ibox-icon-fa\" href=\"\/sq\/areas-of-practice\/intellectual-property-law\/\"><img decoding=\"async\" class=\"penci-ibox-img_active\" src=\"https:\/\/hodajlaw.com\/wp-content\/uploads\/2024\/01\/IntellectualPropertyLaw-01.svg\" width=\"150\" height=\"150\"><img decoding=\"async\" class=\"penci-ibox-img_hover\" src=\"https:\/\/hodajlaw.com\/wp-content\/uploads\/2024\/01\/IntellectualPropertyLaw-01.svg\" width=\"150\" height=\"150\"><\/a><\/div>                <div class=\"penci-ibox-content-wrap\">\n\t\t\t\t\t\t\t\t\t\t<h3\n                            class=\"penci-ibox-title\">E Drejta e Pron\u00ebsis\u00eb Intelektuale<\/h3>\t\t\t\t\t\t\t\t\t\t\t\t\t\t\t                <\/div>\n            <\/div>\n        <\/div>\n\t\t\t\t\t\t<\/div>\n\t\t\t\t<\/div>\n\t\t\t\t\t<\/div>\n\t\t\t\t<\/div>\n\t\t<div class=\"elementor-element elementor-element-1f541e1c e-flex e-con-boxed e-con e-parent\" data-id=\"1f541e1c\" data-element_type=\"container\" data-e-type=\"container\">\n\t\t\t\t\t<div class=\"e-con-inner\">\n\t\t\t\t<div class=\"elementor-element elementor-element-1ca71296 elementor-widget elementor-widget-text-editor\" data-id=\"1ca71296\" data-element_type=\"widget\" data-e-type=\"widget\" data-widget_type=\"text-editor.default\">\n\t\t\t\t<div class=\"elementor-widget-container\">\n\t\t\t\t\t\t\t\t\t<p>P\u00ebrq\u00ebndrimi jon\u00eb kryesor n\u00eb fush\u00ebn e t\u00eb drejt\u00ebs s\u00eb pron\u00ebsis\u00eb intelektuale shtrihet n\u00eb dy deg\u00eb: n\u00eb markat tregtare dhe n\u00eb t\u00eb drejtat e autorit. Ne u ofrojm\u00eb p\u00ebrkrahje klient\u00ebve tan\u00eb q\u00eb ta mbrojn\u00eb emrin e biznesit t\u00eb tyre apo simbolin e mark\u00ebs s\u00eb tyre tregtare n\u00ebp\u00ebrmjet ligjit p\u00ebr marka tregtare t\u00eb aplikuesh\u00ebm n\u00eb Kosov\u00eb dhe jasht\u00eb.<\/p><p>Mbrojtja e t\u00eb drejt\u00ebs s\u00eb pron\u00ebsis\u00eb intelektuale n\u00eb Kosov\u00eb nuk \u00ebsht\u00eb e leht\u00eb, sepse Kosova ende ka munges\u00eb t\u00eb procedurave adekuate dhe efi\u04abiente q\u00eb jan\u00eb t\u00eb pranishme n\u00eb vend\u00ebt e zhvilluara, k\u00ebshtuq\u00eb shum\u00eb pun\u00eb duhet t\u00eb b\u00ebhet duke kontaktuar insitucionet relevante q\u00eb jan\u00eb p\u00ebrgjegj\u00ebse p\u00ebr k\u00ebto \u00e7\u00ebshtje. P\u00ebrvoja jon\u00eb dhe kontaktet tona t\u00eb krijuara me personat adekuat sigurojn\u00eb q\u00eb t\u00eb drejtat e pron\u00ebsis\u00eb intelektuale t\u00eb jen\u00eb gjith\u00ebmon\u00eb t\u00eb mbrojtura.<\/p><p>Kjo poashtu e vendos\u00eb Hodaj &amp; Partners n\u00eb avantazh n\u00eb rastet e p\u00ebrfaq\u00ebsimit gjyq\u00ebsor kur klient\u00ebve tan\u00eb ju b\u00ebh\u00ebn shkelje t\u00eb pron\u00ebsis\u00eb intelektuale. Ne p\u00ebrfaq\u00ebsojm\u00eb interesat e klient\u00ebve tan\u00eb para Agjencis\u00eb p\u00ebr Pron\u00ebsi Industriale dhe sigurohemi q\u00eb t\u00eb drejtat e tyre n\u00eb marka tregtare t\u00eb respektohen e t\u00eb mbrohen \u2013 duke i regjistruar ato, duke i ri-regjistruar dhe duke monitoruar regjistrat e markave tregtare p\u00ebr shkelje t\u00eb mundshme t\u00eb t\u00eb drejtave t\u00eb regjistruara.<\/p>\t\t\t\t\t\t\t\t<\/div>\n\t\t\t\t<\/div>\n\t\t\t\t\t<\/div>\n\t\t\t\t<\/div>\n\t\t\t\t<\/div>","protected":false},"excerpt":{"rendered":"<p>Intellectual Property Law Our main focus in the Intellectual Property area lies in two fields: Trademark and Copyright Law. We assist our clients in legally protecting their business name or&hellip;<\/p>","protected":false},"author":1,"featured_media":0,"parent":4706,"menu_order":0,"comment_status":"closed","ping_status":"closed","template":"","meta":{"_lmt_disableupdate":"","_lmt_disable":"","footnotes":""},"class_list":["post-1325","page","type-page","status-publish","hentry"],"yoast_head":"<!-- This site is optimized with the Yoast SEO plugin v26.8 - https:\/\/yoast.com\/product\/yoast-seo-wordpress\/ -->\n<title>Intellectual Property Law - Hodaj &amp; Partners L.L.C.<\/title>\n<meta name=\"robots\" content=\"index, follow, max-snippet:-1, max-image-preview:large, max-video-preview:-1\" \/>\n<link rel=\"canonical\" href=\"https:\/\/hodajlaw.com\/sq\/areas-of-practice\/intellectual-property-law\/\" \/>\n<meta property=\"og:locale\" content=\"sq_AL\" \/>\n<meta property=\"og:type\" content=\"article\" \/>\n<meta property=\"og:title\" content=\"Intellectual Property Law - Hodaj &amp; Partners L.L.C.\" \/>\n<meta property=\"og:description\" content=\"Intellectual Property Law Our main focus in the Intellectual Property area lies in two fields: Trademark and Copyright Law. We assist our clients in legally protecting their business name or&hellip;\" \/>\n<meta property=\"og:url\" content=\"https:\/\/hodajlaw.com\/sq\/areas-of-practice\/intellectual-property-law\/\" \/>\n<meta property=\"og:site_name\" content=\"Hodaj &amp; Partners L.L.C.\" \/>\n<meta property=\"article:modified_time\" content=\"2025-09-16T18:55:12+00:00\" \/>\n<meta property=\"og:image\" content=\"https:\/\/hodajlaw.com\/wp-content\/uploads\/2024\/01\/IntellectualPropertyLaw-01.svg\" \/>\n<meta name=\"twitter:card\" content=\"summary_large_image\" \/>\n<meta name=\"twitter:label1\" content=\"Est. reading time\" \/>\n\t<meta name=\"twitter:data1\" content=\"2 minuta\" \/>\n<script type=\"application\/ld+json\" class=\"yoast-schema-graph\">{\"@context\":\"https:\/\/schema.org\",\"@graph\":[{\"@type\":\"WebPage\",\"@id\":\"https:\/\/hodajlaw.com\/areas-of-practice\/intellectual-property-law\/\",\"url\":\"https:\/\/hodajlaw.com\/areas-of-practice\/intellectual-property-law\/\",\"name\":\"Intellectual Property Law - Hodaj &amp; Partners L.L.C.\",\"isPartOf\":{\"@id\":\"https:\/\/hodajlaw.com\/#website\"},\"primaryImageOfPage\":{\"@id\":\"https:\/\/hodajlaw.com\/areas-of-practice\/intellectual-property-law\/#primaryimage\"},\"image\":{\"@id\":\"https:\/\/hodajlaw.com\/areas-of-practice\/intellectual-property-law\/#primaryimage\"},\"thumbnailUrl\":\"https:\/\/hodajlaw.com\/wp-content\/uploads\/2024\/01\/IntellectualPropertyLaw-01.svg\",\"datePublished\":\"2019-02-22T08:44:39+00:00\",\"dateModified\":\"2025-09-16T18:55:12+00:00\",\"breadcrumb\":{\"@id\":\"https:\/\/hodajlaw.com\/areas-of-practice\/intellectual-property-law\/#breadcrumb\"},\"inLanguage\":\"sq\",\"potentialAction\":[{\"@type\":\"ReadAction\",\"target\":[\"https:\/\/hodajlaw.com\/areas-of-practice\/intellectual-property-law\/\"]}]},{\"@type\":\"ImageObject\",\"inLanguage\":\"sq\",\"@id\":\"https:\/\/hodajlaw.com\/areas-of-practice\/intellectual-property-law\/#primaryimage\",\"url\":\"https:\/\/hodajlaw.com\/wp-content\/uploads\/2024\/01\/IntellectualPropertyLaw-01.svg\",\"contentUrl\":\"https:\/\/hodajlaw.com\/wp-content\/uploads\/2024\/01\/IntellectualPropertyLaw-01.svg\"},{\"@type\":\"BreadcrumbList\",\"@id\":\"https:\/\/hodajlaw.com\/areas-of-practice\/intellectual-property-law\/#breadcrumb\",\"itemListElement\":[{\"@type\":\"ListItem\",\"position\":1,\"name\":\"Home\",\"item\":\"https:\/\/hodajlaw.com\/\"},{\"@type\":\"ListItem\",\"position\":2,\"name\":\"Areas of Practice\",\"item\":\"https:\/\/hodajlaw.com\/areas-of-practice\/\"},{\"@type\":\"ListItem\",\"position\":3,\"name\":\"Intellectual Property Law\"}]},{\"@type\":\"WebSite\",\"@id\":\"https:\/\/hodajlaw.com\/#website\",\"url\":\"https:\/\/hodajlaw.com\/\",\"name\":\"Hodaj &amp; Partners L.L.C.\",\"description\":\"Hodaj &amp; Partners\",\"potentialAction\":[{\"@type\":\"SearchAction\",\"target\":{\"@type\":\"EntryPoint\",\"urlTemplate\":\"https:\/\/hodajlaw.com\/?s={search_term_string}\"},\"query-input\":{\"@type\":\"PropertyValueSpecification\",\"valueRequired\":true,\"valueName\":\"search_term_string\"}}],\"inLanguage\":\"sq\"}]}<\/script>\n<!-- \/ Yoast SEO plugin. -->","yoast_head_json":{"title":"Intellectual Property Law - Hodaj &amp; Partners L.L.C.","robots":{"index":"index","follow":"follow","max-snippet":"max-snippet:-1","max-image-preview":"max-image-preview:large","max-video-preview":"max-video-preview:-1"},"canonical":"https:\/\/hodajlaw.com\/sq\/areas-of-practice\/intellectual-property-law\/","og_locale":"sq_AL","og_type":"article","og_title":"Intellectual Property Law - Hodaj &amp; Partners L.L.C.","og_description":"Intellectual Property Law Our main focus in the Intellectual Property area lies in two fields: Trademark and Copyright Law. We assist our clients in legally protecting their business name or&hellip;","og_url":"https:\/\/hodajlaw.com\/sq\/areas-of-practice\/intellectual-property-law\/","og_site_name":"Hodaj &amp; Partners L.L.C.","article_modified_time":"2025-09-16T18:55:12+00:00","og_image":[{"url":"https:\/\/hodajlaw.com\/wp-content\/uploads\/2024\/01\/IntellectualPropertyLaw-01.svg","type":"","width":"","height":""}],"twitter_card":"summary_large_image","twitter_misc":{"Est. reading time":"2 minuta"},"schema":{"@context":"https:\/\/schema.org","@graph":[{"@type":"WebPage","@id":"https:\/\/hodajlaw.com\/areas-of-practice\/intellectual-property-law\/","url":"https:\/\/hodajlaw.com\/areas-of-practice\/intellectual-property-law\/","name":"Intellectual Property Law - Hodaj &amp; Partners L.L.C.","isPartOf":{"@id":"https:\/\/hodajlaw.com\/#website"},"primaryImageOfPage":{"@id":"https:\/\/hodajlaw.com\/areas-of-practice\/intellectual-property-law\/#primaryimage"},"image":{"@id":"https:\/\/hodajlaw.com\/areas-of-practice\/intellectual-property-law\/#primaryimage"},"thumbnailUrl":"https:\/\/hodajlaw.com\/wp-content\/uploads\/2024\/01\/IntellectualPropertyLaw-01.svg","datePublished":"2019-02-22T08:44:39+00:00","dateModified":"2025-09-16T18:55:12+00:00","breadcrumb":{"@id":"https:\/\/hodajlaw.com\/areas-of-practice\/intellectual-property-law\/#breadcrumb"},"inLanguage":"sq","potentialAction":[{"@type":"ReadAction","target":["https:\/\/hodajlaw.com\/areas-of-practice\/intellectual-property-law\/"]}]},{"@type":"ImageObject","inLanguage":"sq","@id":"https:\/\/hodajlaw.com\/areas-of-practice\/intellectual-property-law\/#primaryimage","url":"https:\/\/hodajlaw.com\/wp-content\/uploads\/2024\/01\/IntellectualPropertyLaw-01.svg","contentUrl":"https:\/\/hodajlaw.com\/wp-content\/uploads\/2024\/01\/IntellectualPropertyLaw-01.svg"},{"@type":"BreadcrumbList","@id":"https:\/\/hodajlaw.com\/areas-of-practice\/intellectual-property-law\/#breadcrumb","itemListElement":[{"@type":"ListItem","position":1,"name":"Home","item":"https:\/\/hodajlaw.com\/"},{"@type":"ListItem","position":2,"name":"Areas of Practice","item":"https:\/\/hodajlaw.com\/areas-of-practice\/"},{"@type":"ListItem","position":3,"name":"Intellectual Property Law"}]},{"@type":"WebSite","@id":"https:\/\/hodajlaw.com\/#website","url":"https:\/\/hodajlaw.com\/","name":"Hodaj &amp; Partners L.L.C.","description":"Hodaj &amp; Partners","potentialAction":[{"@type":"SearchAction","target":{"@type":"EntryPoint","urlTemplate":"https:\/\/hodajlaw.com\/?s={search_term_string}"},"query-input":{"@type":"PropertyValueSpecification","valueRequired":true,"valueName":"search_term_string"}}],"inLanguage":"sq"}]}},"_links":{"self":[{"href":"https:\/\/hodajlaw.com\/sq\/wp-json\/wp\/v2\/pages\/1325","targetHints":{"allow":["GET"]}}],"collection":[{"href":"https:\/\/hodajlaw.com\/sq\/wp-json\/wp\/v2\/pages"}],"about":[{"href":"https:\/\/hodajlaw.com\/sq\/wp-json\/wp\/v2\/types\/page"}],"author":[{"embeddable":true,"href":"https:\/\/hodajlaw.com\/sq\/wp-json\/wp\/v2\/users\/1"}],"replies":[{"embeddable":true,"href":"https:\/\/hodajlaw.com\/sq\/wp-json\/wp\/v2\/comments?post=1325"}],"version-history":[{"count":14,"href":"https:\/\/hodajlaw.com\/sq\/wp-json\/wp\/v2\/pages\/1325\/revisions"}],"predecessor-version":[{"id":6692,"href":"https:\/\/hodajlaw.com\/sq\/wp-json\/wp\/v2\/pages\/1325\/revisions\/6692"}],"up":[{"embeddable":true,"href":"https:\/\/hodajlaw.com\/sq\/wp-json\/wp\/v2\/pages\/4706"}],"wp:attachment":[{"href":"https:\/\/hodajlaw.com\/sq\/wp-json\/wp\/v2\/media?parent=1325"}],"curies":[{"name":"wp","href":"https:\/\/api.w.org\/{rel}","templated":true}]}}