{"id":1336,"date":"2019-02-22T08:50:41","date_gmt":"2019-02-22T08:50:41","guid":{"rendered":"http:\/\/hodajlaw.com\/?page_id=1336"},"modified":"2025-09-16T18:51:56","modified_gmt":"2025-09-16T18:51:56","slug":"legal-due-diligence","status":"publish","type":"page","link":"https:\/\/hodajlaw.com\/sq\/areas-of-practice\/legal-due-diligence\/","title":{"rendered":"Due Diligence Ligjore"},"content":{"rendered":"<div data-elementor-type=\"wp-page\" data-elementor-id=\"1336\" class=\"elementor elementor-1336\">\n\t\t\t\t<div class=\"elementor-element elementor-element-c3eb686 e-flex e-con-boxed e-con e-parent\" data-id=\"c3eb686\" data-element_type=\"container\" data-e-type=\"container\">\n\t\t\t\t\t<div class=\"e-con-inner\">\n\t\t\t\t<div class=\"elementor-element elementor-element-231622a elementor-widget elementor-widget-penci-info-box\" data-id=\"231622a\" data-element_type=\"widget\" data-e-type=\"widget\" data-widget_type=\"penci-info-box.default\">\n\t\t\t\t<div class=\"elementor-widget-container\">\n\t\t\t\t\t        <div id=\"penci_info_box_11720\" class=\"penci-block-vc penci-info-box penci-ibox-top-center penci-view-default penci-shape-circle\">\n            <div class=\"penci-ibox-inner\">\n\t\t\t\t\t\t\t\t<div class=\"penci-ibox-icon penci-ibox-icon--image has-hover\"><a class=\"penci-ibox-icon-fa-fix\" href=\"\/sq\/areas-of-practice\/legal-due-diligence\/\"><\/a><a class=\"penci-ibox-icon-fa\" href=\"\/sq\/areas-of-practice\/legal-due-diligence\/\"><img decoding=\"async\" class=\"penci-ibox-img_active\" src=\"https:\/\/hodajlaw.com\/wp-content\/uploads\/2024\/01\/LegalDueDiligence-01.svg\" width=\"150\" height=\"150\"><img decoding=\"async\" class=\"penci-ibox-img_hover\" src=\"https:\/\/hodajlaw.com\/wp-content\/uploads\/2024\/01\/LegalDueDiligence-01.svg\" width=\"150\" height=\"150\"><\/a><\/div>                <div class=\"penci-ibox-content-wrap\">\n\t\t\t\t\t\t\t\t\t\t<h3\n                            class=\"penci-ibox-title\">Due Diligence Ligjore<\/h3>\t\t\t\t\t\t\t\t\t\t\t\t\t\t\t                <\/div>\n            <\/div>\n        <\/div>\n\t\t\t\t\t\t<\/div>\n\t\t\t\t<\/div>\n\t\t\t\t\t<\/div>\n\t\t\t\t<\/div>\n\t\t<div class=\"elementor-element elementor-element-570b142b e-flex e-con-boxed e-con e-parent\" data-id=\"570b142b\" data-element_type=\"container\" data-e-type=\"container\">\n\t\t\t\t\t<div class=\"e-con-inner\">\n\t\t\t\t<div class=\"elementor-element elementor-element-5dbf2e1 elementor-widget elementor-widget-text-editor\" data-id=\"5dbf2e1\" data-element_type=\"widget\" data-e-type=\"widget\" data-widget_type=\"text-editor.default\">\n\t\t\t\t<div class=\"elementor-widget-container\">\n\t\t\t\t\t\t\t\t\t<p>Gjat\u00eb procesit t\u00eb bashkimit t\u00eb dy kompanive (Merger) apo blerjes s\u00eb nj\u00eb shoq\u00ebrije tregtare nga nj\u00eb tjet\u00ebr (Acquisition) duhet t\u00eb b\u00ebhet vler\u00ebsimi i plot\u00eb i risqeve ligjore p\u00ebr asetet, kontratat, pun\u00ebsimin e personelit dhe impaktin e tyre juridik n\u00eb m\u00ebnyr\u00eb q\u00eb t\u00eb shmangen befasit\u00eb e paparashikuara. N\u00eb rast t\u00eb proceseve t\u00eb tilla, Due Diligence (analiza gjithperfshir\u00ebse) Ligjore \u00ebsht\u00eb po aq e r\u00ebnd\u00ebsishme sa edhe Due Diligence e Tatimeve dhe ajo Financiare.<\/p><p>Ekipi yn\u00eb ka pervoj\u00eb t\u00eb madhe n\u00eb shqyrtimin e kontratave t\u00eb m\u00ebdha, marr\u00ebveshjeve p\u00ebr blerje, studimeve t\u00eb ndryshme, policave t\u00eb sigurimeve, licencave dhe lejeve, si dhe t\u00eb gjitha dokumenteve tjera ligjore t\u00eb r\u00ebnd\u00ebsishme p\u00ebr shoq\u00ebrin\u00eb tregtare n\u00eb proceset e bashkimit (Merger) dhe blerjes s\u00eb shoq\u00ebrive tregtare (Acquisition).<\/p><p>P\u00ebr m\u00eb tep\u00ebr, n\u00eb zyr\u00ebn ton\u00eb e kemi nj\u00eb specialist me kredenciale Certified Fraud Examiner, CFE (Ekzaminues i \u00c7ertifikuar i Mashtrimeve) me nj\u00eb standard t\u00eb nivelit nd\u00ebrkomb\u00ebtar t\u00eb njohur si Gold Standard. N\u00eb k\u00ebt\u00eb drejtim, ne mund ta mb\u00ebshtesim kompanin\u00eb tuaj n\u00eb lidhje me ekzaminim e mashtrimit dhe vler\u00ebsimit te riskut.<\/p><p>Angazhimi me nj\u00eb Certified Fraud Examiner, CFE (Ekzaminues i \u00c7ertifikuar i Mashtrimeve) ofron nj\u00eb mund\u00ebsi t\u00eb shk\u00eblqyeshme  p\u00ebr kompanin\u00eb tuaj p\u00ebr t\u00eb adresuar n\u00eb m\u00ebnyr\u00eb proaktive \u00e7\u00ebshtjet q\u00eb lidhen me mashtrimin. CFE-t\u00eb jan\u00eb ekspert\u00eb n\u00eb zbulimin e mashtrimeve dhe ndihmojn\u00eb organizatat q\u00eb t\u00eb parandalojn\u00eb ato n\u00eb t\u00eb ardhmen. Proceset e forta t\u00eb parandalimit t\u00eb mashtrimeve ndihmojn\u00eb n\u00eb rritjen e besimit t\u00eb investitor\u00ebve, rregullator\u00ebve, an\u00ebtar\u00ebve t\u00eb komiteteve t\u00eb auditimit dhe publikut t\u00eb gjer\u00eb n\u00eb integritetin e raporteve financiare t\u00eb kompanis\u00eb tuaj. Kjo do t\u00eb ndihmoj\u00eb n\u00eb t\u00ebrheqjen dhe ruajtjen e marr\u00ebdh\u00ebnieve dhe kapitalit t\u00eb \u04abmuesh\u00ebm.<\/p>\t\t\t\t\t\t\t\t<\/div>\n\t\t\t\t<\/div>\n\t\t\t\t\t<\/div>\n\t\t\t\t<\/div>\n\t\t\t\t<\/div>","protected":false},"excerpt":{"rendered":"<p>Legal Due Diligence During a merger or acquisition, a thorough assessment of the legal risks must be performed across assets, contracts, employment matters, and other legal areas to help avoid&hellip;<\/p>","protected":false},"author":1,"featured_media":0,"parent":4706,"menu_order":0,"comment_status":"closed","ping_status":"closed","template":"","meta":{"_lmt_disableupdate":"","_lmt_disable":"","footnotes":""},"class_list":["post-1336","page","type-page","status-publish","hentry"],"yoast_head":"<!-- This site is optimized with the Yoast SEO plugin v26.8 - https:\/\/yoast.com\/product\/yoast-seo-wordpress\/ -->\n<title>Legal Due Diligence - Hodaj &amp; Partners L.L.C.<\/title>\n<meta name=\"robots\" content=\"index, follow, max-snippet:-1, max-image-preview:large, max-video-preview:-1\" \/>\n<link rel=\"canonical\" href=\"https:\/\/hodajlaw.com\/sq\/areas-of-practice\/legal-due-diligence\/\" \/>\n<meta property=\"og:locale\" content=\"sq_AL\" \/>\n<meta property=\"og:type\" content=\"article\" \/>\n<meta property=\"og:title\" content=\"Legal Due Diligence - Hodaj &amp; Partners L.L.C.\" \/>\n<meta property=\"og:description\" content=\"Legal Due Diligence During a merger or acquisition, a thorough assessment of the legal risks must be performed across assets, contracts, employment matters, and other legal areas to help avoid&hellip;\" \/>\n<meta property=\"og:url\" content=\"https:\/\/hodajlaw.com\/sq\/areas-of-practice\/legal-due-diligence\/\" \/>\n<meta property=\"og:site_name\" content=\"Hodaj &amp; Partners L.L.C.\" \/>\n<meta property=\"article:modified_time\" content=\"2025-09-16T18:51:56+00:00\" \/>\n<meta property=\"og:image\" content=\"https:\/\/hodajlaw.com\/wp-content\/uploads\/2024\/01\/LegalDueDiligence-01.svg\" \/>\n<meta name=\"twitter:card\" content=\"summary_large_image\" \/>\n<meta name=\"twitter:label1\" content=\"Est. reading time\" \/>\n\t<meta name=\"twitter:data1\" content=\"2 minuta\" \/>\n<script type=\"application\/ld+json\" class=\"yoast-schema-graph\">{\"@context\":\"https:\/\/schema.org\",\"@graph\":[{\"@type\":\"WebPage\",\"@id\":\"https:\/\/hodajlaw.com\/areas-of-practice\/legal-due-diligence\/\",\"url\":\"https:\/\/hodajlaw.com\/areas-of-practice\/legal-due-diligence\/\",\"name\":\"Legal Due Diligence - Hodaj &amp; Partners L.L.C.\",\"isPartOf\":{\"@id\":\"https:\/\/hodajlaw.com\/#website\"},\"primaryImageOfPage\":{\"@id\":\"https:\/\/hodajlaw.com\/areas-of-practice\/legal-due-diligence\/#primaryimage\"},\"image\":{\"@id\":\"https:\/\/hodajlaw.com\/areas-of-practice\/legal-due-diligence\/#primaryimage\"},\"thumbnailUrl\":\"https:\/\/hodajlaw.com\/wp-content\/uploads\/2024\/01\/LegalDueDiligence-01.svg\",\"datePublished\":\"2019-02-22T08:50:41+00:00\",\"dateModified\":\"2025-09-16T18:51:56+00:00\",\"breadcrumb\":{\"@id\":\"https:\/\/hodajlaw.com\/areas-of-practice\/legal-due-diligence\/#breadcrumb\"},\"inLanguage\":\"sq\",\"potentialAction\":[{\"@type\":\"ReadAction\",\"target\":[\"https:\/\/hodajlaw.com\/areas-of-practice\/legal-due-diligence\/\"]}]},{\"@type\":\"ImageObject\",\"inLanguage\":\"sq\",\"@id\":\"https:\/\/hodajlaw.com\/areas-of-practice\/legal-due-diligence\/#primaryimage\",\"url\":\"https:\/\/hodajlaw.com\/wp-content\/uploads\/2024\/01\/LegalDueDiligence-01.svg\",\"contentUrl\":\"https:\/\/hodajlaw.com\/wp-content\/uploads\/2024\/01\/LegalDueDiligence-01.svg\"},{\"@type\":\"BreadcrumbList\",\"@id\":\"https:\/\/hodajlaw.com\/areas-of-practice\/legal-due-diligence\/#breadcrumb\",\"itemListElement\":[{\"@type\":\"ListItem\",\"position\":1,\"name\":\"Home\",\"item\":\"https:\/\/hodajlaw.com\/\"},{\"@type\":\"ListItem\",\"position\":2,\"name\":\"Areas of Practice\",\"item\":\"https:\/\/hodajlaw.com\/areas-of-practice\/\"},{\"@type\":\"ListItem\",\"position\":3,\"name\":\"Legal Due Diligence\"}]},{\"@type\":\"WebSite\",\"@id\":\"https:\/\/hodajlaw.com\/#website\",\"url\":\"https:\/\/hodajlaw.com\/\",\"name\":\"Hodaj &amp; Partners L.L.C.\",\"description\":\"Hodaj &amp; Partners\",\"potentialAction\":[{\"@type\":\"SearchAction\",\"target\":{\"@type\":\"EntryPoint\",\"urlTemplate\":\"https:\/\/hodajlaw.com\/?s={search_term_string}\"},\"query-input\":{\"@type\":\"PropertyValueSpecification\",\"valueRequired\":true,\"valueName\":\"search_term_string\"}}],\"inLanguage\":\"sq\"}]}<\/script>\n<!-- \/ Yoast SEO plugin. -->","yoast_head_json":{"title":"Legal Due Diligence - Hodaj &amp; Partners L.L.C.","robots":{"index":"index","follow":"follow","max-snippet":"max-snippet:-1","max-image-preview":"max-image-preview:large","max-video-preview":"max-video-preview:-1"},"canonical":"https:\/\/hodajlaw.com\/sq\/areas-of-practice\/legal-due-diligence\/","og_locale":"sq_AL","og_type":"article","og_title":"Legal Due Diligence - Hodaj &amp; Partners L.L.C.","og_description":"Legal Due Diligence During a merger or acquisition, a thorough assessment of the legal risks must be performed across assets, contracts, employment matters, and other legal areas to help avoid&hellip;","og_url":"https:\/\/hodajlaw.com\/sq\/areas-of-practice\/legal-due-diligence\/","og_site_name":"Hodaj &amp; Partners L.L.C.","article_modified_time":"2025-09-16T18:51:56+00:00","og_image":[{"url":"https:\/\/hodajlaw.com\/wp-content\/uploads\/2024\/01\/LegalDueDiligence-01.svg","type":"","width":"","height":""}],"twitter_card":"summary_large_image","twitter_misc":{"Est. reading time":"2 minuta"},"schema":{"@context":"https:\/\/schema.org","@graph":[{"@type":"WebPage","@id":"https:\/\/hodajlaw.com\/areas-of-practice\/legal-due-diligence\/","url":"https:\/\/hodajlaw.com\/areas-of-practice\/legal-due-diligence\/","name":"Legal Due Diligence - Hodaj &amp; Partners L.L.C.","isPartOf":{"@id":"https:\/\/hodajlaw.com\/#website"},"primaryImageOfPage":{"@id":"https:\/\/hodajlaw.com\/areas-of-practice\/legal-due-diligence\/#primaryimage"},"image":{"@id":"https:\/\/hodajlaw.com\/areas-of-practice\/legal-due-diligence\/#primaryimage"},"thumbnailUrl":"https:\/\/hodajlaw.com\/wp-content\/uploads\/2024\/01\/LegalDueDiligence-01.svg","datePublished":"2019-02-22T08:50:41+00:00","dateModified":"2025-09-16T18:51:56+00:00","breadcrumb":{"@id":"https:\/\/hodajlaw.com\/areas-of-practice\/legal-due-diligence\/#breadcrumb"},"inLanguage":"sq","potentialAction":[{"@type":"ReadAction","target":["https:\/\/hodajlaw.com\/areas-of-practice\/legal-due-diligence\/"]}]},{"@type":"ImageObject","inLanguage":"sq","@id":"https:\/\/hodajlaw.com\/areas-of-practice\/legal-due-diligence\/#primaryimage","url":"https:\/\/hodajlaw.com\/wp-content\/uploads\/2024\/01\/LegalDueDiligence-01.svg","contentUrl":"https:\/\/hodajlaw.com\/wp-content\/uploads\/2024\/01\/LegalDueDiligence-01.svg"},{"@type":"BreadcrumbList","@id":"https:\/\/hodajlaw.com\/areas-of-practice\/legal-due-diligence\/#breadcrumb","itemListElement":[{"@type":"ListItem","position":1,"name":"Home","item":"https:\/\/hodajlaw.com\/"},{"@type":"ListItem","position":2,"name":"Areas of Practice","item":"https:\/\/hodajlaw.com\/areas-of-practice\/"},{"@type":"ListItem","position":3,"name":"Legal Due Diligence"}]},{"@type":"WebSite","@id":"https:\/\/hodajlaw.com\/#website","url":"https:\/\/hodajlaw.com\/","name":"Hodaj &amp; Partners L.L.C.","description":"Hodaj &amp; Partners","potentialAction":[{"@type":"SearchAction","target":{"@type":"EntryPoint","urlTemplate":"https:\/\/hodajlaw.com\/?s={search_term_string}"},"query-input":{"@type":"PropertyValueSpecification","valueRequired":true,"valueName":"search_term_string"}}],"inLanguage":"sq"}]}},"_links":{"self":[{"href":"https:\/\/hodajlaw.com\/sq\/wp-json\/wp\/v2\/pages\/1336","targetHints":{"allow":["GET"]}}],"collection":[{"href":"https:\/\/hodajlaw.com\/sq\/wp-json\/wp\/v2\/pages"}],"about":[{"href":"https:\/\/hodajlaw.com\/sq\/wp-json\/wp\/v2\/types\/page"}],"author":[{"embeddable":true,"href":"https:\/\/hodajlaw.com\/sq\/wp-json\/wp\/v2\/users\/1"}],"replies":[{"embeddable":true,"href":"https:\/\/hodajlaw.com\/sq\/wp-json\/wp\/v2\/comments?post=1336"}],"version-history":[{"count":12,"href":"https:\/\/hodajlaw.com\/sq\/wp-json\/wp\/v2\/pages\/1336\/revisions"}],"predecessor-version":[{"id":6674,"href":"https:\/\/hodajlaw.com\/sq\/wp-json\/wp\/v2\/pages\/1336\/revisions\/6674"}],"up":[{"embeddable":true,"href":"https:\/\/hodajlaw.com\/sq\/wp-json\/wp\/v2\/pages\/4706"}],"wp:attachment":[{"href":"https:\/\/hodajlaw.com\/sq\/wp-json\/wp\/v2\/media?parent=1336"}],"curies":[{"name":"wp","href":"https:\/\/api.w.org\/{rel}","templated":true}]}}