{"id":1340,"date":"2019-02-22T08:54:00","date_gmt":"2019-02-22T08:54:00","guid":{"rendered":"http:\/\/hodajlaw.com\/?page_id=1340"},"modified":"2025-09-16T18:52:54","modified_gmt":"2025-09-16T18:52:54","slug":"criminal-law","status":"publish","type":"page","link":"https:\/\/hodajlaw.com\/sq\/areas-of-practice\/criminal-law\/","title":{"rendered":"E Drejta Penale"},"content":{"rendered":"<div data-elementor-type=\"wp-page\" data-elementor-id=\"1340\" class=\"elementor elementor-1340\">\n\t\t\t\t<div class=\"elementor-element elementor-element-12cdcd0 e-flex e-con-boxed e-con e-parent\" data-id=\"12cdcd0\" data-element_type=\"container\" data-e-type=\"container\">\n\t\t\t\t\t<div class=\"e-con-inner\">\n\t\t\t\t<div class=\"elementor-element elementor-element-6979153 elementor-widget elementor-widget-penci-info-box\" data-id=\"6979153\" data-element_type=\"widget\" data-e-type=\"widget\" data-widget_type=\"penci-info-box.default\">\n\t\t\t\t<div class=\"elementor-widget-container\">\n\t\t\t\t\t        <div id=\"penci_info_box_68257\" class=\"penci-block-vc penci-info-box penci-ibox-top-center penci-view-default penci-shape-circle\">\n            <div class=\"penci-ibox-inner\">\n\t\t\t\t\t\t\t\t<div class=\"penci-ibox-icon penci-ibox-icon--image has-hover\"><a class=\"penci-ibox-icon-fa-fix\" href=\"\/sq\/areas-of-practice\/criminal-law\/\"><\/a><a class=\"penci-ibox-icon-fa\" href=\"\/sq\/areas-of-practice\/criminal-law\/\"><img decoding=\"async\" class=\"penci-ibox-img_active\" src=\"https:\/\/hodajlaw.com\/wp-content\/uploads\/2024\/01\/CriminalLaw-01.svg\" width=\"150\" height=\"150\"><img decoding=\"async\" class=\"penci-ibox-img_hover\" src=\"https:\/\/hodajlaw.com\/wp-content\/uploads\/2024\/01\/CriminalLaw-01.svg\" width=\"150\" height=\"150\"><\/a><\/div>                <div class=\"penci-ibox-content-wrap\">\n\t\t\t\t\t\t\t\t\t\t<h3\n                            class=\"penci-ibox-title\">E Drejta Penale<\/h3>\t\t\t\t\t\t\t\t\t\t\t\t\t\t\t                <\/div>\n            <\/div>\n        <\/div>\n\t\t\t\t\t\t<\/div>\n\t\t\t\t<\/div>\n\t\t\t\t\t<\/div>\n\t\t\t\t<\/div>\n\t\t<div class=\"elementor-element elementor-element-a1c1d97 e-flex e-con-boxed e-con e-parent\" data-id=\"a1c1d97\" data-element_type=\"container\" data-e-type=\"container\">\n\t\t\t\t\t<div class=\"e-con-inner\">\n\t\t\t\t<div class=\"elementor-element elementor-element-4d0f6d43 elementor-widget elementor-widget-text-editor\" data-id=\"4d0f6d43\" data-element_type=\"widget\" data-e-type=\"widget\" data-widget_type=\"text-editor.default\">\n\t\t\t\t<div class=\"elementor-widget-container\">\n\t\t\t\t\t\t\t\t\t<p>Ne ofrojm\u00eb k\u00ebshilla dhe p\u00ebrfaq\u00ebsim ligjor p\u00ebr klient\u00ebt n\u00eb t\u00eb gjitha \u00e7\u00ebshtjet e s\u00eb drejt\u00ebs penale. P\u00ebrve\u00e7 p\u00ebrfaq\u00ebsimit ligjor para gjykatave t\u00eb rregullta n\u00eb Kosov\u00eb, ne p\u00ebrfaq\u00ebsojm\u00eb gjithashtu klient\u00ebt para Dhomave t\u00eb Specializuara t\u00eb Kosov\u00ebs n\u00eb Hag\u00eb, Holand\u00eb.<\/p><p>Ekipi yn\u00eb \u00ebsht\u00eb i specializuar n\u00eb shqyrtimin dhe vler\u00ebsimin e secilit rast me kujdesin m\u00eb t\u00eb madh dhe m\u00eb pas k\u00ebshillimin e klient\u00ebve tan\u00eb p\u00ebr hapat e radh\u00ebs q\u00eb do t\u00eb ishin t\u00eb arsyesh\u00ebm. Ne gjithashtu merremi me t\u00eb gjith\u00eb pun\u00ebn e nevojshme ligjore, duke p\u00ebrfshir\u00eb p\u00ebrgatitjen e parashtresave, fillimin ose mbrojtjen nga akuzat penale, parfaq\u00ebsimin n\u00eb gjykat\u00eb, ofrimin e k\u00ebshillave ligjore, p\u00ebrfaq\u00ebsimin e klient\u00ebve n\u00eb procedura dhe ndihm\u00ebn gjat\u00eb intervistave n\u00eb polici ose prokurori.<\/p><p>P\u00ebr m\u00eb tep\u00ebr, zyrja jon\u00eb p\u00ebrfshin nj\u00eb Avokat t\u00eb licencuar e t\u00eb akredituar n\u00eb Dhomat e Specializuara t\u00eb Kosov\u00ebs n\u00eb Hag\u00eb. Ne p\u00ebrfaq\u00ebsojm\u00eb individ\u00eb q\u00eb k\u00ebrkojn\u00eb t\u00eb mbrojn\u00eb t\u00eb drejtat dhe interesat e tyre ligjore para Dhomave t\u00eb Specializuara t\u00eb Kosov\u00ebs dhe Zyr\u00ebs s\u00eb Prokuroris\u00eb s\u00eb Specializuar n\u00eb Hag\u00eb.<\/p>\t\t\t\t\t\t\t\t<\/div>\n\t\t\t\t<\/div>\n\t\t\t\t\t<\/div>\n\t\t\t\t<\/div>\n\t\t\t\t<\/div>","protected":false},"excerpt":{"rendered":"<p>Criminal Law We provide legal advice and representation to clients in all criminal law matters. In addition to appearing before the regular courts in Kosovo, we also represent clients before&hellip;<\/p>","protected":false},"author":1,"featured_media":0,"parent":4706,"menu_order":0,"comment_status":"closed","ping_status":"closed","template":"","meta":{"_lmt_disableupdate":"","_lmt_disable":"","footnotes":""},"class_list":["post-1340","page","type-page","status-publish","hentry"],"yoast_head":"<!-- This site is optimized with the Yoast SEO plugin v27.4 - https:\/\/yoast.com\/product\/yoast-seo-wordpress\/ -->\n<title>Criminal Law - Hodaj &amp; Partners L.L.C.<\/title>\n<meta name=\"robots\" content=\"index, follow, max-snippet:-1, max-image-preview:large, max-video-preview:-1\" \/>\n<link rel=\"canonical\" href=\"https:\/\/hodajlaw.com\/sq\/areas-of-practice\/criminal-law\/\" \/>\n<meta property=\"og:locale\" content=\"sq_AL\" \/>\n<meta property=\"og:type\" content=\"article\" \/>\n<meta property=\"og:title\" content=\"Criminal Law - Hodaj &amp; Partners L.L.C.\" \/>\n<meta property=\"og:description\" content=\"Criminal Law We provide legal advice and representation to clients in all criminal law matters. In addition to appearing before the regular courts in Kosovo, we also represent clients before&hellip;\" \/>\n<meta property=\"og:url\" content=\"https:\/\/hodajlaw.com\/sq\/areas-of-practice\/criminal-law\/\" \/>\n<meta property=\"og:site_name\" content=\"Hodaj &amp; Partners L.L.C.\" \/>\n<meta property=\"article:modified_time\" content=\"2025-09-16T18:52:54+00:00\" \/>\n<meta property=\"og:image\" content=\"https:\/\/hodajlaw.com\/wp-content\/uploads\/2024\/01\/CriminalLaw-01.svg\" \/>\n<meta name=\"twitter:card\" content=\"summary_large_image\" \/>\n<meta name=\"twitter:label1\" content=\"Est. reading time\" \/>\n\t<meta name=\"twitter:data1\" content=\"1 minut\u00eb\" \/>\n<script type=\"application\/ld+json\" class=\"yoast-schema-graph\">{\"@context\":\"https:\\\/\\\/schema.org\",\"@graph\":[{\"@type\":\"WebPage\",\"@id\":\"https:\\\/\\\/hodajlaw.com\\\/areas-of-practice\\\/criminal-law\\\/\",\"url\":\"https:\\\/\\\/hodajlaw.com\\\/areas-of-practice\\\/criminal-law\\\/\",\"name\":\"Criminal Law - Hodaj &amp; Partners L.L.C.\",\"isPartOf\":{\"@id\":\"https:\\\/\\\/hodajlaw.com\\\/#website\"},\"primaryImageOfPage\":{\"@id\":\"https:\\\/\\\/hodajlaw.com\\\/areas-of-practice\\\/criminal-law\\\/#primaryimage\"},\"image\":{\"@id\":\"https:\\\/\\\/hodajlaw.com\\\/areas-of-practice\\\/criminal-law\\\/#primaryimage\"},\"thumbnailUrl\":\"https:\\\/\\\/hodajlaw.com\\\/wp-content\\\/uploads\\\/2024\\\/01\\\/CriminalLaw-01.svg\",\"datePublished\":\"2019-02-22T08:54:00+00:00\",\"dateModified\":\"2025-09-16T18:52:54+00:00\",\"breadcrumb\":{\"@id\":\"https:\\\/\\\/hodajlaw.com\\\/areas-of-practice\\\/criminal-law\\\/#breadcrumb\"},\"inLanguage\":\"sq\",\"potentialAction\":[{\"@type\":\"ReadAction\",\"target\":[\"https:\\\/\\\/hodajlaw.com\\\/areas-of-practice\\\/criminal-law\\\/\"]}]},{\"@type\":\"ImageObject\",\"inLanguage\":\"sq\",\"@id\":\"https:\\\/\\\/hodajlaw.com\\\/areas-of-practice\\\/criminal-law\\\/#primaryimage\",\"url\":\"https:\\\/\\\/hodajlaw.com\\\/wp-content\\\/uploads\\\/2024\\\/01\\\/CriminalLaw-01.svg\",\"contentUrl\":\"https:\\\/\\\/hodajlaw.com\\\/wp-content\\\/uploads\\\/2024\\\/01\\\/CriminalLaw-01.svg\"},{\"@type\":\"BreadcrumbList\",\"@id\":\"https:\\\/\\\/hodajlaw.com\\\/areas-of-practice\\\/criminal-law\\\/#breadcrumb\",\"itemListElement\":[{\"@type\":\"ListItem\",\"position\":1,\"name\":\"Home\",\"item\":\"https:\\\/\\\/hodajlaw.com\\\/\"},{\"@type\":\"ListItem\",\"position\":2,\"name\":\"Areas of Practice\",\"item\":\"https:\\\/\\\/hodajlaw.com\\\/areas-of-practice\\\/\"},{\"@type\":\"ListItem\",\"position\":3,\"name\":\"Criminal Law\"}]},{\"@type\":\"WebSite\",\"@id\":\"https:\\\/\\\/hodajlaw.com\\\/#website\",\"url\":\"https:\\\/\\\/hodajlaw.com\\\/\",\"name\":\"Hodaj &amp; Partners L.L.C.\",\"description\":\"Hodaj &amp; Partners\",\"potentialAction\":[{\"@type\":\"SearchAction\",\"target\":{\"@type\":\"EntryPoint\",\"urlTemplate\":\"https:\\\/\\\/hodajlaw.com\\\/?s={search_term_string}\"},\"query-input\":{\"@type\":\"PropertyValueSpecification\",\"valueRequired\":true,\"valueName\":\"search_term_string\"}}],\"inLanguage\":\"sq\"}]}<\/script>\n<!-- \/ Yoast SEO plugin. -->","yoast_head_json":{"title":"Criminal Law - Hodaj &amp; Partners L.L.C.","robots":{"index":"index","follow":"follow","max-snippet":"max-snippet:-1","max-image-preview":"max-image-preview:large","max-video-preview":"max-video-preview:-1"},"canonical":"https:\/\/hodajlaw.com\/sq\/areas-of-practice\/criminal-law\/","og_locale":"sq_AL","og_type":"article","og_title":"Criminal Law - Hodaj &amp; Partners L.L.C.","og_description":"Criminal Law We provide legal advice and representation to clients in all criminal law matters. In addition to appearing before the regular courts in Kosovo, we also represent clients before&hellip;","og_url":"https:\/\/hodajlaw.com\/sq\/areas-of-practice\/criminal-law\/","og_site_name":"Hodaj &amp; Partners L.L.C.","article_modified_time":"2025-09-16T18:52:54+00:00","og_image":[{"url":"https:\/\/hodajlaw.com\/wp-content\/uploads\/2024\/01\/CriminalLaw-01.svg","type":"","width":"","height":""}],"twitter_card":"summary_large_image","twitter_misc":{"Est. reading time":"1 minut\u00eb"},"schema":{"@context":"https:\/\/schema.org","@graph":[{"@type":"WebPage","@id":"https:\/\/hodajlaw.com\/areas-of-practice\/criminal-law\/","url":"https:\/\/hodajlaw.com\/areas-of-practice\/criminal-law\/","name":"Criminal Law - Hodaj &amp; Partners L.L.C.","isPartOf":{"@id":"https:\/\/hodajlaw.com\/#website"},"primaryImageOfPage":{"@id":"https:\/\/hodajlaw.com\/areas-of-practice\/criminal-law\/#primaryimage"},"image":{"@id":"https:\/\/hodajlaw.com\/areas-of-practice\/criminal-law\/#primaryimage"},"thumbnailUrl":"https:\/\/hodajlaw.com\/wp-content\/uploads\/2024\/01\/CriminalLaw-01.svg","datePublished":"2019-02-22T08:54:00+00:00","dateModified":"2025-09-16T18:52:54+00:00","breadcrumb":{"@id":"https:\/\/hodajlaw.com\/areas-of-practice\/criminal-law\/#breadcrumb"},"inLanguage":"sq","potentialAction":[{"@type":"ReadAction","target":["https:\/\/hodajlaw.com\/areas-of-practice\/criminal-law\/"]}]},{"@type":"ImageObject","inLanguage":"sq","@id":"https:\/\/hodajlaw.com\/areas-of-practice\/criminal-law\/#primaryimage","url":"https:\/\/hodajlaw.com\/wp-content\/uploads\/2024\/01\/CriminalLaw-01.svg","contentUrl":"https:\/\/hodajlaw.com\/wp-content\/uploads\/2024\/01\/CriminalLaw-01.svg"},{"@type":"BreadcrumbList","@id":"https:\/\/hodajlaw.com\/areas-of-practice\/criminal-law\/#breadcrumb","itemListElement":[{"@type":"ListItem","position":1,"name":"Home","item":"https:\/\/hodajlaw.com\/"},{"@type":"ListItem","position":2,"name":"Areas of Practice","item":"https:\/\/hodajlaw.com\/areas-of-practice\/"},{"@type":"ListItem","position":3,"name":"Criminal Law"}]},{"@type":"WebSite","@id":"https:\/\/hodajlaw.com\/#website","url":"https:\/\/hodajlaw.com\/","name":"Hodaj &amp; Partners L.L.C.","description":"Hodaj &amp; Partners","potentialAction":[{"@type":"SearchAction","target":{"@type":"EntryPoint","urlTemplate":"https:\/\/hodajlaw.com\/?s={search_term_string}"},"query-input":{"@type":"PropertyValueSpecification","valueRequired":true,"valueName":"search_term_string"}}],"inLanguage":"sq"}]}},"_links":{"self":[{"href":"https:\/\/hodajlaw.com\/sq\/wp-json\/wp\/v2\/pages\/1340","targetHints":{"allow":["GET"]}}],"collection":[{"href":"https:\/\/hodajlaw.com\/sq\/wp-json\/wp\/v2\/pages"}],"about":[{"href":"https:\/\/hodajlaw.com\/sq\/wp-json\/wp\/v2\/types\/page"}],"author":[{"embeddable":true,"href":"https:\/\/hodajlaw.com\/sq\/wp-json\/wp\/v2\/users\/1"}],"replies":[{"embeddable":true,"href":"https:\/\/hodajlaw.com\/sq\/wp-json\/wp\/v2\/comments?post=1340"}],"version-history":[{"count":12,"href":"https:\/\/hodajlaw.com\/sq\/wp-json\/wp\/v2\/pages\/1340\/revisions"}],"predecessor-version":[{"id":6677,"href":"https:\/\/hodajlaw.com\/sq\/wp-json\/wp\/v2\/pages\/1340\/revisions\/6677"}],"up":[{"embeddable":true,"href":"https:\/\/hodajlaw.com\/sq\/wp-json\/wp\/v2\/pages\/4706"}],"wp:attachment":[{"href":"https:\/\/hodajlaw.com\/sq\/wp-json\/wp\/v2\/media?parent=1340"}],"curies":[{"name":"wp","href":"https:\/\/api.w.org\/{rel}","templated":true}]}}