{"id":1349,"date":"2019-02-22T09:04:08","date_gmt":"2019-02-22T09:04:08","guid":{"rendered":"http:\/\/hodajlaw.com\/?page_id=1349"},"modified":"2025-09-16T18:56:35","modified_gmt":"2025-09-16T18:56:35","slug":"registration-on-the-civil-registry-acquisition-release-from-kosovo-citizenship","status":"publish","type":"page","link":"https:\/\/hodajlaw.com\/sq\/areas-of-practice\/registration-on-the-civil-registry-acquisition-release-from-kosovo-citizenship\/","title":{"rendered":"Regjistrimi n\u00eb regjistrat civil (fitimi) &amp; lirimi nga shtet\u00ebsia"},"content":{"rendered":"<div data-elementor-type=\"wp-page\" data-elementor-id=\"1349\" class=\"elementor elementor-1349\">\n\t\t\t\t<div class=\"elementor-element elementor-element-802cfb2 e-flex e-con-boxed e-con e-parent\" data-id=\"802cfb2\" data-element_type=\"container\" data-e-type=\"container\">\n\t\t\t\t\t<div class=\"e-con-inner\">\n\t\t\t\t<div class=\"elementor-element elementor-element-0d9fb0d elementor-widget elementor-widget-penci-info-box\" data-id=\"0d9fb0d\" data-element_type=\"widget\" data-e-type=\"widget\" data-widget_type=\"penci-info-box.default\">\n\t\t\t\t<div class=\"elementor-widget-container\">\n\t\t\t\t\t        <div id=\"penci_info_box_69402\" class=\"penci-block-vc penci-info-box penci-ibox-top-center penci-view-default penci-shape-circle\">\n            <div class=\"penci-ibox-inner\">\n\t\t\t\t\t\t\t\t<div class=\"penci-ibox-icon penci-ibox-icon--image has-hover\"><a class=\"penci-ibox-icon-fa-fix\" href=\"\/sq\/areas-of-practice\/registration-on-the-civil-registry-acquisition-release-from-kosovo-citizenship\/\"><\/a><a class=\"penci-ibox-icon-fa\" href=\"\/sq\/areas-of-practice\/registration-on-the-civil-registry-acquisition-release-from-kosovo-citizenship\/\"><img decoding=\"async\" class=\"penci-ibox-img_active\" src=\"https:\/\/hodajlaw.com\/wp-content\/uploads\/2024\/01\/RegistrationOnTheCivilRegistry-01.svg\" width=\"150\" height=\"150\"><img decoding=\"async\" class=\"penci-ibox-img_hover\" src=\"https:\/\/hodajlaw.com\/wp-content\/uploads\/2024\/01\/RegistrationOnTheCivilRegistry-01.svg\" width=\"150\" height=\"150\"><\/a><\/div>                <div class=\"penci-ibox-content-wrap\">\n\t\t\t\t\t\t\t\t\t\t<h3\n                            class=\"penci-ibox-title\">Regjistrimi n\u00eb regjistrat civil (fitimi) &amp; lirimi nga shtet\u00ebsia<\/h3>\t\t\t\t\t\t\t\t\t\t\t\t\t\t\t                <\/div>\n            <\/div>\n        <\/div>\n\t\t\t\t\t\t<\/div>\n\t\t\t\t<\/div>\n\t\t\t\t\t<\/div>\n\t\t\t\t<\/div>\n\t\t<div class=\"elementor-element elementor-element-3124a951 e-flex e-con-boxed e-con e-parent\" data-id=\"3124a951\" data-element_type=\"container\" data-e-type=\"container\">\n\t\t\t\t\t<div class=\"e-con-inner\">\n\t\t\t\t<div class=\"elementor-element elementor-element-3cf128cb elementor-widget elementor-widget-text-editor\" data-id=\"3cf128cb\" data-element_type=\"widget\" data-e-type=\"widget\" data-widget_type=\"text-editor.default\">\n\t\t\t\t<div class=\"elementor-widget-container\">\n\t\t\t\t\t\t\t\t\t<p>Hodaj &amp; Partners ofron ndihm\u00eb ligjore n\u00eb t\u00eb gjitha procedurat q\u00eb lidhen me shtet\u00ebsin\u00eb, duke siguruar q\u00eb klient\u00ebt tan\u00eb t\u00eb mund t\u00eb g\u00ebzojn\u00eb plot\u00ebsisht t\u00eb drejtat q\u00eb u takojn\u00eb.<\/p><p>Nj\u00eb pjes\u00eb e madhe e diaspor\u00ebs kosovare duhet t\u00eb ri-regjistrohet n\u00eb Kosov\u00eb n\u00eb m\u00ebnyr\u00eb q\u00eb t\u00eb g\u00ebzojn\u00eb t\u00eb drejtat e tyre sepse nj\u00eb num\u00ebr i madh i regjistrave t\u00eb vjetra t\u00eb lindjeve jan\u00eb shkat\u00ebrruar ose vjedhur gjat\u00eb luft\u00ebs s\u00eb fundit n\u00eb Kosov\u00eb. Zyra jon\u00eb ofron ndihm\u00eb juridike p\u00ebr diaspor\u00ebn q\u00eb duan t\u00eb fitojn\u00eb shtet\u00ebsin\u00eb kosovare.<\/p><p>Ne gjithashtu ofrojm\u00eb sh\u00ebrbime juridike p\u00ebr jo-shtetasit q\u00eb jan\u00eb t\u00eb vendosur n\u00eb Kosov\u00eb dhe kan\u00eb t\u00eb drejt\u00eb t\u00eb b\u00ebhen banor\u00eb dhe qytetar\u00eb kosovar\u00eb, ose p\u00ebr ata q\u00eb kan\u00eb lidhje familjare me Kosov\u00ebn.<\/p><p><strong>Lirimi nga shtet\u00ebsia<\/strong><\/p><p>Nj\u00eb qytetar kosovar mund t\u00eb jet\u00eb shtetas i nj\u00eb ose m\u00eb shum\u00eb vendeve t\u00eb tjera, dhe shum\u00eb qytetar\u00eb kan\u00eb n\u00ebnshtet\u00ebsi t\u00eb dyfisht\u00eb. Megjithat\u00eb, disa vende nuk lejojn\u00eb shtet\u00ebsi t\u00eb dyfisht\u00eb dhe shum\u00eb qytetar\u00eb kosovar\u00eb q\u00eb jan\u00eb t\u00eb vendosur n\u00eb vende t\u00eb tilla k\u00ebrkojn\u00eb lirimin nga shtet\u00ebsia kosovare n\u00eb m\u00ebnyr\u00eb q\u00eb t\u00eb fitojn\u00eb shtet\u00ebsin\u00eb e tyre t\u00eb synuar.<\/p><p>Zyra jon\u00eb ofron ndihm\u00eb juridike p\u00ebr klient\u00ebt gjat\u00eb gjith\u00eb k\u00ebsaj procedure, derisa t\u00eb l\u00ebshohet lirimi i shtet\u00ebsis\u00eb.<\/p>\t\t\t\t\t\t\t\t<\/div>\n\t\t\t\t<\/div>\n\t\t\t\t\t<\/div>\n\t\t\t\t<\/div>\n\t\t\t\t<\/div>","protected":false},"excerpt":{"rendered":"<p>Registration on the Civil Registry, Acquisition &#038; Release from Kosovo Citizenship Hodaj &amp; Partners offers legal assistance in all citizenship-related procedures, ensuring our clients can fully exercise the rights they&hellip;<\/p>","protected":false},"author":1,"featured_media":0,"parent":4706,"menu_order":0,"comment_status":"closed","ping_status":"closed","template":"","meta":{"_lmt_disableupdate":"","_lmt_disable":"","footnotes":""},"class_list":["post-1349","page","type-page","status-publish","hentry"],"yoast_head":"<!-- This site is optimized with the Yoast SEO plugin v27.4 - https:\/\/yoast.com\/product\/yoast-seo-wordpress\/ -->\n<title>Registration on the Civil Registry, Acquisition &amp; Release from Kosovo Citizenship - Hodaj &amp; Partners L.L.C.<\/title>\n<meta name=\"robots\" content=\"index, follow, max-snippet:-1, max-image-preview:large, max-video-preview:-1\" \/>\n<link rel=\"canonical\" href=\"https:\/\/hodajlaw.com\/sq\/areas-of-practice\/registration-on-the-civil-registry-acquisition-release-from-kosovo-citizenship\/\" \/>\n<meta property=\"og:locale\" content=\"sq_AL\" \/>\n<meta property=\"og:type\" content=\"article\" \/>\n<meta property=\"og:title\" content=\"Registration on the Civil Registry, Acquisition &amp; Release from Kosovo Citizenship - Hodaj &amp; Partners L.L.C.\" \/>\n<meta property=\"og:description\" content=\"Registration on the Civil Registry, Acquisition &#038; Release from Kosovo Citizenship Hodaj &amp; Partners offers legal assistance in all citizenship-related procedures, ensuring our clients can fully exercise the rights they&hellip;\" \/>\n<meta property=\"og:url\" content=\"https:\/\/hodajlaw.com\/sq\/areas-of-practice\/registration-on-the-civil-registry-acquisition-release-from-kosovo-citizenship\/\" \/>\n<meta property=\"og:site_name\" content=\"Hodaj &amp; Partners L.L.C.\" \/>\n<meta property=\"article:modified_time\" content=\"2025-09-16T18:56:35+00:00\" \/>\n<meta property=\"og:image\" content=\"https:\/\/hodajlaw.com\/wp-content\/uploads\/2024\/01\/RegistrationOnTheCivilRegistry-01.svg\" \/>\n<meta name=\"twitter:card\" content=\"summary_large_image\" \/>\n<meta name=\"twitter:label1\" content=\"Est. reading time\" \/>\n\t<meta name=\"twitter:data1\" content=\"2 minuta\" \/>\n<script type=\"application\/ld+json\" class=\"yoast-schema-graph\">{\"@context\":\"https:\\\/\\\/schema.org\",\"@graph\":[{\"@type\":\"WebPage\",\"@id\":\"https:\\\/\\\/hodajlaw.com\\\/areas-of-practice\\\/registration-on-the-civil-registry-acquisition-release-from-kosovo-citizenship\\\/\",\"url\":\"https:\\\/\\\/hodajlaw.com\\\/areas-of-practice\\\/registration-on-the-civil-registry-acquisition-release-from-kosovo-citizenship\\\/\",\"name\":\"Registration on the Civil Registry, Acquisition & Release from Kosovo Citizenship - Hodaj &amp; Partners L.L.C.\",\"isPartOf\":{\"@id\":\"https:\\\/\\\/hodajlaw.com\\\/#website\"},\"primaryImageOfPage\":{\"@id\":\"https:\\\/\\\/hodajlaw.com\\\/areas-of-practice\\\/registration-on-the-civil-registry-acquisition-release-from-kosovo-citizenship\\\/#primaryimage\"},\"image\":{\"@id\":\"https:\\\/\\\/hodajlaw.com\\\/areas-of-practice\\\/registration-on-the-civil-registry-acquisition-release-from-kosovo-citizenship\\\/#primaryimage\"},\"thumbnailUrl\":\"https:\\\/\\\/hodajlaw.com\\\/wp-content\\\/uploads\\\/2024\\\/01\\\/RegistrationOnTheCivilRegistry-01.svg\",\"datePublished\":\"2019-02-22T09:04:08+00:00\",\"dateModified\":\"2025-09-16T18:56:35+00:00\",\"breadcrumb\":{\"@id\":\"https:\\\/\\\/hodajlaw.com\\\/areas-of-practice\\\/registration-on-the-civil-registry-acquisition-release-from-kosovo-citizenship\\\/#breadcrumb\"},\"inLanguage\":\"sq\",\"potentialAction\":[{\"@type\":\"ReadAction\",\"target\":[\"https:\\\/\\\/hodajlaw.com\\\/areas-of-practice\\\/registration-on-the-civil-registry-acquisition-release-from-kosovo-citizenship\\\/\"]}]},{\"@type\":\"ImageObject\",\"inLanguage\":\"sq\",\"@id\":\"https:\\\/\\\/hodajlaw.com\\\/areas-of-practice\\\/registration-on-the-civil-registry-acquisition-release-from-kosovo-citizenship\\\/#primaryimage\",\"url\":\"https:\\\/\\\/hodajlaw.com\\\/wp-content\\\/uploads\\\/2024\\\/01\\\/RegistrationOnTheCivilRegistry-01.svg\",\"contentUrl\":\"https:\\\/\\\/hodajlaw.com\\\/wp-content\\\/uploads\\\/2024\\\/01\\\/RegistrationOnTheCivilRegistry-01.svg\"},{\"@type\":\"BreadcrumbList\",\"@id\":\"https:\\\/\\\/hodajlaw.com\\\/areas-of-practice\\\/registration-on-the-civil-registry-acquisition-release-from-kosovo-citizenship\\\/#breadcrumb\",\"itemListElement\":[{\"@type\":\"ListItem\",\"position\":1,\"name\":\"Home\",\"item\":\"https:\\\/\\\/hodajlaw.com\\\/\"},{\"@type\":\"ListItem\",\"position\":2,\"name\":\"Areas of Practice\",\"item\":\"https:\\\/\\\/hodajlaw.com\\\/areas-of-practice\\\/\"},{\"@type\":\"ListItem\",\"position\":3,\"name\":\"Registration on the Civil Registry, Acquisition &#038; Release from Kosovo Citizenship\"}]},{\"@type\":\"WebSite\",\"@id\":\"https:\\\/\\\/hodajlaw.com\\\/#website\",\"url\":\"https:\\\/\\\/hodajlaw.com\\\/\",\"name\":\"Hodaj &amp; Partners L.L.C.\",\"description\":\"Hodaj &amp; Partners\",\"potentialAction\":[{\"@type\":\"SearchAction\",\"target\":{\"@type\":\"EntryPoint\",\"urlTemplate\":\"https:\\\/\\\/hodajlaw.com\\\/?s={search_term_string}\"},\"query-input\":{\"@type\":\"PropertyValueSpecification\",\"valueRequired\":true,\"valueName\":\"search_term_string\"}}],\"inLanguage\":\"sq\"}]}<\/script>\n<!-- \/ Yoast SEO plugin. -->","yoast_head_json":{"title":"Registration on the Civil Registry, Acquisition & Release from Kosovo Citizenship - Hodaj &amp; Partners L.L.C.","robots":{"index":"index","follow":"follow","max-snippet":"max-snippet:-1","max-image-preview":"max-image-preview:large","max-video-preview":"max-video-preview:-1"},"canonical":"https:\/\/hodajlaw.com\/sq\/areas-of-practice\/registration-on-the-civil-registry-acquisition-release-from-kosovo-citizenship\/","og_locale":"sq_AL","og_type":"article","og_title":"Registration on the Civil Registry, Acquisition & Release from Kosovo Citizenship - Hodaj &amp; Partners L.L.C.","og_description":"Registration on the Civil Registry, Acquisition &#038; Release from Kosovo Citizenship Hodaj &amp; Partners offers legal assistance in all citizenship-related procedures, ensuring our clients can fully exercise the rights they&hellip;","og_url":"https:\/\/hodajlaw.com\/sq\/areas-of-practice\/registration-on-the-civil-registry-acquisition-release-from-kosovo-citizenship\/","og_site_name":"Hodaj &amp; Partners L.L.C.","article_modified_time":"2025-09-16T18:56:35+00:00","og_image":[{"url":"https:\/\/hodajlaw.com\/wp-content\/uploads\/2024\/01\/RegistrationOnTheCivilRegistry-01.svg","type":"","width":"","height":""}],"twitter_card":"summary_large_image","twitter_misc":{"Est. reading time":"2 minuta"},"schema":{"@context":"https:\/\/schema.org","@graph":[{"@type":"WebPage","@id":"https:\/\/hodajlaw.com\/areas-of-practice\/registration-on-the-civil-registry-acquisition-release-from-kosovo-citizenship\/","url":"https:\/\/hodajlaw.com\/areas-of-practice\/registration-on-the-civil-registry-acquisition-release-from-kosovo-citizenship\/","name":"Registration on the Civil Registry, Acquisition & Release from Kosovo Citizenship - Hodaj &amp; Partners L.L.C.","isPartOf":{"@id":"https:\/\/hodajlaw.com\/#website"},"primaryImageOfPage":{"@id":"https:\/\/hodajlaw.com\/areas-of-practice\/registration-on-the-civil-registry-acquisition-release-from-kosovo-citizenship\/#primaryimage"},"image":{"@id":"https:\/\/hodajlaw.com\/areas-of-practice\/registration-on-the-civil-registry-acquisition-release-from-kosovo-citizenship\/#primaryimage"},"thumbnailUrl":"https:\/\/hodajlaw.com\/wp-content\/uploads\/2024\/01\/RegistrationOnTheCivilRegistry-01.svg","datePublished":"2019-02-22T09:04:08+00:00","dateModified":"2025-09-16T18:56:35+00:00","breadcrumb":{"@id":"https:\/\/hodajlaw.com\/areas-of-practice\/registration-on-the-civil-registry-acquisition-release-from-kosovo-citizenship\/#breadcrumb"},"inLanguage":"sq","potentialAction":[{"@type":"ReadAction","target":["https:\/\/hodajlaw.com\/areas-of-practice\/registration-on-the-civil-registry-acquisition-release-from-kosovo-citizenship\/"]}]},{"@type":"ImageObject","inLanguage":"sq","@id":"https:\/\/hodajlaw.com\/areas-of-practice\/registration-on-the-civil-registry-acquisition-release-from-kosovo-citizenship\/#primaryimage","url":"https:\/\/hodajlaw.com\/wp-content\/uploads\/2024\/01\/RegistrationOnTheCivilRegistry-01.svg","contentUrl":"https:\/\/hodajlaw.com\/wp-content\/uploads\/2024\/01\/RegistrationOnTheCivilRegistry-01.svg"},{"@type":"BreadcrumbList","@id":"https:\/\/hodajlaw.com\/areas-of-practice\/registration-on-the-civil-registry-acquisition-release-from-kosovo-citizenship\/#breadcrumb","itemListElement":[{"@type":"ListItem","position":1,"name":"Home","item":"https:\/\/hodajlaw.com\/"},{"@type":"ListItem","position":2,"name":"Areas of Practice","item":"https:\/\/hodajlaw.com\/areas-of-practice\/"},{"@type":"ListItem","position":3,"name":"Registration on the Civil Registry, Acquisition &#038; Release from Kosovo Citizenship"}]},{"@type":"WebSite","@id":"https:\/\/hodajlaw.com\/#website","url":"https:\/\/hodajlaw.com\/","name":"Hodaj &amp; Partners L.L.C.","description":"Hodaj &amp; Partners","potentialAction":[{"@type":"SearchAction","target":{"@type":"EntryPoint","urlTemplate":"https:\/\/hodajlaw.com\/?s={search_term_string}"},"query-input":{"@type":"PropertyValueSpecification","valueRequired":true,"valueName":"search_term_string"}}],"inLanguage":"sq"}]}},"_links":{"self":[{"href":"https:\/\/hodajlaw.com\/sq\/wp-json\/wp\/v2\/pages\/1349","targetHints":{"allow":["GET"]}}],"collection":[{"href":"https:\/\/hodajlaw.com\/sq\/wp-json\/wp\/v2\/pages"}],"about":[{"href":"https:\/\/hodajlaw.com\/sq\/wp-json\/wp\/v2\/types\/page"}],"author":[{"embeddable":true,"href":"https:\/\/hodajlaw.com\/sq\/wp-json\/wp\/v2\/users\/1"}],"replies":[{"embeddable":true,"href":"https:\/\/hodajlaw.com\/sq\/wp-json\/wp\/v2\/comments?post=1349"}],"version-history":[{"count":11,"href":"https:\/\/hodajlaw.com\/sq\/wp-json\/wp\/v2\/pages\/1349\/revisions"}],"predecessor-version":[{"id":6701,"href":"https:\/\/hodajlaw.com\/sq\/wp-json\/wp\/v2\/pages\/1349\/revisions\/6701"}],"up":[{"embeddable":true,"href":"https:\/\/hodajlaw.com\/sq\/wp-json\/wp\/v2\/pages\/4706"}],"wp:attachment":[{"href":"https:\/\/hodajlaw.com\/sq\/wp-json\/wp\/v2\/media?parent=1349"}],"curies":[{"name":"wp","href":"https:\/\/api.w.org\/{rel}","templated":true}]}}