{"id":1370,"date":"2019-02-22T09:30:43","date_gmt":"2019-02-22T09:30:43","guid":{"rendered":"http:\/\/hodajlaw.com\/?page_id=1370"},"modified":"2024-01-20T20:09:31","modified_gmt":"2024-01-20T20:09:31","slug":"about-us","status":"publish","type":"page","link":"https:\/\/hodajlaw.com\/sq\/about-us\/","title":{"rendered":"Rreth nesh"},"content":{"rendered":"<p>\n[page_header style=&#8221;normal&#8221; text_color=&#8221;dark&#8221; title_case=&#8221;uppercase&#8221;]<\/p>\n<p>[gap]<\/p>\n<p>[section padding=&#8221;0px&#8221;]<\/p>\n<p>[row]<\/p>\n<p>[col span=&#8221;6&#8243; span__sm=&#8221;12&#8243;]<\/p>\n<p style=\"text-align: justify;\">Hodaj &amp; Partners is a leading law firm in Kosovo that provides legal services to national and international companies from a broad range of industries but also to various institutions and private individuals on all aspects of Kosovar law and international law. In cooperation with attorneys in South Eastern Europe, Western Europe and USA, we also offer our clients comprehensive consulting services for international transactions and provide legal advice in a clear and coordinated manner.<\/p>\n<p style=\"text-align: justify;\">Our team consists of highly skilled attorneys with broad and extensive experience that demonstrate a creative and solution-oriented way of thinking. We take pride in our work, and always strive to fully understand our clients\u2019 needs. In addition to providing services in Albanian and English, some of our lawyers have studied in prestigious Universities in Germany, Austria, and Switzerland, and we regularly provide legal services to our German-speaking clients as well.<\/p>\n<p style=\"text-align: justify;\">Our clients include corporations from all commercial and industrial sectors, regulators, not-for-profit organisations, international organisations and Embassies based in Kosovo, but also private individuals. Our work on some of the largest projects and transactions in Kosovo and the region of South Eastern Europe has provided us with the experience and insight that very few law firms in Kosovo have.<\/p>\n<p style=\"text-align: justify;\">The main principle of our firm is to provide quality legal services to businesses and individuals in a personal, prompt, and caring manner.\u00a0 We aim to offer practical, straightforward solutions designed to help our clients achieve their legal and business objectives. We take great pride in the fact that our law firm\u2019s business has been built primarily through referrals\u00a0and recommendations.<\/p>\n<p style=\"text-align: justify;\">Hodaj &amp; Partners\u2019 goal is to achieve the most favourable and successful outcomes for our clients. We understand how valuable your time is, hence, we are available at every stage of your case. You can always expect transparency, honesty and open communication from our team. You are welcome to contact us if you need legal services and you are looking to work with a law firm that truly cares.<\/p>\n<p>[\/col]<br \/>\n[col span=&#8221;6&#8243; span__sm=&#8221;12&#8243;]<\/p>\n<p>[ux_image id=&#8221;1417&#8243; image_size=&#8221;original&#8221; lightbox=&#8221;true&#8221;]<\/p>\n<p>[ux_image id=&#8221;2533&#8243; image_size=&#8221;original&#8221; lightbox=&#8221;true&#8221;]<\/p>\n<p>[ux_image id=&#8221;2536&#8243; image_size=&#8221;original&#8221; lightbox=&#8221;true&#8221;]<\/p>\n<p>[\/col]<\/p>\n<p>[\/row]<\/p>\n<p>[\/section]<br \/>\n[section video_visibility=&#8221;visible&#8221; visibility=&#8221;hidden&#8221;]<\/p>\n<p>[ux_image id=&#8221;2399&#8243;]<\/p>\n<p>[gap]<\/p>\n<p>[row]<\/p>\n<p>[col span__sm=&#8221;12&#8243;]<\/p>\n<h2 style=\"text-align: center;\">Rivet:net<\/h2>\n<p style=\"text-align: justify;\">Rivet is a closely integrated alliance of leading independent law firms in Slovenia, Croatia, Bosnia and Herzegovina, Serbia, Montenegro, North Macedonia and Kosovo, bringing together requisite industry knowledge and legal and regulatory expertise.<\/p>\n<p style=\"text-align: justify;\">Thorough understanding of the markets and needs of regional and international clients allows us to provide the best information available and reasoned professional judgment. It is the youngest network of the area but has a long standing unformal cooperation within the member firms. After years of cooperation, the need arise to have a stronger connection still keeping it flexible and lean.<\/p>\n<p style=\"text-align: justify;\">Recognized for our thorough understanding of markets and needs of our clients, we are strong across all the key industry sectors and practice areas, such as:<\/p>\n<ul class=\"mb-5 text-left\">\n<li>Commercial<\/li>\n<li>Corporate and M&amp;A<\/li>\n<li>Competition and Antitrust<\/li>\n<li>Dispute resolution<\/li>\n<li>Data protection<\/li>\n<li>Employment<\/li>\n<li>Banking &amp; finance<\/li>\n<li>Intellectual property<\/li>\n<li>Insurance<\/li>\n<li>Public procurement<\/li>\n<\/ul>\n<p>\u00a0<\/p>\n<p>[\/col]<\/p>\n<p>[\/row]<br \/>\n[gap]<\/p>\n<h3 style=\"text-align: center;\"><strong>Our members:<\/strong><\/h3>\n<p>\n[row col_style=&#8221;dashed&#8221;]<\/p>\n<p>[col span=&#8221;4&#8243; span__sm=&#8221;12&#8243;]<\/p>\n<p style=\"text-align: center;\">North Macedonia<\/p>\n<p style=\"text-align: center;\"><strong><b>Bona Fide<\/b><\/strong><\/p>\n<p style=\"text-align: center;\">Jordan Hadzikonstantinov-Dzinot 3<br \/>1 000 Skopje<br \/><strong><a href=\"http:\/\/bonafide.mk\/\">bonafide.mk<\/a><\/strong><\/p>\n<p>[\/col]<br \/>\n[col span=&#8221;4&#8243; span__sm=&#8221;12&#8243;]<\/p>\n<p style=\"text-align: center;\">Slovenia<\/p>\n<p style=\"text-align: center;\"><strong>Fatur Menard<\/strong><\/p>\n<p style=\"text-align: center;\">Dunajska cesta 22<br \/>1 000 Ljubljana<br \/><strong><a href=\"https:\/\/fatur-menard.com\/\">fatur-menard.com<\/a><\/strong><\/p>\n<p>[\/col]<br \/>\n[col span=&#8221;4&#8243; span__sm=&#8221;12&#8243;]<\/p>\n<div class=\"vc_row wpb_row vc_inner vc_row-fluid\">\n<div class=\"wpb_column vc_column_container vc_col-sm-4\">\n<div class=\"vc_column-inner\">\n<div class=\"wpb_wrapper\">\n<div class=\"wpb_text_column wpb_content_element \">\n<div class=\"wpb_wrapper\">\n<p style=\"text-align: center;\">Kosovo<\/p>\n<p style=\"text-align: center;\"><b>Hodaj &amp; Partners<\/b><\/p>\n<p style=\"text-align: center;\">Fehmi\u00a0 Agani\u00a0 79<br \/>10 000 Prishtina<br \/><strong><a href=\"http:\/\/hodajlaw.com\/\">hodajlaw.com<\/a><\/strong><\/p>\n<\/div>\n<\/div>\n<\/div>\n<\/div>\n<\/div>\n<\/div>\n<p>[\/col]<br \/>\n[col span=&#8221;4&#8243; span__sm=&#8221;12&#8243;]<\/p>\n<p style=\"text-align: center;\">Bosnia and Herzegovina<\/p>\n<p style=\"text-align: center;\"><b>Milanovi\u0107 \u2013 Lali\u0107 and Suljovi\u0107<\/b><\/p>\n<p style=\"text-align: center;\">Mar\u0161ala Tita 50\/III<br \/>71 000 Sarajevo<br \/><strong><a href=\"https:\/\/bh.legal\/\">bh.legal<\/a><\/strong><\/p>\n<p>[\/col]<br \/>\n[col span=&#8221;4&#8243; span__sm=&#8221;12&#8243;]<\/p>\n<p style=\"text-align: center;\">Croatia<\/p>\n<p style=\"text-align: center;\"><b>Vukmir and Associates<\/b><\/p>\n<p style=\"text-align: center;\">Grama\u010da 2L<br \/>10 000 Zagreb<br \/><strong><a href=\"https:\/\/www.vukmir.net\/\">vukmir.net<\/a><\/strong><\/p>\n<p>[\/col]<br \/>\n[col span=&#8221;4&#8243; span__sm=&#8221;12&#8243;]<\/p>\n<p style=\"text-align: center;\">Serbia \/ Montenegro<\/p>\n<p style=\"text-align: center;\"><strong>\u017divkovi\u0107 Samard\u017ei\u0107 <\/strong><\/p>\n<p style=\"text-align: center;\">Makedonska 30\/II<br \/>11 000 Belgrade<br \/><strong><a href=\"http:\/\/www.zslaw.rs\/\">www.zslaw.rs<\/a><\/strong><\/p>\n<p>[\/col]<\/p>\n<p>[\/row]<\/p>\n<p>[\/section]<\/p>\n","protected":false},"excerpt":{"rendered":"<p>[page_header style=&#8221;normal&#8221; text_color=&#8221;dark&#8221; title_case=&#8221;uppercase&#8221;] [gap] [section padding=&#8221;0px&#8221;] [row] [col span=&#8221;6&#8243; span__sm=&#8221;12&#8243;] Hodaj &amp; Partners is a leading law firm in Kosovo that provides legal services to national and international companies&hellip;<\/p>\n","protected":false},"author":1,"featured_media":0,"parent":0,"menu_order":5,"comment_status":"closed","ping_status":"closed","template":"","meta":{"_lmt_disableupdate":"","_lmt_disable":"","footnotes":""},"class_list":["post-1370","page","type-page","status-publish","hentry"],"yoast_head":"<!-- This site is optimized with the Yoast SEO plugin v26.8 - https:\/\/yoast.com\/product\/yoast-seo-wordpress\/ -->\n<title>About - Hodaj &amp; Partners L.L.C.<\/title>\n<meta name=\"robots\" content=\"index, follow, max-snippet:-1, max-image-preview:large, max-video-preview:-1\" \/>\n<link rel=\"canonical\" href=\"https:\/\/hodajlaw.com\/sq\/about-us\/\" \/>\n<meta property=\"og:locale\" content=\"sq_AL\" \/>\n<meta property=\"og:type\" content=\"article\" \/>\n<meta property=\"og:title\" content=\"About - Hodaj &amp; Partners L.L.C.\" \/>\n<meta property=\"og:description\" content=\"[page_header style=&#8221;normal&#8221; text_color=&#8221;dark&#8221; title_case=&#8221;uppercase&#8221;] [gap] [section padding=&#8221;0px&#8221;] [row] [col span=&#8221;6&#8243; span__sm=&#8221;12&#8243;] Hodaj &amp; Partners is a leading law firm in Kosovo that provides legal services to national and international companies&hellip;\" \/>\n<meta property=\"og:url\" content=\"https:\/\/hodajlaw.com\/sq\/about-us\/\" \/>\n<meta property=\"og:site_name\" content=\"Hodaj &amp; Partners L.L.C.\" \/>\n<meta property=\"article:modified_time\" content=\"2024-01-20T20:09:31+00:00\" \/>\n<meta name=\"twitter:card\" content=\"summary_large_image\" \/>\n<meta name=\"twitter:label1\" content=\"Est. reading time\" \/>\n\t<meta name=\"twitter:data1\" content=\"3 minuta\" \/>\n<script type=\"application\/ld+json\" class=\"yoast-schema-graph\">{\"@context\":\"https:\/\/schema.org\",\"@graph\":[{\"@type\":\"WebPage\",\"@id\":\"https:\/\/hodajlaw.com\/about-us\/\",\"url\":\"https:\/\/hodajlaw.com\/about-us\/\",\"name\":\"About - Hodaj &amp; Partners L.L.C.\",\"isPartOf\":{\"@id\":\"https:\/\/hodajlaw.com\/#website\"},\"datePublished\":\"2019-02-22T09:30:43+00:00\",\"dateModified\":\"2024-01-20T20:09:31+00:00\",\"breadcrumb\":{\"@id\":\"https:\/\/hodajlaw.com\/about-us\/#breadcrumb\"},\"inLanguage\":\"sq\",\"potentialAction\":[{\"@type\":\"ReadAction\",\"target\":[\"https:\/\/hodajlaw.com\/about-us\/\"]}]},{\"@type\":\"BreadcrumbList\",\"@id\":\"https:\/\/hodajlaw.com\/about-us\/#breadcrumb\",\"itemListElement\":[{\"@type\":\"ListItem\",\"position\":1,\"name\":\"Home\",\"item\":\"https:\/\/hodajlaw.com\/\"},{\"@type\":\"ListItem\",\"position\":2,\"name\":\"About\"}]},{\"@type\":\"WebSite\",\"@id\":\"https:\/\/hodajlaw.com\/#website\",\"url\":\"https:\/\/hodajlaw.com\/\",\"name\":\"Hodaj &amp; Partners L.L.C.\",\"description\":\"Hodaj &amp; Partners\",\"potentialAction\":[{\"@type\":\"SearchAction\",\"target\":{\"@type\":\"EntryPoint\",\"urlTemplate\":\"https:\/\/hodajlaw.com\/?s={search_term_string}\"},\"query-input\":{\"@type\":\"PropertyValueSpecification\",\"valueRequired\":true,\"valueName\":\"search_term_string\"}}],\"inLanguage\":\"sq\"}]}<\/script>\n<!-- \/ Yoast SEO plugin. -->","yoast_head_json":{"title":"About - Hodaj &amp; Partners L.L.C.","robots":{"index":"index","follow":"follow","max-snippet":"max-snippet:-1","max-image-preview":"max-image-preview:large","max-video-preview":"max-video-preview:-1"},"canonical":"https:\/\/hodajlaw.com\/sq\/about-us\/","og_locale":"sq_AL","og_type":"article","og_title":"About - Hodaj &amp; Partners L.L.C.","og_description":"[page_header style=&#8221;normal&#8221; text_color=&#8221;dark&#8221; title_case=&#8221;uppercase&#8221;] [gap] [section padding=&#8221;0px&#8221;] [row] [col span=&#8221;6&#8243; span__sm=&#8221;12&#8243;] Hodaj &amp; Partners is a leading law firm in Kosovo that provides legal services to national and international companies&hellip;","og_url":"https:\/\/hodajlaw.com\/sq\/about-us\/","og_site_name":"Hodaj &amp; Partners L.L.C.","article_modified_time":"2024-01-20T20:09:31+00:00","twitter_card":"summary_large_image","twitter_misc":{"Est. reading time":"3 minuta"},"schema":{"@context":"https:\/\/schema.org","@graph":[{"@type":"WebPage","@id":"https:\/\/hodajlaw.com\/about-us\/","url":"https:\/\/hodajlaw.com\/about-us\/","name":"About - Hodaj &amp; Partners L.L.C.","isPartOf":{"@id":"https:\/\/hodajlaw.com\/#website"},"datePublished":"2019-02-22T09:30:43+00:00","dateModified":"2024-01-20T20:09:31+00:00","breadcrumb":{"@id":"https:\/\/hodajlaw.com\/about-us\/#breadcrumb"},"inLanguage":"sq","potentialAction":[{"@type":"ReadAction","target":["https:\/\/hodajlaw.com\/about-us\/"]}]},{"@type":"BreadcrumbList","@id":"https:\/\/hodajlaw.com\/about-us\/#breadcrumb","itemListElement":[{"@type":"ListItem","position":1,"name":"Home","item":"https:\/\/hodajlaw.com\/"},{"@type":"ListItem","position":2,"name":"About"}]},{"@type":"WebSite","@id":"https:\/\/hodajlaw.com\/#website","url":"https:\/\/hodajlaw.com\/","name":"Hodaj &amp; Partners L.L.C.","description":"Hodaj &amp; Partners","potentialAction":[{"@type":"SearchAction","target":{"@type":"EntryPoint","urlTemplate":"https:\/\/hodajlaw.com\/?s={search_term_string}"},"query-input":{"@type":"PropertyValueSpecification","valueRequired":true,"valueName":"search_term_string"}}],"inLanguage":"sq"}]}},"_links":{"self":[{"href":"https:\/\/hodajlaw.com\/sq\/wp-json\/wp\/v2\/pages\/1370","targetHints":{"allow":["GET"]}}],"collection":[{"href":"https:\/\/hodajlaw.com\/sq\/wp-json\/wp\/v2\/pages"}],"about":[{"href":"https:\/\/hodajlaw.com\/sq\/wp-json\/wp\/v2\/types\/page"}],"author":[{"embeddable":true,"href":"https:\/\/hodajlaw.com\/sq\/wp-json\/wp\/v2\/users\/1"}],"replies":[{"embeddable":true,"href":"https:\/\/hodajlaw.com\/sq\/wp-json\/wp\/v2\/comments?post=1370"}],"version-history":[{"count":11,"href":"https:\/\/hodajlaw.com\/sq\/wp-json\/wp\/v2\/pages\/1370\/revisions"}],"predecessor-version":[{"id":4186,"href":"https:\/\/hodajlaw.com\/sq\/wp-json\/wp\/v2\/pages\/1370\/revisions\/4186"}],"wp:attachment":[{"href":"https:\/\/hodajlaw.com\/sq\/wp-json\/wp\/v2\/media?parent=1370"}],"curies":[{"name":"wp","href":"https:\/\/api.w.org\/{rel}","templated":true}]}}