{"id":1454,"date":"2019-03-13T08:36:05","date_gmt":"2019-03-13T08:36:05","guid":{"rendered":"http:\/\/hodajlaw.com\/?page_id=1454"},"modified":"2024-05-27T17:18:41","modified_gmt":"2024-05-27T17:18:41","slug":"taulant-hodaj","status":"publish","type":"page","link":"https:\/\/hodajlaw.com\/sq\/about-us\/team\/taulant-hodaj\/","title":{"rendered":"Taulant Hodaj"},"content":{"rendered":"<div data-elementor-type=\"wp-page\" data-elementor-id=\"1454\" class=\"elementor elementor-1454\">\n\t\t\t\t\t\t<section class=\"penci-section penci-dmcheck penci-elbg-activate penci-disSticky penci-structure-10 elementor-section elementor-top-section elementor-element elementor-element-25dc58fc elementor-section-boxed elementor-section-height-default elementor-section-height-default\" data-id=\"25dc58fc\" data-element_type=\"section\" data-e-type=\"section\" data-settings=\"{&quot;background_background&quot;:&quot;classic&quot;}\">\n\t\t\t\t\t\t<div class=\"elementor-container elementor-column-gap-default\">\n\t\t\t\t\t<div class=\"penci-ercol-100 penci-ercol-order-1 penci-sticky-ct    elementor-column elementor-col-100 elementor-top-column elementor-element elementor-element-5c095f35\" data-id=\"5c095f35\" data-element_type=\"column\" data-e-type=\"column\">\n\t\t\t<div class=\"elementor-widget-wrap elementor-element-populated\">\n\t\t\t\t\t\t<div class=\"elementor-element elementor-element-17fe2137 elementor-widget elementor-widget-penci-fancy_heading\" data-id=\"17fe2137\" data-element_type=\"widget\" data-e-type=\"widget\" data-widget_type=\"penci-fancy_heading.default\">\n\t\t\t\t<div class=\"elementor-widget-container\">\n\t\t\t\t\t\t\t<div class=\"penci-fancy-heading penci-heading-text-left\">\n\t\t\t<div class=\"penci-fancy-heading-inner\">\n\t\t\t\t<h2 class=\"penci-heading-title\"><span class=\"inner-tit\">Taulant hodaj <\/span><\/h2><div class=\"penci-heading-content entry-content\"><p>Avokat, Partner Menaxhues<\/p>\n<\/div>\t\t\t<\/div>\n\t\t<\/div>\n\t\t\t\t\t\t<\/div>\n\t\t\t\t<\/div>\n\t\t\t\t\t<\/div>\n\t\t<\/div>\n\t\t\t\t\t<\/div>\n\t\t<\/section>\n\t\t<div class=\"elementor-element elementor-element-9eabc01 e-flex e-con-boxed e-con e-parent\" data-id=\"9eabc01\" data-element_type=\"container\" data-e-type=\"container\">\n\t\t\t\t\t<div class=\"e-con-inner\">\n\t\t<div class=\"elementor-element elementor-element-336bf2e e-con-full e-flex e-con e-child\" data-id=\"336bf2e\" data-element_type=\"container\" data-e-type=\"container\">\n\t\t\t\t<div class=\"elementor-element elementor-element-6faffcb elementor-widget elementor-widget-image\" data-id=\"6faffcb\" data-element_type=\"widget\" data-e-type=\"widget\" data-widget_type=\"image.default\">\n\t\t\t\t<div class=\"elementor-widget-container\">\n\t\t\t\t\t\t\t\t\t\t\t\t\t\t\t<img fetchpriority=\"high\" decoding=\"async\" width=\"1024\" height=\"1536\" src=\"https:\/\/hodajlaw.com\/wp-content\/uploads\/2024\/03\/DSC03749-min-1024x1536.jpg\" class=\"attachment-1536x1536 size-1536x1536 wp-image-5726\" alt=\"\" srcset=\"https:\/\/hodajlaw.com\/wp-content\/uploads\/2024\/03\/DSC03749-min-1024x1536.jpg 1024w, https:\/\/hodajlaw.com\/wp-content\/uploads\/2024\/03\/DSC03749-min-200x300.jpg 200w, https:\/\/hodajlaw.com\/wp-content\/uploads\/2024\/03\/DSC03749-min-683x1024.jpg 683w, https:\/\/hodajlaw.com\/wp-content\/uploads\/2024\/03\/DSC03749-min-768x1152.jpg 768w, https:\/\/hodajlaw.com\/wp-content\/uploads\/2024\/03\/DSC03749-min-1365x2048.jpg 1365w, https:\/\/hodajlaw.com\/wp-content\/uploads\/2024\/03\/DSC03749-min-8x12.jpg 8w, https:\/\/hodajlaw.com\/wp-content\/uploads\/2024\/03\/DSC03749-min-1920x2880.jpg 1920w, https:\/\/hodajlaw.com\/wp-content\/uploads\/2024\/03\/DSC03749-min-1170x1755.jpg 1170w, https:\/\/hodajlaw.com\/wp-content\/uploads\/2024\/03\/DSC03749-min-585x878.jpg 585w, https:\/\/hodajlaw.com\/wp-content\/uploads\/2024\/03\/DSC03749-min-scaled.jpg 1707w\" sizes=\"(max-width: 1024px) 100vw, 1024px\" \/>\t\t\t\t\t\t\t\t\t\t\t\t\t\t\t<\/div>\n\t\t\t\t<\/div>\n\t\t\t\t<\/div>\n\t\t<div class=\"elementor-element elementor-element-3c7dfb2 e-con-full e-flex e-con e-child\" data-id=\"3c7dfb2\" data-element_type=\"container\" data-e-type=\"container\">\n\t\t\t\t<div class=\"elementor-element elementor-element-210c334 elementor-widget elementor-widget-penci-text-block\" data-id=\"210c334\" data-element_type=\"widget\" data-e-type=\"widget\" data-widget_type=\"penci-text-block.default\">\n\t\t\t\t<div class=\"elementor-widget-container\">\n\t\t\t\t\t\t\t<div class=\"penci-block-vc penci-text-editor\">\n\t\t\t\t\t\t<div class=\"penci-block_content\">\n\t\t\t\t<div class=\"elementor-text-editor elementor-clearfix\"><p><span style=\"font-size: x-large;\"><strong>Fushat e Ekspertiz\u00ebs &amp; P\u00ebrvoja Profesionale<\/strong><\/span><\/p><p>Z. Taulant Hodaj \u00ebsht\u00eb Partner Menaxhues te Hodaj &amp; Partners. Eksperienca e tij e gj\u00ebr\u00eb i p\u00ebrfshin fushat e t\u00eb drejt\u00ebs tregtare dhe t\u00eb korporatave, M&amp;A, at\u00eb t\u00eb financave, si dhe t\u00eb drejt\u00ebn penale. <br \/><br \/>Ai i k\u00ebshillon klient\u00ebt n\u00eb \u04ab\u00ebshtjet m\u00eb komplekse, n\u00eb transaksionet ekonomike nd\u00ebrkomb\u00ebtare dhe n\u00eb rregulloret afariste. Listimet e pavarura e rangojn\u00eb z. Hodaj si nj\u00eb nd\u00ebr avokat\u00ebt m\u00eb t\u00eb mir\u00eb t\u00eb t\u00eb drejt\u00ebs tregtare n\u00eb Kosov\u00eb. <br \/><br \/>Z. Hodaj i ka k\u00ebshilluar klient\u00ebt n\u00eb rastet e marr\u00ebveshjeve m\u00eb komlekse p\u00ebr M&amp;A, Prokurim Publik si dhe projekte t\u00eb ndryshme te partneritetit publiko-privat n\u00eb Kosov\u00eb.\n\nP\u00ebrve\u04ab k\u00ebsaj, Taulanti i menaxhon dhe zhvillon marr\u00ebdh\u00ebniet me klient\u00eb dhe zyra t\u00eb avokat\u00ebve n\u00eb mbar\u00eb bot\u00ebn dhe luan nj\u00eb rol ky\u04ab n\u00eb realizimin e strategjis\u00eb s\u00eb zhvillimit t\u00eb biznesit t\u00eb Hodaj &amp; Partners.<\/p><p style=\"text-align: justify;\">Mr. Hodaj is the founder of Hodaj &amp; Partners. <br \/><br \/>M\u00eb her\u00ebt ai ka qen\u00eb i angazhuar n\u00eb institucione te ndryshme nd\u00ebrkomb\u00ebtare si: Tribunali Nd\u00ebrkomb\u00ebtar p\u00ebr Ish-Jugosllavi n\u00eb Hag\u00eb, Forumi Europian Alpbach n\u00eb Vjen\u00eb, dhe n\u00eb zyra me renome t\u00eb avokat\u00ebve n\u00eb Kosov\u00eb dhe Latvi.<\/p><p style=\"text-align: justify;\">S\u00eb fundi, Z. Hodaj \u00ebsht\u00eb licencuar si mbrojt\u00ebs pran\u00eb Dhomave t\u00eb Specializuara t\u00eb Kosov\u00ebs me seli n\u00eb Hag\u00eb, Holand\u00eb. Ai p\u00ebrfaq\u00ebson disa individ\u00eb pran\u00eb k\u00ebsaj gjykate.<br \/><br \/><strong>Gjuh\u00ebt<\/strong><\/p><p>Flet rrjedhsh\u00ebm shqipen dhe anglishten, ka njohuri mesatare n\u00eb gjuh\u00ebn gjermane dhe serbe-kroate.<br \/><br \/><strong><u>Edukimi<\/u><\/strong><br \/>2017, Universiteti i Pitsburgh, Shkolla e Drejt\u00ebsis\u00eb, Specializim n\u00eb Transaksionet Ekonomike Nd\u00ebrkomb\u00ebtare<br \/>2010, Shkolla e s\u00eb Drejt\u00ebs n\u00eb Riga(LL.M)<br \/>2010, Shkolla e s\u00eb Drejt\u00ebs n\u00eb Riga, Specializim n\u00eb t\u00eb drejt\u00ebn nd\u00ebrkomb\u00ebtare dhe europiane<br \/>2008, Universiteti i Prishtin\u00ebs, (B.A)<br \/>2007, Universiteti Shtet\u00ebror i Tetov\u00ebs (LL.B)<br \/><br \/><strong>An\u00ebtar\u00ebsimet<\/strong><\/p><ul><li>Oda e Avokat\u00ebve t\u00eb Kosov\u00ebs<\/li><li>Mbrojt\u00ebs pran\u00eb Dhomave t\u00eb Specializuara n\u00eb Hag\u00eb, Holand\u00eb<\/li><li>An\u00ebtar i Komitetit p\u00ebr Planifikim Strategjik i Od\u00ebs s\u00eb Avokat\u00ebve t\u00eb Kosov\u00ebs<\/li><li>Shoq\u00ebria Amerikane e t\u00eb drejt\u00ebs nd\u00ebrkomb\u00ebtare<\/li><li>Oda e Avokat\u00ebve Nd\u00ebrkomb\u00ebtar\u00eb<\/li><li>An\u00ebtar i Grupit p\u00ebr Arbitrazh Nd\u00ebrkomb\u00ebtar<\/li><li>Asociacioni i i t\u00eb diplomuar\u00ebve SHBA-Kosov\u00eb (KUSA)<\/li><li><span lang=\"EN-GB\">Transformational Leadership Programme (TLP) Association \u2013<\/span>TLP Alumni<\/li><\/ul><\/div>\n\t\t\t<\/div>\n\t\t<\/div>\n\t\t\t\t\t\t<\/div>\n\t\t\t\t<\/div>\n\t\t\t\t<\/div>\n\t\t\t\t\t<\/div>\n\t\t\t\t<\/div>\n\t\t\t\t<\/div>","protected":false},"excerpt":{"rendered":"<p>Taulant hodaj Attorney at Law, Managing Partner Main Areas of Expertise &amp; Career Summary Mr. Taulant Hodaj is the Managing Partner of Hodaj &amp; Partners. His wide-ranging experience covers commercial&hellip;<\/p>","protected":false},"author":1,"featured_media":0,"parent":1111,"menu_order":0,"comment_status":"closed","ping_status":"closed","template":"elementor_header_footer","meta":{"_lmt_disableupdate":"","_lmt_disable":"","footnotes":""},"class_list":["post-1454","page","type-page","status-publish","hentry"],"yoast_head":"<!-- This site is optimized with the Yoast SEO plugin v27.4 - https:\/\/yoast.com\/product\/yoast-seo-wordpress\/ -->\n<title>Taulant Hodaj - Hodaj &amp; Partners L.L.C.<\/title>\n<meta name=\"robots\" content=\"index, follow, max-snippet:-1, max-image-preview:large, max-video-preview:-1\" \/>\n<link rel=\"canonical\" href=\"https:\/\/hodajlaw.com\/sq\/about-us\/team\/taulant-hodaj\/\" \/>\n<meta property=\"og:locale\" content=\"sq_AL\" \/>\n<meta property=\"og:type\" content=\"article\" \/>\n<meta property=\"og:title\" content=\"Taulant Hodaj - Hodaj &amp; Partners L.L.C.\" \/>\n<meta property=\"og:description\" content=\"Taulant hodaj Attorney at Law, Managing Partner Main Areas of Expertise &amp; Career Summary Mr. Taulant Hodaj is the Managing Partner of Hodaj &amp; Partners. His wide-ranging experience covers commercial&hellip;\" \/>\n<meta property=\"og:url\" content=\"https:\/\/hodajlaw.com\/sq\/about-us\/team\/taulant-hodaj\/\" \/>\n<meta property=\"og:site_name\" content=\"Hodaj &amp; Partners L.L.C.\" \/>\n<meta property=\"article:modified_time\" content=\"2024-05-27T17:18:41+00:00\" \/>\n<meta property=\"og:image\" content=\"https:\/\/hodajlaw.com\/wp-content\/uploads\/2019\/03\/Taulant_Hodaj-scaled.jpg\" \/>\n\t<meta property=\"og:image:width\" content=\"2560\" \/>\n\t<meta property=\"og:image:height\" content=\"1706\" \/>\n\t<meta property=\"og:image:type\" content=\"image\/jpeg\" \/>\n<meta name=\"twitter:card\" content=\"summary_large_image\" \/>\n<meta name=\"twitter:image\" content=\"https:\/\/hodajlaw.com\/wp-content\/uploads\/2019\/03\/Taulant_Hodaj-scaled.jpg\" \/>\n<meta name=\"twitter:label1\" content=\"Est. reading time\" \/>\n\t<meta name=\"twitter:data1\" content=\"2 minuta\" \/>\n<script type=\"application\/ld+json\" class=\"yoast-schema-graph\">{\"@context\":\"https:\\\/\\\/schema.org\",\"@graph\":[{\"@type\":\"WebPage\",\"@id\":\"https:\\\/\\\/hodajlaw.com\\\/about-us\\\/team\\\/taulant-hodaj\\\/\",\"url\":\"https:\\\/\\\/hodajlaw.com\\\/about-us\\\/team\\\/taulant-hodaj\\\/\",\"name\":\"Taulant Hodaj - Hodaj &amp; Partners L.L.C.\",\"isPartOf\":{\"@id\":\"https:\\\/\\\/hodajlaw.com\\\/#website\"},\"primaryImageOfPage\":{\"@id\":\"https:\\\/\\\/hodajlaw.com\\\/about-us\\\/team\\\/taulant-hodaj\\\/#primaryimage\"},\"image\":{\"@id\":\"https:\\\/\\\/hodajlaw.com\\\/about-us\\\/team\\\/taulant-hodaj\\\/#primaryimage\"},\"thumbnailUrl\":\"https:\\\/\\\/hodajlaw.com\\\/wp-content\\\/uploads\\\/2024\\\/03\\\/DSC03749-min-1024x1536.jpg\",\"datePublished\":\"2019-03-13T08:36:05+00:00\",\"dateModified\":\"2024-05-27T17:18:41+00:00\",\"breadcrumb\":{\"@id\":\"https:\\\/\\\/hodajlaw.com\\\/about-us\\\/team\\\/taulant-hodaj\\\/#breadcrumb\"},\"inLanguage\":\"sq\",\"potentialAction\":[{\"@type\":\"ReadAction\",\"target\":[\"https:\\\/\\\/hodajlaw.com\\\/about-us\\\/team\\\/taulant-hodaj\\\/\"]}]},{\"@type\":\"ImageObject\",\"inLanguage\":\"sq\",\"@id\":\"https:\\\/\\\/hodajlaw.com\\\/about-us\\\/team\\\/taulant-hodaj\\\/#primaryimage\",\"url\":\"https:\\\/\\\/hodajlaw.com\\\/wp-content\\\/uploads\\\/2024\\\/03\\\/DSC03749-min-1024x1536.jpg\",\"contentUrl\":\"https:\\\/\\\/hodajlaw.com\\\/wp-content\\\/uploads\\\/2024\\\/03\\\/DSC03749-min-1024x1536.jpg\"},{\"@type\":\"BreadcrumbList\",\"@id\":\"https:\\\/\\\/hodajlaw.com\\\/about-us\\\/team\\\/taulant-hodaj\\\/#breadcrumb\",\"itemListElement\":[{\"@type\":\"ListItem\",\"position\":1,\"name\":\"Home\",\"item\":\"https:\\\/\\\/hodajlaw.com\\\/\"},{\"@type\":\"ListItem\",\"position\":2,\"name\":\"About\",\"item\":\"https:\\\/\\\/hodajlaw.com\\\/about-us\\\/\"},{\"@type\":\"ListItem\",\"position\":3,\"name\":\"Team\",\"item\":\"https:\\\/\\\/hodajlaw.com\\\/about-us\\\/team\\\/\"},{\"@type\":\"ListItem\",\"position\":4,\"name\":\"Taulant Hodaj\"}]},{\"@type\":\"WebSite\",\"@id\":\"https:\\\/\\\/hodajlaw.com\\\/#website\",\"url\":\"https:\\\/\\\/hodajlaw.com\\\/\",\"name\":\"Hodaj &amp; Partners L.L.C.\",\"description\":\"Hodaj &amp; Partners\",\"potentialAction\":[{\"@type\":\"SearchAction\",\"target\":{\"@type\":\"EntryPoint\",\"urlTemplate\":\"https:\\\/\\\/hodajlaw.com\\\/?s={search_term_string}\"},\"query-input\":{\"@type\":\"PropertyValueSpecification\",\"valueRequired\":true,\"valueName\":\"search_term_string\"}}],\"inLanguage\":\"sq\"}]}<\/script>\n<!-- \/ Yoast SEO plugin. -->","yoast_head_json":{"title":"Taulant Hodaj - Hodaj &amp; Partners L.L.C.","robots":{"index":"index","follow":"follow","max-snippet":"max-snippet:-1","max-image-preview":"max-image-preview:large","max-video-preview":"max-video-preview:-1"},"canonical":"https:\/\/hodajlaw.com\/sq\/about-us\/team\/taulant-hodaj\/","og_locale":"sq_AL","og_type":"article","og_title":"Taulant Hodaj - Hodaj &amp; Partners L.L.C.","og_description":"Taulant hodaj Attorney at Law, Managing Partner Main Areas of Expertise &amp; Career Summary Mr. Taulant Hodaj is the Managing Partner of Hodaj &amp; Partners. His wide-ranging experience covers commercial&hellip;","og_url":"https:\/\/hodajlaw.com\/sq\/about-us\/team\/taulant-hodaj\/","og_site_name":"Hodaj &amp; Partners L.L.C.","article_modified_time":"2024-05-27T17:18:41+00:00","og_image":[{"width":2560,"height":1706,"url":"https:\/\/hodajlaw.com\/wp-content\/uploads\/2019\/03\/Taulant_Hodaj-scaled.jpg","type":"image\/jpeg"}],"twitter_card":"summary_large_image","twitter_image":"https:\/\/hodajlaw.com\/wp-content\/uploads\/2019\/03\/Taulant_Hodaj-scaled.jpg","twitter_misc":{"Est. reading time":"2 minuta"},"schema":{"@context":"https:\/\/schema.org","@graph":[{"@type":"WebPage","@id":"https:\/\/hodajlaw.com\/about-us\/team\/taulant-hodaj\/","url":"https:\/\/hodajlaw.com\/about-us\/team\/taulant-hodaj\/","name":"Taulant Hodaj - Hodaj &amp; Partners L.L.C.","isPartOf":{"@id":"https:\/\/hodajlaw.com\/#website"},"primaryImageOfPage":{"@id":"https:\/\/hodajlaw.com\/about-us\/team\/taulant-hodaj\/#primaryimage"},"image":{"@id":"https:\/\/hodajlaw.com\/about-us\/team\/taulant-hodaj\/#primaryimage"},"thumbnailUrl":"https:\/\/hodajlaw.com\/wp-content\/uploads\/2024\/03\/DSC03749-min-1024x1536.jpg","datePublished":"2019-03-13T08:36:05+00:00","dateModified":"2024-05-27T17:18:41+00:00","breadcrumb":{"@id":"https:\/\/hodajlaw.com\/about-us\/team\/taulant-hodaj\/#breadcrumb"},"inLanguage":"sq","potentialAction":[{"@type":"ReadAction","target":["https:\/\/hodajlaw.com\/about-us\/team\/taulant-hodaj\/"]}]},{"@type":"ImageObject","inLanguage":"sq","@id":"https:\/\/hodajlaw.com\/about-us\/team\/taulant-hodaj\/#primaryimage","url":"https:\/\/hodajlaw.com\/wp-content\/uploads\/2024\/03\/DSC03749-min-1024x1536.jpg","contentUrl":"https:\/\/hodajlaw.com\/wp-content\/uploads\/2024\/03\/DSC03749-min-1024x1536.jpg"},{"@type":"BreadcrumbList","@id":"https:\/\/hodajlaw.com\/about-us\/team\/taulant-hodaj\/#breadcrumb","itemListElement":[{"@type":"ListItem","position":1,"name":"Home","item":"https:\/\/hodajlaw.com\/"},{"@type":"ListItem","position":2,"name":"About","item":"https:\/\/hodajlaw.com\/about-us\/"},{"@type":"ListItem","position":3,"name":"Team","item":"https:\/\/hodajlaw.com\/about-us\/team\/"},{"@type":"ListItem","position":4,"name":"Taulant Hodaj"}]},{"@type":"WebSite","@id":"https:\/\/hodajlaw.com\/#website","url":"https:\/\/hodajlaw.com\/","name":"Hodaj &amp; Partners L.L.C.","description":"Hodaj &amp; Partners","potentialAction":[{"@type":"SearchAction","target":{"@type":"EntryPoint","urlTemplate":"https:\/\/hodajlaw.com\/?s={search_term_string}"},"query-input":{"@type":"PropertyValueSpecification","valueRequired":true,"valueName":"search_term_string"}}],"inLanguage":"sq"}]}},"_links":{"self":[{"href":"https:\/\/hodajlaw.com\/sq\/wp-json\/wp\/v2\/pages\/1454","targetHints":{"allow":["GET"]}}],"collection":[{"href":"https:\/\/hodajlaw.com\/sq\/wp-json\/wp\/v2\/pages"}],"about":[{"href":"https:\/\/hodajlaw.com\/sq\/wp-json\/wp\/v2\/types\/page"}],"author":[{"embeddable":true,"href":"https:\/\/hodajlaw.com\/sq\/wp-json\/wp\/v2\/users\/1"}],"replies":[{"embeddable":true,"href":"https:\/\/hodajlaw.com\/sq\/wp-json\/wp\/v2\/comments?post=1454"}],"version-history":[{"count":88,"href":"https:\/\/hodajlaw.com\/sq\/wp-json\/wp\/v2\/pages\/1454\/revisions"}],"predecessor-version":[{"id":6105,"href":"https:\/\/hodajlaw.com\/sq\/wp-json\/wp\/v2\/pages\/1454\/revisions\/6105"}],"up":[{"embeddable":true,"href":"https:\/\/hodajlaw.com\/sq\/wp-json\/wp\/v2\/pages\/1111"}],"wp:attachment":[{"href":"https:\/\/hodajlaw.com\/sq\/wp-json\/wp\/v2\/media?parent=1454"}],"curies":[{"name":"wp","href":"https:\/\/api.w.org\/{rel}","templated":true}]}}