{"id":1487,"date":"2019-03-17T15:10:32","date_gmt":"2019-03-17T15:10:32","guid":{"rendered":"http:\/\/hodajlaw.com\/?page_id=1487"},"modified":"2024-09-05T19:58:40","modified_gmt":"2024-09-05T19:58:40","slug":"misrete-maksuti","status":"publish","type":"page","link":"https:\/\/hodajlaw.com\/sq\/about-us\/team\/misrete-maksuti\/","title":{"rendered":"MISRETE MAKSUTI"},"content":{"rendered":"<div data-elementor-type=\"wp-page\" data-elementor-id=\"1487\" class=\"elementor elementor-1487\">\n\t\t\t\t\t\t<section class=\"penci-section penci-dmcheck penci-elbg-activate penci-disSticky penci-structure-10 elementor-section elementor-top-section elementor-element elementor-element-11bdf5c elementor-section-boxed elementor-section-height-default elementor-section-height-default\" data-id=\"11bdf5c\" data-element_type=\"section\" data-e-type=\"section\" data-settings=\"{&quot;background_background&quot;:&quot;classic&quot;}\">\n\t\t\t\t\t\t<div class=\"elementor-container elementor-column-gap-default\">\n\t\t\t\t\t<div class=\"penci-ercol-100 penci-ercol-order-1 penci-sticky-ct    elementor-column elementor-col-100 elementor-top-column elementor-element elementor-element-1877f85\" data-id=\"1877f85\" data-element_type=\"column\" data-e-type=\"column\">\n\t\t\t<div class=\"elementor-widget-wrap elementor-element-populated\">\n\t\t\t\t\t\t<div class=\"elementor-element elementor-element-ae05b74 elementor-widget elementor-widget-penci-fancy_heading\" data-id=\"ae05b74\" data-element_type=\"widget\" data-e-type=\"widget\" data-widget_type=\"penci-fancy_heading.default\">\n\t\t\t\t<div class=\"elementor-widget-container\">\n\t\t\t\t\t\t\t<div class=\"penci-fancy-heading penci-heading-text-left\">\n\t\t\t<div class=\"penci-fancy-heading-inner\">\n\t\t\t\t<h2 class=\"penci-heading-title\"><span class=\"inner-tit\">MISRETE MAKSUTI\n<\/span><\/h2><div class=\"penci-heading-content entry-content\"><p>Bashk\u00ebpun\u00ebtor<\/p>\n<\/div>\t\t\t<\/div>\n\t\t<\/div>\n\t\t\t\t\t\t<\/div>\n\t\t\t\t<\/div>\n\t\t\t\t\t<\/div>\n\t\t<\/div>\n\t\t\t\t\t<\/div>\n\t\t<\/section>\n\t\t<div class=\"elementor-element elementor-element-ee1b31e e-flex e-con-boxed e-con e-parent\" data-id=\"ee1b31e\" data-element_type=\"container\" data-e-type=\"container\">\n\t\t\t\t\t<div class=\"e-con-inner\">\n\t\t<div class=\"elementor-element elementor-element-1015249 e-con-full e-flex e-con e-child\" data-id=\"1015249\" data-element_type=\"container\" data-e-type=\"container\">\n\t\t\t\t<div class=\"elementor-element elementor-element-f99f240 elementor-widget elementor-widget-image\" data-id=\"f99f240\" data-element_type=\"widget\" data-e-type=\"widget\" data-widget_type=\"image.default\">\n\t\t\t\t<div class=\"elementor-widget-container\">\n\t\t\t\t\t\t\t\t\t\t\t\t\t\t\t<img fetchpriority=\"high\" decoding=\"async\" width=\"1024\" height=\"683\" src=\"https:\/\/hodajlaw.com\/wp-content\/uploads\/2019\/03\/Misrete_Maksuti-1024x683.jpg\" class=\"attachment-large size-large wp-image-1432\" alt=\"\" srcset=\"https:\/\/hodajlaw.com\/wp-content\/uploads\/2019\/03\/Misrete_Maksuti-1024x683.jpg 1024w, https:\/\/hodajlaw.com\/wp-content\/uploads\/2019\/03\/Misrete_Maksuti-510x340.jpg 510w, https:\/\/hodajlaw.com\/wp-content\/uploads\/2019\/03\/Misrete_Maksuti-300x200.jpg 300w, https:\/\/hodajlaw.com\/wp-content\/uploads\/2019\/03\/Misrete_Maksuti-768x512.jpg 768w, https:\/\/hodajlaw.com\/wp-content\/uploads\/2019\/03\/Misrete_Maksuti-600x400.jpg 600w\" sizes=\"(max-width: 1024px) 100vw, 1024px\" \/>\t\t\t\t\t\t\t\t\t\t\t\t\t\t\t<\/div>\n\t\t\t\t<\/div>\n\t\t\t\t<\/div>\n\t\t<div class=\"elementor-element elementor-element-0185ddd e-con-full e-flex e-con e-child\" data-id=\"0185ddd\" data-element_type=\"container\" data-e-type=\"container\">\n\t\t\t\t<div class=\"elementor-element elementor-element-6af46d2 elementor-widget elementor-widget-penci-text-block\" data-id=\"6af46d2\" data-element_type=\"widget\" data-e-type=\"widget\" data-widget_type=\"penci-text-block.default\">\n\t\t\t\t<div class=\"elementor-widget-container\">\n\t\t\t\t\t\t\t<div class=\"penci-block-vc penci-text-editor\">\n\t\t\t\t\t\t<div class=\"penci-block_content\">\n\t\t\t\t<div class=\"elementor-text-editor elementor-clearfix\"><p><span style=\"font-size: x-large;\"><strong>Fushat e Ekspertiz\u00ebs &amp; P\u00ebrvoja Profesionale<\/strong><\/span><\/p><p>Znj. Misrete Maksuti punon si Bashk\u00ebpun\u00ebtore Juridike n\u00eb Hodaj &amp; Partners q\u00eb nga viti 2014.\nMe nj\u00eb specializim n\u00eb t\u00eb drejt\u00ebn civile, t\u00eb drejt\u00ebn administrative, t\u00eb drejt\u00ebn e pun\u00ebs dhe t\u00eb\ndrejt\u00ebn pron\u00ebsore, znj. Maksuti sjell nj\u00eb kuptim gjith\u00ebp\u00ebrfshir\u00ebs t\u00eb k\u00ebtyre fushave n\u00eb praktik\u00ebn e\nsaj.<\/p><p>\u00a0<\/p><p>Para se t&#039;i bashkohej Hodaj &amp; Partners, znj. Maksuti fitoi p\u00ebrvoj\u00eb t\u00eb \u00e7muar duke punuar n\u00eb\nKomun\u00ebn e Gjilanit, ku e p\u00ebrforcoi ekspertiz\u00ebn e saj n\u00eb \u00e7\u00ebshtjet juridike.<\/p><p>\u00a0<\/p><p><b>Gjuh\u00ebt<\/b><\/p><p>Shqip, anglisht<\/p><p>\u00a0<\/p><p><b>Edukimi<\/b><\/p><p>2009, Universiteti Shtet\u00ebror\u00eb i Tetov\u00ebs, Maqedoni Veriore (LL.B)<\/p><\/div>\n\t\t\t<\/div>\n\t\t<\/div>\n\t\t\t\t\t\t<\/div>\n\t\t\t\t<\/div>\n\t\t\t\t<\/div>\n\t\t\t\t\t<\/div>\n\t\t\t\t<\/div>\n\t\t\t\t<\/div>","protected":false},"excerpt":{"rendered":"<p>MISRETE MAKSUTI Associate Main Areas of Expertise &amp; Career Summary Ms. Misrete Maksuti works as Associate at Hodaj &amp; Partners since 2014. With a specialization in Civil Law, Administrative Law,&hellip;<\/p>","protected":false},"author":7,"featured_media":0,"parent":1111,"menu_order":0,"comment_status":"closed","ping_status":"closed","template":"elementor_header_footer","meta":{"_lmt_disableupdate":"","_lmt_disable":"","footnotes":""},"class_list":["post-1487","page","type-page","status-publish","hentry"],"yoast_head":"<!-- This site is optimized with the Yoast SEO plugin v26.8 - https:\/\/yoast.com\/product\/yoast-seo-wordpress\/ -->\n<title>MISRETE MAKSUTI - Hodaj &amp; Partners L.L.C.<\/title>\n<meta name=\"robots\" content=\"index, follow, max-snippet:-1, max-image-preview:large, max-video-preview:-1\" \/>\n<link rel=\"canonical\" href=\"https:\/\/hodajlaw.com\/sq\/about-us\/team\/misrete-maksuti\/\" \/>\n<meta property=\"og:locale\" content=\"sq_AL\" \/>\n<meta property=\"og:type\" content=\"article\" \/>\n<meta property=\"og:title\" content=\"MISRETE MAKSUTI - Hodaj &amp; Partners L.L.C.\" \/>\n<meta property=\"og:description\" content=\"MISRETE MAKSUTI Associate Main Areas of Expertise &amp; Career Summary Ms. Misrete Maksuti works as Associate at Hodaj &amp; Partners since 2014. With a specialization in Civil Law, Administrative Law,&hellip;\" \/>\n<meta property=\"og:url\" content=\"https:\/\/hodajlaw.com\/sq\/about-us\/team\/misrete-maksuti\/\" \/>\n<meta property=\"og:site_name\" content=\"Hodaj &amp; Partners L.L.C.\" \/>\n<meta property=\"article:modified_time\" content=\"2024-09-05T19:58:40+00:00\" \/>\n<meta property=\"og:image\" content=\"https:\/\/hodajlaw.com\/wp-content\/uploads\/2019\/03\/Misrete_Maksuti-scaled.jpg\" \/>\n\t<meta property=\"og:image:width\" content=\"2560\" \/>\n\t<meta property=\"og:image:height\" content=\"1706\" \/>\n\t<meta property=\"og:image:type\" content=\"image\/jpeg\" \/>\n<meta name=\"twitter:card\" content=\"summary_large_image\" \/>\n<meta name=\"twitter:image\" content=\"https:\/\/hodajlaw.com\/wp-content\/uploads\/2019\/03\/Misrete_Maksuti-scaled.jpg\" \/>\n<meta name=\"twitter:label1\" content=\"Est. reading time\" \/>\n\t<meta name=\"twitter:data1\" content=\"1 minut\u00eb\" \/>\n<script type=\"application\/ld+json\" class=\"yoast-schema-graph\">{\"@context\":\"https:\/\/schema.org\",\"@graph\":[{\"@type\":\"WebPage\",\"@id\":\"https:\/\/hodajlaw.com\/about-us\/team\/misrete-maksuti\/\",\"url\":\"https:\/\/hodajlaw.com\/about-us\/team\/misrete-maksuti\/\",\"name\":\"MISRETE MAKSUTI - Hodaj &amp; Partners L.L.C.\",\"isPartOf\":{\"@id\":\"https:\/\/hodajlaw.com\/#website\"},\"primaryImageOfPage\":{\"@id\":\"https:\/\/hodajlaw.com\/about-us\/team\/misrete-maksuti\/#primaryimage\"},\"image\":{\"@id\":\"https:\/\/hodajlaw.com\/about-us\/team\/misrete-maksuti\/#primaryimage\"},\"thumbnailUrl\":\"https:\/\/hodajlaw.com\/wp-content\/uploads\/2019\/03\/Misrete_Maksuti-1024x683.jpg\",\"datePublished\":\"2019-03-17T15:10:32+00:00\",\"dateModified\":\"2024-09-05T19:58:40+00:00\",\"breadcrumb\":{\"@id\":\"https:\/\/hodajlaw.com\/about-us\/team\/misrete-maksuti\/#breadcrumb\"},\"inLanguage\":\"sq\",\"potentialAction\":[{\"@type\":\"ReadAction\",\"target\":[\"https:\/\/hodajlaw.com\/about-us\/team\/misrete-maksuti\/\"]}]},{\"@type\":\"ImageObject\",\"inLanguage\":\"sq\",\"@id\":\"https:\/\/hodajlaw.com\/about-us\/team\/misrete-maksuti\/#primaryimage\",\"url\":\"https:\/\/hodajlaw.com\/wp-content\/uploads\/2019\/03\/Misrete_Maksuti-1024x683.jpg\",\"contentUrl\":\"https:\/\/hodajlaw.com\/wp-content\/uploads\/2019\/03\/Misrete_Maksuti-1024x683.jpg\"},{\"@type\":\"BreadcrumbList\",\"@id\":\"https:\/\/hodajlaw.com\/about-us\/team\/misrete-maksuti\/#breadcrumb\",\"itemListElement\":[{\"@type\":\"ListItem\",\"position\":1,\"name\":\"Home\",\"item\":\"https:\/\/hodajlaw.com\/\"},{\"@type\":\"ListItem\",\"position\":2,\"name\":\"About\",\"item\":\"https:\/\/hodajlaw.com\/about-us\/\"},{\"@type\":\"ListItem\",\"position\":3,\"name\":\"Team\",\"item\":\"https:\/\/hodajlaw.com\/about-us\/team\/\"},{\"@type\":\"ListItem\",\"position\":4,\"name\":\"MISRETE MAKSUTI\"}]},{\"@type\":\"WebSite\",\"@id\":\"https:\/\/hodajlaw.com\/#website\",\"url\":\"https:\/\/hodajlaw.com\/\",\"name\":\"Hodaj &amp; Partners L.L.C.\",\"description\":\"Hodaj &amp; Partners\",\"potentialAction\":[{\"@type\":\"SearchAction\",\"target\":{\"@type\":\"EntryPoint\",\"urlTemplate\":\"https:\/\/hodajlaw.com\/?s={search_term_string}\"},\"query-input\":{\"@type\":\"PropertyValueSpecification\",\"valueRequired\":true,\"valueName\":\"search_term_string\"}}],\"inLanguage\":\"sq\"}]}<\/script>\n<!-- \/ Yoast SEO plugin. -->","yoast_head_json":{"title":"MISRETE MAKSUTI - Hodaj &amp; Partners L.L.C.","robots":{"index":"index","follow":"follow","max-snippet":"max-snippet:-1","max-image-preview":"max-image-preview:large","max-video-preview":"max-video-preview:-1"},"canonical":"https:\/\/hodajlaw.com\/sq\/about-us\/team\/misrete-maksuti\/","og_locale":"sq_AL","og_type":"article","og_title":"MISRETE MAKSUTI - Hodaj &amp; Partners L.L.C.","og_description":"MISRETE MAKSUTI Associate Main Areas of Expertise &amp; Career Summary Ms. Misrete Maksuti works as Associate at Hodaj &amp; Partners since 2014. With a specialization in Civil Law, Administrative Law,&hellip;","og_url":"https:\/\/hodajlaw.com\/sq\/about-us\/team\/misrete-maksuti\/","og_site_name":"Hodaj &amp; Partners L.L.C.","article_modified_time":"2024-09-05T19:58:40+00:00","og_image":[{"width":2560,"height":1706,"url":"https:\/\/hodajlaw.com\/wp-content\/uploads\/2019\/03\/Misrete_Maksuti-scaled.jpg","type":"image\/jpeg"}],"twitter_card":"summary_large_image","twitter_image":"https:\/\/hodajlaw.com\/wp-content\/uploads\/2019\/03\/Misrete_Maksuti-scaled.jpg","twitter_misc":{"Est. reading time":"1 minut\u00eb"},"schema":{"@context":"https:\/\/schema.org","@graph":[{"@type":"WebPage","@id":"https:\/\/hodajlaw.com\/about-us\/team\/misrete-maksuti\/","url":"https:\/\/hodajlaw.com\/about-us\/team\/misrete-maksuti\/","name":"MISRETE MAKSUTI - Hodaj &amp; Partners L.L.C.","isPartOf":{"@id":"https:\/\/hodajlaw.com\/#website"},"primaryImageOfPage":{"@id":"https:\/\/hodajlaw.com\/about-us\/team\/misrete-maksuti\/#primaryimage"},"image":{"@id":"https:\/\/hodajlaw.com\/about-us\/team\/misrete-maksuti\/#primaryimage"},"thumbnailUrl":"https:\/\/hodajlaw.com\/wp-content\/uploads\/2019\/03\/Misrete_Maksuti-1024x683.jpg","datePublished":"2019-03-17T15:10:32+00:00","dateModified":"2024-09-05T19:58:40+00:00","breadcrumb":{"@id":"https:\/\/hodajlaw.com\/about-us\/team\/misrete-maksuti\/#breadcrumb"},"inLanguage":"sq","potentialAction":[{"@type":"ReadAction","target":["https:\/\/hodajlaw.com\/about-us\/team\/misrete-maksuti\/"]}]},{"@type":"ImageObject","inLanguage":"sq","@id":"https:\/\/hodajlaw.com\/about-us\/team\/misrete-maksuti\/#primaryimage","url":"https:\/\/hodajlaw.com\/wp-content\/uploads\/2019\/03\/Misrete_Maksuti-1024x683.jpg","contentUrl":"https:\/\/hodajlaw.com\/wp-content\/uploads\/2019\/03\/Misrete_Maksuti-1024x683.jpg"},{"@type":"BreadcrumbList","@id":"https:\/\/hodajlaw.com\/about-us\/team\/misrete-maksuti\/#breadcrumb","itemListElement":[{"@type":"ListItem","position":1,"name":"Home","item":"https:\/\/hodajlaw.com\/"},{"@type":"ListItem","position":2,"name":"About","item":"https:\/\/hodajlaw.com\/about-us\/"},{"@type":"ListItem","position":3,"name":"Team","item":"https:\/\/hodajlaw.com\/about-us\/team\/"},{"@type":"ListItem","position":4,"name":"MISRETE MAKSUTI"}]},{"@type":"WebSite","@id":"https:\/\/hodajlaw.com\/#website","url":"https:\/\/hodajlaw.com\/","name":"Hodaj &amp; Partners L.L.C.","description":"Hodaj &amp; Partners","potentialAction":[{"@type":"SearchAction","target":{"@type":"EntryPoint","urlTemplate":"https:\/\/hodajlaw.com\/?s={search_term_string}"},"query-input":{"@type":"PropertyValueSpecification","valueRequired":true,"valueName":"search_term_string"}}],"inLanguage":"sq"}]}},"_links":{"self":[{"href":"https:\/\/hodajlaw.com\/sq\/wp-json\/wp\/v2\/pages\/1487","targetHints":{"allow":["GET"]}}],"collection":[{"href":"https:\/\/hodajlaw.com\/sq\/wp-json\/wp\/v2\/pages"}],"about":[{"href":"https:\/\/hodajlaw.com\/sq\/wp-json\/wp\/v2\/types\/page"}],"author":[{"embeddable":true,"href":"https:\/\/hodajlaw.com\/sq\/wp-json\/wp\/v2\/users\/7"}],"replies":[{"embeddable":true,"href":"https:\/\/hodajlaw.com\/sq\/wp-json\/wp\/v2\/comments?post=1487"}],"version-history":[{"count":22,"href":"https:\/\/hodajlaw.com\/sq\/wp-json\/wp\/v2\/pages\/1487\/revisions"}],"predecessor-version":[{"id":6435,"href":"https:\/\/hodajlaw.com\/sq\/wp-json\/wp\/v2\/pages\/1487\/revisions\/6435"}],"up":[{"embeddable":true,"href":"https:\/\/hodajlaw.com\/sq\/wp-json\/wp\/v2\/pages\/1111"}],"wp:attachment":[{"href":"https:\/\/hodajlaw.com\/sq\/wp-json\/wp\/v2\/media?parent=1487"}],"curies":[{"name":"wp","href":"https:\/\/api.w.org\/{rel}","templated":true}]}}