{"id":1494,"date":"2019-03-17T15:19:18","date_gmt":"2019-03-17T15:19:18","guid":{"rendered":"http:\/\/hodajlaw.com\/?page_id=1494"},"modified":"2024-09-05T18:31:44","modified_gmt":"2024-09-05T18:31:44","slug":"shkelzen-feka","status":"publish","type":"page","link":"https:\/\/hodajlaw.com\/sq\/about-us\/team\/shkelzen-feka\/","title":{"rendered":"SHKELZEN FEKA"},"content":{"rendered":"<div data-elementor-type=\"wp-page\" data-elementor-id=\"1494\" class=\"elementor elementor-1494\">\n\t\t\t\t\t\t<section class=\"penci-section penci-dmcheck penci-elbg-activate penci-disSticky penci-structure-10 elementor-section elementor-top-section elementor-element elementor-element-3a51f07 elementor-section-boxed elementor-section-height-default elementor-section-height-default\" data-id=\"3a51f07\" data-element_type=\"section\" data-e-type=\"section\" data-settings=\"{&quot;background_background&quot;:&quot;classic&quot;}\">\n\t\t\t\t\t\t<div class=\"elementor-container elementor-column-gap-default\">\n\t\t\t\t\t<div class=\"penci-ercol-100 penci-ercol-order-1 penci-sticky-ct    elementor-column elementor-col-100 elementor-top-column elementor-element elementor-element-8222609\" data-id=\"8222609\" data-element_type=\"column\" data-e-type=\"column\">\n\t\t\t<div class=\"elementor-widget-wrap elementor-element-populated\">\n\t\t\t\t\t\t<div class=\"elementor-element elementor-element-7034cd9 elementor-widget elementor-widget-penci-fancy_heading\" data-id=\"7034cd9\" data-element_type=\"widget\" data-e-type=\"widget\" data-widget_type=\"penci-fancy_heading.default\">\n\t\t\t\t<div class=\"elementor-widget-container\">\n\t\t\t\t\t\t\t<div class=\"penci-fancy-heading penci-heading-text-left\">\n\t\t\t<div class=\"penci-fancy-heading-inner\">\n\t\t\t\t<h2 class=\"penci-heading-title\"><span class=\"inner-tit\">SHKELZEN FEKA\n<\/span><\/h2><div class=\"penci-heading-content entry-content\"><p>AVOKAT<\/p>\n<\/div>\t\t\t<\/div>\n\t\t<\/div>\n\t\t\t\t\t\t<\/div>\n\t\t\t\t<\/div>\n\t\t\t\t\t<\/div>\n\t\t<\/div>\n\t\t\t\t\t<\/div>\n\t\t<\/section>\n\t\t<div class=\"elementor-element elementor-element-59d8cd5 e-flex e-con-boxed e-con e-parent\" data-id=\"59d8cd5\" data-element_type=\"container\" data-e-type=\"container\">\n\t\t\t\t\t<div class=\"e-con-inner\">\n\t\t<div class=\"elementor-element elementor-element-6bfbced e-con-full e-flex e-con e-child\" data-id=\"6bfbced\" data-element_type=\"container\" data-e-type=\"container\">\n\t\t\t\t<div class=\"elementor-element elementor-element-3e3d381 elementor-widget elementor-widget-image\" data-id=\"3e3d381\" data-element_type=\"widget\" data-e-type=\"widget\" data-widget_type=\"image.default\">\n\t\t\t\t<div class=\"elementor-widget-container\">\n\t\t\t\t\t\t\t\t\t\t\t\t\t\t\t<img fetchpriority=\"high\" decoding=\"async\" width=\"683\" height=\"1024\" src=\"https:\/\/hodajlaw.com\/wp-content\/uploads\/2024\/03\/DSC03853-min-683x1024.jpg\" class=\"attachment-large size-large wp-image-5729\" alt=\"\" srcset=\"https:\/\/hodajlaw.com\/wp-content\/uploads\/2024\/03\/DSC03853-min-683x1024.jpg 683w, https:\/\/hodajlaw.com\/wp-content\/uploads\/2024\/03\/DSC03853-min-200x300.jpg 200w, https:\/\/hodajlaw.com\/wp-content\/uploads\/2024\/03\/DSC03853-min-768x1152.jpg 768w, https:\/\/hodajlaw.com\/wp-content\/uploads\/2024\/03\/DSC03853-min-1024x1536.jpg 1024w, https:\/\/hodajlaw.com\/wp-content\/uploads\/2024\/03\/DSC03853-min-1365x2048.jpg 1365w, https:\/\/hodajlaw.com\/wp-content\/uploads\/2024\/03\/DSC03853-min-8x12.jpg 8w, https:\/\/hodajlaw.com\/wp-content\/uploads\/2024\/03\/DSC03853-min-1920x2880.jpg 1920w, https:\/\/hodajlaw.com\/wp-content\/uploads\/2024\/03\/DSC03853-min-1170x1755.jpg 1170w, https:\/\/hodajlaw.com\/wp-content\/uploads\/2024\/03\/DSC03853-min-585x878.jpg 585w, https:\/\/hodajlaw.com\/wp-content\/uploads\/2024\/03\/DSC03853-min-scaled.jpg 1707w\" sizes=\"(max-width: 683px) 100vw, 683px\" \/>\t\t\t\t\t\t\t\t\t\t\t\t\t\t\t<\/div>\n\t\t\t\t<\/div>\n\t\t\t\t<\/div>\n\t\t<div class=\"elementor-element elementor-element-69a8d87 e-flex e-con-boxed e-con e-child\" data-id=\"69a8d87\" data-element_type=\"container\" data-e-type=\"container\">\n\t\t\t\t\t<div class=\"e-con-inner\">\n\t\t\t\t<div class=\"elementor-element elementor-element-6306da6 elementor-widget elementor-widget-penci-text-block\" data-id=\"6306da6\" data-element_type=\"widget\" data-e-type=\"widget\" data-widget_type=\"penci-text-block.default\">\n\t\t\t\t<div class=\"elementor-widget-container\">\n\t\t\t\t\t\t\t<div class=\"penci-block-vc penci-text-editor\">\n\t\t\t\t\t\t<div class=\"penci-block_content\">\n\t\t\t\t<div class=\"elementor-text-editor elementor-clearfix\"><p><span style=\"font-size: x-large;\"><strong>Fushat e Ekspertiz\u00ebs &amp; P\u00ebrvoja Profesionale<br \/><\/strong><\/span>Z. Shkelzen Feka \u00ebsht\u00eb nj\u00eb nga Avokat\u00ebt pran\u00eb Hodaj &amp; Partners. Fushat kryesore t\u00eb ekspertiz\u00ebs t\u00eb Z. Feka jan\u00eb e Drejta Trash\u00ebgimore, e Drejta Familjare, Ligji p\u00ebr Kontrata, e Drejta Administrative dhe Procedur\u00ebs Administrative, e Drejta Penale si dhe e Drejta p\u00ebr Trash\u00ebgimi Kulturore.<\/p><p>\u00a0<\/p><p>Z. Feka punon si Avokat q\u00eb nga viti 2012 dhe ka p\u00ebrfaq\u00ebsuar me sukses shum\u00eb raste. P\u00ebrve\u00e7 ekspertiz\u00ebs s\u00eb tij ligjore, Z. Feka ka nj\u00eb p\u00ebrvoj\u00eb t\u00eb gjer\u00eb si hulumtues dhe koordinator i projekteve gjat\u00eb pun\u00ebs s\u00eb tij me organizata t\u00eb ndryshme t\u00eb shoq\u00ebris\u00eb civile. Z. Feka ka edhe nj\u00eb p\u00ebrvoj\u00eb t\u00eb pasur si K\u00ebshilltar Juridik ne Qeverin\u00eb e Republik\u00ebs s\u00eb Kosov\u00ebs.<\/p><p>\u00a0<\/p><p><b>Gjuh\u00ebt<\/b><br \/>Shqip, anglisht<\/p><p>\u00a0<\/p><p><b>Edukimi:<\/b><br \/>2013, Universiteti i Evrop\u00ebs Juglindore n\u00eb Tetov\u00eb, Maqedoni e Veriut (M.A)<br \/>2010, Universiteti i Prishtin\u00ebs (B.A)<br \/>2009, Universiteti Shtet\u00ebror\u00eb i Tetov\u00ebs, Maqedoni Veriore (LL.B)<\/p><p>\u00a0<\/p><p><b>An\u00ebtar\u00ebsimet<\/b><\/p><ul><li>Oda e Avokat\u00ebve t\u00eb Kosov\u00ebs<\/li><\/ul><\/div>\n\t\t\t<\/div>\n\t\t<\/div>\n\t\t\t\t\t\t<\/div>\n\t\t\t\t<\/div>\n\t\t\t\t\t<\/div>\n\t\t\t\t<\/div>\n\t\t\t\t\t<\/div>\n\t\t\t\t<\/div>\n\t\t\t\t<\/div>","protected":false},"excerpt":{"rendered":"<p>SHKELZEN FEKA Attorney at law Main Areas of Expertise &amp; Career SummaryMr. Shkelzen Feka is one of the lawyers at Hodaj &amp; Partners. Mr. Feka\u2019s main areas of expertise are&hellip;<\/p>","protected":false},"author":7,"featured_media":0,"parent":1111,"menu_order":0,"comment_status":"closed","ping_status":"closed","template":"elementor_header_footer","meta":{"_lmt_disableupdate":"","_lmt_disable":"","footnotes":""},"class_list":["post-1494","page","type-page","status-publish","hentry"],"yoast_head":"<!-- This site is optimized with the Yoast SEO plugin v26.8 - https:\/\/yoast.com\/product\/yoast-seo-wordpress\/ -->\n<title>SHKELZEN FEKA - Hodaj &amp; Partners L.L.C.<\/title>\n<meta name=\"robots\" content=\"index, follow, max-snippet:-1, max-image-preview:large, max-video-preview:-1\" \/>\n<link rel=\"canonical\" href=\"https:\/\/hodajlaw.com\/sq\/about-us\/team\/shkelzen-feka\/\" \/>\n<meta property=\"og:locale\" content=\"sq_AL\" \/>\n<meta property=\"og:type\" content=\"article\" \/>\n<meta property=\"og:title\" content=\"SHKELZEN FEKA - Hodaj &amp; Partners L.L.C.\" \/>\n<meta property=\"og:description\" content=\"SHKELZEN FEKA Attorney at law Main Areas of Expertise &amp; Career SummaryMr. Shkelzen Feka is one of the lawyers at Hodaj &amp; Partners. Mr. Feka\u2019s main areas of expertise are&hellip;\" \/>\n<meta property=\"og:url\" content=\"https:\/\/hodajlaw.com\/sq\/about-us\/team\/shkelzen-feka\/\" \/>\n<meta property=\"og:site_name\" content=\"Hodaj &amp; Partners L.L.C.\" \/>\n<meta property=\"article:modified_time\" content=\"2024-09-05T18:31:44+00:00\" \/>\n<meta property=\"og:image\" content=\"https:\/\/hodajlaw.com\/wp-content\/uploads\/2019\/03\/Shkelzen_Feka-scaled.jpg\" \/>\n\t<meta property=\"og:image:width\" content=\"1709\" \/>\n\t<meta property=\"og:image:height\" content=\"2560\" \/>\n\t<meta property=\"og:image:type\" content=\"image\/jpeg\" \/>\n<meta name=\"twitter:card\" content=\"summary_large_image\" \/>\n<meta name=\"twitter:image\" content=\"https:\/\/hodajlaw.com\/wp-content\/uploads\/2019\/03\/Shkelzen_Feka-scaled.jpg\" \/>\n<meta name=\"twitter:label1\" content=\"Est. reading time\" \/>\n\t<meta name=\"twitter:data1\" content=\"1 minut\u00eb\" \/>\n<script type=\"application\/ld+json\" class=\"yoast-schema-graph\">{\"@context\":\"https:\/\/schema.org\",\"@graph\":[{\"@type\":\"WebPage\",\"@id\":\"https:\/\/hodajlaw.com\/about-us\/team\/shkelzen-feka\/\",\"url\":\"https:\/\/hodajlaw.com\/about-us\/team\/shkelzen-feka\/\",\"name\":\"SHKELZEN FEKA - Hodaj &amp; Partners L.L.C.\",\"isPartOf\":{\"@id\":\"https:\/\/hodajlaw.com\/#website\"},\"primaryImageOfPage\":{\"@id\":\"https:\/\/hodajlaw.com\/about-us\/team\/shkelzen-feka\/#primaryimage\"},\"image\":{\"@id\":\"https:\/\/hodajlaw.com\/about-us\/team\/shkelzen-feka\/#primaryimage\"},\"thumbnailUrl\":\"https:\/\/hodajlaw.com\/wp-content\/uploads\/2024\/03\/DSC03853-min-683x1024.jpg\",\"datePublished\":\"2019-03-17T15:19:18+00:00\",\"dateModified\":\"2024-09-05T18:31:44+00:00\",\"breadcrumb\":{\"@id\":\"https:\/\/hodajlaw.com\/about-us\/team\/shkelzen-feka\/#breadcrumb\"},\"inLanguage\":\"sq\",\"potentialAction\":[{\"@type\":\"ReadAction\",\"target\":[\"https:\/\/hodajlaw.com\/about-us\/team\/shkelzen-feka\/\"]}]},{\"@type\":\"ImageObject\",\"inLanguage\":\"sq\",\"@id\":\"https:\/\/hodajlaw.com\/about-us\/team\/shkelzen-feka\/#primaryimage\",\"url\":\"https:\/\/hodajlaw.com\/wp-content\/uploads\/2024\/03\/DSC03853-min-683x1024.jpg\",\"contentUrl\":\"https:\/\/hodajlaw.com\/wp-content\/uploads\/2024\/03\/DSC03853-min-683x1024.jpg\"},{\"@type\":\"BreadcrumbList\",\"@id\":\"https:\/\/hodajlaw.com\/about-us\/team\/shkelzen-feka\/#breadcrumb\",\"itemListElement\":[{\"@type\":\"ListItem\",\"position\":1,\"name\":\"Home\",\"item\":\"https:\/\/hodajlaw.com\/\"},{\"@type\":\"ListItem\",\"position\":2,\"name\":\"About\",\"item\":\"https:\/\/hodajlaw.com\/about-us\/\"},{\"@type\":\"ListItem\",\"position\":3,\"name\":\"Team\",\"item\":\"https:\/\/hodajlaw.com\/about-us\/team\/\"},{\"@type\":\"ListItem\",\"position\":4,\"name\":\"SHKELZEN FEKA\"}]},{\"@type\":\"WebSite\",\"@id\":\"https:\/\/hodajlaw.com\/#website\",\"url\":\"https:\/\/hodajlaw.com\/\",\"name\":\"Hodaj &amp; Partners L.L.C.\",\"description\":\"Hodaj &amp; Partners\",\"potentialAction\":[{\"@type\":\"SearchAction\",\"target\":{\"@type\":\"EntryPoint\",\"urlTemplate\":\"https:\/\/hodajlaw.com\/?s={search_term_string}\"},\"query-input\":{\"@type\":\"PropertyValueSpecification\",\"valueRequired\":true,\"valueName\":\"search_term_string\"}}],\"inLanguage\":\"sq\"}]}<\/script>\n<!-- \/ Yoast SEO plugin. -->","yoast_head_json":{"title":"SHKELZEN FEKA - Hodaj &amp; Partners L.L.C.","robots":{"index":"index","follow":"follow","max-snippet":"max-snippet:-1","max-image-preview":"max-image-preview:large","max-video-preview":"max-video-preview:-1"},"canonical":"https:\/\/hodajlaw.com\/sq\/about-us\/team\/shkelzen-feka\/","og_locale":"sq_AL","og_type":"article","og_title":"SHKELZEN FEKA - Hodaj &amp; Partners L.L.C.","og_description":"SHKELZEN FEKA Attorney at law Main Areas of Expertise &amp; Career SummaryMr. Shkelzen Feka is one of the lawyers at Hodaj &amp; Partners. Mr. Feka\u2019s main areas of expertise are&hellip;","og_url":"https:\/\/hodajlaw.com\/sq\/about-us\/team\/shkelzen-feka\/","og_site_name":"Hodaj &amp; Partners L.L.C.","article_modified_time":"2024-09-05T18:31:44+00:00","og_image":[{"width":1709,"height":2560,"url":"https:\/\/hodajlaw.com\/wp-content\/uploads\/2019\/03\/Shkelzen_Feka-scaled.jpg","type":"image\/jpeg"}],"twitter_card":"summary_large_image","twitter_image":"https:\/\/hodajlaw.com\/wp-content\/uploads\/2019\/03\/Shkelzen_Feka-scaled.jpg","twitter_misc":{"Est. reading time":"1 minut\u00eb"},"schema":{"@context":"https:\/\/schema.org","@graph":[{"@type":"WebPage","@id":"https:\/\/hodajlaw.com\/about-us\/team\/shkelzen-feka\/","url":"https:\/\/hodajlaw.com\/about-us\/team\/shkelzen-feka\/","name":"SHKELZEN FEKA - Hodaj &amp; Partners L.L.C.","isPartOf":{"@id":"https:\/\/hodajlaw.com\/#website"},"primaryImageOfPage":{"@id":"https:\/\/hodajlaw.com\/about-us\/team\/shkelzen-feka\/#primaryimage"},"image":{"@id":"https:\/\/hodajlaw.com\/about-us\/team\/shkelzen-feka\/#primaryimage"},"thumbnailUrl":"https:\/\/hodajlaw.com\/wp-content\/uploads\/2024\/03\/DSC03853-min-683x1024.jpg","datePublished":"2019-03-17T15:19:18+00:00","dateModified":"2024-09-05T18:31:44+00:00","breadcrumb":{"@id":"https:\/\/hodajlaw.com\/about-us\/team\/shkelzen-feka\/#breadcrumb"},"inLanguage":"sq","potentialAction":[{"@type":"ReadAction","target":["https:\/\/hodajlaw.com\/about-us\/team\/shkelzen-feka\/"]}]},{"@type":"ImageObject","inLanguage":"sq","@id":"https:\/\/hodajlaw.com\/about-us\/team\/shkelzen-feka\/#primaryimage","url":"https:\/\/hodajlaw.com\/wp-content\/uploads\/2024\/03\/DSC03853-min-683x1024.jpg","contentUrl":"https:\/\/hodajlaw.com\/wp-content\/uploads\/2024\/03\/DSC03853-min-683x1024.jpg"},{"@type":"BreadcrumbList","@id":"https:\/\/hodajlaw.com\/about-us\/team\/shkelzen-feka\/#breadcrumb","itemListElement":[{"@type":"ListItem","position":1,"name":"Home","item":"https:\/\/hodajlaw.com\/"},{"@type":"ListItem","position":2,"name":"About","item":"https:\/\/hodajlaw.com\/about-us\/"},{"@type":"ListItem","position":3,"name":"Team","item":"https:\/\/hodajlaw.com\/about-us\/team\/"},{"@type":"ListItem","position":4,"name":"SHKELZEN FEKA"}]},{"@type":"WebSite","@id":"https:\/\/hodajlaw.com\/#website","url":"https:\/\/hodajlaw.com\/","name":"Hodaj &amp; Partners L.L.C.","description":"Hodaj &amp; Partners","potentialAction":[{"@type":"SearchAction","target":{"@type":"EntryPoint","urlTemplate":"https:\/\/hodajlaw.com\/?s={search_term_string}"},"query-input":{"@type":"PropertyValueSpecification","valueRequired":true,"valueName":"search_term_string"}}],"inLanguage":"sq"}]}},"_links":{"self":[{"href":"https:\/\/hodajlaw.com\/sq\/wp-json\/wp\/v2\/pages\/1494","targetHints":{"allow":["GET"]}}],"collection":[{"href":"https:\/\/hodajlaw.com\/sq\/wp-json\/wp\/v2\/pages"}],"about":[{"href":"https:\/\/hodajlaw.com\/sq\/wp-json\/wp\/v2\/types\/page"}],"author":[{"embeddable":true,"href":"https:\/\/hodajlaw.com\/sq\/wp-json\/wp\/v2\/users\/7"}],"replies":[{"embeddable":true,"href":"https:\/\/hodajlaw.com\/sq\/wp-json\/wp\/v2\/comments?post=1494"}],"version-history":[{"count":30,"href":"https:\/\/hodajlaw.com\/sq\/wp-json\/wp\/v2\/pages\/1494\/revisions"}],"predecessor-version":[{"id":6343,"href":"https:\/\/hodajlaw.com\/sq\/wp-json\/wp\/v2\/pages\/1494\/revisions\/6343"}],"up":[{"embeddable":true,"href":"https:\/\/hodajlaw.com\/sq\/wp-json\/wp\/v2\/pages\/1111"}],"wp:attachment":[{"href":"https:\/\/hodajlaw.com\/sq\/wp-json\/wp\/v2\/media?parent=1494"}],"curies":[{"name":"wp","href":"https:\/\/api.w.org\/{rel}","templated":true}]}}