{"id":1507,"date":"2019-03-17T15:31:46","date_gmt":"2019-03-17T15:31:46","guid":{"rendered":"http:\/\/hodajlaw.com\/?page_id=1507"},"modified":"2025-11-12T13:33:30","modified_gmt":"2025-11-12T13:33:30","slug":"reinhard-kirpes","status":"publish","type":"page","link":"https:\/\/hodajlaw.com\/sq\/about-us\/team\/reinhard-kirpes\/","title":{"rendered":"Reinhard KIRPES"},"content":{"rendered":"<div data-elementor-type=\"wp-page\" data-elementor-id=\"1507\" class=\"elementor elementor-1507\">\n\t\t\t\t\t\t<section class=\"penci-section penci-dmcheck penci-elbg-activate penci-disSticky penci-structure-10 elementor-section elementor-top-section elementor-element elementor-element-a4a61c2 elementor-section-boxed elementor-section-height-default elementor-section-height-default\" data-id=\"a4a61c2\" data-element_type=\"section\" data-e-type=\"section\" data-settings=\"{&quot;background_background&quot;:&quot;classic&quot;}\">\n\t\t\t\t\t\t<div class=\"elementor-container elementor-column-gap-default\">\n\t\t\t\t\t<div class=\"penci-ercol-100 penci-ercol-order-1 penci-sticky-ct    elementor-column elementor-col-100 elementor-top-column elementor-element elementor-element-2e377e4\" data-id=\"2e377e4\" data-element_type=\"column\" data-e-type=\"column\">\n\t\t\t<div class=\"elementor-widget-wrap elementor-element-populated\">\n\t\t\t\t\t\t<div class=\"elementor-element elementor-element-7eeb83e elementor-widget elementor-widget-penci-fancy_heading\" data-id=\"7eeb83e\" data-element_type=\"widget\" data-e-type=\"widget\" data-widget_type=\"penci-fancy_heading.default\">\n\t\t\t\t<div class=\"elementor-widget-container\">\n\t\t\t\t\t\t\t<div class=\"penci-fancy-heading penci-heading-text-left\">\n\t\t\t<div class=\"penci-fancy-heading-inner\">\n\t\t\t\t<h2 class=\"penci-heading-title\"><span class=\"inner-tit\">REINHARD KIRPES\n<\/span><\/h2><div class=\"penci-heading-content entry-content\"><p>Avokat, Bashk\u00ebpun\u00ebtor i Jasht\u00ebm<\/p>\n<\/div>\t\t\t<\/div>\n\t\t<\/div>\n\t\t\t\t\t\t<\/div>\n\t\t\t\t<\/div>\n\t\t\t\t\t<\/div>\n\t\t<\/div>\n\t\t\t\t\t<\/div>\n\t\t<\/section>\n\t\t<div class=\"elementor-element elementor-element-7d881c4 e-flex e-con-boxed e-con e-parent\" data-id=\"7d881c4\" data-element_type=\"container\" data-e-type=\"container\">\n\t\t\t\t\t<div class=\"e-con-inner\">\n\t\t<div class=\"elementor-element elementor-element-4f1adcf e-con-full e-flex e-con e-child\" data-id=\"4f1adcf\" data-element_type=\"container\" data-e-type=\"container\">\n\t\t\t\t<div class=\"elementor-element elementor-element-5f2fadf elementor-widget elementor-widget-image\" data-id=\"5f2fadf\" data-element_type=\"widget\" data-e-type=\"widget\" data-widget_type=\"image.default\">\n\t\t\t\t<div class=\"elementor-widget-container\">\n\t\t\t\t\t\t\t\t\t\t\t\t\t\t\t<img fetchpriority=\"high\" decoding=\"async\" width=\"1707\" height=\"2560\" src=\"https:\/\/hodajlaw.com\/wp-content\/uploads\/2024\/05\/1-min-scaled.jpg\" class=\"attachment-full size-full wp-image-6060\" alt=\"\" srcset=\"https:\/\/hodajlaw.com\/wp-content\/uploads\/2024\/05\/1-min-scaled.jpg 1707w, https:\/\/hodajlaw.com\/wp-content\/uploads\/2024\/05\/1-min-200x300.jpg 200w, https:\/\/hodajlaw.com\/wp-content\/uploads\/2024\/05\/1-min-683x1024.jpg 683w, https:\/\/hodajlaw.com\/wp-content\/uploads\/2024\/05\/1-min-768x1152.jpg 768w, https:\/\/hodajlaw.com\/wp-content\/uploads\/2024\/05\/1-min-1024x1536.jpg 1024w, https:\/\/hodajlaw.com\/wp-content\/uploads\/2024\/05\/1-min-1365x2048.jpg 1365w, https:\/\/hodajlaw.com\/wp-content\/uploads\/2024\/05\/1-min-8x12.jpg 8w, https:\/\/hodajlaw.com\/wp-content\/uploads\/2024\/05\/1-min-1920x2880.jpg 1920w, https:\/\/hodajlaw.com\/wp-content\/uploads\/2024\/05\/1-min-1170x1755.jpg 1170w, https:\/\/hodajlaw.com\/wp-content\/uploads\/2024\/05\/1-min-585x878.jpg 585w\" sizes=\"(max-width: 1707px) 100vw, 1707px\" \/>\t\t\t\t\t\t\t\t\t\t\t\t\t\t\t<\/div>\n\t\t\t\t<\/div>\n\t\t\t\t<\/div>\n\t\t<div class=\"elementor-element elementor-element-52f060c e-con-full e-flex e-con e-child\" data-id=\"52f060c\" data-element_type=\"container\" data-e-type=\"container\">\n\t\t\t\t<div class=\"elementor-element elementor-element-a1072f4 elementor-widget elementor-widget-penci-text-block\" data-id=\"a1072f4\" data-element_type=\"widget\" data-e-type=\"widget\" data-widget_type=\"penci-text-block.default\">\n\t\t\t\t<div class=\"elementor-widget-container\">\n\t\t\t\t\t\t\t<div class=\"penci-block-vc penci-text-editor\">\n\t\t\t\t\t\t<div class=\"penci-block_content\">\n\t\t\t\t<div class=\"elementor-text-editor elementor-clearfix\"><p><span style=\"font-size: x-large;\"><strong>Fushat e Ekspertiz\u00ebs &amp; P\u00ebrvoja Profesionale<\/strong><\/span><\/p><section id=\"section_1084698659\" class=\"section\"><div class=\"section-content relative\"><div id=\"row-448702934\" class=\"row\"><div id=\"col-118778321\" class=\"col medium-6 small-12 large-6\"><div class=\"col-inner\"><p>Reinhard Kirpes \u00ebsht\u00eb partner i firm\u00ebs son\u00eb q\u00eb operon zyr\u00ebn e tij t\u00eb avokatur\u00ebs n\u00eb Offenburg, Gjermani dhe Strasburg, Franc\u00eb p\u00ebr m\u00eb shum\u00eb se 20 vjet. Z. Kirpes \u00ebsht\u00eb i specializuar dhe bashk\u00ebpunon me firm\u00ebn ton\u00eb n\u00eb t\u00eb Drejt\u00ebn Penale, t\u00eb Drejt\u00ebn Familjare, Ligjin e Emigracionit dhe Natyralizimin.<\/p><p>Kirpes \u00ebsht\u00eb i kualifikuar dhe i licencuar p\u00ebr t\u00eb praktikuar ligjin n\u00eb Gjermani dhe Franc\u00eb. Ai gjithashtu \u00ebsht\u00eb i autorizuar t\u00eb p\u00ebrfaq\u00ebsoj\u00eb pal\u00ebt para Gjykatave Nd\u00ebrkomb\u00ebtare t\u00eb Krimeve n\u00eb Hag\u00eb, si dhe para Gjykat\u00ebs Evropiane p\u00ebr t\u00eb Drejtat e Njeriut n\u00eb Strasburg.<\/p><p><b>Gjuh\u00ebt<\/b><\/p><p>Gjermanisht, Frengjisht, Anglisht<\/p><\/div><\/div><\/div><\/div><\/section><\/div>\n\t\t\t<\/div>\n\t\t<\/div>\n\t\t\t\t\t\t<\/div>\n\t\t\t\t<\/div>\n\t\t\t\t<\/div>\n\t\t\t\t\t<\/div>\n\t\t\t\t<\/div>\n\t\t\t\t<\/div>","protected":false},"excerpt":{"rendered":"<p>REINHARD KIRPES Attorney at Law, Off Counsel Main Areas of Expertise &amp; Career Summary Mr. Reinhard Kirpes is a partner to our firm and operates his law firm in Offenburg,&hellip;<\/p>","protected":false},"author":2,"featured_media":0,"parent":1111,"menu_order":0,"comment_status":"open","ping_status":"open","template":"elementor_header_footer","meta":{"_lmt_disableupdate":"","_lmt_disable":"","footnotes":""},"class_list":["post-1507","page","type-page","status-publish","hentry"],"yoast_head":"<!-- This site is optimized with the Yoast SEO plugin v26.8 - https:\/\/yoast.com\/product\/yoast-seo-wordpress\/ -->\n<title>Reinhard KIRPES - Hodaj &amp; Partners L.L.C.<\/title>\n<meta name=\"robots\" content=\"index, follow, max-snippet:-1, max-image-preview:large, max-video-preview:-1\" \/>\n<link rel=\"canonical\" href=\"https:\/\/hodajlaw.com\/sq\/about-us\/team\/reinhard-kirpes\/\" \/>\n<meta property=\"og:locale\" content=\"sq_AL\" \/>\n<meta property=\"og:type\" content=\"article\" \/>\n<meta property=\"og:title\" content=\"Reinhard KIRPES - Hodaj &amp; Partners L.L.C.\" \/>\n<meta property=\"og:description\" content=\"REINHARD KIRPES Attorney at Law, Off Counsel Main Areas of Expertise &amp; Career Summary Mr. Reinhard Kirpes is a partner to our firm and operates his law firm in Offenburg,&hellip;\" \/>\n<meta property=\"og:url\" content=\"https:\/\/hodajlaw.com\/sq\/about-us\/team\/reinhard-kirpes\/\" \/>\n<meta property=\"og:site_name\" content=\"Hodaj &amp; Partners L.L.C.\" \/>\n<meta property=\"article:modified_time\" content=\"2025-11-12T13:33:30+00:00\" \/>\n<meta property=\"og:image\" content=\"https:\/\/hodajlaw.com\/wp-content\/uploads\/2019\/03\/reinhard.jpg\" \/>\n\t<meta property=\"og:image:width\" content=\"500\" \/>\n\t<meta property=\"og:image:height\" content=\"400\" \/>\n\t<meta property=\"og:image:type\" content=\"image\/jpeg\" \/>\n<meta name=\"twitter:card\" content=\"summary_large_image\" \/>\n<meta name=\"twitter:image\" content=\"https:\/\/hodajlaw.com\/wp-content\/uploads\/2019\/03\/reinhard.jpg\" \/>\n<meta name=\"twitter:label1\" content=\"Est. reading time\" \/>\n\t<meta name=\"twitter:data1\" content=\"2 minuta\" \/>\n<script type=\"application\/ld+json\" class=\"yoast-schema-graph\">{\"@context\":\"https:\/\/schema.org\",\"@graph\":[{\"@type\":\"WebPage\",\"@id\":\"https:\/\/hodajlaw.com\/about-us\/team\/reinhard-kirpes\/\",\"url\":\"https:\/\/hodajlaw.com\/about-us\/team\/reinhard-kirpes\/\",\"name\":\"Reinhard KIRPES - Hodaj &amp; Partners L.L.C.\",\"isPartOf\":{\"@id\":\"https:\/\/hodajlaw.com\/#website\"},\"primaryImageOfPage\":{\"@id\":\"https:\/\/hodajlaw.com\/about-us\/team\/reinhard-kirpes\/#primaryimage\"},\"image\":{\"@id\":\"https:\/\/hodajlaw.com\/about-us\/team\/reinhard-kirpes\/#primaryimage\"},\"thumbnailUrl\":\"https:\/\/hodajlaw.com\/wp-content\/uploads\/2024\/05\/1-min-scaled.jpg\",\"datePublished\":\"2019-03-17T15:31:46+00:00\",\"dateModified\":\"2025-11-12T13:33:30+00:00\",\"breadcrumb\":{\"@id\":\"https:\/\/hodajlaw.com\/about-us\/team\/reinhard-kirpes\/#breadcrumb\"},\"inLanguage\":\"sq\",\"potentialAction\":[{\"@type\":\"ReadAction\",\"target\":[\"https:\/\/hodajlaw.com\/about-us\/team\/reinhard-kirpes\/\"]}]},{\"@type\":\"ImageObject\",\"inLanguage\":\"sq\",\"@id\":\"https:\/\/hodajlaw.com\/about-us\/team\/reinhard-kirpes\/#primaryimage\",\"url\":\"https:\/\/hodajlaw.com\/wp-content\/uploads\/2024\/05\/1-min-scaled.jpg\",\"contentUrl\":\"https:\/\/hodajlaw.com\/wp-content\/uploads\/2024\/05\/1-min-scaled.jpg\"},{\"@type\":\"BreadcrumbList\",\"@id\":\"https:\/\/hodajlaw.com\/about-us\/team\/reinhard-kirpes\/#breadcrumb\",\"itemListElement\":[{\"@type\":\"ListItem\",\"position\":1,\"name\":\"Home\",\"item\":\"https:\/\/hodajlaw.com\/\"},{\"@type\":\"ListItem\",\"position\":2,\"name\":\"About\",\"item\":\"https:\/\/hodajlaw.com\/about-us\/\"},{\"@type\":\"ListItem\",\"position\":3,\"name\":\"Team\",\"item\":\"https:\/\/hodajlaw.com\/about-us\/team\/\"},{\"@type\":\"ListItem\",\"position\":4,\"name\":\"Reinhard KIRPES\"}]},{\"@type\":\"WebSite\",\"@id\":\"https:\/\/hodajlaw.com\/#website\",\"url\":\"https:\/\/hodajlaw.com\/\",\"name\":\"Hodaj &amp; Partners L.L.C.\",\"description\":\"Hodaj &amp; Partners\",\"potentialAction\":[{\"@type\":\"SearchAction\",\"target\":{\"@type\":\"EntryPoint\",\"urlTemplate\":\"https:\/\/hodajlaw.com\/?s={search_term_string}\"},\"query-input\":{\"@type\":\"PropertyValueSpecification\",\"valueRequired\":true,\"valueName\":\"search_term_string\"}}],\"inLanguage\":\"sq\"}]}<\/script>\n<!-- \/ Yoast SEO plugin. -->","yoast_head_json":{"title":"Reinhard KIRPES - Hodaj &amp; Partners L.L.C.","robots":{"index":"index","follow":"follow","max-snippet":"max-snippet:-1","max-image-preview":"max-image-preview:large","max-video-preview":"max-video-preview:-1"},"canonical":"https:\/\/hodajlaw.com\/sq\/about-us\/team\/reinhard-kirpes\/","og_locale":"sq_AL","og_type":"article","og_title":"Reinhard KIRPES - Hodaj &amp; Partners L.L.C.","og_description":"REINHARD KIRPES Attorney at Law, Off Counsel Main Areas of Expertise &amp; Career Summary Mr. Reinhard Kirpes is a partner to our firm and operates his law firm in Offenburg,&hellip;","og_url":"https:\/\/hodajlaw.com\/sq\/about-us\/team\/reinhard-kirpes\/","og_site_name":"Hodaj &amp; Partners L.L.C.","article_modified_time":"2025-11-12T13:33:30+00:00","og_image":[{"width":500,"height":400,"url":"https:\/\/hodajlaw.com\/wp-content\/uploads\/2019\/03\/reinhard.jpg","type":"image\/jpeg"}],"twitter_card":"summary_large_image","twitter_image":"https:\/\/hodajlaw.com\/wp-content\/uploads\/2019\/03\/reinhard.jpg","twitter_misc":{"Est. reading time":"2 minuta"},"schema":{"@context":"https:\/\/schema.org","@graph":[{"@type":"WebPage","@id":"https:\/\/hodajlaw.com\/about-us\/team\/reinhard-kirpes\/","url":"https:\/\/hodajlaw.com\/about-us\/team\/reinhard-kirpes\/","name":"Reinhard KIRPES - Hodaj &amp; Partners L.L.C.","isPartOf":{"@id":"https:\/\/hodajlaw.com\/#website"},"primaryImageOfPage":{"@id":"https:\/\/hodajlaw.com\/about-us\/team\/reinhard-kirpes\/#primaryimage"},"image":{"@id":"https:\/\/hodajlaw.com\/about-us\/team\/reinhard-kirpes\/#primaryimage"},"thumbnailUrl":"https:\/\/hodajlaw.com\/wp-content\/uploads\/2024\/05\/1-min-scaled.jpg","datePublished":"2019-03-17T15:31:46+00:00","dateModified":"2025-11-12T13:33:30+00:00","breadcrumb":{"@id":"https:\/\/hodajlaw.com\/about-us\/team\/reinhard-kirpes\/#breadcrumb"},"inLanguage":"sq","potentialAction":[{"@type":"ReadAction","target":["https:\/\/hodajlaw.com\/about-us\/team\/reinhard-kirpes\/"]}]},{"@type":"ImageObject","inLanguage":"sq","@id":"https:\/\/hodajlaw.com\/about-us\/team\/reinhard-kirpes\/#primaryimage","url":"https:\/\/hodajlaw.com\/wp-content\/uploads\/2024\/05\/1-min-scaled.jpg","contentUrl":"https:\/\/hodajlaw.com\/wp-content\/uploads\/2024\/05\/1-min-scaled.jpg"},{"@type":"BreadcrumbList","@id":"https:\/\/hodajlaw.com\/about-us\/team\/reinhard-kirpes\/#breadcrumb","itemListElement":[{"@type":"ListItem","position":1,"name":"Home","item":"https:\/\/hodajlaw.com\/"},{"@type":"ListItem","position":2,"name":"About","item":"https:\/\/hodajlaw.com\/about-us\/"},{"@type":"ListItem","position":3,"name":"Team","item":"https:\/\/hodajlaw.com\/about-us\/team\/"},{"@type":"ListItem","position":4,"name":"Reinhard KIRPES"}]},{"@type":"WebSite","@id":"https:\/\/hodajlaw.com\/#website","url":"https:\/\/hodajlaw.com\/","name":"Hodaj &amp; Partners L.L.C.","description":"Hodaj &amp; Partners","potentialAction":[{"@type":"SearchAction","target":{"@type":"EntryPoint","urlTemplate":"https:\/\/hodajlaw.com\/?s={search_term_string}"},"query-input":{"@type":"PropertyValueSpecification","valueRequired":true,"valueName":"search_term_string"}}],"inLanguage":"sq"}]}},"_links":{"self":[{"href":"https:\/\/hodajlaw.com\/sq\/wp-json\/wp\/v2\/pages\/1507","targetHints":{"allow":["GET"]}}],"collection":[{"href":"https:\/\/hodajlaw.com\/sq\/wp-json\/wp\/v2\/pages"}],"about":[{"href":"https:\/\/hodajlaw.com\/sq\/wp-json\/wp\/v2\/types\/page"}],"author":[{"embeddable":true,"href":"https:\/\/hodajlaw.com\/sq\/wp-json\/wp\/v2\/users\/2"}],"replies":[{"embeddable":true,"href":"https:\/\/hodajlaw.com\/sq\/wp-json\/wp\/v2\/comments?post=1507"}],"version-history":[{"count":31,"href":"https:\/\/hodajlaw.com\/sq\/wp-json\/wp\/v2\/pages\/1507\/revisions"}],"predecessor-version":[{"id":6746,"href":"https:\/\/hodajlaw.com\/sq\/wp-json\/wp\/v2\/pages\/1507\/revisions\/6746"}],"up":[{"embeddable":true,"href":"https:\/\/hodajlaw.com\/sq\/wp-json\/wp\/v2\/pages\/1111"}],"wp:attachment":[{"href":"https:\/\/hodajlaw.com\/sq\/wp-json\/wp\/v2\/media?parent=1507"}],"curies":[{"name":"wp","href":"https:\/\/api.w.org\/{rel}","templated":true}]}}