{"id":1513,"date":"2019-03-17T15:37:15","date_gmt":"2019-03-17T15:37:15","guid":{"rendered":"http:\/\/hodajlaw.com\/?page_id=1513"},"modified":"2024-09-05T18:32:09","modified_gmt":"2024-09-05T18:32:09","slug":"fis-murati","status":"publish","type":"page","link":"https:\/\/hodajlaw.com\/sq\/about-us\/team\/fis-murati\/","title":{"rendered":"Fis MURATI"},"content":{"rendered":"<div data-elementor-type=\"wp-page\" data-elementor-id=\"1513\" class=\"elementor elementor-1513\">\n\t\t\t\t\t\t<section class=\"penci-section penci-dmcheck penci-elbg-activate penci-disSticky penci-structure-10 elementor-section elementor-top-section elementor-element elementor-element-524ae86 elementor-section-boxed elementor-section-height-default elementor-section-height-default\" data-id=\"524ae86\" data-element_type=\"section\" data-e-type=\"section\" data-settings=\"{&quot;background_background&quot;:&quot;classic&quot;}\">\n\t\t\t\t\t\t<div class=\"elementor-container elementor-column-gap-default\">\n\t\t\t\t\t<div class=\"penci-ercol-100 penci-ercol-order-1 penci-sticky-ct    elementor-column elementor-col-100 elementor-top-column elementor-element elementor-element-50713c8\" data-id=\"50713c8\" data-element_type=\"column\" data-e-type=\"column\">\n\t\t\t<div class=\"elementor-widget-wrap elementor-element-populated\">\n\t\t\t\t\t\t<div class=\"elementor-element elementor-element-6c0e94d elementor-widget elementor-widget-penci-fancy_heading\" data-id=\"6c0e94d\" data-element_type=\"widget\" data-e-type=\"widget\" data-widget_type=\"penci-fancy_heading.default\">\n\t\t\t\t<div class=\"elementor-widget-container\">\n\t\t\t\t\t\t\t<div class=\"penci-fancy-heading penci-heading-text-left\">\n\t\t\t<div class=\"penci-fancy-heading-inner\">\n\t\t\t\t<h2 class=\"penci-heading-title\"><span class=\"inner-tit\">FIS MURATI\n<\/span><\/h2><div class=\"penci-heading-content entry-content\"><p>AVOKAT<\/p>\n<\/div>\t\t\t<\/div>\n\t\t<\/div>\n\t\t\t\t\t\t<\/div>\n\t\t\t\t<\/div>\n\t\t\t\t\t<\/div>\n\t\t<\/div>\n\t\t\t\t\t<\/div>\n\t\t<\/section>\n\t\t<div class=\"elementor-element elementor-element-a9a1c79 e-flex e-con-boxed e-con e-parent\" data-id=\"a9a1c79\" data-element_type=\"container\" data-e-type=\"container\">\n\t\t\t\t\t<div class=\"e-con-inner\">\n\t\t<div class=\"elementor-element elementor-element-c69b07d e-con-full e-flex e-con e-child\" data-id=\"c69b07d\" data-element_type=\"container\" data-e-type=\"container\">\n\t\t\t\t<div class=\"elementor-element elementor-element-e6a08b1 elementor-widget elementor-widget-image\" data-id=\"e6a08b1\" data-element_type=\"widget\" data-e-type=\"widget\" data-widget_type=\"image.default\">\n\t\t\t\t<div class=\"elementor-widget-container\">\n\t\t\t\t\t\t\t\t\t\t\t\t\t\t\t<img fetchpriority=\"high\" decoding=\"async\" width=\"1025\" height=\"1536\" src=\"https:\/\/hodajlaw.com\/wp-content\/uploads\/2021\/01\/Fis-Murati-1025x1536.jpg\" class=\"attachment-1536x1536 size-1536x1536 wp-image-2464\" alt=\"\" srcset=\"https:\/\/hodajlaw.com\/wp-content\/uploads\/2021\/01\/Fis-Murati-1025x1536.jpg 1025w, https:\/\/hodajlaw.com\/wp-content\/uploads\/2021\/01\/Fis-Murati-510x764.jpg 510w, https:\/\/hodajlaw.com\/wp-content\/uploads\/2021\/01\/Fis-Murati-200x300.jpg 200w, https:\/\/hodajlaw.com\/wp-content\/uploads\/2021\/01\/Fis-Murati-683x1024.jpg 683w, https:\/\/hodajlaw.com\/wp-content\/uploads\/2021\/01\/Fis-Murati-768x1151.jpg 768w, https:\/\/hodajlaw.com\/wp-content\/uploads\/2021\/01\/Fis-Murati-300x450.jpg 300w, https:\/\/hodajlaw.com\/wp-content\/uploads\/2021\/01\/Fis-Murati-600x899.jpg 600w, https:\/\/hodajlaw.com\/wp-content\/uploads\/2021\/01\/Fis-Murati.jpg 1200w\" sizes=\"(max-width: 1025px) 100vw, 1025px\" \/>\t\t\t\t\t\t\t\t\t\t\t\t\t\t\t<\/div>\n\t\t\t\t<\/div>\n\t\t\t\t<\/div>\n\t\t<div class=\"elementor-element elementor-element-e9bca59 e-con-full e-flex e-con e-child\" data-id=\"e9bca59\" data-element_type=\"container\" data-e-type=\"container\">\n\t\t\t\t<div class=\"elementor-element elementor-element-85a3b51 elementor-widget elementor-widget-penci-text-block\" data-id=\"85a3b51\" data-element_type=\"widget\" data-e-type=\"widget\" data-widget_type=\"penci-text-block.default\">\n\t\t\t\t<div class=\"elementor-widget-container\">\n\t\t\t\t\t\t\t<div class=\"penci-block-vc penci-text-editor\">\n\t\t\t\t\t\t<div class=\"penci-block_content\">\n\t\t\t\t<div class=\"elementor-text-editor elementor-clearfix\"><p><span style=\"font-size: x-large;\"><strong>Fushat e Ekspertiz\u00ebs &amp; P\u00ebrvoja Profesionale<\/strong><\/span><\/p><p>Z. Fis Murati \u00ebsht\u00eb nj\u00eb nga Avokat\u00ebt pran\u00eb Hodaj &amp; Partners. Z. Murati merret kryesisht me t\u00eb Drejt\u00ebn Tregtare &amp; t\u00eb Korporatave, Prokurimin Publik, Energjin\u00eb dhe Nd\u00ebrtimin, Mergers &amp; Acquisitions, Bankat &amp; Financat si dhe p\u00ebrfaq\u00ebsim n\u00eb Procedurat Gjyq\u00ebsore.<\/p><p>\u00a0<\/p><p>Z. Murati ka nj\u00eb p\u00ebrvoj\u00eb shum\u00ebvjecare n\u00eb l\u00ebmin\u00eb e drejt\u00ebsise. Ai m\u00eb her\u00ebt ka punuar n\u00eb Qeverin\u00eb e Republik\u00ebs s\u00eb Kosov\u00ebs \u2013 zyr\u00ebn juridike t\u00eb Kryeministrit t\u00eb Republik\u00ebs s\u00eb Kosov\u00ebs, dhe p\u00ebr disa muaj ka punuar n\u00eb Ministrin\u00eb e Drejt\u00ebsis\u00eb \u2013 Departamenti i Prokurimit.<\/p><p>Gjat\u00eb studimeve, Z. Murati ka marr\u00eb bursa nga Qeveria Hungareze dhe Universiteti i Prishtin\u00ebs.<\/p><p>\u00a0<\/p><p><b>Gjuh\u00ebt<\/b><br \/>Shqip, anglisht<\/p><p>\u00a0<\/p><p><b>Edukimi:<\/b><br \/>2019, Universiteti i Debrecen, Hungari, e Drejta Evropiane dhe Nd\u00ebrkomb\u00ebtare e Biznesit, (LL.M)<br \/>2018, Universiteti I Prishtin\u00ebs, E Drejta Civile, (LL.M)<br \/>2015, Universiteti i Prishtin\u00ebs (LL.B)<\/p><p>\u00a0<\/p><p><b>An\u00ebtar\u00ebsimet<\/b><br \/>\u2022 Kosovo Bar Association<\/p><\/div>\n\t\t\t<\/div>\n\t\t<\/div>\n\t\t\t\t\t\t<\/div>\n\t\t\t\t<\/div>\n\t\t\t\t<\/div>\n\t\t\t\t\t<\/div>\n\t\t\t\t<\/div>\n\t\t\t\t<\/div>","protected":false},"excerpt":{"rendered":"<p>FIS MURATI Attorney at law Main Areas of Expertise &amp; Career Summary Mr. Fis Murati is one of the lawyers at Hodaj &amp; Partners. Mr. Murati is focused on Commercial&hellip;<\/p>","protected":false},"author":7,"featured_media":0,"parent":1111,"menu_order":0,"comment_status":"closed","ping_status":"closed","template":"elementor_header_footer","meta":{"_lmt_disableupdate":"","_lmt_disable":"","footnotes":""},"class_list":["post-1513","page","type-page","status-publish","hentry"],"yoast_head":"<!-- This site is optimized with the Yoast SEO plugin v26.8 - https:\/\/yoast.com\/product\/yoast-seo-wordpress\/ -->\n<title>Fis MURATI - Hodaj &amp; Partners L.L.C.<\/title>\n<meta name=\"robots\" content=\"index, follow, max-snippet:-1, max-image-preview:large, max-video-preview:-1\" \/>\n<link rel=\"canonical\" href=\"https:\/\/hodajlaw.com\/sq\/about-us\/team\/fis-murati\/\" \/>\n<meta property=\"og:locale\" content=\"sq_AL\" \/>\n<meta property=\"og:type\" content=\"article\" \/>\n<meta property=\"og:title\" content=\"Fis MURATI - Hodaj &amp; Partners L.L.C.\" \/>\n<meta property=\"og:description\" content=\"FIS MURATI Attorney at law Main Areas of Expertise &amp; Career Summary Mr. Fis Murati is one of the lawyers at Hodaj &amp; Partners. Mr. Murati is focused on Commercial&hellip;\" \/>\n<meta property=\"og:url\" content=\"https:\/\/hodajlaw.com\/sq\/about-us\/team\/fis-murati\/\" \/>\n<meta property=\"og:site_name\" content=\"Hodaj &amp; Partners L.L.C.\" \/>\n<meta property=\"article:modified_time\" content=\"2024-09-05T18:32:09+00:00\" \/>\n<meta property=\"og:image\" content=\"https:\/\/hodajlaw.com\/wp-content\/uploads\/2021\/01\/Fis-Murati.jpg\" \/>\n\t<meta property=\"og:image:width\" content=\"1200\" \/>\n\t<meta property=\"og:image:height\" content=\"1798\" \/>\n\t<meta property=\"og:image:type\" content=\"image\/jpeg\" \/>\n<meta name=\"twitter:card\" content=\"summary_large_image\" \/>\n<meta name=\"twitter:image\" content=\"https:\/\/hodajlaw.com\/wp-content\/uploads\/2021\/01\/Fis-Murati.jpg\" \/>\n<meta name=\"twitter:label1\" content=\"Est. reading time\" \/>\n\t<meta name=\"twitter:data1\" content=\"1 minut\u00eb\" \/>\n<script type=\"application\/ld+json\" class=\"yoast-schema-graph\">{\"@context\":\"https:\/\/schema.org\",\"@graph\":[{\"@type\":\"WebPage\",\"@id\":\"https:\/\/hodajlaw.com\/about-us\/team\/fis-murati\/\",\"url\":\"https:\/\/hodajlaw.com\/about-us\/team\/fis-murati\/\",\"name\":\"Fis MURATI - Hodaj &amp; Partners L.L.C.\",\"isPartOf\":{\"@id\":\"https:\/\/hodajlaw.com\/#website\"},\"primaryImageOfPage\":{\"@id\":\"https:\/\/hodajlaw.com\/about-us\/team\/fis-murati\/#primaryimage\"},\"image\":{\"@id\":\"https:\/\/hodajlaw.com\/about-us\/team\/fis-murati\/#primaryimage\"},\"thumbnailUrl\":\"https:\/\/hodajlaw.com\/wp-content\/uploads\/2021\/01\/Fis-Murati-1025x1536.jpg\",\"datePublished\":\"2019-03-17T15:37:15+00:00\",\"dateModified\":\"2024-09-05T18:32:09+00:00\",\"breadcrumb\":{\"@id\":\"https:\/\/hodajlaw.com\/about-us\/team\/fis-murati\/#breadcrumb\"},\"inLanguage\":\"sq\",\"potentialAction\":[{\"@type\":\"ReadAction\",\"target\":[\"https:\/\/hodajlaw.com\/about-us\/team\/fis-murati\/\"]}]},{\"@type\":\"ImageObject\",\"inLanguage\":\"sq\",\"@id\":\"https:\/\/hodajlaw.com\/about-us\/team\/fis-murati\/#primaryimage\",\"url\":\"https:\/\/hodajlaw.com\/wp-content\/uploads\/2021\/01\/Fis-Murati-1025x1536.jpg\",\"contentUrl\":\"https:\/\/hodajlaw.com\/wp-content\/uploads\/2021\/01\/Fis-Murati-1025x1536.jpg\"},{\"@type\":\"BreadcrumbList\",\"@id\":\"https:\/\/hodajlaw.com\/about-us\/team\/fis-murati\/#breadcrumb\",\"itemListElement\":[{\"@type\":\"ListItem\",\"position\":1,\"name\":\"Home\",\"item\":\"https:\/\/hodajlaw.com\/\"},{\"@type\":\"ListItem\",\"position\":2,\"name\":\"About\",\"item\":\"https:\/\/hodajlaw.com\/about-us\/\"},{\"@type\":\"ListItem\",\"position\":3,\"name\":\"Team\",\"item\":\"https:\/\/hodajlaw.com\/about-us\/team\/\"},{\"@type\":\"ListItem\",\"position\":4,\"name\":\"Fis MURATI\"}]},{\"@type\":\"WebSite\",\"@id\":\"https:\/\/hodajlaw.com\/#website\",\"url\":\"https:\/\/hodajlaw.com\/\",\"name\":\"Hodaj &amp; Partners L.L.C.\",\"description\":\"Hodaj &amp; Partners\",\"potentialAction\":[{\"@type\":\"SearchAction\",\"target\":{\"@type\":\"EntryPoint\",\"urlTemplate\":\"https:\/\/hodajlaw.com\/?s={search_term_string}\"},\"query-input\":{\"@type\":\"PropertyValueSpecification\",\"valueRequired\":true,\"valueName\":\"search_term_string\"}}],\"inLanguage\":\"sq\"}]}<\/script>\n<!-- \/ Yoast SEO plugin. -->","yoast_head_json":{"title":"Fis MURATI - Hodaj &amp; Partners L.L.C.","robots":{"index":"index","follow":"follow","max-snippet":"max-snippet:-1","max-image-preview":"max-image-preview:large","max-video-preview":"max-video-preview:-1"},"canonical":"https:\/\/hodajlaw.com\/sq\/about-us\/team\/fis-murati\/","og_locale":"sq_AL","og_type":"article","og_title":"Fis MURATI - Hodaj &amp; Partners L.L.C.","og_description":"FIS MURATI Attorney at law Main Areas of Expertise &amp; Career Summary Mr. Fis Murati is one of the lawyers at Hodaj &amp; Partners. Mr. Murati is focused on Commercial&hellip;","og_url":"https:\/\/hodajlaw.com\/sq\/about-us\/team\/fis-murati\/","og_site_name":"Hodaj &amp; Partners L.L.C.","article_modified_time":"2024-09-05T18:32:09+00:00","og_image":[{"width":1200,"height":1798,"url":"https:\/\/hodajlaw.com\/wp-content\/uploads\/2021\/01\/Fis-Murati.jpg","type":"image\/jpeg"}],"twitter_card":"summary_large_image","twitter_image":"https:\/\/hodajlaw.com\/wp-content\/uploads\/2021\/01\/Fis-Murati.jpg","twitter_misc":{"Est. reading time":"1 minut\u00eb"},"schema":{"@context":"https:\/\/schema.org","@graph":[{"@type":"WebPage","@id":"https:\/\/hodajlaw.com\/about-us\/team\/fis-murati\/","url":"https:\/\/hodajlaw.com\/about-us\/team\/fis-murati\/","name":"Fis MURATI - Hodaj &amp; Partners L.L.C.","isPartOf":{"@id":"https:\/\/hodajlaw.com\/#website"},"primaryImageOfPage":{"@id":"https:\/\/hodajlaw.com\/about-us\/team\/fis-murati\/#primaryimage"},"image":{"@id":"https:\/\/hodajlaw.com\/about-us\/team\/fis-murati\/#primaryimage"},"thumbnailUrl":"https:\/\/hodajlaw.com\/wp-content\/uploads\/2021\/01\/Fis-Murati-1025x1536.jpg","datePublished":"2019-03-17T15:37:15+00:00","dateModified":"2024-09-05T18:32:09+00:00","breadcrumb":{"@id":"https:\/\/hodajlaw.com\/about-us\/team\/fis-murati\/#breadcrumb"},"inLanguage":"sq","potentialAction":[{"@type":"ReadAction","target":["https:\/\/hodajlaw.com\/about-us\/team\/fis-murati\/"]}]},{"@type":"ImageObject","inLanguage":"sq","@id":"https:\/\/hodajlaw.com\/about-us\/team\/fis-murati\/#primaryimage","url":"https:\/\/hodajlaw.com\/wp-content\/uploads\/2021\/01\/Fis-Murati-1025x1536.jpg","contentUrl":"https:\/\/hodajlaw.com\/wp-content\/uploads\/2021\/01\/Fis-Murati-1025x1536.jpg"},{"@type":"BreadcrumbList","@id":"https:\/\/hodajlaw.com\/about-us\/team\/fis-murati\/#breadcrumb","itemListElement":[{"@type":"ListItem","position":1,"name":"Home","item":"https:\/\/hodajlaw.com\/"},{"@type":"ListItem","position":2,"name":"About","item":"https:\/\/hodajlaw.com\/about-us\/"},{"@type":"ListItem","position":3,"name":"Team","item":"https:\/\/hodajlaw.com\/about-us\/team\/"},{"@type":"ListItem","position":4,"name":"Fis MURATI"}]},{"@type":"WebSite","@id":"https:\/\/hodajlaw.com\/#website","url":"https:\/\/hodajlaw.com\/","name":"Hodaj &amp; Partners L.L.C.","description":"Hodaj &amp; Partners","potentialAction":[{"@type":"SearchAction","target":{"@type":"EntryPoint","urlTemplate":"https:\/\/hodajlaw.com\/?s={search_term_string}"},"query-input":{"@type":"PropertyValueSpecification","valueRequired":true,"valueName":"search_term_string"}}],"inLanguage":"sq"}]}},"_links":{"self":[{"href":"https:\/\/hodajlaw.com\/sq\/wp-json\/wp\/v2\/pages\/1513","targetHints":{"allow":["GET"]}}],"collection":[{"href":"https:\/\/hodajlaw.com\/sq\/wp-json\/wp\/v2\/pages"}],"about":[{"href":"https:\/\/hodajlaw.com\/sq\/wp-json\/wp\/v2\/types\/page"}],"author":[{"embeddable":true,"href":"https:\/\/hodajlaw.com\/sq\/wp-json\/wp\/v2\/users\/7"}],"replies":[{"embeddable":true,"href":"https:\/\/hodajlaw.com\/sq\/wp-json\/wp\/v2\/comments?post=1513"}],"version-history":[{"count":22,"href":"https:\/\/hodajlaw.com\/sq\/wp-json\/wp\/v2\/pages\/1513\/revisions"}],"predecessor-version":[{"id":6346,"href":"https:\/\/hodajlaw.com\/sq\/wp-json\/wp\/v2\/pages\/1513\/revisions\/6346"}],"up":[{"embeddable":true,"href":"https:\/\/hodajlaw.com\/sq\/wp-json\/wp\/v2\/pages\/1111"}],"wp:attachment":[{"href":"https:\/\/hodajlaw.com\/sq\/wp-json\/wp\/v2\/media?parent=1513"}],"curies":[{"name":"wp","href":"https:\/\/api.w.org\/{rel}","templated":true}]}}