{"id":2176,"date":"2019-03-17T15:25:09","date_gmt":"2019-03-17T15:25:09","guid":{"rendered":"http:\/\/hodajlaw.com\/?page_id=2176"},"modified":"2024-09-05T20:38:32","modified_gmt":"2024-09-05T20:38:32","slug":"eglantina-osmanollaj","status":"publish","type":"page","link":"https:\/\/hodajlaw.com\/sq\/about-us-3\/team\/eglantina-osmanollaj\/","title":{"rendered":"EGLANTINA OSMANOLLAJ"},"content":{"rendered":"<div data-elementor-type=\"wp-page\" data-elementor-id=\"2176\" class=\"elementor elementor-2176\">\n\t\t\t\t\t\t<section class=\"penci-section penci-dmcheck penci-elbg-activate penci-disSticky penci-structure-10 elementor-section elementor-top-section elementor-element elementor-element-859c0d5 elementor-section-boxed elementor-section-height-default elementor-section-height-default\" data-id=\"859c0d5\" data-element_type=\"section\" data-e-type=\"section\" data-settings=\"{&quot;background_background&quot;:&quot;classic&quot;}\">\n\t\t\t\t\t\t<div class=\"elementor-container elementor-column-gap-default\">\n\t\t\t\t\t<div class=\"penci-ercol-100 penci-ercol-order-1 penci-sticky-ct    elementor-column elementor-col-100 elementor-top-column elementor-element elementor-element-b043497\" data-id=\"b043497\" data-element_type=\"column\" data-e-type=\"column\">\n\t\t\t<div class=\"elementor-widget-wrap elementor-element-populated\">\n\t\t\t\t\t\t<div class=\"elementor-element elementor-element-6e0e1cb elementor-widget elementor-widget-penci-fancy_heading\" data-id=\"6e0e1cb\" data-element_type=\"widget\" data-e-type=\"widget\" data-widget_type=\"penci-fancy_heading.default\">\n\t\t\t\t<div class=\"elementor-widget-container\">\n\t\t\t\t\t\t\t<div class=\"penci-fancy-heading penci-heading-text-left\">\n\t\t\t<div class=\"penci-fancy-heading-inner\">\n\t\t\t\t<h2 class=\"penci-heading-title\"><span class=\"inner-tit\">EGLANTINA OSMANOLLAJ\n<\/span><\/h2><div class=\"penci-heading-content entry-content\"><p>Administrative Assistant<\/p>\n<\/div>\t\t\t<\/div>\n\t\t<\/div>\n\t\t\t\t\t\t<\/div>\n\t\t\t\t<\/div>\n\t\t\t\t\t<\/div>\n\t\t<\/div>\n\t\t\t\t\t<\/div>\n\t\t<\/section>\n\t\t<div class=\"elementor-element elementor-element-e6f2239 e-flex e-con-boxed e-con e-parent\" data-id=\"e6f2239\" data-element_type=\"container\" data-e-type=\"container\">\n\t\t\t\t\t<div class=\"e-con-inner\">\n\t\t<div class=\"elementor-element elementor-element-67a00ac e-con-full e-flex e-con e-child\" data-id=\"67a00ac\" data-element_type=\"container\" data-e-type=\"container\">\n\t\t\t\t<div class=\"elementor-element elementor-element-5f726bb elementor-widget elementor-widget-image\" data-id=\"5f726bb\" data-element_type=\"widget\" data-e-type=\"widget\" data-widget_type=\"image.default\">\n\t\t\t\t<div class=\"elementor-widget-container\">\n\t\t\t\t\t\t\t\t\t\t\t\t\t\t\t<img fetchpriority=\"high\" decoding=\"async\" width=\"1024\" height=\"1536\" src=\"https:\/\/hodajlaw.com\/wp-content\/uploads\/2024\/05\/3-min-1024x1536.jpg\" class=\"attachment-1536x1536 size-1536x1536 wp-image-6065\" alt=\"\" srcset=\"https:\/\/hodajlaw.com\/wp-content\/uploads\/2024\/05\/3-min-1024x1536.jpg 1024w, https:\/\/hodajlaw.com\/wp-content\/uploads\/2024\/05\/3-min-200x300.jpg 200w, https:\/\/hodajlaw.com\/wp-content\/uploads\/2024\/05\/3-min-683x1024.jpg 683w, https:\/\/hodajlaw.com\/wp-content\/uploads\/2024\/05\/3-min-768x1152.jpg 768w, https:\/\/hodajlaw.com\/wp-content\/uploads\/2024\/05\/3-min-1365x2048.jpg 1365w, https:\/\/hodajlaw.com\/wp-content\/uploads\/2024\/05\/3-min-8x12.jpg 8w, https:\/\/hodajlaw.com\/wp-content\/uploads\/2024\/05\/3-min-1920x2880.jpg 1920w, https:\/\/hodajlaw.com\/wp-content\/uploads\/2024\/05\/3-min-1170x1755.jpg 1170w, https:\/\/hodajlaw.com\/wp-content\/uploads\/2024\/05\/3-min-585x878.jpg 585w, https:\/\/hodajlaw.com\/wp-content\/uploads\/2024\/05\/3-min-scaled.jpg 1707w\" sizes=\"(max-width: 1024px) 100vw, 1024px\" \/>\t\t\t\t\t\t\t\t\t\t\t\t\t\t\t<\/div>\n\t\t\t\t<\/div>\n\t\t\t\t<\/div>\n\t\t<div class=\"elementor-element elementor-element-b2f3291 e-con-full e-flex e-con e-child\" data-id=\"b2f3291\" data-element_type=\"container\" data-e-type=\"container\">\n\t\t\t\t<div class=\"elementor-element elementor-element-ffca962 elementor-widget elementor-widget-penci-text-block\" data-id=\"ffca962\" data-element_type=\"widget\" data-e-type=\"widget\" data-widget_type=\"penci-text-block.default\">\n\t\t\t\t<div class=\"elementor-widget-container\">\n\t\t\t\t\t\t\t<div class=\"penci-block-vc penci-text-editor\">\n\t\t\t\t\t\t<div class=\"penci-block_content\">\n\t\t\t\t<div class=\"elementor-text-editor elementor-clearfix\"><p><span style=\"font-size: x-large;\"><strong>Fushat e Ekspertiz\u00ebs &amp; P\u00ebrvoja Profesionale<\/strong><\/span><\/p><p>Znj. Osmanollaj ka qen\u00eb pjes\u00eb e ekipit ton\u00eb n\u00eb Hodaj &amp; Partners q\u00eb nga dhjetori i vitit 2018. Para se ti bashkohej zyr\u00ebs ton\u00eb, Eglantina kaloi nj\u00eb vit duke punuar si asistente e drejtorit p\u00ebr nj\u00eb kompani me z\u00eb n\u00eb Prishtin\u00eb.<\/p><p>\u00a0<\/p><p><strong>Gjuh\u00ebt<\/strong><\/p><p>Shqip, anglisht<\/p><p>\u00a0<\/p><p><strong>Edukimi<\/strong><\/p><p>2019, Universiteti i Prishtin\u00ebs, (B.A)<\/p><\/div>\n\t\t\t<\/div>\n\t\t<\/div>\n\t\t\t\t\t\t<\/div>\n\t\t\t\t<\/div>\n\t\t\t\t<\/div>\n\t\t\t\t\t<\/div>\n\t\t\t\t<\/div>\n\t\t\t\t<\/div>","protected":false},"excerpt":{"rendered":"<p>EGLANTINA OSMANOLLAJ Administrative Assistant Main Areas of Expertise &amp; Career Summary Eglantina has been working at Hodaj &amp; Partners since December 2018. Previously, she worked as an executive assistant for&hellip;<\/p>","protected":false},"author":7,"featured_media":0,"parent":2199,"menu_order":0,"comment_status":"closed","ping_status":"closed","template":"elementor_header_footer","meta":{"_lmt_disableupdate":"","_lmt_disable":"","footnotes":""},"class_list":["post-2176","page","type-page","status-publish","hentry"],"yoast_head":"<!-- This site is optimized with the Yoast SEO plugin v26.8 - https:\/\/yoast.com\/product\/yoast-seo-wordpress\/ -->\n<title>EGLANTINA OSMANOLLAJ - Hodaj &amp; Partners L.L.C.<\/title>\n<meta name=\"robots\" content=\"index, follow, max-snippet:-1, max-image-preview:large, max-video-preview:-1\" \/>\n<link rel=\"canonical\" href=\"https:\/\/hodajlaw.com\/sq\/about-us-3\/team\/eglantina-osmanollaj\/\" \/>\n<meta property=\"og:locale\" content=\"sq_AL\" \/>\n<meta property=\"og:type\" content=\"article\" \/>\n<meta property=\"og:title\" content=\"EGLANTINA OSMANOLLAJ - Hodaj &amp; Partners L.L.C.\" \/>\n<meta property=\"og:description\" content=\"EGLANTINA OSMANOLLAJ Administrative Assistant Main Areas of Expertise &amp; Career Summary Eglantina has been working at Hodaj &amp; Partners since December 2018. Previously, she worked as an executive assistant for&hellip;\" \/>\n<meta property=\"og:url\" content=\"https:\/\/hodajlaw.com\/sq\/about-us-3\/team\/eglantina-osmanollaj\/\" \/>\n<meta property=\"og:site_name\" content=\"Hodaj &amp; Partners L.L.C.\" \/>\n<meta property=\"article:modified_time\" content=\"2024-09-05T20:38:32+00:00\" \/>\n<meta property=\"og:image\" content=\"https:\/\/hodajlaw.com\/wp-content\/uploads\/2019\/03\/Eglantina_OSMANOLLAJ-scaled.jpg\" \/>\n\t<meta property=\"og:image:width\" content=\"1709\" \/>\n\t<meta property=\"og:image:height\" content=\"2560\" \/>\n\t<meta property=\"og:image:type\" content=\"image\/jpeg\" \/>\n<meta name=\"twitter:card\" content=\"summary_large_image\" \/>\n<meta name=\"twitter:image\" content=\"https:\/\/hodajlaw.com\/wp-content\/uploads\/2019\/03\/Eglantina_OSMANOLLAJ-scaled.jpg\" \/>\n<meta name=\"twitter:label1\" content=\"Est. reading time\" \/>\n\t<meta name=\"twitter:data1\" content=\"1 minut\u00eb\" \/>\n<script type=\"application\/ld+json\" class=\"yoast-schema-graph\">{\"@context\":\"https:\/\/schema.org\",\"@graph\":[{\"@type\":\"WebPage\",\"@id\":\"https:\/\/hodajlaw.com\/about-us-3\/team\/eglantina-osmanollaj\/\",\"url\":\"https:\/\/hodajlaw.com\/about-us-3\/team\/eglantina-osmanollaj\/\",\"name\":\"EGLANTINA OSMANOLLAJ - Hodaj &amp; Partners L.L.C.\",\"isPartOf\":{\"@id\":\"https:\/\/hodajlaw.com\/#website\"},\"primaryImageOfPage\":{\"@id\":\"https:\/\/hodajlaw.com\/about-us-3\/team\/eglantina-osmanollaj\/#primaryimage\"},\"image\":{\"@id\":\"https:\/\/hodajlaw.com\/about-us-3\/team\/eglantina-osmanollaj\/#primaryimage\"},\"thumbnailUrl\":\"https:\/\/hodajlaw.com\/wp-content\/uploads\/2024\/05\/3-min-1024x1536.jpg\",\"datePublished\":\"2019-03-17T15:25:09+00:00\",\"dateModified\":\"2024-09-05T20:38:32+00:00\",\"breadcrumb\":{\"@id\":\"https:\/\/hodajlaw.com\/about-us-3\/team\/eglantina-osmanollaj\/#breadcrumb\"},\"inLanguage\":\"sq\",\"potentialAction\":[{\"@type\":\"ReadAction\",\"target\":[\"https:\/\/hodajlaw.com\/about-us-3\/team\/eglantina-osmanollaj\/\"]}]},{\"@type\":\"ImageObject\",\"inLanguage\":\"sq\",\"@id\":\"https:\/\/hodajlaw.com\/about-us-3\/team\/eglantina-osmanollaj\/#primaryimage\",\"url\":\"https:\/\/hodajlaw.com\/wp-content\/uploads\/2024\/05\/3-min-1024x1536.jpg\",\"contentUrl\":\"https:\/\/hodajlaw.com\/wp-content\/uploads\/2024\/05\/3-min-1024x1536.jpg\"},{\"@type\":\"BreadcrumbList\",\"@id\":\"https:\/\/hodajlaw.com\/about-us-3\/team\/eglantina-osmanollaj\/#breadcrumb\",\"itemListElement\":[{\"@type\":\"ListItem\",\"position\":1,\"name\":\"Home\",\"item\":\"https:\/\/hodajlaw.com\/\"},{\"@type\":\"ListItem\",\"position\":2,\"name\":\"\u00dcber Uns\",\"item\":\"https:\/\/hodajlaw.com\/about-us-3\/\"},{\"@type\":\"ListItem\",\"position\":3,\"name\":\"Das Team\",\"item\":\"https:\/\/hodajlaw.com\/about-us-3\/team\/\"},{\"@type\":\"ListItem\",\"position\":4,\"name\":\"EGLANTINA OSMANOLLAJ\"}]},{\"@type\":\"WebSite\",\"@id\":\"https:\/\/hodajlaw.com\/#website\",\"url\":\"https:\/\/hodajlaw.com\/\",\"name\":\"Hodaj &amp; Partners L.L.C.\",\"description\":\"Hodaj &amp; Partners\",\"potentialAction\":[{\"@type\":\"SearchAction\",\"target\":{\"@type\":\"EntryPoint\",\"urlTemplate\":\"https:\/\/hodajlaw.com\/?s={search_term_string}\"},\"query-input\":{\"@type\":\"PropertyValueSpecification\",\"valueRequired\":true,\"valueName\":\"search_term_string\"}}],\"inLanguage\":\"sq\"}]}<\/script>\n<!-- \/ Yoast SEO plugin. -->","yoast_head_json":{"title":"EGLANTINA OSMANOLLAJ - Hodaj &amp; Partners L.L.C.","robots":{"index":"index","follow":"follow","max-snippet":"max-snippet:-1","max-image-preview":"max-image-preview:large","max-video-preview":"max-video-preview:-1"},"canonical":"https:\/\/hodajlaw.com\/sq\/about-us-3\/team\/eglantina-osmanollaj\/","og_locale":"sq_AL","og_type":"article","og_title":"EGLANTINA OSMANOLLAJ - Hodaj &amp; Partners L.L.C.","og_description":"EGLANTINA OSMANOLLAJ Administrative Assistant Main Areas of Expertise &amp; Career Summary Eglantina has been working at Hodaj &amp; Partners since December 2018. Previously, she worked as an executive assistant for&hellip;","og_url":"https:\/\/hodajlaw.com\/sq\/about-us-3\/team\/eglantina-osmanollaj\/","og_site_name":"Hodaj &amp; Partners L.L.C.","article_modified_time":"2024-09-05T20:38:32+00:00","og_image":[{"width":1709,"height":2560,"url":"https:\/\/hodajlaw.com\/wp-content\/uploads\/2019\/03\/Eglantina_OSMANOLLAJ-scaled.jpg","type":"image\/jpeg"}],"twitter_card":"summary_large_image","twitter_image":"https:\/\/hodajlaw.com\/wp-content\/uploads\/2019\/03\/Eglantina_OSMANOLLAJ-scaled.jpg","twitter_misc":{"Est. reading time":"1 minut\u00eb"},"schema":{"@context":"https:\/\/schema.org","@graph":[{"@type":"WebPage","@id":"https:\/\/hodajlaw.com\/about-us-3\/team\/eglantina-osmanollaj\/","url":"https:\/\/hodajlaw.com\/about-us-3\/team\/eglantina-osmanollaj\/","name":"EGLANTINA OSMANOLLAJ - Hodaj &amp; Partners L.L.C.","isPartOf":{"@id":"https:\/\/hodajlaw.com\/#website"},"primaryImageOfPage":{"@id":"https:\/\/hodajlaw.com\/about-us-3\/team\/eglantina-osmanollaj\/#primaryimage"},"image":{"@id":"https:\/\/hodajlaw.com\/about-us-3\/team\/eglantina-osmanollaj\/#primaryimage"},"thumbnailUrl":"https:\/\/hodajlaw.com\/wp-content\/uploads\/2024\/05\/3-min-1024x1536.jpg","datePublished":"2019-03-17T15:25:09+00:00","dateModified":"2024-09-05T20:38:32+00:00","breadcrumb":{"@id":"https:\/\/hodajlaw.com\/about-us-3\/team\/eglantina-osmanollaj\/#breadcrumb"},"inLanguage":"sq","potentialAction":[{"@type":"ReadAction","target":["https:\/\/hodajlaw.com\/about-us-3\/team\/eglantina-osmanollaj\/"]}]},{"@type":"ImageObject","inLanguage":"sq","@id":"https:\/\/hodajlaw.com\/about-us-3\/team\/eglantina-osmanollaj\/#primaryimage","url":"https:\/\/hodajlaw.com\/wp-content\/uploads\/2024\/05\/3-min-1024x1536.jpg","contentUrl":"https:\/\/hodajlaw.com\/wp-content\/uploads\/2024\/05\/3-min-1024x1536.jpg"},{"@type":"BreadcrumbList","@id":"https:\/\/hodajlaw.com\/about-us-3\/team\/eglantina-osmanollaj\/#breadcrumb","itemListElement":[{"@type":"ListItem","position":1,"name":"Home","item":"https:\/\/hodajlaw.com\/"},{"@type":"ListItem","position":2,"name":"\u00dcber Uns","item":"https:\/\/hodajlaw.com\/about-us-3\/"},{"@type":"ListItem","position":3,"name":"Das Team","item":"https:\/\/hodajlaw.com\/about-us-3\/team\/"},{"@type":"ListItem","position":4,"name":"EGLANTINA OSMANOLLAJ"}]},{"@type":"WebSite","@id":"https:\/\/hodajlaw.com\/#website","url":"https:\/\/hodajlaw.com\/","name":"Hodaj &amp; Partners L.L.C.","description":"Hodaj &amp; Partners","potentialAction":[{"@type":"SearchAction","target":{"@type":"EntryPoint","urlTemplate":"https:\/\/hodajlaw.com\/?s={search_term_string}"},"query-input":{"@type":"PropertyValueSpecification","valueRequired":true,"valueName":"search_term_string"}}],"inLanguage":"sq"}]}},"_links":{"self":[{"href":"https:\/\/hodajlaw.com\/sq\/wp-json\/wp\/v2\/pages\/2176","targetHints":{"allow":["GET"]}}],"collection":[{"href":"https:\/\/hodajlaw.com\/sq\/wp-json\/wp\/v2\/pages"}],"about":[{"href":"https:\/\/hodajlaw.com\/sq\/wp-json\/wp\/v2\/types\/page"}],"author":[{"embeddable":true,"href":"https:\/\/hodajlaw.com\/sq\/wp-json\/wp\/v2\/users\/7"}],"replies":[{"embeddable":true,"href":"https:\/\/hodajlaw.com\/sq\/wp-json\/wp\/v2\/comments?post=2176"}],"version-history":[{"count":20,"href":"https:\/\/hodajlaw.com\/sq\/wp-json\/wp\/v2\/pages\/2176\/revisions"}],"predecessor-version":[{"id":6468,"href":"https:\/\/hodajlaw.com\/sq\/wp-json\/wp\/v2\/pages\/2176\/revisions\/6468"}],"up":[{"embeddable":true,"href":"https:\/\/hodajlaw.com\/sq\/wp-json\/wp\/v2\/pages\/2199"}],"wp:attachment":[{"href":"https:\/\/hodajlaw.com\/sq\/wp-json\/wp\/v2\/media?parent=2176"}],"curies":[{"name":"wp","href":"https:\/\/api.w.org\/{rel}","templated":true}]}}