{"id":2238,"date":"2019-03-17T15:19:18","date_gmt":"2019-03-17T15:19:18","guid":{"rendered":"http:\/\/hodajlaw.com\/team\/shkelzen-feka\/"},"modified":"2021-05-06T11:13:08","modified_gmt":"2021-05-06T11:13:08","slug":"shkelzen-feka","status":"publish","type":"page","link":"https:\/\/hodajlaw.com\/sq\/about-us-3\/team\/shkelzen-feka\/","title":{"rendered":"SHKELZEN FEKA"},"content":{"rendered":"<p>[page_header style=&#8221;normal&#8221; text_color=&#8221;dark&#8221; title_case=&#8221;uppercase&#8221; sub_title=&#8221;Associate Rechtsanwalt&#8221; nav_size=&#8221;small&#8221; bg_size=&#8221;medium&#8221; visibility=&#8221;hide-for-small&#8221;]<\/p>\n<p>[page_header style=&#8221;simple&#8221; type=&#8221;onpage&#8221; text_color=&#8221;dark&#8221; align=&#8221;center&#8221; title_case=&#8221;uppercase&#8221; sub_title=&#8221;Attorney Associate&#8221; nav_size=&#8221;small&#8221; bg_size=&#8221;medium&#8221; visibility=&#8221;show-for-small&#8221;]<\/p>\n<p>[section]<\/p>\n<p>[row]<\/p>\n<p>[col span=&#8221;6&#8243; span__sm=&#8221;12&#8243;]<\/p>\n<p style=\"text-align: justify;\"><strong>Expertise und T\u00e4tigkeit<\/strong><\/p>\n<p style=\"text-align: justify;\">Herr Shkelzen Feka ist einer der Partners bei Hodaj &amp; Partners. Herr Feka\u2019s Fachgebiete liegen im Erbrecht, Familienrecht, Vertragsrecht, Verwaltungsrecht und Verwaltungsverfahren, Rechtsstreitigkeiten, Strafrecht und Gesetz \u00fcber das kulturelle Erbe.<\/p>\n<p style=\"text-align: justify;\">Herr Feka ist seit 2012 als Anwalt t\u00e4tig und hat viele F\u00e4lle erfolgreich vertreten. Neben seinem juristischem Fachwissen verf\u00fcgt Herr Feka \u00fcber umfangreiche Erfahrungen als Forscher und Projektkoordinator, die er w\u00e4hrend seiner Arbeit bei verschiedenen<br \/>Zivilgesellschaftlichen Organisationen gesammelt hat. Herr Feka verf\u00fcgt auch \u00fcber umfangreiche Erfahrung als Rechtsberater f\u00fcr die Regierung der Republik Kosovo.<\/p>\n<p style=\"text-align: justify;\"><strong>Sprachen<\/strong><br \/>Albanisch, Englisch<\/p>\n<p style=\"text-align: justify;\"><strong>Studium<\/strong><br \/>2013, S\u00fcdosteurop\u00e4ische Universit\u00e4t in Tetovo, Macedonia (MA)<br \/>2010, Prishtina Universit\u00e4t (BA)<br \/>2009, Tetovo Staatliche Universit\u00e4t (LL.B)<\/p>\n<p style=\"text-align: justify;\"><strong>Mitgliedschaften<\/strong><\/p>\n<ol>\n<li style=\"text-align: justify;\">Rechtsanwaltskammer Kosovo<\/li>\n<\/ol>\n<p>[\/col]<br \/>\n[col span=&#8221;6&#8243; span__sm=&#8221;12&#8243; force_first=&#8221;small&#8221;]<\/p>\n<p>[ux_image id=&#8221;1439&#8243; image_size=&#8221;original&#8221; height=&#8221;75%&#8221;]<\/p>\n<p>[\/col]<\/p>\n<p>[\/row]<\/p>\n<p>[\/section]<\/p>\n","protected":false},"excerpt":{"rendered":"<p>[page_header style=&#8221;normal&#8221; text_color=&#8221;dark&#8221; title_case=&#8221;uppercase&#8221; sub_title=&#8221;Associate Rechtsanwalt&#8221; nav_size=&#8221;small&#8221; bg_size=&#8221;medium&#8221; visibility=&#8221;hide-for-small&#8221;] [page_header style=&#8221;simple&#8221; type=&#8221;onpage&#8221; text_color=&#8221;dark&#8221; align=&#8221;center&#8221; title_case=&#8221;uppercase&#8221; sub_title=&#8221;Attorney Associate&#8221; nav_size=&#8221;small&#8221; bg_size=&#8221;medium&#8221; visibility=&#8221;show-for-small&#8221;] [section] [row] [col span=&#8221;6&#8243; span__sm=&#8221;12&#8243;] Expertise und T\u00e4tigkeit Herr Shkelzen&hellip;<\/p>\n","protected":false},"author":7,"featured_media":0,"parent":2199,"menu_order":0,"comment_status":"closed","ping_status":"closed","template":"page-blank.php","meta":{"_lmt_disableupdate":"","_lmt_disable":"","footnotes":""},"class_list":["post-2238","page","type-page","status-publish","hentry"],"yoast_head":"<!-- This site is optimized with the Yoast SEO plugin v26.8 - https:\/\/yoast.com\/product\/yoast-seo-wordpress\/ -->\n<title>SHKELZEN FEKA - Hodaj &amp; Partners L.L.C.<\/title>\n<meta name=\"robots\" content=\"index, follow, max-snippet:-1, max-image-preview:large, max-video-preview:-1\" \/>\n<link rel=\"canonical\" href=\"https:\/\/hodajlaw.com\/sq\/about-us-3\/team\/shkelzen-feka\/\" \/>\n<meta property=\"og:locale\" content=\"sq_AL\" \/>\n<meta property=\"og:type\" content=\"article\" \/>\n<meta property=\"og:title\" content=\"SHKELZEN FEKA - Hodaj &amp; Partners L.L.C.\" \/>\n<meta property=\"og:description\" content=\"[page_header style=&#8221;normal&#8221; text_color=&#8221;dark&#8221; title_case=&#8221;uppercase&#8221; sub_title=&#8221;Associate Rechtsanwalt&#8221; nav_size=&#8221;small&#8221; bg_size=&#8221;medium&#8221; visibility=&#8221;hide-for-small&#8221;] [page_header style=&#8221;simple&#8221; type=&#8221;onpage&#8221; text_color=&#8221;dark&#8221; align=&#8221;center&#8221; title_case=&#8221;uppercase&#8221; sub_title=&#8221;Attorney Associate&#8221; nav_size=&#8221;small&#8221; bg_size=&#8221;medium&#8221; visibility=&#8221;show-for-small&#8221;] [section] [row] [col span=&#8221;6&#8243; span__sm=&#8221;12&#8243;] Expertise und T\u00e4tigkeit Herr Shkelzen&hellip;\" \/>\n<meta property=\"og:url\" content=\"https:\/\/hodajlaw.com\/sq\/about-us-3\/team\/shkelzen-feka\/\" \/>\n<meta property=\"og:site_name\" content=\"Hodaj &amp; Partners L.L.C.\" \/>\n<meta property=\"article:modified_time\" content=\"2021-05-06T11:13:08+00:00\" \/>\n<meta property=\"og:image\" content=\"https:\/\/hodajlaw.com\/wp-content\/uploads\/2019\/03\/Shkelzen_Feka.jpg\" \/>\n\t<meta property=\"og:image:width\" content=\"2008\" \/>\n\t<meta property=\"og:image:height\" content=\"3008\" \/>\n\t<meta property=\"og:image:type\" content=\"image\/jpeg\" \/>\n<meta name=\"twitter:card\" content=\"summary_large_image\" \/>\n<meta name=\"twitter:image\" content=\"https:\/\/hodajlaw.com\/wp-content\/uploads\/2019\/03\/Shkelzen_Feka-scaled.jpg\" \/>\n<meta name=\"twitter:label1\" content=\"Est. reading time\" \/>\n\t<meta name=\"twitter:data1\" content=\"1 minut\u00eb\" \/>\n<script type=\"application\/ld+json\" class=\"yoast-schema-graph\">{\"@context\":\"https:\/\/schema.org\",\"@graph\":[{\"@type\":\"WebPage\",\"@id\":\"https:\/\/hodajlaw.com\/about-us-3\/team\/shkelzen-feka\/\",\"url\":\"https:\/\/hodajlaw.com\/about-us-3\/team\/shkelzen-feka\/\",\"name\":\"SHKELZEN FEKA - Hodaj &amp; Partners L.L.C.\",\"isPartOf\":{\"@id\":\"https:\/\/hodajlaw.com\/#website\"},\"datePublished\":\"2019-03-17T15:19:18+00:00\",\"dateModified\":\"2021-05-06T11:13:08+00:00\",\"breadcrumb\":{\"@id\":\"https:\/\/hodajlaw.com\/about-us-3\/team\/shkelzen-feka\/#breadcrumb\"},\"inLanguage\":\"sq\",\"potentialAction\":[{\"@type\":\"ReadAction\",\"target\":[\"https:\/\/hodajlaw.com\/about-us-3\/team\/shkelzen-feka\/\"]}]},{\"@type\":\"BreadcrumbList\",\"@id\":\"https:\/\/hodajlaw.com\/about-us-3\/team\/shkelzen-feka\/#breadcrumb\",\"itemListElement\":[{\"@type\":\"ListItem\",\"position\":1,\"name\":\"Home\",\"item\":\"https:\/\/hodajlaw.com\/\"},{\"@type\":\"ListItem\",\"position\":2,\"name\":\"\u00dcber Uns\",\"item\":\"https:\/\/hodajlaw.com\/about-us-3\/\"},{\"@type\":\"ListItem\",\"position\":3,\"name\":\"Das Team\",\"item\":\"https:\/\/hodajlaw.com\/about-us-3\/team\/\"},{\"@type\":\"ListItem\",\"position\":4,\"name\":\"SHKELZEN FEKA\"}]},{\"@type\":\"WebSite\",\"@id\":\"https:\/\/hodajlaw.com\/#website\",\"url\":\"https:\/\/hodajlaw.com\/\",\"name\":\"Hodaj &amp; Partners L.L.C.\",\"description\":\"Hodaj &amp; Partners\",\"potentialAction\":[{\"@type\":\"SearchAction\",\"target\":{\"@type\":\"EntryPoint\",\"urlTemplate\":\"https:\/\/hodajlaw.com\/?s={search_term_string}\"},\"query-input\":{\"@type\":\"PropertyValueSpecification\",\"valueRequired\":true,\"valueName\":\"search_term_string\"}}],\"inLanguage\":\"sq\"}]}<\/script>\n<!-- \/ Yoast SEO plugin. -->","yoast_head_json":{"title":"SHKELZEN FEKA - Hodaj &amp; Partners L.L.C.","robots":{"index":"index","follow":"follow","max-snippet":"max-snippet:-1","max-image-preview":"max-image-preview:large","max-video-preview":"max-video-preview:-1"},"canonical":"https:\/\/hodajlaw.com\/sq\/about-us-3\/team\/shkelzen-feka\/","og_locale":"sq_AL","og_type":"article","og_title":"SHKELZEN FEKA - Hodaj &amp; Partners L.L.C.","og_description":"[page_header style=&#8221;normal&#8221; text_color=&#8221;dark&#8221; title_case=&#8221;uppercase&#8221; sub_title=&#8221;Associate Rechtsanwalt&#8221; nav_size=&#8221;small&#8221; bg_size=&#8221;medium&#8221; visibility=&#8221;hide-for-small&#8221;] [page_header style=&#8221;simple&#8221; type=&#8221;onpage&#8221; text_color=&#8221;dark&#8221; align=&#8221;center&#8221; title_case=&#8221;uppercase&#8221; sub_title=&#8221;Attorney Associate&#8221; nav_size=&#8221;small&#8221; bg_size=&#8221;medium&#8221; visibility=&#8221;show-for-small&#8221;] [section] [row] [col span=&#8221;6&#8243; span__sm=&#8221;12&#8243;] Expertise und T\u00e4tigkeit Herr Shkelzen&hellip;","og_url":"https:\/\/hodajlaw.com\/sq\/about-us-3\/team\/shkelzen-feka\/","og_site_name":"Hodaj &amp; Partners L.L.C.","article_modified_time":"2021-05-06T11:13:08+00:00","og_image":[{"width":2008,"height":3008,"url":"https:\/\/hodajlaw.com\/wp-content\/uploads\/2019\/03\/Shkelzen_Feka.jpg","type":"image\/jpeg"}],"twitter_card":"summary_large_image","twitter_image":"https:\/\/hodajlaw.com\/wp-content\/uploads\/2019\/03\/Shkelzen_Feka-scaled.jpg","twitter_misc":{"Est. reading time":"1 minut\u00eb"},"schema":{"@context":"https:\/\/schema.org","@graph":[{"@type":"WebPage","@id":"https:\/\/hodajlaw.com\/about-us-3\/team\/shkelzen-feka\/","url":"https:\/\/hodajlaw.com\/about-us-3\/team\/shkelzen-feka\/","name":"SHKELZEN FEKA - Hodaj &amp; Partners L.L.C.","isPartOf":{"@id":"https:\/\/hodajlaw.com\/#website"},"datePublished":"2019-03-17T15:19:18+00:00","dateModified":"2021-05-06T11:13:08+00:00","breadcrumb":{"@id":"https:\/\/hodajlaw.com\/about-us-3\/team\/shkelzen-feka\/#breadcrumb"},"inLanguage":"sq","potentialAction":[{"@type":"ReadAction","target":["https:\/\/hodajlaw.com\/about-us-3\/team\/shkelzen-feka\/"]}]},{"@type":"BreadcrumbList","@id":"https:\/\/hodajlaw.com\/about-us-3\/team\/shkelzen-feka\/#breadcrumb","itemListElement":[{"@type":"ListItem","position":1,"name":"Home","item":"https:\/\/hodajlaw.com\/"},{"@type":"ListItem","position":2,"name":"\u00dcber Uns","item":"https:\/\/hodajlaw.com\/about-us-3\/"},{"@type":"ListItem","position":3,"name":"Das Team","item":"https:\/\/hodajlaw.com\/about-us-3\/team\/"},{"@type":"ListItem","position":4,"name":"SHKELZEN FEKA"}]},{"@type":"WebSite","@id":"https:\/\/hodajlaw.com\/#website","url":"https:\/\/hodajlaw.com\/","name":"Hodaj &amp; Partners L.L.C.","description":"Hodaj &amp; Partners","potentialAction":[{"@type":"SearchAction","target":{"@type":"EntryPoint","urlTemplate":"https:\/\/hodajlaw.com\/?s={search_term_string}"},"query-input":{"@type":"PropertyValueSpecification","valueRequired":true,"valueName":"search_term_string"}}],"inLanguage":"sq"}]}},"_links":{"self":[{"href":"https:\/\/hodajlaw.com\/sq\/wp-json\/wp\/v2\/pages\/2238","targetHints":{"allow":["GET"]}}],"collection":[{"href":"https:\/\/hodajlaw.com\/sq\/wp-json\/wp\/v2\/pages"}],"about":[{"href":"https:\/\/hodajlaw.com\/sq\/wp-json\/wp\/v2\/types\/page"}],"author":[{"embeddable":true,"href":"https:\/\/hodajlaw.com\/sq\/wp-json\/wp\/v2\/users\/7"}],"replies":[{"embeddable":true,"href":"https:\/\/hodajlaw.com\/sq\/wp-json\/wp\/v2\/comments?post=2238"}],"version-history":[{"count":4,"href":"https:\/\/hodajlaw.com\/sq\/wp-json\/wp\/v2\/pages\/2238\/revisions"}],"predecessor-version":[{"id":3511,"href":"https:\/\/hodajlaw.com\/sq\/wp-json\/wp\/v2\/pages\/2238\/revisions\/3511"}],"up":[{"embeddable":true,"href":"https:\/\/hodajlaw.com\/sq\/wp-json\/wp\/v2\/pages\/2199"}],"wp:attachment":[{"href":"https:\/\/hodajlaw.com\/sq\/wp-json\/wp\/v2\/media?parent=2238"}],"curies":[{"name":"wp","href":"https:\/\/api.w.org\/{rel}","templated":true}]}}