{"id":2253,"date":"2019-02-22T09:30:43","date_gmt":"2019-02-22T09:30:43","guid":{"rendered":"http:\/\/hodajlaw.com\/about\/"},"modified":"2024-01-20T20:12:03","modified_gmt":"2024-01-20T20:12:03","slug":"about-us-2","status":"publish","type":"page","link":"https:\/\/hodajlaw.com\/sq\/about-us-2\/","title":{"rendered":"Rreth Nesh"},"content":{"rendered":"<p>[page_header style=&#8221;normal&#8221; text_color=&#8221;dark&#8221; title_case=&#8221;uppercase&#8221;]<\/p>\n<p>[gap]<\/p>\n<p>[section padding=&#8221;0px&#8221;]<\/p>\n<p>[row]<\/p>\n<p>[col span=&#8221;6&#8243; span__sm=&#8221;12&#8243;]<\/p>\n<p style=\"text-align: justify;\">Hodaj &amp; Partners \u00ebsht\u00eb nj\u00eb nd\u00ebr zyrat m\u00eb t\u00eb njohura t\u00eb avokat\u00ebve n\u00eb Kosovo\u00eb q\u00eb ofron sh\u00ebrbime juridike p\u00ebr kompani vendore dhe nd\u00ebrkomb\u00ebtare q\u00eb vijn\u00eb nga nj\u00eb gam\u00eb e gj\u00ebr\u00eb e industrive, por poashtu edhe p\u00ebr persona private, n\u00eb t\u00eb gjitha aspektet e ligjeve t\u00eb Kosov\u00ebs dhe ato nd\u00ebrkomb\u00ebtare. N\u00eb bashk\u00ebpunim me avokat\u00eb nga Europa Juglindore dhe Europa P\u00ebrendimore, ne poashtu u ofrojm\u00eb klient\u00ebv\u00eb tan\u00eb sh\u00ebrbime dhe konsulenc\u00eb gjith\u00ebp\u00ebrfshir\u00ebse p\u00ebr transaksionet nd\u00ebrkomb\u00ebtare dhe ofrojm\u00eb k\u00ebshilla ligjore n\u00eb m\u00ebnyr\u00eb t\u00eb qart\u00eb dhe t\u00eb koordinuar.<\/p>\n<p style=\"text-align: justify;\">Ekipi yn\u00eb p\u00ebrb\u00ebhet nga avokat\u00eb t\u00eb aft\u00eb dhe me eksprienc\u00eb t\u00eb madhe q\u00eb i zgjidhin problemet n\u00eb m\u00ebnyre kreative dhe praktike. Ne jemi krenar\u00eb p\u00ebr pun\u00ebn q\u00eb b\u00ebjm\u00eb, dhe gjithmon\u00eb p\u00ebrpiqemi q\u00eb plot\u00ebsisht ti kuptojm\u00eb nevojat e klient\u00ebve tan\u00eb. Disa nga avokat\u00ebt tan\u00eb kan\u00eb studiuar n\u00eb universitete prestigjioze n\u00eb SHBA, Gjermani, Austri dhe Zvic\u00ebrr &#8211; p\u00ebrve\u04ab ofrimit t\u00eb sh\u00ebrbimeve n\u00eb gjuh\u00ebn shqipe dhe angleze, ne rregullisht kryejm\u00eb sh\u00ebrbime ligjore p\u00ebr klient\u00ebt tan\u00eb gjermanofol\u00ebs.<\/p>\n<p style=\"text-align: justify;\">Klient\u00ebt tan\u00eb jan\u00eb kompani dhe korporata q\u00eb vijn\u00eb nga t\u00eb gjith\u00eb sektor\u00ebt tregtar\u00eb dhe industrial\u00eb, rregullator\u00eb, organizata jo-fitimprur\u00ebse, organizata nd\u00ebrkomb\u00ebtare dhe ambasada me qend\u00ebr n\u00eb Kosov\u00eb, por edhe individ\u00eb privat\u00eb. Puna q\u00eb kemi b\u00ebr\u00eb p\u00ebr disa nga projektet dhe transaksionet m\u00eb t\u00eb m\u00ebdha n\u00eb Kosov\u00eb dhe rajonin e Evrop\u00ebs Juglindore na ka dh\u00ebn\u00eb p\u00ebrvoj\u00ebn dhe njohurit\u00eb q\u00eb i kan\u00eb shum\u00eb pak zyra t\u00eb avokat\u00ebve n\u00eb Kosov\u00eb.<\/p>\n<p style=\"text-align: justify;\">Parimi kryesor i zyr\u00ebs ton\u00eb \u00ebsht\u00eb t\u00eb ofroj\u00eb sh\u00ebrbime juridike cil\u00ebsore p\u00ebr bizneset dhe individ\u00ebt n\u00eb nj\u00eb m\u00ebnyr\u00eb personale, t\u00eb shpejt\u00eb dhe t\u00eb kujdesshme. Ne synojm\u00eb t\u00eb ofrojm\u00eb zgjidhje praktike, t\u00eb kuptueshme t\u00eb dizajnuara p\u00ebr t&#8217;i ndihmuar klient\u00ebt tan\u00eb t\u00eb arrijn\u00eb objektivat e tyre ligjore dhe komerciale. Krenohemi shum\u00eb p\u00ebr faktin se puna e zyr\u00ebs ton\u00eb t\u00eb avokat\u00ebve \u00ebsht\u00eb nd\u00ebrtuar kryesisht p\u00ebrmes rekomandimeve dhe referimeve.<\/p>\n<p style=\"text-align: justify;\">Synimi i Hodaj &amp; Partners \u00ebsht\u00eb t\u00eb arrijm\u00eb rezultatet m\u00eb t\u00eb favorshme dhe t\u00eb suksesshme p\u00ebr klient\u00ebt tan\u00eb. Ne e kuptojm\u00eb se sa e vlefshme \u00ebsht\u00eb koha juaj, prandaj, ne jemi n\u00eb dispozicion n\u00eb \u00e7do faz\u00eb t\u00eb \u00e7\u00ebshtjes tuaj. Gjithmon\u00eb mund t\u00eb pritni transparenc\u00eb, sinqeritet dhe komunikim t\u00eb hapur nga ekipi yn\u00eb. Jeni t\u00eb mir\u00ebseardhur t\u00eb na kontaktoni n\u00ebse keni nevoj\u00eb p\u00ebr sh\u00ebrbime juridike dhe k\u00ebrkoni t\u00eb punoni me nj\u00eb zyr\u0451 avokat\u0451sh q\u00eb me t\u00eb v\u00ebrtet\u00eb kujdeset p\u00ebr mir\u00ebqenjen tuaj.<\/p>\n<p>[\/col]<br \/>\n[col span=&#8221;6&#8243; span__sm=&#8221;12&#8243;]<\/p>\n<p>[ux_image id=&#8221;1417&#8243; image_size=&#8221;original&#8221; lightbox=&#8221;true&#8221;]<\/p>\n<p>[ux_image id=&#8221;2534&#8243; image_size=&#8221;original&#8221; lightbox=&#8221;true&#8221;]<\/p>\n<p>[ux_image id=&#8221;2537&#8243; image_size=&#8221;original&#8221; lightbox=&#8221;true&#8221;]<\/p>\n<p>[\/col]<\/p>\n<p>[\/row]<\/p>\n<p>[\/section]<br \/>\n[section]<\/p>\n<p>[ux_image id=&#8221;2399&#8243;]<\/p>\n<p>[gap]<\/p>\n<p>[row]<\/p>\n<p>[col span__sm=&#8221;12&#8243;]<\/p>\n<h2 style=\"text-align: center;\">Rivet:net<\/h2>\n<p style=\"text-align: justify;\">Rivet is a closely integrated alliance of leading independent law firms in Slovenia, Croatia, Bosnia and Herzegovina, Serbia, Montenegro, North Macedonia and Kosovo, bringing together requisite industry knowledge and legal and regulatory expertise.<\/p>\n<p style=\"text-align: justify;\">Thorough understanding of the markets and needs of regional and international clients allows us to provide the best information available and reasoned professional judgment. It is the youngest network of the area but has a long standing unformal cooperation within the member firms. After years of cooperation, the need arise to have a stronger connection still keeping it flexible and lean.<\/p>\n<p style=\"text-align: justify;\">Recognized for our thorough understanding of markets and needs of our clients, we are strong across all the key industry sectors and practice areas, such as:<\/p>\n<ul class=\"mb-5 text-left\">\n<li>Commercial<\/li>\n<li>Corporate and M&amp;A<\/li>\n<li>Competition and Antitrust<\/li>\n<li>Dispute resolution<\/li>\n<li>Data protection<\/li>\n<li>Employment<\/li>\n<li>Banking &amp; finance<\/li>\n<li>Intellectual property<\/li>\n<li>Insurance<\/li>\n<li>Public procurement<\/li>\n<\/ul>\n<p>[\/col]<\/p>\n<p>[\/row]<br \/>\n[gap]<\/p>\n<h3 style=\"text-align: center;\"><strong>Our members:<\/strong><\/h3>\n<p>[row col_style=&#8221;dashed&#8221;]<\/p>\n<p>[col span=&#8221;4&#8243; span__sm=&#8221;12&#8243;]<\/p>\n<p style=\"text-align: center;\">North Macedonia<\/p>\n<p style=\"text-align: center;\"><strong><b>Bona Fide<\/b><\/strong><\/p>\n<p style=\"text-align: center;\">Jordan Hadzikonstantinov-Dzinot 3<br \/>1 000 Skopje<br \/><strong><a href=\"http:\/\/bonafide.mk\/\">bonafide.mk<\/a><\/strong><\/p>\n<p>[\/col]<br \/>\n[col span=&#8221;4&#8243; span__sm=&#8221;12&#8243;]<\/p>\n<p style=\"text-align: center;\">Slovenia<\/p>\n<p style=\"text-align: center;\"><strong>Fatur Menard<\/strong><\/p>\n<p style=\"text-align: center;\">Dunajska cesta 22<br \/>1 000 Ljubljana<br \/><strong><a href=\"https:\/\/fatur-menard.com\/\">fatur-menard.com<\/a><\/strong><\/p>\n<p>[\/col]<br \/>\n[col span=&#8221;4&#8243; span__sm=&#8221;12&#8243;]<\/p>\n<div class=\"vc_row wpb_row vc_inner vc_row-fluid\">\n<div class=\"wpb_column vc_column_container vc_col-sm-4\">\n<div class=\"vc_column-inner\">\n<div class=\"wpb_wrapper\">\n<div class=\"wpb_text_column wpb_content_element \">\n<div class=\"wpb_wrapper\">\n<p style=\"text-align: center;\">Kosovo<\/p>\n<p style=\"text-align: center;\"><b>Hodaj &amp; Partners<\/b><\/p>\n<p style=\"text-align: center;\">Fehmi\u00a0 Agani\u00a0 79<br \/>10 000 Prishtina<br \/><strong><a href=\"http:\/\/hodajlaw.com\/\">hodajlaw.com<\/a><\/strong><\/p>\n<\/div>\n<\/div>\n<\/div>\n<\/div>\n<\/div>\n<\/div>\n<p>[\/col]<br \/>\n[col span=&#8221;4&#8243; span__sm=&#8221;12&#8243;]<\/p>\n<p style=\"text-align: center;\">Bosnia and Herzegovina<\/p>\n<p style=\"text-align: center;\"><b>Milanovi\u0107 \u2013 Lali\u0107 and Suljovi\u0107<\/b><\/p>\n<p style=\"text-align: center;\">Mar\u0161ala Tita 50\/III<br \/>71 000 Sarajevo<br \/><strong><a href=\"https:\/\/bh.legal\/\">bh.legal<\/a><\/strong><\/p>\n<p>[\/col]<br \/>\n[col span=&#8221;4&#8243; span__sm=&#8221;12&#8243;]<\/p>\n<p style=\"text-align: center;\">Croatia<\/p>\n<p style=\"text-align: center;\"><b>Vukmir and Associates<\/b><\/p>\n<p style=\"text-align: center;\">Grama\u010da 2L<br \/>10 000 Zagreb<br \/><strong><a href=\"https:\/\/www.vukmir.net\/\">vukmir.net<\/a><\/strong><\/p>\n<p>[\/col]<br \/>\n[col span=&#8221;4&#8243; span__sm=&#8221;12&#8243;]<\/p>\n<p style=\"text-align: center;\">Serbia \/ Montenegro<\/p>\n<p style=\"text-align: center;\"><strong>\u017divkovi\u0107 Samard\u017ei\u0107 <\/strong><\/p>\n<p style=\"text-align: center;\">Makedonska 30\/II<br \/>11 000 Belgrade<br \/><strong><a href=\"http:\/\/www.zslaw.rs\/\">www.zslaw.rs<\/a><\/strong><\/p>\n<p>[\/col]<\/p>\n<p>[\/row]<\/p>\n<p>[\/section]<\/p>\n","protected":false},"excerpt":{"rendered":"<p>[page_header style=&#8221;normal&#8221; text_color=&#8221;dark&#8221; title_case=&#8221;uppercase&#8221;] [gap] [section padding=&#8221;0px&#8221;] [row] [col span=&#8221;6&#8243; span__sm=&#8221;12&#8243;] Hodaj &amp; Partners \u00ebsht\u00eb nj\u00eb nd\u00ebr zyrat m\u00eb t\u00eb njohura t\u00eb avokat\u00ebve n\u00eb Kosovo\u00eb q\u00eb ofron sh\u00ebrbime juridike p\u00ebr&hellip;<\/p>\n","protected":false},"author":1,"featured_media":0,"parent":0,"menu_order":5,"comment_status":"closed","ping_status":"closed","template":"","meta":{"_lmt_disableupdate":"","_lmt_disable":"","footnotes":""},"class_list":["post-2253","page","type-page","status-publish","hentry"],"yoast_head":"<!-- This site is optimized with the Yoast SEO plugin v27.4 - https:\/\/yoast.com\/product\/yoast-seo-wordpress\/ -->\n<title>Rreth Nesh - Hodaj &amp; Partners L.L.C.<\/title>\n<meta name=\"robots\" content=\"index, follow, max-snippet:-1, max-image-preview:large, max-video-preview:-1\" \/>\n<link rel=\"canonical\" href=\"https:\/\/hodajlaw.com\/sq\/about-us-2\/\" \/>\n<meta property=\"og:locale\" content=\"sq_AL\" \/>\n<meta property=\"og:type\" content=\"article\" \/>\n<meta property=\"og:title\" content=\"Rreth Nesh - Hodaj &amp; Partners L.L.C.\" \/>\n<meta property=\"og:description\" content=\"[page_header style=&#8221;normal&#8221; text_color=&#8221;dark&#8221; title_case=&#8221;uppercase&#8221;] [gap] [section padding=&#8221;0px&#8221;] [row] [col span=&#8221;6&#8243; span__sm=&#8221;12&#8243;] Hodaj &amp; Partners \u00ebsht\u00eb nj\u00eb nd\u00ebr zyrat m\u00eb t\u00eb njohura t\u00eb avokat\u00ebve n\u00eb Kosovo\u00eb q\u00eb ofron sh\u00ebrbime juridike p\u00ebr&hellip;\" \/>\n<meta property=\"og:url\" content=\"https:\/\/hodajlaw.com\/sq\/about-us-2\/\" \/>\n<meta property=\"og:site_name\" content=\"Hodaj &amp; Partners L.L.C.\" \/>\n<meta property=\"article:modified_time\" content=\"2024-01-20T20:12:03+00:00\" \/>\n<meta name=\"twitter:card\" content=\"summary_large_image\" \/>\n<meta name=\"twitter:label1\" content=\"Est. reading time\" \/>\n\t<meta name=\"twitter:data1\" content=\"3 minuta\" \/>\n<script type=\"application\/ld+json\" class=\"yoast-schema-graph\">{\"@context\":\"https:\\\/\\\/schema.org\",\"@graph\":[{\"@type\":\"WebPage\",\"@id\":\"https:\\\/\\\/hodajlaw.com\\\/about-us-2\\\/\",\"url\":\"https:\\\/\\\/hodajlaw.com\\\/about-us-2\\\/\",\"name\":\"Rreth Nesh - Hodaj &amp; Partners L.L.C.\",\"isPartOf\":{\"@id\":\"https:\\\/\\\/hodajlaw.com\\\/#website\"},\"datePublished\":\"2019-02-22T09:30:43+00:00\",\"dateModified\":\"2024-01-20T20:12:03+00:00\",\"breadcrumb\":{\"@id\":\"https:\\\/\\\/hodajlaw.com\\\/about-us-2\\\/#breadcrumb\"},\"inLanguage\":\"sq\",\"potentialAction\":[{\"@type\":\"ReadAction\",\"target\":[\"https:\\\/\\\/hodajlaw.com\\\/about-us-2\\\/\"]}]},{\"@type\":\"BreadcrumbList\",\"@id\":\"https:\\\/\\\/hodajlaw.com\\\/about-us-2\\\/#breadcrumb\",\"itemListElement\":[{\"@type\":\"ListItem\",\"position\":1,\"name\":\"Home\",\"item\":\"https:\\\/\\\/hodajlaw.com\\\/\"},{\"@type\":\"ListItem\",\"position\":2,\"name\":\"Rreth Nesh\"}]},{\"@type\":\"WebSite\",\"@id\":\"https:\\\/\\\/hodajlaw.com\\\/#website\",\"url\":\"https:\\\/\\\/hodajlaw.com\\\/\",\"name\":\"Hodaj &amp; Partners L.L.C.\",\"description\":\"Hodaj &amp; Partners\",\"potentialAction\":[{\"@type\":\"SearchAction\",\"target\":{\"@type\":\"EntryPoint\",\"urlTemplate\":\"https:\\\/\\\/hodajlaw.com\\\/?s={search_term_string}\"},\"query-input\":{\"@type\":\"PropertyValueSpecification\",\"valueRequired\":true,\"valueName\":\"search_term_string\"}}],\"inLanguage\":\"sq\"}]}<\/script>\n<!-- \/ Yoast SEO plugin. -->","yoast_head_json":{"title":"Rreth Nesh - Hodaj &amp; Partners L.L.C.","robots":{"index":"index","follow":"follow","max-snippet":"max-snippet:-1","max-image-preview":"max-image-preview:large","max-video-preview":"max-video-preview:-1"},"canonical":"https:\/\/hodajlaw.com\/sq\/about-us-2\/","og_locale":"sq_AL","og_type":"article","og_title":"Rreth Nesh - Hodaj &amp; Partners L.L.C.","og_description":"[page_header style=&#8221;normal&#8221; text_color=&#8221;dark&#8221; title_case=&#8221;uppercase&#8221;] [gap] [section padding=&#8221;0px&#8221;] [row] [col span=&#8221;6&#8243; span__sm=&#8221;12&#8243;] Hodaj &amp; Partners \u00ebsht\u00eb nj\u00eb nd\u00ebr zyrat m\u00eb t\u00eb njohura t\u00eb avokat\u00ebve n\u00eb Kosovo\u00eb q\u00eb ofron sh\u00ebrbime juridike p\u00ebr&hellip;","og_url":"https:\/\/hodajlaw.com\/sq\/about-us-2\/","og_site_name":"Hodaj &amp; Partners L.L.C.","article_modified_time":"2024-01-20T20:12:03+00:00","twitter_card":"summary_large_image","twitter_misc":{"Est. reading time":"3 minuta"},"schema":{"@context":"https:\/\/schema.org","@graph":[{"@type":"WebPage","@id":"https:\/\/hodajlaw.com\/about-us-2\/","url":"https:\/\/hodajlaw.com\/about-us-2\/","name":"Rreth Nesh - Hodaj &amp; Partners L.L.C.","isPartOf":{"@id":"https:\/\/hodajlaw.com\/#website"},"datePublished":"2019-02-22T09:30:43+00:00","dateModified":"2024-01-20T20:12:03+00:00","breadcrumb":{"@id":"https:\/\/hodajlaw.com\/about-us-2\/#breadcrumb"},"inLanguage":"sq","potentialAction":[{"@type":"ReadAction","target":["https:\/\/hodajlaw.com\/about-us-2\/"]}]},{"@type":"BreadcrumbList","@id":"https:\/\/hodajlaw.com\/about-us-2\/#breadcrumb","itemListElement":[{"@type":"ListItem","position":1,"name":"Home","item":"https:\/\/hodajlaw.com\/"},{"@type":"ListItem","position":2,"name":"Rreth Nesh"}]},{"@type":"WebSite","@id":"https:\/\/hodajlaw.com\/#website","url":"https:\/\/hodajlaw.com\/","name":"Hodaj &amp; Partners L.L.C.","description":"Hodaj &amp; Partners","potentialAction":[{"@type":"SearchAction","target":{"@type":"EntryPoint","urlTemplate":"https:\/\/hodajlaw.com\/?s={search_term_string}"},"query-input":{"@type":"PropertyValueSpecification","valueRequired":true,"valueName":"search_term_string"}}],"inLanguage":"sq"}]}},"_links":{"self":[{"href":"https:\/\/hodajlaw.com\/sq\/wp-json\/wp\/v2\/pages\/2253","targetHints":{"allow":["GET"]}}],"collection":[{"href":"https:\/\/hodajlaw.com\/sq\/wp-json\/wp\/v2\/pages"}],"about":[{"href":"https:\/\/hodajlaw.com\/sq\/wp-json\/wp\/v2\/types\/page"}],"author":[{"embeddable":true,"href":"https:\/\/hodajlaw.com\/sq\/wp-json\/wp\/v2\/users\/1"}],"replies":[{"embeddable":true,"href":"https:\/\/hodajlaw.com\/sq\/wp-json\/wp\/v2\/comments?post=2253"}],"version-history":[{"count":6,"href":"https:\/\/hodajlaw.com\/sq\/wp-json\/wp\/v2\/pages\/2253\/revisions"}],"predecessor-version":[{"id":3807,"href":"https:\/\/hodajlaw.com\/sq\/wp-json\/wp\/v2\/pages\/2253\/revisions\/3807"}],"wp:attachment":[{"href":"https:\/\/hodajlaw.com\/sq\/wp-json\/wp\/v2\/media?parent=2253"}],"curies":[{"name":"wp","href":"https:\/\/api.w.org\/{rel}","templated":true}]}}