{"id":2260,"date":"2018-12-10T09:08:49","date_gmt":"2018-12-10T09:08:49","guid":{"rendered":"http:\/\/hodajlaw.com\/areas-of-practice\/"},"modified":"2024-01-21T12:45:27","modified_gmt":"2024-01-21T12:45:27","slug":"areas-of-practice-old-3","status":"publish","type":"page","link":"https:\/\/hodajlaw.com\/sq\/areas-of-practice-old-3\/","title":{"rendered":"Rechtsgebiete"},"content":{"rendered":"<p>[page_header style=&#8221;normal&#8221; text_color=&#8221;dark&#8221; title_case=&#8221;uppercase&#8221;]<\/p>\n<p>[gap height=&#8221;60px&#8221;]<\/p>\n<p>[row h_align=&#8221;center&#8221;]<\/p>\n<p>[col span=&#8221;4&#8243; span__sm=&#8221;12&#8243;]<\/p>\n<p>[featured_box img=&#8221;1536&#8243; pos=&#8221;center&#8221; font_size=&#8221;small&#8221; icon_color=&#8221;rgb(167, 136, 94)&#8221; link=&#8221;https:\/\/hodajlaw.com\/areas-of-practice\/commercial-corporate-law\/?lang=de&#8221;]<\/p>\n<h3>Handels- und Gesellschaftsrecht<\/h3>\n<p>Unsere Praxis f\u00fcr Handels- und Gesellschaftsrecht besch\u00e4ftigt unsere Anw\u00e4lte mit einer Vielzahl von Gesch\u00e4fts- und Handelsangelegenheiten, einschlie\u00dflich Fusionen und \u00dcbernahmen, Ver\u00e4u\u00dferungen, Darlehenstransaktionen &#8230;.<\/p>\n<p>[\/featured_box]<\/p>\n<p>[\/col]<br \/>\n[col span=&#8221;4&#8243; span__sm=&#8221;12&#8243;]<\/p>\n<p>[featured_box img=&#8221;1040&#8243; pos=&#8221;center&#8221; font_size=&#8221;small&#8221; icon_color=&#8221;rgb(167, 136, 94)&#8221; link=&#8221;\/areas-of-practice\/labour-employment-law\/?lang=de&#8221;]<\/p>\n<h3>Arbeits- und Arbeitsrecht<\/h3>\n<p>Unsere Kanzlei bietet Dienstleistungen zu allen Aspekten des Arbeits- und Arbeitsrechts an, von der Einstellung bis zur Pensionierung; einschlie\u00dflich Personalwesen und Einwanderungsangelegenheiten&#8230;.<\/p>\n<p>[\/featured_box]<\/p>\n<p>[\/col]<br \/>\n[col span=&#8221;4&#8243; span__sm=&#8221;12&#8243;]<\/p>\n<p>[featured_box img=&#8221;1539&#8243; pos=&#8221;center&#8221; font_size=&#8221;small&#8221; icon_color=&#8221;rgb(167, 136, 94)&#8221; link=&#8221;\/areas-of-practice\/finance-law\/?lang=de&#8221;]<\/p>\n<h3>Finanzen &amp; Bankwesen<\/h3>\n<p>Die Welt des Finanzrechts ist komplex und umst\u00e4ndlich zu navigieren. Wir unterst\u00fctzen unsere Mandanten aus dem Bankensektor in allen finanz- und bankaufsichtsrechtlichen Fragen&#8230;<\/p>\n<p>[\/featured_box]<\/p>\n<p>[\/col]<\/p>\n<p>[\/row]<br \/>\n[gap height=&#8221;37px&#8221;]<\/p>\n<p>[row v_align=&#8221;equal&#8221; h_align=&#8221;center&#8221;]<\/p>\n<p>[col span=&#8221;4&#8243; span__sm=&#8221;12&#8243;]<\/p>\n<p>[featured_box img=&#8221;1252&#8243; pos=&#8221;center&#8221; font_size=&#8221;small&#8221; icon_color=&#8221;rgb(167, 136, 94)&#8221; link=&#8221;\/areas-of-practice\/tax-and-customs-law\/?lang=de&#8221;]<\/p>\n<h3>Steuer- und Zollrecht<\/h3>\n<p>Wir bieten eine vollst\u00e4ndige Palette von Steuerdienstleistungen an, von der Steuerplanung und Steuerkonformit\u00e4t bis hin zu Steuerstreitigkeiten. Unser Team bietet diese Dienstleistungen an, indem es unsere Kunden kontinuierlich bei der Optimierung der Steuerkosten unterst\u00fctzt&#8230;<\/p>\n<p>[\/featured_box]<\/p>\n<p>[\/col]<br \/>\n[col span=&#8221;4&#8243; span__sm=&#8221;12&#8243;]<\/p>\n<p>[featured_box img=&#8221;1255&#8243; pos=&#8221;center&#8221; font_size=&#8221;small&#8221; icon_color=&#8221;rgb(167, 136, 94)&#8221; link=&#8221;\/areas-of-practice\/energy-infrastructure\/?lang=de&#8221;]<\/p>\n<h3>Energie &amp; Infrastruktur<\/h3>\n<p>Der Kosovo ist ber\u00fchmt f\u00fcr seine nat\u00fcrlichen Ressourcen zur Energieerzeugung und seine Mineralien. Die Energiebranche hat in den letzten Jahren einige grundlegende Ver\u00e4nderungen erfahren&#8230;<\/p>\n<p>[\/featured_box]<\/p>\n<p>[\/col]<br \/>\n[col span=&#8221;4&#8243; span__sm=&#8221;12&#8243;]<\/p>\n<p>[featured_box img=&#8221;1263&#8243; pos=&#8221;center&#8221; font_size=&#8221;small&#8221; icon_color=&#8221;rgb(167, 136, 94)&#8221; link=&#8221;\/areas-of-practice\/intellectual-property-law\/?lang=de&#8221;]<\/p>\n<h3>Urheberrechtsgesetz<\/h3>\n<p>Unsere Schwerpunkte im Bereich Gewerblicher Rechtsschutz liegen in zwei Bereichen: Marken- und Urheberrecht. Wir unterst\u00fctzen unsere Mandanten beim rechtlichen Schutz ihres Firmennamens oder Symbols&#8230;<\/p>\n<p>[\/featured_box]<\/p>\n<p>[\/col]<br \/>\n[col span=&#8221;4&#8243; span__sm=&#8221;12&#8243;]<\/p>\n<p>[featured_box img=&#8221;1142&#8243; pos=&#8221;center&#8221; font_size=&#8221;small&#8221; icon_color=&#8221;rgb(167, 136, 94)&#8221; link=&#8221;\/areas-of-practice\/property-law\/?lang=de&#8221;]<\/p>\n<h3>Eigentumsrecht<\/h3>\n<p>Der Verkauf, Kauf, die Vermietung oder die Bebauung von Immobilien erfordert immer auch juristische Dienstleistungen. Wir bieten juristische Dienstleistungen f\u00fcr Unternehmen, Investoren, Entwickler&#8230;<\/p>\n<p>[\/featured_box]<\/p>\n<p>[\/col]<br \/>\n[col span=&#8221;4&#8243; span__sm=&#8221;12&#8243;]<\/p>\n<p>[featured_box img=&#8221;1542&#8243; pos=&#8221;center&#8221; font_size=&#8221;small&#8221; icon_color=&#8221;rgb(167, 136, 94)&#8221; link=&#8221;\/areas-of-practice\/public-procurement\/?lang=de&#8221;]<\/p>\n<h3>\u00d6ffentliche Auftragsvergabe<\/h3>\n<p>Das \u00f6ffentliche Beschaffungswesen ist ein Bereich, der im Kosovo erhebliche Gesch\u00e4ftsm\u00f6glichkeiten bietet. Das geltende Recht, das diesen Bereich regelt, steht in voller \u00dcbereinstimmung mit..<\/p>\n<p>[\/featured_box]<\/p>\n<p>[\/col]<br \/>\n[col span=&#8221;4&#8243; span__sm=&#8221;12&#8243;]<\/p>\n<p>[featured_box img=&#8221;1545&#8243; pos=&#8221;center&#8221; font_size=&#8221;small&#8221; icon_color=&#8221;rgb(167, 136, 94)&#8221; link=&#8221;\/areas-of-practice\/legal-due-diligence\/?lang=de&#8221;]<\/p>\n<h3>Rechtliche Sorgfaltspflicht<\/h3>\n<p>W\u00e4hrend eines Merger &amp; Acquisition-Prozesses muss eine vollst\u00e4ndige Bewertung der rechtlichen Risiken in Bezug auf das Verm\u00f6gen, die Vertr\u00e4ge, den Personaleinsatz und deren rechtliche Auswirkungen durchgef\u00fchrt werden &#8230;<\/p>\n<p>[\/featured_box]<\/p>\n<p>[\/col]<br \/>\n[col span=&#8221;4&#8243; span__sm=&#8221;12&#8243;]<\/p>\n<p>[featured_box img=&#8221;1342&#8243; pos=&#8221;center&#8221; font_size=&#8221;small&#8221; icon_color=&#8221;rgb(167, 136, 94)&#8221; link=&#8221;\/areas-of-practice\/criminal-law\/?lang=de&#8221;]<\/p>\n<h3>Strafrecht<\/h3>\n<p>Wir beraten unsere Mandanten rechtlich und vertreten sie in allen strafrechtlichen Angelegenheiten. Au\u00dferdem vertreten wir Mandanten bei der Durchsetzung ihrer gesetzlichen Rechte&#8230;<\/p>\n<p>[\/featured_box]<\/p>\n<p>[\/col]<br \/>\n[col span=&#8221;4&#8243; span__sm=&#8221;12&#8243;]<\/p>\n<p>[featured_box img=&#8221;1134&#8243; pos=&#8221;center&#8221; font_size=&#8221;small&#8221; icon_color=&#8221;rgb(167, 136, 94)&#8221; link=&#8221;\/areas-of-practice\/family-law\/?lang=de&#8221;]<\/p>\n<h3>Familiengesetz<\/h3>\n<p>Unsere Kanzlei erstellt h\u00e4ufig Rechtsgutachten und bietet Rechtsberatung in familienrechtlichen Angelegenheiten im Kosovo f\u00fcr Einzelpersonen und Institutionen an&#8230;<\/p>\n<p>[\/featured_box]<\/p>\n<p>[\/col]<br \/>\n[col span=&#8221;4&#8243; span__sm=&#8221;12&#8243;]<\/p>\n<p>[featured_box img=&#8221;1548&#8243; pos=&#8221;center&#8221; font_size=&#8221;small&#8221; icon_color=&#8221;rgb(167, 136, 94)&#8221; link=&#8221;\/areas-of-practice\/registration-on-the-civil-registry-acquisition-release-from-kosovo-citizenship\/?lang=de&#8221;]<\/p>\n<h3>Registrierung im Standesamt, Erwerb und Entlassung aus der kosovarischen Staatsb\u00fcrgerschaft<\/h3>\n<p>Unsere Kanzlei bietet juristische Dienstleistungen und Unterst\u00fctzung in allen Staatsb\u00fcrgerschaftsverfahren an&#8230;<\/p>\n<p>[\/featured_box]<\/p>\n<p>[\/col]<\/p>\n<p>[\/row]<br \/>\n[gap height=&#8221;60px&#8221;]<\/p>\n","protected":false},"excerpt":{"rendered":"<p>[page_header style=&#8221;normal&#8221; text_color=&#8221;dark&#8221; title_case=&#8221;uppercase&#8221;] [gap height=&#8221;60px&#8221;] [row h_align=&#8221;center&#8221;] [col span=&#8221;4&#8243; span__sm=&#8221;12&#8243;] [featured_box img=&#8221;1536&#8243; pos=&#8221;center&#8221; font_size=&#8221;small&#8221; icon_color=&#8221;rgb(167, 136, 94)&#8221; link=&#8221;https:\/\/hodajlaw.com\/areas-of-practice\/commercial-corporate-law\/?lang=de&#8221;] Handels- und Gesellschaftsrecht Unsere Praxis f\u00fcr Handels- und Gesellschaftsrecht besch\u00e4ftigt unsere&hellip;<\/p>\n","protected":false},"author":1,"featured_media":0,"parent":0,"menu_order":2,"comment_status":"closed","ping_status":"closed","template":"","meta":{"_lmt_disableupdate":"","_lmt_disable":"","footnotes":""},"class_list":["post-2260","page","type-page","status-publish","hentry"],"yoast_head":"<!-- This site is optimized with the Yoast SEO plugin v27.4 - https:\/\/yoast.com\/product\/yoast-seo-wordpress\/ -->\n<title>Rechtsgebiete - Hodaj &amp; Partners L.L.C.<\/title>\n<meta name=\"robots\" content=\"index, follow, max-snippet:-1, max-image-preview:large, max-video-preview:-1\" \/>\n<link rel=\"canonical\" href=\"https:\/\/hodajlaw.com\/sq\/areas-of-practice-old-3\/\" \/>\n<meta property=\"og:locale\" content=\"sq_AL\" \/>\n<meta property=\"og:type\" content=\"article\" \/>\n<meta property=\"og:title\" content=\"Rechtsgebiete - Hodaj &amp; Partners L.L.C.\" \/>\n<meta property=\"og:description\" content=\"[page_header style=&#8221;normal&#8221; text_color=&#8221;dark&#8221; title_case=&#8221;uppercase&#8221;] [gap height=&#8221;60px&#8221;] [row h_align=&#8221;center&#8221;] [col span=&#8221;4&#8243; span__sm=&#8221;12&#8243;] [featured_box img=&#8221;1536&#8243; pos=&#8221;center&#8221; font_size=&#8221;small&#8221; icon_color=&#8221;rgb(167, 136, 94)&#8221; link=&#8221;https:\/\/hodajlaw.com\/areas-of-practice\/commercial-corporate-law\/?lang=de&#8221;] Handels- und Gesellschaftsrecht Unsere Praxis f\u00fcr Handels- und Gesellschaftsrecht besch\u00e4ftigt unsere&hellip;\" \/>\n<meta property=\"og:url\" content=\"https:\/\/hodajlaw.com\/sq\/areas-of-practice-old-3\/\" \/>\n<meta property=\"og:site_name\" content=\"Hodaj &amp; Partners L.L.C.\" \/>\n<meta property=\"article:modified_time\" content=\"2024-01-21T12:45:27+00:00\" \/>\n<meta name=\"twitter:card\" content=\"summary_large_image\" \/>\n<meta name=\"twitter:label1\" content=\"Est. reading time\" \/>\n\t<meta name=\"twitter:data1\" content=\"3 minuta\" \/>\n<script type=\"application\/ld+json\" class=\"yoast-schema-graph\">{\"@context\":\"https:\\\/\\\/schema.org\",\"@graph\":[{\"@type\":\"WebPage\",\"@id\":\"https:\\\/\\\/hodajlaw.com\\\/areas-of-practice-old-3\\\/\",\"url\":\"https:\\\/\\\/hodajlaw.com\\\/areas-of-practice-old-3\\\/\",\"name\":\"Rechtsgebiete - Hodaj &amp; Partners L.L.C.\",\"isPartOf\":{\"@id\":\"https:\\\/\\\/hodajlaw.com\\\/#website\"},\"datePublished\":\"2018-12-10T09:08:49+00:00\",\"dateModified\":\"2024-01-21T12:45:27+00:00\",\"breadcrumb\":{\"@id\":\"https:\\\/\\\/hodajlaw.com\\\/areas-of-practice-old-3\\\/#breadcrumb\"},\"inLanguage\":\"sq\",\"potentialAction\":[{\"@type\":\"ReadAction\",\"target\":[\"https:\\\/\\\/hodajlaw.com\\\/areas-of-practice-old-3\\\/\"]}]},{\"@type\":\"BreadcrumbList\",\"@id\":\"https:\\\/\\\/hodajlaw.com\\\/areas-of-practice-old-3\\\/#breadcrumb\",\"itemListElement\":[{\"@type\":\"ListItem\",\"position\":1,\"name\":\"Home\",\"item\":\"https:\\\/\\\/hodajlaw.com\\\/\"},{\"@type\":\"ListItem\",\"position\":2,\"name\":\"Rechtsgebiete\"}]},{\"@type\":\"WebSite\",\"@id\":\"https:\\\/\\\/hodajlaw.com\\\/#website\",\"url\":\"https:\\\/\\\/hodajlaw.com\\\/\",\"name\":\"Hodaj &amp; Partners L.L.C.\",\"description\":\"Hodaj &amp; Partners\",\"potentialAction\":[{\"@type\":\"SearchAction\",\"target\":{\"@type\":\"EntryPoint\",\"urlTemplate\":\"https:\\\/\\\/hodajlaw.com\\\/?s={search_term_string}\"},\"query-input\":{\"@type\":\"PropertyValueSpecification\",\"valueRequired\":true,\"valueName\":\"search_term_string\"}}],\"inLanguage\":\"sq\"}]}<\/script>\n<!-- \/ Yoast SEO plugin. -->","yoast_head_json":{"title":"Rechtsgebiete - Hodaj &amp; Partners L.L.C.","robots":{"index":"index","follow":"follow","max-snippet":"max-snippet:-1","max-image-preview":"max-image-preview:large","max-video-preview":"max-video-preview:-1"},"canonical":"https:\/\/hodajlaw.com\/sq\/areas-of-practice-old-3\/","og_locale":"sq_AL","og_type":"article","og_title":"Rechtsgebiete - Hodaj &amp; Partners L.L.C.","og_description":"[page_header style=&#8221;normal&#8221; text_color=&#8221;dark&#8221; title_case=&#8221;uppercase&#8221;] [gap height=&#8221;60px&#8221;] [row h_align=&#8221;center&#8221;] [col span=&#8221;4&#8243; span__sm=&#8221;12&#8243;] [featured_box img=&#8221;1536&#8243; pos=&#8221;center&#8221; font_size=&#8221;small&#8221; icon_color=&#8221;rgb(167, 136, 94)&#8221; link=&#8221;https:\/\/hodajlaw.com\/areas-of-practice\/commercial-corporate-law\/?lang=de&#8221;] Handels- und Gesellschaftsrecht Unsere Praxis f\u00fcr Handels- und Gesellschaftsrecht besch\u00e4ftigt unsere&hellip;","og_url":"https:\/\/hodajlaw.com\/sq\/areas-of-practice-old-3\/","og_site_name":"Hodaj &amp; Partners L.L.C.","article_modified_time":"2024-01-21T12:45:27+00:00","twitter_card":"summary_large_image","twitter_misc":{"Est. reading time":"3 minuta"},"schema":{"@context":"https:\/\/schema.org","@graph":[{"@type":"WebPage","@id":"https:\/\/hodajlaw.com\/areas-of-practice-old-3\/","url":"https:\/\/hodajlaw.com\/areas-of-practice-old-3\/","name":"Rechtsgebiete - Hodaj &amp; Partners L.L.C.","isPartOf":{"@id":"https:\/\/hodajlaw.com\/#website"},"datePublished":"2018-12-10T09:08:49+00:00","dateModified":"2024-01-21T12:45:27+00:00","breadcrumb":{"@id":"https:\/\/hodajlaw.com\/areas-of-practice-old-3\/#breadcrumb"},"inLanguage":"sq","potentialAction":[{"@type":"ReadAction","target":["https:\/\/hodajlaw.com\/areas-of-practice-old-3\/"]}]},{"@type":"BreadcrumbList","@id":"https:\/\/hodajlaw.com\/areas-of-practice-old-3\/#breadcrumb","itemListElement":[{"@type":"ListItem","position":1,"name":"Home","item":"https:\/\/hodajlaw.com\/"},{"@type":"ListItem","position":2,"name":"Rechtsgebiete"}]},{"@type":"WebSite","@id":"https:\/\/hodajlaw.com\/#website","url":"https:\/\/hodajlaw.com\/","name":"Hodaj &amp; Partners L.L.C.","description":"Hodaj &amp; Partners","potentialAction":[{"@type":"SearchAction","target":{"@type":"EntryPoint","urlTemplate":"https:\/\/hodajlaw.com\/?s={search_term_string}"},"query-input":{"@type":"PropertyValueSpecification","valueRequired":true,"valueName":"search_term_string"}}],"inLanguage":"sq"}]}},"_links":{"self":[{"href":"https:\/\/hodajlaw.com\/sq\/wp-json\/wp\/v2\/pages\/2260","targetHints":{"allow":["GET"]}}],"collection":[{"href":"https:\/\/hodajlaw.com\/sq\/wp-json\/wp\/v2\/pages"}],"about":[{"href":"https:\/\/hodajlaw.com\/sq\/wp-json\/wp\/v2\/types\/page"}],"author":[{"embeddable":true,"href":"https:\/\/hodajlaw.com\/sq\/wp-json\/wp\/v2\/users\/1"}],"replies":[{"embeddable":true,"href":"https:\/\/hodajlaw.com\/sq\/wp-json\/wp\/v2\/comments?post=2260"}],"version-history":[{"count":9,"href":"https:\/\/hodajlaw.com\/sq\/wp-json\/wp\/v2\/pages\/2260\/revisions"}],"predecessor-version":[{"id":4356,"href":"https:\/\/hodajlaw.com\/sq\/wp-json\/wp\/v2\/pages\/2260\/revisions\/4356"}],"wp:attachment":[{"href":"https:\/\/hodajlaw.com\/sq\/wp-json\/wp\/v2\/media?parent=2260"}],"curies":[{"name":"wp","href":"https:\/\/api.w.org\/{rel}","templated":true}]}}