{"id":2312,"date":"2019-02-21T17:44:42","date_gmt":"2019-02-21T17:44:42","guid":{"rendered":"http:\/\/hodajlaw.com\/areas-of-practice\/commercial-corporate-law\/"},"modified":"2021-05-06T11:32:03","modified_gmt":"2021-05-06T11:32:03","slug":"commercial-corporate-law","status":"publish","type":"page","link":"https:\/\/hodajlaw.com\/sq\/areas-of-practice-old-2\/commercial-corporate-law\/","title":{"rendered":"E Drejta Tregtare dhe e Korporatave"},"content":{"rendered":"<p>[page_header style=&#8221;normal&#8221; text_color=&#8221;dark&#8221;]<\/p>\n<p>[section]<\/p>\n<p>[row]<\/p>\n<p>[col span=&#8221;6&#8243; span__sm=&#8221;12&#8243;]<\/p>\n<p style=\"text-align: justify;\">N\u00eb fush\u00ebn e s\u00eb drejt\u00ebs tregtare dhe t\u00eb korporatave, avokat\u00ebt tan\u00eb merren me nj\u00eb gam\u00eb t\u00eb gj\u00ebr\u00eb t\u00eb \u04ab\u00ebshtjeve biznesore e komerciale duke p\u00ebrfshi bashkimet dhe blerjet e kompanive, shitjet e kompanive, transaksionet e kredive, ristrukturimin e borxheve, financimin, aranzhimet kontraktuale, riorganizimet dhe falimentimet. N\u00eb i k\u00ebshillojme korporatat n\u00eb lidhje me regjistrimet (si dhe n\u00eb implementimin e ndryshimeve fundamentale), por dhe p\u00ebr forma t\u00eb tjera organizative si\u04ab jan\u00eb partneritetet dhe joint ventures. Ne i p\u00ebrkrahim startup-et q\u00eb nga themelimi i tyre duke ofruar analiz\u00eb t\u00eb gjendjes ligjore, p\u00ebrgaditje t\u00eb dokumentacionit t\u00eb duhur p\u00ebr regjistrimin e tyre, si dhe asistenc\u00eb ligjore n\u00eb t\u00eb gjitha \u00e7\u00ebshtjet sa i p\u00ebrket struktur\u00ebs s\u00eb tyre korporative dhe marr\u00ebveshjet p\u00ebr financim.<\/p>\n<p style=\"text-align: justify;\">Ne kemi eksperienc\u00eb n\u00eb dh\u0451njen e sh\u00ebrbimeve ligjore korporative p\u00ebr klient\u0451t tan\u0451 nd\u00ebrkomb\u00ebtar, rajonal dhe vendor n\u00eb Kosov\u00eb dhe regjionin e Europ\u00ebs Juglindore. Ne specializojm\u0451 n\u00eb transaksione komplekse rajonale q\u00eb p\u00ebrfshijn\u00eb jurisdiksione t\u00eb ndryshme. P\u00ebrve\u00e7 angazhimit n\u00eb disa nga transaksionet m\u00eb t\u00eb sukseshme n\u00eb Kosov\u00eb dhe rajon, ne rregullisht i\u00a0 p\u00ebrmbushim nevojat dhe k\u00ebrkesat e p\u00ebrditshme t\u00eb klient\u00ebve tan\u0451.<\/p>\n<p style=\"text-align: justify;\">P\u00ebrve\u00e7 ndihm\u00ebs dhe mb\u00ebshtetjes t\u00eb kompanive vendore dhe nd\u00ebrkomb\u00ebtare n\u00eb pun\u00ebt e p\u00ebrditshme afariste, zyra jon\u00eb e avokat\u00ebve i p\u00ebrfaq\u00ebson bizneset dhe individ\u00ebt n\u00eb \u00e7\u00ebshtjet gjyq\u00ebsore para gjykatave, paneleve t\u00eb arbitrazhit, trupave t\u00eb prokurimit, Adminsitrat\u00ebs Tatimore t\u00eb Kosov\u00ebs, Dogan\u0451s, si dhe para rregullator\u00ebve, inspektorateve t\u00eb ndryshme dhe agjensive. Klientela jon\u0451 \u00ebsht\u00eb e shp\u00ebrndar\u00eb n\u00eb Europ\u00eb\u2014ne kemi kapacitet t\u0451 ju sigurojm\u0451 klient\u00ebve tan\u0451 sh\u0451rbime t\u0451 integruara q\u0451 ju p\u0451rshtaten prej fillimit e n\u00eb fund, p\u00ebr transaksionet e tyre vendore dhe nd\u00ebrkomb\u00ebtare.<\/p>\n<p>[\/col]<br \/>\n[col span=&#8221;6&#8243; span__sm=&#8221;12&#8243; force_first=&#8221;small&#8221; padding=&#8221;54px 0px 0px 0px&#8221; visibility=&#8221;hide-for-small&#8221;]<\/p>\n<p>[featured_box img=&#8221;1536&#8243; img_width=&#8221;201&#8243; pos=&#8221;center&#8221; icon_color=&#8221;rgb(167, 136, 94)&#8221;]<\/p>\n<p>[\/featured_box]<\/p>\n<p>[\/col]<\/p>\n<p>[\/row]<\/p>\n<p>[\/section]<\/p>\n","protected":false},"excerpt":{"rendered":"<p>[page_header style=&#8221;normal&#8221; text_color=&#8221;dark&#8221;] [section] [row] [col span=&#8221;6&#8243; span__sm=&#8221;12&#8243;] N\u00eb fush\u00ebn e s\u00eb drejt\u00ebs tregtare dhe t\u00eb korporatave, avokat\u00ebt tan\u00eb merren me nj\u00eb gam\u00eb t\u00eb gj\u00ebr\u00eb t\u00eb \u04ab\u00ebshtjeve biznesore e komerciale&hellip;<\/p>\n","protected":false},"author":1,"featured_media":0,"parent":2259,"menu_order":0,"comment_status":"closed","ping_status":"closed","template":"page-blank.php","meta":{"_lmt_disableupdate":"","_lmt_disable":"","footnotes":""},"class_list":["post-2312","page","type-page","status-publish","hentry"],"yoast_head":"<!-- This site is optimized with the Yoast SEO plugin v26.8 - https:\/\/yoast.com\/product\/yoast-seo-wordpress\/ -->\n<title>E Drejta Tregtare dhe e Korporatave - Hodaj &amp; Partners L.L.C.<\/title>\n<meta name=\"robots\" content=\"index, follow, max-snippet:-1, max-image-preview:large, max-video-preview:-1\" \/>\n<link rel=\"canonical\" href=\"https:\/\/hodajlaw.com\/sq\/areas-of-practice-old-2\/commercial-corporate-law\/\" \/>\n<meta property=\"og:locale\" content=\"sq_AL\" \/>\n<meta property=\"og:type\" content=\"article\" \/>\n<meta property=\"og:title\" content=\"E Drejta Tregtare dhe e Korporatave - Hodaj &amp; Partners L.L.C.\" \/>\n<meta property=\"og:description\" content=\"[page_header style=&#8221;normal&#8221; text_color=&#8221;dark&#8221;] [section] [row] [col span=&#8221;6&#8243; span__sm=&#8221;12&#8243;] N\u00eb fush\u00ebn e s\u00eb drejt\u00ebs tregtare dhe t\u00eb korporatave, avokat\u00ebt tan\u00eb merren me nj\u00eb gam\u00eb t\u00eb gj\u00ebr\u00eb t\u00eb \u04ab\u00ebshtjeve biznesore e komerciale&hellip;\" \/>\n<meta property=\"og:url\" content=\"https:\/\/hodajlaw.com\/sq\/areas-of-practice-old-2\/commercial-corporate-law\/\" \/>\n<meta property=\"og:site_name\" content=\"Hodaj &amp; Partners L.L.C.\" \/>\n<meta property=\"article:modified_time\" content=\"2021-05-06T11:32:03+00:00\" \/>\n<meta name=\"twitter:card\" content=\"summary_large_image\" \/>\n<meta name=\"twitter:label1\" content=\"Est. reading time\" \/>\n\t<meta name=\"twitter:data1\" content=\"2 minuta\" \/>\n<script type=\"application\/ld+json\" class=\"yoast-schema-graph\">{\"@context\":\"https:\/\/schema.org\",\"@graph\":[{\"@type\":\"WebPage\",\"@id\":\"https:\/\/hodajlaw.com\/areas-of-practice-old-2\/commercial-corporate-law\/\",\"url\":\"https:\/\/hodajlaw.com\/areas-of-practice-old-2\/commercial-corporate-law\/\",\"name\":\"E Drejta Tregtare dhe e Korporatave - Hodaj &amp; Partners L.L.C.\",\"isPartOf\":{\"@id\":\"https:\/\/hodajlaw.com\/#website\"},\"datePublished\":\"2019-02-21T17:44:42+00:00\",\"dateModified\":\"2021-05-06T11:32:03+00:00\",\"breadcrumb\":{\"@id\":\"https:\/\/hodajlaw.com\/areas-of-practice-old-2\/commercial-corporate-law\/#breadcrumb\"},\"inLanguage\":\"sq\",\"potentialAction\":[{\"@type\":\"ReadAction\",\"target\":[\"https:\/\/hodajlaw.com\/areas-of-practice-old-2\/commercial-corporate-law\/\"]}]},{\"@type\":\"BreadcrumbList\",\"@id\":\"https:\/\/hodajlaw.com\/areas-of-practice-old-2\/commercial-corporate-law\/#breadcrumb\",\"itemListElement\":[{\"@type\":\"ListItem\",\"position\":1,\"name\":\"Home\",\"item\":\"https:\/\/hodajlaw.com\/\"},{\"@type\":\"ListItem\",\"position\":2,\"name\":\"Fushat e veprimit \/ Sh\u00ebrbimet\",\"item\":\"https:\/\/hodajlaw.com\/areas-of-practice-old-2\/\"},{\"@type\":\"ListItem\",\"position\":3,\"name\":\"E Drejta Tregtare dhe e Korporatave\"}]},{\"@type\":\"WebSite\",\"@id\":\"https:\/\/hodajlaw.com\/#website\",\"url\":\"https:\/\/hodajlaw.com\/\",\"name\":\"Hodaj &amp; Partners L.L.C.\",\"description\":\"Hodaj &amp; Partners\",\"potentialAction\":[{\"@type\":\"SearchAction\",\"target\":{\"@type\":\"EntryPoint\",\"urlTemplate\":\"https:\/\/hodajlaw.com\/?s={search_term_string}\"},\"query-input\":{\"@type\":\"PropertyValueSpecification\",\"valueRequired\":true,\"valueName\":\"search_term_string\"}}],\"inLanguage\":\"sq\"}]}<\/script>\n<!-- \/ Yoast SEO plugin. -->","yoast_head_json":{"title":"E Drejta Tregtare dhe e Korporatave - Hodaj &amp; Partners L.L.C.","robots":{"index":"index","follow":"follow","max-snippet":"max-snippet:-1","max-image-preview":"max-image-preview:large","max-video-preview":"max-video-preview:-1"},"canonical":"https:\/\/hodajlaw.com\/sq\/areas-of-practice-old-2\/commercial-corporate-law\/","og_locale":"sq_AL","og_type":"article","og_title":"E Drejta Tregtare dhe e Korporatave - Hodaj &amp; Partners L.L.C.","og_description":"[page_header style=&#8221;normal&#8221; text_color=&#8221;dark&#8221;] [section] [row] [col span=&#8221;6&#8243; span__sm=&#8221;12&#8243;] N\u00eb fush\u00ebn e s\u00eb drejt\u00ebs tregtare dhe t\u00eb korporatave, avokat\u00ebt tan\u00eb merren me nj\u00eb gam\u00eb t\u00eb gj\u00ebr\u00eb t\u00eb \u04ab\u00ebshtjeve biznesore e komerciale&hellip;","og_url":"https:\/\/hodajlaw.com\/sq\/areas-of-practice-old-2\/commercial-corporate-law\/","og_site_name":"Hodaj &amp; Partners L.L.C.","article_modified_time":"2021-05-06T11:32:03+00:00","twitter_card":"summary_large_image","twitter_misc":{"Est. reading time":"2 minuta"},"schema":{"@context":"https:\/\/schema.org","@graph":[{"@type":"WebPage","@id":"https:\/\/hodajlaw.com\/areas-of-practice-old-2\/commercial-corporate-law\/","url":"https:\/\/hodajlaw.com\/areas-of-practice-old-2\/commercial-corporate-law\/","name":"E Drejta Tregtare dhe e Korporatave - Hodaj &amp; Partners L.L.C.","isPartOf":{"@id":"https:\/\/hodajlaw.com\/#website"},"datePublished":"2019-02-21T17:44:42+00:00","dateModified":"2021-05-06T11:32:03+00:00","breadcrumb":{"@id":"https:\/\/hodajlaw.com\/areas-of-practice-old-2\/commercial-corporate-law\/#breadcrumb"},"inLanguage":"sq","potentialAction":[{"@type":"ReadAction","target":["https:\/\/hodajlaw.com\/areas-of-practice-old-2\/commercial-corporate-law\/"]}]},{"@type":"BreadcrumbList","@id":"https:\/\/hodajlaw.com\/areas-of-practice-old-2\/commercial-corporate-law\/#breadcrumb","itemListElement":[{"@type":"ListItem","position":1,"name":"Home","item":"https:\/\/hodajlaw.com\/"},{"@type":"ListItem","position":2,"name":"Fushat e veprimit \/ Sh\u00ebrbimet","item":"https:\/\/hodajlaw.com\/areas-of-practice-old-2\/"},{"@type":"ListItem","position":3,"name":"E Drejta Tregtare dhe e Korporatave"}]},{"@type":"WebSite","@id":"https:\/\/hodajlaw.com\/#website","url":"https:\/\/hodajlaw.com\/","name":"Hodaj &amp; Partners L.L.C.","description":"Hodaj &amp; Partners","potentialAction":[{"@type":"SearchAction","target":{"@type":"EntryPoint","urlTemplate":"https:\/\/hodajlaw.com\/?s={search_term_string}"},"query-input":{"@type":"PropertyValueSpecification","valueRequired":true,"valueName":"search_term_string"}}],"inLanguage":"sq"}]}},"_links":{"self":[{"href":"https:\/\/hodajlaw.com\/sq\/wp-json\/wp\/v2\/pages\/2312","targetHints":{"allow":["GET"]}}],"collection":[{"href":"https:\/\/hodajlaw.com\/sq\/wp-json\/wp\/v2\/pages"}],"about":[{"href":"https:\/\/hodajlaw.com\/sq\/wp-json\/wp\/v2\/types\/page"}],"author":[{"embeddable":true,"href":"https:\/\/hodajlaw.com\/sq\/wp-json\/wp\/v2\/users\/1"}],"replies":[{"embeddable":true,"href":"https:\/\/hodajlaw.com\/sq\/wp-json\/wp\/v2\/comments?post=2312"}],"version-history":[{"count":3,"href":"https:\/\/hodajlaw.com\/sq\/wp-json\/wp\/v2\/pages\/2312\/revisions"}],"predecessor-version":[{"id":3535,"href":"https:\/\/hodajlaw.com\/sq\/wp-json\/wp\/v2\/pages\/2312\/revisions\/3535"}],"up":[{"embeddable":true,"href":"https:\/\/hodajlaw.com\/sq\/wp-json\/wp\/v2\/pages\/2259"}],"wp:attachment":[{"href":"https:\/\/hodajlaw.com\/sq\/wp-json\/wp\/v2\/media?parent=2312"}],"curies":[{"name":"wp","href":"https:\/\/api.w.org\/{rel}","templated":true}]}}