{"id":2313,"date":"2019-02-21T17:44:42","date_gmt":"2019-02-21T17:44:42","guid":{"rendered":"http:\/\/hodajlaw.com\/areas-of-practice\/commercial-corporate-law\/"},"modified":"2021-05-06T11:38:45","modified_gmt":"2021-05-06T11:38:45","slug":"commercial-corporate-law","status":"publish","type":"page","link":"https:\/\/hodajlaw.com\/sq\/areas-of-practice-old-3\/commercial-corporate-law\/","title":{"rendered":"Handelsrecht &#038; Gesellschaftsrecht"},"content":{"rendered":"<p>[page_header style=&#8221;normal&#8221; text_color=&#8221;dark&#8221;]<\/p>\n<p>[section]<\/p>\n<p>[row]<\/p>\n<p>[col span=&#8221;6&#8243; span__sm=&#8221;12&#8243;]<\/p>\n<p style=\"text-align: justify;\">Unsere Anwaltskanzlei f\u00fcr Handelsrecht und Gesellschaftsrecht befasst sich mit einer Vielzahl von gesch\u00e4ftlichen und kommerziellen Angelegenheiten, einschlie\u00dflich Fusionen und \u00dcbernahmen, Desinvestitionen, Ver\u00e4u\u00dferungen, Darlehenstransaktionen, Umschuldungen, Finanzierungen, vertraglichen Vereinbarungen, Umstrukturierungen und Insolvenzen. Wir beraten bei Unternehmensgr\u00fcndungen (sowie bei der Umsetzung grundlegender \u00c4nderungen) und anderen Organisationsformen wie Partnerschaften und Joint Ventures. Wir unterst\u00fctzen Start-up-Unternehmen von ihrer Gr\u00fcndung an, indem wir die Legal Due Diligence durchf\u00fchren, alle f\u00fcr die Registrierung des Unternehmens erforderlichen Rechtsdokumente vorbereiten sowie in allen anderen Angelegenheiten, die die Unternehmensstruktur und die Finanzierungsmodalit\u00e4ten betreffen, juristische Assistenz leisten.<\/p>\n<p style=\"text-align: justify;\">Wir haben Erfahrung in der Erbringung von juristischen Dienstleistungen f\u00fcr multinationale, regionale und lokale Mandanten im Kosovo und in S\u00fcdosteuropa. Unsere Spezialit\u00e4t liegt in komplexen regionalen Transaktionen \u00fcber mehrere Gerichtsbarkeiten hinweg. Wir sind nicht nur an einigen der erfolgreichsten Transaktionen im Kosovo und in der Region beteiligt, sondern erf\u00fcllen auch regelm\u00e4\u00dfig die t\u00e4glichen Bed\u00fcrfnisse und Anforderungen unserer Kunden.<\/p>\n<p style=\"text-align: justify;\">Unsere Kanzlei unterst\u00fctzt nationale und internationale Unternehmen nicht nur bei ihren t\u00e4glichen Gesch\u00e4ften, sondern vertritt auch Unternehmen und Privatpersonen in Rechtsstreitigkeiten vor Gerichten, Schiedsgerichten, Beschaffungsbeh\u00f6rden, der Steuerbeh\u00f6rde des Kosovo und verschiedenen anderen Aufsichtsbeh\u00f6rden und Agenturen. Unsere Klientel ist in ganz S\u00fcdosteuropa verteilt &#8211; wir sind in der Lage, ihnen ma\u00dfgeschneiderte integrierte und nahtlose Dienstleistungen f\u00fcr lokale und grenz\u00fcberschreitende Transaktionen anzubieten.<\/p>\n<p>[\/col]<br \/>\n[col span=&#8221;6&#8243; span__sm=&#8221;12&#8243; force_first=&#8221;small&#8221; padding=&#8221;54px 0px 0px 0px&#8221; visibility=&#8221;hide-for-small&#8221;]<\/p>\n<p>[featured_box img=&#8221;1536&#8243; img_width=&#8221;201&#8243; pos=&#8221;center&#8221; icon_color=&#8221;rgb(167, 136, 94)&#8221;]<\/p>\n<p>[\/featured_box]<\/p>\n<p>[\/col]<\/p>\n<p>[\/row]<\/p>\n<p>[\/section]<\/p>\n","protected":false},"excerpt":{"rendered":"<p>[page_header style=&#8221;normal&#8221; text_color=&#8221;dark&#8221;] [section] [row] [col span=&#8221;6&#8243; span__sm=&#8221;12&#8243;] Unsere Anwaltskanzlei f\u00fcr Handelsrecht und Gesellschaftsrecht befasst sich mit einer Vielzahl von gesch\u00e4ftlichen und kommerziellen Angelegenheiten, einschlie\u00dflich Fusionen und \u00dcbernahmen, Desinvestitionen, Ver\u00e4u\u00dferungen,&hellip;<\/p>\n","protected":false},"author":1,"featured_media":0,"parent":2260,"menu_order":0,"comment_status":"closed","ping_status":"closed","template":"page-blank.php","meta":{"_lmt_disableupdate":"","_lmt_disable":"","footnotes":""},"class_list":["post-2313","page","type-page","status-publish","hentry"],"yoast_head":"<!-- This site is optimized with the Yoast SEO plugin v27.4 - https:\/\/yoast.com\/product\/yoast-seo-wordpress\/ -->\n<title>Handelsrecht &amp; Gesellschaftsrecht - Hodaj &amp; Partners L.L.C.<\/title>\n<meta name=\"robots\" content=\"index, follow, max-snippet:-1, max-image-preview:large, max-video-preview:-1\" \/>\n<link rel=\"canonical\" href=\"https:\/\/hodajlaw.com\/sq\/areas-of-practice-old-3\/commercial-corporate-law\/\" \/>\n<meta property=\"og:locale\" content=\"sq_AL\" \/>\n<meta property=\"og:type\" content=\"article\" \/>\n<meta property=\"og:title\" content=\"Handelsrecht &amp; Gesellschaftsrecht - Hodaj &amp; Partners L.L.C.\" \/>\n<meta property=\"og:description\" content=\"[page_header style=&#8221;normal&#8221; text_color=&#8221;dark&#8221;] [section] [row] [col span=&#8221;6&#8243; span__sm=&#8221;12&#8243;] Unsere Anwaltskanzlei f\u00fcr Handelsrecht und Gesellschaftsrecht befasst sich mit einer Vielzahl von gesch\u00e4ftlichen und kommerziellen Angelegenheiten, einschlie\u00dflich Fusionen und \u00dcbernahmen, Desinvestitionen, Ver\u00e4u\u00dferungen,&hellip;\" \/>\n<meta property=\"og:url\" content=\"https:\/\/hodajlaw.com\/sq\/areas-of-practice-old-3\/commercial-corporate-law\/\" \/>\n<meta property=\"og:site_name\" content=\"Hodaj &amp; Partners L.L.C.\" \/>\n<meta property=\"article:modified_time\" content=\"2021-05-06T11:38:45+00:00\" \/>\n<meta name=\"twitter:card\" content=\"summary_large_image\" \/>\n<meta name=\"twitter:label1\" content=\"Est. reading time\" \/>\n\t<meta name=\"twitter:data1\" content=\"1 minut\u00eb\" \/>\n<script type=\"application\/ld+json\" class=\"yoast-schema-graph\">{\"@context\":\"https:\\\/\\\/schema.org\",\"@graph\":[{\"@type\":\"WebPage\",\"@id\":\"https:\\\/\\\/hodajlaw.com\\\/areas-of-practice-old-3\\\/commercial-corporate-law\\\/\",\"url\":\"https:\\\/\\\/hodajlaw.com\\\/areas-of-practice-old-3\\\/commercial-corporate-law\\\/\",\"name\":\"Handelsrecht & Gesellschaftsrecht - Hodaj &amp; Partners L.L.C.\",\"isPartOf\":{\"@id\":\"https:\\\/\\\/hodajlaw.com\\\/#website\"},\"datePublished\":\"2019-02-21T17:44:42+00:00\",\"dateModified\":\"2021-05-06T11:38:45+00:00\",\"breadcrumb\":{\"@id\":\"https:\\\/\\\/hodajlaw.com\\\/areas-of-practice-old-3\\\/commercial-corporate-law\\\/#breadcrumb\"},\"inLanguage\":\"sq\",\"potentialAction\":[{\"@type\":\"ReadAction\",\"target\":[\"https:\\\/\\\/hodajlaw.com\\\/areas-of-practice-old-3\\\/commercial-corporate-law\\\/\"]}]},{\"@type\":\"BreadcrumbList\",\"@id\":\"https:\\\/\\\/hodajlaw.com\\\/areas-of-practice-old-3\\\/commercial-corporate-law\\\/#breadcrumb\",\"itemListElement\":[{\"@type\":\"ListItem\",\"position\":1,\"name\":\"Home\",\"item\":\"https:\\\/\\\/hodajlaw.com\\\/\"},{\"@type\":\"ListItem\",\"position\":2,\"name\":\"Rechtsgebiete\",\"item\":\"https:\\\/\\\/hodajlaw.com\\\/areas-of-practice-old-3\\\/\"},{\"@type\":\"ListItem\",\"position\":3,\"name\":\"Handelsrecht &#038; Gesellschaftsrecht\"}]},{\"@type\":\"WebSite\",\"@id\":\"https:\\\/\\\/hodajlaw.com\\\/#website\",\"url\":\"https:\\\/\\\/hodajlaw.com\\\/\",\"name\":\"Hodaj &amp; Partners L.L.C.\",\"description\":\"Hodaj &amp; Partners\",\"potentialAction\":[{\"@type\":\"SearchAction\",\"target\":{\"@type\":\"EntryPoint\",\"urlTemplate\":\"https:\\\/\\\/hodajlaw.com\\\/?s={search_term_string}\"},\"query-input\":{\"@type\":\"PropertyValueSpecification\",\"valueRequired\":true,\"valueName\":\"search_term_string\"}}],\"inLanguage\":\"sq\"}]}<\/script>\n<!-- \/ Yoast SEO plugin. -->","yoast_head_json":{"title":"Handelsrecht & Gesellschaftsrecht - Hodaj &amp; Partners L.L.C.","robots":{"index":"index","follow":"follow","max-snippet":"max-snippet:-1","max-image-preview":"max-image-preview:large","max-video-preview":"max-video-preview:-1"},"canonical":"https:\/\/hodajlaw.com\/sq\/areas-of-practice-old-3\/commercial-corporate-law\/","og_locale":"sq_AL","og_type":"article","og_title":"Handelsrecht & Gesellschaftsrecht - Hodaj &amp; Partners L.L.C.","og_description":"[page_header style=&#8221;normal&#8221; text_color=&#8221;dark&#8221;] [section] [row] [col span=&#8221;6&#8243; span__sm=&#8221;12&#8243;] Unsere Anwaltskanzlei f\u00fcr Handelsrecht und Gesellschaftsrecht befasst sich mit einer Vielzahl von gesch\u00e4ftlichen und kommerziellen Angelegenheiten, einschlie\u00dflich Fusionen und \u00dcbernahmen, Desinvestitionen, Ver\u00e4u\u00dferungen,&hellip;","og_url":"https:\/\/hodajlaw.com\/sq\/areas-of-practice-old-3\/commercial-corporate-law\/","og_site_name":"Hodaj &amp; Partners L.L.C.","article_modified_time":"2021-05-06T11:38:45+00:00","twitter_card":"summary_large_image","twitter_misc":{"Est. reading time":"1 minut\u00eb"},"schema":{"@context":"https:\/\/schema.org","@graph":[{"@type":"WebPage","@id":"https:\/\/hodajlaw.com\/areas-of-practice-old-3\/commercial-corporate-law\/","url":"https:\/\/hodajlaw.com\/areas-of-practice-old-3\/commercial-corporate-law\/","name":"Handelsrecht & Gesellschaftsrecht - Hodaj &amp; Partners L.L.C.","isPartOf":{"@id":"https:\/\/hodajlaw.com\/#website"},"datePublished":"2019-02-21T17:44:42+00:00","dateModified":"2021-05-06T11:38:45+00:00","breadcrumb":{"@id":"https:\/\/hodajlaw.com\/areas-of-practice-old-3\/commercial-corporate-law\/#breadcrumb"},"inLanguage":"sq","potentialAction":[{"@type":"ReadAction","target":["https:\/\/hodajlaw.com\/areas-of-practice-old-3\/commercial-corporate-law\/"]}]},{"@type":"BreadcrumbList","@id":"https:\/\/hodajlaw.com\/areas-of-practice-old-3\/commercial-corporate-law\/#breadcrumb","itemListElement":[{"@type":"ListItem","position":1,"name":"Home","item":"https:\/\/hodajlaw.com\/"},{"@type":"ListItem","position":2,"name":"Rechtsgebiete","item":"https:\/\/hodajlaw.com\/areas-of-practice-old-3\/"},{"@type":"ListItem","position":3,"name":"Handelsrecht &#038; Gesellschaftsrecht"}]},{"@type":"WebSite","@id":"https:\/\/hodajlaw.com\/#website","url":"https:\/\/hodajlaw.com\/","name":"Hodaj &amp; Partners L.L.C.","description":"Hodaj &amp; Partners","potentialAction":[{"@type":"SearchAction","target":{"@type":"EntryPoint","urlTemplate":"https:\/\/hodajlaw.com\/?s={search_term_string}"},"query-input":{"@type":"PropertyValueSpecification","valueRequired":true,"valueName":"search_term_string"}}],"inLanguage":"sq"}]}},"_links":{"self":[{"href":"https:\/\/hodajlaw.com\/sq\/wp-json\/wp\/v2\/pages\/2313","targetHints":{"allow":["GET"]}}],"collection":[{"href":"https:\/\/hodajlaw.com\/sq\/wp-json\/wp\/v2\/pages"}],"about":[{"href":"https:\/\/hodajlaw.com\/sq\/wp-json\/wp\/v2\/types\/page"}],"author":[{"embeddable":true,"href":"https:\/\/hodajlaw.com\/sq\/wp-json\/wp\/v2\/users\/1"}],"replies":[{"embeddable":true,"href":"https:\/\/hodajlaw.com\/sq\/wp-json\/wp\/v2\/comments?post=2313"}],"version-history":[{"count":2,"href":"https:\/\/hodajlaw.com\/sq\/wp-json\/wp\/v2\/pages\/2313\/revisions"}],"predecessor-version":[{"id":3547,"href":"https:\/\/hodajlaw.com\/sq\/wp-json\/wp\/v2\/pages\/2313\/revisions\/3547"}],"up":[{"embeddable":true,"href":"https:\/\/hodajlaw.com\/sq\/wp-json\/wp\/v2\/pages\/2260"}],"wp:attachment":[{"href":"https:\/\/hodajlaw.com\/sq\/wp-json\/wp\/v2\/media?parent=2313"}],"curies":[{"name":"wp","href":"https:\/\/api.w.org\/{rel}","templated":true}]}}