{"id":2343,"date":"2019-02-22T08:46:20","date_gmt":"2019-02-22T08:46:20","guid":{"rendered":"http:\/\/hodajlaw.com\/areas-of-practice\/property-law\/"},"modified":"2021-05-06T11:35:15","modified_gmt":"2021-05-06T11:35:15","slug":"property-law","status":"publish","type":"page","link":"https:\/\/hodajlaw.com\/sq\/areas-of-practice-old-2\/property-law\/","title":{"rendered":"E Drejta Pron\u00ebsore"},"content":{"rendered":"<p>[page_header style=&#8221;normal&#8221; text_color=&#8221;dark&#8221;]<\/p>\n<p>[section]<\/p>\n<p>[row]<\/p>\n<p>[col span=&#8221;6&#8243; span__sm=&#8221;12&#8243;]<\/p>\n<p style=\"text-align: justify;\">Tregu i shitjes, blerjes, dh\u00ebnies me qira apo t\u00eb zhvillimit t\u00eb pron\u00ebs ka shum\u00eb k\u00ebrkesa p\u00ebr sh\u00ebrbime ligjore. Ne ofrojm\u00eb sh\u00ebrbime ligjore p\u00ebr kompani, investitor\u00eb, zhvillues dhe individ\u00eb n\u00eb t\u00eb gjitha llojet e transaksioneve n\u00eb lidhje me pronat.<\/p>\n<p style=\"text-align: justify;\">Ne i k\u00ebshillojm\u00eb klient\u00ebt tan\u00eb n\u00eb t\u00eb gjitha fazat e transaksioneve pron\u00ebsore, duke filluar nga negociatat, p\u00ebrpilimin e kontratave dhe dokumenteve tjera t\u00eb karakterit juridik. Ne poashtu i p\u00ebrfaq\u00ebsojm\u00eb klient\u00ebt tan\u00eb para gjykat\u00ebs apo para paneleve t\u00eb arbitrazhit. Klient\u00ebt tan\u00eb p\u00ebrfitojn\u00eb shum\u00eb nga p\u00ebrvoja dhe ekspertiza jon\u00eb e gjat\u00eb n\u00eb ofrimin e sh\u00ebrbimeve ligjore n\u00eb \u00e7\u00ebshtje pron\u00ebsore.<\/p>\n<p>[\/col]<br \/>\n[col span=&#8221;6&#8243; span__sm=&#8221;12&#8243; padding=&#8221;5px 0px 0px 0px&#8221; visibility=&#8221;hide-for-small&#8221;]<\/p>\n<p>[featured_box img=&#8221;1142&#8243; img_width=&#8221;201&#8243; pos=&#8221;center&#8221; icon_color=&#8221;rgb(167, 136, 94)&#8221;]<\/p>\n<p>[\/featured_box]<\/p>\n<p>[\/col]<\/p>\n<p>[\/row]<\/p>\n<p>[\/section]<\/p>\n","protected":false},"excerpt":{"rendered":"<p>[page_header style=&#8221;normal&#8221; text_color=&#8221;dark&#8221;] [section] [row] [col span=&#8221;6&#8243; span__sm=&#8221;12&#8243;] Tregu i shitjes, blerjes, dh\u00ebnies me qira apo t\u00eb zhvillimit t\u00eb pron\u00ebs ka shum\u00eb k\u00ebrkesa p\u00ebr sh\u00ebrbime ligjore. Ne ofrojm\u00eb sh\u00ebrbime ligjore&hellip;<\/p>\n","protected":false},"author":1,"featured_media":0,"parent":2259,"menu_order":0,"comment_status":"closed","ping_status":"closed","template":"page-blank.php","meta":{"_lmt_disableupdate":"","_lmt_disable":"","footnotes":""},"class_list":["post-2343","page","type-page","status-publish","hentry"],"yoast_head":"<!-- This site is optimized with the Yoast SEO plugin v26.8 - https:\/\/yoast.com\/product\/yoast-seo-wordpress\/ -->\n<title>E Drejta Pron\u00ebsore - Hodaj &amp; Partners L.L.C.<\/title>\n<meta name=\"robots\" content=\"index, follow, max-snippet:-1, max-image-preview:large, max-video-preview:-1\" \/>\n<link rel=\"canonical\" href=\"https:\/\/hodajlaw.com\/sq\/areas-of-practice-old-2\/property-law\/\" \/>\n<meta property=\"og:locale\" content=\"sq_AL\" \/>\n<meta property=\"og:type\" content=\"article\" \/>\n<meta property=\"og:title\" content=\"E Drejta Pron\u00ebsore - Hodaj &amp; Partners L.L.C.\" \/>\n<meta property=\"og:description\" content=\"[page_header style=&#8221;normal&#8221; text_color=&#8221;dark&#8221;] [section] [row] [col span=&#8221;6&#8243; span__sm=&#8221;12&#8243;] Tregu i shitjes, blerjes, dh\u00ebnies me qira apo t\u00eb zhvillimit t\u00eb pron\u00ebs ka shum\u00eb k\u00ebrkesa p\u00ebr sh\u00ebrbime ligjore. Ne ofrojm\u00eb sh\u00ebrbime ligjore&hellip;\" \/>\n<meta property=\"og:url\" content=\"https:\/\/hodajlaw.com\/sq\/areas-of-practice-old-2\/property-law\/\" \/>\n<meta property=\"og:site_name\" content=\"Hodaj &amp; Partners L.L.C.\" \/>\n<meta property=\"article:modified_time\" content=\"2021-05-06T11:35:15+00:00\" \/>\n<meta name=\"twitter:card\" content=\"summary_large_image\" \/>\n<meta name=\"twitter:label1\" content=\"Est. reading time\" \/>\n\t<meta name=\"twitter:data1\" content=\"1 minut\u00eb\" \/>\n<script type=\"application\/ld+json\" class=\"yoast-schema-graph\">{\"@context\":\"https:\/\/schema.org\",\"@graph\":[{\"@type\":\"WebPage\",\"@id\":\"https:\/\/hodajlaw.com\/areas-of-practice-old-2\/property-law\/\",\"url\":\"https:\/\/hodajlaw.com\/areas-of-practice-old-2\/property-law\/\",\"name\":\"E Drejta Pron\u00ebsore - Hodaj &amp; Partners L.L.C.\",\"isPartOf\":{\"@id\":\"https:\/\/hodajlaw.com\/#website\"},\"datePublished\":\"2019-02-22T08:46:20+00:00\",\"dateModified\":\"2021-05-06T11:35:15+00:00\",\"breadcrumb\":{\"@id\":\"https:\/\/hodajlaw.com\/areas-of-practice-old-2\/property-law\/#breadcrumb\"},\"inLanguage\":\"sq\",\"potentialAction\":[{\"@type\":\"ReadAction\",\"target\":[\"https:\/\/hodajlaw.com\/areas-of-practice-old-2\/property-law\/\"]}]},{\"@type\":\"BreadcrumbList\",\"@id\":\"https:\/\/hodajlaw.com\/areas-of-practice-old-2\/property-law\/#breadcrumb\",\"itemListElement\":[{\"@type\":\"ListItem\",\"position\":1,\"name\":\"Home\",\"item\":\"https:\/\/hodajlaw.com\/\"},{\"@type\":\"ListItem\",\"position\":2,\"name\":\"Fushat e veprimit \/ Sh\u00ebrbimet\",\"item\":\"https:\/\/hodajlaw.com\/areas-of-practice-old-2\/\"},{\"@type\":\"ListItem\",\"position\":3,\"name\":\"E Drejta Pron\u00ebsore\"}]},{\"@type\":\"WebSite\",\"@id\":\"https:\/\/hodajlaw.com\/#website\",\"url\":\"https:\/\/hodajlaw.com\/\",\"name\":\"Hodaj &amp; Partners L.L.C.\",\"description\":\"Hodaj &amp; Partners\",\"potentialAction\":[{\"@type\":\"SearchAction\",\"target\":{\"@type\":\"EntryPoint\",\"urlTemplate\":\"https:\/\/hodajlaw.com\/?s={search_term_string}\"},\"query-input\":{\"@type\":\"PropertyValueSpecification\",\"valueRequired\":true,\"valueName\":\"search_term_string\"}}],\"inLanguage\":\"sq\"}]}<\/script>\n<!-- \/ Yoast SEO plugin. -->","yoast_head_json":{"title":"E Drejta Pron\u00ebsore - Hodaj &amp; Partners L.L.C.","robots":{"index":"index","follow":"follow","max-snippet":"max-snippet:-1","max-image-preview":"max-image-preview:large","max-video-preview":"max-video-preview:-1"},"canonical":"https:\/\/hodajlaw.com\/sq\/areas-of-practice-old-2\/property-law\/","og_locale":"sq_AL","og_type":"article","og_title":"E Drejta Pron\u00ebsore - Hodaj &amp; Partners L.L.C.","og_description":"[page_header style=&#8221;normal&#8221; text_color=&#8221;dark&#8221;] [section] [row] [col span=&#8221;6&#8243; span__sm=&#8221;12&#8243;] Tregu i shitjes, blerjes, dh\u00ebnies me qira apo t\u00eb zhvillimit t\u00eb pron\u00ebs ka shum\u00eb k\u00ebrkesa p\u00ebr sh\u00ebrbime ligjore. Ne ofrojm\u00eb sh\u00ebrbime ligjore&hellip;","og_url":"https:\/\/hodajlaw.com\/sq\/areas-of-practice-old-2\/property-law\/","og_site_name":"Hodaj &amp; Partners L.L.C.","article_modified_time":"2021-05-06T11:35:15+00:00","twitter_card":"summary_large_image","twitter_misc":{"Est. reading time":"1 minut\u00eb"},"schema":{"@context":"https:\/\/schema.org","@graph":[{"@type":"WebPage","@id":"https:\/\/hodajlaw.com\/areas-of-practice-old-2\/property-law\/","url":"https:\/\/hodajlaw.com\/areas-of-practice-old-2\/property-law\/","name":"E Drejta Pron\u00ebsore - Hodaj &amp; Partners L.L.C.","isPartOf":{"@id":"https:\/\/hodajlaw.com\/#website"},"datePublished":"2019-02-22T08:46:20+00:00","dateModified":"2021-05-06T11:35:15+00:00","breadcrumb":{"@id":"https:\/\/hodajlaw.com\/areas-of-practice-old-2\/property-law\/#breadcrumb"},"inLanguage":"sq","potentialAction":[{"@type":"ReadAction","target":["https:\/\/hodajlaw.com\/areas-of-practice-old-2\/property-law\/"]}]},{"@type":"BreadcrumbList","@id":"https:\/\/hodajlaw.com\/areas-of-practice-old-2\/property-law\/#breadcrumb","itemListElement":[{"@type":"ListItem","position":1,"name":"Home","item":"https:\/\/hodajlaw.com\/"},{"@type":"ListItem","position":2,"name":"Fushat e veprimit \/ Sh\u00ebrbimet","item":"https:\/\/hodajlaw.com\/areas-of-practice-old-2\/"},{"@type":"ListItem","position":3,"name":"E Drejta Pron\u00ebsore"}]},{"@type":"WebSite","@id":"https:\/\/hodajlaw.com\/#website","url":"https:\/\/hodajlaw.com\/","name":"Hodaj &amp; Partners L.L.C.","description":"Hodaj &amp; Partners","potentialAction":[{"@type":"SearchAction","target":{"@type":"EntryPoint","urlTemplate":"https:\/\/hodajlaw.com\/?s={search_term_string}"},"query-input":{"@type":"PropertyValueSpecification","valueRequired":true,"valueName":"search_term_string"}}],"inLanguage":"sq"}]}},"_links":{"self":[{"href":"https:\/\/hodajlaw.com\/sq\/wp-json\/wp\/v2\/pages\/2343","targetHints":{"allow":["GET"]}}],"collection":[{"href":"https:\/\/hodajlaw.com\/sq\/wp-json\/wp\/v2\/pages"}],"about":[{"href":"https:\/\/hodajlaw.com\/sq\/wp-json\/wp\/v2\/types\/page"}],"author":[{"embeddable":true,"href":"https:\/\/hodajlaw.com\/sq\/wp-json\/wp\/v2\/users\/1"}],"replies":[{"embeddable":true,"href":"https:\/\/hodajlaw.com\/sq\/wp-json\/wp\/v2\/comments?post=2343"}],"version-history":[{"count":2,"href":"https:\/\/hodajlaw.com\/sq\/wp-json\/wp\/v2\/pages\/2343\/revisions"}],"predecessor-version":[{"id":3541,"href":"https:\/\/hodajlaw.com\/sq\/wp-json\/wp\/v2\/pages\/2343\/revisions\/3541"}],"up":[{"embeddable":true,"href":"https:\/\/hodajlaw.com\/sq\/wp-json\/wp\/v2\/pages\/2259"}],"wp:attachment":[{"href":"https:\/\/hodajlaw.com\/sq\/wp-json\/wp\/v2\/media?parent=2343"}],"curies":[{"name":"wp","href":"https:\/\/api.w.org\/{rel}","templated":true}]}}