{"id":2356,"date":"2019-02-22T08:54:00","date_gmt":"2019-02-22T08:54:00","guid":{"rendered":"http:\/\/hodajlaw.com\/areas-of-practice\/criminal-law\/"},"modified":"2021-05-06T11:46:02","modified_gmt":"2021-05-06T11:46:02","slug":"criminal-law","status":"publish","type":"page","link":"https:\/\/hodajlaw.com\/sq\/areas-of-practice-old-3\/criminal-law\/","title":{"rendered":"Strafrecht"},"content":{"rendered":"<p>[page_header style=&#8221;normal&#8221; text_color=&#8221;dark&#8221;]<\/p>\n<p>[section]<\/p>\n<p>[row]<\/p>\n<p>[col span=&#8221;6&#8243; span__sm=&#8221;12&#8243;]<\/p>\n<p style=\"text-align: justify;\">Wir bieten Rechtsberatung f\u00fcr unsere Mandanten und vertreten sie in allen strafrechtlichen Angelegenheiten. Ausserdem vertreten wir die Interessen und Rechte unserer Mandanten auch vor den Gerichten in Kosovo und vor dem Verfassungsgericht.<\/p>\n<p style=\"text-align: justify;\">Unser Team ist darauf spezialisiert, jeden Fall genau zu \u00fcberpr\u00fcfen und zu bewerten und ber\u00e4t unsere Kunden \u00fcber die n\u00e4chsten angemessenen Schritte. Dar\u00fcber hinaus bereitet unser Team alle Dokumente f\u00fcr unsere Mandanten vor, wie Strafanzeigen und verschiedene Klagen, vertretet sie vor Gericht, begleitet sie in Vernehmungen bei der Polizei oder der Staatsanwaltschaft und bei anderen \u00e4hnlichen Angelegenheiten.<\/p>\n<p>[\/col]<br \/>\n[col span=&#8221;6&#8243; span__sm=&#8221;12&#8243; padding=&#8221;54px 0px 0px 0px&#8221;]<\/p>\n<p>[featured_box img=&#8221;1342&#8243; img_width=&#8221;201&#8243; pos=&#8221;center&#8221; icon_color=&#8221;rgb(167, 136, 94)&#8221; visibility=&#8221;hide-for-small&#8221;]<\/p>\n<p>[\/featured_box]<\/p>\n<p>[\/col]<\/p>\n<p>[\/row]<\/p>\n<p>[\/section]<\/p>\n","protected":false},"excerpt":{"rendered":"<p>[page_header style=&#8221;normal&#8221; text_color=&#8221;dark&#8221;] [section] [row] [col span=&#8221;6&#8243; span__sm=&#8221;12&#8243;] Wir bieten Rechtsberatung f\u00fcr unsere Mandanten und vertreten sie in allen strafrechtlichen Angelegenheiten. Ausserdem vertreten wir die Interessen und Rechte unserer Mandanten&hellip;<\/p>\n","protected":false},"author":1,"featured_media":0,"parent":2260,"menu_order":0,"comment_status":"closed","ping_status":"closed","template":"page-blank.php","meta":{"_lmt_disableupdate":"","_lmt_disable":"","footnotes":""},"class_list":["post-2356","page","type-page","status-publish","hentry"],"yoast_head":"<!-- This site is optimized with the Yoast SEO plugin v27.4 - https:\/\/yoast.com\/product\/yoast-seo-wordpress\/ -->\n<title>Strafrecht - Hodaj &amp; Partners L.L.C.<\/title>\n<meta name=\"robots\" content=\"index, follow, max-snippet:-1, max-image-preview:large, max-video-preview:-1\" \/>\n<link rel=\"canonical\" href=\"https:\/\/hodajlaw.com\/sq\/areas-of-practice-old-3\/criminal-law\/\" \/>\n<meta property=\"og:locale\" content=\"sq_AL\" \/>\n<meta property=\"og:type\" content=\"article\" \/>\n<meta property=\"og:title\" content=\"Strafrecht - Hodaj &amp; Partners L.L.C.\" \/>\n<meta property=\"og:description\" content=\"[page_header style=&#8221;normal&#8221; text_color=&#8221;dark&#8221;] [section] [row] [col span=&#8221;6&#8243; span__sm=&#8221;12&#8243;] Wir bieten Rechtsberatung f\u00fcr unsere Mandanten und vertreten sie in allen strafrechtlichen Angelegenheiten. Ausserdem vertreten wir die Interessen und Rechte unserer Mandanten&hellip;\" \/>\n<meta property=\"og:url\" content=\"https:\/\/hodajlaw.com\/sq\/areas-of-practice-old-3\/criminal-law\/\" \/>\n<meta property=\"og:site_name\" content=\"Hodaj &amp; Partners L.L.C.\" \/>\n<meta property=\"article:modified_time\" content=\"2021-05-06T11:46:02+00:00\" \/>\n<meta name=\"twitter:card\" content=\"summary_large_image\" \/>\n<meta name=\"twitter:label1\" content=\"Est. reading time\" \/>\n\t<meta name=\"twitter:data1\" content=\"1 minut\u00eb\" \/>\n<script type=\"application\/ld+json\" class=\"yoast-schema-graph\">{\"@context\":\"https:\\\/\\\/schema.org\",\"@graph\":[{\"@type\":\"WebPage\",\"@id\":\"https:\\\/\\\/hodajlaw.com\\\/areas-of-practice-old-3\\\/criminal-law\\\/\",\"url\":\"https:\\\/\\\/hodajlaw.com\\\/areas-of-practice-old-3\\\/criminal-law\\\/\",\"name\":\"Strafrecht - Hodaj &amp; Partners L.L.C.\",\"isPartOf\":{\"@id\":\"https:\\\/\\\/hodajlaw.com\\\/#website\"},\"datePublished\":\"2019-02-22T08:54:00+00:00\",\"dateModified\":\"2021-05-06T11:46:02+00:00\",\"breadcrumb\":{\"@id\":\"https:\\\/\\\/hodajlaw.com\\\/areas-of-practice-old-3\\\/criminal-law\\\/#breadcrumb\"},\"inLanguage\":\"sq\",\"potentialAction\":[{\"@type\":\"ReadAction\",\"target\":[\"https:\\\/\\\/hodajlaw.com\\\/areas-of-practice-old-3\\\/criminal-law\\\/\"]}]},{\"@type\":\"BreadcrumbList\",\"@id\":\"https:\\\/\\\/hodajlaw.com\\\/areas-of-practice-old-3\\\/criminal-law\\\/#breadcrumb\",\"itemListElement\":[{\"@type\":\"ListItem\",\"position\":1,\"name\":\"Home\",\"item\":\"https:\\\/\\\/hodajlaw.com\\\/\"},{\"@type\":\"ListItem\",\"position\":2,\"name\":\"Rechtsgebiete\",\"item\":\"https:\\\/\\\/hodajlaw.com\\\/areas-of-practice-old-3\\\/\"},{\"@type\":\"ListItem\",\"position\":3,\"name\":\"Strafrecht\"}]},{\"@type\":\"WebSite\",\"@id\":\"https:\\\/\\\/hodajlaw.com\\\/#website\",\"url\":\"https:\\\/\\\/hodajlaw.com\\\/\",\"name\":\"Hodaj &amp; Partners L.L.C.\",\"description\":\"Hodaj &amp; Partners\",\"potentialAction\":[{\"@type\":\"SearchAction\",\"target\":{\"@type\":\"EntryPoint\",\"urlTemplate\":\"https:\\\/\\\/hodajlaw.com\\\/?s={search_term_string}\"},\"query-input\":{\"@type\":\"PropertyValueSpecification\",\"valueRequired\":true,\"valueName\":\"search_term_string\"}}],\"inLanguage\":\"sq\"}]}<\/script>\n<!-- \/ Yoast SEO plugin. -->","yoast_head_json":{"title":"Strafrecht - Hodaj &amp; Partners L.L.C.","robots":{"index":"index","follow":"follow","max-snippet":"max-snippet:-1","max-image-preview":"max-image-preview:large","max-video-preview":"max-video-preview:-1"},"canonical":"https:\/\/hodajlaw.com\/sq\/areas-of-practice-old-3\/criminal-law\/","og_locale":"sq_AL","og_type":"article","og_title":"Strafrecht - Hodaj &amp; Partners L.L.C.","og_description":"[page_header style=&#8221;normal&#8221; text_color=&#8221;dark&#8221;] [section] [row] [col span=&#8221;6&#8243; span__sm=&#8221;12&#8243;] Wir bieten Rechtsberatung f\u00fcr unsere Mandanten und vertreten sie in allen strafrechtlichen Angelegenheiten. Ausserdem vertreten wir die Interessen und Rechte unserer Mandanten&hellip;","og_url":"https:\/\/hodajlaw.com\/sq\/areas-of-practice-old-3\/criminal-law\/","og_site_name":"Hodaj &amp; Partners L.L.C.","article_modified_time":"2021-05-06T11:46:02+00:00","twitter_card":"summary_large_image","twitter_misc":{"Est. reading time":"1 minut\u00eb"},"schema":{"@context":"https:\/\/schema.org","@graph":[{"@type":"WebPage","@id":"https:\/\/hodajlaw.com\/areas-of-practice-old-3\/criminal-law\/","url":"https:\/\/hodajlaw.com\/areas-of-practice-old-3\/criminal-law\/","name":"Strafrecht - Hodaj &amp; Partners L.L.C.","isPartOf":{"@id":"https:\/\/hodajlaw.com\/#website"},"datePublished":"2019-02-22T08:54:00+00:00","dateModified":"2021-05-06T11:46:02+00:00","breadcrumb":{"@id":"https:\/\/hodajlaw.com\/areas-of-practice-old-3\/criminal-law\/#breadcrumb"},"inLanguage":"sq","potentialAction":[{"@type":"ReadAction","target":["https:\/\/hodajlaw.com\/areas-of-practice-old-3\/criminal-law\/"]}]},{"@type":"BreadcrumbList","@id":"https:\/\/hodajlaw.com\/areas-of-practice-old-3\/criminal-law\/#breadcrumb","itemListElement":[{"@type":"ListItem","position":1,"name":"Home","item":"https:\/\/hodajlaw.com\/"},{"@type":"ListItem","position":2,"name":"Rechtsgebiete","item":"https:\/\/hodajlaw.com\/areas-of-practice-old-3\/"},{"@type":"ListItem","position":3,"name":"Strafrecht"}]},{"@type":"WebSite","@id":"https:\/\/hodajlaw.com\/#website","url":"https:\/\/hodajlaw.com\/","name":"Hodaj &amp; Partners L.L.C.","description":"Hodaj &amp; Partners","potentialAction":[{"@type":"SearchAction","target":{"@type":"EntryPoint","urlTemplate":"https:\/\/hodajlaw.com\/?s={search_term_string}"},"query-input":{"@type":"PropertyValueSpecification","valueRequired":true,"valueName":"search_term_string"}}],"inLanguage":"sq"}]}},"_links":{"self":[{"href":"https:\/\/hodajlaw.com\/sq\/wp-json\/wp\/v2\/pages\/2356","targetHints":{"allow":["GET"]}}],"collection":[{"href":"https:\/\/hodajlaw.com\/sq\/wp-json\/wp\/v2\/pages"}],"about":[{"href":"https:\/\/hodajlaw.com\/sq\/wp-json\/wp\/v2\/types\/page"}],"author":[{"embeddable":true,"href":"https:\/\/hodajlaw.com\/sq\/wp-json\/wp\/v2\/users\/1"}],"replies":[{"embeddable":true,"href":"https:\/\/hodajlaw.com\/sq\/wp-json\/wp\/v2\/comments?post=2356"}],"version-history":[{"count":3,"href":"https:\/\/hodajlaw.com\/sq\/wp-json\/wp\/v2\/pages\/2356\/revisions"}],"predecessor-version":[{"id":3556,"href":"https:\/\/hodajlaw.com\/sq\/wp-json\/wp\/v2\/pages\/2356\/revisions\/3556"}],"up":[{"embeddable":true,"href":"https:\/\/hodajlaw.com\/sq\/wp-json\/wp\/v2\/pages\/2260"}],"wp:attachment":[{"href":"https:\/\/hodajlaw.com\/sq\/wp-json\/wp\/v2\/media?parent=2356"}],"curies":[{"name":"wp","href":"https:\/\/api.w.org\/{rel}","templated":true}]}}