{"id":2447,"date":"2021-01-31T16:18:03","date_gmt":"2021-01-31T16:18:03","guid":{"rendered":"http:\/\/hodajlaw.com\/?page_id=2447"},"modified":"2024-05-14T19:19:35","modified_gmt":"2024-05-14T19:19:35","slug":"aida-hadri","status":"publish","type":"page","link":"https:\/\/hodajlaw.com\/sq\/about-us\/team\/aida-hadri\/","title":{"rendered":"Aida Hadri"},"content":{"rendered":"<div data-elementor-type=\"wp-page\" data-elementor-id=\"2447\" class=\"elementor elementor-2447\">\n\t\t\t\t\t\t<section class=\"penci-section penci-dmcheck penci-elbg-activate penci-disSticky penci-structure-10 elementor-section elementor-top-section elementor-element elementor-element-224df9a elementor-section-boxed elementor-section-height-default elementor-section-height-default\" data-id=\"224df9a\" data-element_type=\"section\" data-e-type=\"section\" data-settings=\"{&quot;background_background&quot;:&quot;classic&quot;}\">\n\t\t\t\t\t\t<div class=\"elementor-container elementor-column-gap-default\">\n\t\t\t\t\t<div class=\"penci-ercol-100 penci-ercol-order-1 penci-sticky-ct    elementor-column elementor-col-100 elementor-top-column elementor-element elementor-element-2b406e9\" data-id=\"2b406e9\" data-element_type=\"column\" data-e-type=\"column\">\n\t\t\t<div class=\"elementor-widget-wrap elementor-element-populated\">\n\t\t\t\t\t\t<div class=\"elementor-element elementor-element-586d3ea elementor-widget elementor-widget-penci-fancy_heading\" data-id=\"586d3ea\" data-element_type=\"widget\" data-e-type=\"widget\" data-widget_type=\"penci-fancy_heading.default\">\n\t\t\t\t<div class=\"elementor-widget-container\">\n\t\t\t\t\t\t\t<div class=\"penci-fancy-heading penci-heading-text-left\">\n\t\t\t<div class=\"penci-fancy-heading-inner\">\n\t\t\t\t<h2 class=\"penci-heading-title\"><span class=\"inner-tit\">AIDA HADRI\n<\/span><\/h2><div class=\"penci-heading-content entry-content\"><p>Bashk\u00ebpun\u00ebtor<\/p>\n<\/div>\t\t\t<\/div>\n\t\t<\/div>\n\t\t\t\t\t\t<\/div>\n\t\t\t\t<\/div>\n\t\t\t\t\t<\/div>\n\t\t<\/div>\n\t\t\t\t\t<\/div>\n\t\t<\/section>\n\t\t<div class=\"elementor-element elementor-element-6f27b47 e-flex e-con-boxed e-con e-parent\" data-id=\"6f27b47\" data-element_type=\"container\" data-e-type=\"container\">\n\t\t\t\t\t<div class=\"e-con-inner\">\n\t\t<div class=\"elementor-element elementor-element-27b6565 e-con-full e-flex e-con e-child\" data-id=\"27b6565\" data-element_type=\"container\" data-e-type=\"container\">\n\t\t\t\t<div class=\"elementor-element elementor-element-20ef96d elementor-widget elementor-widget-image\" data-id=\"20ef96d\" data-element_type=\"widget\" data-e-type=\"widget\" data-widget_type=\"image.default\">\n\t\t\t\t<div class=\"elementor-widget-container\">\n\t\t\t\t\t\t\t\t\t\t\t\t\t\t\t<img fetchpriority=\"high\" decoding=\"async\" width=\"1024\" height=\"1536\" src=\"https:\/\/hodajlaw.com\/wp-content\/uploads\/2024\/05\/4-min-1024x1536.jpg\" class=\"attachment-1536x1536 size-1536x1536 wp-image-6069\" alt=\"\" srcset=\"https:\/\/hodajlaw.com\/wp-content\/uploads\/2024\/05\/4-min-1024x1536.jpg 1024w, https:\/\/hodajlaw.com\/wp-content\/uploads\/2024\/05\/4-min-200x300.jpg 200w, https:\/\/hodajlaw.com\/wp-content\/uploads\/2024\/05\/4-min-683x1024.jpg 683w, https:\/\/hodajlaw.com\/wp-content\/uploads\/2024\/05\/4-min-768x1152.jpg 768w, https:\/\/hodajlaw.com\/wp-content\/uploads\/2024\/05\/4-min-1365x2048.jpg 1365w, https:\/\/hodajlaw.com\/wp-content\/uploads\/2024\/05\/4-min-8x12.jpg 8w, https:\/\/hodajlaw.com\/wp-content\/uploads\/2024\/05\/4-min-1920x2880.jpg 1920w, https:\/\/hodajlaw.com\/wp-content\/uploads\/2024\/05\/4-min-1170x1755.jpg 1170w, https:\/\/hodajlaw.com\/wp-content\/uploads\/2024\/05\/4-min-585x878.jpg 585w, https:\/\/hodajlaw.com\/wp-content\/uploads\/2024\/05\/4-min-scaled.jpg 1707w\" sizes=\"(max-width: 1024px) 100vw, 1024px\" \/>\t\t\t\t\t\t\t\t\t\t\t\t\t\t\t<\/div>\n\t\t\t\t<\/div>\n\t\t\t\t<\/div>\n\t\t<div class=\"elementor-element elementor-element-b7b0196 e-con-full e-flex e-con e-child\" data-id=\"b7b0196\" data-element_type=\"container\" data-e-type=\"container\">\n\t\t\t\t<div class=\"elementor-element elementor-element-0351812 elementor-widget elementor-widget-penci-text-block\" data-id=\"0351812\" data-element_type=\"widget\" data-e-type=\"widget\" data-widget_type=\"penci-text-block.default\">\n\t\t\t\t<div class=\"elementor-widget-container\">\n\t\t\t\t\t\t\t<div class=\"penci-block-vc penci-text-editor\">\n\t\t\t\t\t\t<div class=\"penci-block_content\">\n\t\t\t\t<div class=\"elementor-text-editor elementor-clearfix\"><p><span style=\"font-size: x-large;\"><strong>Fushat e Ekspertiz\u00ebs &amp; P\u00ebrvoja Profesionale<\/strong><\/span><\/p><p>\u00a0<\/p><p>Zonja Aida Hadri \u00ebsht\u00eb me Hodaj &amp; Parterns si bashk\u00ebpun\u00ebtore ligjore q\u00eb nga janari 2021. Ajo fokusohet n\u00eb t\u00eb drejt\u00ebn penale, t\u00eb drejt\u00ebn e t\u00eb drejtave t\u00eb njeriut, t\u00eb drejt\u00ebn pron\u00ebsore dhe t\u00eb drejt\u00ebn kushtetuese.<\/p><p>\u00a0<\/p><p>Znj. Hadri m\u00eb her\u00ebt ka punuar si asistente m\u00ebsimore n\u00eb Kolegjin ESLG. Ajo ishte gjithashtu aktive me Organizat\u00ebn CLARD e cila mb\u00ebshtetet nga Departamenti Amerikan i Shtetit.<\/p><p>\u00a0<\/p><p><b>Gjuh\u00ebt<\/b><br \/>Flet rrjedhsh\u00ebm shqip dhe anglisht, ka njohuri shum\u00eb t\u00eb mira t\u00eb spanjishtes<\/p><p>\u00a0<\/p><p><b>Edukimi:<\/b><br \/>2020, Ohio Northern University, Ohio, U.S.A., Sundimi i Ligjit dhe Qeverisja Demokratike, (LL.M)<br \/>2021, Kolegji AAB Prishtin\u00eb, E Drejta Penale (LL.M)<br \/>2019, Nova Univerza, Nova Gorica, Slovenia (LL. B)<\/p><\/div>\n\t\t\t<\/div>\n\t\t<\/div>\n\t\t\t\t\t\t<\/div>\n\t\t\t\t<\/div>\n\t\t\t\t<\/div>\n\t\t\t\t\t<\/div>\n\t\t\t\t<\/div>\n\t\t\t\t<\/div>","protected":false},"excerpt":{"rendered":"<p>AIDA HADRI Associate Main Areas of Expertise &amp; Career Summary \u00a0 Ms. Aida Hadri has been with Hodaj &amp; Parterns as Legal Associate since January 2021. She focusses on Criminal&hellip;<\/p>","protected":false},"author":4,"featured_media":0,"parent":1111,"menu_order":0,"comment_status":"closed","ping_status":"closed","template":"elementor_header_footer","meta":{"_lmt_disableupdate":"","_lmt_disable":"","footnotes":""},"class_list":["post-2447","page","type-page","status-publish","hentry"],"yoast_head":"<!-- This site is optimized with the Yoast SEO plugin v26.8 - https:\/\/yoast.com\/product\/yoast-seo-wordpress\/ -->\n<title>Aida Hadri - Hodaj &amp; Partners L.L.C.<\/title>\n<meta name=\"robots\" content=\"index, follow, max-snippet:-1, max-image-preview:large, max-video-preview:-1\" \/>\n<link rel=\"canonical\" href=\"https:\/\/hodajlaw.com\/sq\/about-us\/team\/aida-hadri\/\" \/>\n<meta property=\"og:locale\" content=\"sq_AL\" \/>\n<meta property=\"og:type\" content=\"article\" \/>\n<meta property=\"og:title\" content=\"Aida Hadri - Hodaj &amp; Partners L.L.C.\" \/>\n<meta property=\"og:description\" content=\"AIDA HADRI Associate Main Areas of Expertise &amp; Career Summary \u00a0 Ms. Aida Hadri has been with Hodaj &amp; Parterns as Legal Associate since January 2021. She focusses on Criminal&hellip;\" \/>\n<meta property=\"og:url\" content=\"https:\/\/hodajlaw.com\/sq\/about-us\/team\/aida-hadri\/\" \/>\n<meta property=\"og:site_name\" content=\"Hodaj &amp; Partners L.L.C.\" \/>\n<meta property=\"article:modified_time\" content=\"2024-05-14T19:19:35+00:00\" \/>\n<meta property=\"og:image\" content=\"https:\/\/hodajlaw.com\/wp-content\/uploads\/2021\/01\/Aida-Hadri.jpg\" \/>\n\t<meta property=\"og:image:width\" content=\"1200\" \/>\n\t<meta property=\"og:image:height\" content=\"1798\" \/>\n\t<meta property=\"og:image:type\" content=\"image\/jpeg\" \/>\n<meta name=\"twitter:card\" content=\"summary_large_image\" \/>\n<meta name=\"twitter:image\" content=\"https:\/\/hodajlaw.com\/wp-content\/uploads\/2021\/01\/Aida-Hadri.jpg\" \/>\n<meta name=\"twitter:label1\" content=\"Est. reading time\" \/>\n\t<meta name=\"twitter:data1\" content=\"1 minut\u00eb\" \/>\n<script type=\"application\/ld+json\" class=\"yoast-schema-graph\">{\"@context\":\"https:\/\/schema.org\",\"@graph\":[{\"@type\":\"WebPage\",\"@id\":\"https:\/\/hodajlaw.com\/about-us\/team\/aida-hadri\/\",\"url\":\"https:\/\/hodajlaw.com\/about-us\/team\/aida-hadri\/\",\"name\":\"Aida Hadri - Hodaj &amp; Partners L.L.C.\",\"isPartOf\":{\"@id\":\"https:\/\/hodajlaw.com\/#website\"},\"primaryImageOfPage\":{\"@id\":\"https:\/\/hodajlaw.com\/about-us\/team\/aida-hadri\/#primaryimage\"},\"image\":{\"@id\":\"https:\/\/hodajlaw.com\/about-us\/team\/aida-hadri\/#primaryimage\"},\"thumbnailUrl\":\"https:\/\/hodajlaw.com\/wp-content\/uploads\/2024\/05\/4-min-1024x1536.jpg\",\"datePublished\":\"2021-01-31T16:18:03+00:00\",\"dateModified\":\"2024-05-14T19:19:35+00:00\",\"breadcrumb\":{\"@id\":\"https:\/\/hodajlaw.com\/about-us\/team\/aida-hadri\/#breadcrumb\"},\"inLanguage\":\"sq\",\"potentialAction\":[{\"@type\":\"ReadAction\",\"target\":[\"https:\/\/hodajlaw.com\/about-us\/team\/aida-hadri\/\"]}]},{\"@type\":\"ImageObject\",\"inLanguage\":\"sq\",\"@id\":\"https:\/\/hodajlaw.com\/about-us\/team\/aida-hadri\/#primaryimage\",\"url\":\"https:\/\/hodajlaw.com\/wp-content\/uploads\/2024\/05\/4-min-1024x1536.jpg\",\"contentUrl\":\"https:\/\/hodajlaw.com\/wp-content\/uploads\/2024\/05\/4-min-1024x1536.jpg\"},{\"@type\":\"BreadcrumbList\",\"@id\":\"https:\/\/hodajlaw.com\/about-us\/team\/aida-hadri\/#breadcrumb\",\"itemListElement\":[{\"@type\":\"ListItem\",\"position\":1,\"name\":\"Home\",\"item\":\"https:\/\/hodajlaw.com\/\"},{\"@type\":\"ListItem\",\"position\":2,\"name\":\"About\",\"item\":\"https:\/\/hodajlaw.com\/about-us\/\"},{\"@type\":\"ListItem\",\"position\":3,\"name\":\"Team\",\"item\":\"https:\/\/hodajlaw.com\/about-us\/team\/\"},{\"@type\":\"ListItem\",\"position\":4,\"name\":\"Aida Hadri\"}]},{\"@type\":\"WebSite\",\"@id\":\"https:\/\/hodajlaw.com\/#website\",\"url\":\"https:\/\/hodajlaw.com\/\",\"name\":\"Hodaj &amp; Partners L.L.C.\",\"description\":\"Hodaj &amp; Partners\",\"potentialAction\":[{\"@type\":\"SearchAction\",\"target\":{\"@type\":\"EntryPoint\",\"urlTemplate\":\"https:\/\/hodajlaw.com\/?s={search_term_string}\"},\"query-input\":{\"@type\":\"PropertyValueSpecification\",\"valueRequired\":true,\"valueName\":\"search_term_string\"}}],\"inLanguage\":\"sq\"}]}<\/script>\n<!-- \/ Yoast SEO plugin. -->","yoast_head_json":{"title":"Aida Hadri - Hodaj &amp; Partners L.L.C.","robots":{"index":"index","follow":"follow","max-snippet":"max-snippet:-1","max-image-preview":"max-image-preview:large","max-video-preview":"max-video-preview:-1"},"canonical":"https:\/\/hodajlaw.com\/sq\/about-us\/team\/aida-hadri\/","og_locale":"sq_AL","og_type":"article","og_title":"Aida Hadri - Hodaj &amp; Partners L.L.C.","og_description":"AIDA HADRI Associate Main Areas of Expertise &amp; Career Summary \u00a0 Ms. Aida Hadri has been with Hodaj &amp; Parterns as Legal Associate since January 2021. She focusses on Criminal&hellip;","og_url":"https:\/\/hodajlaw.com\/sq\/about-us\/team\/aida-hadri\/","og_site_name":"Hodaj &amp; Partners L.L.C.","article_modified_time":"2024-05-14T19:19:35+00:00","og_image":[{"width":1200,"height":1798,"url":"https:\/\/hodajlaw.com\/wp-content\/uploads\/2021\/01\/Aida-Hadri.jpg","type":"image\/jpeg"}],"twitter_card":"summary_large_image","twitter_image":"https:\/\/hodajlaw.com\/wp-content\/uploads\/2021\/01\/Aida-Hadri.jpg","twitter_misc":{"Est. reading time":"1 minut\u00eb"},"schema":{"@context":"https:\/\/schema.org","@graph":[{"@type":"WebPage","@id":"https:\/\/hodajlaw.com\/about-us\/team\/aida-hadri\/","url":"https:\/\/hodajlaw.com\/about-us\/team\/aida-hadri\/","name":"Aida Hadri - Hodaj &amp; Partners L.L.C.","isPartOf":{"@id":"https:\/\/hodajlaw.com\/#website"},"primaryImageOfPage":{"@id":"https:\/\/hodajlaw.com\/about-us\/team\/aida-hadri\/#primaryimage"},"image":{"@id":"https:\/\/hodajlaw.com\/about-us\/team\/aida-hadri\/#primaryimage"},"thumbnailUrl":"https:\/\/hodajlaw.com\/wp-content\/uploads\/2024\/05\/4-min-1024x1536.jpg","datePublished":"2021-01-31T16:18:03+00:00","dateModified":"2024-05-14T19:19:35+00:00","breadcrumb":{"@id":"https:\/\/hodajlaw.com\/about-us\/team\/aida-hadri\/#breadcrumb"},"inLanguage":"sq","potentialAction":[{"@type":"ReadAction","target":["https:\/\/hodajlaw.com\/about-us\/team\/aida-hadri\/"]}]},{"@type":"ImageObject","inLanguage":"sq","@id":"https:\/\/hodajlaw.com\/about-us\/team\/aida-hadri\/#primaryimage","url":"https:\/\/hodajlaw.com\/wp-content\/uploads\/2024\/05\/4-min-1024x1536.jpg","contentUrl":"https:\/\/hodajlaw.com\/wp-content\/uploads\/2024\/05\/4-min-1024x1536.jpg"},{"@type":"BreadcrumbList","@id":"https:\/\/hodajlaw.com\/about-us\/team\/aida-hadri\/#breadcrumb","itemListElement":[{"@type":"ListItem","position":1,"name":"Home","item":"https:\/\/hodajlaw.com\/"},{"@type":"ListItem","position":2,"name":"About","item":"https:\/\/hodajlaw.com\/about-us\/"},{"@type":"ListItem","position":3,"name":"Team","item":"https:\/\/hodajlaw.com\/about-us\/team\/"},{"@type":"ListItem","position":4,"name":"Aida Hadri"}]},{"@type":"WebSite","@id":"https:\/\/hodajlaw.com\/#website","url":"https:\/\/hodajlaw.com\/","name":"Hodaj &amp; Partners L.L.C.","description":"Hodaj &amp; Partners","potentialAction":[{"@type":"SearchAction","target":{"@type":"EntryPoint","urlTemplate":"https:\/\/hodajlaw.com\/?s={search_term_string}"},"query-input":{"@type":"PropertyValueSpecification","valueRequired":true,"valueName":"search_term_string"}}],"inLanguage":"sq"}]}},"_links":{"self":[{"href":"https:\/\/hodajlaw.com\/sq\/wp-json\/wp\/v2\/pages\/2447","targetHints":{"allow":["GET"]}}],"collection":[{"href":"https:\/\/hodajlaw.com\/sq\/wp-json\/wp\/v2\/pages"}],"about":[{"href":"https:\/\/hodajlaw.com\/sq\/wp-json\/wp\/v2\/types\/page"}],"author":[{"embeddable":true,"href":"https:\/\/hodajlaw.com\/sq\/wp-json\/wp\/v2\/users\/4"}],"replies":[{"embeddable":true,"href":"https:\/\/hodajlaw.com\/sq\/wp-json\/wp\/v2\/comments?post=2447"}],"version-history":[{"count":16,"href":"https:\/\/hodajlaw.com\/sq\/wp-json\/wp\/v2\/pages\/2447\/revisions"}],"predecessor-version":[{"id":6072,"href":"https:\/\/hodajlaw.com\/sq\/wp-json\/wp\/v2\/pages\/2447\/revisions\/6072"}],"up":[{"embeddable":true,"href":"https:\/\/hodajlaw.com\/sq\/wp-json\/wp\/v2\/pages\/1111"}],"wp:attachment":[{"href":"https:\/\/hodajlaw.com\/sq\/wp-json\/wp\/v2\/media?parent=2447"}],"curies":[{"name":"wp","href":"https:\/\/api.w.org\/{rel}","templated":true}]}}