{"id":2460,"date":"2021-01-31T16:23:23","date_gmt":"2021-01-31T16:23:23","guid":{"rendered":"http:\/\/hodajlaw.com\/?page_id=2460"},"modified":"2024-05-14T19:05:37","modified_gmt":"2024-05-14T19:05:37","slug":"arlinda-rexhepi","status":"publish","type":"page","link":"https:\/\/hodajlaw.com\/sq\/about-us\/team\/arlinda-rexhepi\/","title":{"rendered":"Arlinda Rexhepi"},"content":{"rendered":"<div data-elementor-type=\"wp-page\" data-elementor-id=\"2460\" class=\"elementor elementor-2460\">\n\t\t\t\t\t\t<section class=\"penci-section penci-dmcheck penci-elbg-activate penci-disSticky penci-structure-10 elementor-section elementor-top-section elementor-element elementor-element-be05130 elementor-section-boxed elementor-section-height-default elementor-section-height-default\" data-id=\"be05130\" data-element_type=\"section\" data-e-type=\"section\" data-settings=\"{&quot;background_background&quot;:&quot;classic&quot;}\">\n\t\t\t\t\t\t<div class=\"elementor-container elementor-column-gap-default\">\n\t\t\t\t\t<div class=\"penci-ercol-100 penci-ercol-order-1 penci-sticky-ct    elementor-column elementor-col-100 elementor-top-column elementor-element elementor-element-589dd37\" data-id=\"589dd37\" data-element_type=\"column\" data-e-type=\"column\">\n\t\t\t<div class=\"elementor-widget-wrap elementor-element-populated\">\n\t\t\t\t\t\t<div class=\"elementor-element elementor-element-ce3f745 elementor-widget elementor-widget-penci-fancy_heading\" data-id=\"ce3f745\" data-element_type=\"widget\" data-e-type=\"widget\" data-widget_type=\"penci-fancy_heading.default\">\n\t\t\t\t<div class=\"elementor-widget-container\">\n\t\t\t\t\t\t\t<div class=\"penci-fancy-heading penci-heading-text-left\">\n\t\t\t<div class=\"penci-fancy-heading-inner\">\n\t\t\t\t<h2 class=\"penci-heading-title\"><span class=\"inner-tit\">ARLINDA REXHEPI\n<\/span><\/h2><div class=\"penci-heading-content entry-content\"><p>Bashk\u00ebpun\u00ebtor i lart\u00eb<\/p>\n<\/div>\t\t\t<\/div>\n\t\t<\/div>\n\t\t\t\t\t\t<\/div>\n\t\t\t\t<\/div>\n\t\t\t\t\t<\/div>\n\t\t<\/div>\n\t\t\t\t\t<\/div>\n\t\t<\/section>\n\t\t<div class=\"elementor-element elementor-element-0c64427 e-flex e-con-boxed e-con e-parent\" data-id=\"0c64427\" data-element_type=\"container\" data-e-type=\"container\">\n\t\t\t\t\t<div class=\"e-con-inner\">\n\t\t<div class=\"elementor-element elementor-element-49e7f54 e-con-full e-flex e-con e-child\" data-id=\"49e7f54\" data-element_type=\"container\" data-e-type=\"container\">\n\t\t\t\t<div class=\"elementor-element elementor-element-59877c3 elementor-widget elementor-widget-image\" data-id=\"59877c3\" data-element_type=\"widget\" data-e-type=\"widget\" data-widget_type=\"image.default\">\n\t\t\t\t<div class=\"elementor-widget-container\">\n\t\t\t\t\t\t\t\t\t\t\t\t\t\t\t<img fetchpriority=\"high\" decoding=\"async\" width=\"1024\" height=\"1536\" src=\"https:\/\/hodajlaw.com\/wp-content\/uploads\/2024\/03\/DSC03889-min-1024x1536.jpg\" class=\"attachment-1536x1536 size-1536x1536 wp-image-5730\" alt=\"\" srcset=\"https:\/\/hodajlaw.com\/wp-content\/uploads\/2024\/03\/DSC03889-min-1024x1536.jpg 1024w, https:\/\/hodajlaw.com\/wp-content\/uploads\/2024\/03\/DSC03889-min-200x300.jpg 200w, https:\/\/hodajlaw.com\/wp-content\/uploads\/2024\/03\/DSC03889-min-683x1024.jpg 683w, https:\/\/hodajlaw.com\/wp-content\/uploads\/2024\/03\/DSC03889-min-768x1152.jpg 768w, https:\/\/hodajlaw.com\/wp-content\/uploads\/2024\/03\/DSC03889-min-1365x2048.jpg 1365w, https:\/\/hodajlaw.com\/wp-content\/uploads\/2024\/03\/DSC03889-min-8x12.jpg 8w, https:\/\/hodajlaw.com\/wp-content\/uploads\/2024\/03\/DSC03889-min-1920x2880.jpg 1920w, https:\/\/hodajlaw.com\/wp-content\/uploads\/2024\/03\/DSC03889-min-1170x1755.jpg 1170w, https:\/\/hodajlaw.com\/wp-content\/uploads\/2024\/03\/DSC03889-min-585x877.jpg 585w, https:\/\/hodajlaw.com\/wp-content\/uploads\/2024\/03\/DSC03889-min-scaled.jpg 1707w\" sizes=\"(max-width: 1024px) 100vw, 1024px\" \/>\t\t\t\t\t\t\t\t\t\t\t\t\t\t\t<\/div>\n\t\t\t\t<\/div>\n\t\t\t\t<\/div>\n\t\t<div class=\"elementor-element elementor-element-2bbb047 e-con-full e-flex e-con e-child\" data-id=\"2bbb047\" data-element_type=\"container\" data-e-type=\"container\">\n\t\t\t\t<div class=\"elementor-element elementor-element-8ab81bf elementor-widget elementor-widget-penci-text-block\" data-id=\"8ab81bf\" data-element_type=\"widget\" data-e-type=\"widget\" data-widget_type=\"penci-text-block.default\">\n\t\t\t\t<div class=\"elementor-widget-container\">\n\t\t\t\t\t\t\t<div class=\"penci-block-vc penci-text-editor\">\n\t\t\t\t\t\t<div class=\"penci-block_content\">\n\t\t\t\t<div class=\"elementor-text-editor elementor-clearfix\"><p><span style=\"font-size: x-large;\"><strong>Fushat e Ekspertiz\u00ebs &amp; P\u00ebrvoja Profesionale<\/strong><\/span><\/p><p>\u00a0<\/p><p>Znj. Arlinda Rexhepi punon si Bashk\u00ebpun\u00ebtore Juridike n\u00eb Hodaj &amp; Partners q\u00eb nga muaji tetor i vitit 2020.<\/p><p>\u00a0<\/p><p><strong>Gjuh\u00ebt<\/strong><br \/>Shqip, Anglisht<\/p><p>\u00a0<\/p><p><strong>Edukimi<\/strong><br \/>2019, Universiteti i Prishtin\u00ebs, E Drejta Penale (LL.M)<br \/>2019, Universiteti i Prishtin\u00ebs (LL.B)<\/p><\/div>\n\t\t\t<\/div>\n\t\t<\/div>\n\t\t\t\t\t\t<\/div>\n\t\t\t\t<\/div>\n\t\t\t\t<\/div>\n\t\t\t\t\t<\/div>\n\t\t\t\t<\/div>\n\t\t\t\t<\/div>","protected":false},"excerpt":{"rendered":"<p>ARLINDA REXHEPI Senior Associate Main Areas of Expertise &amp; Career Summary \u00a0 Ms Arlinda Rexhepi is an Associate at Hodaj &amp; Partners since October 2020. \u00a0 LanguagesAlbanian and English \u00a0&hellip;<\/p>","protected":false},"author":4,"featured_media":0,"parent":1111,"menu_order":0,"comment_status":"closed","ping_status":"closed","template":"elementor_header_footer","meta":{"_lmt_disableupdate":"","_lmt_disable":"","footnotes":""},"class_list":["post-2460","page","type-page","status-publish","hentry"],"yoast_head":"<!-- This site is optimized with the Yoast SEO plugin v27.4 - https:\/\/yoast.com\/product\/yoast-seo-wordpress\/ -->\n<title>Arlinda Rexhepi - Hodaj &amp; Partners L.L.C.<\/title>\n<meta name=\"robots\" content=\"index, follow, max-snippet:-1, max-image-preview:large, max-video-preview:-1\" \/>\n<link rel=\"canonical\" href=\"https:\/\/hodajlaw.com\/sq\/about-us\/team\/arlinda-rexhepi\/\" \/>\n<meta property=\"og:locale\" content=\"sq_AL\" \/>\n<meta property=\"og:type\" content=\"article\" \/>\n<meta property=\"og:title\" content=\"Arlinda Rexhepi - Hodaj &amp; Partners L.L.C.\" \/>\n<meta property=\"og:description\" content=\"ARLINDA REXHEPI Senior Associate Main Areas of Expertise &amp; Career Summary \u00a0 Ms Arlinda Rexhepi is an Associate at Hodaj &amp; Partners since October 2020. \u00a0 LanguagesAlbanian and English \u00a0&hellip;\" \/>\n<meta property=\"og:url\" content=\"https:\/\/hodajlaw.com\/sq\/about-us\/team\/arlinda-rexhepi\/\" \/>\n<meta property=\"og:site_name\" content=\"Hodaj &amp; Partners L.L.C.\" \/>\n<meta property=\"article:modified_time\" content=\"2024-05-14T19:05:37+00:00\" \/>\n<meta property=\"og:image\" content=\"https:\/\/hodajlaw.com\/wp-content\/uploads\/2021\/01\/Arlinda-Rexhepi.jpg\" \/>\n\t<meta property=\"og:image:width\" content=\"1200\" \/>\n\t<meta property=\"og:image:height\" content=\"1798\" \/>\n\t<meta property=\"og:image:type\" content=\"image\/jpeg\" \/>\n<meta name=\"twitter:card\" content=\"summary_large_image\" \/>\n<meta name=\"twitter:image\" content=\"https:\/\/hodajlaw.com\/wp-content\/uploads\/2021\/01\/Arlinda-Rexhepi.jpg\" \/>\n<meta name=\"twitter:label1\" content=\"Est. reading time\" \/>\n\t<meta name=\"twitter:data1\" content=\"1 minut\u00eb\" \/>\n<script type=\"application\/ld+json\" class=\"yoast-schema-graph\">{\"@context\":\"https:\\\/\\\/schema.org\",\"@graph\":[{\"@type\":\"WebPage\",\"@id\":\"https:\\\/\\\/hodajlaw.com\\\/about-us\\\/team\\\/arlinda-rexhepi\\\/\",\"url\":\"https:\\\/\\\/hodajlaw.com\\\/about-us\\\/team\\\/arlinda-rexhepi\\\/\",\"name\":\"Arlinda Rexhepi - Hodaj &amp; Partners L.L.C.\",\"isPartOf\":{\"@id\":\"https:\\\/\\\/hodajlaw.com\\\/#website\"},\"primaryImageOfPage\":{\"@id\":\"https:\\\/\\\/hodajlaw.com\\\/about-us\\\/team\\\/arlinda-rexhepi\\\/#primaryimage\"},\"image\":{\"@id\":\"https:\\\/\\\/hodajlaw.com\\\/about-us\\\/team\\\/arlinda-rexhepi\\\/#primaryimage\"},\"thumbnailUrl\":\"https:\\\/\\\/hodajlaw.com\\\/wp-content\\\/uploads\\\/2024\\\/03\\\/DSC03889-min-1024x1536.jpg\",\"datePublished\":\"2021-01-31T16:23:23+00:00\",\"dateModified\":\"2024-05-14T19:05:37+00:00\",\"breadcrumb\":{\"@id\":\"https:\\\/\\\/hodajlaw.com\\\/about-us\\\/team\\\/arlinda-rexhepi\\\/#breadcrumb\"},\"inLanguage\":\"sq\",\"potentialAction\":[{\"@type\":\"ReadAction\",\"target\":[\"https:\\\/\\\/hodajlaw.com\\\/about-us\\\/team\\\/arlinda-rexhepi\\\/\"]}]},{\"@type\":\"ImageObject\",\"inLanguage\":\"sq\",\"@id\":\"https:\\\/\\\/hodajlaw.com\\\/about-us\\\/team\\\/arlinda-rexhepi\\\/#primaryimage\",\"url\":\"https:\\\/\\\/hodajlaw.com\\\/wp-content\\\/uploads\\\/2024\\\/03\\\/DSC03889-min-1024x1536.jpg\",\"contentUrl\":\"https:\\\/\\\/hodajlaw.com\\\/wp-content\\\/uploads\\\/2024\\\/03\\\/DSC03889-min-1024x1536.jpg\"},{\"@type\":\"BreadcrumbList\",\"@id\":\"https:\\\/\\\/hodajlaw.com\\\/about-us\\\/team\\\/arlinda-rexhepi\\\/#breadcrumb\",\"itemListElement\":[{\"@type\":\"ListItem\",\"position\":1,\"name\":\"Home\",\"item\":\"https:\\\/\\\/hodajlaw.com\\\/\"},{\"@type\":\"ListItem\",\"position\":2,\"name\":\"About\",\"item\":\"https:\\\/\\\/hodajlaw.com\\\/about-us\\\/\"},{\"@type\":\"ListItem\",\"position\":3,\"name\":\"Team\",\"item\":\"https:\\\/\\\/hodajlaw.com\\\/about-us\\\/team\\\/\"},{\"@type\":\"ListItem\",\"position\":4,\"name\":\"Arlinda Rexhepi\"}]},{\"@type\":\"WebSite\",\"@id\":\"https:\\\/\\\/hodajlaw.com\\\/#website\",\"url\":\"https:\\\/\\\/hodajlaw.com\\\/\",\"name\":\"Hodaj &amp; Partners L.L.C.\",\"description\":\"Hodaj &amp; Partners\",\"potentialAction\":[{\"@type\":\"SearchAction\",\"target\":{\"@type\":\"EntryPoint\",\"urlTemplate\":\"https:\\\/\\\/hodajlaw.com\\\/?s={search_term_string}\"},\"query-input\":{\"@type\":\"PropertyValueSpecification\",\"valueRequired\":true,\"valueName\":\"search_term_string\"}}],\"inLanguage\":\"sq\"}]}<\/script>\n<!-- \/ Yoast SEO plugin. -->","yoast_head_json":{"title":"Arlinda Rexhepi - Hodaj &amp; Partners L.L.C.","robots":{"index":"index","follow":"follow","max-snippet":"max-snippet:-1","max-image-preview":"max-image-preview:large","max-video-preview":"max-video-preview:-1"},"canonical":"https:\/\/hodajlaw.com\/sq\/about-us\/team\/arlinda-rexhepi\/","og_locale":"sq_AL","og_type":"article","og_title":"Arlinda Rexhepi - Hodaj &amp; Partners L.L.C.","og_description":"ARLINDA REXHEPI Senior Associate Main Areas of Expertise &amp; Career Summary \u00a0 Ms Arlinda Rexhepi is an Associate at Hodaj &amp; Partners since October 2020. \u00a0 LanguagesAlbanian and English \u00a0&hellip;","og_url":"https:\/\/hodajlaw.com\/sq\/about-us\/team\/arlinda-rexhepi\/","og_site_name":"Hodaj &amp; Partners L.L.C.","article_modified_time":"2024-05-14T19:05:37+00:00","og_image":[{"width":1200,"height":1798,"url":"https:\/\/hodajlaw.com\/wp-content\/uploads\/2021\/01\/Arlinda-Rexhepi.jpg","type":"image\/jpeg"}],"twitter_card":"summary_large_image","twitter_image":"https:\/\/hodajlaw.com\/wp-content\/uploads\/2021\/01\/Arlinda-Rexhepi.jpg","twitter_misc":{"Est. reading time":"1 minut\u00eb"},"schema":{"@context":"https:\/\/schema.org","@graph":[{"@type":"WebPage","@id":"https:\/\/hodajlaw.com\/about-us\/team\/arlinda-rexhepi\/","url":"https:\/\/hodajlaw.com\/about-us\/team\/arlinda-rexhepi\/","name":"Arlinda Rexhepi - Hodaj &amp; Partners L.L.C.","isPartOf":{"@id":"https:\/\/hodajlaw.com\/#website"},"primaryImageOfPage":{"@id":"https:\/\/hodajlaw.com\/about-us\/team\/arlinda-rexhepi\/#primaryimage"},"image":{"@id":"https:\/\/hodajlaw.com\/about-us\/team\/arlinda-rexhepi\/#primaryimage"},"thumbnailUrl":"https:\/\/hodajlaw.com\/wp-content\/uploads\/2024\/03\/DSC03889-min-1024x1536.jpg","datePublished":"2021-01-31T16:23:23+00:00","dateModified":"2024-05-14T19:05:37+00:00","breadcrumb":{"@id":"https:\/\/hodajlaw.com\/about-us\/team\/arlinda-rexhepi\/#breadcrumb"},"inLanguage":"sq","potentialAction":[{"@type":"ReadAction","target":["https:\/\/hodajlaw.com\/about-us\/team\/arlinda-rexhepi\/"]}]},{"@type":"ImageObject","inLanguage":"sq","@id":"https:\/\/hodajlaw.com\/about-us\/team\/arlinda-rexhepi\/#primaryimage","url":"https:\/\/hodajlaw.com\/wp-content\/uploads\/2024\/03\/DSC03889-min-1024x1536.jpg","contentUrl":"https:\/\/hodajlaw.com\/wp-content\/uploads\/2024\/03\/DSC03889-min-1024x1536.jpg"},{"@type":"BreadcrumbList","@id":"https:\/\/hodajlaw.com\/about-us\/team\/arlinda-rexhepi\/#breadcrumb","itemListElement":[{"@type":"ListItem","position":1,"name":"Home","item":"https:\/\/hodajlaw.com\/"},{"@type":"ListItem","position":2,"name":"About","item":"https:\/\/hodajlaw.com\/about-us\/"},{"@type":"ListItem","position":3,"name":"Team","item":"https:\/\/hodajlaw.com\/about-us\/team\/"},{"@type":"ListItem","position":4,"name":"Arlinda Rexhepi"}]},{"@type":"WebSite","@id":"https:\/\/hodajlaw.com\/#website","url":"https:\/\/hodajlaw.com\/","name":"Hodaj &amp; Partners L.L.C.","description":"Hodaj &amp; Partners","potentialAction":[{"@type":"SearchAction","target":{"@type":"EntryPoint","urlTemplate":"https:\/\/hodajlaw.com\/?s={search_term_string}"},"query-input":{"@type":"PropertyValueSpecification","valueRequired":true,"valueName":"search_term_string"}}],"inLanguage":"sq"}]}},"_links":{"self":[{"href":"https:\/\/hodajlaw.com\/sq\/wp-json\/wp\/v2\/pages\/2460","targetHints":{"allow":["GET"]}}],"collection":[{"href":"https:\/\/hodajlaw.com\/sq\/wp-json\/wp\/v2\/pages"}],"about":[{"href":"https:\/\/hodajlaw.com\/sq\/wp-json\/wp\/v2\/types\/page"}],"author":[{"embeddable":true,"href":"https:\/\/hodajlaw.com\/sq\/wp-json\/wp\/v2\/users\/4"}],"replies":[{"embeddable":true,"href":"https:\/\/hodajlaw.com\/sq\/wp-json\/wp\/v2\/comments?post=2460"}],"version-history":[{"count":14,"href":"https:\/\/hodajlaw.com\/sq\/wp-json\/wp\/v2\/pages\/2460\/revisions"}],"predecessor-version":[{"id":6059,"href":"https:\/\/hodajlaw.com\/sq\/wp-json\/wp\/v2\/pages\/2460\/revisions\/6059"}],"up":[{"embeddable":true,"href":"https:\/\/hodajlaw.com\/sq\/wp-json\/wp\/v2\/pages\/1111"}],"wp:attachment":[{"href":"https:\/\/hodajlaw.com\/sq\/wp-json\/wp\/v2\/media?parent=2460"}],"curies":[{"name":"wp","href":"https:\/\/api.w.org\/{rel}","templated":true}]}}